{"id":4796,"date":"2021-08-25T12:19:46","date_gmt":"2021-08-25T10:19:46","guid":{"rendered":"https:\/\/www.kaduk-bauelemente.de\/leistungen\/zaeune\/"},"modified":"2021-08-25T12:19:46","modified_gmt":"2021-08-25T10:19:46","slug":"zaeune","status":"publish","type":"page","link":"https:\/\/www.kaduk-bauelemente.de\/leistungen\/zaeune\/","title":{"rendered":"Z\u00e4une"},"content":{"rendered":"<p>Es freut uns sehr, dass Sie unsere Internetseite gefunden haben. Ein paar Worte \u00fcber unsere Firma: Die Firma Kaduk ist Ihr Spezialist f\u00fcr Sicherheit und Sonnenschutz im Norden. Ans\u00e4ssig sind wir in Adendorf bei L\u00fcneburg. Intensive Berufserfahrung macht unsere Arbeit zu einer redlichen Gr\u00f6\u00dfe. Als Fachfirma geh\u00f6ren Auswahl und Montage qualitativ hochwertiger Bauelemente Zu unseren Hauptaufgaben. Bei uns bekommen Sie unter anderem Fenster, Au\u00dfenjalousien, T\u00fcren, Terrassend\u00e4cher, Markisen, Rolltore, Rolll\u00e4den und Carports. Wir beraten Sie gerne ausf\u00fchrlich und immer individuell und \u00fcbernehmen s\u00e4mtliche Installationsarbeiten. Auf den n\u00e4chsten Seiten m\u00f6chten wir uns und unsere Arbeit detailliert vorstellen.<\/p>\n<h3>Wir informieren Sie \u00fcber Holz-, Doppelstabmatten- und Kunststoffz\u00e4une<\/h3>\n<p>Hochwertige Z\u00e4une und Sichtschutzw\u00e4nde geh\u00f6ren zu unseren beliebtesten Erzeugnissen. Sch\u00f6ne Z\u00e4une sind wenn man so will die Visitenkarte eines Wohn- oder Gesch\u00e4ftshauses. Ein attraktiver Zaun zeugt immer von Individualit\u00e4t, Stil und Qualit\u00e4tsbewusstsein. Attraktive Z\u00e4une aus Holz sind eine optisch ansprechende, dabei ausgezeichnete Kombination aus Natur und Funktionalit\u00e4t. Nat\u00fcrliches Material ist immer ein Zeichen f\u00fcr einen besonderen Geschmack. Kunststoffz\u00e4une wiederum begeistern durch Stabilit\u00e4t, Langlebigkeit, einfache Pflege, Farbechtheit und eine bestm\u00f6gliche UV-Best\u00e4ndigkeit. Doppelstabmattenz\u00e4une schlie\u00dflich sind eine perfekte Wahl f\u00fcr Abtrennungen, Begr\u00fcnungen sowie auch f\u00fcr Hundezwinger. Die notwendige Stabilit\u00e4t wird durch parallele Horizontaldr\u00e4hte gew\u00e4hrleistet. Mattenz\u00e4une sind feuerverzinkt und pulverbeschichtet. Aus zahllosen verschiedenartigen Materialien, Gr\u00f6\u00dfen, Farben und Formen k\u00f6nnen Sie bei uns ausw\u00e4hlen.<\/p>\n<h4>Ein passender Zaun macht jedes Haus attraktiver<\/h4>\n<p>Unser engagiertes Team sorgt daf\u00fcr, dass Sie passgenaue L\u00f6sungen erhalten, die genau Ihren W\u00fcnschen und Vorstellungen entsprechen. Wir versprechen Ihnen eine sachkundig ausgef\u00fchrte Arbeit nach dem heutigen Stand der Technik. <\/p>\n<p>Bitte w\u00e4hlen Sie:<\/p>\n<p>04131 \u2013 40 81 45<\/p>\n<p>Schenken Sie uns beim Thema Sicherheit und Sonnenschutz Ihr Vertrauen. Wir freuen uns darauf, Ihnen helfen zu d\u00fcrfen. F\u00fcr eine Terminvereibarung rufen Sie uns bitte unter der oben stehenden Telefonnummer an oder schicken Sie uns eine Mail. Wenn es um Bauelemte geht, sind wir Ihr erfahrener Partner.<\/p>\n","protected":false},"excerpt":{"rendered":"<p>Es freut uns sehr, dass Sie unsere Internetseite gefunden haben. Ein paar Worte \u00fcber unsere Firma: Die Firma Kaduk ist Ihr Spezialist f\u00fcr Sicherheit und Sonnenschutz im Norden. Ans\u00e4ssig sind wir in Adendorf bei L\u00fcneburg. Intensive Berufserfahrung macht unsere Arbeit zu einer redlichen Gr\u00f6\u00dfe. Als Fachfirma geh\u00f6ren Auswahl und Montage qualitativ hochwertiger Bauelemente Zu unseren [&hellip;]<\/p>\n","protected":false},"author":1,"featured_media":0,"parent":0,"menu_order":0,"comment_status":"closed","ping_status":"closed","template":"","meta":{"footnotes":""},"class_list":["post-4796","page","type-page","status-publish","hentry"],"meta_box":{"popseo_subtitel":"Kaduk Bauelelemente ist Ihr Spezialist f\u00fcr qualitativ erstklassige Z\u00e4une","popseo_subtitel2":"","popseo_lasttitel":"","popseo_region":"","popseo_sachwort":"Z\u00e4une","popseo_noupdate":"","popseo_einleitungstext":"","popseo_schlusstext":"","popseo_stadttext":"","popseo_zusatztext":"","popseo_links":"<a href=\"https:\/\/www.kaduk-bauelemente.de\/leistungen\/fliegengitter-salzhausen\/\">Fliegengitter Salzhausen<\/a>, <a href=\"https:\/\/www.kaduk-bauelemente.de\/leistungen\/fliegengitter-buechen\/\">Fliegengitter B\u00fcchen<\/a>, <a href=\"https:\/\/www.kaduk-bauelemente.de\/leistungen\/rollladen-tostedt-sittensen\/\">Rollladen Tostedt Sittensen<\/a>, <a href=\"https:\/\/www.kaduk-bauelemente.de\/leistungen\/aussenjalousien-boizenburg\/\">Au\u00dfenjalousien Boizenburg<\/a>, <a href=\"https:\/\/www.kaduk-bauelemente.de\/leistungen\/terrassenueberdachungen-aus-holz-bardowick\/\">Terrassen\u00fcberdachungen aus Holz Bardowick<\/a>, <a href=\"https:\/\/www.kaduk-bauelemente.de\/leistungen\/carports-geesthacht\/\">Carports Geesthacht<\/a>, <a href=\"https:\/\/www.kaduk-bauelemente.de\/leistungen\/markisen-bispingen\/\">Markisen Bispingen<\/a>, <a href=\"https:\/\/www.kaduk-bauelemente.de\/leistungen\/aussenjalousien-maschen\/\">Au\u00dfenjalousien Maschen<\/a>, <a href=\"https:\/\/www.kaduk-bauelemente.de\/leistungen\/aussenjalousien-herzogtum-lauenburg\/\">Au\u00dfenjalousien Herzogtum Lauenburg<\/a>, <a href=\"https:\/\/www.kaduk-bauelemente.de\/leistungen\/haustueren-schwarzenbek\/\">Haust\u00fcren Schwarzenbek<\/a>, <a href=\"https:\/\/www.kaduk-bauelemente.de\/leistungen\/holzfenster-amt-neuhaus\/\">Holzfenster Amt Neuhaus<\/a>, <a href=\"https:\/\/www.kaduk-bauelemente.de\/leistungen\/terrassendaecher-aus-holz-jesteburg\/\">Terrassend\u00e4cher aus Holz Jesteburg<\/a>, <a href=\"https:\/\/www.kaduk-bauelemente.de\/leistungen\/haustueren-geesthacht\/\">Haust\u00fcren Geesthacht<\/a>, <a href=\"https:\/\/www.kaduk-bauelemente.de\/leistungen\/garagentore-schwarzenbek\/\">Garagentore Schwarzenbek<\/a>, <a href=\"https:\/\/www.kaduk-bauelemente.de\/leistungen\/markisen-amt-neuhaus\/\">Markisen Amt Neuhaus<\/a>, <a href=\"https:\/\/www.kaduk-bauelemente.de\/leistungen\/holzfenster-buchholz\/\">Holzfenster Buchholz<\/a>, <a href=\"https:\/\/www.kaduk-bauelemente.de\/leistungen\/terrassendaecher-aus-aluminium-herzogtum-lauenburg\/\">Terrassend\u00e4cher aus Aluminium Herzogtum Lauenburg<\/a>, <a href=\"https:\/\/www.kaduk-bauelemente.de\/leistungen\/fliegengitter-reppenstedt\/\">Fliegengitter Reppenstedt<\/a>, <a href=\"https:\/\/www.kaduk-bauelemente.de\/leistungen\/garagen-reppenstedt\/\">Garagen Reppenstedt<\/a>, <a href=\"https:\/\/www.kaduk-bauelemente.de\/leistungen\/terrassenueberdachungen-aus-holz-buchholz\/\">Terrassen\u00fcberdachungen aus Holz Buchholz<\/a>, <a href=\"https:\/\/www.kaduk-bauelemente.de\/leistungen\/holzfenster-salzhausen\/\">Holzfenster Salzhausen<\/a>, <a href=\"https:\/\/www.kaduk-bauelemente.de\/leistungen\/fenster-schwarzenbek\/\">Fenster Schwarzenbek<\/a>, <a href=\"https:\/\/www.kaduk-bauelemente.de\/leistungen\/fliegengitter-harburg\/\">Fliegengitter Harburg<\/a>, <a href=\"https:\/\/www.kaduk-bauelemente.de\/leistungen\/kunststofffenster-lueneburg\/\">Kunststofffenster L\u00fcneburg<\/a>, <a href=\"https:\/\/www.kaduk-bauelemente.de\/leistungen\/holzfenster-schwarzenbek\/\">Holzfenster Schwarzenbek<\/a>, <a href=\"https:\/\/www.kaduk-bauelemente.de\/leistungen\/tueren-bienenbuettel\/\">T\u00fcren Bienenb\u00fcttel<\/a>"},"_links":{"self":[{"href":"https:\/\/www.kaduk-bauelemente.de\/leistungen\/wp-json\/wp\/v2\/pages\/4796","targetHints":{"allow":["GET"]}}],"collection":[{"href":"https:\/\/www.kaduk-bauelemente.de\/leistungen\/wp-json\/wp\/v2\/pages"}],"about":[{"href":"https:\/\/www.kaduk-bauelemente.de\/leistungen\/wp-json\/wp\/v2\/types\/page"}],"author":[{"embeddable":true,"href":"https:\/\/www.kaduk-bauelemente.de\/leistungen\/wp-json\/wp\/v2\/users\/1"}],"replies":[{"embeddable":true,"href":"https:\/\/www.kaduk-bauelemente.de\/leistungen\/wp-json\/wp\/v2\/comments?post=4796"}],"version-history":[{"count":0,"href":"https:\/\/www.kaduk-bauelemente.de\/leistungen\/wp-json\/wp\/v2\/pages\/4796\/revisions"}],"wp:attachment":[{"href":"https:\/\/www.kaduk-bauelemente.de\/leistungen\/wp-json\/wp\/v2\/media?parent=4796"}],"curies":[{"name":"wp","href":"https:\/\/api.w.org\/{rel}","templated":true}]}}