{"id":4795,"date":"2021-08-25T12:19:46","date_gmt":"2021-08-25T10:19:46","guid":{"rendered":"https:\/\/www.kaduk-bauelemente.de\/leistungen\/zaunbau\/"},"modified":"2021-08-25T12:19:46","modified_gmt":"2021-08-25T10:19:46","slug":"zaunbau","status":"publish","type":"page","link":"https:\/\/www.kaduk-bauelemente.de\/leistungen\/zaunbau\/","title":{"rendered":"Zaunbau"},"content":{"rendered":"<h2>Zaunbau &#8211; eine Aufgabe f\u00fcr die Spezialisten der Firma Kaduk<\/h2>\n<p>Es freut uns sehr, dass Sie unsere Website gefunden haben. Zu unserem Unternehmen: Die Firma Dirk Kaduk Bauelemente ist Ihr Fachbetrieb f\u00fcr Sonnenschutz und Sicherheit im Norden. Ans\u00e4ssig sind wir in Adendorf bei L\u00fcneburg. Jahrelange Berufserfahrung macht unsere Arbeitsleistung zu einer echten Gr\u00f6\u00dfe. Als Fachfirma z\u00e4hlen Montage und Auswahl qualitativ hochwertiger Bauelemente Zu unseren Hauptaufgaben. Bei uns bekommen Sie unter anderem Au\u00dfenjalousien, T\u00fcren, Fenster, Markisen, Terrassend\u00e4cher, Rolltore, Rolll\u00e4den und Carports. Wir beraten Sie gerne individuell und ausf\u00fchrlich und \u00fcbernehmen s\u00e4mtliche Installationsarbeiten. Auf den nachfolgenden Seiten d\u00fcrfen wir uns und unsere Arbeit detailliert pr\u00e4sentieren.<\/p>\n<h3>Zaunbau ben\u00f6tigt Sachverstand und Erfahrung<\/h3>\n<p>Auch beim Thema Zaunbau sind Sie bei uns exakt an der richtigen Adresse. attraktive Z\u00e4une werten Ihre Wohn- oder Gesch\u00e4ftsimmobilie erkennbar auf \u2013 sie geben einem Alt- oder Neubau ein individuelles und auff\u00e4lliges Erscheinungsbild. \u00dcberlassen Sie nichts dem Zufall. Vertrauen Sie bei Planung und Fertigung von Z\u00e4unen auf Kompetenz und entscheiden Sie sich f\u00fcr den Profi. Ihre W\u00fcnsche und Vorstellungen stehen beim Zaunbau grunds\u00e4tzlich an erster Stelle. Bei uns k\u00f6nnen Sie aus zahllosen verschiedenartigen Materialien, Farben, Formen und Gr\u00f6\u00dfen ausw\u00e4hlen. Wir f\u00fchren den Zaunbau zuverl\u00e4ssig, schnell und immer entsprechend Ihrer individuellen Pr\u00e4ferenzen aus. W\u00e4hlen Sie zwischen Holzz\u00e4unen, Kunststoffz\u00e4unen und Doppelstabsmattenz\u00e4unen.<\/p>\n<h4>Zaunbau &#8211; wir beraten Sie gerne<\/h4>\n<p>Unser engagiertes Team sorgt daf\u00fcr, dass Sie individuelle L\u00f6sungen erhalten, die genau Ihren Vorstellungen und W\u00fcnschen entsprechen. Wir bieten Ihnen eine fachm\u00e4nnisch ausgef\u00fchrte Arbeit nach dem neuesten Stand der Technik. <\/p>\n<p>Unsere Telefonnummer:<\/p>\n<p>04131 \u2013 40 81 45<\/p>\n<p>Setzen Sie beim Thema Sicherheit und Sonnenschutz auf die Expertise eines erfahrenen Fachbetriebes. Wir freuen uns auf den Kontakt zu Ihnen. F\u00fcr eine Terminvereibarung rufen Sie uns bitte unter der oben stehenden Telefonnummer an oder schreiben Sie uns eine E-Mail. Wenn es um Bauelemte geht, sind wir Ihr qualifizierter Partner.<\/p>\n","protected":false},"excerpt":{"rendered":"<p>Zaunbau &#8211; eine Aufgabe f\u00fcr die Spezialisten der Firma Kaduk Es freut uns sehr, dass Sie unsere Website gefunden haben. Zu unserem Unternehmen: Die Firma Dirk Kaduk Bauelemente ist Ihr Fachbetrieb f\u00fcr Sonnenschutz und Sicherheit im Norden. Ans\u00e4ssig sind wir in Adendorf bei L\u00fcneburg. Jahrelange Berufserfahrung macht unsere Arbeitsleistung zu einer echten Gr\u00f6\u00dfe. Als Fachfirma [&hellip;]<\/p>\n","protected":false},"author":1,"featured_media":0,"parent":0,"menu_order":0,"comment_status":"closed","ping_status":"closed","template":"","meta":{"footnotes":""},"class_list":["post-4795","page","type-page","status-publish","hentry"],"meta_box":{"popseo_subtitel":"Kaduk Bauelemente ist Ihr Partner in Sachen Zaunbau","popseo_subtitel2":"","popseo_lasttitel":"","popseo_region":"","popseo_sachwort":"Zaunbau","popseo_noupdate":"","popseo_einleitungstext":"","popseo_schlusstext":"","popseo_stadttext":"","popseo_zusatztext":"","popseo_links":"<a href=\"https:\/\/www.kaduk-bauelemente.de\/leistungen\/markisen-boizenburg\/\">Markisen Boizenburg<\/a>, <a href=\"https:\/\/www.kaduk-bauelemente.de\/leistungen\/holzfenster-salzhausen\/\">Holzfenster Salzhausen<\/a>, <a href=\"https:\/\/www.kaduk-bauelemente.de\/leistungen\/garagen-harburg\/\">Garagen Harburg<\/a>, <a href=\"https:\/\/www.kaduk-bauelemente.de\/leistungen\/terrassenueberdachungen-aus-holz-jesteburg\/\">Terrassen\u00fcberdachungen aus Holz Jesteburg<\/a>, <a href=\"https:\/\/www.kaduk-bauelemente.de\/leistungen\/holzfenster-amelinghausen\/\">Holzfenster Amelinghausen<\/a>, <a href=\"https:\/\/www.kaduk-bauelemente.de\/leistungen\/raffstores-geesthacht\/\">Raffstores Geesthacht<\/a>, <a href=\"https:\/\/www.kaduk-bauelemente.de\/leistungen\/haustueren-schwarzenbek\/\">Haust\u00fcren Schwarzenbek<\/a>, <a href=\"https:\/\/www.kaduk-bauelemente.de\/leistungen\/raffstores-bergedorf-wentorf\/\">Raffstores Bergedorf Wentorf<\/a>, <a href=\"https:\/\/www.kaduk-bauelemente.de\/leistungen\/zaeune-amt-neuhaus\/\">Z\u00e4une Amt Neuhaus<\/a>, <a href=\"https:\/\/www.kaduk-bauelemente.de\/leistungen\/garagentore-amelinghausen\/\">Garagentore Amelinghausen<\/a>, <a href=\"https:\/\/www.kaduk-bauelemente.de\/leistungen\/zaeune-bienenbuettel\/\">Z\u00e4une Bienenb\u00fcttel<\/a>, <a href=\"https:\/\/www.kaduk-bauelemente.de\/leistungen\/fliegengitter-bardowick\/\">Fliegengitter Bardowick<\/a>, <a href=\"https:\/\/www.kaduk-bauelemente.de\/leistungen\/zaeune-tostedt-sittensen\/\">Z\u00e4une Tostedt Sittensen<\/a>, <a href=\"https:\/\/www.kaduk-bauelemente.de\/leistungen\/tueren-herzogtum-lauenburg\/\">T\u00fcren Herzogtum Lauenburg<\/a>, <a href=\"https:\/\/www.kaduk-bauelemente.de\/leistungen\/fliegengitter-reppenstedt\/\">Fliegengitter Reppenstedt<\/a>, <a href=\"https:\/\/www.kaduk-bauelemente.de\/leistungen\/rolllaeden-boizenburg\/\">Rolll\u00e4den Boizenburg<\/a>, <a href=\"https:\/\/www.kaduk-bauelemente.de\/leistungen\/rolllaeden-hanstedt\/\">Rolll\u00e4den Hanstedt<\/a>, <a href=\"https:\/\/www.kaduk-bauelemente.de\/leistungen\/aussenjalousien-bardowick\/\">Au\u00dfenjalousien Bardowick<\/a>, <a href=\"https:\/\/www.kaduk-bauelemente.de\/leistungen\/terrassenueberdachungen-aus-holz-bad-bevensen\/\">Terrassen\u00fcberdachungen aus Holz Bad Bevensen<\/a>, <a href=\"https:\/\/www.kaduk-bauelemente.de\/leistungen\/terrassenueberdachungen-aus-holz-schwarzenbek\/\">Terrassen\u00fcberdachungen aus Holz Schwarzenbek<\/a>, <a href=\"https:\/\/www.kaduk-bauelemente.de\/leistungen\/rollladen-winsen-luhe\/\">Rollladen Winsen Luhe<\/a>, <a href=\"https:\/\/www.kaduk-bauelemente.de\/leistungen\/kunststofffenster-uelzen\/\">Kunststofffenster Uelzen<\/a>, <a href=\"https:\/\/www.kaduk-bauelemente.de\/leistungen\/aussenjalousien-seevetal-rosengarten\/\">Au\u00dfenjalousien Seevetal Rosengarten<\/a>, <a href=\"https:\/\/www.kaduk-bauelemente.de\/leistungen\/garagentore-seevetal-rosengarten\/\">Garagentore Seevetal Rosengarten<\/a>, <a href=\"https:\/\/www.kaduk-bauelemente.de\/leistungen\/terrassenueberdachungen-aus-holz-bienenbuettel\/\">Terrassen\u00fcberdachungen aus Holz Bienenb\u00fcttel<\/a>, <a href=\"https:\/\/www.kaduk-bauelemente.de\/leistungen\/terrassenueberdachungen-aus-aluminium-lueneburg\/\">Terrassen\u00fcberdachungen aus Aluminium L\u00fcneburg<\/a>"},"_links":{"self":[{"href":"https:\/\/www.kaduk-bauelemente.de\/leistungen\/wp-json\/wp\/v2\/pages\/4795","targetHints":{"allow":["GET"]}}],"collection":[{"href":"https:\/\/www.kaduk-bauelemente.de\/leistungen\/wp-json\/wp\/v2\/pages"}],"about":[{"href":"https:\/\/www.kaduk-bauelemente.de\/leistungen\/wp-json\/wp\/v2\/types\/page"}],"author":[{"embeddable":true,"href":"https:\/\/www.kaduk-bauelemente.de\/leistungen\/wp-json\/wp\/v2\/users\/1"}],"replies":[{"embeddable":true,"href":"https:\/\/www.kaduk-bauelemente.de\/leistungen\/wp-json\/wp\/v2\/comments?post=4795"}],"version-history":[{"count":0,"href":"https:\/\/www.kaduk-bauelemente.de\/leistungen\/wp-json\/wp\/v2\/pages\/4795\/revisions"}],"wp:attachment":[{"href":"https:\/\/www.kaduk-bauelemente.de\/leistungen\/wp-json\/wp\/v2\/media?parent=4795"}],"curies":[{"name":"wp","href":"https:\/\/api.w.org\/{rel}","templated":true}]}}