{"id":4794,"date":"2021-08-25T12:19:46","date_gmt":"2021-08-25T10:19:46","guid":{"rendered":"https:\/\/www.kaduk-bauelemente.de\/leistungen\/tueren\/"},"modified":"2021-08-25T12:19:46","modified_gmt":"2021-08-25T10:19:46","slug":"tueren","status":"publish","type":"page","link":"https:\/\/www.kaduk-bauelemente.de\/leistungen\/tueren\/","title":{"rendered":"T\u00fcren"},"content":{"rendered":"<p>Prima, dass Sie unsere Homepage entdeckt haben. Ein paar Worte \u00fcber unsere Firma: Die Firma Dirk Kaduk Bauelemente ist Ihr Fachunternehmen f\u00fcr Sonnenschutz und Sicherheit im Norden. Ans\u00e4ssig sind wir in Adendorf bei L\u00fcneburg. Jahrelange Erfahrung macht unsere Arbeitsleistung zu einer echten Gr\u00f6\u00dfe. Als spezialisiertes Fachunternehmen geh\u00f6ren Auswahl und Montage qualitativ hochwertiger Bauelemente Zu unseren Hauptaufgaben. Bei uns bekommen Sie unter anderem Au\u00dfenjalousien, Fenster, T\u00fcren, Terrassend\u00e4cher, Markisen, Rolltore, Carports und Rolll\u00e4den. Wir beraten Sie gerne individuell \u00fcber Ihre M\u00f6glichkeiten und \u00fcbernehmen s\u00e4mtliche Installationsarbeiten. Auf den folgenden Seiten d\u00fcrfen wir uns und unsere Arbeit ausf\u00fchrlich pr\u00e4sentieren.<\/p>\n<h3>Neue T\u00fcren \u2013 gewinnbringend und attraktiv!<\/h3>\n<p>Sch\u00f6ne T\u00fcren sind in gewisser Weise die Visitenkarte eines Hauses. Moderne T\u00fcren zeugen von Charakter, Stil und Qualit\u00e4tsanspruch. Nicht zuletzt betonen T\u00fcren immer auch die Optik eines Hauses. Wertige T\u00fcren bieten neben einer attraktiven Optik nat\u00fcrlich noch etliches mehr. Auch einen guten Einbruchsschutz und einen Beitrag zum W\u00e4rmehaushalt d\u00fcrfen Sie von hochwertigen T\u00fcren erwarten. Wer sch\u00f6ne T\u00fcren sucht, muss sich entscheiden: Sie m\u00fcssen bei T\u00fcren zwischen traditionellem und modernem Design entscheiden. Dar\u00fcber hinaus sind T\u00fcren in Holz, Aluminium oder Kunststoff im Handel erh\u00e4ltlich. Die unterschiedlichen Gestaltungsm\u00f6glichkeiten geben modernen T\u00fcren einen sehr individualisierten Anstrich.<\/p>\n<h4>Wir informieren Sie \u00fcber T\u00fcren!<\/h4>\n<p>Die Sonnenschutzexperten unserer Firma sorgen daf\u00fcr, dass Sie qualitative und individuelle L\u00f6sungen erhalten, die genau Ihren Vorstellungen und W\u00fcnschen entsprechen. Wir bieten Ihnen eine sachkundig erledigte Arbeit nach dem aktuellsten Stand der Technik. <\/p>\n<p>Nehmen Sie telefonisch Kontakt mit uns auf:<\/p>\n<p>04131 \u2013 40 81 45<\/p>\n<p>Vertrauen Sie beim Thema Sonnenschutz und Sicherheit auf das Urteil eines erfahrenen Fachbetriebes. Wir freuen uns auf den Kontakt zu Ihnen. F\u00fcr einen Gespr\u00e4chstermin rufen Sie uns bitte unter der obigen Telefonnummer an oder schreiben Sie uns eine E-Mail. Wenn es um Bauelemte geht, sind wir Ihr verl\u00e4sslicher Partner.<\/p>\n","protected":false},"excerpt":{"rendered":"<p>Prima, dass Sie unsere Homepage entdeckt haben. Ein paar Worte \u00fcber unsere Firma: Die Firma Dirk Kaduk Bauelemente ist Ihr Fachunternehmen f\u00fcr Sonnenschutz und Sicherheit im Norden. Ans\u00e4ssig sind wir in Adendorf bei L\u00fcneburg. Jahrelange Erfahrung macht unsere Arbeitsleistung zu einer echten Gr\u00f6\u00dfe. Als spezialisiertes Fachunternehmen geh\u00f6ren Auswahl und Montage qualitativ hochwertiger Bauelemente Zu unseren [&hellip;]<\/p>\n","protected":false},"author":1,"featured_media":0,"parent":0,"menu_order":0,"comment_status":"closed","ping_status":"closed","template":"","meta":{"footnotes":""},"class_list":["post-4794","page","type-page","status-publish","hentry"],"meta_box":{"popseo_subtitel":"Kaduk Bauelemente ist Ihr Partner f\u00fcr T\u00fcren","popseo_subtitel2":"","popseo_lasttitel":"","popseo_region":"","popseo_sachwort":"T\u00fcren","popseo_noupdate":"","popseo_einleitungstext":"","popseo_schlusstext":"","popseo_stadttext":"","popseo_zusatztext":"","popseo_links":"<a href=\"https:\/\/www.kaduk-bauelemente.de\/leistungen\/terrassenueberdachungen-aus-aluminium-amelinghausen\/\">Terrassen\u00fcberdachungen aus Aluminium Amelinghausen<\/a>, <a href=\"https:\/\/www.kaduk-bauelemente.de\/leistungen\/aussenjalousien-bergedorf-wentorf\/\">Au\u00dfenjalousien Bergedorf Wentorf<\/a>, <a href=\"https:\/\/www.kaduk-bauelemente.de\/leistungen\/terrassenueberdachungen-aus-holz-hanstedt\/\">Terrassen\u00fcberdachungen aus Holz Hanstedt<\/a>, <a href=\"https:\/\/www.kaduk-bauelemente.de\/leistungen\/rollladen-maschen\/\">Rollladen Maschen<\/a>, <a href=\"https:\/\/www.kaduk-bauelemente.de\/leistungen\/rolltore-amt-neuhaus\/\">Rolltore Amt Neuhaus<\/a>, <a href=\"https:\/\/www.kaduk-bauelemente.de\/leistungen\/rolllaeden-boizenburg\/\">Rolll\u00e4den Boizenburg<\/a>, <a href=\"https:\/\/www.kaduk-bauelemente.de\/leistungen\/garagen-reinbek-glinde\/\">Garagen Reinbek Glinde<\/a>, <a href=\"https:\/\/www.kaduk-bauelemente.de\/leistungen\/haustueren-reppenstedt\/\">Haust\u00fcren Reppenstedt<\/a>, <a href=\"https:\/\/www.kaduk-bauelemente.de\/leistungen\/kunststofffenster-bienenbuettel\/\">Kunststofffenster Bienenb\u00fcttel<\/a>, <a href=\"https:\/\/www.kaduk-bauelemente.de\/leistungen\/carports-seevetal-rosengarten\/\">Carports Seevetal Rosengarten<\/a>, <a href=\"https:\/\/www.kaduk-bauelemente.de\/leistungen\/raffstores-ebstorf\/\">Raffstores Ebstorf<\/a>, <a href=\"https:\/\/www.kaduk-bauelemente.de\/leistungen\/garagen-reppenstedt\/\">Garagen Reppenstedt<\/a>, <a href=\"https:\/\/www.kaduk-bauelemente.de\/leistungen\/markisen-reinbek-glinde\/\">Markisen Reinbek Glinde<\/a>, <a href=\"https:\/\/www.kaduk-bauelemente.de\/leistungen\/aussenjalousien-harburg\/\">Au\u00dfenjalousien Harburg<\/a>, <a href=\"https:\/\/www.kaduk-bauelemente.de\/leistungen\/terrassendaecher-aus-holz-bad-bevensen\/\">Terrassend\u00e4cher aus Holz Bad Bevensen<\/a>, <a href=\"https:\/\/www.kaduk-bauelemente.de\/leistungen\/holzfenster-bardowick\/\">Holzfenster Bardowick<\/a>, <a href=\"https:\/\/www.kaduk-bauelemente.de\/leistungen\/kunststofffenster-herzogtum-lauenburg\/\">Kunststofffenster Herzogtum Lauenburg<\/a>, <a href=\"https:\/\/www.kaduk-bauelemente.de\/leistungen\/markisen-bad-bevensen\/\">Markisen Bad Bevensen<\/a>, <a href=\"https:\/\/www.kaduk-bauelemente.de\/leistungen\/haustueren-hanstedt\/\">Haust\u00fcren Hanstedt<\/a>, <a href=\"https:\/\/www.kaduk-bauelemente.de\/leistungen\/garagentore-schwarzenbek\/\">Garagentore Schwarzenbek<\/a>, <a href=\"https:\/\/www.kaduk-bauelemente.de\/leistungen\/sektionaltore-adendorf\/\">Sektionaltore Adendorf<\/a>, <a href=\"https:\/\/www.kaduk-bauelemente.de\/leistungen\/fliegengitter-buechen\/\">Fliegengitter B\u00fcchen<\/a>, <a href=\"https:\/\/www.kaduk-bauelemente.de\/leistungen\/rollladen-jesteburg\/\">Rollladen Jesteburg<\/a>, <a href=\"https:\/\/www.kaduk-bauelemente.de\/leistungen\/zaunbau-ebstorf\/\">Zaunbau Ebstorf<\/a>, <a href=\"https:\/\/www.kaduk-bauelemente.de\/leistungen\/terrassenueberdachungen-aus-holz-schwarzenbek\/\">Terrassen\u00fcberdachungen aus Holz Schwarzenbek<\/a>, <a href=\"https:\/\/www.kaduk-bauelemente.de\/leistungen\/aussenjalousien-hanstedt\/\">Au\u00dfenjalousien Hanstedt<\/a>"},"_links":{"self":[{"href":"https:\/\/www.kaduk-bauelemente.de\/leistungen\/wp-json\/wp\/v2\/pages\/4794","targetHints":{"allow":["GET"]}}],"collection":[{"href":"https:\/\/www.kaduk-bauelemente.de\/leistungen\/wp-json\/wp\/v2\/pages"}],"about":[{"href":"https:\/\/www.kaduk-bauelemente.de\/leistungen\/wp-json\/wp\/v2\/types\/page"}],"author":[{"embeddable":true,"href":"https:\/\/www.kaduk-bauelemente.de\/leistungen\/wp-json\/wp\/v2\/users\/1"}],"replies":[{"embeddable":true,"href":"https:\/\/www.kaduk-bauelemente.de\/leistungen\/wp-json\/wp\/v2\/comments?post=4794"}],"version-history":[{"count":0,"href":"https:\/\/www.kaduk-bauelemente.de\/leistungen\/wp-json\/wp\/v2\/pages\/4794\/revisions"}],"wp:attachment":[{"href":"https:\/\/www.kaduk-bauelemente.de\/leistungen\/wp-json\/wp\/v2\/media?parent=4794"}],"curies":[{"name":"wp","href":"https:\/\/api.w.org\/{rel}","templated":true}]}}