{"id":4793,"date":"2021-08-25T12:19:46","date_gmt":"2021-08-25T10:19:46","guid":{"rendered":"https:\/\/www.kaduk-bauelemente.de\/leistungen\/terrassenueberdachungen-aus-holz\/"},"modified":"2021-08-25T12:19:46","modified_gmt":"2021-08-25T10:19:46","slug":"terrassenueberdachungen-aus-holz","status":"publish","type":"page","link":"https:\/\/www.kaduk-bauelemente.de\/leistungen\/terrassenueberdachungen-aus-holz\/","title":{"rendered":"Terrassen\u00fcberdachungen aus Holz"},"content":{"rendered":"<p>Wir finden es toll, dass Sie unsere Homepage gefunden haben. Ein paar Worte \u00fcber unsere Firma: Die Firma Kaduk ist Ihr Fachbetrieb f\u00fcr Sonnenschutz und Sicherheit im Norden. Ans\u00e4ssig sind wir in Adendorf bei L\u00fcneburg. Intensive Berufserfahrung macht unsere Arbeitsleistung zu einer echten Gr\u00f6\u00dfe. Als spezialisiertes Fachunternehmen z\u00e4hlen Montage und Auswahl qualitativ hochwertiger Bauelemente zu unseren Kernkompetenzen. Bei uns erhalten Sie unter anderem Au\u00dfenjalousien, Fenster, T\u00fcren, Terrassend\u00e4cher, Markisen, Rolltore, Carports und Rolll\u00e4den. Wir beraten Sie gerne individuell und ausf\u00fchrlich und \u00fcbernehmen s\u00e4mtliche Installationsarbeiten. Auf den n\u00e4chsten Seiten d\u00fcrfen wir uns und unsere Arbeit ausf\u00fchrlich vorstellen.<\/p>\n<h3>Terrassen\u00fcberdachungen aus Holz erh\u00f6hen den Wohnwert<\/h3>\n<p>Terrassen\u00fcberdachungen aus Holz geben einem Geb\u00e4ude einen absolut besonderen Charme. Unter Terrassen\u00fcberdachungen sitzt man sicher und komfortabel und kann sogar bei schlechtem Wetter eine angenehme Zeit im Freien verbringen. Terrassend\u00e4cher sch\u00fctzen vor Regen und laden daher zum Aufenthalt ein. Als routiniertes Fachgesch\u00e4ft begeistern uns immer wieder auch Terrassen\u00fcberdachungen aus Holz. Nat\u00fcrliches Material ist ohne Frage ein Ausdruck f\u00fcr einen besonderen Stil. Den Vergleich zu Konstruktionen aus Stahl oder Alu muss ein Terrassendach aus Holz nicht scheuen. Gefertigt werden die \u00dcberdachungen aus Fichtenholz. Eine hohe Verleimungsqualit\u00e4t ist garantiert. Verarbeitet werden Stegdoppelplatten aus Plexiglas. Terrassen\u00fcberdachungen aus Holz bieten ein hohes Ma\u00df an Behaglichkeit und Sicherheit. Je nach Gr\u00f6\u00dfe und Zustand der zu \u00fcberdachenden Au\u00dfenfl\u00e4chen sind unterschiedliche Produkte erh\u00e4ltlich. Und je nach pers\u00f6nlichem Geschmack kann unter mehreren Ausf\u00fchrungen gew\u00e4hlt werden. <\/p>\n<h4>Terrassen\u00fcberdachungen aus Holz \u2013 besuchen Sie unsere Ausstellung!<\/h4>\n<p>Die Sonnenschutzexperten unserer Firma sorgen daf\u00fcr, dass Sie individuelle L\u00f6sungen erhalten, die genau Ihren Vorstellungen und W\u00fcnschen entsprechen. Wir versprechen Ihnen eine sachkundig umgesetzte Arbeit nach dem aktuellsten Stand der Technik. <\/p>\n<p>Unsere Servicenummer:<\/p>\n<p>04131 \u2013 40 81 45<\/p>\n<p>Schenken Sie uns beim Thema Sicherheit und Sonnenschutz Ihr Vertrauen. Wir freuen uns darauf, Ihnen helfen zu d\u00fcrfen. F\u00fcr einen Gespr\u00e4chstermin rufen Sie uns bitte unter der obigen Telefonnummer an oder schreiben Sie uns eine Mail. Wenn es um Bauelemte geht, sind wir Ihr verl\u00e4sslicher Partner.<\/p>\n","protected":false},"excerpt":{"rendered":"<p>Wir finden es toll, dass Sie unsere Homepage gefunden haben. Ein paar Worte \u00fcber unsere Firma: Die Firma Kaduk ist Ihr Fachbetrieb f\u00fcr Sonnenschutz und Sicherheit im Norden. Ans\u00e4ssig sind wir in Adendorf bei L\u00fcneburg. Intensive Berufserfahrung macht unsere Arbeitsleistung zu einer echten Gr\u00f6\u00dfe. Als spezialisiertes Fachunternehmen z\u00e4hlen Montage und Auswahl qualitativ hochwertiger Bauelemente zu [&hellip;]<\/p>\n","protected":false},"author":1,"featured_media":0,"parent":0,"menu_order":0,"comment_status":"closed","ping_status":"closed","template":"","meta":{"footnotes":""},"class_list":["post-4793","page","type-page","status-publish","hentry"],"meta_box":{"popseo_subtitel":"Kaduk Bauelemente ist Ihr Fachunternehmen f\u00fcr Terrassen\u00fcberdachungen aus Holz","popseo_subtitel2":"","popseo_lasttitel":"","popseo_region":"","popseo_sachwort":"Terrassen\u00fcberdachungen aus Holz","popseo_noupdate":"","popseo_einleitungstext":"","popseo_schlusstext":"","popseo_stadttext":"","popseo_zusatztext":"","popseo_links":"<a href=\"https:\/\/www.kaduk-bauelemente.de\/leistungen\/fenster-bergedorf-wentorf\/\">Fenster Bergedorf Wentorf<\/a>, <a href=\"https:\/\/www.kaduk-bauelemente.de\/leistungen\/haustueren-bispingen\/\">Haust\u00fcren Bispingen<\/a>, <a href=\"https:\/\/www.kaduk-bauelemente.de\/leistungen\/haustueren-herzogtum-lauenburg\/\">Haust\u00fcren Herzogtum Lauenburg<\/a>, <a href=\"https:\/\/www.kaduk-bauelemente.de\/leistungen\/terrassendaecher-aus-aluminium-bispingen\/\">Terrassend\u00e4cher aus Aluminium Bispingen<\/a>, <a href=\"https:\/\/www.kaduk-bauelemente.de\/leistungen\/aussenjalousien-ebstorf\/\">Au\u00dfenjalousien Ebstorf<\/a>, <a href=\"https:\/\/www.kaduk-bauelemente.de\/leistungen\/fliegengitter-tostedt-sittensen\/\">Fliegengitter Tostedt Sittensen<\/a>, <a href=\"https:\/\/www.kaduk-bauelemente.de\/leistungen\/markisen-adendorf\/\">Markisen Adendorf<\/a>, <a href=\"https:\/\/www.kaduk-bauelemente.de\/leistungen\/zaunbau-maschen\/\">Zaunbau Maschen<\/a>, <a href=\"https:\/\/www.kaduk-bauelemente.de\/leistungen\/terrassendaecher-aus-aluminium-boizenburg\/\">Terrassend\u00e4cher aus Aluminium Boizenburg<\/a>, <a href=\"https:\/\/www.kaduk-bauelemente.de\/leistungen\/insektenschutz-bad-bevensen\/\">Insektenschutz Bad Bevensen<\/a>, <a href=\"https:\/\/www.kaduk-bauelemente.de\/leistungen\/terrassenueberdachungen-aus-aluminium-amelinghausen\/\">Terrassen\u00fcberdachungen aus Aluminium Amelinghausen<\/a>, <a href=\"https:\/\/www.kaduk-bauelemente.de\/leistungen\/carports-stelle\/\">Carports Stelle<\/a>, <a href=\"https:\/\/www.kaduk-bauelemente.de\/leistungen\/garagen-amelinghausen\/\">Garagen Amelinghausen<\/a>, <a href=\"https:\/\/www.kaduk-bauelemente.de\/leistungen\/raffstores-schwarzenbek\/\">Raffstores Schwarzenbek<\/a>, <a href=\"https:\/\/www.kaduk-bauelemente.de\/leistungen\/sektionaltore-amt-neuhaus\/\">Sektionaltore Amt Neuhaus<\/a>, <a href=\"https:\/\/www.kaduk-bauelemente.de\/leistungen\/terrassendaecher-aus-holz-bergedorf-wentorf\/\">Terrassend\u00e4cher aus Holz Bergedorf Wentorf<\/a>, <a href=\"https:\/\/www.kaduk-bauelemente.de\/leistungen\/tueren-reppenstedt\/\">T\u00fcren Reppenstedt<\/a>, <a href=\"https:\/\/www.kaduk-bauelemente.de\/leistungen\/zaeune-winsen-luhe\/\">Z\u00e4une Winsen Luhe<\/a>, <a href=\"https:\/\/www.kaduk-bauelemente.de\/leistungen\/insektenschutz-salzhausen\/\">Insektenschutz Salzhausen<\/a>, <a href=\"https:\/\/www.kaduk-bauelemente.de\/leistungen\/terrassenueberdachungen-aus-aluminium-maschen\/\">Terrassen\u00fcberdachungen aus Aluminium Maschen<\/a>, <a href=\"https:\/\/www.kaduk-bauelemente.de\/leistungen\/haustueren-buechen\/\">Haust\u00fcren B\u00fcchen<\/a>, <a href=\"https:\/\/www.kaduk-bauelemente.de\/leistungen\/zaeune-hanstedt\/\">Z\u00e4une Hanstedt<\/a>, <a href=\"https:\/\/www.kaduk-bauelemente.de\/leistungen\/rolltore-geesthacht\/\">Rolltore Geesthacht<\/a>, <a href=\"https:\/\/www.kaduk-bauelemente.de\/leistungen\/terrassenueberdachungen-aus-holz-amelinghausen\/\">Terrassen\u00fcberdachungen aus Holz Amelinghausen<\/a>, <a href=\"https:\/\/www.kaduk-bauelemente.de\/leistungen\/garagentore-uelzen\/\">Garagentore Uelzen<\/a>, <a href=\"https:\/\/www.kaduk-bauelemente.de\/leistungen\/zaeune-lueneburg\/\">Z\u00e4une L\u00fcneburg<\/a>, <a href=\"https:\/\/www.kaduk-bauelemente.de\/leistungen\/aussenjalousien-hanstedt\/\">Au\u00dfenjalousien Hanstedt<\/a>, <a href=\"https:\/\/www.kaduk-bauelemente.de\/leistungen\/carports-maschen\/\">Carports Maschen<\/a>"},"_links":{"self":[{"href":"https:\/\/www.kaduk-bauelemente.de\/leistungen\/wp-json\/wp\/v2\/pages\/4793","targetHints":{"allow":["GET"]}}],"collection":[{"href":"https:\/\/www.kaduk-bauelemente.de\/leistungen\/wp-json\/wp\/v2\/pages"}],"about":[{"href":"https:\/\/www.kaduk-bauelemente.de\/leistungen\/wp-json\/wp\/v2\/types\/page"}],"author":[{"embeddable":true,"href":"https:\/\/www.kaduk-bauelemente.de\/leistungen\/wp-json\/wp\/v2\/users\/1"}],"replies":[{"embeddable":true,"href":"https:\/\/www.kaduk-bauelemente.de\/leistungen\/wp-json\/wp\/v2\/comments?post=4793"}],"version-history":[{"count":0,"href":"https:\/\/www.kaduk-bauelemente.de\/leistungen\/wp-json\/wp\/v2\/pages\/4793\/revisions"}],"wp:attachment":[{"href":"https:\/\/www.kaduk-bauelemente.de\/leistungen\/wp-json\/wp\/v2\/media?parent=4793"}],"curies":[{"name":"wp","href":"https:\/\/api.w.org\/{rel}","templated":true}]}}