{"id":4791,"date":"2021-08-25T12:19:46","date_gmt":"2021-08-25T10:19:46","guid":{"rendered":"https:\/\/www.kaduk-bauelemente.de\/leistungen\/terrassendaecher-aus-holz\/"},"modified":"2021-08-25T12:19:46","modified_gmt":"2021-08-25T10:19:46","slug":"terrassendaecher-aus-holz","status":"publish","type":"page","link":"https:\/\/www.kaduk-bauelemente.de\/leistungen\/terrassendaecher-aus-holz\/","title":{"rendered":"Terrassend\u00e4cher aus Holz"},"content":{"rendered":"<p>Wir freuen uns, dass Sie unsere Website gefunden haben. Zu unserem Unternehmen: Die Firma Kaduk ist Ihr Partner f\u00fcr Sicherheit und Sonnenschutz im Norden. Ans\u00e4ssig sind wir in Adendorf bei L\u00fcneburg. Viele Jahre Erfahrung macht unsere Arbeit zu einer echten Gr\u00f6\u00dfe. Als spezialisiertes Fachunternehmen z\u00e4hlen Montage und Auswahl qualitativ hochwertiger Bauelemente zu unseren Kernkompetenzen. Bei uns erhalten Sie unter anderem T\u00fcren, Fenster, Au\u00dfenjalousien, Terrassend\u00e4cher, Markisen, Rolltore, Carports und Rolll\u00e4den. Wir beraten Sie gerne ausf\u00fchrlich und immer individuell und \u00fcbernehmen alle Installationsarbeiten. Auf den nachfolgenden Seiten m\u00f6chten wir uns und unsere Arbeit n\u00e4her pr\u00e4sentieren.<\/p>\n<h3>Terrassend\u00e4cher aus Holz f\u00fcr Ihre Immobilie<\/h3>\n<p>Als routiniertes Fachunternehmen \u00fcberzeugen uns immer wieder auch Terrassend\u00e4cher aus Holz. Naturbelassenes Material ist grunds\u00e4tzlich ein Zeichen f\u00fcr einen individuellen Stil. Den Vergleich zu Anfertigungen aus Stahl oder Alu muss ein Terrassendach aus Holz nicht scheuen. Gefertigt werden die \u00dcberdachungen aus Fichtenholz. Eine exzellente Verleimungsqualit\u00e4t ist sichergestellt. Verarbeitet werden Stegdoppelplatten aus Plexiglas. Terrassend\u00e4cher aus Holz bieten Ihnen ein gro\u00dfes Ma\u00df an Gem\u00fctlichkeit und Sicherheit. Terrassend\u00e4cher bescheren einem Wohnhaus einen ganz au\u00dfergew\u00f6hnlichen Charme. Unter Terrassend\u00e4chern sitzt man gesch\u00fctzt und bequem und kann auch bei Regen eine tolle Zeit drau\u00dfen verbringen. Terrassend\u00e4cher sch\u00fctzen vor Regenwetter und laden daher zum Verweilen ein. Alle Produkte aus unserem Katalog sind platzsparend und sehr stabil. Terrassend\u00e4cher aus Holz bieten au\u00dferdem immer auch ein hohes Ma\u00df an Gem\u00fctlichkeit und Schutz. <\/p>\n<h4>Terrassend\u00e4cher aus Holz &#8211; eine gute Investition<\/h4>\n<p>Unsere freundlichen Mitarbeiter sorgen daf\u00fcr, dass Sie qualitativ hochwertige L\u00f6sungen erhalten, die genau Ihren W\u00fcnschen und Vorstellungen entsprechen. Wir bieten Ihnen eine sachkundig ausgef\u00fchrte Arbeit nach dem derzeitigen Stand der Technik. <\/p>\n<p>F\u00fcr eine schnelle Information rufen Sie uns bitte an:<\/p>\n<p>04131 \u2013 40 81 45<\/p>\n<p>Vertrauen Sie beim Thema Sonnenschutz und Sicherheit auf das Urteil eines erfahrenen Fachbetriebes. Wir freuen uns darauf, Ihnen helfen zu d\u00fcrfen. F\u00fcr einen Termin rufen Sie uns bitte unter der oben stehenden Telefonnummer an oder senden Sie uns eine eMail. Wenn es um Bauelemte geht, sind wir Ihr kompetenter Partner.<\/p>\n","protected":false},"excerpt":{"rendered":"<p>Wir freuen uns, dass Sie unsere Website gefunden haben. Zu unserem Unternehmen: Die Firma Kaduk ist Ihr Partner f\u00fcr Sicherheit und Sonnenschutz im Norden. Ans\u00e4ssig sind wir in Adendorf bei L\u00fcneburg. Viele Jahre Erfahrung macht unsere Arbeit zu einer echten Gr\u00f6\u00dfe. Als spezialisiertes Fachunternehmen z\u00e4hlen Montage und Auswahl qualitativ hochwertiger Bauelemente zu unseren Kernkompetenzen. Bei [&hellip;]<\/p>\n","protected":false},"author":1,"featured_media":0,"parent":0,"menu_order":0,"comment_status":"closed","ping_status":"closed","template":"","meta":{"footnotes":""},"class_list":["post-4791","page","type-page","status-publish","hentry"],"meta_box":{"popseo_subtitel":"Kaduk Bauelemente ist Ihr Experte f\u00fcr Terrassend\u00e4cher aus Holz","popseo_subtitel2":"","popseo_lasttitel":"","popseo_region":"","popseo_sachwort":"Terrassend\u00e4cher aus Holz","popseo_noupdate":"","popseo_einleitungstext":"","popseo_schlusstext":"","popseo_stadttext":"","popseo_zusatztext":"","popseo_links":"<a href=\"https:\/\/www.kaduk-bauelemente.de\/leistungen\/carports-bispingen\/\">Carports Bispingen<\/a>, <a href=\"https:\/\/www.kaduk-bauelemente.de\/leistungen\/fliegengitter-amelinghausen\/\">Fliegengitter Amelinghausen<\/a>, <a href=\"https:\/\/www.kaduk-bauelemente.de\/leistungen\/rollladen-amelinghausen\/\">Rollladen Amelinghausen<\/a>, <a href=\"https:\/\/www.kaduk-bauelemente.de\/leistungen\/tueren-bardowick\/\">T\u00fcren Bardowick<\/a>, <a href=\"https:\/\/www.kaduk-bauelemente.de\/leistungen\/fenster-geesthacht\/\">Fenster Geesthacht<\/a>, <a href=\"https:\/\/www.kaduk-bauelemente.de\/leistungen\/terrassendaecher-aus-aluminium-amelinghausen\/\">Terrassend\u00e4cher aus Aluminium Amelinghausen<\/a>, <a href=\"https:\/\/www.kaduk-bauelemente.de\/leistungen\/haustueren-jesteburg\/\">Haust\u00fcren Jesteburg<\/a>, <a href=\"https:\/\/www.kaduk-bauelemente.de\/leistungen\/markisen-winsen-luhe\/\">Markisen Winsen Luhe<\/a>, <a href=\"https:\/\/www.kaduk-bauelemente.de\/leistungen\/carports-amt-neuhaus\/\">Carports Amt Neuhaus<\/a>, <a href=\"https:\/\/www.kaduk-bauelemente.de\/leistungen\/sektionaltore-maschen\/\">Sektionaltore Maschen<\/a>, <a href=\"https:\/\/www.kaduk-bauelemente.de\/leistungen\/terrassendaecher-aus-holz-lueneburg\/\">Terrassend\u00e4cher aus Holz L\u00fcneburg<\/a>, <a href=\"https:\/\/www.kaduk-bauelemente.de\/leistungen\/carports-winsen-luhe\/\">Carports Winsen Luhe<\/a>, <a href=\"https:\/\/www.kaduk-bauelemente.de\/leistungen\/terrassenueberdachungen-aus-holz-bergedorf-wentorf\/\">Terrassen\u00fcberdachungen aus Holz Bergedorf Wentorf<\/a>, <a href=\"https:\/\/www.kaduk-bauelemente.de\/leistungen\/aussenjalousien-reinbek-glinde\/\">Au\u00dfenjalousien Reinbek Glinde<\/a>, <a href=\"https:\/\/www.kaduk-bauelemente.de\/leistungen\/holzfenster-ebstorf\/\">Holzfenster Ebstorf<\/a>, <a href=\"https:\/\/www.kaduk-bauelemente.de\/leistungen\/markisen-maschen\/\">Markisen Maschen<\/a>, <a href=\"https:\/\/www.kaduk-bauelemente.de\/leistungen\/insektenschutz-uelzen\/\">Insektenschutz Uelzen<\/a>, <a href=\"https:\/\/www.kaduk-bauelemente.de\/leistungen\/kunststofffenster-bardowick\/\">Kunststofffenster Bardowick<\/a>, <a href=\"https:\/\/www.kaduk-bauelemente.de\/leistungen\/fliegengitter-jesteburg\/\">Fliegengitter Jesteburg<\/a>, <a href=\"https:\/\/www.kaduk-bauelemente.de\/leistungen\/markisen-schwarzenbek\/\">Markisen Schwarzenbek<\/a>, <a href=\"https:\/\/www.kaduk-bauelemente.de\/leistungen\/rolllaeden-bergedorf-wentorf\/\">Rolll\u00e4den Bergedorf Wentorf<\/a>, <a href=\"https:\/\/www.kaduk-bauelemente.de\/leistungen\/garagentore-schwarzenbek\/\">Garagentore Schwarzenbek<\/a>, <a href=\"https:\/\/www.kaduk-bauelemente.de\/leistungen\/terrassenueberdachungen-aus-aluminium-bienenbuettel\/\">Terrassen\u00fcberdachungen aus Aluminium Bienenb\u00fcttel<\/a>, <a href=\"https:\/\/www.kaduk-bauelemente.de\/leistungen\/terrassendaecher-aus-holz-salzhausen\/\">Terrassend\u00e4cher aus Holz Salzhausen<\/a>, <a href=\"https:\/\/www.kaduk-bauelemente.de\/leistungen\/haustueren-bad-bevensen\/\">Haust\u00fcren Bad Bevensen<\/a>, <a href=\"https:\/\/www.kaduk-bauelemente.de\/leistungen\/rolltore-bispingen\/\">Rolltore Bispingen<\/a>, <a href=\"https:\/\/www.kaduk-bauelemente.de\/leistungen\/rolllaeden-schwarzenbek\/\">Rolll\u00e4den Schwarzenbek<\/a>, <a href=\"https:\/\/www.kaduk-bauelemente.de\/leistungen\/fliegengitter-bardowick\/\">Fliegengitter Bardowick<\/a>"},"_links":{"self":[{"href":"https:\/\/www.kaduk-bauelemente.de\/leistungen\/wp-json\/wp\/v2\/pages\/4791","targetHints":{"allow":["GET"]}}],"collection":[{"href":"https:\/\/www.kaduk-bauelemente.de\/leistungen\/wp-json\/wp\/v2\/pages"}],"about":[{"href":"https:\/\/www.kaduk-bauelemente.de\/leistungen\/wp-json\/wp\/v2\/types\/page"}],"author":[{"embeddable":true,"href":"https:\/\/www.kaduk-bauelemente.de\/leistungen\/wp-json\/wp\/v2\/users\/1"}],"replies":[{"embeddable":true,"href":"https:\/\/www.kaduk-bauelemente.de\/leistungen\/wp-json\/wp\/v2\/comments?post=4791"}],"version-history":[{"count":0,"href":"https:\/\/www.kaduk-bauelemente.de\/leistungen\/wp-json\/wp\/v2\/pages\/4791\/revisions"}],"wp:attachment":[{"href":"https:\/\/www.kaduk-bauelemente.de\/leistungen\/wp-json\/wp\/v2\/media?parent=4791"}],"curies":[{"name":"wp","href":"https:\/\/api.w.org\/{rel}","templated":true}]}}