{"id":4790,"date":"2021-08-25T12:19:46","date_gmt":"2021-08-25T10:19:46","guid":{"rendered":"https:\/\/www.kaduk-bauelemente.de\/leistungen\/terrassendaecher-aus-aluminium\/"},"modified":"2021-08-25T12:19:46","modified_gmt":"2021-08-25T10:19:46","slug":"terrassendaecher-aus-aluminium","status":"publish","type":"page","link":"https:\/\/www.kaduk-bauelemente.de\/leistungen\/terrassendaecher-aus-aluminium\/","title":{"rendered":"Terrassend\u00e4cher aus Aluminium"},"content":{"rendered":"<p>Prima, dass Sie unseren Internetauftritt gefunden haben. Ein paar Worte \u00fcber unsere Firma: Die Firma Kaduk ist Ihr Fachbetrieb f\u00fcr Sonnenschutz und Sicherheit im Norden. Ans\u00e4ssig sind wir in Adendorf bei L\u00fcneburg. Jahrelange Berufserfahrung macht unsere Arbeit zu einer verl\u00e4sslichen Gr\u00f6\u00dfe. Als Fachfirma z\u00e4hlen Montage und Auswahl qualitativ hochwertiger Bauelemente zu unseren Kernkompetenzen. Bei uns erhalten Sie unter anderem Au\u00dfenjalousien, T\u00fcren, Fenster, Rolltore, Terrassend\u00e4cher, Markisen, Rolll\u00e4den und Carports. Wir beraten Sie gerne individuell und ausf\u00fchrlich und \u00fcbernehmen s\u00e4mtliche Installationsarbeiten. Auf den folgenden Seiten m\u00f6chten wir uns und unsere Arbeit ausf\u00fchrlich vorstellen.<\/p>\n<h3>Terrassend\u00e4cher aus Aluminium \u2013 nutzbringend und attraktiv!<\/h3>\n<p>Terrassend\u00e4cher verleihen einem Haus einen sehr au\u00dfergew\u00f6hnlichen Charme. Unter Terrassend\u00e4chern sitzt man sicher und bequem und kann sogar bei Regen eine sch\u00f6ne Zeit im Freien verbringen. Terrassend\u00e4cher sch\u00fctzen vor Wind und Wetter und laden daher zum unbeschwertem Aufenthalt ein. Terrassend\u00e4cher sind auf keinen Fall nur ein einfacher Wetterschutz. Sie werden erleben, dass Terrassend\u00e4cher ein Grund f\u00fcr die intensivere Nutzung der Gartenanlage sind. Wir k\u00f6nnen Ihnen schon vorab garantieren, dass Sie bis in den Sp\u00e4therbst hinein sehr viel Freude an Ihrer Terrasse haben werden. Terrassend\u00e4cher erh\u00f6hen schlichtweg die Lebensqualit\u00e4t. Als erfahrenes Fachgesch\u00e4ft \u00fcberzeugen uns insbesodere auch Terrassend\u00e4cher aus Aluminium. Die \u00dcberdachungen sind raumsparend und ausgesprochen strapazierf\u00e4hig. Terrassend\u00e4cher aus Aluminium bieten dar\u00fcber hinaus immer auch ein sehr hohes Ma\u00df an Behaglichkeit und Sicherheit. <\/p>\n<h4>Wir informieren Sie \u00fcber Terrassend\u00e4cher aus Aluminium!<\/h4>\n<p>Unsere freundlichen Mitarbeiter sorgen daf\u00fcr, dass Sie individuelle L\u00f6sungen erhalten, die exakt Ihren Vorstellungen und W\u00fcnschen entsprechen. Wir versprechen Ihnen eine fachm\u00e4nnisch umgesetzte Arbeit nach dem aktuellen Stand der Technik. <\/p>\n<p>Sie erreichen uns unter der Telefonnummer:<\/p>\n<p>04131 \u2013 40 81 45<\/p>\n<p>Vertrauen Sie beim Thema Sonnenschutz und Sicherheit den Spezialisten der Firma Kaduk. Wir freuen uns auf den Kontakt zu Ihnen. F\u00fcr eine Terminvereibarung rufen Sie uns bitte unter der oben stehenden Telefonnummer an oder schicken Sie uns eine E-Mail. Wenn es um Bauelemte geht, sind wir Ihr kompetenter Partner.<\/p>\n","protected":false},"excerpt":{"rendered":"<p>Prima, dass Sie unseren Internetauftritt gefunden haben. Ein paar Worte \u00fcber unsere Firma: Die Firma Kaduk ist Ihr Fachbetrieb f\u00fcr Sonnenschutz und Sicherheit im Norden. Ans\u00e4ssig sind wir in Adendorf bei L\u00fcneburg. Jahrelange Berufserfahrung macht unsere Arbeit zu einer verl\u00e4sslichen Gr\u00f6\u00dfe. Als Fachfirma z\u00e4hlen Montage und Auswahl qualitativ hochwertiger Bauelemente zu unseren Kernkompetenzen. Bei uns [&hellip;]<\/p>\n","protected":false},"author":1,"featured_media":0,"parent":0,"menu_order":0,"comment_status":"closed","ping_status":"closed","template":"","meta":{"footnotes":""},"class_list":["post-4790","page","type-page","status-publish","hentry"],"meta_box":{"popseo_subtitel":"Kaduk Bauelemente ist Ihr Fachanbieter f\u00fcr Terrassend\u00e4cher aus Aluminium","popseo_subtitel2":"","popseo_lasttitel":"","popseo_region":"","popseo_sachwort":"Terrassend\u00e4cher aus Aluminium","popseo_noupdate":"","popseo_einleitungstext":"","popseo_schlusstext":"","popseo_stadttext":"","popseo_zusatztext":"","popseo_links":"<a href=\"https:\/\/www.kaduk-bauelemente.de\/leistungen\/zaunbau-harburg\/\">Zaunbau Harburg<\/a>, <a href=\"https:\/\/www.kaduk-bauelemente.de\/leistungen\/terrassendaecher-aus-aluminium-bispingen\/\">Terrassend\u00e4cher aus Aluminium Bispingen<\/a>, <a href=\"https:\/\/www.kaduk-bauelemente.de\/leistungen\/garagen-amelinghausen\/\">Garagen Amelinghausen<\/a>, <a href=\"https:\/\/www.kaduk-bauelemente.de\/leistungen\/fenster-adendorf\/\">Fenster Adendorf<\/a>, <a href=\"https:\/\/www.kaduk-bauelemente.de\/leistungen\/sektionaltore-jesteburg\/\">Sektionaltore Jesteburg<\/a>, <a href=\"https:\/\/www.kaduk-bauelemente.de\/leistungen\/markisen-ebstorf\/\">Markisen Ebstorf<\/a>, <a href=\"https:\/\/www.kaduk-bauelemente.de\/leistungen\/fliegengitter-hanstedt\/\">Fliegengitter Hanstedt<\/a>, <a href=\"https:\/\/www.kaduk-bauelemente.de\/leistungen\/holzfenster-amelinghausen\/\">Holzfenster Amelinghausen<\/a>, <a href=\"https:\/\/www.kaduk-bauelemente.de\/leistungen\/kunststofffenster-adendorf\/\">Kunststofffenster Adendorf<\/a>, <a href=\"https:\/\/www.kaduk-bauelemente.de\/leistungen\/rolltore-winsen-luhe\/\">Rolltore Winsen Luhe<\/a>, <a href=\"https:\/\/www.kaduk-bauelemente.de\/leistungen\/fliegengitter-lueneburg\/\">Fliegengitter L\u00fcneburg<\/a>, <a href=\"https:\/\/www.kaduk-bauelemente.de\/leistungen\/terrassendaecher-aus-aluminium-winsen-luhe\/\">Terrassend\u00e4cher aus Aluminium Winsen Luhe<\/a>, <a href=\"https:\/\/www.kaduk-bauelemente.de\/leistungen\/carports-reppenstedt\/\">Carports Reppenstedt<\/a>, <a href=\"https:\/\/www.kaduk-bauelemente.de\/leistungen\/sektionaltore-reinbek-glinde\/\">Sektionaltore Reinbek Glinde<\/a>, <a href=\"https:\/\/www.kaduk-bauelemente.de\/leistungen\/holzfenster-maschen\/\">Holzfenster Maschen<\/a>, <a href=\"https:\/\/www.kaduk-bauelemente.de\/leistungen\/zaeune-reinbek-glinde\/\">Z\u00e4une Reinbek Glinde<\/a>, <a href=\"https:\/\/www.kaduk-bauelemente.de\/leistungen\/terrassenueberdachungen-aus-aluminium-adendorf\/\">Terrassen\u00fcberdachungen aus Aluminium Adendorf<\/a>, <a href=\"https:\/\/www.kaduk-bauelemente.de\/leistungen\/garagen-seevetal-rosengarten\/\">Garagen Seevetal Rosengarten<\/a>, <a href=\"https:\/\/www.kaduk-bauelemente.de\/leistungen\/terrassenueberdachungen-aus-holz-lueneburg\/\">Terrassen\u00fcberdachungen aus Holz L\u00fcneburg<\/a>, <a href=\"https:\/\/www.kaduk-bauelemente.de\/leistungen\/garagen-herzogtum-lauenburg\/\">Garagen Herzogtum Lauenburg<\/a>, <a href=\"https:\/\/www.kaduk-bauelemente.de\/leistungen\/terrassendaecher-aus-holz-lueneburg\/\">Terrassend\u00e4cher aus Holz L\u00fcneburg<\/a>, <a href=\"https:\/\/www.kaduk-bauelemente.de\/leistungen\/rollladen-uelzen\/\">Rollladen Uelzen<\/a>, <a href=\"https:\/\/www.kaduk-bauelemente.de\/leistungen\/insektenschutz-ebstorf\/\">Insektenschutz Ebstorf<\/a>, <a href=\"https:\/\/www.kaduk-bauelemente.de\/leistungen\/zaunbau-bispingen\/\">Zaunbau Bispingen<\/a>, <a href=\"https:\/\/www.kaduk-bauelemente.de\/leistungen\/haustueren-seevetal-rosengarten\/\">Haust\u00fcren Seevetal Rosengarten<\/a>, <a href=\"https:\/\/www.kaduk-bauelemente.de\/leistungen\/terrassenueberdachungen-aus-aluminium-jesteburg\/\">Terrassen\u00fcberdachungen aus Aluminium Jesteburg<\/a>, <a href=\"https:\/\/www.kaduk-bauelemente.de\/leistungen\/aussenjalousien-tostedt-sittensen\/\">Au\u00dfenjalousien Tostedt Sittensen<\/a>, <a href=\"https:\/\/www.kaduk-bauelemente.de\/leistungen\/insektenschutz-hanstedt\/\">Insektenschutz Hanstedt<\/a>"},"_links":{"self":[{"href":"https:\/\/www.kaduk-bauelemente.de\/leistungen\/wp-json\/wp\/v2\/pages\/4790","targetHints":{"allow":["GET"]}}],"collection":[{"href":"https:\/\/www.kaduk-bauelemente.de\/leistungen\/wp-json\/wp\/v2\/pages"}],"about":[{"href":"https:\/\/www.kaduk-bauelemente.de\/leistungen\/wp-json\/wp\/v2\/types\/page"}],"author":[{"embeddable":true,"href":"https:\/\/www.kaduk-bauelemente.de\/leistungen\/wp-json\/wp\/v2\/users\/1"}],"replies":[{"embeddable":true,"href":"https:\/\/www.kaduk-bauelemente.de\/leistungen\/wp-json\/wp\/v2\/comments?post=4790"}],"version-history":[{"count":0,"href":"https:\/\/www.kaduk-bauelemente.de\/leistungen\/wp-json\/wp\/v2\/pages\/4790\/revisions"}],"wp:attachment":[{"href":"https:\/\/www.kaduk-bauelemente.de\/leistungen\/wp-json\/wp\/v2\/media?parent=4790"}],"curies":[{"name":"wp","href":"https:\/\/api.w.org\/{rel}","templated":true}]}}