{"id":4788,"date":"2021-08-25T12:19:46","date_gmt":"2021-08-25T10:19:46","guid":{"rendered":"https:\/\/www.kaduk-bauelemente.de\/leistungen\/rolltore\/"},"modified":"2021-08-25T12:19:46","modified_gmt":"2021-08-25T10:19:46","slug":"rolltore","status":"publish","type":"page","link":"https:\/\/www.kaduk-bauelemente.de\/leistungen\/rolltore\/","title":{"rendered":"Rolltore"},"content":{"rendered":"<p>Wir freuen uns, dass Sie unseren Internetauftritt entdeckt haben. Zu unserem Unternehmen: Die Firma Kaduk ist Ihr Fachbetrieb f\u00fcr Sicherheit und Sonnenschutz im Norden. Ans\u00e4ssig sind wir in Adendorf bei L\u00fcneburg. Viele Jahre Erfahrung macht unsere Arbeitsleistung zu einer verl\u00e4sslichen Gr\u00f6\u00dfe. Als Fachfirma geh\u00f6ren Auswahl und Montage qualitativ hochwertiger Bauelemente zu unseren Kernkompetenzen. Bei uns erhalten Sie unter anderem Au\u00dfenjalousien, T\u00fcren, Fenster, Rolltore, Terrassend\u00e4cher, Markisen, Rolll\u00e4den und Carports. Wir beraten Sie gerne ausf\u00fchrlich und immer individuell und \u00fcbernehmen s\u00e4mtliche Installationsarbeiten. Auf den nachfolgenden Seiten m\u00f6chten wir uns und unsere Arbeit detailliert vorstellen.<\/p>\n<h3>Rolltore in gro\u00dfer Auswahl!<\/h3>\n<p>Rolltore arbeiten nach einem sehr simplen Prinzip: Die jeweiligen Einzelelemente sind beweglich und k\u00f6nnen entweder per Handbetrieb oder elektrisch runter- und hochgefahren werden. Fachm\u00e4nnisch installiert, bieten Rolltore einen einwandfreien und einbruchshemmenden Verschluss f\u00fcr eine Garage oder einen Nutzrauml. F\u00fcr welche Art von Rolltor Sie sich schlie\u00dflich auch entscheiden: Die Nutz- und Parkfl\u00e4che in der Garage oder dem betreffenden Nutz- oder Abstellraum wird bestimmt bestens ausgenutzt. Um Ihnen ein individuelles Angebot f\u00fcr geeignete Rolltore ausarbeiten zu k\u00f6nnen, besichtigen wir Ihre Garage auch direkt vor Ort. Nat\u00fcrlich sind wir auch in Sachen Instandsetzung, Wartung und Reparatur Ihre erste Adresse.  <\/p>\n<h4>Unser Kundenservice informiert Sie \u00fcber Rolltore<\/h4>\n<p>Unsere freundlichen und engagierten Spezialisten sorgen daf\u00fcr, dass Sie individuelle L\u00f6sungen bekommen, die genau Ihren Vorstellungen und W\u00fcnschen entsprechen. Wir bieten Ihnen eine sachkundig ausgef\u00fchrte Arbeit nach dem aktuellen Stand der Technik. <\/p>\n<p>Unser Servicetelefon f\u00fcr Sie:<\/p>\n<p>04131 \u2013 40 81 45<\/p>\n<p>Vertrauen Sie beim Thema Sonnenschutz und Sicherheit den Spezialisten der Firma Kaduk. Wir freuen uns auf den Kontakt zu Ihnen. F\u00fcr einen Gespr\u00e4chstermin rufen Sie uns bitte unter der obigen Telefonnummer an oder schicken Sie uns eine eMail. Wenn es um Bauelemte geht, sind wir Ihr kompetenter Partner.<\/p>\n","protected":false},"excerpt":{"rendered":"<p>Wir freuen uns, dass Sie unseren Internetauftritt entdeckt haben. Zu unserem Unternehmen: Die Firma Kaduk ist Ihr Fachbetrieb f\u00fcr Sicherheit und Sonnenschutz im Norden. Ans\u00e4ssig sind wir in Adendorf bei L\u00fcneburg. Viele Jahre Erfahrung macht unsere Arbeitsleistung zu einer verl\u00e4sslichen Gr\u00f6\u00dfe. Als Fachfirma geh\u00f6ren Auswahl und Montage qualitativ hochwertiger Bauelemente zu unseren Kernkompetenzen. Bei uns [&hellip;]<\/p>\n","protected":false},"author":1,"featured_media":0,"parent":0,"menu_order":0,"comment_status":"closed","ping_status":"closed","template":"","meta":{"footnotes":""},"class_list":["post-4788","page","type-page","status-publish","hentry"],"meta_box":{"popseo_subtitel":"Kaduk Bauelemente ist Ihr Fachanbieter f\u00fcr Rolltore","popseo_subtitel2":"","popseo_lasttitel":"","popseo_region":"","popseo_sachwort":"Rolltore","popseo_noupdate":"","popseo_einleitungstext":"","popseo_schlusstext":"","popseo_stadttext":"","popseo_zusatztext":"","popseo_links":"<a href=\"https:\/\/www.kaduk-bauelemente.de\/leistungen\/fliegengitter-boizenburg\/\">Fliegengitter Boizenburg<\/a>, <a href=\"https:\/\/www.kaduk-bauelemente.de\/leistungen\/rolllaeden-winsen-luhe\/\">Rolll\u00e4den Winsen Luhe<\/a>, <a href=\"https:\/\/www.kaduk-bauelemente.de\/leistungen\/terrassendaecher-aus-holz-bienenbuettel\/\">Terrassend\u00e4cher aus Holz Bienenb\u00fcttel<\/a>, <a href=\"https:\/\/www.kaduk-bauelemente.de\/leistungen\/garagen-lueneburg\/\">Garagen L\u00fcneburg<\/a>, <a href=\"https:\/\/www.kaduk-bauelemente.de\/leistungen\/insektenschutz-bardowick\/\">Insektenschutz Bardowick<\/a>, <a href=\"https:\/\/www.kaduk-bauelemente.de\/leistungen\/zaunbau-bienenbuettel\/\">Zaunbau Bienenb\u00fcttel<\/a>, <a href=\"https:\/\/www.kaduk-bauelemente.de\/leistungen\/sektionaltore-schwarzenbek\/\">Sektionaltore Schwarzenbek<\/a>, <a href=\"https:\/\/www.kaduk-bauelemente.de\/leistungen\/terrassenueberdachungen-aus-aluminium-bergedorf-wentorf\/\">Terrassen\u00fcberdachungen aus Aluminium Bergedorf Wentorf<\/a>, <a href=\"https:\/\/www.kaduk-bauelemente.de\/leistungen\/terrassendaecher-aus-holz-ebstorf\/\">Terrassend\u00e4cher aus Holz Ebstorf<\/a>, <a href=\"https:\/\/www.kaduk-bauelemente.de\/leistungen\/raffstores-amt-neuhaus\/\">Raffstores Amt Neuhaus<\/a>, <a href=\"https:\/\/www.kaduk-bauelemente.de\/leistungen\/tueren-geesthacht\/\">T\u00fcren Geesthacht<\/a>, <a href=\"https:\/\/www.kaduk-bauelemente.de\/leistungen\/carports-schwarzenbek\/\">Carports Schwarzenbek<\/a>, <a href=\"https:\/\/www.kaduk-bauelemente.de\/leistungen\/haustueren-amelinghausen\/\">Haust\u00fcren Amelinghausen<\/a>, <a href=\"https:\/\/www.kaduk-bauelemente.de\/leistungen\/carports-winsen-luhe\/\">Carports Winsen Luhe<\/a>, <a href=\"https:\/\/www.kaduk-bauelemente.de\/leistungen\/carports-tostedt-sittensen\/\">Carports Tostedt Sittensen<\/a>, <a href=\"https:\/\/www.kaduk-bauelemente.de\/leistungen\/tueren-schwarzenbek\/\">T\u00fcren Schwarzenbek<\/a>, <a href=\"https:\/\/www.kaduk-bauelemente.de\/leistungen\/holzfenster-maschen\/\">Holzfenster Maschen<\/a>, <a href=\"https:\/\/www.kaduk-bauelemente.de\/leistungen\/fliegengitter-salzhausen\/\">Fliegengitter Salzhausen<\/a>, <a href=\"https:\/\/www.kaduk-bauelemente.de\/leistungen\/raffstores-uelzen\/\">Raffstores Uelzen<\/a>, <a href=\"https:\/\/www.kaduk-bauelemente.de\/leistungen\/insektenschutz-maschen\/\">Insektenschutz Maschen<\/a>, <a href=\"https:\/\/www.kaduk-bauelemente.de\/leistungen\/aussenjalousien-buechen\/\">Au\u00dfenjalousien B\u00fcchen<\/a>, <a href=\"https:\/\/www.kaduk-bauelemente.de\/leistungen\/markisen-maschen\/\">Markisen Maschen<\/a>, <a href=\"https:\/\/www.kaduk-bauelemente.de\/leistungen\/terrassenueberdachungen-aus-holz-adendorf\/\">Terrassen\u00fcberdachungen aus Holz Adendorf<\/a>, <a href=\"https:\/\/www.kaduk-bauelemente.de\/leistungen\/aussenjalousien-seevetal-rosengarten\/\">Au\u00dfenjalousien Seevetal Rosengarten<\/a>, <a href=\"https:\/\/www.kaduk-bauelemente.de\/leistungen\/fliegengitter-buchholz\/\">Fliegengitter Buchholz<\/a>, <a href=\"https:\/\/www.kaduk-bauelemente.de\/leistungen\/kunststofffenster-amt-neuhaus\/\">Kunststofffenster Amt Neuhaus<\/a>"},"_links":{"self":[{"href":"https:\/\/www.kaduk-bauelemente.de\/leistungen\/wp-json\/wp\/v2\/pages\/4788","targetHints":{"allow":["GET"]}}],"collection":[{"href":"https:\/\/www.kaduk-bauelemente.de\/leistungen\/wp-json\/wp\/v2\/pages"}],"about":[{"href":"https:\/\/www.kaduk-bauelemente.de\/leistungen\/wp-json\/wp\/v2\/types\/page"}],"author":[{"embeddable":true,"href":"https:\/\/www.kaduk-bauelemente.de\/leistungen\/wp-json\/wp\/v2\/users\/1"}],"replies":[{"embeddable":true,"href":"https:\/\/www.kaduk-bauelemente.de\/leistungen\/wp-json\/wp\/v2\/comments?post=4788"}],"version-history":[{"count":0,"href":"https:\/\/www.kaduk-bauelemente.de\/leistungen\/wp-json\/wp\/v2\/pages\/4788\/revisions"}],"wp:attachment":[{"href":"https:\/\/www.kaduk-bauelemente.de\/leistungen\/wp-json\/wp\/v2\/media?parent=4788"}],"curies":[{"name":"wp","href":"https:\/\/api.w.org\/{rel}","templated":true}]}}