{"id":4784,"date":"2021-08-25T12:19:46","date_gmt":"2021-08-25T10:19:46","guid":{"rendered":"https:\/\/www.kaduk-bauelemente.de\/leistungen\/markisen\/"},"modified":"2021-08-25T12:19:46","modified_gmt":"2021-08-25T10:19:46","slug":"markisen","status":"publish","type":"page","link":"https:\/\/www.kaduk-bauelemente.de\/leistungen\/markisen\/","title":{"rendered":"Markisen"},"content":{"rendered":"<p>Wir finden es klasse, dass Sie unsere Website gefunden haben. Ein paar Worte \u00fcber unsere Firma: Die Firma Kaduk ist Ihr erfahrener Fachbetrieb f\u00fcr Sonnenschutz und Sicherheit im Norden. Ans\u00e4ssig sind wir in Adendorf bei L\u00fcneburg. Intensive Erfahrung macht unsere Arbeit zu einer redlichen Gr\u00f6\u00dfe. Als Fachfirma geh\u00f6ren Auswahl und Montage qualitativ hochwertiger Bauelemente Zu unseren Hauptaufgaben. Bei uns bekommen Sie unter anderem Au\u00dfenjalousien, Fenster, T\u00fcren, Markisen, Rolltore, Terrassend\u00e4cher, Carports und Rolll\u00e4den. Wir beraten Sie gerne ausf\u00fchrlich und immer individuell und \u00fcbernehmen alle Installationsarbeiten. Auf den n\u00e4chsten Seiten d\u00fcrfen wir uns und unsere Arbeit ausf\u00fchrlich pr\u00e4sentieren.<\/p>\n<h3>Wir informieren Sie \u00fcber Markisen!<\/h3>\n<p>Markisen fungieren als wirksamer Regen-, Blend- oder Sonnenschutz. Die Markisen werden zusammen mit einem speziellen Gestell zur Bedienung und Aufbewahrung vorwiegend \u00fcber einem Fenster bzw. einer T\u00fcr angebracht. Im Fachhandel bekommt man die sogenannten Roll-Markisen, die Falt-Markisen und die Fest-Markisen. Bei den zuerst genannten Markisen l\u00e4sst sich die Bespannung mittels einer Welle aufrollen. Die zweite Produktgattung rafft das Tuch beim Ein- oder Ausfahren und die festverbauten Markisen schlu\u00dfendlich sind in der Form nicht ver\u00e4nderbar. Erh\u00e4ltlich sind die Markisen mit einem Gelenkarm und als sogenannte Kassettenmarkisen. Regelm\u00e4\u00dfg verf\u00fcgen die Markisen \u00fcber eine witterungsbest\u00e4ndige Bespannung. W\u00e4hrend der Sommermonate werden die Markisen h\u00e4ufig als optisch gelungener Blendschutz genutzt. Als zus\u00e4tzlicher Effekt zeichnen sich die Markisen gleichwohl als durchaus wirksame W\u00e4rmed\u00e4mmung aus. Die Markisen geben Beschattung und sch\u00fctzen zugleich die Innenr\u00e4ume eines Hauses vor \u00fcberm\u00e4\u00dfiger Hitze. Korrekt angebracht, werden Sie lange Jahre Ihre Freude an den Markisen haben. Und ganz nebenbei: Die Markisen werten ein Wohn- oder Gesch\u00e4ftshaus manchmal optisch ganz erheblich auf. <\/p>\n<h4>Markisen \u2013 auch optisch ein Highlight!<\/h4>\n<p>Unser engagiertes Team sorgt daf\u00fcr, dass Sie qualitativ hochwertige L\u00f6sungen erhalten, die exakt Ihren W\u00fcnschen und Vorstellungen entsprechen. Wir bieten Ihnen eine fachgerecht umgesetzte Arbeit nach dem derzeitigen Stand der Technik. <\/p>\n<p>Greifen Sie bitte zum Telefonh\u00f6rer:<\/p>\n<p>04131 \u2013 40 81 45<\/p>\n<p>Vertrauen Sie beim Thema Sonnenschutz und Sicherheit den Spezialisten der Firma Kaduk. Wir freuen uns auf den Kontakt zu Ihnen. F\u00fcr eine Terminvereibarung rufen Sie uns bitte unter der obigen Telefonnummer an oder senden Sie uns eine E-Mail. Wenn es um Bauelemte geht, sind wir Ihr erfahrener Partner.<\/p>\n","protected":false},"excerpt":{"rendered":"<p>Wir finden es klasse, dass Sie unsere Website gefunden haben. Ein paar Worte \u00fcber unsere Firma: Die Firma Kaduk ist Ihr erfahrener Fachbetrieb f\u00fcr Sonnenschutz und Sicherheit im Norden. Ans\u00e4ssig sind wir in Adendorf bei L\u00fcneburg. Intensive Erfahrung macht unsere Arbeit zu einer redlichen Gr\u00f6\u00dfe. Als Fachfirma geh\u00f6ren Auswahl und Montage qualitativ hochwertiger Bauelemente Zu [&hellip;]<\/p>\n","protected":false},"author":1,"featured_media":0,"parent":0,"menu_order":0,"comment_status":"closed","ping_status":"closed","template":"","meta":{"footnotes":""},"class_list":["post-4784","page","type-page","status-publish","hentry"],"meta_box":{"popseo_subtitel":"Wir sind Ihr Fachbetrieb f\u00fcr Markisen","popseo_subtitel2":"","popseo_lasttitel":"","popseo_region":"","popseo_sachwort":"Markisen","popseo_noupdate":"","popseo_einleitungstext":"","popseo_schlusstext":"","popseo_stadttext":"","popseo_zusatztext":"","popseo_links":"<a href=\"https:\/\/www.kaduk-bauelemente.de\/leistungen\/haustueren-stelle\/\">Haust\u00fcren Stelle<\/a>, <a href=\"https:\/\/www.kaduk-bauelemente.de\/leistungen\/holzfenster-lueneburg\/\">Holzfenster L\u00fcneburg<\/a>, <a href=\"https:\/\/www.kaduk-bauelemente.de\/leistungen\/sektionaltore-jesteburg\/\">Sektionaltore Jesteburg<\/a>, <a href=\"https:\/\/www.kaduk-bauelemente.de\/leistungen\/sektionaltore-bergedorf-wentorf\/\">Sektionaltore Bergedorf Wentorf<\/a>, <a href=\"https:\/\/www.kaduk-bauelemente.de\/leistungen\/terrassenueberdachungen-aus-holz-seevetal-rosengarten\/\">Terrassen\u00fcberdachungen aus Holz Seevetal Rosengarten<\/a>, <a href=\"https:\/\/www.kaduk-bauelemente.de\/leistungen\/aussenjalousien-seevetal-rosengarten\/\">Au\u00dfenjalousien Seevetal Rosengarten<\/a>, <a href=\"https:\/\/www.kaduk-bauelemente.de\/leistungen\/insektenschutz-tostedt-sittensen\/\">Insektenschutz Tostedt Sittensen<\/a>, <a href=\"https:\/\/www.kaduk-bauelemente.de\/leistungen\/raffstores-amelinghausen\/\">Raffstores Amelinghausen<\/a>, <a href=\"https:\/\/www.kaduk-bauelemente.de\/leistungen\/zaeune-reppenstedt\/\">Z\u00e4une Reppenstedt<\/a>, <a href=\"https:\/\/www.kaduk-bauelemente.de\/leistungen\/garagentore-maschen\/\">Garagentore Maschen<\/a>, <a href=\"https:\/\/www.kaduk-bauelemente.de\/leistungen\/aussenjalousien-buchholz\/\">Au\u00dfenjalousien Buchholz<\/a>, <a href=\"https:\/\/www.kaduk-bauelemente.de\/leistungen\/terrassenueberdachungen-aus-holz-schwarzenbek\/\">Terrassen\u00fcberdachungen aus Holz Schwarzenbek<\/a>, <a href=\"https:\/\/www.kaduk-bauelemente.de\/leistungen\/carports-tostedt-sittensen\/\">Carports Tostedt Sittensen<\/a>, <a href=\"https:\/\/www.kaduk-bauelemente.de\/leistungen\/zaunbau-bergedorf-wentorf\/\">Zaunbau Bergedorf Wentorf<\/a>, <a href=\"https:\/\/www.kaduk-bauelemente.de\/leistungen\/sektionaltore-geesthacht\/\">Sektionaltore Geesthacht<\/a>, <a href=\"https:\/\/www.kaduk-bauelemente.de\/leistungen\/fliegengitter-seevetal-rosengarten\/\">Fliegengitter Seevetal Rosengarten<\/a>, <a href=\"https:\/\/www.kaduk-bauelemente.de\/leistungen\/garagen-reinbek-glinde\/\">Garagen Reinbek Glinde<\/a>, <a href=\"https:\/\/www.kaduk-bauelemente.de\/leistungen\/rollladen-stelle\/\">Rollladen Stelle<\/a>, <a href=\"https:\/\/www.kaduk-bauelemente.de\/leistungen\/carports-herzogtum-lauenburg\/\">Carports Herzogtum Lauenburg<\/a>, <a href=\"https:\/\/www.kaduk-bauelemente.de\/leistungen\/rolllaeden-buchholz\/\">Rolll\u00e4den Buchholz<\/a>, <a href=\"https:\/\/www.kaduk-bauelemente.de\/leistungen\/zaeune-jesteburg\/\">Z\u00e4une Jesteburg<\/a>, <a href=\"https:\/\/www.kaduk-bauelemente.de\/leistungen\/fliegengitter-salzhausen\/\">Fliegengitter Salzhausen<\/a>, <a href=\"https:\/\/www.kaduk-bauelemente.de\/leistungen\/rolltore-bispingen\/\">Rolltore Bispingen<\/a>, <a href=\"https:\/\/www.kaduk-bauelemente.de\/leistungen\/haustueren-winsen-luhe\/\">Haust\u00fcren Winsen Luhe<\/a>, <a href=\"https:\/\/www.kaduk-bauelemente.de\/leistungen\/fenster-bad-bevensen\/\">Fenster Bad Bevensen<\/a>, <a href=\"https:\/\/www.kaduk-bauelemente.de\/leistungen\/rolllaeden-harburg\/\">Rolll\u00e4den Harburg<\/a>"},"_links":{"self":[{"href":"https:\/\/www.kaduk-bauelemente.de\/leistungen\/wp-json\/wp\/v2\/pages\/4784","targetHints":{"allow":["GET"]}}],"collection":[{"href":"https:\/\/www.kaduk-bauelemente.de\/leistungen\/wp-json\/wp\/v2\/pages"}],"about":[{"href":"https:\/\/www.kaduk-bauelemente.de\/leistungen\/wp-json\/wp\/v2\/types\/page"}],"author":[{"embeddable":true,"href":"https:\/\/www.kaduk-bauelemente.de\/leistungen\/wp-json\/wp\/v2\/users\/1"}],"replies":[{"embeddable":true,"href":"https:\/\/www.kaduk-bauelemente.de\/leistungen\/wp-json\/wp\/v2\/comments?post=4784"}],"version-history":[{"count":0,"href":"https:\/\/www.kaduk-bauelemente.de\/leistungen\/wp-json\/wp\/v2\/pages\/4784\/revisions"}],"wp:attachment":[{"href":"https:\/\/www.kaduk-bauelemente.de\/leistungen\/wp-json\/wp\/v2\/media?parent=4784"}],"curies":[{"name":"wp","href":"https:\/\/api.w.org\/{rel}","templated":true}]}}