{"id":4781,"date":"2021-08-25T12:19:46","date_gmt":"2021-08-25T10:19:46","guid":{"rendered":"https:\/\/www.kaduk-bauelemente.de\/leistungen\/holzfenster\/"},"modified":"2021-08-25T12:19:46","modified_gmt":"2021-08-25T10:19:46","slug":"holzfenster","status":"publish","type":"page","link":"https:\/\/www.kaduk-bauelemente.de\/leistungen\/holzfenster\/","title":{"rendered":"Holzfenster"},"content":{"rendered":"<p>Wir finden es toll, dass Sie unsere Website entdeckt haben. Zu unserem Unternehmen: Die Firma Kaduk ist Ihr Spezialist f\u00fcr Sonnenschutz und Sicherheit im Norden. Ans\u00e4ssig sind wir in Adendorf bei L\u00fcneburg. Viele Jahre Erfahrung macht unsere Arbeit zu einer verl\u00e4sslichen Gr\u00f6\u00dfe. Als Fachfirma z\u00e4hlen Montage und Auswahl qualitativ hochwertiger Bauelemente zu unseren Kernkompetenzen. Bei uns bekommen Sie unter anderem Au\u00dfenjalousien, T\u00fcren, Fenster, Markisen, Rolltore, Terrassend\u00e4cher, Carports und Rolll\u00e4den. Wir beraten Sie gerne individuell \u00fcber Ihre M\u00f6glichkeiten und \u00fcbernehmen alle Installationsarbeiten. Auf den nachfolgenden Seiten m\u00f6chten wir uns und unsere Arbeit detailliert pr\u00e4sentieren.<\/p>\n<h3>Holzfenster f\u00fcr Ihre Privat- oder Gesch\u00e4ftsimmobilie<\/h3>\n<p>Ein Holzfenster ist eine ansehnliche, gleichwohl ausgezeichnete Verbindung aus Natur und Technik. Nat\u00fcrliches Material ist stets ein Merkmal f\u00fcr einen individuellen Stil. Ferner bietet Ihnen das Holzfenster eine sehr hohe Energieeffizienz. Holzfenster erfreuen sich einer besonderen Kundennachfrage. Als Rohstoff ist Holz besonders wertig. Auch bestechen Holzfenster durch ihre lange Haltbarkeit. Zweifel, Holzfenster w\u00e4ren im Vergleich zu Kunststofffenstern empfindlicher, kann man komplett verneinen. Hochwertige und vern\u00fcnftig behandelte Holzfenster bieten einen sehr guten Schutz gegen sch\u00e4dliche Witterungseinfl\u00fcsse. Ein Holzfenster wirkt sich auch vorteilhaft auf das Wohnambiente aus.<\/p>\n<h4>Holzfenster \u2013 auch optisch ein Highlight!<\/h4>\n<p>Unser engagiertes Team sorgt daf\u00fcr, dass Sie passgenaue L\u00f6sungen bekommen, die exakt Ihren Vorstellungen und W\u00fcnschen entsprechen. Wir versprechen Ihnen eine fachkundig erledigte Arbeit nach dem aktuellen Stand der Technik. <\/p>\n<p>Wir freuen uns auf Ihren Anruf unter:<\/p>\n<p>04131 \u2013 40 81 45<\/p>\n<p>Vertrauen Sie beim Thema Sonnenschutz und Sicherheit auf das Urteil eines erfahrenen Fachbetriebes. Wir w\u00fcrden uns freuen, wenn wir Ihnen helfen k\u00f6nnen. F\u00fcr einen Gespr\u00e4chstermin rufen Sie uns bitte unter der obigen Telefonnummer an oder senden Sie uns eine E-Mail. Wenn es um Bauelemte geht, sind wir Ihr fachlich versierter Partner.<\/p>\n","protected":false},"excerpt":{"rendered":"<p>Wir finden es toll, dass Sie unsere Website entdeckt haben. Zu unserem Unternehmen: Die Firma Kaduk ist Ihr Spezialist f\u00fcr Sonnenschutz und Sicherheit im Norden. Ans\u00e4ssig sind wir in Adendorf bei L\u00fcneburg. Viele Jahre Erfahrung macht unsere Arbeit zu einer verl\u00e4sslichen Gr\u00f6\u00dfe. Als Fachfirma z\u00e4hlen Montage und Auswahl qualitativ hochwertiger Bauelemente zu unseren Kernkompetenzen. Bei [&hellip;]<\/p>\n","protected":false},"author":1,"featured_media":0,"parent":0,"menu_order":0,"comment_status":"closed","ping_status":"closed","template":"","meta":{"footnotes":""},"class_list":["post-4781","page","type-page","status-publish","hentry"],"meta_box":{"popseo_subtitel":"Wir sind Ihr Fachbetrieb f\u00fcr Holzfenster","popseo_subtitel2":"","popseo_lasttitel":"","popseo_region":"","popseo_sachwort":"Holzfenster","popseo_noupdate":"","popseo_einleitungstext":"","popseo_schlusstext":"","popseo_stadttext":"","popseo_zusatztext":"","popseo_links":"<a href=\"https:\/\/www.kaduk-bauelemente.de\/leistungen\/markisen-buchholz\/\">Markisen Buchholz<\/a>, <a href=\"https:\/\/www.kaduk-bauelemente.de\/leistungen\/rolllaeden-stelle\/\">Rolll\u00e4den Stelle<\/a>, <a href=\"https:\/\/www.kaduk-bauelemente.de\/leistungen\/fliegengitter-uelzen\/\">Fliegengitter Uelzen<\/a>, <a href=\"https:\/\/www.kaduk-bauelemente.de\/leistungen\/insektenschutz-boizenburg\/\">Insektenschutz Boizenburg<\/a>, <a href=\"https:\/\/www.kaduk-bauelemente.de\/leistungen\/garagen-amelinghausen\/\">Garagen Amelinghausen<\/a>, <a href=\"https:\/\/www.kaduk-bauelemente.de\/leistungen\/sektionaltore-hanstedt\/\">Sektionaltore Hanstedt<\/a>, <a href=\"https:\/\/www.kaduk-bauelemente.de\/leistungen\/sektionaltore-bispingen\/\">Sektionaltore Bispingen<\/a>, <a href=\"https:\/\/www.kaduk-bauelemente.de\/leistungen\/raffstores-buechen\/\">Raffstores B\u00fcchen<\/a>, <a href=\"https:\/\/www.kaduk-bauelemente.de\/leistungen\/zaunbau-amelinghausen\/\">Zaunbau Amelinghausen<\/a>, <a href=\"https:\/\/www.kaduk-bauelemente.de\/leistungen\/haustueren-buchholz\/\">Haust\u00fcren Buchholz<\/a>, <a href=\"https:\/\/www.kaduk-bauelemente.de\/leistungen\/terrassenueberdachungen-aus-holz-buchholz\/\">Terrassen\u00fcberdachungen aus Holz Buchholz<\/a>, <a href=\"https:\/\/www.kaduk-bauelemente.de\/leistungen\/terrassenueberdachungen-aus-aluminium-maschen\/\">Terrassen\u00fcberdachungen aus Aluminium Maschen<\/a>, <a href=\"https:\/\/www.kaduk-bauelemente.de\/leistungen\/markisen-boizenburg\/\">Markisen Boizenburg<\/a>, <a href=\"https:\/\/www.kaduk-bauelemente.de\/leistungen\/terrassendaecher-aus-holz-bergedorf-wentorf\/\">Terrassend\u00e4cher aus Holz Bergedorf Wentorf<\/a>, <a href=\"https:\/\/www.kaduk-bauelemente.de\/leistungen\/haustueren-herzogtum-lauenburg\/\">Haust\u00fcren Herzogtum Lauenburg<\/a>, <a href=\"https:\/\/www.kaduk-bauelemente.de\/leistungen\/sektionaltore-lueneburg\/\">Sektionaltore L\u00fcneburg<\/a>, <a href=\"https:\/\/www.kaduk-bauelemente.de\/leistungen\/fliegengitter-winsen-luhe\/\">Fliegengitter Winsen Luhe<\/a>, <a href=\"https:\/\/www.kaduk-bauelemente.de\/leistungen\/garagen-tostedt-sittensen\/\">Garagen Tostedt Sittensen<\/a>, <a href=\"https:\/\/www.kaduk-bauelemente.de\/leistungen\/fenster-maschen\/\">Fenster Maschen<\/a>, <a href=\"https:\/\/www.kaduk-bauelemente.de\/leistungen\/zaunbau-bispingen\/\">Zaunbau Bispingen<\/a>, <a href=\"https:\/\/www.kaduk-bauelemente.de\/leistungen\/terrassenueberdachungen-aus-holz-amt-neuhaus\/\">Terrassen\u00fcberdachungen aus Holz Amt Neuhaus<\/a>, <a href=\"https:\/\/www.kaduk-bauelemente.de\/leistungen\/zaeune-bad-bevensen\/\">Z\u00e4une Bad Bevensen<\/a>, <a href=\"https:\/\/www.kaduk-bauelemente.de\/leistungen\/fliegengitter-lueneburg\/\">Fliegengitter L\u00fcneburg<\/a>, <a href=\"https:\/\/www.kaduk-bauelemente.de\/leistungen\/zaeune-amelinghausen\/\">Z\u00e4une Amelinghausen<\/a>, <a href=\"https:\/\/www.kaduk-bauelemente.de\/leistungen\/fenster-uelzen\/\">Fenster Uelzen<\/a>, <a href=\"https:\/\/www.kaduk-bauelemente.de\/leistungen\/garagen-buchholz\/\">Garagen Buchholz<\/a>"},"_links":{"self":[{"href":"https:\/\/www.kaduk-bauelemente.de\/leistungen\/wp-json\/wp\/v2\/pages\/4781","targetHints":{"allow":["GET"]}}],"collection":[{"href":"https:\/\/www.kaduk-bauelemente.de\/leistungen\/wp-json\/wp\/v2\/pages"}],"about":[{"href":"https:\/\/www.kaduk-bauelemente.de\/leistungen\/wp-json\/wp\/v2\/types\/page"}],"author":[{"embeddable":true,"href":"https:\/\/www.kaduk-bauelemente.de\/leistungen\/wp-json\/wp\/v2\/users\/1"}],"replies":[{"embeddable":true,"href":"https:\/\/www.kaduk-bauelemente.de\/leistungen\/wp-json\/wp\/v2\/comments?post=4781"}],"version-history":[{"count":0,"href":"https:\/\/www.kaduk-bauelemente.de\/leistungen\/wp-json\/wp\/v2\/pages\/4781\/revisions"}],"wp:attachment":[{"href":"https:\/\/www.kaduk-bauelemente.de\/leistungen\/wp-json\/wp\/v2\/media?parent=4781"}],"curies":[{"name":"wp","href":"https:\/\/api.w.org\/{rel}","templated":true}]}}