{"id":4776,"date":"2021-08-25T12:19:46","date_gmt":"2021-08-25T10:19:46","guid":{"rendered":"https:\/\/www.kaduk-bauelemente.de\/leistungen\/fenster\/"},"modified":"2021-08-25T12:19:46","modified_gmt":"2021-08-25T10:19:46","slug":"fenster","status":"publish","type":"page","link":"https:\/\/www.kaduk-bauelemente.de\/leistungen\/fenster\/","title":{"rendered":"Fenster"},"content":{"rendered":"<p>Prima, dass Sie unsere Homepage gefunden haben. Zu unserem Unternehmen: Die Firma Dirk Kaduk Bauelemente ist Ihr Fachanbieter f\u00fcr Sicherheit und Sonnenschutz im Norden. Ans\u00e4ssig sind wir in Adendorf bei L\u00fcneburg. Jahrelange Erfahrung macht unsere Arbeitsleistung zu einer redlichen Gr\u00f6\u00dfe. Als Fachfirma geh\u00f6ren Auswahl und Montage qualitativ hochwertiger Bauelemente zu unseren Kernkompetenzen. Bei uns erhalten Sie unter anderem T\u00fcren, Fenster, Au\u00dfenjalousien, Terrassend\u00e4cher, Markisen, Rolltore, Rolll\u00e4den und Carports. Wir beraten Sie gerne individuell und ausf\u00fchrlich und \u00fcbernehmen alle Installationsarbeiten. Auf den n\u00e4chsten Seiten d\u00fcrfen wir uns und unsere Arbeit ausf\u00fchrlich pr\u00e4sentieren.<\/p>\n<h3>Neue Fenster sind immer eine gute Idee!<\/h3>\n<p>Unser Sortiment umfasst eine gro\u00dfe Auswahl. Wie w\u00e4re es z.B. mit einem Fenster aus Holz? So ein Fenster ist eine schmuckvolle, gleicherma\u00dfen hochwertige Verbindung aus Natur und Technik. Naturbelassenes Material ist ganz sicher ein Ausdruck f\u00fcr einen besonderen Stil. Zugleich hat ein gutes Fenster eine hohe Energieeffizienz und \u00fcberzeugt durch eine sehr lange Produktlebenszeit. <\/p>\n<p>Ein Fenster aus Aluminium wiederum beeindruckt vor allem durch die ausgereifte Technik. Wer sich f\u00fcr Alu-Fenster entscheidet, vertraut auf Wirtschaftlichkeit und Funktionalit\u00e4t. Fenster aus Aluminium zeichnen sich durch eine bestm\u00f6gliche W\u00e4rmeisolierung aus. Selbstredend passt trotzdem auch die Optik bei diesem Fenster. Aluminium ist sehr stabil. Auf der Au\u00dfenseite montiert, bietet das Metall einen optimalen Schutz gegen negative Wettereinfl\u00fcsse. Durch das auf der Innenseite zus\u00e4tzlich verarbeitete Holz wirkt sich das Fenster positiv auf das Wohnambiente aus.  <\/p>\n<h4>Neue Fenster erh\u00f6hen den Wohnwert Ihrer Immobilie<\/h4>\n<p>Unsere freundlichen und engagierten Spezialisten sorgen daf\u00fcr, dass Sie qualitative und individuelle L\u00f6sungen bekommen, die genau Ihren W\u00fcnschen und Vorstellungen entsprechen. Wir versprechen Ihnen eine fachkundig erledigte Arbeit nach dem aktuellsten Stand der Technik. <\/p>\n<p>Informationen erhalten Sie unter:<\/p>\n<p>04131 \u2013 40 81 45<\/p>\n<p>Vertrauen Sie beim Thema Sonnenschutz und Sicherheit auf das Urteil eines erfahrenen Fachbetriebes. Wir freuen uns auf den Kontakt zu Ihnen. F\u00fcr eine Terminvereibarung rufen Sie uns bitte unter der obigen Telefonnummer an oder senden Sie uns eine eMail. Wenn es um Bauelemte geht, sind wir Ihr qualifizierter Partner.<\/p>\n","protected":false},"excerpt":{"rendered":"<p>Prima, dass Sie unsere Homepage gefunden haben. Zu unserem Unternehmen: Die Firma Dirk Kaduk Bauelemente ist Ihr Fachanbieter f\u00fcr Sicherheit und Sonnenschutz im Norden. Ans\u00e4ssig sind wir in Adendorf bei L\u00fcneburg. Jahrelange Erfahrung macht unsere Arbeitsleistung zu einer redlichen Gr\u00f6\u00dfe. Als Fachfirma geh\u00f6ren Auswahl und Montage qualitativ hochwertiger Bauelemente zu unseren Kernkompetenzen. Bei uns erhalten [&hellip;]<\/p>\n","protected":false},"author":1,"featured_media":0,"parent":0,"menu_order":0,"comment_status":"closed","ping_status":"closed","template":"","meta":{"footnotes":""},"class_list":["post-4776","page","type-page","status-publish","hentry"],"meta_box":{"popseo_subtitel":"Kaduk Bauelemente ist Ihr erfahrener Fachbetrieb f\u00fcr Fenster","popseo_subtitel2":"","popseo_lasttitel":"","popseo_region":"","popseo_sachwort":"Fenster","popseo_noupdate":"","popseo_einleitungstext":"","popseo_schlusstext":"","popseo_stadttext":"","popseo_zusatztext":"","popseo_links":"<a href=\"https:\/\/www.kaduk-bauelemente.de\/leistungen\/raffstores-geesthacht\/\">Raffstores Geesthacht<\/a>, <a href=\"https:\/\/www.kaduk-bauelemente.de\/leistungen\/rolltore-lueneburg\/\">Rolltore L\u00fcneburg<\/a>, <a href=\"https:\/\/www.kaduk-bauelemente.de\/leistungen\/terrassendaecher-aus-aluminium-geesthacht\/\">Terrassend\u00e4cher aus Aluminium Geesthacht<\/a>, <a href=\"https:\/\/www.kaduk-bauelemente.de\/leistungen\/fliegengitter-tostedt-sittensen\/\">Fliegengitter Tostedt Sittensen<\/a>, <a href=\"https:\/\/www.kaduk-bauelemente.de\/leistungen\/tueren-adendorf\/\">T\u00fcren Adendorf<\/a>, <a href=\"https:\/\/www.kaduk-bauelemente.de\/leistungen\/terrassenueberdachungen-aus-holz-amelinghausen\/\">Terrassen\u00fcberdachungen aus Holz Amelinghausen<\/a>, <a href=\"https:\/\/www.kaduk-bauelemente.de\/leistungen\/terrassenueberdachungen-aus-aluminium-salzhausen\/\">Terrassen\u00fcberdachungen aus Aluminium Salzhausen<\/a>, <a href=\"https:\/\/www.kaduk-bauelemente.de\/leistungen\/markisen-uelzen\/\">Markisen Uelzen<\/a>, <a href=\"https:\/\/www.kaduk-bauelemente.de\/leistungen\/fliegengitter-salzhausen\/\">Fliegengitter Salzhausen<\/a>, <a href=\"https:\/\/www.kaduk-bauelemente.de\/leistungen\/carports-stelle\/\">Carports Stelle<\/a>, <a href=\"https:\/\/www.kaduk-bauelemente.de\/leistungen\/haustueren-jesteburg\/\">Haust\u00fcren Jesteburg<\/a>, <a href=\"https:\/\/www.kaduk-bauelemente.de\/leistungen\/sektionaltore-tostedt-sittensen\/\">Sektionaltore Tostedt Sittensen<\/a>, <a href=\"https:\/\/www.kaduk-bauelemente.de\/leistungen\/terrassendaecher-aus-aluminium-buchholz\/\">Terrassend\u00e4cher aus Aluminium Buchholz<\/a>, <a href=\"https:\/\/www.kaduk-bauelemente.de\/leistungen\/garagen-buechen\/\">Garagen B\u00fcchen<\/a>, <a href=\"https:\/\/www.kaduk-bauelemente.de\/leistungen\/fliegengitter-bienenbuettel\/\">Fliegengitter Bienenb\u00fcttel<\/a>, <a href=\"https:\/\/www.kaduk-bauelemente.de\/leistungen\/fliegengitter-amelinghausen\/\">Fliegengitter Amelinghausen<\/a>, <a href=\"https:\/\/www.kaduk-bauelemente.de\/leistungen\/zaunbau-bienenbuettel\/\">Zaunbau Bienenb\u00fcttel<\/a>, <a href=\"https:\/\/www.kaduk-bauelemente.de\/leistungen\/terrassenueberdachungen-aus-aluminium-reinbek-glinde\/\">Terrassen\u00fcberdachungen aus Aluminium Reinbek Glinde<\/a>, <a href=\"https:\/\/www.kaduk-bauelemente.de\/leistungen\/haustueren-tostedt-sittensen\/\">Haust\u00fcren Tostedt Sittensen<\/a>, <a href=\"https:\/\/www.kaduk-bauelemente.de\/leistungen\/haustueren-maschen\/\">Haust\u00fcren Maschen<\/a>, <a href=\"https:\/\/www.kaduk-bauelemente.de\/leistungen\/terrassenueberdachungen-aus-holz-hanstedt\/\">Terrassen\u00fcberdachungen aus Holz Hanstedt<\/a>, <a href=\"https:\/\/www.kaduk-bauelemente.de\/leistungen\/fliegengitter-geesthacht\/\">Fliegengitter Geesthacht<\/a>, <a href=\"https:\/\/www.kaduk-bauelemente.de\/leistungen\/aussenjalousien-amelinghausen\/\">Au\u00dfenjalousien Amelinghausen<\/a>, <a href=\"https:\/\/www.kaduk-bauelemente.de\/leistungen\/terrassenueberdachungen-aus-aluminium-geesthacht\/\">Terrassen\u00fcberdachungen aus Aluminium Geesthacht<\/a>, <a href=\"https:\/\/www.kaduk-bauelemente.de\/leistungen\/terrassenueberdachungen-aus-holz-lueneburg\/\">Terrassen\u00fcberdachungen aus Holz L\u00fcneburg<\/a>, <a href=\"https:\/\/www.kaduk-bauelemente.de\/leistungen\/garagen-jesteburg\/\">Garagen Jesteburg<\/a>"},"_links":{"self":[{"href":"https:\/\/www.kaduk-bauelemente.de\/leistungen\/wp-json\/wp\/v2\/pages\/4776","targetHints":{"allow":["GET"]}}],"collection":[{"href":"https:\/\/www.kaduk-bauelemente.de\/leistungen\/wp-json\/wp\/v2\/pages"}],"about":[{"href":"https:\/\/www.kaduk-bauelemente.de\/leistungen\/wp-json\/wp\/v2\/types\/page"}],"author":[{"embeddable":true,"href":"https:\/\/www.kaduk-bauelemente.de\/leistungen\/wp-json\/wp\/v2\/users\/1"}],"replies":[{"embeddable":true,"href":"https:\/\/www.kaduk-bauelemente.de\/leistungen\/wp-json\/wp\/v2\/comments?post=4776"}],"version-history":[{"count":0,"href":"https:\/\/www.kaduk-bauelemente.de\/leistungen\/wp-json\/wp\/v2\/pages\/4776\/revisions"}],"wp:attachment":[{"href":"https:\/\/www.kaduk-bauelemente.de\/leistungen\/wp-json\/wp\/v2\/media?parent=4776"}],"curies":[{"name":"wp","href":"https:\/\/api.w.org\/{rel}","templated":true}]}}