{"id":4774,"date":"2021-08-25T12:19:46","date_gmt":"2021-08-25T10:19:46","guid":{"rendered":"https:\/\/www.kaduk-bauelemente.de\/leistungen\/aussenjalousien\/"},"modified":"2021-08-25T12:19:46","modified_gmt":"2021-08-25T10:19:46","slug":"aussenjalousien","status":"publish","type":"page","link":"https:\/\/www.kaduk-bauelemente.de\/leistungen\/aussenjalousien\/","title":{"rendered":"Au\u00dfenjalousien"},"content":{"rendered":"<p>Wir finden es toll, dass Sie unsere Internetseite entdeckt haben. Ein paar Worte zu uns: Die Firma Dirk Kaduk Bauelemente ist Ihr Partner f\u00fcr Sonnenschutz und Sicherheit im Norden. Ans\u00e4ssig sind wir in Adendorf bei L\u00fcneburg. Jahrelange Erfahrung macht unsere Arbeitsleistung zu einer echten Gr\u00f6\u00dfe. Als Fachfirma z\u00e4hlen Montage und Auswahl qualitativ hochwertiger Bauelemente zu unseren Kernkompetenzen. Bei uns erhalten Sie unter anderem T\u00fcren, Fenster, Au\u00dfenjalousien, Terrassend\u00e4cher, Markisen, Rolltore, Carports und Rolll\u00e4den. Wir beraten Sie gerne ausf\u00fchrlich und immer individuell und \u00fcbernehmen alle Installationsarbeiten. Auf den n\u00e4chsten Seiten d\u00fcrfen wir uns und unsere Arbeit n\u00e4her pr\u00e4sentieren.<\/p>\n<h3>Unser Kundenservice informiert Sie \u00fcber Au\u00dfenjalousien<\/h3>\n<p>Au\u00dfenjalousien zeichnen sich durch extrem dicke und widerstandsf\u00e4hige Lamellen aus. Das stabile Material ist erforderlich, da Au\u00dfenjalousien intensiven Belastungen durch Witterungseinfl\u00fcsse ausgesetzt sind. In der Regel sind Au\u00dfenjalousien schienen- oder seilgef\u00fchrt. Die Au\u00dfenjalousien werden normalerweise an der Hauswand installiert. F\u00fcr die Installation bieten sich Blenden und Oberschienen an. Die Blenden haben den Vorteil, dass die Lamellen vollst\u00e4ndig eingefahren werden k\u00f6nnen. Mit hochwertigen und fachgerecht montierten Au\u00dfenjalousien kann ein sehr guter W\u00e4rmeschutz erreicht werden. Durch die Installation an der Au\u00dfenseite wird die Sonneneinstrahlung schon fr\u00fch verringert und kann nur zum Teil ins Geb\u00e4udeinnere eindringen. Gardinen oder Sichtschutzrollos sind im Vergleich zu Au\u00dfenjalousien erkennbar weniger effektiv. Au\u00dfenjalousien erm\u00f6glichen einen optimalen Licht- und Blendschutz. Ganz losgel\u00f6st von Tages- oder Jahreszeit: Die auch unter dem Fachbegriff Raffstores bekannten Au\u00dfenjalousien geben Ihnen die angenehmene Chance, fortan die f\u00fcr Sie optimale Helligkeit einzustellen.<\/p>\n<h4>Au\u00dfenjalousien geben einfach ein gutes Gef\u00fchl<\/h4>\n<p>Die Sonnenschutzexperten unserer Firma sorgen daf\u00fcr, dass Sie passgenaue L\u00f6sungen erhalten, die exakt Ihren Vorstellungen und W\u00fcnschen entsprechen. Wir versprechen Ihnen eine professionell ausgef\u00fchrte Arbeit nach dem derzeitigen Stand der Technik. <\/p>\n<p>Telefonisch erreichen Sie uns unter:<\/p>\n<p>04131 \u2013 40 81 45<\/p>\n<p>Schenken Sie uns beim Thema Sicherheit und Sonnenschutz Ihr Vertrauen. Wir freuen uns auf den Kontakt zu Ihnen. F\u00fcr einen Termin rufen Sie uns bitte unter der obigen Telefonnummer an oder schreiben Sie uns eine eMail. Wenn es um Bauelemte geht, sind wir Ihr qualifizierter Partner.<\/p>\n","protected":false},"excerpt":{"rendered":"<p>Wir finden es toll, dass Sie unsere Internetseite entdeckt haben. Ein paar Worte zu uns: Die Firma Dirk Kaduk Bauelemente ist Ihr Partner f\u00fcr Sonnenschutz und Sicherheit im Norden. Ans\u00e4ssig sind wir in Adendorf bei L\u00fcneburg. Jahrelange Erfahrung macht unsere Arbeitsleistung zu einer echten Gr\u00f6\u00dfe. Als Fachfirma z\u00e4hlen Montage und Auswahl qualitativ hochwertiger Bauelemente zu [&hellip;]<\/p>\n","protected":false},"author":1,"featured_media":0,"parent":0,"menu_order":0,"comment_status":"closed","ping_status":"closed","template":"","meta":{"footnotes":""},"class_list":["post-4774","page","type-page","status-publish","hentry"],"meta_box":{"popseo_subtitel":"Wir sind Ihr erfahrener Experte f\u00fcr Au\u00dfenjalousien","popseo_subtitel2":"","popseo_lasttitel":"","popseo_region":"","popseo_sachwort":"Au\u00dfenjalousien","popseo_noupdate":"","popseo_einleitungstext":"","popseo_schlusstext":"","popseo_stadttext":"","popseo_zusatztext":"","popseo_links":"<a href=\"https:\/\/www.kaduk-bauelemente.de\/leistungen\/terrassendaecher-aus-holz-herzogtum-lauenburg\/\">Terrassend\u00e4cher aus Holz Herzogtum Lauenburg<\/a>, <a href=\"https:\/\/www.kaduk-bauelemente.de\/leistungen\/haustueren-amelinghausen\/\">Haust\u00fcren Amelinghausen<\/a>, <a href=\"https:\/\/www.kaduk-bauelemente.de\/leistungen\/garagen-bad-bevensen\/\">Garagen Bad Bevensen<\/a>, <a href=\"https:\/\/www.kaduk-bauelemente.de\/leistungen\/fenster-boizenburg\/\">Fenster Boizenburg<\/a>, <a href=\"https:\/\/www.kaduk-bauelemente.de\/leistungen\/fliegengitter-bad-bevensen\/\">Fliegengitter Bad Bevensen<\/a>, <a href=\"https:\/\/www.kaduk-bauelemente.de\/leistungen\/rollladen-bergedorf-wentorf\/\">Rollladen Bergedorf Wentorf<\/a>, <a href=\"https:\/\/www.kaduk-bauelemente.de\/leistungen\/zaeune-lueneburg\/\">Z\u00e4une L\u00fcneburg<\/a>, <a href=\"https:\/\/www.kaduk-bauelemente.de\/leistungen\/zaunbau-maschen\/\">Zaunbau Maschen<\/a>, <a href=\"https:\/\/www.kaduk-bauelemente.de\/leistungen\/terrassenueberdachungen-aus-holz-bispingen\/\">Terrassen\u00fcberdachungen aus Holz Bispingen<\/a>, <a href=\"https:\/\/www.kaduk-bauelemente.de\/leistungen\/markisen-seevetal-rosengarten\/\">Markisen Seevetal Rosengarten<\/a>, <a href=\"https:\/\/www.kaduk-bauelemente.de\/leistungen\/tueren-ebstorf\/\">T\u00fcren Ebstorf<\/a>, <a href=\"https:\/\/www.kaduk-bauelemente.de\/leistungen\/terrassenueberdachungen-aus-aluminium-adendorf\/\">Terrassen\u00fcberdachungen aus Aluminium Adendorf<\/a>, <a href=\"https:\/\/www.kaduk-bauelemente.de\/leistungen\/insektenschutz-buchholz\/\">Insektenschutz Buchholz<\/a>, <a href=\"https:\/\/www.kaduk-bauelemente.de\/leistungen\/kunststofffenster-bienenbuettel\/\">Kunststofffenster Bienenb\u00fcttel<\/a>, <a href=\"https:\/\/www.kaduk-bauelemente.de\/leistungen\/garagen-ebstorf\/\">Garagen Ebstorf<\/a>, <a href=\"https:\/\/www.kaduk-bauelemente.de\/leistungen\/garagen-boizenburg\/\">Garagen Boizenburg<\/a>, <a href=\"https:\/\/www.kaduk-bauelemente.de\/leistungen\/terrassenueberdachungen-aus-holz-bardowick\/\">Terrassen\u00fcberdachungen aus Holz Bardowick<\/a>, <a href=\"https:\/\/www.kaduk-bauelemente.de\/leistungen\/rolllaeden-bispingen\/\">Rolll\u00e4den Bispingen<\/a>, <a href=\"https:\/\/www.kaduk-bauelemente.de\/leistungen\/zaeune-adendorf\/\">Z\u00e4une Adendorf<\/a>, <a href=\"https:\/\/www.kaduk-bauelemente.de\/leistungen\/fenster-hanstedt\/\">Fenster Hanstedt<\/a>, <a href=\"https:\/\/www.kaduk-bauelemente.de\/leistungen\/rolltore-bad-bevensen\/\">Rolltore Bad Bevensen<\/a>, <a href=\"https:\/\/www.kaduk-bauelemente.de\/leistungen\/garagentore-adendorf\/\">Garagentore Adendorf<\/a>, <a href=\"https:\/\/www.kaduk-bauelemente.de\/leistungen\/kunststofffenster-amelinghausen\/\">Kunststofffenster Amelinghausen<\/a>, <a href=\"https:\/\/www.kaduk-bauelemente.de\/leistungen\/holzfenster-bardowick\/\">Holzfenster Bardowick<\/a>, <a href=\"https:\/\/www.kaduk-bauelemente.de\/leistungen\/garagen-reinbek-glinde\/\">Garagen Reinbek Glinde<\/a>, <a href=\"https:\/\/www.kaduk-bauelemente.de\/leistungen\/sektionaltore-bergedorf-wentorf\/\">Sektionaltore Bergedorf Wentorf<\/a>"},"_links":{"self":[{"href":"https:\/\/www.kaduk-bauelemente.de\/leistungen\/wp-json\/wp\/v2\/pages\/4774","targetHints":{"allow":["GET"]}}],"collection":[{"href":"https:\/\/www.kaduk-bauelemente.de\/leistungen\/wp-json\/wp\/v2\/pages"}],"about":[{"href":"https:\/\/www.kaduk-bauelemente.de\/leistungen\/wp-json\/wp\/v2\/types\/page"}],"author":[{"embeddable":true,"href":"https:\/\/www.kaduk-bauelemente.de\/leistungen\/wp-json\/wp\/v2\/users\/1"}],"replies":[{"embeddable":true,"href":"https:\/\/www.kaduk-bauelemente.de\/leistungen\/wp-json\/wp\/v2\/comments?post=4774"}],"version-history":[{"count":0,"href":"https:\/\/www.kaduk-bauelemente.de\/leistungen\/wp-json\/wp\/v2\/pages\/4774\/revisions"}],"wp:attachment":[{"href":"https:\/\/www.kaduk-bauelemente.de\/leistungen\/wp-json\/wp\/v2\/media?parent=4774"}],"curies":[{"name":"wp","href":"https:\/\/api.w.org\/{rel}","templated":true}]}}