{"id":4773,"date":"2021-08-25T12:19:46","date_gmt":"2021-08-25T10:19:46","guid":{"rendered":"https:\/\/www.kaduk-bauelemente.de\/leistungen\/zaeune-winsen-luhe\/"},"modified":"2021-08-25T12:19:46","modified_gmt":"2021-08-25T10:19:46","slug":"zaeune-winsen-luhe","status":"publish","type":"page","link":"https:\/\/www.kaduk-bauelemente.de\/leistungen\/zaeune-winsen-luhe\/","title":{"rendered":"Z\u00e4une &#8211; Winsen Luhe"},"content":{"rendered":"<h3>Ein passender Zaun macht jedes Haus attraktiver<\/h3>\n<p>Hochwertige Z\u00e4une und Sichtschutzw\u00e4nde geh\u00f6ren zu unseren beliebtesten Artikeln. H\u00fcbsche Z\u00e4une sind gewisserma\u00dfen die Visitenkarte eines Hauses. Ein attraktiver Zaun zeugt immer von Pers\u00f6nlichkeit, Stil und Qualit\u00e4tsbewusstsein. Sch\u00f6ne Z\u00e4une aus Holz sind eine optisch ansprechende, gleicherma\u00dfen hochwertige Kombination aus Natur und Funktionalit\u00e4t. Nat\u00fcrliches Material ist grunds\u00e4tzlich ein Merkmal f\u00fcr einen besonderen Geschmack. Kunststoffz\u00e4une wiederum \u00fcberzeugen durch Stabilit\u00e4t, Langlebigkeit, Farbechtheit, einfache Pflege und eine ausgezeichnete UV-Best\u00e4ndigkeit. Doppelstabmattenz\u00e4une schlie\u00dflich sind eine gute Wahl f\u00fcr Begr\u00fcnungen, Abtrennungen und auch f\u00fcr Hundezwinger. Die n\u00f6tige Stabilit\u00e4t wird durch parallel verlaufende Horizontaldr\u00e4hte gew\u00e4hrleistet. Mattenz\u00e4une sind feuerverzinkt und pulverbeschichtet. Welchen Zaun Sie auch pr\u00e4ferieren: Handwerklich korrekt gearbeitete Z\u00e4une begeistern durch eine lange Haltbarkeit. <\/p>\n<h3>Wir informieren Sie \u00fcber Holz-, Doppelstabmatten- und Kunststoffz\u00e4une<\/h3>\n<p>Z\u00e4une und Sichtschutzelemente sind ein ausgesprochen sch\u00f6nes architektonisches Detail. Die gestalterische Komponente ist von durchaus gro\u00dfer Bedeutung. Sch\u00f6ne Z\u00e4une werten Ihr Wohn- oder Gesch\u00e4ftshaus sichtbar auf \u2013 sie verleihen jeder Immobilie ein ganz eigenes und unverwechselbares Erscheinungsbild. Aus vielen unterschiedlichen Materialien, Formen, Gr\u00f6\u00dfen und Farben k\u00f6nnen Sie bei uns w\u00e4hlen. Unsere Fachhandwerker informieren Sie sehr gerne \u00fcber die zur Verf\u00fcgung stehenden M\u00f6glichkeiten, die sich Ihnen bieten. Selbstverst\u00e4ndlich kommen wir auch sehr gerne zu Ihnen nach Hause. Um die Optionen f\u00fcr die architektonische Integration von Z\u00e4unen und Sichtschutzelementen am \u201elebenden Objekt\u201c einsch\u00e4tzen zu k\u00f6nnen, begutachten unsere Fachleute die Begebenheiten auch direkt an Ihrer Immobilie.<\/p>\n","protected":false},"excerpt":{"rendered":"<p>Ein passender Zaun macht jedes Haus attraktiver Hochwertige Z\u00e4une und Sichtschutzw\u00e4nde geh\u00f6ren zu unseren beliebtesten Artikeln. H\u00fcbsche Z\u00e4une sind gewisserma\u00dfen die Visitenkarte eines Hauses. Ein attraktiver Zaun zeugt immer von Pers\u00f6nlichkeit, Stil und Qualit\u00e4tsbewusstsein. Sch\u00f6ne Z\u00e4une aus Holz sind eine optisch ansprechende, gleicherma\u00dfen hochwertige Kombination aus Natur und Funktionalit\u00e4t. Nat\u00fcrliches Material ist grunds\u00e4tzlich ein Merkmal [&hellip;]<\/p>\n","protected":false},"author":1,"featured_media":0,"parent":0,"menu_order":0,"comment_status":"closed","ping_status":"closed","template":"","meta":{"footnotes":""},"class_list":["post-4773","page","type-page","status-publish","hentry"],"meta_box":{"popseo_subtitel":"Wir sind Ihr Experte f\u00fcr hochwertige Z\u00e4une im Raum Winsen Luhe","popseo_subtitel2":"Z\u00e4une - attraktiv und hochwertig","popseo_lasttitel":"Z\u00e4une: D\u00fcrfen wir Ihre Fragen beantworten?","popseo_region":"Winsen Luhe","popseo_sachwort":"Z\u00e4une","popseo_noupdate":"","popseo_einleitungstext":"<p>Wenn es um Sonnenschutz und Sicherheit geht, sind Sie bei der Firma Kaduk genau an der richtigen Adresse. Seit unserer Gr\u00fcndung sind wir Ihre lokalen Experten f\u00fcr hochwertige Bauelemente. Zu unserem Produktsortiment z\u00e4hlen unter anderem Rolltore, Markisen, Terrassend\u00e4cher, Fenster, Au\u00dfenjalousien, T\u00fcren, Rolll\u00e4den und Carports. Unsere Fachleute erledigen Reparatur- und Montagearbeiten und zeigen Ihnen M\u00f6glichkeiten auf, wie Sie Ihre Immobilie mit modernen Bauelementen ausr\u00fcsten k\u00f6nnen. Im Folgenden haben wir einige erste Informationen f\u00fcr Sie zusammengetragen.<\/p>","popseo_schlusstext":"<p>Sie suchen einen Spezialisten f\u00fcr hochwertige Sicherheits- und Sonnenschutzl\u00f6sungen. Dann melden Sie sich am besten noch heute bei uns. Wir freuen uns auf Ihren Anruf oder Ihre E-Mail. Wenn es um Bauelemente geht, sind wir Ihr qualifizierter Handwerks- und Handelspartner. Wir garantieren hochwertige Produkte und eine professionell durchgef\u00fchrte Arbeit nach dem immer aktuellsten Stand der Technik.<\/p>","popseo_stadttext":"<h3>Unsere Produkte und Dienstleistungen auch f\u00fcr Kunden aus Winsen (Luhe)<\/h3>\n<p>Winsen (Luhe) ist eine Stadt aus der Metropolregion Hamburg. Die Kreisstadt des Kreises Harburg hat 32.000 Anwohner und streckt sich \u00fcber eine Fl\u00e4che von 109 qkm. Winsen (Luhe) ist zentral gelegen. In die norddeutsche Gro\u00dfstadt Hamburg sind es nur zirka 30 km, L\u00fcneburg erreicht man bereits nach etwa 20 Kilometern. Winsen (Luhe) besteht in der heutigen Form seit dem Jahre 1972. Seinerzeit wurden 13 autonome Orte zur Gesamtgemeinde Winsen (Luhe) zusammengef\u00fchrt.  <\/p>\n<p>Durch unsere Vertriebst\u00e4tigkeit haben wir uns einen ausgezeichneten \u00dcberblick \u00fcber die Architektur der Gemeinden und St\u00e4dte unseres Einzugsbereiches machen k\u00f6nnen. Nat\u00fcrlich geh\u00f6rt auch Winsen (Luhe) zu unserem unmittelbaren Vertriebsgebiet. Wir freuen uns darauf, mit Ihnen in Kontakt zu treten. <\/p>\n<h3>Wissenswertes \u00fcber Winsen (Luhe)<\/h3>\n<p>Obwohl Winsen (Luhe) zweifelsfrei als eine Pendlerstadt gelten darf, ist das mittelst\u00e4ndisch orientierte Wirtschaftsleben erstaunlich. Zahlreiche Firmen u.a. aus den Branchen Maschinenbau, Pharma, Logistik und Bauwesen haben sich in Winsen (Luhe) niedergelassen. Wer von den Menschen aus Winsen (Luhe) nicht in einer Firma seines Heimatortes arbeitet, pendelt meistens in die Gro\u00dfstadt Hamburg. Mit dem PKW reist man \u00fcber die Bundesautobahn A39 nach Winsen (Luhe). Die Schnellstra\u00dfe ist mit der A7 und der A1 verbunden. Wer die Bundesbahn vorzieht, erreicht Winsen (Luhe) \u00fcber die Schienenverbindung Hannover-Hamburg. Dar\u00fcber hinaus bietet der Metronom eine gerne genutzte Regionallinie an. <\/p>\n<h3>Winsen (Luhe) \u2013 Stadt mit Herz<\/h3>\n<p>Menschen, die das etwas \u00fcbersichtlichere Leben in einer kleinen Ortschaft dem L\u00e4rm einer Gro\u00dfstadt den Vorzug geben, finden in Winsen (Luhe) wunderbare Bedingungen vor. Die Infrastruktur in Winsen (Luhe) stimmt! Exquisite Shoppingm\u00f6glichkeiten, ein \u00fcberraschend breites Sport- und Freizeitangebot sowie eine bezaubernde Umgebung sind Pluspunkte, die Winsen (Luhe) auf der Habenseite eintragen kann. Auch Familien m\u00f6gen die Stadt: Alle Schularten und eine gen\u00fcgende Zahl an Kindertagesst\u00e4tten stehen in Winsen (Luhe) zur Verf\u00fcgung. <\/p>\n<h4>Unsere Leistung f\u00fcr qualit\u00e4tsbewusste Kunden aus Winsen (Luhe)<\/h4>\n<p>Toll, dass Sie uns hier auf dieser Website entdeckt haben. Wenn Sie eine erfahrene Fachfirma suchen, sind Sie bei uns genau richtig. Sie m\u00f6chten mehr \u00fcber uns erfahren? F\u00fcr R\u00fcckfragen stehen wir Ihnen jederzeit zur Verf\u00fcgung. Unser engagiertes Team freut sich auf Sie.<\/p>","popseo_zusatztext":"<h3>Wir sind Fachbetrieb f\u00fcr Sicht- und Sonnenschutz<\/h3>\n<p>Setzen Sie in Sachen Sicherheit und Sonnenschutz auf jeden Fall auf die fachspezifische Leistung vom Fachbetrieb. Nur ein Fachbetrieb kennt die Alternativen, wie man zu einem sachgerechten Ergebnis kommt. Um sich mit Fug und Recht als Fachbetrieb zu titulieren, braucht man eine gute Ausbildung der Mitarbeiter und eine jahrelange Fachkenntnis.  <\/p>\n<p>Unser Fachbetrieb empfiehlt sich als Ihr sachkundiger Fachbetrieb f\u00fcr Sonnenschutz und Sicherheit. Setzen Sie auf Qualit\u00e4t und schenken Sie unserem Fachbetrieb Ihr Vertrauen. Wir bieten Ihnen u.a. schicke Markisen und Rolll\u00e4den und legen allerh\u00f6chsten Wert auf einen perfekten Service. Schon seit vielen Jahren sind wir spezialisierter Fachbetrieb f\u00fcr Terrassend\u00e4cher, Au\u00dfenjalousien, Rolll\u00e4den im Raum L\u00fcneburg. Es ist unser Bestreben, dass Sie viele Jahre viel Freude an Ihrem Sicht und Sonnenschutz haben. Von einem Fachbetrieb d\u00fcrfen Sie selbstverst\u00e4ndlich eine fehlerfreie Top-Leistung erwarten.<\/p>\n<h3>Dirk Kaduk Bauelemente \u2013 Ihr Fachbetrieb f\u00fcr Sicherheit und Sonnenschutz<\/h3>\n<p>Als Fachbetrieb darf sich ein Unternehmen bezeichnen, deren Angestellte \u00fcber nachweisbare Qualifikationen verf\u00fcgen. Dies ist u.a. eine entsprechende Ausbildung oder ein Meisterbrief. Au\u00dferdem zeichnet eine intensive praktische Erfahrung einen Fachbetrieb aus. Bereits seit vielen Jahren konzentrieren wir uns als spezialisiertes Unternehmen auf Sonnenschutz und Sicherheit von Wohn- und Gesch\u00e4ftsgeb\u00e4uden. In diesen langen Jahren haben wir uns die Bezeichnung Fachbetrieb redlich verdient. Wir verarbeiten ausnahmslos hochwertige Artikel. Hierbei achten wir immer auf ein sehr gutes Preis-Leistungsverh\u00e4ltnis. Unser Selbstverst\u00e4ndnis als Fachbetrieb: Wir bieten Ihnen 1a-Qualit\u00e4t zu einem sehr guten Preis.<\/p>","popseo_links":"<a href=\"https:\/\/www.kaduk-bauelemente.de\/leistungen\/aussenjalousien-harburg\/\">Au\u00dfenjalousien Harburg<\/a>, <a href=\"https:\/\/www.kaduk-bauelemente.de\/leistungen\/holzfenster-geesthacht\/\">Holzfenster Geesthacht<\/a>, <a href=\"https:\/\/www.kaduk-bauelemente.de\/leistungen\/terrassendaecher-aus-holz-schwarzenbek\/\">Terrassend\u00e4cher aus Holz Schwarzenbek<\/a>, <a href=\"https:\/\/www.kaduk-bauelemente.de\/leistungen\/terrassenueberdachungen-aus-holz-schwarzenbek\/\">Terrassen\u00fcberdachungen aus Holz Schwarzenbek<\/a>, <a href=\"https:\/\/www.kaduk-bauelemente.de\/leistungen\/rolltore-maschen\/\">Rolltore Maschen<\/a>, <a href=\"https:\/\/www.kaduk-bauelemente.de\/leistungen\/kunststofffenster-geesthacht\/\">Kunststofffenster Geesthacht<\/a>, <a href=\"https:\/\/www.kaduk-bauelemente.de\/leistungen\/terrassendaecher-aus-aluminium-schwarzenbek\/\">Terrassend\u00e4cher aus Aluminium Schwarzenbek<\/a>, <a href=\"https:\/\/www.kaduk-bauelemente.de\/leistungen\/kunststofffenster-boizenburg\/\">Kunststofffenster Boizenburg<\/a>, <a href=\"https:\/\/www.kaduk-bauelemente.de\/leistungen\/holzfenster-hanstedt\/\">Holzfenster Hanstedt<\/a>, <a href=\"https:\/\/www.kaduk-bauelemente.de\/leistungen\/garagen-winsen-luhe\/\">Garagen Winsen Luhe<\/a>, <a href=\"https:\/\/www.kaduk-bauelemente.de\/leistungen\/garagentore-bienenbuettel\/\">Garagentore Bienenb\u00fcttel<\/a>, <a href=\"https:\/\/www.kaduk-bauelemente.de\/leistungen\/terrassenueberdachungen-aus-aluminium-lueneburg\/\">Terrassen\u00fcberdachungen aus Aluminium L\u00fcneburg<\/a>, <a href=\"https:\/\/www.kaduk-bauelemente.de\/leistungen\/sektionaltore-winsen-luhe\/\">Sektionaltore Winsen Luhe<\/a>, <a href=\"https:\/\/www.kaduk-bauelemente.de\/leistungen\/markisen-bad-bevensen\/\">Markisen Bad Bevensen<\/a>, <a href=\"https:\/\/www.kaduk-bauelemente.de\/leistungen\/rolltore-bardowick\/\">Rolltore Bardowick<\/a>, <a href=\"https:\/\/www.kaduk-bauelemente.de\/leistungen\/kunststofffenster-tostedt-sittensen\/\">Kunststofffenster Tostedt Sittensen<\/a>, <a href=\"https:\/\/www.kaduk-bauelemente.de\/leistungen\/kunststofffenster-uelzen\/\">Kunststofffenster Uelzen<\/a>, <a href=\"https:\/\/www.kaduk-bauelemente.de\/leistungen\/sektionaltore-harburg\/\">Sektionaltore Harburg<\/a>, <a href=\"https:\/\/www.kaduk-bauelemente.de\/leistungen\/rollladen-ebstorf\/\">Rollladen Ebstorf<\/a>, <a href=\"https:\/\/www.kaduk-bauelemente.de\/leistungen\/kunststofffenster-bergedorf-wentorf\/\">Kunststofffenster Bergedorf Wentorf<\/a>, <a href=\"https:\/\/www.kaduk-bauelemente.de\/leistungen\/terrassenueberdachungen-aus-aluminium-bispingen\/\">Terrassen\u00fcberdachungen aus Aluminium Bispingen<\/a>, <a href=\"https:\/\/www.kaduk-bauelemente.de\/leistungen\/kunststofffenster-schwarzenbek\/\">Kunststofffenster Schwarzenbek<\/a>, <a href=\"https:\/\/www.kaduk-bauelemente.de\/leistungen\/terrassendaecher-aus-aluminium-geesthacht\/\">Terrassend\u00e4cher aus Aluminium Geesthacht<\/a>, <a href=\"https:\/\/www.kaduk-bauelemente.de\/leistungen\/garagentore-jesteburg\/\">Garagentore Jesteburg<\/a>, <a href=\"https:\/\/www.kaduk-bauelemente.de\/leistungen\/terrassenueberdachungen-aus-aluminium-bad-bevensen\/\">Terrassen\u00fcberdachungen aus Aluminium Bad Bevensen<\/a>, <a href=\"https:\/\/www.kaduk-bauelemente.de\/leistungen\/terrassenueberdachungen-aus-holz-maschen\/\">Terrassen\u00fcberdachungen aus Holz Maschen<\/a>"},"_links":{"self":[{"href":"https:\/\/www.kaduk-bauelemente.de\/leistungen\/wp-json\/wp\/v2\/pages\/4773","targetHints":{"allow":["GET"]}}],"collection":[{"href":"https:\/\/www.kaduk-bauelemente.de\/leistungen\/wp-json\/wp\/v2\/pages"}],"about":[{"href":"https:\/\/www.kaduk-bauelemente.de\/leistungen\/wp-json\/wp\/v2\/types\/page"}],"author":[{"embeddable":true,"href":"https:\/\/www.kaduk-bauelemente.de\/leistungen\/wp-json\/wp\/v2\/users\/1"}],"replies":[{"embeddable":true,"href":"https:\/\/www.kaduk-bauelemente.de\/leistungen\/wp-json\/wp\/v2\/comments?post=4773"}],"version-history":[{"count":0,"href":"https:\/\/www.kaduk-bauelemente.de\/leistungen\/wp-json\/wp\/v2\/pages\/4773\/revisions"}],"wp:attachment":[{"href":"https:\/\/www.kaduk-bauelemente.de\/leistungen\/wp-json\/wp\/v2\/media?parent=4773"}],"curies":[{"name":"wp","href":"https:\/\/api.w.org\/{rel}","templated":true}]}}