{"id":4772,"date":"2021-08-25T12:19:46","date_gmt":"2021-08-25T10:19:46","guid":{"rendered":"https:\/\/www.kaduk-bauelemente.de\/leistungen\/zaeune-uelzen\/"},"modified":"2021-08-25T12:19:46","modified_gmt":"2021-08-25T10:19:46","slug":"zaeune-uelzen","status":"publish","type":"page","link":"https:\/\/www.kaduk-bauelemente.de\/leistungen\/zaeune-uelzen\/","title":{"rendered":"Z\u00e4une &#8211; Uelzen"},"content":{"rendered":"<h3>Jahrelange Erfahrung beim Verkauf von Z\u00e4unen und Sichtschutzelementen<\/h3>\n<p>Hochwertige Z\u00e4une und Sichtschutzw\u00e4nde geh\u00f6ren zu unseren beliebtesten Erzeugnissen. Sch\u00f6ne Z\u00e4une sind gewisserma\u00dfen die Visitenkarte eines Wohn- oder Gesch\u00e4ftshauses. Ein attraktiver Zaun zeugt immer von Pers\u00f6nlichkeit, Stil und Qualit\u00e4tsanspruch. Attraktive Z\u00e4une aus Holz sind eine h\u00fcbsche, dabei ausgezeichnete Verschmelzung aus Natur und Funktionalit\u00e4t. Nat\u00fcrliches Material ist grunds\u00e4tzlich ein Ausdruck f\u00fcr einen besonderen Geschmack. Kunststoffz\u00e4une wiederum begeistern durch Stabilit\u00e4t, Langlebigkeit, einfache Pflege, Farbechtheit und eine hervorragende UV-Best\u00e4ndigkeit. Doppelstabmattenz\u00e4une schlie\u00dflich sind eine ausgezeichnete Wahl f\u00fcr Abtrennungen, Begr\u00fcnungen und auch f\u00fcr Hundezwinger. Die notwendige Stabilit\u00e4t wird durch parallel verlaufende Horizontaldr\u00e4hte gew\u00e4hrleistet. Mattenz\u00e4une sind feuerverzinkt und pulverbeschichtet. Auf welchen Zaun Ihre Wahl auch f\u00e4llt: Fachm\u00e4nnisch gearbeitete Z\u00e4une beeindrucken durch eine lange Produktlebenszeit. <\/p>\n<h3>Wir informieren Sie \u00fcber Holz-, Doppelstabmatten- und Kunststoffz\u00e4une<\/h3>\n<p>Z\u00e4une und Sichtschutzw\u00e4nde sind ein ausgesprochen attraktives architektonisches Detail. Der gestalterische Wert ist von durchaus erheblicher Relevanz. Formsch\u00f6ne, vielleicht sogar mit besonderem Dekor versehenen Z\u00e4une werten Ihre Wohn- oder Gesch\u00e4ftsimmobilie sichtbar auf \u2013 sie geben einem Alt- oder Neubau ein elegantes und individuelles Erscheinungsbild. Aus zahlreichen verschiedenartigen Materialien, Formen, Gr\u00f6\u00dfen und Farben d\u00fcrfen Sie bei uns ausw\u00e4hlen. Unsere Fachhandwerker informieren Sie mit Vergn\u00fcgen \u00fcber die zur Verf\u00fcgung stehenden M\u00f6glichkeiten, die Ihnen offen stehen. Selbstverst\u00e4ndlich kommen wir auch gern zu Ihnen nach Hause. Um die Optionen f\u00fcr den Verbau von Z\u00e4unen und Sichtschutzelementen direkt vor Ort beurteilen zu k\u00f6nnen, begutachten unsere Spezialisten die Begebenheiten auch unmittelbar an Ihrer Immobilie.<\/p>\n","protected":false},"excerpt":{"rendered":"<p>Jahrelange Erfahrung beim Verkauf von Z\u00e4unen und Sichtschutzelementen Hochwertige Z\u00e4une und Sichtschutzw\u00e4nde geh\u00f6ren zu unseren beliebtesten Erzeugnissen. Sch\u00f6ne Z\u00e4une sind gewisserma\u00dfen die Visitenkarte eines Wohn- oder Gesch\u00e4ftshauses. Ein attraktiver Zaun zeugt immer von Pers\u00f6nlichkeit, Stil und Qualit\u00e4tsanspruch. Attraktive Z\u00e4une aus Holz sind eine h\u00fcbsche, dabei ausgezeichnete Verschmelzung aus Natur und Funktionalit\u00e4t. Nat\u00fcrliches Material ist grunds\u00e4tzlich [&hellip;]<\/p>\n","protected":false},"author":1,"featured_media":0,"parent":0,"menu_order":0,"comment_status":"closed","ping_status":"closed","template":"","meta":{"footnotes":""},"class_list":["post-4772","page","type-page","status-publish","hentry"],"meta_box":{"popseo_subtitel":"Wir sind Ihr Experte f\u00fcr hochwertige Z\u00e4une in Uelzen","popseo_subtitel2":"Z\u00e4une - Qualit\u00e4t vom Fachbetrieb","popseo_lasttitel":"Z\u00e4une: Gerne beantworten wir Ihre Fragen!","popseo_region":"Uelzen","popseo_sachwort":"Z\u00e4une","popseo_noupdate":"","popseo_einleitungstext":"<p>Sehr gerne informieren wir Sie n\u00e4her \u00fcber unsere Produkte und unser Aufgabengebiet. Wir pr\u00e4sentieren Ihnen mit Vergn\u00fcgen auch einige Projekte, die Ihnen einen Einblick in unsere T\u00e4tigkeit geben.<br \/>\nVertrauen Sie auf das Urteil eines erfahrenen Fachbetriebes. Rufen Sie uns doch einfach einmal an oder schreiben Sie uns eine kurze E-Mail. Wir freuen uns auf Ihre Kontaktaufnahme.<\/p>","popseo_schlusstext":"<p>Wenn Sie mehr wissen m\u00f6chten, informieren wir Sie n\u00e4her \u00fcber unsere Produkte und unser Aufgabengebiet. Wir pr\u00e4sentieren Ihnen mit Vergn\u00fcgen auch ein paar Projekte, die Ihnen einen Einblick in unsere Arbeit geben.<br \/>\nVertrauen Sie auf das Urteil eines erfahrenen Fachbetriebes. Rufen Sie uns doch rasch einmal an oder senden Sie uns eine kurze E-Mail. Wir freuen uns auf den Kontakt zu Ihnen.<\/p>","popseo_stadttext":"<h3>Wir sind Ihr Partner auch in Uelzen<\/h3>\n<p>Durch unsere Gesch\u00e4ftst\u00e4tigkeit haben wir uns einen guten \u00dcberblick \u00fcber die Stadtarchitektur der St\u00e4dte und Gemeinden unseres Einzugsbereiches erarbeiten k\u00f6nnen. Selbstverst\u00e4ndlich geh\u00f6rt auch Uelzen zu unserem unmittelbaren Vertriebsgebiet. Wir freuen uns darauf, mit Ihnen in Kontakt zu kommen. <\/p>\n<h3>Einige Details zu Uelzen<\/h3>\n<p>Uelzen ist die Kreisstadt des nieders\u00e4chsischen Kreises Uelzen. Addiert leben 33.000 Einwohner in der zur Metropolregion Hamburg z\u00e4hlenden Stadt. Das Stadtgebiet umfasst eine Fl\u00e4che von circa 135 qkm. St\u00e4dte in der n\u00e4heren Umgebung sind unter anderem Ebstorf, Rosche und Bad Beversen. Geographisch liegt Uelzen am am s\u00fcdlichen Zipfel der L\u00fcneburger Heide. Die Stadt ist zwischen ausladenden Naturparks wundersch\u00f6n gelegen. Neben der L\u00fcneburger Heide ist auch Naturschutzgebiet Elbufer-Drawehn sowie das Schutzgebiet Nieders\u00e4chsische Elbtalaue von Uelzen aus geschwind zu erreichen. Uelzen selbst liegt an der Ilmenau. Uelzen besitzt zahllose nett gelegene Wohnviertel. Die Stadt ist ein sch\u00f6ner Platz zum Wohnen und Arbeiten. Wer das eher \u00fcberschaubare Leben in einer kleineren Stadt bevorzugt, gleichzeitig aber nicht auf die Vorteile der Metropole verzichten m\u00f6chte, trifft es in Uelzen exakt richtig. <\/p>\n<h3>Uelzen: Stadt mit Herz<\/h3>\n<p>Die Stadt Uelzen gliedert sich in insgesamt 18 Ortsteile. Die st\u00e4dtische Architektur von Uelzen wird dominiert von vielen Fachwerkgeb\u00e4uden, die dem Ort einen fraglos als m\u00e4rchenhaft zu bezeichnenden Charme verleihen. Auch historische H\u00e4user im Baustil der Backsteingotik pr\u00e4gen das Stadtbild von Uelzen. Das Erkennungszeichen der Stadt ist das sogenannte \"Goldene Schiff\". Die Plastik findet sich an der St. Marien-Kirche zu Uelzen. Aller Wahrscheinlichkeit nach stammt die Skulptur aus der Zeit der Hanse. F\u00fcr Kunstliebhaber ist Uelzen fast schon eine Pilgerst\u00e4tte. Der Ausnahmek\u00fcnstler Friedensreich Hundertwasser kreierte kurz vor seinem Tod im Jahre 2000 den st\u00e4dtischen Bahnhof. Das extravagante Geb\u00e4ude tr\u00e4gt den Namen Hundertwasserbahnhof Uelzen.<\/p>\n<p>Die Wirtschaft von Uelzen ist mittelstandsorientiert. Hauptbereiche sind der Lebensmittelsektor und Firmen aus dem Dienstleistungsgewerbe. Die Wirtschaftsf\u00f6rderung der Stadt Uelzen muss als vorbildhaft benannt werden. Um den Zuzug zus\u00e4tzlicher Unternehmen werben sich die Stadtvertreter erkennbar. Die gr\u00f6\u00dften Arbeitgeber in Uelzen sind die Nordzucker AG und die Uelzena AG. Der Konzern Nestl\u00e9 Schoeller unterh\u00e4lt in Uelzen ein Werk mit ca. 500 Mitarbeitern. <\/p>\n<h4>Privat- und Gesch\u00e4ftskunden aus Uelzen sch\u00e4tzen unsere Leistungen!<\/h4>\n<p>Sie wohnen in Uelzen und interessieren sich f\u00fcr unser Leistungsangebot. Prima, dass Sie uns hier auf dieser Website entdeckt haben. F\u00fcr R\u00fcckfragen sind wir jederzeit f\u00fcr Sie da. Auf Ihre Anfragen freuen wir uns.<\/p>","popseo_zusatztext":"<h3>G\u00fcnstig und preiswert \u2013 unser Leistung f\u00fcr Sie<\/h3>\n<p>Bauelemente m\u00fcssen gehobenen Erwartungen standhalten. Nichtsdestrotrotz darf es g\u00fcnstig und preiswert sein. Das muss absolut kein Widerspruch sein. <\/p>\n<p>Als Fachbetrieb f\u00fcr Sonnenschutz- und Sicherheitssysteme verwenden wir nur qualitativ hochwertige Erzeugnisse. Nichtsdestotrotz schauen wir grunds\u00e4tzlich auf ein angemessenes Preis-Leistungsverh\u00e4ltnis. Wir m\u00f6chten Ihnen Qualit\u00e4t bieten, die zugleich auch g\u00fcnstig und preiswert ist. Geben Sie Ihrem Heim g\u00fcnstig und preiswert das gewisse Plus an Qualit\u00e4t. Markisen und Rolll\u00e4den oder andere Sonnenschutzl\u00f6sungen sehen nicht nur h\u00fcbsch aus, sie leisten auch einen bedeutsamen Beitrag zur W\u00e4rmed\u00e4mmung.  <\/p>\n<h3>G\u00fcnstig und preiswert ohne Abstriche bei der Qualit\u00e4t<\/h3>\n<p>D\u00fcrfen wir Sie informieren, wie Sie g\u00fcnstig und preiswert einen perfekten Sonnenschutz f\u00fcr Ihr Heim verwirklichen? Toll, dann warten Sie bitte nicht und nehmen am besten sofort heute noch Kontakt mit uns auf. Ein kurzer Telefonanruf oder eine kurze E-Mail gen\u00fcgen. Gern beraten Sie unsere gut ausgebildeten Experten \u00fcber die diversen M\u00f6glichkeiten, wie Sie Ihr Heim g\u00fcnstig und preiswert mit Rolll\u00e4den und Markisen oder anderen Sonnenschutzprodukten versehen. Wir freuen uns auf den Austausch mit Ihnen. <\/p>\n<h4>Top-Qualit\u00e4t g\u00fcnstig und preiswert<\/h4>\n<p>Z\u00e4hlen Sie beim Thema Sonnenschutz und Sicherheit auf den Experten. Nur ein Fachbetrieb kennt die diversen M\u00f6glichkeiten, wie Sie g\u00fcnstig und preiswert, trotzdem qualitativ hochwertig einen optimalen Sonnenschutz verwirklichen. Qualit\u00e4tsbewusst, g\u00fcnstig und preiswert: Wir empfehlen uns als spezialisiertes Unternehmen im Norden. Unsere gro\u00dfe Erfahrung zeichnet uns aus.<\/p>","popseo_links":"<a href=\"https:\/\/www.kaduk-bauelemente.de\/leistungen\/haustueren-bardowick\/\">Haust\u00fcren Bardowick<\/a>, <a href=\"https:\/\/www.kaduk-bauelemente.de\/leistungen\/holzfenster-bergedorf-wentorf\/\">Holzfenster Bergedorf Wentorf<\/a>, <a href=\"https:\/\/www.kaduk-bauelemente.de\/leistungen\/rolllaeden-ebstorf\/\">Rolll\u00e4den Ebstorf<\/a>, <a href=\"https:\/\/www.kaduk-bauelemente.de\/leistungen\/kunststofffenster-tostedt-sittensen\/\">Kunststofffenster Tostedt Sittensen<\/a>, <a href=\"https:\/\/www.kaduk-bauelemente.de\/leistungen\/zaunbau-seevetal-rosengarten\/\">Zaunbau Seevetal Rosengarten<\/a>, <a href=\"https:\/\/www.kaduk-bauelemente.de\/leistungen\/terrassendaecher-aus-aluminium-geesthacht\/\">Terrassend\u00e4cher aus Aluminium Geesthacht<\/a>, <a href=\"https:\/\/www.kaduk-bauelemente.de\/leistungen\/tueren-ebstorf\/\">T\u00fcren Ebstorf<\/a>, <a href=\"https:\/\/www.kaduk-bauelemente.de\/leistungen\/terrassenueberdachungen-aus-holz-jesteburg\/\">Terrassen\u00fcberdachungen aus Holz Jesteburg<\/a>, <a href=\"https:\/\/www.kaduk-bauelemente.de\/leistungen\/garagen-amelinghausen\/\">Garagen Amelinghausen<\/a>, <a href=\"https:\/\/www.kaduk-bauelemente.de\/leistungen\/fliegengitter-ebstorf\/\">Fliegengitter Ebstorf<\/a>, <a href=\"https:\/\/www.kaduk-bauelemente.de\/leistungen\/kunststofffenster-buchholz\/\">Kunststofffenster Buchholz<\/a>, <a href=\"https:\/\/www.kaduk-bauelemente.de\/leistungen\/rolltore-herzogtum-lauenburg\/\">Rolltore Herzogtum Lauenburg<\/a>, <a href=\"https:\/\/www.kaduk-bauelemente.de\/leistungen\/kunststofffenster-bardowick\/\">Kunststofffenster Bardowick<\/a>, <a href=\"https:\/\/www.kaduk-bauelemente.de\/leistungen\/kunststofffenster-boizenburg\/\">Kunststofffenster Boizenburg<\/a>, <a href=\"https:\/\/www.kaduk-bauelemente.de\/leistungen\/fenster-hanstedt\/\">Fenster Hanstedt<\/a>, <a href=\"https:\/\/www.kaduk-bauelemente.de\/leistungen\/terrassendaecher-aus-aluminium-bispingen\/\">Terrassend\u00e4cher aus Aluminium Bispingen<\/a>, <a href=\"https:\/\/www.kaduk-bauelemente.de\/leistungen\/rolltore-ebstorf\/\">Rolltore Ebstorf<\/a>, <a href=\"https:\/\/www.kaduk-bauelemente.de\/leistungen\/raffstores-uelzen\/\">Raffstores Uelzen<\/a>, <a href=\"https:\/\/www.kaduk-bauelemente.de\/leistungen\/rolltore-bispingen\/\">Rolltore Bispingen<\/a>, <a href=\"https:\/\/www.kaduk-bauelemente.de\/leistungen\/insektenschutz-amelinghausen\/\">Insektenschutz Amelinghausen<\/a>, <a href=\"https:\/\/www.kaduk-bauelemente.de\/leistungen\/tueren-seevetal-rosengarten\/\">T\u00fcren Seevetal Rosengarten<\/a>, <a href=\"https:\/\/www.kaduk-bauelemente.de\/leistungen\/rolllaeden-geesthacht\/\">Rolll\u00e4den Geesthacht<\/a>, <a href=\"https:\/\/www.kaduk-bauelemente.de\/leistungen\/terrassendaecher-aus-holz-buchholz\/\">Terrassend\u00e4cher aus Holz Buchholz<\/a>, <a href=\"https:\/\/www.kaduk-bauelemente.de\/leistungen\/carports-amelinghausen\/\">Carports Amelinghausen<\/a>, <a href=\"https:\/\/www.kaduk-bauelemente.de\/leistungen\/sektionaltore-bardowick\/\">Sektionaltore Bardowick<\/a>, <a href=\"https:\/\/www.kaduk-bauelemente.de\/leistungen\/zaunbau-bardowick\/\">Zaunbau Bardowick<\/a>"},"_links":{"self":[{"href":"https:\/\/www.kaduk-bauelemente.de\/leistungen\/wp-json\/wp\/v2\/pages\/4772","targetHints":{"allow":["GET"]}}],"collection":[{"href":"https:\/\/www.kaduk-bauelemente.de\/leistungen\/wp-json\/wp\/v2\/pages"}],"about":[{"href":"https:\/\/www.kaduk-bauelemente.de\/leistungen\/wp-json\/wp\/v2\/types\/page"}],"author":[{"embeddable":true,"href":"https:\/\/www.kaduk-bauelemente.de\/leistungen\/wp-json\/wp\/v2\/users\/1"}],"replies":[{"embeddable":true,"href":"https:\/\/www.kaduk-bauelemente.de\/leistungen\/wp-json\/wp\/v2\/comments?post=4772"}],"version-history":[{"count":0,"href":"https:\/\/www.kaduk-bauelemente.de\/leistungen\/wp-json\/wp\/v2\/pages\/4772\/revisions"}],"wp:attachment":[{"href":"https:\/\/www.kaduk-bauelemente.de\/leistungen\/wp-json\/wp\/v2\/media?parent=4772"}],"curies":[{"name":"wp","href":"https:\/\/api.w.org\/{rel}","templated":true}]}}