{"id":4770,"date":"2021-08-25T12:19:46","date_gmt":"2021-08-25T10:19:46","guid":{"rendered":"https:\/\/www.kaduk-bauelemente.de\/leistungen\/zaeune-stelle\/"},"modified":"2021-08-25T12:19:46","modified_gmt":"2021-08-25T10:19:46","slug":"zaeune-stelle","status":"publish","type":"page","link":"https:\/\/www.kaduk-bauelemente.de\/leistungen\/zaeune-stelle\/","title":{"rendered":"Z\u00e4une &#8211; Stelle"},"content":{"rendered":"<h3>Jahrelange Erfahrung beim Verkauf von Z\u00e4unen und Sichtschutzelementen<\/h3>\n<p>Hochwertige Z\u00e4une und Sichtschutzelemente z\u00e4hlen zu unseren mit am h\u00e4ufigsten nachgefragten Erzeugnissen. Sch\u00f6ne Z\u00e4une sind in gewisser Weise die Visitenkarte eines Hauses. Ein attraktiver Zaun zeugt immer von Charakter, Stil und Qualit\u00e4tsbewusstsein. Attraktive Z\u00e4une aus Holz sind eine optisch ansprechende, dabei ausgezeichnete Verbindung aus Natur und Funktionalit\u00e4t. Naturbelassenes Material ist ohne Frage ein Ausdruck f\u00fcr einen besonderen Geschmack. Kunststoffz\u00e4une wiederum begeistern durch Langlebigkeit, Stabilit\u00e4t, einfache Pflege, Farbechtheit und eine gute UV-Best\u00e4ndigkeit. Doppelstabmattenz\u00e4une schlie\u00dflich sind eine perfekte Wahl f\u00fcr Abtrennungen, Begr\u00fcnungen und auch f\u00fcr Hundezwinger. Die notwendige Stabilit\u00e4t wird durch parallel verlaufende Horizontaldr\u00e4hte gew\u00e4hrleistet. Mattenz\u00e4une sind feuerverzinkt und pulverbeschichtet. Welchen Zaun Sie auch pr\u00e4ferieren: Fachm\u00e4nnisch gearbeitete Z\u00e4une \u00fcberzeugen durch eine lange Produktlebenszeit. <\/p>\n<h3>Unser Kundenservice informiert Sie \u00fcber Z\u00e4une und Sichtschutzelemente<\/h3>\n<p>Z\u00e4une und Sichtschutzw\u00e4nde sind ein ausgesprochen attraktives architektonisches Detail. Der gestalterische Wert ist von durchaus gro\u00dfer Bedeutung. attraktive Z\u00e4une werten Ihre Wohn- oder Gesch\u00e4ftsimmobilie erkennbar auf \u2013 sie geben einem Alt- oder Neubau ein individuelles und elegantes Erscheinungsbild. Aus zahllosen unterschiedlichen Materialien, Farben, Formen und Gr\u00f6\u00dfen d\u00fcrfen Sie bei uns ausw\u00e4hlen. Unsere Fachhandwerker informieren Sie sehr gerne \u00fcber die zur Verf\u00fcgung stehenden M\u00f6glichkeiten, die Ihnen offen stehen. Selbstverst\u00e4ndlich kommen wir auch sehr gerne zu Ihnen nach Hause. Um die Varianten f\u00fcr die architektonische Integration von Z\u00e4unen und Sichtschutzelementen vor Ort beurteilen zu k\u00f6nnen, begutachten unsere Spezialisten die Begebenheiten auch direkt an Ihrer Immobilie.<\/p>\n","protected":false},"excerpt":{"rendered":"<p>Jahrelange Erfahrung beim Verkauf von Z\u00e4unen und Sichtschutzelementen Hochwertige Z\u00e4une und Sichtschutzelemente z\u00e4hlen zu unseren mit am h\u00e4ufigsten nachgefragten Erzeugnissen. Sch\u00f6ne Z\u00e4une sind in gewisser Weise die Visitenkarte eines Hauses. Ein attraktiver Zaun zeugt immer von Charakter, Stil und Qualit\u00e4tsbewusstsein. Attraktive Z\u00e4une aus Holz sind eine optisch ansprechende, dabei ausgezeichnete Verbindung aus Natur und Funktionalit\u00e4t. [&hellip;]<\/p>\n","protected":false},"author":1,"featured_media":0,"parent":0,"menu_order":0,"comment_status":"closed","ping_status":"closed","template":"","meta":{"footnotes":""},"class_list":["post-4770","page","type-page","status-publish","hentry"],"meta_box":{"popseo_subtitel":"Wir sind Ihr erfahrener Fachbetrieb f\u00fcr qualitativ erstklassige Z\u00e4une in Stelle","popseo_subtitel2":"Z\u00e4une - unsere Fachkr\u00e4fte beraten Sie gerne","popseo_lasttitel":"Z\u00e4une: Sie haben Fragen? Dann melden Sie sich bei uns","popseo_region":"Stelle","popseo_sachwort":"Z\u00e4une","popseo_noupdate":"","popseo_einleitungstext":"<p>Sie wollen Ihre Immobilie mit modernen Bauelementen ausstatten lassen interessieren sich f\u00fcr unser Leistungs- und Produktangebot? Wunderbar, dann sind Sie auf dieser Seite goldrichtig. Unser Produktportfolio umfasst zum Beispiel Markisen, Terrassend\u00e4cher, Rolltore, T\u00fcren, Au\u00dfenjalousien, Fenster, Carports und Rolll\u00e4den. Als auf Sonnenschutz und Sicherheit fokussiertes Unternehmen \u00fcbernehmen wir vor allem auch Reparatur- und Montagearbeiten. Erfahren Sie nachfolgend mehr \u00fcber uns und unser Angebot. \u00dcber Ihr Interesse freuen wir uns sehr.<\/p>","popseo_schlusstext":"<p>Wenn Sie mehr wissen m\u00f6chten, informieren wir Sie n\u00e4her \u00fcber unsere Produkte und unser Aufgabenfeld. Wir nennen Ihnen mit Vergn\u00fcgen auch ein paar Projekte, die Ihnen einen Einblick in unsere Arbeit geben.<br \/>\nWir sind f\u00fcr Sie da. Rufen Sie uns doch rasch einmal an oder senden Sie uns eine kurze E-Mail. Wir freuen uns auf den Kontakt zu Ihnen.<\/p>","popseo_stadttext":"<h3>Unser Vertriebsgebiet umfasst auch in|Dach- und Fassadensanierung in|Unsere Spezialisten kommen zu Ihnen nach} Stelle<\/h2>\n<p>Unser Einzugsbereich umfasst auch Stelle. Durch unsere T\u00e4tigkeit haben wir uns einen guten \u00dcberblick \u00fcber die Stadtarchitektur der St\u00e4dte und Gemeinden unseres Vertriebsgebietes machen k\u00f6nnen. Wir f\u00fchlen uns der Region verpflichtet und freuen uns dar\u00fcber, auch einen Anteil zur gesunden Infrastruktur der Gemeinde beizusteuern zu d\u00fcrfen.  <\/p>\n<h3>Lebensmittelpunkt Stelle<\/h3>\n<p>In der zum Kreis Harburg z\u00e4hlenden Gemeinde Stelle leben insgesamt gut 11.000 Anwohner auf einer Fl\u00e4che von gut 38 Quadratkilometer. Unmittelbar an Hamburg grenzend, z\u00e4hlt Stelle zum sog. \u201eSpeckg\u00fcrtel\u201c der Elbmetropole. Die Bev\u00f6lkerungszahl mit 288 Einwohnern pro Quadratkilometer ist durchaus niedrig zu nennen, was die Stadt zu einer begehrten Wohngegend macht. Einige sch\u00f6ne Siedlungen mit einer angenehmen Einzelhausbebauung machen Stelle insbesondere f\u00fcr Familien attraktiv. Leben in einem fast d\u00f6rflichen Umfeld, dabei die Metropole direkt vor der T\u00fcr  \u2013 ein Wohnmodell, das f\u00fcr sehr viele Menschen interessant ist. Ungez\u00e4hlte Wiesen und W\u00e4lder verleihen dem Ort einen zuweilen fast d\u00f6rflichen Charakter. Das lokale Wirtschaftsleben von Stelle ist durchzogen von kleinen und mittelst\u00e4ndigen Betrieben. <\/p>\n<p>Stelle ist f\u00fcr Pendler bestens ideal. Wer seine Arbeitsstelle in der nahen Metropole hat, genie\u00dft das eher beschauliche Leben in der Peripherie. Stelle verf\u00fcgt \u00fcber zahlreiche sch\u00f6ne Wohnquartiere, die von einer ansprechenden Einzelhausbebauung gepr\u00e4gt sind. <\/p>\n<h4>Unsere Leistung f\u00fcr qualit\u00e4tsbewusste Kunden aus Stelle<\/h4>\n<p>Gerne werden wir auch f\u00fcr Sie im Raum Stelle t\u00e4tig. D\u00fcrfen wir Sie detailliert beraten? Rufen Sie uns an oder senden Sie uns eine Mail. Wir freuen uns auf Sie! Das Team unseres Fachbetriebes ist eingespielt und arbeitet perfekt \u201eHand in Hand\u201c.<\/p>","popseo_zusatztext":"<h3>Gute Produkte g\u00fcnstig und preiswert<\/h3>\n<p>Bauelemente m\u00fcssen hohen Anforderungen gerecht werden. Gleichwohl darf es g\u00fcnstig und preiswert sein. Das muss absolut kein Widerspruch sein. <\/p>\n<p>Als Fachbetrieb f\u00fcr Sonnenschutz- und Sicherheitssysteme verwenden wir nur ausgezeichnete Erzeugnisse. Trotzdem achten wir immer auf ein passendes Preis-Leistungsverh\u00e4ltnis. Wir m\u00f6chten Ihnen Qualit\u00e4t anbieten, die gleichzeitig auch g\u00fcnstig und preiswert ist. Verleihen Sie Ihrem Haus g\u00fcnstig und preiswert das gewisse Plus an Qualit\u00e4t. Markisen und Rolll\u00e4den oder andere Sonnenschutzl\u00f6sungen sehen nicht nur schick aus, sie leisten auch einen bedeutsamen Beitrag zur W\u00e4rmed\u00e4mmung.  <\/p>\n<h3>G\u00fcnstig und preiswert \u2013 es muss wirklich nicht immer teuer sein<\/h3>\n<p>D\u00fcrfen wir Sie informieren, wie Sie g\u00fcnstig und preiswert einen perfekten Sonnenschutz f\u00fcr Ihr Haus umsetzen? Toll, dann warten Sie bitte nicht und nehmen am besten gleich heute noch Verbindung mit uns auf. Ein kurzer Telefonanruf oder eine kurze Mail gen\u00fcgen. Gern beraten Sie unsere perfekt geschulten Fachleute \u00fcber die diversen Optionen, wie Sie Ihr Haus g\u00fcnstig und preiswert mit Rolll\u00e4den und Markisen oder anderen Sonnenschutzprodukten versehen. Wir freuen uns auf den Austausch mit Ihnen. <\/p>\n<h4>G\u00fcnstig und preiswert \u2013 manchmal macht auch der Preis den Unterschied<\/h4>\n<p>Z\u00e4hlen Sie beim Thema Sonnenschutz und Sicherheit auf den Fachmann. Nur ein Spezialbetrieb kennt die diversen Optionen, wie Sie g\u00fcnstig und preiswert, trotzdem qualitativ spitze einen perfekten Sonnenschutz erreichen. Qualit\u00e4tsbewusst, g\u00fcnstig und preiswert: Wir empfehlen uns als spezialisiertes Unternehmen im norddeutschen Gebiet. Unsere langj\u00e4hrige Erfahrung zeichnet uns aus.<\/p>","popseo_links":"<a href=\"https:\/\/www.kaduk-bauelemente.de\/leistungen\/kunststofffenster-seevetal-rosengarten\/\">Kunststofffenster Seevetal Rosengarten<\/a>, <a href=\"https:\/\/www.kaduk-bauelemente.de\/leistungen\/garagentore-bardowick\/\">Garagentore Bardowick<\/a>, <a href=\"https:\/\/www.kaduk-bauelemente.de\/leistungen\/aussenjalousien-bardowick\/\">Au\u00dfenjalousien Bardowick<\/a>, <a href=\"https:\/\/www.kaduk-bauelemente.de\/leistungen\/garagentore-tostedt-sittensen\/\">Garagentore Tostedt Sittensen<\/a>, <a href=\"https:\/\/www.kaduk-bauelemente.de\/leistungen\/tueren-amelinghausen\/\">T\u00fcren Amelinghausen<\/a>, <a href=\"https:\/\/www.kaduk-bauelemente.de\/leistungen\/terrassenueberdachungen-aus-holz-geesthacht\/\">Terrassen\u00fcberdachungen aus Holz Geesthacht<\/a>, <a href=\"https:\/\/www.kaduk-bauelemente.de\/leistungen\/sektionaltore-schwarzenbek\/\">Sektionaltore Schwarzenbek<\/a>, <a href=\"https:\/\/www.kaduk-bauelemente.de\/leistungen\/fliegengitter-harburg\/\">Fliegengitter Harburg<\/a>, <a href=\"https:\/\/www.kaduk-bauelemente.de\/leistungen\/garagen-stelle\/\">Garagen Stelle<\/a>, <a href=\"https:\/\/www.kaduk-bauelemente.de\/leistungen\/holzfenster-amt-neuhaus\/\">Holzfenster Amt Neuhaus<\/a>, <a href=\"https:\/\/www.kaduk-bauelemente.de\/leistungen\/garagentore-seevetal-rosengarten\/\">Garagentore Seevetal Rosengarten<\/a>, <a href=\"https:\/\/www.kaduk-bauelemente.de\/leistungen\/rolllaeden-uelzen\/\">Rolll\u00e4den Uelzen<\/a>, <a href=\"https:\/\/www.kaduk-bauelemente.de\/leistungen\/terrassenueberdachungen-aus-holz-salzhausen\/\">Terrassen\u00fcberdachungen aus Holz Salzhausen<\/a>, <a href=\"https:\/\/www.kaduk-bauelemente.de\/leistungen\/terrassenueberdachungen-aus-aluminium-bad-bevensen\/\">Terrassen\u00fcberdachungen aus Aluminium Bad Bevensen<\/a>, <a href=\"https:\/\/www.kaduk-bauelemente.de\/leistungen\/kunststofffenster-amt-neuhaus\/\">Kunststofffenster Amt Neuhaus<\/a>, <a href=\"https:\/\/www.kaduk-bauelemente.de\/leistungen\/terrassenueberdachungen-aus-holz-adendorf\/\">Terrassen\u00fcberdachungen aus Holz Adendorf<\/a>, <a href=\"https:\/\/www.kaduk-bauelemente.de\/leistungen\/terrassendaecher-aus-holz-hanstedt\/\">Terrassend\u00e4cher aus Holz Hanstedt<\/a>, <a href=\"https:\/\/www.kaduk-bauelemente.de\/leistungen\/terrassenueberdachungen-aus-holz-boizenburg\/\">Terrassen\u00fcberdachungen aus Holz Boizenburg<\/a>, <a href=\"https:\/\/www.kaduk-bauelemente.de\/leistungen\/rollladen-ebstorf\/\">Rollladen Ebstorf<\/a>, <a href=\"https:\/\/www.kaduk-bauelemente.de\/leistungen\/sektionaltore-uelzen\/\">Sektionaltore Uelzen<\/a>, <a href=\"https:\/\/www.kaduk-bauelemente.de\/leistungen\/tueren-schwarzenbek\/\">T\u00fcren Schwarzenbek<\/a>, <a href=\"https:\/\/www.kaduk-bauelemente.de\/leistungen\/aussenjalousien-bad-bevensen\/\">Au\u00dfenjalousien Bad Bevensen<\/a>, <a href=\"https:\/\/www.kaduk-bauelemente.de\/leistungen\/terrassenueberdachungen-aus-holz-buchholz\/\">Terrassen\u00fcberdachungen aus Holz Buchholz<\/a>, <a href=\"https:\/\/www.kaduk-bauelemente.de\/leistungen\/raffstores-tostedt-sittensen\/\">Raffstores Tostedt Sittensen<\/a>, <a href=\"https:\/\/www.kaduk-bauelemente.de\/leistungen\/rolltore-bad-bevensen\/\">Rolltore Bad Bevensen<\/a>, <a href=\"https:\/\/www.kaduk-bauelemente.de\/leistungen\/terrassenueberdachungen-aus-holz-bispingen\/\">Terrassen\u00fcberdachungen aus Holz Bispingen<\/a>"},"_links":{"self":[{"href":"https:\/\/www.kaduk-bauelemente.de\/leistungen\/wp-json\/wp\/v2\/pages\/4770","targetHints":{"allow":["GET"]}}],"collection":[{"href":"https:\/\/www.kaduk-bauelemente.de\/leistungen\/wp-json\/wp\/v2\/pages"}],"about":[{"href":"https:\/\/www.kaduk-bauelemente.de\/leistungen\/wp-json\/wp\/v2\/types\/page"}],"author":[{"embeddable":true,"href":"https:\/\/www.kaduk-bauelemente.de\/leistungen\/wp-json\/wp\/v2\/users\/1"}],"replies":[{"embeddable":true,"href":"https:\/\/www.kaduk-bauelemente.de\/leistungen\/wp-json\/wp\/v2\/comments?post=4770"}],"version-history":[{"count":0,"href":"https:\/\/www.kaduk-bauelemente.de\/leistungen\/wp-json\/wp\/v2\/pages\/4770\/revisions"}],"wp:attachment":[{"href":"https:\/\/www.kaduk-bauelemente.de\/leistungen\/wp-json\/wp\/v2\/media?parent=4770"}],"curies":[{"name":"wp","href":"https:\/\/api.w.org\/{rel}","templated":true}]}}