{"id":4768,"date":"2021-08-25T12:19:46","date_gmt":"2021-08-25T10:19:46","guid":{"rendered":"https:\/\/www.kaduk-bauelemente.de\/leistungen\/zaeune-schwarzenbek\/"},"modified":"2021-08-25T12:19:46","modified_gmt":"2021-08-25T10:19:46","slug":"zaeune-schwarzenbek","status":"publish","type":"page","link":"https:\/\/www.kaduk-bauelemente.de\/leistungen\/zaeune-schwarzenbek\/","title":{"rendered":"Z\u00e4une &#8211; Schwarzenbek"},"content":{"rendered":"<h3>Wir f\u00fchren Holz-, Doppelstabmatten- und Kunststoffz\u00e4une!<\/h3>\n<p>Hochwertige Z\u00e4une und Sichtschutzelemente z\u00e4hlen zu unseren beliebtesten Artikeln. H\u00fcbsche Z\u00e4une sind in gewisser Weise die Visitenkarte eines Wohn- oder Gesch\u00e4ftshauses. Ein attraktiver Zaun zeugt immer von Individualit\u00e4t, Stil und Qualit\u00e4tsbewusstsein. Sch\u00f6ne Z\u00e4une aus Holz sind eine h\u00fcbsche, dabei erstklassige Kombination aus Natur und Funktionalit\u00e4t. Nat\u00fcrliches Material ist ohne Frage ein Zeichen f\u00fcr einen besonderen Geschmack. Kunststoffz\u00e4une wiederum \u00fcberzeugen durch Stabilit\u00e4t, Langlebigkeit, einfache Pflege, Farbechtheit und eine gute UV-Best\u00e4ndigkeit. Doppelstabmattenz\u00e4une schlie\u00dflich sind eine ausgezeichnete Wahl f\u00fcr Abtrennungen, Begr\u00fcnungen und auch f\u00fcr Hundezwinger. Die notwendige Stabilit\u00e4t wird durch parallel gesetzte Horizontaldr\u00e4hte sichergestellt. Mattenz\u00e4une sind feuerverzinkt und pulverbeschichtet. Auf welchen Zaun Ihre Wahl auch f\u00e4llt: Fachm\u00e4nnisch gearbeitete Z\u00e4une \u00fcberzeugen durch eine jahrelange Haltbarkeit. <\/p>\n<h3>Unser Kundenservice informiert Sie \u00fcber Z\u00e4une und Sichtschutzelemente<\/h3>\n<p>Z\u00e4une und Sichtschutzw\u00e4nde sind ein ausgesprochen attraktives architektonisches Detail. Der gestalterische Wert ist von durchaus erheblicher Relevanz. attraktive Z\u00e4une werten Ihr Wohnhaus sichtbar auf \u2013 sie geben der Immobilie ein unverwechselbares und ganz eigenes Erscheinungsbild. Aus zahlreichen verschiedenen Materialien, Farben, Gr\u00f6\u00dfen und Formen k\u00f6nnen Sie bei uns ausw\u00e4hlen. Unsere Fachhandwerker informieren Sie mit Vergn\u00fcgen \u00fcber die zur Verf\u00fcgung stehenden M\u00f6glichkeiten, die Ihnen offen stehen. Selbstverst\u00e4ndlich kommen wir auch gern zu Ihnen nach Hause. Um die Optionen f\u00fcr die architektonische Integration von Z\u00e4unen und Sichtschutzelementen vor Ort beurteilen zu k\u00f6nnen, begutachten unsere Spezialisten die Begebenheiten auch direkt an Ihrer Immobilie.<\/p>\n","protected":false},"excerpt":{"rendered":"<p>Wir f\u00fchren Holz-, Doppelstabmatten- und Kunststoffz\u00e4une! Hochwertige Z\u00e4une und Sichtschutzelemente z\u00e4hlen zu unseren beliebtesten Artikeln. H\u00fcbsche Z\u00e4une sind in gewisser Weise die Visitenkarte eines Wohn- oder Gesch\u00e4ftshauses. Ein attraktiver Zaun zeugt immer von Individualit\u00e4t, Stil und Qualit\u00e4tsbewusstsein. Sch\u00f6ne Z\u00e4une aus Holz sind eine h\u00fcbsche, dabei erstklassige Kombination aus Natur und Funktionalit\u00e4t. Nat\u00fcrliches Material ist ohne [&hellip;]<\/p>\n","protected":false},"author":1,"featured_media":0,"parent":0,"menu_order":0,"comment_status":"closed","ping_status":"closed","template":"","meta":{"footnotes":""},"class_list":["post-4768","page","type-page","status-publish","hentry"],"meta_box":{"popseo_subtitel":"Kaduk Bauelelemente ist Ihr Fachanbieter f\u00fcr hochwertige Z\u00e4une im Raum Schwarzenbek","popseo_subtitel2":"Z\u00e4une - unsere Spezialisten kennen sich aus","popseo_lasttitel":"Z\u00e4une: Wir informieren Sie gerne auch pers\u00f6nlich!","popseo_region":"Schwarzenbek","popseo_sachwort":"Z\u00e4une","popseo_noupdate":"","popseo_einleitungstext":"<p>Wenn es um Sicherheit und Sonnenschutz geht, sind Sie bei der Firma Kaduk exakt an der richtigen Adresse. Seit Firmengr\u00fcndung sind wir Ihre lokalen Experten f\u00fcr hochwertige Bauelemente. Zu unserem Produktsortiment geh\u00f6ren zum Beispiel Terrassend\u00e4cher, Markisen, Rolltore, Au\u00dfenjalousien, T\u00fcren, Fenster, Rolll\u00e4den und Carports. Unsere Fachleute \u00fcbernehmen Montage- und Reparaturarbeiten und zeigen Ihnen, wie Sie Ihre Wohn- oder Gesch\u00e4ftsgeb\u00e4ude mit zeitgem\u00e4\u00dfen Bauelementen ausr\u00fcsten k\u00f6nnen. Im Folgenden haben wir erste Informationen f\u00fcr Sie zusammengestellt.<\/p>","popseo_schlusstext":"<p>Sie suchen einen Profi f\u00fcr hochwertige Sicherheits- und Sonnenschutzl\u00f6sungen. Dann rufen Sie uns bitte rasch an. Wir freuen uns auf das Gespr\u00e4ch mit Ihnen. Wenn es um Bauelemente geht, sind wir Ihr verl\u00e4sslicher Handels- und Handwerkspartner. Wir stehen f\u00fcr hochwertige Produkte und eine fachm\u00e4nnisch ausgef\u00fchrte Arbeit nach dem jeweils aktuellsten Stand der Technik.<\/p>","popseo_stadttext":"<h3>Wir sind Ihr Partner auch in Schwarzenbek<\/h3>\n<p>Unser Einzugsbereich umfasst auch Schwarzenbek. Durch unsere T\u00e4tigkeit haben wir uns einen ausgezeichneten \u00dcberblick \u00fcber die Architektur der St\u00e4dte und Gemeinden unseres Vertriebsgebietes erarbeiten k\u00f6nnen. Wir f\u00fchlen uns der Region verpflichtet und freuen uns dar\u00fcber, auch einen Teil zur gesunden Infrastruktur der Stadt Schwarzenbek beizusteuern zu k\u00f6nnen.  <\/p>\n<h3>Lebensmittelpunkt Schwarzenbek<\/h3>\n<p>Die Gemeinde Schwarzenbek geh\u00f6rt formaljuristisch zum schleswig-holsteinischen Kreis Herzogtum Lauenburg. In Schwarzenbek wohnen \u00fcber 15.000 B\u00fcrger auf einer Fl\u00e4che von rund 11 qkm. Schwarzenbek fungiert als Verwaltungssitz des Amtes Schwarzenbek-Land. Schwarzenbek begeistert besonders durch seine sch\u00f6nen Wohnquartiere. Die Einzelhausbebauung \u00fcberwiegt in der lauenburgischen Kleinstadt ganz augenf\u00e4llig. Mehrgeschossige Wohngeb\u00e4ude sind in Schwarzenbek deutlich in der Minderheit.<\/p>\n<p>Die r\u00e4umliche N\u00e4he zur Metropole Hamburg ist ein entscheidender Standortfaktor der Gemeinde. Kaum mehr als in etwa 35 Kilometer ist die norddeutsche Gro\u00dfstadt von Schwarzenbek entfernt. Viele Pendler genie\u00dfen die Vorteile von Schwarzenbek: Wer seinen Arbeitsplatz in der Gro\u00dfstadt hat, f\u00e4hrt nicht sehr lange bis zu seinem Wohnort Schwarzenbek. Das zumeist beschauliche Leben auf dem Lande kombiniert sich auf hervorragende Weise mit den Verg\u00fcnstgungen der Gro\u00dfstadt.<br \/>\nEine durch und durch befriedigende Infrastruktur macht das Wohnen in Schwarzenbek speziell f\u00fcr junge Familien reizvoll. Die Stadt ist Teil vom Hamburger Verkehrsverbund (HVV). Mit der Bahn erreicht man Schwarzenbek \u00fcber die Verbindung Hamburg-Berlin. Zum Hauptbahnhof Hamburg ben\u00f6tigt man knapp 20 Minuten. <\/p>\n<h3>Schwarzenbek \u2013 beliebt bei jungen Familien<\/h3>\n<p>Die Gemeinde Schwarzenbek wurde vor einigen Jahren mit dem sog. Europapreis ausgezeichnet. Die Auszeichnung wird St\u00e4dten und Gemeinden verliehen, die sich sich in herausragender Weise f\u00fcr die Ausbreitung des europ\u00e4ischen Einigungsgedankens stark gemacht haben. Schwarzenbek tr\u00e4gt die Bezeichnung \u201eEuropastadt\u201c mit Stolz.<br \/>\nWegen der besonderen Lage im Kreisgebiet Lauenburgs wird Schwarzenbek zuweilen auch \u201eStadt der Mitte\u201c genannt. Schwarzenbek war \u00fcbrigens eine der ersten Gemeinden in Norddeutschland, die auf der Stadtbeschilderung den Stadtnamen auch auf Plattdeutsch geschrieben haben. Eine sch\u00f6ne Idee, die zwischenzeitlich zahllose Nachahmer gefunden hat. <\/p>\n<h4>Wir f\u00fcr Sie in Schwarzenbek!<\/h4>\n<p>Gerne werden wir auch f\u00fcr Sie im Raum Schwarzenbek t\u00e4tig. D\u00fcrfen wir Sie detailliert informieren? Kontaktieren sie uns per Telefon oder schreiben Sie uns eine Email. Wir freuen uns, wenn wir ihnen helfen k\u00f6nnen! Das perfekt eingespielte Team unseres Unternehmens zeichnet sich durch eine zielgerichtete Arbeit aus.<\/p>","popseo_zusatztext":"<h3>G\u00fcnstig und preiswert \u2013 f\u00fcr uns selbstverst\u00e4ndlich<\/h3>\n<p>Bauelemente m\u00fcssen gehobenen Anforderungen gerecht werden. Trotzdem darf es g\u00fcnstig und preiswert sein. Das muss durchaus kein Widerspruch sein. <\/p>\n<p>Als Fachbetrieb f\u00fcr Sonnenschutz- und Sicherheitssysteme verarbeiten wir ausnahmslos qualitativ hochwertige Produkte. Nichtsdestotrotz achten wir stets auf ein passendes Preis-Leistungsverh\u00e4ltnis. Wir m\u00f6chten Ihnen Spitzenqualit\u00e4t anbieten, die trotzdem auch g\u00fcnstig und preiswert ist. Geben Sie Ihrem Haus g\u00fcnstig und preiswert das gewisse Plus an Qualit\u00e4t. Rolll\u00e4den und Markisen oder andere Sonnenschutzl\u00f6sungen sehen nicht nur schmuck aus, sie leisten auch einen bedeutsamen Beitrag zur W\u00e4rmed\u00e4mmung.  <\/p>\n<h3>G\u00fcnstig und preiswert ohne Abstriche bei der Qualit\u00e4t<\/h3>\n<p>D\u00fcrfen wir Sie informieren, wie Sie g\u00fcnstig und preiswert einen perfekten Sonnenschutz f\u00fcr Ihr Heim verwirklichen? Super, dann z\u00f6gern Sie bitte nicht und nehmen am besten sofort heute noch Kontakt mit uns auf. Ein kurzer Anruf oder eine kurze E-Mail gen\u00fcgen. Mit Vergn\u00fcgen beraten Sie unsere perfekt ausgebildeten Experten \u00fcber die unterschiedlichen M\u00f6glichkeiten, wie Sie Ihr Heim g\u00fcnstig und preiswert mit Rolll\u00e4den und Markisen oder anderen Sonnenschutzprodukten ausstatten. Wir freuen uns auf den Austausch mit Ihnen. <\/p>\n<h4>G\u00fcnstig und preiswert \u2013 manchmal macht auch der Preis den Unterschied<\/h4>\n<p>Setzen Sie beim Thema Sonnenschutz und Sicherheit auf den Experten. Nur ein Spezialbetrieb kennt die unterschiedlichen Optionen, wie Sie g\u00fcnstig und preiswert, zugleich qualitativ h\u00f6herwertig einen tadellosen Sonnenschutz erreichen. Qualit\u00e4tsbewusst, g\u00fcnstig und preiswert: Wir empfehlen uns als spezialisiertes Unternehmen im norddeutschen Raum. Unsere langj\u00e4hrige Erfahrung spricht f\u00fcr uns.<\/p>","popseo_links":"<a href=\"https:\/\/www.kaduk-bauelemente.de\/leistungen\/sektionaltore-reinbek-glinde\/\">Sektionaltore Reinbek Glinde<\/a>, <a href=\"https:\/\/www.kaduk-bauelemente.de\/leistungen\/fliegengitter-amt-neuhaus\/\">Fliegengitter Amt Neuhaus<\/a>, <a href=\"https:\/\/www.kaduk-bauelemente.de\/leistungen\/kunststofffenster-buchholz\/\">Kunststofffenster Buchholz<\/a>, <a href=\"https:\/\/www.kaduk-bauelemente.de\/leistungen\/aussenjalousien-bienenbuettel\/\">Au\u00dfenjalousien Bienenb\u00fcttel<\/a>, <a href=\"https:\/\/www.kaduk-bauelemente.de\/leistungen\/markisen-bienenbuettel\/\">Markisen Bienenb\u00fcttel<\/a>, <a href=\"https:\/\/www.kaduk-bauelemente.de\/leistungen\/rolllaeden-jesteburg\/\">Rolll\u00e4den Jesteburg<\/a>, <a href=\"https:\/\/www.kaduk-bauelemente.de\/leistungen\/aussenjalousien-reppenstedt\/\">Au\u00dfenjalousien Reppenstedt<\/a>, <a href=\"https:\/\/www.kaduk-bauelemente.de\/leistungen\/fliegengitter-amelinghausen\/\">Fliegengitter Amelinghausen<\/a>, <a href=\"https:\/\/www.kaduk-bauelemente.de\/leistungen\/raffstores-buechen\/\">Raffstores B\u00fcchen<\/a>, <a href=\"https:\/\/www.kaduk-bauelemente.de\/leistungen\/raffstores-seevetal-rosengarten\/\">Raffstores Seevetal Rosengarten<\/a>, <a href=\"https:\/\/www.kaduk-bauelemente.de\/leistungen\/insektenschutz-bad-bevensen\/\">Insektenschutz Bad Bevensen<\/a>, <a href=\"https:\/\/www.kaduk-bauelemente.de\/leistungen\/zaunbau-bergedorf-wentorf\/\">Zaunbau Bergedorf Wentorf<\/a>, <a href=\"https:\/\/www.kaduk-bauelemente.de\/leistungen\/raffstores-amelinghausen\/\">Raffstores Amelinghausen<\/a>, <a href=\"https:\/\/www.kaduk-bauelemente.de\/leistungen\/terrassendaecher-aus-holz-bergedorf-wentorf\/\">Terrassend\u00e4cher aus Holz Bergedorf Wentorf<\/a>, <a href=\"https:\/\/www.kaduk-bauelemente.de\/leistungen\/terrassenueberdachungen-aus-holz-amt-neuhaus\/\">Terrassen\u00fcberdachungen aus Holz Amt Neuhaus<\/a>, <a href=\"https:\/\/www.kaduk-bauelemente.de\/leistungen\/kunststofffenster-hanstedt\/\">Kunststofffenster Hanstedt<\/a>, <a href=\"https:\/\/www.kaduk-bauelemente.de\/leistungen\/tueren-bardowick\/\">T\u00fcren Bardowick<\/a>, <a href=\"https:\/\/www.kaduk-bauelemente.de\/leistungen\/aussenjalousien-tostedt-sittensen\/\">Au\u00dfenjalousien Tostedt Sittensen<\/a>, <a href=\"https:\/\/www.kaduk-bauelemente.de\/leistungen\/holzfenster-buechen\/\">Holzfenster B\u00fcchen<\/a>, <a href=\"https:\/\/www.kaduk-bauelemente.de\/leistungen\/terrassendaecher-aus-aluminium-harburg\/\">Terrassend\u00e4cher aus Aluminium Harburg<\/a>, <a href=\"https:\/\/www.kaduk-bauelemente.de\/leistungen\/haustueren-bergedorf-wentorf\/\">Haust\u00fcren Bergedorf Wentorf<\/a>, <a href=\"https:\/\/www.kaduk-bauelemente.de\/leistungen\/fliegengitter-harburg\/\">Fliegengitter Harburg<\/a>, <a href=\"https:\/\/www.kaduk-bauelemente.de\/leistungen\/rolltore-lueneburg\/\">Rolltore L\u00fcneburg<\/a>, <a href=\"https:\/\/www.kaduk-bauelemente.de\/leistungen\/terrassendaecher-aus-aluminium-seevetal-rosengarten\/\">Terrassend\u00e4cher aus Aluminium Seevetal Rosengarten<\/a>, <a href=\"https:\/\/www.kaduk-bauelemente.de\/leistungen\/tueren-jesteburg\/\">T\u00fcren Jesteburg<\/a>, <a href=\"https:\/\/www.kaduk-bauelemente.de\/leistungen\/terrassendaecher-aus-holz-buechen\/\">Terrassend\u00e4cher aus Holz B\u00fcchen<\/a>"},"_links":{"self":[{"href":"https:\/\/www.kaduk-bauelemente.de\/leistungen\/wp-json\/wp\/v2\/pages\/4768","targetHints":{"allow":["GET"]}}],"collection":[{"href":"https:\/\/www.kaduk-bauelemente.de\/leistungen\/wp-json\/wp\/v2\/pages"}],"about":[{"href":"https:\/\/www.kaduk-bauelemente.de\/leistungen\/wp-json\/wp\/v2\/types\/page"}],"author":[{"embeddable":true,"href":"https:\/\/www.kaduk-bauelemente.de\/leistungen\/wp-json\/wp\/v2\/users\/1"}],"replies":[{"embeddable":true,"href":"https:\/\/www.kaduk-bauelemente.de\/leistungen\/wp-json\/wp\/v2\/comments?post=4768"}],"version-history":[{"count":0,"href":"https:\/\/www.kaduk-bauelemente.de\/leistungen\/wp-json\/wp\/v2\/pages\/4768\/revisions"}],"wp:attachment":[{"href":"https:\/\/www.kaduk-bauelemente.de\/leistungen\/wp-json\/wp\/v2\/media?parent=4768"}],"curies":[{"name":"wp","href":"https:\/\/api.w.org\/{rel}","templated":true}]}}