{"id":4767,"date":"2021-08-25T12:19:46","date_gmt":"2021-08-25T10:19:46","guid":{"rendered":"https:\/\/www.kaduk-bauelemente.de\/leistungen\/zaeune-salzhausen\/"},"modified":"2021-08-25T12:19:46","modified_gmt":"2021-08-25T10:19:46","slug":"zaeune-salzhausen","status":"publish","type":"page","link":"https:\/\/www.kaduk-bauelemente.de\/leistungen\/zaeune-salzhausen\/","title":{"rendered":"Z\u00e4une &#8211; Salzhausen"},"content":{"rendered":"<h3>Wir f\u00fchren Holz-, Doppelstabmatten- und Kunststoffz\u00e4une!<\/h3>\n<p>Hochwertige Z\u00e4une und Sichtschutzw\u00e4nde z\u00e4hlen zu unseren beliebtesten Erzeugnissen. Sch\u00f6ne Z\u00e4une sind in gewisser Weise die Visitenkarte eines Wohn- oder Gesch\u00e4ftshauses. Ein attraktiver Zaun zeugt immer von Charakter, Stil und Qualit\u00e4tsbewusstsein. Attraktive Z\u00e4une aus Holz sind eine schmucke, gleicherma\u00dfen ausgezeichnete Verschmelzung aus Natur und Funktionalit\u00e4t. Naturbelassenes Material ist fraglos ein Merkmal f\u00fcr einen besonderen Geschmack. Kunststoffz\u00e4une wiederum begeistern durch Stabilit\u00e4t, Langlebigkeit, einfache Pflege, Farbechtheit und eine bestm\u00f6gliche UV-Best\u00e4ndigkeit. Doppelstabmattenz\u00e4une schlie\u00dflich sind eine ausgezeichnete Wahl f\u00fcr Begr\u00fcnungen, Abtrennungen sowie auch f\u00fcr Hundezwinger. Die n\u00f6tige Stabilit\u00e4t wird durch parallel verlaufende Horizontaldr\u00e4hte sichergestellt. Mattenz\u00e4une sind feuerverzinkt und pulverbeschichtet. Welchen Zaun Sie auch pr\u00e4ferieren: Handwerklich korrekt gearbeitete Z\u00e4une begeistern durch eine lange Produktlebenszeit. <\/p>\n<h3>Unser Kundenservice informiert Sie \u00fcber Z\u00e4une und Sichtschutzelemente<\/h3>\n<p>Z\u00e4une und Sichtschutzelemente sind ein ausgesprochen attraktives architektonisches Detail. Der gestalterische Wert ist von durchaus gro\u00dfer Bedeutung. attraktive Z\u00e4une werten Ihr Wohn- oder Gesch\u00e4ftshaus sichtbar auf \u2013 sie geben einem Alt- oder Neubau ein unverwechselbares und ganz eigenes Erscheinungsbild. Aus vielen verschiedenartigen Materialien, Farben, Formen und Gr\u00f6\u00dfen d\u00fcrfen Sie bei uns w\u00e4hlen. Unsere Spezialisten informieren Sie mit Vergn\u00fcgen \u00fcber die verschiedenen M\u00f6glichkeiten, die Ihnen offen stehen. Selbstverst\u00e4ndlich kommen wir auch gerne zu Ihnen ins Haus. Um die M\u00f6glichkeiten f\u00fcr den Verbau von Z\u00e4unen und Sichtschutzw\u00e4nden am \u201elebenden Objekt\u201c beurteilen zu k\u00f6nnen, begutachten unsere Experten die Begebenheiten auch direkt an Ihrer Immobilie.<\/p>\n","protected":false},"excerpt":{"rendered":"<p>Wir f\u00fchren Holz-, Doppelstabmatten- und Kunststoffz\u00e4une! Hochwertige Z\u00e4une und Sichtschutzw\u00e4nde z\u00e4hlen zu unseren beliebtesten Erzeugnissen. Sch\u00f6ne Z\u00e4une sind in gewisser Weise die Visitenkarte eines Wohn- oder Gesch\u00e4ftshauses. Ein attraktiver Zaun zeugt immer von Charakter, Stil und Qualit\u00e4tsbewusstsein. Attraktive Z\u00e4une aus Holz sind eine schmucke, gleicherma\u00dfen ausgezeichnete Verschmelzung aus Natur und Funktionalit\u00e4t. Naturbelassenes Material ist fraglos [&hellip;]<\/p>\n","protected":false},"author":1,"featured_media":0,"parent":0,"menu_order":0,"comment_status":"closed","ping_status":"closed","template":"","meta":{"footnotes":""},"class_list":["post-4767","page","type-page","status-publish","hentry"],"meta_box":{"popseo_subtitel":"Kaduk Bauelelemente ist Ihr Fachunternehmen f\u00fcr qualitativ erstklassige Z\u00e4une im Gro\u00dfraum Salzhausen","popseo_subtitel2":"Z\u00e4une - attraktiv und hochwertig","popseo_lasttitel":"Z\u00e4une: F\u00fcr weitere Informationen sprechen Sie uns bitte an","popseo_region":"Salzhausen","popseo_sachwort":"Z\u00e4une","popseo_noupdate":"","popseo_einleitungstext":"<p>Wenn Sie mehr wissen m\u00f6chten, informieren wir Sie n\u00e4her \u00fcber unser Produkt- und Leistungsprogramm. Wir nennen Ihnen mit Vergn\u00fcgen auch ein paar Projekte, die Ihnen einen Einblick in unsere Arbeit geben.<br \/>\nWir sind f\u00fcr Sie da. Rufen Sie uns doch rasch einmal an oder schicken Sie uns eine schnelle E-Mail. Wir freuen uns auf den Kontakt zu Ihnen.<\/p>","popseo_schlusstext":"<p>Sehr gerne informieren wir Sie n\u00e4her \u00fcber unser Produkt- und Leistungsprogramm. Wir zeigen Ihnen mit Vergn\u00fcgen auch einige Referenzprojekte, die Ihnen einen Einblick in unsere Arbeit geben.<br \/>\nVertrauen Sie den Spezialisten der Firma Kaduk. Rufen Sie uns doch einfach einmal an oder schreiben Sie uns eine schnelle E-Mail. Wir freuen uns auf Sie.<\/p>","popseo_stadttext":"<h3>Unser Einzugsbereich umfasst auch Salzhausen<\/h3>\n<p>Sie kommen aus Salzhausen und sind hier im Internet auf unsere Website gesto\u00dfen? Das finden wir klasse. Gerne pr\u00e4sentieren wir Ihnen unser komplettes Leistungsspektrum und beantworten Ihre Fragen. Durch unsere Gesch\u00e4ftst\u00e4tigkeit haben wir uns einen guten \u00dcberblick \u00fcber die Architektur der St\u00e4dte und Gemeinden unseres Einzugsbereiches machen k\u00f6nnen. Nat\u00fcrlich geh\u00f6rt auch Salhausen zu unserem unmittelbaren Gesch\u00e4ftsgebiet. Wir freuen uns darauf, mit Ihnen in Kontakt zu kommen. <\/p>\n<h3>Einige interessante Informationen \u00fcber Salzhausen<\/h3>\n<p>Knapp 5.000 Einwohner wohnen in Salzhausen auf einem Areal von 34 Quadratkilometern. Der besonders als Wohnstatt gefragte Ort ist eine ausgesprochene Pendlerstadt. Von Salzhausen f\u00e4hrt man ins dicht gelegene Hamburg in rund 35 Minuten. Das regionale Mittelzentrum L\u00fcneburg ist nur 20 Kilometer entfernt. Salzhausen ist Teil der Metropolregion Hamburg und geh\u00f6rt formell zum Landkreis Harburg.<\/p>\n<p>Der beschauliche kleine Ort ist Amtssitz der Samtgemeinde Salzhausen, einer Vereinigung von 13 kleineren Ortschaften und acht Mitgliedsgemeinden. Die Samtgemeinde Salzhausen z\u00e4hlt in Summe knapp 14.000 B\u00fcrger und erstreckt sich \u00fcber eine Fl\u00e4che von zirka 148 km\u00b2. Einige der bekanntesten Ortschaften sind Garlsdorf, Eyendorf, G\u00f6denstorf, Garstedt, Toppenstedt und Luhm\u00fchlen. Salzhausen wie auch die anderen Ortschaften der Samtgemeinde sind besonders familiengeeignete Wohnst\u00e4tten. Salzhausen gef\u00e4llt durch eine sehr d\u00f6rfliche Anmutung. Ausgedehnte Naherholungsgebiete und landwirtschaftlich genutzte Fl\u00e4chen laden zum Verweilen ein.<\/p>\n<h4>Wir f\u00fcr Sie in Salzhausen!<\/h4>\n<p>Das Leben in Salzhausen, Eyendorf, Garlsdorf, Garstedt, G\u00f6denstorf, Toppenstedt und Luhm\u00fchlen ist beschaulich. Alle Orte der Samtgemeinde Salzhausen verf\u00fcgen \u00fcber sch\u00f6ne Wohnviertel, die insbesondere von einer ansprechenden Einzelhausbebauung gepr\u00e4gt sind. Sie interessieren sich f\u00fcr unser Leistungsangebot und haben deshalb unsere Homepage besucht? Dar\u00fcber freuen wir uns sehr. Unser engagiertes Spezialistenteam nimmt gerne Ihren Anruf entgegen oder beantwortet Ihre E-Mail.<\/p>","popseo_zusatztext":"<h3>Kaduk Bauelemente ist Ihr Fachbetrieb f\u00fcr Sonnen- und Sichtschutz<\/h3>\n<p>Vertrauen Sie bei Sonnenschutz und Sicherheit unbedingt auf die fachliche Leistung vom Fachbetrieb. Nur ein Fachbetrieb kennt die Tipps und Tricks, wie man zu einem fachgerechten Ergebnis kommt. Um sich mit Fug und Recht als Fachbetrieb bezeichnen zu d\u00fcrfen, braucht es eine qualifizierte Ausbildung der Mitarbeiter und eine langj\u00e4hrige Berufserfahrung.  <\/p>\n<p>Unsere Unternehmung empfiehlt sich als Ihr erfahrener Fachbetrieb f\u00fcr Sicherheit und Sonnenschutz. Setzen Sie auf Qualit\u00e4t und schenken Sie unserem Fachbetrieb Ihr Vertrauen. Wir bieten Ihnen u.a. hervorragende Markisen und Rolll\u00e4den und legen allerh\u00f6chsten Wert auf einen indivduellen Service. Schon seit vielen Jahren sind wir spezialisierter Fachbetrieb f\u00fcr Terrassend\u00e4cher, Markisen, Rolll\u00e4den und Au\u00dfenjalousien im Raum L\u00fcneburg. Es ist uns ein Anliegen, dass Sie \u00fcber lange Zeit viel Freude an Ihrem Sicht und Sonnenschutz haben. Von einem Fachbetrieb d\u00fcrfen Sie nat\u00fcrlich eine absolute Top-Leistung erwarten.<\/p>\n<h3>Dirk Kaduk Bauelemente \u2013 Ihr Fachbetrieb f\u00fcr Sicherheit und Sonnenschutz<\/h3>\n<p>Als Fachbetrieb darf sich eine Firma bezeichnen, deren Angestellte \u00fcber nachweisbare Qualifikationen verf\u00fcgen. Dies ist zum Beispiel eine entsprechende Ausbildung oder ein Meisterbrief. Au\u00dferdem zeichnet eine intensive praktische Erfahrung einen Fachbetrieb aus. Bereits seit vielen Jahren konzentrieren wir uns als spezialisiertes Unternehmen auf Sonnenschutz und Sicherheit von H\u00e4usern. In diesen langen Jahren haben wir uns das Attribut Fachbetrieb ganz sicher erarbeitet. Wir nutzen lediglich hervorragende Produkte. Hierbei achten wir immer auf ein perfektes Preis-Leistungsverh\u00e4ltnis. Unser Credo als Fachbetrieb: Wir bieten Ihnen Top-Leistung zu einem fairen Preis.<\/p>","popseo_links":"<a href=\"https:\/\/www.kaduk-bauelemente.de\/leistungen\/aussenjalousien-lueneburg\/\">Au\u00dfenjalousien L\u00fcneburg<\/a>, <a href=\"https:\/\/www.kaduk-bauelemente.de\/leistungen\/garagentore-amelinghausen\/\">Garagentore Amelinghausen<\/a>, <a href=\"https:\/\/www.kaduk-bauelemente.de\/leistungen\/fenster-ebstorf\/\">Fenster Ebstorf<\/a>, <a href=\"https:\/\/www.kaduk-bauelemente.de\/leistungen\/rolllaeden-stelle\/\">Rolll\u00e4den Stelle<\/a>, <a href=\"https:\/\/www.kaduk-bauelemente.de\/leistungen\/sektionaltore-schwarzenbek\/\">Sektionaltore Schwarzenbek<\/a>, <a href=\"https:\/\/www.kaduk-bauelemente.de\/leistungen\/markisen-amelinghausen\/\">Markisen Amelinghausen<\/a>, <a href=\"https:\/\/www.kaduk-bauelemente.de\/leistungen\/garagen-hanstedt\/\">Garagen Hanstedt<\/a>, <a href=\"https:\/\/www.kaduk-bauelemente.de\/leistungen\/haustueren-boizenburg\/\">Haust\u00fcren Boizenburg<\/a>, <a href=\"https:\/\/www.kaduk-bauelemente.de\/leistungen\/rollladen-buechen\/\">Rollladen B\u00fcchen<\/a>, <a href=\"https:\/\/www.kaduk-bauelemente.de\/leistungen\/fliegengitter-bienenbuettel\/\">Fliegengitter Bienenb\u00fcttel<\/a>, <a href=\"https:\/\/www.kaduk-bauelemente.de\/leistungen\/fliegengitter-adendorf\/\">Fliegengitter Adendorf<\/a>, <a href=\"https:\/\/www.kaduk-bauelemente.de\/leistungen\/fliegengitter-bergedorf-wentorf\/\">Fliegengitter Bergedorf Wentorf<\/a>, <a href=\"https:\/\/www.kaduk-bauelemente.de\/leistungen\/garagen-jesteburg\/\">Garagen Jesteburg<\/a>, <a href=\"https:\/\/www.kaduk-bauelemente.de\/leistungen\/rolltore-jesteburg\/\">Rolltore Jesteburg<\/a>, <a href=\"https:\/\/www.kaduk-bauelemente.de\/leistungen\/holzfenster-winsen-luhe\/\">Holzfenster Winsen Luhe<\/a>, <a href=\"https:\/\/www.kaduk-bauelemente.de\/leistungen\/terrassendaecher-aus-aluminium-ebstorf\/\">Terrassend\u00e4cher aus Aluminium Ebstorf<\/a>, <a href=\"https:\/\/www.kaduk-bauelemente.de\/leistungen\/carports-tostedt-sittensen\/\">Carports Tostedt Sittensen<\/a>, <a href=\"https:\/\/www.kaduk-bauelemente.de\/leistungen\/aussenjalousien-boizenburg\/\">Au\u00dfenjalousien Boizenburg<\/a>, <a href=\"https:\/\/www.kaduk-bauelemente.de\/leistungen\/kunststofffenster-maschen\/\">Kunststofffenster Maschen<\/a>, <a href=\"https:\/\/www.kaduk-bauelemente.de\/leistungen\/terrassenueberdachungen-aus-aluminium-schwarzenbek\/\">Terrassen\u00fcberdachungen aus Aluminium Schwarzenbek<\/a>, <a href=\"https:\/\/www.kaduk-bauelemente.de\/leistungen\/markisen-winsen-luhe\/\">Markisen Winsen Luhe<\/a>, <a href=\"https:\/\/www.kaduk-bauelemente.de\/leistungen\/sektionaltore-salzhausen\/\">Sektionaltore Salzhausen<\/a>, <a href=\"https:\/\/www.kaduk-bauelemente.de\/leistungen\/markisen-reinbek-glinde\/\">Markisen Reinbek Glinde<\/a>, <a href=\"https:\/\/www.kaduk-bauelemente.de\/leistungen\/fliegengitter-amt-neuhaus\/\">Fliegengitter Amt Neuhaus<\/a>, <a href=\"https:\/\/www.kaduk-bauelemente.de\/leistungen\/terrassendaecher-aus-holz-geesthacht\/\">Terrassend\u00e4cher aus Holz Geesthacht<\/a>, <a href=\"https:\/\/www.kaduk-bauelemente.de\/leistungen\/rollladen-maschen\/\">Rollladen Maschen<\/a>"},"_links":{"self":[{"href":"https:\/\/www.kaduk-bauelemente.de\/leistungen\/wp-json\/wp\/v2\/pages\/4767","targetHints":{"allow":["GET"]}}],"collection":[{"href":"https:\/\/www.kaduk-bauelemente.de\/leistungen\/wp-json\/wp\/v2\/pages"}],"about":[{"href":"https:\/\/www.kaduk-bauelemente.de\/leistungen\/wp-json\/wp\/v2\/types\/page"}],"author":[{"embeddable":true,"href":"https:\/\/www.kaduk-bauelemente.de\/leistungen\/wp-json\/wp\/v2\/users\/1"}],"replies":[{"embeddable":true,"href":"https:\/\/www.kaduk-bauelemente.de\/leistungen\/wp-json\/wp\/v2\/comments?post=4767"}],"version-history":[{"count":0,"href":"https:\/\/www.kaduk-bauelemente.de\/leistungen\/wp-json\/wp\/v2\/pages\/4767\/revisions"}],"wp:attachment":[{"href":"https:\/\/www.kaduk-bauelemente.de\/leistungen\/wp-json\/wp\/v2\/media?parent=4767"}],"curies":[{"name":"wp","href":"https:\/\/api.w.org\/{rel}","templated":true}]}}