{"id":4766,"date":"2021-08-25T12:19:46","date_gmt":"2021-08-25T10:19:46","guid":{"rendered":"https:\/\/www.kaduk-bauelemente.de\/leistungen\/zaeune-reppenstedt\/"},"modified":"2021-08-25T12:19:46","modified_gmt":"2021-08-25T10:19:46","slug":"zaeune-reppenstedt","status":"publish","type":"page","link":"https:\/\/www.kaduk-bauelemente.de\/leistungen\/zaeune-reppenstedt\/","title":{"rendered":"Z\u00e4une &#8211; Reppenstedt"},"content":{"rendered":"<h3>Jahrelange Erfahrung beim Verkauf von Z\u00e4unen und Sichtschutzelementen<\/h3>\n<p>Hochwertige Z\u00e4une und Sichtschutzelemente geh\u00f6ren zu unseren mit am h\u00e4ufigsten nachgefragten Erzeugnissen. H\u00fcbsche Z\u00e4une sind wenn man so will die Visitenkarte eines Wohnhauses. Ein attraktiver Zaun zeugt immer von Individualit\u00e4t, Stil und Qualit\u00e4tsanspruch. Attraktive Z\u00e4une aus Holz sind eine h\u00fcbsche, gleicherma\u00dfen ausgezeichnete Verschmelzung aus Natur und Funktionalit\u00e4t. Nat\u00fcrliches Material ist allgemein ein Ausdruck f\u00fcr einen individuellen Geschmack. Kunststoffz\u00e4une wiederum \u00fcberzeugen durch Stabilit\u00e4t, Langlebigkeit, einfache Pflege, Farbechtheit und eine bestm\u00f6gliche UV-Best\u00e4ndigkeit. Doppelstabmattenz\u00e4une schlie\u00dflich sind eine ausgezeichnete Wahl f\u00fcr Abtrennungen, Begr\u00fcnungen sowie auch f\u00fcr Hundezwinger. Die n\u00f6tige Stabilit\u00e4t wird durch parallele Horizontaldr\u00e4hte sichergestellt. Mattenz\u00e4une sind feuerverzinkt und pulverbeschichtet. Auf welchen Zaun Ihre Wahl auch f\u00e4llt: Handwerklich korrekt gearbeitete Z\u00e4une begeistern durch eine lange Haltbarkeit. <\/p>\n<h3>Holz-, Doppelstabmatten- und Kunststoffz\u00e4une: Wir beraten Sie gerne<\/h3>\n<p>Z\u00e4une und Sichtschutzw\u00e4nde sind ein wirklich attraktives architektonisches Detail. Der gestalterische Aspekt ist von durchaus gro\u00dfer Relevanz. Sch\u00f6ne Z\u00e4une werten Ihre Wohn- oder Gesch\u00e4ftsimmobilie erkennbar auf \u2013 sie geben jeder Immobilie ein unverwechselbares und ganz eigenes Erscheinungsbild. Aus zahlreichen verschiedenartigen Materialien, Formen, Farben und Gr\u00f6\u00dfen d\u00fcrfen Sie bei uns w\u00e4hlen. Unsere Fachhandwerker informieren Sie sehr gerne \u00fcber die zur Verf\u00fcgung stehenden M\u00f6glichkeiten, die sich Ihnen bieten. Selbstverst\u00e4ndlich kommen wir auch gerne zu Ihnen nach Hause. Um die Varianten f\u00fcr die architektonische Integration von Z\u00e4unen und Sichtschutzw\u00e4nden am \u201elebenden Objekt\u201c einsch\u00e4tzen zu k\u00f6nnen, begutachten unsere Mitarbeiter die Begebenheiten auch direkt an Ihrer Immobilie.<\/p>\n","protected":false},"excerpt":{"rendered":"<p>Jahrelange Erfahrung beim Verkauf von Z\u00e4unen und Sichtschutzelementen Hochwertige Z\u00e4une und Sichtschutzelemente geh\u00f6ren zu unseren mit am h\u00e4ufigsten nachgefragten Erzeugnissen. H\u00fcbsche Z\u00e4une sind wenn man so will die Visitenkarte eines Wohnhauses. Ein attraktiver Zaun zeugt immer von Individualit\u00e4t, Stil und Qualit\u00e4tsanspruch. Attraktive Z\u00e4une aus Holz sind eine h\u00fcbsche, gleicherma\u00dfen ausgezeichnete Verschmelzung aus Natur und Funktionalit\u00e4t. [&hellip;]<\/p>\n","protected":false},"author":1,"featured_media":0,"parent":0,"menu_order":0,"comment_status":"closed","ping_status":"closed","template":"","meta":{"footnotes":""},"class_list":["post-4766","page","type-page","status-publish","hentry"],"meta_box":{"popseo_subtitel":"Wir sind Ihr Partner f\u00fcr qualitativ erstklassige Z\u00e4une in Reppenstedt","popseo_subtitel2":"Z\u00e4une - wir haben die richtige L\u00f6sung f\u00fcr Sie","popseo_lasttitel":"Z\u00e4une: Treten Sie in Kontakt mit uns!","popseo_region":"Reppenstedt","popseo_sachwort":"Z\u00e4une","popseo_noupdate":"","popseo_einleitungstext":"<p>Sie wollen Ihr Wohn- oder Gesch\u00e4ftshaus mit modernen Bauelementen ausstatten lassen und m\u00f6chten sich \u00fcber unser Produkt- und Leistungsangebot informieren? Prima, dann sind Sie auf dieser Seite genau richtig. Unser Produktportfolio umfasst unter anderem Terrassend\u00e4cher, Markisen, Rolltore, Fenster, T\u00fcren, Au\u00dfenjalousien, Carports und Rolll\u00e4den. Als auf Sicherheit und Sonnenschutz spezialisiertes Unternehmen \u00fcbernehmen wir insbesondere auch Reparatur- und Montagearbeiten. Erfahren Sie nachfolgend mehr \u00fcber unser Unternehmen und dessen Angebot. Ihr Interesse freut uns sehr.<\/p>","popseo_schlusstext":"<p>Wenn Sie mehr wissen m\u00f6chten, informieren wir Sie n\u00e4her \u00fcber unsere Produkte und unser Aufgabenfeld. Wir pr\u00e4sentieren Ihnen mit Vergn\u00fcgen auch einige Referenzprojekte, die Ihnen einen Einblick in unsere T\u00e4tigkeit geben.<br \/>\nWir sind f\u00fcr Sie da. Rufen Sie uns doch einfach einmal an oder schreiben Sie uns eine schnelle E-Mail. Wir freuen uns auf den Kontakt zu Ihnen.<\/p>","popseo_stadttext":"<h3>Unser Vertriebsgebiet umfasst auch Reppenstedt<\/h3>\n<p>Sie kommen aus Reppenstedt, Kirchgellersen, Westergellersen oder S\u00fcdergellersen und sind hier im World Wide Web auf unsere Homepage gesto\u00dfen? Das finden wir toll. Gerne pr\u00e4sentieren wir Ihnen unser komplettes Leistungsspektrum und beantworten Ihre Fragen. Durch unsere Vertriebst\u00e4tigkeit haben wir uns einen guten \u00dcberblick \u00fcber die Stadtarchitektur der Gemeinden und St\u00e4dte unseres Einzugsbereiches erarbeiten k\u00f6nnen. Selbstverst\u00e4ndlich z\u00e4hlen auch Reppenstedt und die anderen Orte der Samtgemeinde Gellersen zu unserem unmittelbaren Vertriebsgebiet. Wir freuen uns darauf, mit Ihnen in Kontakt zu treten. <\/p>\n<h3>Ein paar Fakten \u00fcber Reppenstedt<\/h3>\n<p>Gut 7.600 B\u00fcrger z\u00e4hlt Reppenstedt. Das Gemeindegebiet umfasst ein Areal von circa 14 km\u00b2. Reppenstedt ist Sitz der Samtgemeinde Gellersen, einem Zusammenschluss von kleineren Ortschaften, zu dem neben Reppenstedt selbst auch S\u00fcdergellersen, Westergellersen und Kirchgellersen geh\u00f6ren. Die Samtgemeinde z\u00e4hlt in Summe knapp 14.000 B\u00fcrger und streckt sich \u00fcber ein Areal von etwas mehr als 73 km\u00b2.<\/p>\n<p>Reppenstedt schlie\u00dft direkt westlich an L\u00fcneburg an. \u00dcber die Kreisstra\u00dfe 50 und die Landesstra\u00dfe 216 ist die Gemeinde schnell mit dem PKW zu erreichen. Au\u00dferdem gibt es eine Busanbindung nach L\u00fcneburg. Reppenstedt ist ein familiengerechter Ort. Die Gemeinde verf\u00fcgt nicht zuletzt durch die Anbindung an L\u00fcneburg \u00fcber eine sehr gute Infrastruktur. Reppenstedt ist ein Ort mit einer reizvollen naturnahen Umgebung. <\/p>\n<h4>Unsere Leistung f\u00fcr qualit\u00e4tsbewusste Kunden aus Reppenstedt<\/h4>\n<p>Das Leben in Reppenstedt, S\u00fcdergellersen, Kirchgellersen und Westergellersen ist ruhig. Alle Orte der Samtgemeinde Gellersen verf\u00fcgen \u00fcber idyllische Wohnquartiere, die vor allem von einer ansprechenden Einzelhausbebauung gepr\u00e4gt sind. Sie interessieren sich f\u00fcr unser Leistungsprogramm und haben deshalb unsere Website besucht? Das freut uns sehr. Unser engagiertes Spezialistenteam nimmt gerne Ihren Anruf entgegen oder beantwortet Ihre E-Mail.<\/p>","popseo_zusatztext":"<h3>G\u00fcnstig und preiswert ohne Abstriche bei der Qualit\u00e4t<\/h3>\n<p>Bauelemente m\u00fcssen gehobenen Anforderungen standhalten. Nichtsdestrotrotz soll es g\u00fcnstig und preiswert sein. Das muss absolut kein Gegensatz sein. <\/p>\n<p>Als Fachbetrieb f\u00fcr Sonnenschutz und Sicherheit verarbeiten wir nur hochwertige Produkte. Nichtsdestotrotz achten wir grunds\u00e4tzlich auf ein angemessenes Preis-Leistungsverh\u00e4ltnis. Wir m\u00f6chten Ihnen Spitzenqualit\u00e4t anbieten, die zugleich auch g\u00fcnstig und preiswert ist. Geben Sie Ihrem Heim g\u00fcnstig und preiswert das gewisse Mehr an Qualit\u00e4t. Markisen und Rolll\u00e4den oder andere Sonnenschutzl\u00f6sungen sehen nicht nur hervorragend aus, sie leisten auch einen bedeutsamen Anteil zur W\u00e4rmed\u00e4mmung.  <\/p>\n<h3>G\u00fcnstig und preiswert \u2013 trotzdem individuell und schick<\/h3>\n<p>D\u00fcrfen wir Sie beraten, wie Sie g\u00fcnstig und preiswert einen optimalen Sonnenschutz f\u00fcr Ihr Zuhause umsetzen? Super, dann z\u00f6gern Sie bitte nicht und nehmen am besten sofort heute noch Kontakt mit uns auf. Ein kurzer Anruf oder eine kurze Mail gen\u00fcgen. Gerne informieren Sie unsere gut ausgebildeten Profis \u00fcber die unterschiedlichen M\u00f6glichkeiten, wie Sie Ihr Zuhause g\u00fcnstig und preiswert mit Rolll\u00e4den und Markisen oder anderen Sonnenschutzprodukten versehen. Wir freuen uns auf das Gespr\u00e4ch mit Ihnen. <\/p>\n<h4>Top-Qualit\u00e4t g\u00fcnstig und preiswert<\/h4>\n<p>Setzen Sie beim Thema Sonnenschutz und Sicherheit auf den Profi. Nur ein Fachbetrieb kennt die diversen M\u00f6glichkeiten, wie Sie g\u00fcnstig und preiswert, gleichzeitig qualitativ hochwertig einen perfekten Sonnenschutz erreichen. Qualit\u00e4tsbewusst, g\u00fcnstig und preiswert: Wir empfehlen uns als spezialisiertes Fachunternehmen im n\u00f6rdlichen Raum. Unsere gro\u00dfe Erfahrung spricht f\u00fcr uns.<\/p>","popseo_links":"<a href=\"https:\/\/www.kaduk-bauelemente.de\/leistungen\/aussenjalousien-schwarzenbek\/\">Au\u00dfenjalousien Schwarzenbek<\/a>, <a href=\"https:\/\/www.kaduk-bauelemente.de\/leistungen\/raffstores-herzogtum-lauenburg\/\">Raffstores Herzogtum Lauenburg<\/a>, <a href=\"https:\/\/www.kaduk-bauelemente.de\/leistungen\/garagen-maschen\/\">Garagen Maschen<\/a>, <a href=\"https:\/\/www.kaduk-bauelemente.de\/leistungen\/fenster-boizenburg\/\">Fenster Boizenburg<\/a>, <a href=\"https:\/\/www.kaduk-bauelemente.de\/leistungen\/carports-buechen\/\">Carports B\u00fcchen<\/a>, <a href=\"https:\/\/www.kaduk-bauelemente.de\/leistungen\/raffstores-adendorf\/\">Raffstores Adendorf<\/a>, <a href=\"https:\/\/www.kaduk-bauelemente.de\/leistungen\/sektionaltore-winsen-luhe\/\">Sektionaltore Winsen Luhe<\/a>, <a href=\"https:\/\/www.kaduk-bauelemente.de\/leistungen\/tueren-buchholz\/\">T\u00fcren Buchholz<\/a>, <a href=\"https:\/\/www.kaduk-bauelemente.de\/leistungen\/holzfenster-reppenstedt\/\">Holzfenster Reppenstedt<\/a>, <a href=\"https:\/\/www.kaduk-bauelemente.de\/leistungen\/garagentore-schwarzenbek\/\">Garagentore Schwarzenbek<\/a>, <a href=\"https:\/\/www.kaduk-bauelemente.de\/leistungen\/insektenschutz-buechen\/\">Insektenschutz B\u00fcchen<\/a>, <a href=\"https:\/\/www.kaduk-bauelemente.de\/leistungen\/terrassendaecher-aus-aluminium-bienenbuettel\/\">Terrassend\u00e4cher aus Aluminium Bienenb\u00fcttel<\/a>, <a href=\"https:\/\/www.kaduk-bauelemente.de\/leistungen\/carports-tostedt-sittensen\/\">Carports Tostedt Sittensen<\/a>, <a href=\"https:\/\/www.kaduk-bauelemente.de\/leistungen\/holzfenster-ebstorf\/\">Holzfenster Ebstorf<\/a>, <a href=\"https:\/\/www.kaduk-bauelemente.de\/leistungen\/rolltore-ebstorf\/\">Rolltore Ebstorf<\/a>, <a href=\"https:\/\/www.kaduk-bauelemente.de\/leistungen\/kunststofffenster-salzhausen\/\">Kunststofffenster Salzhausen<\/a>, <a href=\"https:\/\/www.kaduk-bauelemente.de\/leistungen\/kunststofffenster-stelle\/\">Kunststofffenster Stelle<\/a>, <a href=\"https:\/\/www.kaduk-bauelemente.de\/leistungen\/insektenschutz-bispingen\/\">Insektenschutz Bispingen<\/a>, <a href=\"https:\/\/www.kaduk-bauelemente.de\/leistungen\/terrassendaecher-aus-holz-schwarzenbek\/\">Terrassend\u00e4cher aus Holz Schwarzenbek<\/a>, <a href=\"https:\/\/www.kaduk-bauelemente.de\/leistungen\/rolllaeden-seevetal-rosengarten\/\">Rolll\u00e4den Seevetal Rosengarten<\/a>, <a href=\"https:\/\/www.kaduk-bauelemente.de\/leistungen\/markisen-amelinghausen\/\">Markisen Amelinghausen<\/a>, <a href=\"https:\/\/www.kaduk-bauelemente.de\/leistungen\/aussenjalousien-adendorf\/\">Au\u00dfenjalousien Adendorf<\/a>, <a href=\"https:\/\/www.kaduk-bauelemente.de\/leistungen\/haustueren-salzhausen\/\">Haust\u00fcren Salzhausen<\/a>, <a href=\"https:\/\/www.kaduk-bauelemente.de\/leistungen\/aussenjalousien-jesteburg\/\">Au\u00dfenjalousien Jesteburg<\/a>, <a href=\"https:\/\/www.kaduk-bauelemente.de\/leistungen\/sektionaltore-lueneburg\/\">Sektionaltore L\u00fcneburg<\/a>, <a href=\"https:\/\/www.kaduk-bauelemente.de\/leistungen\/rolllaeden-herzogtum-lauenburg\/\">Rolll\u00e4den Herzogtum Lauenburg<\/a>"},"_links":{"self":[{"href":"https:\/\/www.kaduk-bauelemente.de\/leistungen\/wp-json\/wp\/v2\/pages\/4766","targetHints":{"allow":["GET"]}}],"collection":[{"href":"https:\/\/www.kaduk-bauelemente.de\/leistungen\/wp-json\/wp\/v2\/pages"}],"about":[{"href":"https:\/\/www.kaduk-bauelemente.de\/leistungen\/wp-json\/wp\/v2\/types\/page"}],"author":[{"embeddable":true,"href":"https:\/\/www.kaduk-bauelemente.de\/leistungen\/wp-json\/wp\/v2\/users\/1"}],"replies":[{"embeddable":true,"href":"https:\/\/www.kaduk-bauelemente.de\/leistungen\/wp-json\/wp\/v2\/comments?post=4766"}],"version-history":[{"count":0,"href":"https:\/\/www.kaduk-bauelemente.de\/leistungen\/wp-json\/wp\/v2\/pages\/4766\/revisions"}],"wp:attachment":[{"href":"https:\/\/www.kaduk-bauelemente.de\/leistungen\/wp-json\/wp\/v2\/media?parent=4766"}],"curies":[{"name":"wp","href":"https:\/\/api.w.org\/{rel}","templated":true}]}}