{"id":4763,"date":"2021-08-25T12:19:46","date_gmt":"2021-08-25T10:19:46","guid":{"rendered":"https:\/\/www.kaduk-bauelemente.de\/leistungen\/zaeune-lueneburg\/"},"modified":"2021-08-25T12:19:46","modified_gmt":"2021-08-25T10:19:46","slug":"zaeune-lueneburg","status":"publish","type":"page","link":"https:\/\/www.kaduk-bauelemente.de\/leistungen\/zaeune-lueneburg\/","title":{"rendered":"Z\u00e4une &#8211; L\u00fcneburg"},"content":{"rendered":"<h3>Wir f\u00fchren Holz-, Doppelstabmatten- und Kunststoffz\u00e4une!<\/h3>\n<p>Hochwertige Z\u00e4une und Sichtschutzw\u00e4nde z\u00e4hlen zu unseren beliebtesten Erzeugnissen. Sch\u00f6ne Z\u00e4une sind wenn man so m\u00f6chte die Visitenkarte einer Immobilie. Ein attraktiver Zaun zeugt immer von Pers\u00f6nlichkeit, Stil und Qualit\u00e4tsbewusstsein. Attraktive Z\u00e4une aus Holz sind eine h\u00fcbsche, gleichwohl hochwertige Verbindung aus Natur und Funktionalit\u00e4t. Nat\u00fcrliches Material ist grunds\u00e4tzlich ein Ausdruck f\u00fcr einen individuellen Geschmack. Kunststoffz\u00e4une wiederum begeistern durch Stabilit\u00e4t, Langlebigkeit, einfache Pflege, Farbechtheit und eine hervorragende UV-Best\u00e4ndigkeit. Doppelstabmattenz\u00e4une schlie\u00dflich sind eine ausgezeichnete Wahl f\u00fcr Begr\u00fcnungen, Abtrennungen und auch f\u00fcr Hundezwinger. Die notwendige Stabilit\u00e4t wird durch parallele Horizontaldr\u00e4hte gew\u00e4hrleistet. Mattenz\u00e4une sind feuerverzinkt und pulverbeschichtet. Auf welchen Zaun Ihre Wahl auch f\u00e4llt: Fachm\u00e4nnisch gearbeitete Z\u00e4une \u00fcberzeugen durch eine lange Haltbarkeit. <\/p>\n<h3>Unser Kundenservice informiert Sie \u00fcber Z\u00e4une und Sichtschutzelemente<\/h3>\n<p>Z\u00e4une und Sichtschutzw\u00e4nde sind ein wirklich sch\u00f6nes architektonisches Detail. Der gestalterische Aspekt ist von durchaus gro\u00dfer Bedeutung. Formsch\u00f6ne, vielleicht sogar mit besonderem Dekor versehenen Z\u00e4une werten Ihr Wohnhaus sichtbar auf \u2013 sie verleihen jeder Immobilie ein individuelles und auff\u00e4lliges Erscheinungsbild. Aus zahllosen verschiedenartigen Materialien, Gr\u00f6\u00dfen, Farben und Formen k\u00f6nnen Sie bei uns w\u00e4hlen. Unsere Spezialisten informieren Sie gerne \u00fcber die verschiedenen M\u00f6glichkeiten, die Ihnen offen stehen. Selbstverst\u00e4ndlich kommen wir auch sehr gerne zu Ihnen ins Haus. Um die Varianten f\u00fcr den Verbau von Z\u00e4unen und Sichtschutzelementen vor Ort beurteilen zu k\u00f6nnen, begutachten unsere Experten die Begebenheiten auch direkt an Ihrer Immobilie.<\/p>\n","protected":false},"excerpt":{"rendered":"<p>Wir f\u00fchren Holz-, Doppelstabmatten- und Kunststoffz\u00e4une! Hochwertige Z\u00e4une und Sichtschutzw\u00e4nde z\u00e4hlen zu unseren beliebtesten Erzeugnissen. Sch\u00f6ne Z\u00e4une sind wenn man so m\u00f6chte die Visitenkarte einer Immobilie. Ein attraktiver Zaun zeugt immer von Pers\u00f6nlichkeit, Stil und Qualit\u00e4tsbewusstsein. Attraktive Z\u00e4une aus Holz sind eine h\u00fcbsche, gleichwohl hochwertige Verbindung aus Natur und Funktionalit\u00e4t. Nat\u00fcrliches Material ist grunds\u00e4tzlich ein [&hellip;]<\/p>\n","protected":false},"author":1,"featured_media":0,"parent":0,"menu_order":0,"comment_status":"closed","ping_status":"closed","template":"","meta":{"footnotes":""},"class_list":["post-4763","page","type-page","status-publish","hentry"],"meta_box":{"popseo_subtitel":"Kaduk Bauelelemente ist Ihr Fachbetrieb f\u00fcr qualitativ erstklassige Z\u00e4une im Gro\u00dfraum L\u00fcneburg","popseo_subtitel2":"Z\u00e4une - unsere Fachkr\u00e4fte beraten Sie gerne","popseo_lasttitel":"Z\u00e4une: F\u00fcr weitere Informationen sprechen Sie uns bitte an","popseo_region":"L\u00fcneburg","popseo_sachwort":"Z\u00e4une","popseo_noupdate":"","popseo_einleitungstext":"<p>Sie wollen Ihr Wohn- oder Gesch\u00e4ftshaus mit zeitgem\u00e4\u00dfen Bauelementen ausstatten lassen interessieren sich f\u00fcr unser Leistungs- und Produktangebot? Wunderbar, dann sind Sie auf dieser Seite goldrichtig. Unser Produktportfolio umfasst beispielsweise Markisen, Rolltore, Terrassend\u00e4cher, T\u00fcren, Fenster, Au\u00dfenjalousien, Carports und Rolll\u00e4den. Als auf Sicherheit und Sonnenschutz spezialisiertes Unternehmen \u00fcbernehmen wir insbesondere auch Reparatur- und Montagearbeiten. Erfahren Sie auf dieser und den nachfolgenden Seiten mehr \u00fcber uns und unser Angebot. Ihr Interesse freut uns sehr.<\/p>","popseo_schlusstext":"<p>Sie suchen einen Fachpartner f\u00fcr moderne Sonnenschutz- und Sicherheitsl\u00f6sungen. Dann kontaktieren Sie uns bitte schnell. Wir freuen uns auf Ihren Anruf oder Ihre E-Mail. Wenn es um Bauelemente geht, sind wir Ihr verl\u00e4sslicher Handels- und Handwerkspartner. Wir garantieren hochwertige Produkte und eine einwandfrei ausgef\u00fchrte Arbeit nach dem stets aktuellsten Stand der Technik.<\/p>","popseo_stadttext":"<h3>Unser Produktsortiment f\u00fcr Kunden aus L\u00fcneburg und Bleckede<\/h3>\n<p>Wir werden f\u00fcr Kunden aus L\u00fcneburg und Bleckede aktiv. Durch unsere Gesch\u00e4ftst\u00e4tigkeit haben wir uns einen ausgezeichneten \u00dcberblick \u00fcber die Architektur der St\u00e4dte und Gemeinden unseres Einzugsbereiches machen k\u00f6nnen. Nat\u00fcrlich geh\u00f6rt auch Ihre Region zu unserem unmittelbaren Gesch\u00e4ftsgebiet. Wir freuen uns darauf, mit Ihnen in Kontakt zu treten. <\/p>\n<h3>Leben und Arbeiten in L\u00fcneburg und Bleckede<\/h3>\n<p>In der ca. 40 Kilometer s\u00fcdlich von der Metropole Hamburg gelegenen Stadt L\u00fcneburg leben zirka 70.000 Einwohner. Das Stadtgebiet streckt sich \u00fcber eine Gesamtfl\u00e4che von 70 Quadratkilometer. L\u00fcneburg ist Kreisstadt des Landkreises L\u00fcneburg und z\u00e4hlt zur Metropolregion Hamburg. Was viele nicht wissen: L\u00fcneburg ist eine alte Hansestadt. Malerisch an der Ilmenau gelegen, erfreut sich L\u00fcneburg gro\u00dfer Popularit\u00e4t bei Tagesbesuchern und Touristen. Die etwa 300.000 \u00dcbernachtungen, die das nieders\u00e4chsische Landesamt f\u00fcr Statistik registriert hat, sprechen eine ganz klare Sprache. Besonders besuchenswert ist der zentrumsnahe Bereich von L\u00fcneburg. Zahllose historische Geb\u00e4ude verleihen der Stadt einen absolut au\u00dfergew\u00f6hnlichen Charme. Bei einem Spaziergang durch die Altstadt von L\u00fcneburg sollte man auf alle F\u00e4lle die Kirche St. Nicolai im Wasserviertel, das Stadtschloss am Markt und den Stintmarkt am L\u00fcneburger Hafen besuchen. Wer ein wenig Zeit zur Verf\u00fcgung hat, macht Halt in einem der vielen sch\u00f6nen Caf\u00e9s am Marktplatz und l\u00e4sst einfach die wunderbare Stimmung von L\u00fcneburg auf sich wirken. Die zahlreichen Fachwerkh\u00e4user geben dem st\u00e4dtischen Ensemble eine v\u00f6llig einmalige Aura. Die beschauliche Universit\u00e4tsstadt ist bekannt f\u00fcr die Salzproduktion. In L\u00fcneburg befindet sich ein ein alter Salzstock. Dort wurde \u00fcber viel Jahrhunderte in gro\u00dfem Stile Salz abgebaut. Das Deutsche Salzmuseum L\u00fcneburg erz\u00e4hlt heute von diesem wichtigen Teil der Stadtgeschichte. Au\u00dferdem ist der Stint eine ber\u00fchmte kulinarische K\u00f6stlichkeit. Dem kleinen Fisch begegnet man in L\u00fcneburg fast pausenlos. Bei einem Besuch der nieders\u00e4chsischen Mittelstadt sollte man ein Stint-Essen auf keinen Fall vers\u00e4umen.      <\/p>\n<p>L\u00fcneburg befindet sich an der Bundesautobahn A39. Auch \u00fcber die Bundesstra\u00dfen B4, B209 und B216 gelangt man schnell und sicher in die nieders\u00e4chsische Kreisstadt. Auch das Umland \u2013 u.a. Bienenb\u00fcttel, Scharnebeck, Amelinghausen, Egestorf, Hanstedt, Fleestedt und Salzhausen - ist gut angebunden. Wer mit der Bahn nach L\u00fcneburg fahren m\u00f6chte, kann dies \u00fcber die Streckenverbindung Hamburg-Hannover tun. Dar\u00fcber hinaus gibt es eine Nahverkehrsanbindung durch den Verkehrsbetrieb Metronom. Die Fahrdauer zwischen Hamburg und L\u00fcneburg betr\u00e4gt gerade einmal 30 Minuten. <\/p>\n<h3>L\u00fcneburg und Bleckede: Perfekt f\u00fcr junge Familien<\/h3>\n<p>Die Ortschaft Bleckede befindet sich im nieders\u00e4chsischen Kreis L\u00fcneburg. Bleckede hat knapp unter 10.000 Einwohner. Das st\u00e4dtische Areal streckt sich \u00fcber eine Fl\u00e4che von circa 139 qkm. In direkter N\u00e4he finden sich die Gemeinden Thomasburg, Dahlenburg, Vastorf und Amt Neuhaus. Zu Bleckede z\u00e4hlen alles in allem 15 Gemeindeteile. Die \u00fcberzeugende Lage unmittelbar an der Elbe macht Bleckede interessant f\u00fcr Tagesbesucher und Touristen. Insbesondere auf zwei R\u00e4dern lohnt sich ein Trip in Richtung Bleckede. Der Elbradweg sowie der Mecklenburgische Seen-Radweg laden zum erholsamen Radfahren ein. Kennzeichnend f\u00fcr Bleckede sind die zahlreichen Fachwerkbauten. Per pedes l\u00e4sst sich die bestaunenswerte Architektur besonders gut bewundern. Entsprechend stolz sind die B\u00fcrgervertreter von Bleckede darauf, dass die Stadt Teil der Deutschen Fachwerkstra\u00dfe ist. Pittoresk ist der Hafen von Bleckede. Bis zum heutigen Tage machen viele Frachtschiffe hier Halt. Besucher sch\u00e4tzen dar\u00fcber hinaus den F\u00e4hrverkehr auf der Elbe. Eine touristische Besonderheit: Der altehrw\u00fcrdige Raddampfer Kaiser-Wilhelm legt turnusm\u00e4\u00dfig in Bleckede an. Prima ist der Hafen auch f\u00fcr die Sportschifffahrt. Die vielen Sportbootliegepl\u00e4tze zeigen die Anziehungskraft des Hafen \u00fcberzeugend. Bleckede ist bekannt f\u00fcr seine sch\u00f6ne Umgebung. Neben der bereits erw\u00e4hnten Deutschen Fachwerkstra\u00dfe f\u00fchrt ebenso die Deutsche Storchenstra\u00dfe durch Bleckede. Das innerst\u00e4dtisch zu bewundernde Storchennest ist eine ganz au\u00dfergew\u00f6hnliche Sehensw\u00fcrdigkeit. Aus Richtung L\u00fcneburg kommend, kann man auch auch mit einer historischen Eisenbahn nach Bleckede fahren. Die Fahrt mit dem sog. Heide-Elbe-Express ist ein Ausflugstipp f\u00fcr Besucher der Region.<\/p>\n<h4>Wir f\u00fcr Sie in L\u00fcneburg und Bleckede!<\/h4>\n<p>Klasse, das Sie unsere Internetseite entdeckt haben. Wenn Sie eine erfahrene Fachfirma ben\u00f6tigen, sind Sie bei uns an der richtigen Adresse. Sie m\u00f6chten mehr \u00fcber uns erfahren? F\u00fcr R\u00fcckfragen stehen wir Ihnen jederzeit zur Verf\u00fcgung. Auf den Kontakt zu Ihnen freuen wir uns.<\/p>","popseo_zusatztext":"<h3>G\u00fcnstig und preiswert ohne Abstriche bei der Qualit\u00e4t<\/h3>\n<p>Bauelemente m\u00fcssen h\u00f6chsten Erwartungen gerecht werden. Gleichzeitig soll es g\u00fcnstig und preiswert sein. Das muss durchaus kein Gegensatz sein. <\/p>\n<p>Als Fachbetrieb f\u00fcr Sonnenschutz- und Sicherheitsl\u00f6sungen verwenden wir ausschlie\u00dflich qualitativ hochwertige Produkte. Nichtsdestotrotz schauen wir immer auf ein gutes Preis-Leistungsverh\u00e4ltnis. Wir m\u00f6chten Ihnen Qualit\u00e4t bieten, die trotzdem auch g\u00fcnstig und preiswert ist. Geben Sie Ihrem Haus g\u00fcnstig und preiswert das gewisse Plus an Qualit\u00e4t. Rolll\u00e4den und Markisen oder andere Sonnenschutzl\u00f6sungen sehen nicht nur hervorragend aus, sie leisten auch einen bedeutenden Beitrag zur W\u00e4rmed\u00e4mmung.  <\/p>\n<h3>G\u00fcnstig und preiswert \u2013 trotzdem individuell und schick<\/h3>\n<p>D\u00fcrfen wir Sie beraten, wie Sie g\u00fcnstig und preiswert einen perfekten Sonnenschutz f\u00fcr Ihr Heim realisieren? Prima, dann warten Sie bitte nicht und nehmen am besten sofort heute noch Verbindung mit uns auf. Ein kurzer Anruf oder eine schnelle Email gen\u00fcgen. Mit Vergn\u00fcgen beraten Sie unsere gut geschulten Fachleute \u00fcber die verschiedenen M\u00f6glichkeiten, wie Sie Ihr Zuhause g\u00fcnstig und preiswert mit Rolll\u00e4den und Markisen oder anderen Sonnenschutzprodukten ausstatten. Wir freuen uns auf den Austausch mit Ihnen. <\/p>\n<h4>Hochwertige Arbeit g\u00fcnstig und preiswert<\/h4>\n<p>Setzen Sie beim Thema Sonnenschutz und Sicherheit auf den Experten. Nur ein Spezialbetrieb kennt die unterschiedlichen Optionen, wie Sie g\u00fcnstig und preiswert, trotzdem qualitativ h\u00f6herwertig einen perfekten Sonnenschutz verwirklichen. Qualit\u00e4tsbewusst, g\u00fcnstig und preiswert: Wir empfehlen uns als spezialisiertes Fachunternehmen im Norden. Unsere langj\u00e4hrige Erfahrung spricht f\u00fcr uns.<\/p>","popseo_links":"<a href=\"https:\/\/www.kaduk-bauelemente.de\/leistungen\/rolltore-reinbek-glinde\/\">Rolltore Reinbek Glinde<\/a>, <a href=\"https:\/\/www.kaduk-bauelemente.de\/leistungen\/terrassendaecher-aus-aluminium-adendorf\/\">Terrassend\u00e4cher aus Aluminium Adendorf<\/a>, <a href=\"https:\/\/www.kaduk-bauelemente.de\/leistungen\/insektenschutz-tostedt-sittensen\/\">Insektenschutz Tostedt Sittensen<\/a>, <a href=\"https:\/\/www.kaduk-bauelemente.de\/leistungen\/carports-herzogtum-lauenburg\/\">Carports Herzogtum Lauenburg<\/a>, <a href=\"https:\/\/www.kaduk-bauelemente.de\/leistungen\/aussenjalousien-stelle\/\">Au\u00dfenjalousien Stelle<\/a>, <a href=\"https:\/\/www.kaduk-bauelemente.de\/leistungen\/holzfenster-adendorf\/\">Holzfenster Adendorf<\/a>, <a href=\"https:\/\/www.kaduk-bauelemente.de\/leistungen\/garagen-seevetal-rosengarten\/\">Garagen Seevetal Rosengarten<\/a>, <a href=\"https:\/\/www.kaduk-bauelemente.de\/leistungen\/terrassendaecher-aus-holz-winsen-luhe\/\">Terrassend\u00e4cher aus Holz Winsen Luhe<\/a>, <a href=\"https:\/\/www.kaduk-bauelemente.de\/leistungen\/markisen-uelzen\/\">Markisen Uelzen<\/a>, <a href=\"https:\/\/www.kaduk-bauelemente.de\/leistungen\/rolltore-salzhausen\/\">Rolltore Salzhausen<\/a>, <a href=\"https:\/\/www.kaduk-bauelemente.de\/leistungen\/holzfenster-amt-neuhaus\/\">Holzfenster Amt Neuhaus<\/a>, <a href=\"https:\/\/www.kaduk-bauelemente.de\/leistungen\/garagen-buchholz\/\">Garagen Buchholz<\/a>, <a href=\"https:\/\/www.kaduk-bauelemente.de\/leistungen\/fliegengitter-jesteburg\/\">Fliegengitter Jesteburg<\/a>, <a href=\"https:\/\/www.kaduk-bauelemente.de\/leistungen\/aussenjalousien-jesteburg\/\">Au\u00dfenjalousien Jesteburg<\/a>, <a href=\"https:\/\/www.kaduk-bauelemente.de\/leistungen\/raffstores-reppenstedt\/\">Raffstores Reppenstedt<\/a>, <a href=\"https:\/\/www.kaduk-bauelemente.de\/leistungen\/insektenschutz-jesteburg\/\">Insektenschutz Jesteburg<\/a>, <a href=\"https:\/\/www.kaduk-bauelemente.de\/leistungen\/carports-reinbek-glinde\/\">Carports Reinbek Glinde<\/a>, <a href=\"https:\/\/www.kaduk-bauelemente.de\/leistungen\/garagentore-seevetal-rosengarten\/\">Garagentore Seevetal Rosengarten<\/a>, <a href=\"https:\/\/www.kaduk-bauelemente.de\/leistungen\/rolllaeden-salzhausen\/\">Rolll\u00e4den Salzhausen<\/a>, <a href=\"https:\/\/www.kaduk-bauelemente.de\/leistungen\/markisen-geesthacht\/\">Markisen Geesthacht<\/a>, <a href=\"https:\/\/www.kaduk-bauelemente.de\/leistungen\/markisen-winsen-luhe\/\">Markisen Winsen Luhe<\/a>, <a href=\"https:\/\/www.kaduk-bauelemente.de\/leistungen\/garagen-stelle\/\">Garagen Stelle<\/a>, <a href=\"https:\/\/www.kaduk-bauelemente.de\/leistungen\/garagentore-bispingen\/\">Garagentore Bispingen<\/a>, <a href=\"https:\/\/www.kaduk-bauelemente.de\/leistungen\/garagentore-harburg\/\">Garagentore Harburg<\/a>, <a href=\"https:\/\/www.kaduk-bauelemente.de\/leistungen\/garagen-herzogtum-lauenburg\/\">Garagen Herzogtum Lauenburg<\/a>, <a href=\"https:\/\/www.kaduk-bauelemente.de\/leistungen\/kunststofffenster-bad-bevensen\/\">Kunststofffenster Bad Bevensen<\/a>"},"_links":{"self":[{"href":"https:\/\/www.kaduk-bauelemente.de\/leistungen\/wp-json\/wp\/v2\/pages\/4763","targetHints":{"allow":["GET"]}}],"collection":[{"href":"https:\/\/www.kaduk-bauelemente.de\/leistungen\/wp-json\/wp\/v2\/pages"}],"about":[{"href":"https:\/\/www.kaduk-bauelemente.de\/leistungen\/wp-json\/wp\/v2\/types\/page"}],"author":[{"embeddable":true,"href":"https:\/\/www.kaduk-bauelemente.de\/leistungen\/wp-json\/wp\/v2\/users\/1"}],"replies":[{"embeddable":true,"href":"https:\/\/www.kaduk-bauelemente.de\/leistungen\/wp-json\/wp\/v2\/comments?post=4763"}],"version-history":[{"count":0,"href":"https:\/\/www.kaduk-bauelemente.de\/leistungen\/wp-json\/wp\/v2\/pages\/4763\/revisions"}],"wp:attachment":[{"href":"https:\/\/www.kaduk-bauelemente.de\/leistungen\/wp-json\/wp\/v2\/media?parent=4763"}],"curies":[{"name":"wp","href":"https:\/\/api.w.org\/{rel}","templated":true}]}}