{"id":4761,"date":"2021-08-25T12:19:46","date_gmt":"2021-08-25T10:19:46","guid":{"rendered":"https:\/\/www.kaduk-bauelemente.de\/leistungen\/zaeune-herzogtum-lauenburg\/"},"modified":"2021-08-25T12:19:46","modified_gmt":"2021-08-25T10:19:46","slug":"zaeune-herzogtum-lauenburg","status":"publish","type":"page","link":"https:\/\/www.kaduk-bauelemente.de\/leistungen\/zaeune-herzogtum-lauenburg\/","title":{"rendered":"Z\u00e4une &#8211; Herzogtum Lauenburg"},"content":{"rendered":"<h3>Sch\u00f6ne Z\u00e4une sind immer echte Hingucker<\/h3>\n<p>Hochwertige Z\u00e4une und Sichtschutzelemente geh\u00f6ren zu unseren beliebtesten Artikeln. H\u00fcbsche Z\u00e4une sind wenn man so will die Visitenkarte eines Hauses. Ein attraktiver Zaun zeugt immer von Individualit\u00e4t, Stil und Qualit\u00e4tsbewusstsein. Sch\u00f6ne Z\u00e4une aus Holz sind eine schmuckvolle, gleichwohl erstklassige Verbindung aus Natur und Funktionalit\u00e4t. Naturbelassenes Material ist grunds\u00e4tzlich ein Merkmal f\u00fcr einen individuellen Geschmack. Kunststoffz\u00e4une wiederum begeistern durch Langlebigkeit, Stabilit\u00e4t, Farbechtheit, einfache Pflege und eine bestm\u00f6gliche UV-Best\u00e4ndigkeit. Doppelstabmattenz\u00e4une schlie\u00dflich sind eine perfekte Wahl f\u00fcr Abtrennungen, Begr\u00fcnungen und auch f\u00fcr Hundezwinger. Die notwendige Stabilit\u00e4t wird durch parallele Horizontaldr\u00e4hte sichergestellt. Mattenz\u00e4une sind feuerverzinkt und pulverbeschichtet. Welchen Zaun Sie auch pr\u00e4ferieren: Handwerklich korrekt gearbeitete Z\u00e4une \u00fcberzeugen durch eine lange Haltbarkeit. <\/p>\n<h3>Wir informieren Sie \u00fcber Holz-, Doppelstabmatten- und Kunststoffz\u00e4une<\/h3>\n<p>Z\u00e4une und Sichtschutzw\u00e4nde sind ein ausnehmend attraktives architektonisches Detail. Der gestalterische Aspekt ist von durchaus erheblicher Relevanz. Formsch\u00f6ne, vielleicht sogar mit besonderem Dekor versehenen Z\u00e4une werten Ihre Wohn- oder Gesch\u00e4ftsimmobilie erkennbar auf \u2013 sie verleihen der Immobilie ein auff\u00e4lliges und individuelles Erscheinungsbild. Aus zahlreichen verschiedenartigen Materialien, Gr\u00f6\u00dfen, Formen und Farben k\u00f6nnen Sie bei uns ausw\u00e4hlen. Unsere fachkundigen Experten informieren Sie mit Vergn\u00fcgen \u00fcber die zur Verf\u00fcgung stehenden M\u00f6glichkeiten, die sich Ihnen bieten. Nat\u00fcrlich kommen wir auch gerne zu Ihnen nach Hause. Um die M\u00f6glichkeiten f\u00fcr den Verbau von Z\u00e4unen und Sichtschutzw\u00e4nden am \u201elebenden Objekt\u201c beurteilen zu k\u00f6nnen, begutachten unsere Experten die Begebenheiten auch direkt an Ihrer Immobilie.<\/p>\n","protected":false},"excerpt":{"rendered":"<p>Sch\u00f6ne Z\u00e4une sind immer echte Hingucker Hochwertige Z\u00e4une und Sichtschutzelemente geh\u00f6ren zu unseren beliebtesten Artikeln. H\u00fcbsche Z\u00e4une sind wenn man so will die Visitenkarte eines Hauses. Ein attraktiver Zaun zeugt immer von Individualit\u00e4t, Stil und Qualit\u00e4tsbewusstsein. Sch\u00f6ne Z\u00e4une aus Holz sind eine schmuckvolle, gleichwohl erstklassige Verbindung aus Natur und Funktionalit\u00e4t. Naturbelassenes Material ist grunds\u00e4tzlich ein [&hellip;]<\/p>\n","protected":false},"author":1,"featured_media":0,"parent":0,"menu_order":0,"comment_status":"closed","ping_status":"closed","template":"","meta":{"footnotes":""},"class_list":["post-4761","page","type-page","status-publish","hentry"],"meta_box":{"popseo_subtitel":"Wir sind Ihr Spezialist f\u00fcr hochwertige Z\u00e4une in Herzogtum Lauenburg","popseo_subtitel2":"Z\u00e4une - unsere Spezialisten kennen sich aus","popseo_lasttitel":"Z\u00e4une: Unsere Mitarbeiter beantworten gerne Ihre Fragen","popseo_region":"Herzogtum Lauenburg","popseo_sachwort":"Z\u00e4une","popseo_noupdate":"","popseo_einleitungstext":"<p>Sie wollen Ihre Gesch\u00e4fts- oder Wohnimmobilie mit modernen Bauelementen ausstatten lassen und m\u00f6chten sich \u00fcber unser Produkt- und Leistungsangebot informieren? Klasse, dann sind Sie auf dieser Seite genau richtig. Unser Produktportfolio umfasst unter anderem Markisen, Terrassend\u00e4cher, Rolltore, T\u00fcren, Au\u00dfenjalousien, Fenster, Rolll\u00e4den und Carports. Als auf Sicherheit und Sonnenschutz spezialisiertes Unternehmen \u00fcbernehmen wir vor allem auch Montage- und Reparaturarbeiten. Erfahren Sie nachfolgend mehr \u00fcber unser Unternehmen und dessen Angebot. Ihr Interesse freut uns sehr.<\/p>","popseo_schlusstext":"<p>Sehr gerne informieren wir Sie n\u00e4her \u00fcber unser Produkt- und Leistungsprogramm. Wir pr\u00e4sentieren Ihnen mit Vergn\u00fcgen auch einige Projekte, die Ihnen einen Einblick in unsere T\u00e4tigkeit geben.<br \/>\nSetzen Sie auf die Expertise eines erfahrenen Fachbetriebes. Rufen Sie uns doch einfach einmal an oder senden Sie uns eine schnelle E-Mail. Wir freuen uns auf Sie.<\/p>","popseo_stadttext":"<h3>Wir freuen uns \u00fcber Anfragen aus dem Kreis Herzogtum Lauenburg<\/h3>\n<p>Durch unsere Gesch\u00e4ftst\u00e4tigkeit haben wir uns einen guten \u00dcberblick \u00fcber die Stadtarchitektur der Gemeinden und St\u00e4dte unseres Einzugsbereiches erarbeiten k\u00f6nnen. Nat\u00fcrlich geh\u00f6rt auch der Landkreis Herzogtum Lauenburg zu unserem unmittelbaren Gesch\u00e4ftsgebiet. Wir freuen uns darauf, mit Ihnen in Kontakt zu kommen. <\/p>\n<h3>Ein paar Hintergrundinformationen zum Kreis Herzogtum Lauenburg<\/h3>\n<p>Der Landkreis Herzogtum Lauenburg zieht sich \u00fcber circa 1200 qkm und ist Heimat von circa 190.000 Menschen. Die gr\u00f6\u00dfen St\u00e4dte im Kreis Herzogtum Lauenburg sind neben der Kreisstadt Lauenburg die Orte M\u00f6lln, Geesthacht und Ratzeburg. <\/p>\n<p>Das Kreisgebiet von Herzogtum Lauenburg geh\u00f6rt zur Metropolregion Hamburg. Der schleswig-holsteinische Landkreis verf\u00fcgt \u00fcber eine gute Infrastruktur, was sich auch daran zeigt, dass die eher l\u00e4ndliche Region dem Hamburger Verkehrsverbund angeh\u00f6rt. Mit dem Auto gelangt man \u00fcber die Autobahnen 1, 24 und 25 in den Kreis Herzogtum Lauenburg. Die deutsche Bahn f\u00e4hrt den Landkreis Herzogtum Lauenburg zum Beispiel \u00fcber die Strecken nach M\u00f6lln, Schwarzenbek und Ratzeburg an.<\/p>\n<h3>Herzogtum Lauenburg: Perfekt f\u00fcr junge Familien<\/h3>\n<p>Der Kreis Herzogtum Lauenburg ist sehr gesch\u00e4tzt bei Pendlern. Wer in der Gro\u00dfstadt seinen Arbeitgeber hat, gelangt in seine Wohnstatt im Landkreis Herzogtum Lauenburg \u00fcblicherweise in weniger als 45 min. Arbeiten in der Metropole, leben im Gr\u00fcnen: Eine Kombination, die speziell f\u00fcr moderne Familien erstrebenswert ist. <\/p>\n<p>Der Kreis Herzogtum Lauenburg besticht durch einen gro\u00dfen Wohnwert und eine exzellente Lebensqualit\u00e4t aus. Das Kreisgebiet verf\u00fcgt \u00fcber sch\u00f6ne Naherholungsgebiete, die sich ideal auf zwei Sohlen oder mit dem Fahrrad erobern lassen.<\/p>\n<h4>Wir f\u00fcr Sie im Kreis Herzogtum Lauenburg!<\/h4>\n<p>Wir finden es toll, dass Sie unsere Website gefunden haben. Ob Geesthacht, M\u00f6lln oder Ratzeburg: Unsere Erfahrung und die Qualit\u00e4t von Material und Ausf\u00fchrung garantiert Ihnen ein sehr gutes Preis-Leistungsverh\u00e4ltnis. Sie m\u00f6chten mehr \u00fcber uns wissen? F\u00fcr R\u00fcckfragen stehen wir Ihnen jederzeit zur Verf\u00fcgung. Auf Ihre Anfragen freuen wir uns.<\/p>","popseo_zusatztext":"<h3>G\u00fcnstig und preiswert \u2013 unser Angebot f\u00fcr Sie<\/h3>\n<p>Bauelemente m\u00fcssen gehobenen Erwartungen gerecht werden. Gleichwohl mu\u00df es g\u00fcnstig und preiswert sein. Das muss generell kein Widerspruch sein. <\/p>\n<p>Als Fachbetrieb f\u00fcr Sonnenschutz- und Sicherheitsl\u00f6sungen verwenden wir ausnahmslos hochwertige Erzeugnisse. Trotzdem achten wir grunds\u00e4tzlich auf ein angemessenes Preis-Leistungsverh\u00e4ltnis. Wir m\u00f6chten Ihnen Spitzenqualit\u00e4t anbieten, die zugleich auch g\u00fcnstig und preiswert ist. Verleihen Sie Ihrem Zuhause g\u00fcnstig und preiswert das besondere Mehr an Qualit\u00e4t. Rolll\u00e4den und Markisen oder andere Sonnenschutzl\u00f6sungen sehen nicht nur hervorragend aus, sie leisten auch einen bedeutsamen Anteil zur W\u00e4rmed\u00e4mmung.  <\/p>\n<h3>G\u00fcnstig und preiswert \u2013 unsere Leistung \u00fcberzeugt<\/h3>\n<p>D\u00fcrfen wir Sie informieren, wie Sie g\u00fcnstig und preiswert einen perfekten Sonnenschutz f\u00fcr Ihr Heim umsetzen? Prima, dann z\u00f6gern Sie bitte nicht und nehmen am besten sofort heute noch Verbindung mit uns auf. Ein kurzer Anruf oder eine schnelle Mail gen\u00fcgen. Sehr gerne informieren Sie unsere perfekt ausgebildeten Experten \u00fcber die unterschiedlichen Optionen, wie Sie Ihr Haus g\u00fcnstig und preiswert mit Rolll\u00e4den und Markisen oder anderen Sonnenschutzprodukten versehen. Wir freuen uns auf den Austausch mit Ihnen. <\/p>\n<h4>Hochwertige Arbeit g\u00fcnstig und preiswert<\/h4>\n<p>Vertrauen Sie beim Thema Sonnenschutz und Sicherheit auf den Profi. Nur ein Fachbetrieb kennt die verschiedenen M\u00f6glichkeiten, wie Sie g\u00fcnstig und preiswert, trotzdem qualitativ spitze einen tadellosen Sonnenschutz verwirklichen. Qualit\u00e4tsbewusst, g\u00fcnstig und preiswert: Wir empfehlen uns als spezialisiertes Fachunternehmen im norddeutschen Gebiet. Unsere gro\u00dfe Erfahrung spricht f\u00fcr uns.<\/p>","popseo_links":"<a href=\"https:\/\/www.kaduk-bauelemente.de\/leistungen\/markisen-bergedorf-wentorf\/\">Markisen Bergedorf Wentorf<\/a>, <a href=\"https:\/\/www.kaduk-bauelemente.de\/leistungen\/terrassenueberdachungen-aus-holz-harburg\/\">Terrassen\u00fcberdachungen aus Holz Harburg<\/a>, <a href=\"https:\/\/www.kaduk-bauelemente.de\/leistungen\/terrassenueberdachungen-aus-aluminium-bergedorf-wentorf\/\">Terrassen\u00fcberdachungen aus Aluminium Bergedorf Wentorf<\/a>, <a href=\"https:\/\/www.kaduk-bauelemente.de\/leistungen\/zaunbau-seevetal-rosengarten\/\">Zaunbau Seevetal Rosengarten<\/a>, <a href=\"https:\/\/www.kaduk-bauelemente.de\/leistungen\/tueren-hanstedt\/\">T\u00fcren Hanstedt<\/a>, <a href=\"https:\/\/www.kaduk-bauelemente.de\/leistungen\/terrassendaecher-aus-aluminium-buchholz\/\">Terrassend\u00e4cher aus Aluminium Buchholz<\/a>, <a href=\"https:\/\/www.kaduk-bauelemente.de\/leistungen\/terrassendaecher-aus-holz-hanstedt\/\">Terrassend\u00e4cher aus Holz Hanstedt<\/a>, <a href=\"https:\/\/www.kaduk-bauelemente.de\/leistungen\/haustueren-salzhausen\/\">Haust\u00fcren Salzhausen<\/a>, <a href=\"https:\/\/www.kaduk-bauelemente.de\/leistungen\/fliegengitter-lueneburg\/\">Fliegengitter L\u00fcneburg<\/a>, <a href=\"https:\/\/www.kaduk-bauelemente.de\/leistungen\/markisen-seevetal-rosengarten\/\">Markisen Seevetal Rosengarten<\/a>, <a href=\"https:\/\/www.kaduk-bauelemente.de\/leistungen\/kunststofffenster-jesteburg\/\">Kunststofffenster Jesteburg<\/a>, <a href=\"https:\/\/www.kaduk-bauelemente.de\/leistungen\/zaunbau-reinbek-glinde\/\">Zaunbau Reinbek Glinde<\/a>, <a href=\"https:\/\/www.kaduk-bauelemente.de\/leistungen\/terrassenueberdachungen-aus-aluminium-bispingen\/\">Terrassen\u00fcberdachungen aus Aluminium Bispingen<\/a>, <a href=\"https:\/\/www.kaduk-bauelemente.de\/leistungen\/terrassenueberdachungen-aus-aluminium-jesteburg\/\">Terrassen\u00fcberdachungen aus Aluminium Jesteburg<\/a>, <a href=\"https:\/\/www.kaduk-bauelemente.de\/leistungen\/terrassendaecher-aus-aluminium-bergedorf-wentorf\/\">Terrassend\u00e4cher aus Aluminium Bergedorf Wentorf<\/a>, <a href=\"https:\/\/www.kaduk-bauelemente.de\/leistungen\/terrassenueberdachungen-aus-holz-bad-bevensen\/\">Terrassen\u00fcberdachungen aus Holz Bad Bevensen<\/a>, <a href=\"https:\/\/www.kaduk-bauelemente.de\/leistungen\/tueren-boizenburg\/\">T\u00fcren Boizenburg<\/a>, <a href=\"https:\/\/www.kaduk-bauelemente.de\/leistungen\/raffstores-amt-neuhaus\/\">Raffstores Amt Neuhaus<\/a>, <a href=\"https:\/\/www.kaduk-bauelemente.de\/leistungen\/tueren-bispingen\/\">T\u00fcren Bispingen<\/a>, <a href=\"https:\/\/www.kaduk-bauelemente.de\/leistungen\/terrassenueberdachungen-aus-aluminium-herzogtum-lauenburg\/\">Terrassen\u00fcberdachungen aus Aluminium Herzogtum Lauenburg<\/a>, <a href=\"https:\/\/www.kaduk-bauelemente.de\/leistungen\/terrassendaecher-aus-aluminium-maschen\/\">Terrassend\u00e4cher aus Aluminium Maschen<\/a>, <a href=\"https:\/\/www.kaduk-bauelemente.de\/leistungen\/rollladen-bispingen\/\">Rollladen Bispingen<\/a>, <a href=\"https:\/\/www.kaduk-bauelemente.de\/leistungen\/haustueren-harburg\/\">Haust\u00fcren Harburg<\/a>, <a href=\"https:\/\/www.kaduk-bauelemente.de\/leistungen\/rolllaeden-winsen-luhe\/\">Rolll\u00e4den Winsen Luhe<\/a>, <a href=\"https:\/\/www.kaduk-bauelemente.de\/leistungen\/terrassenueberdachungen-aus-aluminium-bienenbuettel\/\">Terrassen\u00fcberdachungen aus Aluminium Bienenb\u00fcttel<\/a>, <a href=\"https:\/\/www.kaduk-bauelemente.de\/leistungen\/holzfenster-stelle\/\">Holzfenster Stelle<\/a>"},"_links":{"self":[{"href":"https:\/\/www.kaduk-bauelemente.de\/leistungen\/wp-json\/wp\/v2\/pages\/4761","targetHints":{"allow":["GET"]}}],"collection":[{"href":"https:\/\/www.kaduk-bauelemente.de\/leistungen\/wp-json\/wp\/v2\/pages"}],"about":[{"href":"https:\/\/www.kaduk-bauelemente.de\/leistungen\/wp-json\/wp\/v2\/types\/page"}],"author":[{"embeddable":true,"href":"https:\/\/www.kaduk-bauelemente.de\/leistungen\/wp-json\/wp\/v2\/users\/1"}],"replies":[{"embeddable":true,"href":"https:\/\/www.kaduk-bauelemente.de\/leistungen\/wp-json\/wp\/v2\/comments?post=4761"}],"version-history":[{"count":0,"href":"https:\/\/www.kaduk-bauelemente.de\/leistungen\/wp-json\/wp\/v2\/pages\/4761\/revisions"}],"wp:attachment":[{"href":"https:\/\/www.kaduk-bauelemente.de\/leistungen\/wp-json\/wp\/v2\/media?parent=4761"}],"curies":[{"name":"wp","href":"https:\/\/api.w.org\/{rel}","templated":true}]}}