{"id":4760,"date":"2021-08-25T12:19:46","date_gmt":"2021-08-25T10:19:46","guid":{"rendered":"https:\/\/www.kaduk-bauelemente.de\/leistungen\/zaeune-harburg\/"},"modified":"2021-08-25T12:19:46","modified_gmt":"2021-08-25T10:19:46","slug":"zaeune-harburg","status":"publish","type":"page","link":"https:\/\/www.kaduk-bauelemente.de\/leistungen\/zaeune-harburg\/","title":{"rendered":"Z\u00e4une &#8211; Harburg"},"content":{"rendered":"<h3>Wir f\u00fchren Holz-, Doppelstabmatten- und Kunststoffz\u00e4une!<\/h3>\n<p>Hochwertige Z\u00e4une und Sichtschutzw\u00e4nde geh\u00f6ren zu unseren beliebtesten Artikeln. H\u00fcbsche Z\u00e4une sind wenn man so will die Visitenkarte einer Immobilie. Ein attraktiver Zaun zeugt immer von Individualit\u00e4t, Stil und Qualit\u00e4tsbewusstsein. Attraktive Z\u00e4une aus Holz sind eine schmuckvolle, gleicherma\u00dfen ausgezeichnete Verbindung aus Natur und Funktionalit\u00e4t. Nat\u00fcrliches Material ist allgemein ein Merkmal f\u00fcr einen besonderen Geschmack. Kunststoffz\u00e4une wiederum begeistern durch Stabilit\u00e4t, Langlebigkeit, einfache Pflege, Farbechtheit und eine hervorragende UV-Best\u00e4ndigkeit. Doppelstabmattenz\u00e4une schlie\u00dflich sind eine gute Wahl f\u00fcr Begr\u00fcnungen, Abtrennungen und auch f\u00fcr Hundezwinger. Die notwendige Stabilit\u00e4t wird durch parallel gesetzte Horizontaldr\u00e4hte gew\u00e4hrleistet. Mattenz\u00e4une sind feuerverzinkt und pulverbeschichtet. Auf welchen Zaun Ihre Wahl auch f\u00e4llt: Handwerklich korrekt gearbeitete Z\u00e4une \u00fcberzeugen durch eine jahrelange Haltbarkeit. <\/p>\n<h3>Holz-, Doppelstabmatten- und Kunststoffz\u00e4une: Wir beraten Sie gerne<\/h3>\n<p>Z\u00e4une und Sichtschutzelemente sind ein ausnehmend sch\u00f6nes architektonisches Detail. Der gestalterische Aspekt ist von durchaus gro\u00dfer Bedeutung. Formsch\u00f6ne, vielleicht sogar mit besonderem Dekor versehenen Z\u00e4une werten Ihre Wohn- oder Gesch\u00e4ftsimmobilie erkennbar auf \u2013 sie geben jeder Immobilie ein individuelles und auff\u00e4lliges Erscheinungsbild. Aus vielen verschiedenartigen Materialien, Formen, Farben und Gr\u00f6\u00dfen k\u00f6nnen Sie bei uns w\u00e4hlen. Unsere Mitarbeiter informieren Sie gerne \u00fcber die zur Verf\u00fcgung stehenden M\u00f6glichkeiten, die Ihnen offen stehen. Selbstverst\u00e4ndlich kommen wir auch sehr gerne zu Ihnen ins Haus. Um die M\u00f6glichkeiten f\u00fcr die architektonische Integration von Z\u00e4unen und Sichtschutzw\u00e4nden direkt vor Ort beurteilen zu k\u00f6nnen, begutachten unsere Spezialisten die Begebenheiten auch direkt an Ihrer Immobilie.<\/p>\n","protected":false},"excerpt":{"rendered":"<p>Wir f\u00fchren Holz-, Doppelstabmatten- und Kunststoffz\u00e4une! Hochwertige Z\u00e4une und Sichtschutzw\u00e4nde geh\u00f6ren zu unseren beliebtesten Artikeln. H\u00fcbsche Z\u00e4une sind wenn man so will die Visitenkarte einer Immobilie. Ein attraktiver Zaun zeugt immer von Individualit\u00e4t, Stil und Qualit\u00e4tsbewusstsein. Attraktive Z\u00e4une aus Holz sind eine schmuckvolle, gleicherma\u00dfen ausgezeichnete Verbindung aus Natur und Funktionalit\u00e4t. Nat\u00fcrliches Material ist allgemein ein [&hellip;]<\/p>\n","protected":false},"author":1,"featured_media":0,"parent":0,"menu_order":0,"comment_status":"closed","ping_status":"closed","template":"","meta":{"footnotes":""},"class_list":["post-4760","page","type-page","status-publish","hentry"],"meta_box":{"popseo_subtitel":"Wir sind Ihr Partner f\u00fcr qualitativ erstklassige Z\u00e4une im Gro\u00dfraum Harburg","popseo_subtitel2":"Z\u00e4une - wir haben die richtige L\u00f6sung f\u00fcr Sie","popseo_lasttitel":"Z\u00e4une: Wir informieren Sie gerne auch pers\u00f6nlich!","popseo_region":"Harburg","popseo_sachwort":"Z\u00e4une","popseo_noupdate":"","popseo_einleitungstext":"<p>Wenn es um Sonnenschutz und Sicherheit geht, sind Sie bei der Firma Kaduk exakt an der richtigen Adresse. Seit Unternehmensgr\u00fcndung sind wir Ihre lokalen Spezialisten f\u00fcr hochwertige Bauelemente. Zu unserem Produktsortiment z\u00e4hlen zum Beispiel Rolltore, Markisen, Terrassend\u00e4cher, T\u00fcren, Fenster, Au\u00dfenjalousien, Rolll\u00e4den und Carports. Unsere Fachleute \u00fcbernehmen Reparatur- und Montagearbeiten und zeigen Ihnen, wie Sie Ihre Immobilie mit zeitgem\u00e4\u00dfen Bauelementen ausstatten k\u00f6nnen. Im Folgenden haben wir erste Informationen f\u00fcr Sie zusammengetragen.<\/p>","popseo_schlusstext":"<p>Gerne informieren wir Sie n\u00e4her \u00fcber unser Produkt- und Leistungsprogramm. Wir nennen Ihnen mit Vergn\u00fcgen auch ein paar Referenzen, die Ihnen einen Einblick in unsere T\u00e4tigkeit geben.<br \/>\nSetzen Sie auf die Expertise eines erfahrenen Fachbetriebes. Rufen Sie uns doch rasch einmal an oder schreiben Sie uns eine kurze E-Mail. Wir freuen uns auf den Kontakt zu Ihnen.<\/p>","popseo_stadttext":"<h3>Wohn- und Gewerbestandort Harburg<\/h2>\n<p>Durch unsere Gesch\u00e4ftst\u00e4tigkeit haben wir uns einen sehr guten \u00dcberblick \u00fcber die Architektur der Gemeinden und St\u00e4dte unseres Einzugsbereiches erarbeiten k\u00f6nnen. Selbstverst\u00e4ndlich z\u00e4hlt auch Harburg zu unserem unmittelbaren Wirkungskreis. Wir freuen uns darauf, mit Ihnen ins Gespr\u00e4ch zu treten. <\/p>\n<h3>Leben und Arbeiten in Harburg<\/h3>\n<p>Harburg ist ein Stadtteil von Hamburg. Harburg war einstmals eigenst\u00e4ndig. Im Jahre 1927 erfolgte zun\u00e4chst die Vereinigung mit Wilhelmsburg zur fr\u00fcher 110.000 Einwohner z\u00e4hlenden Stadt Harburg-Wilhelmsburg. Zehn Jahre sp\u00e4ter ordnete die verantwortliche Beh\u00f6rde final dieses neu entstandene Gro\u00dfstadtkonstrukt dem Hamburger Staat zu. Harburg verlor damit seine Eigenst\u00e4ndigkeit. 1951 entstand dar\u00fcber hinaus der Verwaltungsbezirk Harburg. Harburg liegt an der S\u00fcderelbe. Der Stadtteil grenzt an HH-Wilhelmsburg und Hamburg-Neuland und an die nieders\u00e4chsischen Kreise Harburg und Stade.  <\/p>\n<h3>Reizvolles Harburg!<\/h3>\n<p>Speziell der Ausbau des Binnenhafens Mitte des 19. Jahrhunderts war f\u00fcr das Wachstum von Harburg von Bedeutung. Die kautschuk- und \u00f6lverarbeitende Schwerindustrie sorgte in Harburg f\u00fcr best\u00e4ndiges Wachstum. Ab den 60er Jahren zog sich die Hafenindustrie zu \u00fcberwiegenden Teilen aus Harburg zur\u00fcck. Immer mehr Geb\u00e4ude und Industriegebiete lagen brach. Der Strukturwandel wirkte sich in starkem Ma\u00dfe auf das Leben im Stadtteil Harburg aus. <\/p>\n<p>In den vergangenen Jahrzehnten hat sich Harburg erstaunlich entwickelt und sich vor allem als Wohngegend einen Namen erworben. Die Infrastruktur von Harburg ist ausgezeichnet: Die City hat sich zu einem Einzelhandelszentrum entfaltet. Allein drei gro\u00dfe Shoppingzentren sind in Harburg vor Ort. Der Stadtteil verf\u00fcgt auch \u00fcber viele ruhige und reizvoll gelegene Wohngebiete. Ein weiterer Pluspunkt: Mit der S-Bahn f\u00e4hrt man kaum mehr als 15 Minuten bis zum Hamburger Hauptbahnhof. In den vergangenen Jahren wurden eine Reihe von Neubauprojekte in Harburg begonnen. Besonders der hafennahe Bereich um die Schlossinsel Harburg sowie das Gebiet um den Veritaskai wurden st\u00e4dtebaulich erneuert. Harburg ist f\u00fcr sein Bildungsangebot begehrt. Die Technische Universit\u00e4t Hamburg-Harburg, die K\u00fchne School of Logistics und das Northern Institut of Technology verf\u00fcgen \u00fcber einen exzellenten Ruf. <\/p>\n<h4>Privat- und Gesch\u00e4ftskunden aus Harburg sch\u00e4tzen unsere Leistungen!<\/h4>\n<p>Sie interessieren sich f\u00fcr unser Angebot und sind hier im Internet auf unsere Homepage gesto\u00dfen? Dar\u00fcber freuen wir uns sehr. Sehr gerne pr\u00e4sentieren wir Ihnen unser komplettes Leistungsspektrum und beantworten Ihre Fragen. Unser engagiertes Team freut sich auf Sie.<\/p>","popseo_zusatztext":"<h3>Tradition und Erfahrung zeichnen unseren Fachbetrieb aus<\/h3>\n<p>Setzen Sie bei Sicherheit und Sonnenschutz unbedingt auf die sachliche Leistung vom Fachbetrieb. Nur ein Fachbetrieb kennt die Priorit\u00e4ten, wie man zu einem fachgerechten Ergebnis kommt. Um sich mit Fug und Recht als Fachbetrieb zu titulieren, bedarf es einer qualifizierten Ausbildung der Mitarbeiter und einer jahrelangen Berufserfahrung.  <\/p>\n<p>Unser Unternehmen empfiehlt sich als Ihr qualifizierter Fachbetrieb f\u00fcr Sicherheit und Sonnenschutz. Erreichen Sie Ihr Ziel und schenken Sie unserem Fachbetrieb Ihr Vertrauen. Wir bieten Ihnen z.B. qualitativ ausgezeichnete Markisen und Rolll\u00e4den und legen allerh\u00f6chsten Wert auf einen 1a- Service. Schon seit vielen Jahren sind wir qualifizierter Fachbetrieb f\u00fcr Au\u00dfenjalousien, Rolll\u00e4den, Markisen und Terrassend\u00e4cher im Raum L\u00fcneburg. Es ist unser Bestreben, dass Sie \u00fcber lange Zeit viel Freude an Ihrem Sicht und Sonnenschutz haben. Von einem Fachbetrieb d\u00fcrfen Sie nat\u00fcrlich eine absolute Top-Leistung erwarten.<\/p>\n<h3>Dirk Kaduk Bauelemente \u2013 Ihr Fachbetrieb f\u00fcr Sicherheit und Sonnenschutz<\/h3>\n<p>Als Fachbetrieb darf sich eine Firma bezeichnen, deren Mitarbeiter \u00fcber dokumentierte Qualifikationen verf\u00fcgen. Dies ist unter anderem eine entsprechende Berufsausbildung oder ein Meisterbrief. Au\u00dferdem zeichnet eine intensive praktische Erfahrung einen Fachbetrieb aus. Bereits seit vielen Jahren konzentrieren wir uns als spezialisiertes Unternehmen auf Sonnenschutz und Sicherheit von Immobilien. In diesen langen Jahren haben wir uns die Bezeichnung Fachbetrieb sicherlich verdient. Wir nutzen nur hochwertige Produkte. Hierbei achten wir immer auf ein perfektes Preis-Leistungsverh\u00e4ltnis. Unser Versprechen als Fachbetrieb: Wir bieten Ihnen 1a-Leistung zu einem fairen Preis.<\/p>","popseo_links":"<a href=\"https:\/\/www.kaduk-bauelemente.de\/leistungen\/tueren-ebstorf\/\">T\u00fcren Ebstorf<\/a>, <a href=\"https:\/\/www.kaduk-bauelemente.de\/leistungen\/terrassendaecher-aus-holz-stelle\/\">Terrassend\u00e4cher aus Holz Stelle<\/a>, <a href=\"https:\/\/www.kaduk-bauelemente.de\/leistungen\/rolllaeden-amelinghausen\/\">Rolll\u00e4den Amelinghausen<\/a>, <a href=\"https:\/\/www.kaduk-bauelemente.de\/leistungen\/carports-tostedt-sittensen\/\">Carports Tostedt Sittensen<\/a>, <a href=\"https:\/\/www.kaduk-bauelemente.de\/leistungen\/holzfenster-bienenbuettel\/\">Holzfenster Bienenb\u00fcttel<\/a>, <a href=\"https:\/\/www.kaduk-bauelemente.de\/leistungen\/garagentore-buechen\/\">Garagentore B\u00fcchen<\/a>, <a href=\"https:\/\/www.kaduk-bauelemente.de\/leistungen\/kunststofffenster-bienenbuettel\/\">Kunststofffenster Bienenb\u00fcttel<\/a>, <a href=\"https:\/\/www.kaduk-bauelemente.de\/leistungen\/haustueren-buechen\/\">Haust\u00fcren B\u00fcchen<\/a>, <a href=\"https:\/\/www.kaduk-bauelemente.de\/leistungen\/rolllaeden-amt-neuhaus\/\">Rolll\u00e4den Amt Neuhaus<\/a>, <a href=\"https:\/\/www.kaduk-bauelemente.de\/leistungen\/rollladen-bergedorf-wentorf\/\">Rollladen Bergedorf Wentorf<\/a>, <a href=\"https:\/\/www.kaduk-bauelemente.de\/leistungen\/terrassenueberdachungen-aus-aluminium-geesthacht\/\">Terrassen\u00fcberdachungen aus Aluminium Geesthacht<\/a>, <a href=\"https:\/\/www.kaduk-bauelemente.de\/leistungen\/rolltore-reinbek-glinde\/\">Rolltore Reinbek Glinde<\/a>, <a href=\"https:\/\/www.kaduk-bauelemente.de\/leistungen\/garagen-jesteburg\/\">Garagen Jesteburg<\/a>, <a href=\"https:\/\/www.kaduk-bauelemente.de\/leistungen\/aussenjalousien-uelzen\/\">Au\u00dfenjalousien Uelzen<\/a>, <a href=\"https:\/\/www.kaduk-bauelemente.de\/leistungen\/haustueren-seevetal-rosengarten\/\">Haust\u00fcren Seevetal Rosengarten<\/a>, <a href=\"https:\/\/www.kaduk-bauelemente.de\/leistungen\/sektionaltore-seevetal-rosengarten\/\">Sektionaltore Seevetal Rosengarten<\/a>, <a href=\"https:\/\/www.kaduk-bauelemente.de\/leistungen\/terrassendaecher-aus-aluminium-reinbek-glinde\/\">Terrassend\u00e4cher aus Aluminium Reinbek Glinde<\/a>, <a href=\"https:\/\/www.kaduk-bauelemente.de\/leistungen\/terrassendaecher-aus-holz-bispingen\/\">Terrassend\u00e4cher aus Holz Bispingen<\/a>, <a href=\"https:\/\/www.kaduk-bauelemente.de\/leistungen\/terrassenueberdachungen-aus-holz-jesteburg\/\">Terrassen\u00fcberdachungen aus Holz Jesteburg<\/a>, <a href=\"https:\/\/www.kaduk-bauelemente.de\/leistungen\/insektenschutz-tostedt-sittensen\/\">Insektenschutz Tostedt Sittensen<\/a>, <a href=\"https:\/\/www.kaduk-bauelemente.de\/leistungen\/terrassenueberdachungen-aus-holz-maschen\/\">Terrassen\u00fcberdachungen aus Holz Maschen<\/a>, <a href=\"https:\/\/www.kaduk-bauelemente.de\/leistungen\/terrassendaecher-aus-aluminium-harburg\/\">Terrassend\u00e4cher aus Aluminium Harburg<\/a>, <a href=\"https:\/\/www.kaduk-bauelemente.de\/leistungen\/markisen-bardowick\/\">Markisen Bardowick<\/a>, <a href=\"https:\/\/www.kaduk-bauelemente.de\/leistungen\/sektionaltore-buechen\/\">Sektionaltore B\u00fcchen<\/a>, <a href=\"https:\/\/www.kaduk-bauelemente.de\/leistungen\/rollladen-jesteburg\/\">Rollladen Jesteburg<\/a>, <a href=\"https:\/\/www.kaduk-bauelemente.de\/leistungen\/terrassendaecher-aus-aluminium-hanstedt\/\">Terrassend\u00e4cher aus Aluminium Hanstedt<\/a>"},"_links":{"self":[{"href":"https:\/\/www.kaduk-bauelemente.de\/leistungen\/wp-json\/wp\/v2\/pages\/4760","targetHints":{"allow":["GET"]}}],"collection":[{"href":"https:\/\/www.kaduk-bauelemente.de\/leistungen\/wp-json\/wp\/v2\/pages"}],"about":[{"href":"https:\/\/www.kaduk-bauelemente.de\/leistungen\/wp-json\/wp\/v2\/types\/page"}],"author":[{"embeddable":true,"href":"https:\/\/www.kaduk-bauelemente.de\/leistungen\/wp-json\/wp\/v2\/users\/1"}],"replies":[{"embeddable":true,"href":"https:\/\/www.kaduk-bauelemente.de\/leistungen\/wp-json\/wp\/v2\/comments?post=4760"}],"version-history":[{"count":0,"href":"https:\/\/www.kaduk-bauelemente.de\/leistungen\/wp-json\/wp\/v2\/pages\/4760\/revisions"}],"wp:attachment":[{"href":"https:\/\/www.kaduk-bauelemente.de\/leistungen\/wp-json\/wp\/v2\/media?parent=4760"}],"curies":[{"name":"wp","href":"https:\/\/api.w.org\/{rel}","templated":true}]}}