{"id":4758,"date":"2021-08-25T12:19:46","date_gmt":"2021-08-25T10:19:46","guid":{"rendered":"https:\/\/www.kaduk-bauelemente.de\/leistungen\/zaeune-geesthacht\/"},"modified":"2021-08-25T12:19:46","modified_gmt":"2021-08-25T10:19:46","slug":"zaeune-geesthacht","status":"publish","type":"page","link":"https:\/\/www.kaduk-bauelemente.de\/leistungen\/zaeune-geesthacht\/","title":{"rendered":"Z\u00e4une &#8211; Geesthacht"},"content":{"rendered":"<h3>Sch\u00f6ne Z\u00e4une sind immer echte Hingucker<\/h3>\n<p>Hochwertige Z\u00e4une und Sichtschutzw\u00e4nde z\u00e4hlen zu unseren beliebtesten Erzeugnissen. Sch\u00f6ne Z\u00e4une sind wenn man so m\u00f6chte die Visitenkarte eines Gesch\u00e4fts- oder Wohngeb\u00e4udes. Ein attraktiver Zaun zeugt immer von Charakter, Stil und Qualit\u00e4tsanspruch. Attraktive Z\u00e4une aus Holz sind eine h\u00fcbsche, dabei hochwertige Verbindung aus Funktionalit\u00e4t und Natur. Naturbelassenes Material ist ganz sicher ein Zeichen f\u00fcr einen individuellen Geschmack. Kunststoffz\u00e4une wiederum \u00fcberzeugen durch Langlebigkeit, Stabilit\u00e4t, Farbechtheit, einfache Pflege und eine sehr gute UV-Best\u00e4ndigkeit. Doppelstabmattenz\u00e4une schlie\u00dflich sind eine ausgezeichnete Wahl f\u00fcr Begr\u00fcnungen, Abtrennungen und auch f\u00fcr Hundezwinger. Die notwendige Stabilit\u00e4t wird durch parallele Horizontaldr\u00e4hte sichergestellt. Mattenz\u00e4une sind feuerverzinkt und pulverbeschichtet. Auf welchen Zaun Ihre Wahl auch f\u00e4llt: Fachm\u00e4nnisch gearbeitete Z\u00e4une \u00fcberzeugen durch eine lange Haltbarkeit. <\/p>\n<h3>Unser Kundenservice informiert Sie \u00fcber Z\u00e4une und Sichtschutzelemente<\/h3>\n<p>Z\u00e4une und Sichtschutzelemente sind ein ausnehmend attraktives architektonisches Detail. Der gestalterische Aspekt ist von durchaus erheblicher Relevanz. Sch\u00f6ne Z\u00e4une werten Ihr Wohn- oder Gesch\u00e4ftshaus erkennbar auf \u2013 sie verleihen einem Alt- oder Neubau ein unverwechselbares und ganz eigenes Erscheinungsbild. Aus vielen unterschiedlichen Materialien, Farben, Gr\u00f6\u00dfen und Formen d\u00fcrfen Sie bei uns w\u00e4hlen. Unsere Mitarbeiter informieren Sie gerne \u00fcber die verschiedenen M\u00f6glichkeiten, die sich Ihnen bieten. Selbstverst\u00e4ndlich kommen wir auch gerne zu Ihnen ins Haus. Um die Varianten f\u00fcr den Verbau von Z\u00e4unen und Sichtschutzelementen vor Ort einsch\u00e4tzen zu k\u00f6nnen, begutachten unsere Spezialisten die Begebenheiten auch direkt an Ihrer Immobilie.<\/p>\n","protected":false},"excerpt":{"rendered":"<p>Sch\u00f6ne Z\u00e4une sind immer echte Hingucker Hochwertige Z\u00e4une und Sichtschutzw\u00e4nde z\u00e4hlen zu unseren beliebtesten Erzeugnissen. Sch\u00f6ne Z\u00e4une sind wenn man so m\u00f6chte die Visitenkarte eines Gesch\u00e4fts- oder Wohngeb\u00e4udes. Ein attraktiver Zaun zeugt immer von Charakter, Stil und Qualit\u00e4tsanspruch. Attraktive Z\u00e4une aus Holz sind eine h\u00fcbsche, dabei hochwertige Verbindung aus Funktionalit\u00e4t und Natur. Naturbelassenes Material ist [&hellip;]<\/p>\n","protected":false},"author":1,"featured_media":0,"parent":0,"menu_order":0,"comment_status":"closed","ping_status":"closed","template":"","meta":{"footnotes":""},"class_list":["post-4758","page","type-page","status-publish","hentry"],"meta_box":{"popseo_subtitel":"Kaduk Bauelelemente ist Ihr Experte f\u00fcr hochwertige Z\u00e4une in Geesthacht","popseo_subtitel2":"Z\u00e4une - attraktiv und hochwertig","popseo_lasttitel":"Z\u00e4une: Unsere Mitarbeiter beantworten gerne Ihre Fragen","popseo_region":"Geesthacht","popseo_sachwort":"Z\u00e4une","popseo_noupdate":"","popseo_einleitungstext":"<p>Auf Wunsch informieren wir Sie n\u00e4her \u00fcber unser Produkt- und Leistungsprogramm. Wir zeigen Ihnen mit Vergn\u00fcgen auch ein paar Projekte, die Ihnen einen Einblick in unsere Firment\u00e4tigkeit geben.<br \/>\nSchenken Sie uns Ihr Vertrauen. Rufen Sie uns doch rasch einmal an oder schicken Sie uns eine schnelle E-Mail. Wir freuen uns auf den Kontakt zu Ihnen.<\/p>","popseo_schlusstext":"<p>Sie suchen einen Experten f\u00fcr hochwertige Sicherheits- und Sonnenschutzl\u00f6sungen. Dann rufen Sie uns bitte rasch an. Wir freuen uns auf das Gespr\u00e4ch mit Ihnen. Wenn es um Bauelemente geht, sind wir Ihr verl\u00e4sslicher Handwerks- und Handelspartner. Wir stehen f\u00fcr hochwertige Produkte und eine sachkundig ausgef\u00fchrte Arbeit nach dem immer aktuellsten Stand der Technik.<\/p>","popseo_stadttext":"<h3>Wir freuen uns \u00fcber Anfragen aus Geesthacht<\/h3>\n<p>Wir arbeiten f\u00fcr Kunden aus Geesthacht. Durch unsere Gesch\u00e4ftst\u00e4tigkeit haben wir uns einen ausgezeichneten \u00dcberblick \u00fcber die Architektur der St\u00e4dte und Gemeinden unseres Einzugsbereiches machen k\u00f6nnen. Nat\u00fcrlich geh\u00f6rt auch Ihre Region zu unserem unmittelbaren Gesch\u00e4ftsgebiet. Wir freuen uns darauf, mit Ihnen in Kontakt zu kommen. <\/p>\n<h3>Leben und Arbeiten in Geesthacht<\/h3>\n<p>S\u00fcd\u00f6stlich von Hamburg, direkt am Elbufer liegt Geesthacht, die gr\u00f6\u00dfte Stadt des Landkreises Herzogtum Lauenburg in Schleswig-Holstein. Geesthacht geh\u00f6rt bereits zu der Metropolregion Hamburg. Zum Stadtzentrum von Hamburg sind es gut 30 km, bis zum n\u00e4chstgelegenen Stadtteil Hamburg-Bergedorf circa 12 km.<br \/>\nInnovationen und Fortschritt pr\u00e4gen den Ort Geesthacht. Typisch hierf\u00fcr sind das Kernkraftwerk Kr\u00fcmmel, das Pumpspeicherwerk und der Forschungsreaktor Geesthacht. Sie machen Geesthacht zu dem gr\u00f6\u00dften Nuklear- und Energiestandort in Norddeutschland. Kein Wunder, dass Geesthacht mit circa 50 Mio EUR R\u00fccklagen den 1. Rang unter den verm\u00f6gendsten St\u00e4dten in Schleswig-Holstein belegt. Entscheidend hief\u00fcr sind allerdings die Gelder des AKW.<\/p>\n<p>Nach Geesthacht gelangt man mit dem Auto von S\u00fcden \u00fcber die Bundesstra\u00dfe 404. \u00dcber diese hat man auch Anbindung an die A25, mit der man direkt nach Hamburg kommt. Parallel zur Autobahn verl\u00e4uft die Bundesstra\u00dfe B5, die geradewegs von Hamburg-Bergedorf durch die Innenstadt von Geesthacht f\u00fchrt und in Lauenburg endet.<br \/>\nAuch mit dem \u00f6ffentlichen Personennahverkehr kann man, dank der Vernetzung mit dem HVV, Geesthacht schnell erreichen. Aufgrund der geringen N\u00e4he zum Hamburger Stadtgebiet bringt Sie der Metrobus des HVV bequem, innerhalb von 20 Minuten nach Hamburg.<\/p>\n<h4>Privat- und Gesch\u00e4ftskunden aus Geesthacht sch\u00e4tzen unsere Leistungen!<\/h4>\n<p>Klasse, das Sie unsere Internetseite entdeckt haben. Wenn Sie eine erfahrene Fachfirma ben\u00f6tigen, sind Sie bei uns richtig. Sie m\u00f6chten mehr \u00fcber uns erfahren? F\u00fcr R\u00fcckfragen stehen wir Ihnen jederzeit zur Verf\u00fcgung. Auf den Kontakt zu Ihnen freuen wir uns.<\/p>","popseo_zusatztext":"<h3>Wir sind Fachbetrieb f\u00fcr Sicht- und Sonnenschutz<\/h3>\n<p>Setzen Sie bei Sicherheit und Sonnenschutz unbedingt auf die sachliche Leistung vom Fachbetrieb. Nur ein Fachbetrieb wei\u00df von den M\u00f6glichkeiten, wie man zu einem sehr guten Ergebnis kommt. Um sich mit Fug und Recht Fachbetrieb nennen zu k\u00f6nnen, braucht es eine anerkannte Ausbildung der Mitarbeiter und eine jahrelange Erfahrung.  <\/p>\n<p>Unser Fachbetrieb empfiehlt sich als Ihr kompetenter Fachbetrieb f\u00fcr Sonnenschutz und Sicherheit. Erreichen Sie Ihr Ziel und schenken Sie unserem Fachbetrieb Ihr Vertrauen. Wir bieten Ihnen u.a. schicke Markisen und Rolll\u00e4den und legen h\u00f6chsten Wert auf einen sehr guten Service. Schon seit vielen Jahren sind wir spezialisierter Fachbetrieb f\u00fcr Au\u00dfenjalousien, Rolll\u00e4den, Markisen und Terrassend\u00e4cher im Raum L\u00fcneburg. Es ist unser Bestreben, dass Sie \u00fcber lange Zeit viel Freude an Ihrem Sicht und Sonnenschutz haben. Von einem Fachbetrieb d\u00fcrfen Sie nat\u00fcrlich eine fehlerfreie Top-Leistung erwarten.<\/p>\n<h3>Dirk Kaduk Bauelemente \u2013 Ihr Fachbetrieb f\u00fcr Sicherheit und Sonnenschutz<\/h3>\n<p>Als Fachbetrieb darf sich ein Unternehmen bezeichnen, deren Angestellte \u00fcber dokumentierte Qualifikationen verf\u00fcgen. Dies ist beispielsweise eine entsprechende Ausbildung oder ein Meisterbrief. Dar\u00fcber hinaus zeichnet eine langj\u00e4hrige praktische Erfahrung einen Fachbetrieb aus. Schon seit vielen Jahren konzentrieren wir uns als spezialisiertes Unternehmen auf Sonnenschutz und Sicherheit von Wohn- und Gesch\u00e4ftsgeb\u00e4uden. In diesen vielen Jahren haben wir uns das Attribut Fachbetrieb ganz sicher verdient. Wir verwenden ausschlie\u00dflich hervorragende Artikel. Dabei achten wir stets auf ein perfektes Preis-Leistungsverh\u00e4ltnis. Unser Selbstverst\u00e4ndnis als Fachbetrieb: Wir bieten Ihnen 1a-Leistung zu einem fairen Preis.<\/p>","popseo_links":"<a href=\"https:\/\/www.kaduk-bauelemente.de\/leistungen\/garagentore-geesthacht\/\">Garagentore Geesthacht<\/a>, <a href=\"https:\/\/www.kaduk-bauelemente.de\/leistungen\/garagen-herzogtum-lauenburg\/\">Garagen Herzogtum Lauenburg<\/a>, <a href=\"https:\/\/www.kaduk-bauelemente.de\/leistungen\/carports-bardowick\/\">Carports Bardowick<\/a>, <a href=\"https:\/\/www.kaduk-bauelemente.de\/leistungen\/rolllaeden-buchholz\/\">Rolll\u00e4den Buchholz<\/a>, <a href=\"https:\/\/www.kaduk-bauelemente.de\/leistungen\/garagen-adendorf\/\">Garagen Adendorf<\/a>, <a href=\"https:\/\/www.kaduk-bauelemente.de\/leistungen\/rollladen-bad-bevensen\/\">Rollladen Bad Bevensen<\/a>, <a href=\"https:\/\/www.kaduk-bauelemente.de\/leistungen\/zaunbau-bienenbuettel\/\">Zaunbau Bienenb\u00fcttel<\/a>, <a href=\"https:\/\/www.kaduk-bauelemente.de\/leistungen\/kunststofffenster-maschen\/\">Kunststofffenster Maschen<\/a>, <a href=\"https:\/\/www.kaduk-bauelemente.de\/leistungen\/carports-bergedorf-wentorf\/\">Carports Bergedorf Wentorf<\/a>, <a href=\"https:\/\/www.kaduk-bauelemente.de\/leistungen\/terrassendaecher-aus-holz-amelinghausen\/\">Terrassend\u00e4cher aus Holz Amelinghausen<\/a>, <a href=\"https:\/\/www.kaduk-bauelemente.de\/leistungen\/sektionaltore-winsen-luhe\/\">Sektionaltore Winsen Luhe<\/a>, <a href=\"https:\/\/www.kaduk-bauelemente.de\/leistungen\/garagentore-bergedorf-wentorf\/\">Garagentore Bergedorf Wentorf<\/a>, <a href=\"https:\/\/www.kaduk-bauelemente.de\/leistungen\/haustueren-bad-bevensen\/\">Haust\u00fcren Bad Bevensen<\/a>, <a href=\"https:\/\/www.kaduk-bauelemente.de\/leistungen\/carports-bienenbuettel\/\">Carports Bienenb\u00fcttel<\/a>, <a href=\"https:\/\/www.kaduk-bauelemente.de\/leistungen\/markisen-geesthacht\/\">Markisen Geesthacht<\/a>, <a href=\"https:\/\/www.kaduk-bauelemente.de\/leistungen\/terrassendaecher-aus-holz-lueneburg\/\">Terrassend\u00e4cher aus Holz L\u00fcneburg<\/a>, <a href=\"https:\/\/www.kaduk-bauelemente.de\/leistungen\/garagentore-ebstorf\/\">Garagentore Ebstorf<\/a>, <a href=\"https:\/\/www.kaduk-bauelemente.de\/leistungen\/garagen-schwarzenbek\/\">Garagen Schwarzenbek<\/a>, <a href=\"https:\/\/www.kaduk-bauelemente.de\/leistungen\/terrassendaecher-aus-aluminium-bergedorf-wentorf\/\">Terrassend\u00e4cher aus Aluminium Bergedorf Wentorf<\/a>, <a href=\"https:\/\/www.kaduk-bauelemente.de\/leistungen\/aussenjalousien-reinbek-glinde\/\">Au\u00dfenjalousien Reinbek Glinde<\/a>, <a href=\"https:\/\/www.kaduk-bauelemente.de\/leistungen\/rolltore-boizenburg\/\">Rolltore Boizenburg<\/a>, <a href=\"https:\/\/www.kaduk-bauelemente.de\/leistungen\/tueren-jesteburg\/\">T\u00fcren Jesteburg<\/a>, <a href=\"https:\/\/www.kaduk-bauelemente.de\/leistungen\/rolltore-uelzen\/\">Rolltore Uelzen<\/a>, <a href=\"https:\/\/www.kaduk-bauelemente.de\/leistungen\/aussenjalousien-tostedt-sittensen\/\">Au\u00dfenjalousien Tostedt Sittensen<\/a>, <a href=\"https:\/\/www.kaduk-bauelemente.de\/leistungen\/markisen-uelzen\/\">Markisen Uelzen<\/a>, <a href=\"https:\/\/www.kaduk-bauelemente.de\/leistungen\/sektionaltore-reinbek-glinde\/\">Sektionaltore Reinbek Glinde<\/a>"},"_links":{"self":[{"href":"https:\/\/www.kaduk-bauelemente.de\/leistungen\/wp-json\/wp\/v2\/pages\/4758","targetHints":{"allow":["GET"]}}],"collection":[{"href":"https:\/\/www.kaduk-bauelemente.de\/leistungen\/wp-json\/wp\/v2\/pages"}],"about":[{"href":"https:\/\/www.kaduk-bauelemente.de\/leistungen\/wp-json\/wp\/v2\/types\/page"}],"author":[{"embeddable":true,"href":"https:\/\/www.kaduk-bauelemente.de\/leistungen\/wp-json\/wp\/v2\/users\/1"}],"replies":[{"embeddable":true,"href":"https:\/\/www.kaduk-bauelemente.de\/leistungen\/wp-json\/wp\/v2\/comments?post=4758"}],"version-history":[{"count":0,"href":"https:\/\/www.kaduk-bauelemente.de\/leistungen\/wp-json\/wp\/v2\/pages\/4758\/revisions"}],"wp:attachment":[{"href":"https:\/\/www.kaduk-bauelemente.de\/leistungen\/wp-json\/wp\/v2\/media?parent=4758"}],"curies":[{"name":"wp","href":"https:\/\/api.w.org\/{rel}","templated":true}]}}