{"id":4755,"date":"2021-08-25T12:19:46","date_gmt":"2021-08-25T10:19:46","guid":{"rendered":"https:\/\/www.kaduk-bauelemente.de\/leistungen\/zaeune-buchholz\/"},"modified":"2021-08-25T12:19:46","modified_gmt":"2021-08-25T10:19:46","slug":"zaeune-buchholz","status":"publish","type":"page","link":"https:\/\/www.kaduk-bauelemente.de\/leistungen\/zaeune-buchholz\/","title":{"rendered":"Z\u00e4une &#8211; Buchholz"},"content":{"rendered":"<h3>Jahrelange Erfahrung beim Verkauf von Z\u00e4unen und Sichtschutzelementen<\/h3>\n<p>Hochwertige Z\u00e4une und Sichtschutzw\u00e4nde z\u00e4hlen zu unseren beliebtesten Erzeugnissen. H\u00fcbsche Z\u00e4une sind wenn man so will die Visitenkarte eines Gesch\u00e4fts- oder Wohngeb\u00e4udes. Ein attraktiver Zaun zeugt immer von Charakter, Stil und Qualit\u00e4tsbewusstsein. Attraktive Z\u00e4une aus Holz sind eine h\u00fcbsche, gleichwohl erstklassige Kombination aus Funktionalit\u00e4t und Natur. Nat\u00fcrliches Material ist grunds\u00e4tzlich ein Merkmal f\u00fcr einen besonderen Geschmack. Kunststoffz\u00e4une wiederum \u00fcberzeugen durch Stabilit\u00e4t, Langlebigkeit, Farbechtheit, einfache Pflege und eine bestm\u00f6gliche UV-Best\u00e4ndigkeit. Doppelstabmattenz\u00e4une schlie\u00dflich sind eine gute Wahl f\u00fcr Begr\u00fcnungen, Abtrennungen und auch f\u00fcr Hundezwinger. Die n\u00f6tige Stabilit\u00e4t wird durch parallel verlaufende Horizontaldr\u00e4hte gew\u00e4hrleistet. Mattenz\u00e4une sind feuerverzinkt und pulverbeschichtet. Auf welchen Zaun Ihre Wahl auch f\u00e4llt: Handwerklich korrekt gearbeitete Z\u00e4une beeindrucken durch eine jahrelange Haltbarkeit. <\/p>\n<h3>Wir beantworten Ihre Fragen zu Z\u00e4unen und Sichtschutzelemente<\/h3>\n<p>Z\u00e4une und Sichtschutzelemente sind ein ausnehmend sch\u00f6nes architektonisches Detail. Der gestalterische Wert ist von durchaus gro\u00dfer Relevanz. attraktive Z\u00e4une werten Ihre Wohn- oder Gesch\u00e4ftsimmobilie sichtbar auf \u2013 sie verleihen einem Alt- oder Neubau ein individuelles und auff\u00e4lliges Erscheinungsbild. Aus vielen verschiedenartigen Materialien, Farben, Gr\u00f6\u00dfen und Formen d\u00fcrfen Sie bei uns ausw\u00e4hlen. Unsere Mitarbeiter informieren Sie mit Vergn\u00fcgen \u00fcber die zur Verf\u00fcgung stehenden M\u00f6glichkeiten, die sich Ihnen bieten. Selbstverst\u00e4ndlich kommen wir auch gerne zu Ihnen nach Hause. Um die M\u00f6glichkeiten f\u00fcr den Verbau von Z\u00e4unen und Sichtschutzw\u00e4nden vor Ort einsch\u00e4tzen zu k\u00f6nnen, begutachten unsere Mitarbeiter die Begebenheiten auch unmittelbar an Ihrer Immobilie.<\/p>\n","protected":false},"excerpt":{"rendered":"<p>Jahrelange Erfahrung beim Verkauf von Z\u00e4unen und Sichtschutzelementen Hochwertige Z\u00e4une und Sichtschutzw\u00e4nde z\u00e4hlen zu unseren beliebtesten Erzeugnissen. H\u00fcbsche Z\u00e4une sind wenn man so will die Visitenkarte eines Gesch\u00e4fts- oder Wohngeb\u00e4udes. Ein attraktiver Zaun zeugt immer von Charakter, Stil und Qualit\u00e4tsbewusstsein. Attraktive Z\u00e4une aus Holz sind eine h\u00fcbsche, gleichwohl erstklassige Kombination aus Funktionalit\u00e4t und Natur. Nat\u00fcrliches [&hellip;]<\/p>\n","protected":false},"author":1,"featured_media":0,"parent":0,"menu_order":0,"comment_status":"closed","ping_status":"closed","template":"","meta":{"footnotes":""},"class_list":["post-4755","page","type-page","status-publish","hentry"],"meta_box":{"popseo_subtitel":"Wir sind Ihr Partner f\u00fcr qualitativ erstklassige Z\u00e4une im Gro\u00dfraum Buchholz","popseo_subtitel2":"Z\u00e4une - hohe Qualit\u00e4t, perfekte Beratung","popseo_lasttitel":"Z\u00e4une: Unsere Mitarbeiter beantworten gerne Ihre Fragen","popseo_region":"Buchholz","popseo_sachwort":"Z\u00e4une","popseo_noupdate":"","popseo_einleitungstext":"<p>Die Firma Kaduk ist Ihr erfahrener und qualifizierter Fachbetrieb f\u00fcr Sicherheit und Sonnenschutz im Norden. Mit unserem Unternehmenssitz in Adendorf bei L\u00fcneburg decken wir ein geografisch gro\u00dfes Gebiet ab. Bei uns bekommen Sie hochwertige Bauelemente in gro\u00dfer Auswahl. Zu unserem Produktangebot z\u00e4hlen unter anderem Au\u00dfenjalousien, Fenster, T\u00fcren, Markisen, Terrassend\u00e4cher, Rolltore, Carports und Rolll\u00e4den. Selbstverst\u00e4ndlich erledigen wir auch Reparatur- und Montagearbeiten f\u00fcr Sie. Auf unserer Homepage finden Sie unser gesamtes Produkt- und Dienstleistungsangebot detailliert beschrieben. Kompetent und sachgerecht beraten wir Sie \u00fcber Ihre M\u00f6glichkeiten und f\u00fchren s\u00e4mtliche Arbeiten gewissenhaft und mit Sachverstand aus - so wie Sie es von einem spezialisierten Fachbetrieb erwarten d\u00fcrfen.<\/p>","popseo_schlusstext":"<p>Auf Wunsch informieren wir Sie n\u00e4her \u00fcber unsere Produkte und unser Aufgabenfeld. Wir pr\u00e4sentieren Ihnen mit Vergn\u00fcgen auch einige Projekte, die Ihnen einen Einblick in unsere Unternehmenst\u00e4tigkeit geben.<br \/>\nWir sind f\u00fcr Sie da. Rufen Sie uns doch rasch einmal an oder senden Sie uns eine schnelle E-Mail. Wir freuen uns auf Ihre Kontaktaufnahme.<\/p>","popseo_stadttext":"<h3>Zufriedene Kunden haben wir auch in Buchholz i.d. Nordheide<\/h3>\n<p>Buchholz geh\u00f6rt zum nieders\u00e4chsischen Landkreis Harburg und liegt in der Nordheide. Um Verwechslungen mit anderen Orten zu verhindern, tr\u00e4gt die Stadt Buchholz offiziell den Namenszusatz \"Buchholz in der Nordheide\". Durch unsere Gesch\u00e4ftst\u00e4tigkeit haben wir uns einen ausgezeichneten \u00dcberblick \u00fcber die Stadtarchitektur der Gemeinden und St\u00e4dte unseres Einzugsbereiches machen k\u00f6nnen. Nat\u00fcrlich z\u00e4hlt auch Buchholz i.d. Nordheide zu unserem unmittelbaren Gesch\u00e4ftsgebiet. Wir freuen uns darauf, mit Ihnen ins Gespr\u00e4ch zu treten. <\/p>\n<h3>Interessante Fakten zu Buchholz i.d. Nordheide<\/h3>\n<p>Buchholz ist eine gut gelegene Stadt. Bis in die Metropole Hamburg sind es knapp 20 Kilometer. Entsprechend viele Berufspendler wohnen in Buchholz. Wer seine Arbeitsst\u00e4tte in Hamburg hat, gleichzeitig aber eine eher l\u00e4ndliche Wohnlage bevorzugt, hat es in Buchholz wunderbar getroffen. Der sch\u00f6ne und angenehme Ort bietet ein besonders attraktives Lebensumfeld. <\/p>\n<p>Summiert leben knapp 37.000 B\u00fcrger in Buchholz. Stadt und Umkreis erstrecken sich \u00fcber eine Fl\u00e4che von etwa 75 qkm. Buchholz teilt sich auf in insgesamt sechs Ortsteile. Eine kleine Eigenart von Buchholz: Jeder Stadtteil hat einen eigenen B\u00fcrgermeister.<\/p>\n<h3>Buchholz \u2013 St\u00e4dtchen mit Herz<\/h3>\n<p>Trotz der r\u00e4umlichen N\u00e4he zur Hansestadt Hamburg, verf\u00fcgt Buchholz \u00fcber ein reges Wirtschaftsleben, das sich auf insgesamt drei Gewerbegebiete aufteilt. Gro\u00dfe Einzelh\u00e4ndler wie etwa M\u00f6bel Kraft oder Media Markt unterhalten in Buchholz Filialen. Gepr\u00e4gt wird das Wirtschaftsleben von Buchholz sonst von mittelst\u00e4ndischen Betrieben aus den Gesch\u00e4ftsfeldern Gro\u00dfhandel und Dienstleistung. Auch finden sich in Buchholz viele Autoh\u00e4ndler. \u00dcber die Auffahrt Dibbersen ist Buchholz an die Schnellstra\u00dfe A1 angeschlossen. Das Buchholzer Dreieck stellt au\u00dferdem eine Verbindung mit der A7 her. Ebenso erreicht man Buchholz mit dem Wagen auch leicht \u00fcber die Bundesstra\u00dfe 75. Wer mit der Bahn nach Buchholz f\u00e4hrt, nutzt die Bahnstrecke Bremen-Hamburg. Das Verkehrsunternehmen Metronom f\u00e4hrt Buchholz \u00fcber die Expresslinie Hamburg-Bremen und \u00fcber eine Nahverkehrsverbindung an.  <\/p>\n<h4>Wir f\u00fcr Sie in Buchholz i.d. Nordheide!<\/h4>\n<p>Wir finden es klasse, dass Sie unsere Website gefunden haben. Unsere Erfahrung und die Qualit\u00e4t von Material und Ausf\u00fchrung garantiert Ihnen ein sehr gutes Preis-Leistungsverh\u00e4ltnis. Sie m\u00f6chten mehr \u00fcber uns erfahren? F\u00fcr R\u00fcckfragen stehen wir Ihnen jederzeit zur Verf\u00fcgung. Unser engagiertes Team freut sich auf Sie.<\/p>","popseo_zusatztext":"<h3>G\u00fcnstig und preiswert \u2013 darauf d\u00fcrfen Sie setzen<\/h3>\n<p>Bauelemente m\u00fcssen h\u00f6chsten Anspr\u00fcchen standhalten. Gleichzeitig darf es g\u00fcnstig und preiswert sein. Das muss absolut kein Widerspruch sein. <\/p>\n<p>Als Fachbetrieb f\u00fcr Sonnenschutz und Sicherheit verwenden wir ausnahmslos hochwertige Produkte. Trotzdem schauen wir stets auf ein angemessenes Preis-Leistungsverh\u00e4ltnis. Wir m\u00f6chten Ihnen Qualit\u00e4t bieten, die trotzdem auch g\u00fcnstig und preiswert ist. Verleihen Sie Ihrem Heim g\u00fcnstig und preiswert das besondere Mehr an Qualit\u00e4t. Rolll\u00e4den und Markisen oder andere Sonnenschutzl\u00f6sungen sehen nicht nur hervorragend aus, sie leisten auch einen bedeutsamen Anteil zur W\u00e4rmed\u00e4mmung.  <\/p>\n<h3>G\u00fcnstig und preiswert \u2013 unsere Leistung \u00fcberzeugt<\/h3>\n<p>D\u00fcrfen wir Sie beraten, wie Sie g\u00fcnstig und preiswert einen optimalen Sonnenschutz f\u00fcr Ihr Haus verwirklichen? Toll, dann warten Sie bitte nicht und nehmen am besten gleich heute noch Verbindung mit uns auf. Ein kurzer Telefonanruf oder eine schnelle Email gen\u00fcgen. Gerne beraten Sie unsere perfekt ausgebildeten Spezialisten \u00fcber die unterschiedlichen M\u00f6glichkeiten, wie Sie Ihr Heim g\u00fcnstig und preiswert mit Rolll\u00e4den und Markisen oder anderen Sonnenschutzprodukten versehen. Wir freuen uns auf das Gespr\u00e4ch mit Ihnen. <\/p>\n<h4>Top-Qualit\u00e4t g\u00fcnstig und preiswert<\/h4>\n<p>Setzen Sie beim Thema Sonnenschutz und Sicherheit auf den Profi. Nur ein Spezialbetrieb kennt die diversen Optionen, wie Sie g\u00fcnstig und preiswert, gleichzeitig qualitativ h\u00f6herwertig einen perfekten Sonnenschutz erreichen. Qualit\u00e4tsbewusst, g\u00fcnstig und preiswert: Wir empfehlen uns als spezialisiertes Fachunternehmen im norddeutschen Gebiet. Unsere langj\u00e4hrige Erfahrung spricht f\u00fcr uns.<\/p>","popseo_links":"<a href=\"https:\/\/www.kaduk-bauelemente.de\/leistungen\/aussenjalousien-seevetal-rosengarten\/\">Au\u00dfenjalousien Seevetal Rosengarten<\/a>, <a href=\"https:\/\/www.kaduk-bauelemente.de\/leistungen\/kunststofffenster-seevetal-rosengarten\/\">Kunststofffenster Seevetal Rosengarten<\/a>, <a href=\"https:\/\/www.kaduk-bauelemente.de\/leistungen\/terrassenueberdachungen-aus-aluminium-jesteburg\/\">Terrassen\u00fcberdachungen aus Aluminium Jesteburg<\/a>, <a href=\"https:\/\/www.kaduk-bauelemente.de\/leistungen\/rollladen-boizenburg\/\">Rollladen Boizenburg<\/a>, <a href=\"https:\/\/www.kaduk-bauelemente.de\/leistungen\/rolltore-herzogtum-lauenburg\/\">Rolltore Herzogtum Lauenburg<\/a>, <a href=\"https:\/\/www.kaduk-bauelemente.de\/leistungen\/kunststofffenster-geesthacht\/\">Kunststofffenster Geesthacht<\/a>, <a href=\"https:\/\/www.kaduk-bauelemente.de\/leistungen\/terrassenueberdachungen-aus-aluminium-seevetal-rosengarten\/\">Terrassen\u00fcberdachungen aus Aluminium Seevetal Rosengarten<\/a>, <a href=\"https:\/\/www.kaduk-bauelemente.de\/leistungen\/rolllaeden-bergedorf-wentorf\/\">Rolll\u00e4den Bergedorf Wentorf<\/a>, <a href=\"https:\/\/www.kaduk-bauelemente.de\/leistungen\/markisen-tostedt-sittensen\/\">Markisen Tostedt Sittensen<\/a>, <a href=\"https:\/\/www.kaduk-bauelemente.de\/leistungen\/terrassenueberdachungen-aus-aluminium-harburg\/\">Terrassen\u00fcberdachungen aus Aluminium Harburg<\/a>, <a href=\"https:\/\/www.kaduk-bauelemente.de\/leistungen\/holzfenster-buechen\/\">Holzfenster B\u00fcchen<\/a>, <a href=\"https:\/\/www.kaduk-bauelemente.de\/leistungen\/garagen-amt-neuhaus\/\">Garagen Amt Neuhaus<\/a>, <a href=\"https:\/\/www.kaduk-bauelemente.de\/leistungen\/insektenschutz-reinbek-glinde\/\">Insektenschutz Reinbek Glinde<\/a>, <a href=\"https:\/\/www.kaduk-bauelemente.de\/leistungen\/markisen-stelle\/\">Markisen Stelle<\/a>, <a href=\"https:\/\/www.kaduk-bauelemente.de\/leistungen\/carports-ebstorf\/\">Carports Ebstorf<\/a>, <a href=\"https:\/\/www.kaduk-bauelemente.de\/leistungen\/terrassendaecher-aus-aluminium-boizenburg\/\">Terrassend\u00e4cher aus Aluminium Boizenburg<\/a>, <a href=\"https:\/\/www.kaduk-bauelemente.de\/leistungen\/tueren-jesteburg\/\">T\u00fcren Jesteburg<\/a>, <a href=\"https:\/\/www.kaduk-bauelemente.de\/leistungen\/terrassenueberdachungen-aus-aluminium-salzhausen\/\">Terrassen\u00fcberdachungen aus Aluminium Salzhausen<\/a>, <a href=\"https:\/\/www.kaduk-bauelemente.de\/leistungen\/terrassenueberdachungen-aus-holz-jesteburg\/\">Terrassen\u00fcberdachungen aus Holz Jesteburg<\/a>, <a href=\"https:\/\/www.kaduk-bauelemente.de\/leistungen\/rolltore-bardowick\/\">Rolltore Bardowick<\/a>, <a href=\"https:\/\/www.kaduk-bauelemente.de\/leistungen\/holzfenster-winsen-luhe\/\">Holzfenster Winsen Luhe<\/a>, <a href=\"https:\/\/www.kaduk-bauelemente.de\/leistungen\/rolltore-buechen\/\">Rolltore B\u00fcchen<\/a>, <a href=\"https:\/\/www.kaduk-bauelemente.de\/leistungen\/terrassendaecher-aus-aluminium-maschen\/\">Terrassend\u00e4cher aus Aluminium Maschen<\/a>, <a href=\"https:\/\/www.kaduk-bauelemente.de\/leistungen\/markisen-ebstorf\/\">Markisen Ebstorf<\/a>, <a href=\"https:\/\/www.kaduk-bauelemente.de\/leistungen\/markisen-uelzen\/\">Markisen Uelzen<\/a>, <a href=\"https:\/\/www.kaduk-bauelemente.de\/leistungen\/tueren-seevetal-rosengarten\/\">T\u00fcren Seevetal Rosengarten<\/a>"},"_links":{"self":[{"href":"https:\/\/www.kaduk-bauelemente.de\/leistungen\/wp-json\/wp\/v2\/pages\/4755","targetHints":{"allow":["GET"]}}],"collection":[{"href":"https:\/\/www.kaduk-bauelemente.de\/leistungen\/wp-json\/wp\/v2\/pages"}],"about":[{"href":"https:\/\/www.kaduk-bauelemente.de\/leistungen\/wp-json\/wp\/v2\/types\/page"}],"author":[{"embeddable":true,"href":"https:\/\/www.kaduk-bauelemente.de\/leistungen\/wp-json\/wp\/v2\/users\/1"}],"replies":[{"embeddable":true,"href":"https:\/\/www.kaduk-bauelemente.de\/leistungen\/wp-json\/wp\/v2\/comments?post=4755"}],"version-history":[{"count":0,"href":"https:\/\/www.kaduk-bauelemente.de\/leistungen\/wp-json\/wp\/v2\/pages\/4755\/revisions"}],"wp:attachment":[{"href":"https:\/\/www.kaduk-bauelemente.de\/leistungen\/wp-json\/wp\/v2\/media?parent=4755"}],"curies":[{"name":"wp","href":"https:\/\/api.w.org\/{rel}","templated":true}]}}