{"id":4753,"date":"2021-08-25T12:19:46","date_gmt":"2021-08-25T10:19:46","guid":{"rendered":"https:\/\/www.kaduk-bauelemente.de\/leistungen\/zaeune-bispingen\/"},"modified":"2021-08-25T12:19:46","modified_gmt":"2021-08-25T10:19:46","slug":"zaeune-bispingen","status":"publish","type":"page","link":"https:\/\/www.kaduk-bauelemente.de\/leistungen\/zaeune-bispingen\/","title":{"rendered":"Z\u00e4une &#8211; Bispingen"},"content":{"rendered":"<h3>Jahrelange Erfahrung beim Verkauf von Z\u00e4unen und Sichtschutzelementen<\/h3>\n<p>Hochwertige Z\u00e4une und Sichtschutzelemente geh\u00f6ren zu unseren mit am h\u00e4ufigsten nachgefragten Artikeln. Sch\u00f6ne Z\u00e4une sind gewisserma\u00dfen die Visitenkarte eines Hauses. Ein attraktiver Zaun zeugt immer von Pers\u00f6nlichkeit, Stil und Qualit\u00e4tsanspruch. Sch\u00f6ne Z\u00e4une aus Holz sind eine optisch ansprechende, gleicherma\u00dfen ausgezeichnete Verbindung aus Funktionalit\u00e4t und Natur. Nat\u00fcrliches Material ist grunds\u00e4tzlich ein Merkmal f\u00fcr einen individuellen Geschmack. Kunststoffz\u00e4une wiederum begeistern durch Langlebigkeit, Stabilit\u00e4t, einfache Pflege, Farbechtheit und eine ausgezeichnete UV-Best\u00e4ndigkeit. Doppelstabmattenz\u00e4une schlie\u00dflich sind eine perfekte Wahl f\u00fcr Begr\u00fcnungen, Abtrennungen sowie auch f\u00fcr Hundezwinger. Die n\u00f6tige Stabilit\u00e4t wird durch parallele Horizontaldr\u00e4hte gew\u00e4hrleistet. Mattenz\u00e4une sind feuerverzinkt und pulverbeschichtet. Welchen Zaun Sie auch pr\u00e4ferieren: Handwerklich korrekt gearbeitete Z\u00e4une beeindrucken durch eine lange Produktlebenszeit. <\/p>\n<h3>Holz-, Doppelstabmatten- und Kunststoffz\u00e4une: Wir beraten Sie gerne<\/h3>\n<p>Z\u00e4une und Sichtschutzelemente sind ein ausnehmend attraktives architektonisches Detail. Die gestalterische Komponente ist von durchaus erheblicher Relevanz. Formsch\u00f6ne, vielleicht sogar mit besonderem Dekor versehenen Z\u00e4une werten Ihre Wohn- oder Gesch\u00e4ftsimmobilie sichtbar auf \u2013 sie verleihen der Immobilie ein ganz eigenes und unverwechselbares Erscheinungsbild. Aus vielen verschiedenen Materialien, Formen, Farben und Gr\u00f6\u00dfen k\u00f6nnen Sie bei uns w\u00e4hlen. Unsere Fachhandwerker informieren Sie sehr gerne \u00fcber die zur Verf\u00fcgung stehenden M\u00f6glichkeiten, die sich Ihnen bieten. Selbstverst\u00e4ndlich kommen wir auch sehr gerne zu Ihnen ins Haus. Um die Varianten f\u00fcr den Verbau von Z\u00e4unen und Sichtschutzw\u00e4nden direkt vor Ort beurteilen zu k\u00f6nnen, begutachten unsere Fachleute die Begebenheiten auch unmittelbar an Ihrer Immobilie.<\/p>\n","protected":false},"excerpt":{"rendered":"<p>Jahrelange Erfahrung beim Verkauf von Z\u00e4unen und Sichtschutzelementen Hochwertige Z\u00e4une und Sichtschutzelemente geh\u00f6ren zu unseren mit am h\u00e4ufigsten nachgefragten Artikeln. Sch\u00f6ne Z\u00e4une sind gewisserma\u00dfen die Visitenkarte eines Hauses. Ein attraktiver Zaun zeugt immer von Pers\u00f6nlichkeit, Stil und Qualit\u00e4tsanspruch. Sch\u00f6ne Z\u00e4une aus Holz sind eine optisch ansprechende, gleicherma\u00dfen ausgezeichnete Verbindung aus Funktionalit\u00e4t und Natur. Nat\u00fcrliches Material [&hellip;]<\/p>\n","protected":false},"author":1,"featured_media":0,"parent":0,"menu_order":0,"comment_status":"closed","ping_status":"closed","template":"","meta":{"footnotes":""},"class_list":["post-4753","page","type-page","status-publish","hentry"],"meta_box":{"popseo_subtitel":"Kaduk Bauelelemente ist Ihr Fachunternehmen f\u00fcr qualitativ erstklassige Z\u00e4une in Bispingen","popseo_subtitel2":"Z\u00e4une - Beratung durch den Fachbetrieb","popseo_lasttitel":"Z\u00e4une: Wir beantworten Ihre Fragen!","popseo_region":"Bispingen","popseo_sachwort":"Z\u00e4une","popseo_noupdate":"","popseo_einleitungstext":"<p>Wenn Sie mehr wissen m\u00f6chten, informieren wir Sie n\u00e4her \u00fcber unsere Produkte und unser Aufgabenfeld. Wir zeigen Ihnen mit Vergn\u00fcgen auch ein paar Referenzen, die Ihnen einen Einblick in unsere T\u00e4tigkeit geben.<br \/>\nVertrauen Sie auf das Urteil eines erfahrenen Fachbetriebes. Rufen Sie uns doch rasch einmal an oder senden Sie uns eine schnelle E-Mail. Wir freuen uns auf Sie.<\/p>","popseo_schlusstext":"<p>Sie ben\u00f6tigen einen Spezialisten f\u00fcr moderne Sonnenschutz- und Sicherheitsl\u00f6sungen. Dann melden Sie sich am besten noch heute bei uns. Wir freuen uns auf das Gespr\u00e4ch mit Ihnen. Wenn es um Bauelemente geht, sind wir Ihr verl\u00e4sslicher Handwerks- und Handelspartner. Wir sorgen f\u00fcr hochwertige Produkte und eine sachkundig ausgef\u00fchrte Arbeit nach dem immer derzeitigen Stand der Technik.<\/p>","popseo_stadttext":"<h3>Unser Einzugsbereich umfasst auch Bispingen<\/h3>\n<p>Bispingen ist eine Einheitsgemeinde im Zentrum der L\u00fcneburger Heide. Formell geh\u00f6rt die Gemeinde zum Kreis Heidekreis. Bispingen hat etwas weniger als 6.000 Einwohner und streckt sich \u00fcber eine Fl\u00e4che von zirka 128 km\u00b2. Man erreicht man den Ort mit dem Auto \u00fcber die Bundesautobahn A7. Direkt an der Ausfahrt 43 erkennt man schon von Weitem dem Snowdome Bispingen, eine Skihalle, die sich seit 2006 gr\u00f6\u00dfter Beliebtheit erfreut<\/p>\n<p>Durch unsere Gesch\u00e4ftst\u00e4tigkeit haben wir uns einen ausgezeichneten \u00dcberblick \u00fcber die Stadtarchitektur der St\u00e4dte und Gemeinden unseres Einzugsbereiches erarbeiten k\u00f6nnen. Sie kommen aus Bispingen und sind hier im World Wide Web auf unsere Homepage gesto\u00dfen? Das finden wir toll. Gerne pr\u00e4sentieren wir Ihnen unser komplettes Leistungsspektrum und beantworten Ihre Fragen. Wir freuen uns darauf, mit Ihnen ins Gespr\u00e4ch zu treten. <\/p>\n<h3>Einige interessante Informationen \u00fcber Bispingen<\/h3>\n<p>Durch die Heideregion und den Snowdome ist die attraktive Einheitsgemeinde f\u00fcr Tagesbesucher und Touristen besonders interessant. Neben einem ausgewogenen Mix von verschiedenen Einzelhandelsgesch\u00e4ften, finden sich auch zahllose Pensionen, Hotels und Gastst\u00e4tten im Gemeindegebiet.  Bispingen ist ansonsten ein sehr familienfreundlicher Ort und bietet den B\u00fcrgern ein absolut attaktives Umfeld zum Leben und Arbeiten. Die Gemeinde Bispingen hat eine hervorragende Infrastruktur und sehr gut ausgebaute Wohngebiete. Die Einzelhausbebauung \u00fcberwiegt. Gr\u00f6\u00dfere Wohnanlagen gibt es in Bispingen nicht.<\/p>\n<h4>Hohe Qualit\u00e4t f\u00fcr Kunden aus Bispingen<\/h4>\n<p>Sie leben in Bispingen oder Umgebung und interessieren sich f\u00fcr unser Leistungsangebot. Toll, dass Sie diese Website gefunden haben. F\u00fcr R\u00fcckfragen stehen wir Ihnen jederzeit zur Verf\u00fcgung. Auf Ihre Anfragen freuen wir uns.<\/p>","popseo_zusatztext":"<h3>G\u00fcnstig und preiswert \u2013 vergleichen Sie!<\/h3>\n<p>Bauelemente m\u00fcssen gehobenen Anforderungen gerecht werden. Trotzdem mu\u00df es g\u00fcnstig und preiswert sein. Das muss absolut kein Widerspruch sein. <\/p>\n<p>Als Fachunternehmen f\u00fcr Sonnenschutz und Sicherheit verarbeiten wir ausschlie\u00dflich qualitativ hochwertige Erzeugnisse. Nichtsdestotrotz schauen wir immer auf ein gutes Preis-Leistungsverh\u00e4ltnis. Wir m\u00f6chten Ihnen Qualit\u00e4t bieten, die gleichzeitig auch g\u00fcnstig und preiswert ist. Geben Sie Ihrem Zuhause g\u00fcnstig und preiswert das besondere Mehr an Qualit\u00e4t. Markisen und Rolll\u00e4den oder andere Sonnenschutzl\u00f6sungen sehen nicht nur hervorragend aus, sie leisten auch einen bedeutsamen Beitrag zur W\u00e4rmed\u00e4mmung.  <\/p>\n<h3>G\u00fcnstig und preiswert \u2013 trotzdem individuell und schick<\/h3>\n<p>D\u00fcrfen wir Sie informieren, wie Sie g\u00fcnstig und preiswert einen optimalen Sonnenschutz f\u00fcr Ihr Zuhause realisieren? Prima, dann z\u00f6gern Sie bitte nicht und nehmen am besten gleich heute noch Verbindung mit uns auf. Ein kurzer Telefonanruf oder auch eine schnelle eMail gen\u00fcgen. Gern beraten Sie unsere gut geschulten Spezialisten \u00fcber die diversen Optionen, wie Sie Ihr Haus g\u00fcnstig und preiswert mit Rolll\u00e4den und Markisen oder anderen Sonnenschutzprodukten ausstatten. Wir freuen uns auf das Gespr\u00e4ch mit Ihnen. <\/p>\n<h4>Top-Qualit\u00e4t g\u00fcnstig und preiswert<\/h4>\n<p>Z\u00e4hlen Sie beim Thema Sonnenschutz und Sicherheit auf den Spezialisten. Nur ein Spezialbetrieb kennt die diversen Optionen, wie Sie g\u00fcnstig und preiswert, zugleich qualitativ spitze einen optimalen Sonnenschutz erreichen. Qualit\u00e4tsbewusst, g\u00fcnstig und preiswert: Wir empfehlen uns als spezialisiertes Unternehmen im Norden. Unsere langj\u00e4hrige Erfahrung zeichnet uns aus.<\/p>","popseo_links":"<a href=\"https:\/\/www.kaduk-bauelemente.de\/leistungen\/kunststofffenster-jesteburg\/\">Kunststofffenster Jesteburg<\/a>, <a href=\"https:\/\/www.kaduk-bauelemente.de\/leistungen\/rolllaeden-schwarzenbek\/\">Rolll\u00e4den Schwarzenbek<\/a>, <a href=\"https:\/\/www.kaduk-bauelemente.de\/leistungen\/kunststofffenster-winsen-luhe\/\">Kunststofffenster Winsen Luhe<\/a>, <a href=\"https:\/\/www.kaduk-bauelemente.de\/leistungen\/markisen-uelzen\/\">Markisen Uelzen<\/a>, <a href=\"https:\/\/www.kaduk-bauelemente.de\/leistungen\/holzfenster-schwarzenbek\/\">Holzfenster Schwarzenbek<\/a>, <a href=\"https:\/\/www.kaduk-bauelemente.de\/leistungen\/kunststofffenster-reinbek-glinde\/\">Kunststofffenster Reinbek Glinde<\/a>, <a href=\"https:\/\/www.kaduk-bauelemente.de\/leistungen\/zaunbau-buechen\/\">Zaunbau B\u00fcchen<\/a>, <a href=\"https:\/\/www.kaduk-bauelemente.de\/leistungen\/fliegengitter-stelle\/\">Fliegengitter Stelle<\/a>, <a href=\"https:\/\/www.kaduk-bauelemente.de\/leistungen\/aussenjalousien-boizenburg\/\">Au\u00dfenjalousien Boizenburg<\/a>, <a href=\"https:\/\/www.kaduk-bauelemente.de\/leistungen\/terrassenueberdachungen-aus-holz-salzhausen\/\">Terrassen\u00fcberdachungen aus Holz Salzhausen<\/a>, <a href=\"https:\/\/www.kaduk-bauelemente.de\/leistungen\/rolllaeden-stelle\/\">Rolll\u00e4den Stelle<\/a>, <a href=\"https:\/\/www.kaduk-bauelemente.de\/leistungen\/carports-bienenbuettel\/\">Carports Bienenb\u00fcttel<\/a>, <a href=\"https:\/\/www.kaduk-bauelemente.de\/leistungen\/terrassendaecher-aus-holz-amelinghausen\/\">Terrassend\u00e4cher aus Holz Amelinghausen<\/a>, <a href=\"https:\/\/www.kaduk-bauelemente.de\/leistungen\/aussenjalousien-reinbek-glinde\/\">Au\u00dfenjalousien Reinbek Glinde<\/a>, <a href=\"https:\/\/www.kaduk-bauelemente.de\/leistungen\/carports-jesteburg\/\">Carports Jesteburg<\/a>, <a href=\"https:\/\/www.kaduk-bauelemente.de\/leistungen\/tueren-reppenstedt\/\">T\u00fcren Reppenstedt<\/a>, <a href=\"https:\/\/www.kaduk-bauelemente.de\/leistungen\/fliegengitter-schwarzenbek\/\">Fliegengitter Schwarzenbek<\/a>, <a href=\"https:\/\/www.kaduk-bauelemente.de\/leistungen\/sektionaltore-winsen-luhe\/\">Sektionaltore Winsen Luhe<\/a>, <a href=\"https:\/\/www.kaduk-bauelemente.de\/leistungen\/fenster-amt-neuhaus\/\">Fenster Amt Neuhaus<\/a>, <a href=\"https:\/\/www.kaduk-bauelemente.de\/leistungen\/carports-stelle\/\">Carports Stelle<\/a>, <a href=\"https:\/\/www.kaduk-bauelemente.de\/leistungen\/rollladen-schwarzenbek\/\">Rollladen Schwarzenbek<\/a>, <a href=\"https:\/\/www.kaduk-bauelemente.de\/leistungen\/holzfenster-boizenburg\/\">Holzfenster Boizenburg<\/a>, <a href=\"https:\/\/www.kaduk-bauelemente.de\/leistungen\/raffstores-tostedt-sittensen\/\">Raffstores Tostedt Sittensen<\/a>, <a href=\"https:\/\/www.kaduk-bauelemente.de\/leistungen\/holzfenster-uelzen\/\">Holzfenster Uelzen<\/a>, <a href=\"https:\/\/www.kaduk-bauelemente.de\/leistungen\/markisen-boizenburg\/\">Markisen Boizenburg<\/a>, <a href=\"https:\/\/www.kaduk-bauelemente.de\/leistungen\/rolltore-bergedorf-wentorf\/\">Rolltore Bergedorf Wentorf<\/a>"},"_links":{"self":[{"href":"https:\/\/www.kaduk-bauelemente.de\/leistungen\/wp-json\/wp\/v2\/pages\/4753","targetHints":{"allow":["GET"]}}],"collection":[{"href":"https:\/\/www.kaduk-bauelemente.de\/leistungen\/wp-json\/wp\/v2\/pages"}],"about":[{"href":"https:\/\/www.kaduk-bauelemente.de\/leistungen\/wp-json\/wp\/v2\/types\/page"}],"author":[{"embeddable":true,"href":"https:\/\/www.kaduk-bauelemente.de\/leistungen\/wp-json\/wp\/v2\/users\/1"}],"replies":[{"embeddable":true,"href":"https:\/\/www.kaduk-bauelemente.de\/leistungen\/wp-json\/wp\/v2\/comments?post=4753"}],"version-history":[{"count":0,"href":"https:\/\/www.kaduk-bauelemente.de\/leistungen\/wp-json\/wp\/v2\/pages\/4753\/revisions"}],"wp:attachment":[{"href":"https:\/\/www.kaduk-bauelemente.de\/leistungen\/wp-json\/wp\/v2\/media?parent=4753"}],"curies":[{"name":"wp","href":"https:\/\/api.w.org\/{rel}","templated":true}]}}