{"id":4746,"date":"2021-08-25T12:19:46","date_gmt":"2021-08-25T10:19:46","guid":{"rendered":"https:\/\/www.kaduk-bauelemente.de\/leistungen\/zaeune-adendorf\/"},"modified":"2021-08-25T12:19:46","modified_gmt":"2021-08-25T10:19:46","slug":"zaeune-adendorf","status":"publish","type":"page","link":"https:\/\/www.kaduk-bauelemente.de\/leistungen\/zaeune-adendorf\/","title":{"rendered":"Z\u00e4une &#8211; Adendorf"},"content":{"rendered":"<h3>Wir f\u00fchren Holz-, Doppelstabmatten- und Kunststoffz\u00e4une!<\/h3>\n<p>Hochwertige Z\u00e4une und Sichtschutzw\u00e4nde z\u00e4hlen zu unseren beliebtesten Artikeln. Sch\u00f6ne Z\u00e4une sind gewisserma\u00dfen die Visitenkarte einer Immobilie. Ein attraktiver Zaun zeugt immer von Charakter, Stil und Qualit\u00e4tsanspruch. Sch\u00f6ne Z\u00e4une aus Holz sind eine optisch ansprechende, dabei hochwertige Verschmelzung aus Natur und Funktionalit\u00e4t. Nat\u00fcrliches Material ist grunds\u00e4tzlich ein Merkmal f\u00fcr einen individuellen Geschmack. Kunststoffz\u00e4une wiederum \u00fcberzeugen durch Langlebigkeit, Stabilit\u00e4t, Farbechtheit, einfache Pflege und eine gute UV-Best\u00e4ndigkeit. Doppelstabmattenz\u00e4une schlie\u00dflich sind eine gute Wahl f\u00fcr Begr\u00fcnungen, Abtrennungen und auch f\u00fcr Hundezwinger. Die notwendige Stabilit\u00e4t wird durch parallele Horizontaldr\u00e4hte gew\u00e4hrleistet. Mattenz\u00e4une sind feuerverzinkt und pulverbeschichtet. Welchen Zaun Sie auch pr\u00e4ferieren: Handwerklich korrekt gearbeitete Z\u00e4une \u00fcberzeugen durch eine sehr lange Produktlebenszeit. <\/p>\n<h3>Wir informieren Sie \u00fcber Holz-, Doppelstabmatten- und Kunststoffz\u00e4une<\/h3>\n<p>Z\u00e4une und Sichtschutzw\u00e4nde sind ein wirklich sch\u00f6nes architektonisches Detail. Der gestalterische Wert ist von durchaus gro\u00dfer Relevanz. Formsch\u00f6ne, vielleicht sogar mit besonderem Dekor versehenen Z\u00e4une werten Ihre Wohn- oder Gesch\u00e4ftsimmobilie sichtbar auf \u2013 sie verleihen einem Alt- oder Neubau ein individuelles und auff\u00e4lliges Erscheinungsbild. Aus zahllosen verschiedenartigen Materialien, Formen, Gr\u00f6\u00dfen und Farben k\u00f6nnen Sie bei uns w\u00e4hlen. Unsere Mitarbeiter informieren Sie sehr gerne \u00fcber die unterschiedlichen M\u00f6glichkeiten, die Ihnen offen stehen. Selbstverst\u00e4ndlich kommen wir auch sehr gerne zu Ihnen ins Haus. Um die M\u00f6glichkeiten f\u00fcr den Verbau von Z\u00e4unen und Sichtschutzelementen vor Ort einsch\u00e4tzen zu k\u00f6nnen, begutachten unsere Spezialisten die Begebenheiten auch unmittelbar an Ihrer Immobilie.<\/p>\n","protected":false},"excerpt":{"rendered":"<p>Wir f\u00fchren Holz-, Doppelstabmatten- und Kunststoffz\u00e4une! Hochwertige Z\u00e4une und Sichtschutzw\u00e4nde z\u00e4hlen zu unseren beliebtesten Artikeln. Sch\u00f6ne Z\u00e4une sind gewisserma\u00dfen die Visitenkarte einer Immobilie. Ein attraktiver Zaun zeugt immer von Charakter, Stil und Qualit\u00e4tsanspruch. Sch\u00f6ne Z\u00e4une aus Holz sind eine optisch ansprechende, dabei hochwertige Verschmelzung aus Natur und Funktionalit\u00e4t. Nat\u00fcrliches Material ist grunds\u00e4tzlich ein Merkmal f\u00fcr [&hellip;]<\/p>\n","protected":false},"author":1,"featured_media":0,"parent":0,"menu_order":0,"comment_status":"closed","ping_status":"closed","template":"","meta":{"footnotes":""},"class_list":["post-4746","page","type-page","status-publish","hentry"],"meta_box":{"popseo_subtitel":"Kaduk Bauelelemente ist Ihr Experte f\u00fcr hochwertige Z\u00e4une im Raum Adendorf","popseo_subtitel2":"Z\u00e4une - die Beratung \u00fcbernimmt der Fachbetrieb","popseo_lasttitel":"Z\u00e4une: Wir informieren Sie gerne auch pers\u00f6nlich!","popseo_region":"Adendorf","popseo_sachwort":"Z\u00e4une","popseo_noupdate":"","popseo_einleitungstext":"<p>Gerne informieren wir Sie n\u00e4her \u00fcber unser Produkt- und Leistungsprogramm. Wir nennen Ihnen mit Vergn\u00fcgen auch ein paar Referenzprojekte, die Ihnen einen Einblick in unsere Arbeit geben.<br \/>\nSetzen Sie auf die Expertise eines erfahrenen Fachbetriebes. Rufen Sie uns doch einfach einmal an oder schreiben Sie uns eine schnelle E-Mail. Wir freuen uns auf Sie.<\/p>","popseo_schlusstext":"<p>H\u00f6chste Anspr\u00fcche an unsere eigenen Leistungen sind f\u00fcr uns selbstverst\u00e4ndlich. Know-how, Zuverl\u00e4ssigkeit und Fachkompetenz garantieren erfolgreiche Sicherheits- und Sonnenschutzprojekte. Die Zufriedenheit unserer Kunden steht f\u00fcr uns immer im Vordergrund}. Unsere Experten freuen sich \u00fcber Ihre Kontaktaufnahme, gleichg\u00fcltig ob per Telefonanruf oder Nachricht per E-Mail.<\/p>","popseo_stadttext":"<h3>Wir freuen uns \u00fcber zufriedene Kunden aus Adendorf<\/h3>\n<p>Unser Einzugsbereich umfasst auch Adendorf. Durch unsere Gesch\u00e4ftst\u00e4tigkeit haben wir uns einen sehr guten \u00dcberblick \u00fcber die Stadtarchitektur der St\u00e4dte und Gemeinden unseres Vertriebsgebietes machen k\u00f6nnen. Wir f\u00fchlen uns der Region verpflichtet und sind stolz darauf, auch unseren Anteil zur gesunden Infrastruktur der Gemeinde beizusteuern zu d\u00fcrfen.  <\/p>\n<h3>Gute Gr\u00fcnde sprechen f\u00fcr den Wohnort Adendorf<\/h3><br \/>\nAdendorf befindet sich knapp vier Kilometer von L\u00fcneburg entfernt zwischen Illmenau und dem Elbe-Seitenkanal. Fast 11.000 Einwohner wohnen in Aldendorf auf einer Fl\u00e4che von etwa 16 km\u00b2. Die \u00d6konomie der Gemeinde wird beherrscht von kleinen und mittelst\u00e4ndischen Firmen aus den Gesch\u00e4ftsfeldern Dienstleistung und Handwerk. Erreichbar ist der Ort mit dem Auto \u00fcber die B209. Aldendorf verf\u00fcgt au\u00dferdem \u00fcber eine Zufahrt an die BAB 39. Der Personennahverkehr wird \u00fcber mehrere Buslinien sichergestellt. Das Umfeld ist ideal f\u00fcr Ausfl\u00fcge ins Gr\u00fcne. Die Baustruktur in der Region ist \u00fcberwiegend gekennzeichnet von einer h\u00fcbschen Einzelhausbebauung. In erster Line junge Familien sch\u00e4tzen das beschauliche Leben in Adendorf.<br \/>\n<h4>Hohe Qualit\u00e4t f\u00fcr Kunden aus Adendorf<\/h4>\n<p>Sie wohnen in Adendorf und interessieren sich f\u00fcr unser Leistungsangebot. Toll, dass Sie uns hier auf dieser Website entdeckt haben. F\u00fcr R\u00fcckfragen stehen wir Ihnen jederzeit zur Verf\u00fcgung. Unser freundliches Team freut sich auf Sie.<\/p>","popseo_zusatztext":"<h3>G\u00fcnstig und preiswert \u2013 trotzdem perfekte Qualit\u00e4t<\/h3>\n<p>Bauelemente m\u00fcssen hohen Erwartungen gerecht werden. Nichtsdestrotrotz mu\u00df es g\u00fcnstig und preiswert sein. Das muss absolut kein Widerspruch sein. <\/p>\n<p>Als Fachbetrieb f\u00fcr Sonnenschutz und Sicherheit verarbeiten wir nur qualitativ hochwertige Erzeugnisse. Gleichwohl achten wir stets auf ein angemessenes Preis-Leistungsverh\u00e4ltnis. Wir m\u00f6chten Ihnen Qualit\u00e4t anbieten, die trotzdem auch g\u00fcnstig und preiswert ist. Geben Sie Ihrem Haus g\u00fcnstig und preiswert das gewisse Mehr an Qualit\u00e4t. Markisen und Rolll\u00e4den oder andere Sonnenschutzl\u00f6sungen sehen nicht nur schmuck aus, sie leisten auch einen bedeutenden Beitrag zur W\u00e4rmed\u00e4mmung.  <\/p>\n<h3>G\u00fcnstig und preiswert \u2013 trotzdem individuell und schick<\/h3>\n<p>D\u00fcrfen wir Sie beraten, wie Sie g\u00fcnstig und preiswert einen optimalen Sonnenschutz f\u00fcr Ihr Heim realisieren? Super, dann warten Sie bitte nicht und nehmen am besten sofort heute noch Verbindung mit uns auf. Ein kurzer Anruf oder auch eine schnelle Email gen\u00fcgen. Sehr gerne informieren Sie unsere perfekt ausgebildeten Profis \u00fcber die diversen M\u00f6glichkeiten, wie Sie Ihr Zuhause g\u00fcnstig und preiswert mit Rolll\u00e4den und Markisen oder anderen Sonnenschutzprodukten ausstatten. Wir freuen uns auf den Austausch mit Ihnen. <\/p>\n<h4>G\u00fcnstig und preiswert \u2013 manchmal macht auch der Preis den Unterschied<\/h4>\n<p>Setzen Sie beim Thema Sonnenschutz und Sicherheit auf den Fachmann. Nur ein Fachbetrieb kennt die unterschiedlichen M\u00f6glichkeiten, wie Sie g\u00fcnstig und preiswert, gleichzeitig qualitativ h\u00f6herwertig einen optimalen Sonnenschutz verwirklichen. Qualit\u00e4tsbewusst, g\u00fcnstig und preiswert: Wir empfehlen uns als spezialisiertes Fachunternehmen im norddeutschen Raum. Unsere jahrelange Erfahrung zeichnet uns aus.<\/p>","popseo_links":"<a href=\"https:\/\/www.kaduk-bauelemente.de\/leistungen\/terrassendaecher-aus-holz-bispingen\/\">Terrassend\u00e4cher aus Holz Bispingen<\/a>, <a href=\"https:\/\/www.kaduk-bauelemente.de\/leistungen\/rolllaeden-lueneburg\/\">Rolll\u00e4den L\u00fcneburg<\/a>, <a href=\"https:\/\/www.kaduk-bauelemente.de\/leistungen\/aussenjalousien-bispingen\/\">Au\u00dfenjalousien Bispingen<\/a>, <a href=\"https:\/\/www.kaduk-bauelemente.de\/leistungen\/rolltore-bardowick\/\">Rolltore Bardowick<\/a>, <a href=\"https:\/\/www.kaduk-bauelemente.de\/leistungen\/kunststofffenster-ebstorf\/\">Kunststofffenster Ebstorf<\/a>, <a href=\"https:\/\/www.kaduk-bauelemente.de\/leistungen\/terrassendaecher-aus-aluminium-tostedt-sittensen\/\">Terrassend\u00e4cher aus Aluminium Tostedt Sittensen<\/a>, <a href=\"https:\/\/www.kaduk-bauelemente.de\/leistungen\/terrassendaecher-aus-aluminium-reppenstedt\/\">Terrassend\u00e4cher aus Aluminium Reppenstedt<\/a>, <a href=\"https:\/\/www.kaduk-bauelemente.de\/leistungen\/rollladen-jesteburg\/\">Rollladen Jesteburg<\/a>, <a href=\"https:\/\/www.kaduk-bauelemente.de\/leistungen\/holzfenster-amelinghausen\/\">Holzfenster Amelinghausen<\/a>, <a href=\"https:\/\/www.kaduk-bauelemente.de\/leistungen\/garagentore-reinbek-glinde\/\">Garagentore Reinbek Glinde<\/a>, <a href=\"https:\/\/www.kaduk-bauelemente.de\/leistungen\/kunststofffenster-reinbek-glinde\/\">Kunststofffenster Reinbek Glinde<\/a>, <a href=\"https:\/\/www.kaduk-bauelemente.de\/leistungen\/terrassenueberdachungen-aus-aluminium-reppenstedt\/\">Terrassen\u00fcberdachungen aus Aluminium Reppenstedt<\/a>, <a href=\"https:\/\/www.kaduk-bauelemente.de\/leistungen\/markisen-bispingen\/\">Markisen Bispingen<\/a>, <a href=\"https:\/\/www.kaduk-bauelemente.de\/leistungen\/rolllaeden-tostedt-sittensen\/\">Rolll\u00e4den Tostedt Sittensen<\/a>, <a href=\"https:\/\/www.kaduk-bauelemente.de\/leistungen\/fenster-amelinghausen\/\">Fenster Amelinghausen<\/a>, <a href=\"https:\/\/www.kaduk-bauelemente.de\/leistungen\/holzfenster-boizenburg\/\">Holzfenster Boizenburg<\/a>, <a href=\"https:\/\/www.kaduk-bauelemente.de\/leistungen\/aussenjalousien-bardowick\/\">Au\u00dfenjalousien Bardowick<\/a>, <a href=\"https:\/\/www.kaduk-bauelemente.de\/leistungen\/carports-amt-neuhaus\/\">Carports Amt Neuhaus<\/a>, <a href=\"https:\/\/www.kaduk-bauelemente.de\/leistungen\/rolltore-harburg\/\">Rolltore Harburg<\/a>, <a href=\"https:\/\/www.kaduk-bauelemente.de\/leistungen\/rolllaeden-ebstorf\/\">Rolll\u00e4den Ebstorf<\/a>, <a href=\"https:\/\/www.kaduk-bauelemente.de\/leistungen\/markisen-salzhausen\/\">Markisen Salzhausen<\/a>, <a href=\"https:\/\/www.kaduk-bauelemente.de\/leistungen\/zaunbau-maschen\/\">Zaunbau Maschen<\/a>, <a href=\"https:\/\/www.kaduk-bauelemente.de\/leistungen\/kunststofffenster-tostedt-sittensen\/\">Kunststofffenster Tostedt Sittensen<\/a>, <a href=\"https:\/\/www.kaduk-bauelemente.de\/leistungen\/garagentore-harburg\/\">Garagentore Harburg<\/a>, <a href=\"https:\/\/www.kaduk-bauelemente.de\/leistungen\/fliegengitter-reinbek-glinde\/\">Fliegengitter Reinbek Glinde<\/a>, <a href=\"https:\/\/www.kaduk-bauelemente.de\/leistungen\/aussenjalousien-schwarzenbek\/\">Au\u00dfenjalousien Schwarzenbek<\/a>"},"_links":{"self":[{"href":"https:\/\/www.kaduk-bauelemente.de\/leistungen\/wp-json\/wp\/v2\/pages\/4746","targetHints":{"allow":["GET"]}}],"collection":[{"href":"https:\/\/www.kaduk-bauelemente.de\/leistungen\/wp-json\/wp\/v2\/pages"}],"about":[{"href":"https:\/\/www.kaduk-bauelemente.de\/leistungen\/wp-json\/wp\/v2\/types\/page"}],"author":[{"embeddable":true,"href":"https:\/\/www.kaduk-bauelemente.de\/leistungen\/wp-json\/wp\/v2\/users\/1"}],"replies":[{"embeddable":true,"href":"https:\/\/www.kaduk-bauelemente.de\/leistungen\/wp-json\/wp\/v2\/comments?post=4746"}],"version-history":[{"count":0,"href":"https:\/\/www.kaduk-bauelemente.de\/leistungen\/wp-json\/wp\/v2\/pages\/4746\/revisions"}],"wp:attachment":[{"href":"https:\/\/www.kaduk-bauelemente.de\/leistungen\/wp-json\/wp\/v2\/media?parent=4746"}],"curies":[{"name":"wp","href":"https:\/\/api.w.org\/{rel}","templated":true}]}}