{"id":4742,"date":"2021-08-25T12:19:46","date_gmt":"2021-08-25T10:19:46","guid":{"rendered":"https:\/\/www.kaduk-bauelemente.de\/leistungen\/zaunbau-stelle\/"},"modified":"2021-08-25T12:19:46","modified_gmt":"2021-08-25T10:19:46","slug":"zaunbau-stelle","status":"publish","type":"page","link":"https:\/\/www.kaduk-bauelemente.de\/leistungen\/zaunbau-stelle\/","title":{"rendered":"Zaunbau &#8211; Stelle"},"content":{"rendered":"<h3>Wir beantworten Ihre Fragen zum Zaunbau<\/h3>\n<p>Auch beim Thema Zaunbau sind Sie bei der Firma Kaduk exakt an der richtigen Adresse. Sch\u00f6ne Z\u00e4une werten Ihre Wohn- oder Gesch\u00e4ftsimmobilie sichtbar auf \u2013 sie geben einem Alt- oder Neubau ein individuelles und auff\u00e4lliges Erscheinungsbild. Geben Sie nichts auf den Zufall. Vertrauen Sie bei der Fertigung von Z\u00e4unen auf Erfahrung und entscheiden Sie sich f\u00fcr den Experten. Ihre Vorstellungen und W\u00fcnsche stehen beim Zaunbau stets an erster Stelle. Bei uns k\u00f6nnen Sie aus zahllosen verschiedenartigen Materialien, Gr\u00f6\u00dfen, Formen und Farben ausw\u00e4hlen. Unsere Spezialisten informieren Sie mit Vergn\u00fcgen \u00fcber die verschiedenen M\u00f6glichkeiten, die sich Ihnen bieten. <\/p>\n<h3>Zaunbau ben\u00f6tigt Sachverstand und Erfahrung<\/h3>\n<p>Wir f\u00fchren den Zaunbau zuverl\u00e4ssig, schnell und immer entsprechend Ihrer pers\u00f6nlichen Pr\u00e4ferenzen aus. W\u00e4hlen Sie zwischen Holzz\u00e4unen, Kunststoffz\u00e4unen und Doppelstabsmattenz\u00e4unen. Attraktive Holzz\u00e4une sind eine optisch ansprechende, dabei erstklassige Verschmelzung aus Natur und Funktionalit\u00e4t. Naturbelassenes Material ist immer ein Merkmal f\u00fcr einen individuellen Geschmack. Kunststoffz\u00e4une wiederum \u00fcberzeugen durch Stabilit\u00e4t, Langlebigkeit, Farbechtheit, einfache Pflege und eine sehr gute UV-Best\u00e4ndigkeit. Doppelstabmattenz\u00e4une schlie\u00dflich sind eine ausgezeichnete Wahl f\u00fcr Abtrennungen, Begr\u00fcnungen sowie auch f\u00fcr Hundezwinger. Die notwendige Stabilit\u00e4t wird durch parallele Horizontaldr\u00e4hte sichergestellt. Mattenz\u00e4une sind feuerverzinkt und pulverbeschichtet. Auf welchen Zaun Ihre Wahl auch f\u00e4llt: Mit dem handwerklich korrekt ausgef\u00fchrten Zaunbau durch unsere Firme ist eine sehr lange Produktlebenszeit sichergestellt.<\/p>\n","protected":false},"excerpt":{"rendered":"<p>Wir beantworten Ihre Fragen zum Zaunbau Auch beim Thema Zaunbau sind Sie bei der Firma Kaduk exakt an der richtigen Adresse. Sch\u00f6ne Z\u00e4une werten Ihre Wohn- oder Gesch\u00e4ftsimmobilie sichtbar auf \u2013 sie geben einem Alt- oder Neubau ein individuelles und auff\u00e4lliges Erscheinungsbild. Geben Sie nichts auf den Zufall. Vertrauen Sie bei der Fertigung von Z\u00e4unen [&hellip;]<\/p>\n","protected":false},"author":1,"featured_media":0,"parent":0,"menu_order":0,"comment_status":"closed","ping_status":"closed","template":"","meta":{"footnotes":""},"class_list":["post-4742","page","type-page","status-publish","hentry"],"meta_box":{"popseo_subtitel":"Wir sind Ihr erfahrener Experte in Sachen Zaunbau im Gro\u00dfraum Stelle","popseo_subtitel2":"Zaunbau - eine Aufgabe f\u00fcr den Experten","popseo_lasttitel":"Zaunbau: Sie haben Fragen? Dann melden Sie sich bei uns","popseo_region":"Stelle","popseo_sachwort":"Zaunbau","popseo_noupdate":"","popseo_einleitungstext":"<p>Wenn es um Sicherheit und Sonnenschutz geht, sind Sie bei der Firma Dirk Kaduk Bauelemte exakt an der richtigen Adresse. Seit Firmengr\u00fcndung sind wir Ihr lokaler Fachbetrieb f\u00fcr qualitativ hochwertige Bauelemente. Zu unserem Produktsortiment z\u00e4hlen beispielsweise Terrassend\u00e4cher, Markisen, Rolltore, T\u00fcren, Au\u00dfenjalousien, Fenster, Rolll\u00e4den und Carports. Wir erledigen Reparatur- und Montagearbeiten und zeigen Ihnen M\u00f6glichkeiten auf, wie Sie Ihre Immobilie mit modernen Bauelementen ausr\u00fcsten k\u00f6nnen. Nachfolgend haben wir erste Informationen f\u00fcr Sie notiert.<\/p>","popseo_schlusstext":"<p>Gerne informieren wir Sie n\u00e4her \u00fcber unsere Produkte und unser Aufgabengebiet. Wir nennen Ihnen mit Vergn\u00fcgen auch einige Referenzprojekte, die Ihnen einen Einblick in unsere Arbeit geben.<br \/>\nWir sind f\u00fcr Sie da. Rufen Sie uns doch einfach einmal an oder schreiben Sie uns eine schnelle E-Mail. Wir freuen uns auf Ihre Kontaktaufnahme.<\/p>","popseo_stadttext":"<h3>Vor Ort in in|Dach- und Fassadensanierung in|Unsere Spezialisten kommen zu Ihnen nach} Stelle<\/h2>\n<p>Unser Einzugsgebiet umfasst auch Stelle. Durch unsere Gesch\u00e4ftst\u00e4tigkeit haben wir uns einen sehr guten \u00dcberblick \u00fcber die Architektur der St\u00e4dte und Gemeinden unseres Vertriebsgebietes machen k\u00f6nnen. Wir f\u00fchlen uns der Region verpflichtet und freuen uns dar\u00fcber, auch unseren Anteil zur ausgezeichneten Infrastruktur der Gemeinde beizusteuern zu d\u00fcrfen.  <\/p>\n<h3>Einige Informationen zur Gemeinde Stelle<\/h3>\n<p>In der zum Landkreis Harburg geh\u00f6renden Gemeinde Stelle wohnen insgesamt knapp 11.000 Anwohner auf einer Gesamtfl\u00e4che von etwa 38 km\u00b2. Direkt an Hamburg grenzend, z\u00e4hlt Stelle zum sogenannten \u201eSpeckg\u00fcrtel\u201c der Freien und Hansestadt. Die Bev\u00f6lkerungsdichte mit 288 Bewohnern pro Quadratkilometer ist ist eher knapp bemessen, was den Ort zu einer begehrten Wohngegend macht. Einige sch\u00f6ne Quartiere mit einer ansprechenden Einzelhausbebauung machen Stelle f\u00fcr viele Menschen besonders anziehend. Leben im Gr\u00fcnen, dabei die Metropole unmittelbar vor der T\u00fcr  \u2013 ein Lebensentwurf, der f\u00fcr viele Menschen von Interesse ist. Ungez\u00e4hlte Wiesen und W\u00e4lder verleihen der Gemeinde einen teilweise nahezu d\u00f6rflichen Charakter. Die lokale \u00d6konomie von Stelle ist durchzogen von kleinen und mittelst\u00e4ndigen Betrieben. <\/p>\n<p>Stelle ist f\u00fcr Pendler besonders geeignet. Wer seine Arbeitsstelle in der nahen Metropole hat, genie\u00dft das durchaus ruhige Leben in der Peripherie. Stelle verf\u00fcgt \u00fcber zahlreiche beruhigte Wohnquartiere, die von einer angenehmen Einzelhausbebauung bestimmt sind. <\/p>\n<h4>Privat- und Gesch\u00e4ftskunden aus Stelle sch\u00e4tzen unsere Leistungen!<\/h4>\n<p>Sehr gerne \u00fcbernehmen wir auch Arbeiten in Stelle und Umgebung. D\u00fcrfen wir Sie detailliert beraten? Rufen Sie uns an oder senden Sie uns eine E-Mail. Wir freuen uns, wenn wir ihnen helfen k\u00f6nnen! Das Team unseres Fachbetriebes ist eingespielt und arbeitet perfekt \u201eHand in Hand\u201c.<\/p>","popseo_zusatztext":"<h3>G\u00fcnstig und preiswert \u2013 testen Sie uns!<\/h3>\n<p>Bauelemente m\u00fcssen h\u00f6chsten Erwartungen standhalten. Nichtsdestrotrotz soll es g\u00fcnstig und preiswert sein. Das muss generell kein Widerspruch sein. <\/p>\n<p>Als Fachunternehmen f\u00fcr Sonnenschutz- und Sicherheitsl\u00f6sungen verwenden wir nur qualitativ hochwertige Erzeugnisse. Trotzdem achten wir immer auf ein passendes Preis-Leistungsverh\u00e4ltnis. Wir m\u00f6chten Ihnen Spitzenqualit\u00e4t bieten, die zugleich auch g\u00fcnstig und preiswert ist. Verleihen Sie Ihrem Haus g\u00fcnstig und preiswert das gewisse Mehr an Qualit\u00e4t. Markisen und Rolll\u00e4den oder andere Sonnenschutzl\u00f6sungen sehen nicht nur h\u00fcbsch aus, sie leisten auch einen bedeutsamen Anteil zur W\u00e4rmed\u00e4mmung.  <\/p>\n<h3>G\u00fcnstig und preiswert ohne Abstriche bei der Qualit\u00e4t<\/h3>\n<p>D\u00fcrfen wir Sie informieren, wie Sie g\u00fcnstig und preiswert einen perfekten Sonnenschutz f\u00fcr Ihr Zuhause realisieren? Klasse, dann warten Sie bitte nicht und nehmen am besten sofort heute noch Verbindung mit uns auf. Ein kurzer Telefonanruf oder auch eine schnelle Mail gen\u00fcgen. Sehr gerne informieren Sie unsere perfekt geschulten Profis \u00fcber die verschiedenen Optionen, wie Sie Ihr Zuhause g\u00fcnstig und preiswert mit Markisen und Rolll\u00e4den oder anderen Sonnenschutzprodukten versehen. Wir freuen uns auf den Austausch mit Ihnen. <\/p>\n<h4>Top-Qualit\u00e4t g\u00fcnstig und preiswert<\/h4>\n<p>Setzen Sie beim Thema Sonnenschutz und Sicherheit auf den Experten. Nur ein Fachbetrieb kennt die unterschiedlichen M\u00f6glichkeiten, wie Sie g\u00fcnstig und preiswert, gleichzeitig qualitativ spitze einen tadellosen Sonnenschutz erreichen. Qualit\u00e4tsbewusst, g\u00fcnstig und preiswert: Wir empfehlen uns als spezialisiertes Fachunternehmen im Norden. Unsere gro\u00dfe Erfahrung spricht f\u00fcr uns.<\/p>","popseo_links":"<a href=\"https:\/\/www.kaduk-bauelemente.de\/leistungen\/kunststofffenster-buechen\/\">Kunststofffenster B\u00fcchen<\/a>, <a href=\"https:\/\/www.kaduk-bauelemente.de\/leistungen\/rolllaeden-harburg\/\">Rolll\u00e4den Harburg<\/a>, <a href=\"https:\/\/www.kaduk-bauelemente.de\/leistungen\/rollladen-schwarzenbek\/\">Rollladen Schwarzenbek<\/a>, <a href=\"https:\/\/www.kaduk-bauelemente.de\/leistungen\/markisen-amt-neuhaus\/\">Markisen Amt Neuhaus<\/a>, <a href=\"https:\/\/www.kaduk-bauelemente.de\/leistungen\/tueren-buechen\/\">T\u00fcren B\u00fcchen<\/a>, <a href=\"https:\/\/www.kaduk-bauelemente.de\/leistungen\/holzfenster-bad-bevensen\/\">Holzfenster Bad Bevensen<\/a>, <a href=\"https:\/\/www.kaduk-bauelemente.de\/leistungen\/fenster-boizenburg\/\">Fenster Boizenburg<\/a>, <a href=\"https:\/\/www.kaduk-bauelemente.de\/leistungen\/haustueren-bardowick\/\">Haust\u00fcren Bardowick<\/a>, <a href=\"https:\/\/www.kaduk-bauelemente.de\/leistungen\/tueren-harburg\/\">T\u00fcren Harburg<\/a>, <a href=\"https:\/\/www.kaduk-bauelemente.de\/leistungen\/haustueren-seevetal-rosengarten\/\">Haust\u00fcren Seevetal Rosengarten<\/a>, <a href=\"https:\/\/www.kaduk-bauelemente.de\/leistungen\/fliegengitter-jesteburg\/\">Fliegengitter Jesteburg<\/a>, <a href=\"https:\/\/www.kaduk-bauelemente.de\/leistungen\/garagentore-salzhausen\/\">Garagentore Salzhausen<\/a>, <a href=\"https:\/\/www.kaduk-bauelemente.de\/leistungen\/rollladen-jesteburg\/\">Rollladen Jesteburg<\/a>, <a href=\"https:\/\/www.kaduk-bauelemente.de\/leistungen\/sektionaltore-geesthacht\/\">Sektionaltore Geesthacht<\/a>, <a href=\"https:\/\/www.kaduk-bauelemente.de\/leistungen\/rollladen-boizenburg\/\">Rollladen Boizenburg<\/a>, <a href=\"https:\/\/www.kaduk-bauelemente.de\/leistungen\/haustueren-hanstedt\/\">Haust\u00fcren Hanstedt<\/a>, <a href=\"https:\/\/www.kaduk-bauelemente.de\/leistungen\/holzfenster-harburg\/\">Holzfenster Harburg<\/a>, <a href=\"https:\/\/www.kaduk-bauelemente.de\/leistungen\/carports-amt-neuhaus\/\">Carports Amt Neuhaus<\/a>, <a href=\"https:\/\/www.kaduk-bauelemente.de\/leistungen\/fenster-winsen-luhe\/\">Fenster Winsen Luhe<\/a>, <a href=\"https:\/\/www.kaduk-bauelemente.de\/leistungen\/carports-uelzen\/\">Carports Uelzen<\/a>, <a href=\"https:\/\/www.kaduk-bauelemente.de\/leistungen\/rolltore-bergedorf-wentorf\/\">Rolltore Bergedorf Wentorf<\/a>, <a href=\"https:\/\/www.kaduk-bauelemente.de\/leistungen\/fenster-hanstedt\/\">Fenster Hanstedt<\/a>, <a href=\"https:\/\/www.kaduk-bauelemente.de\/leistungen\/rolllaeden-seevetal-rosengarten\/\">Rolll\u00e4den Seevetal Rosengarten<\/a>, <a href=\"https:\/\/www.kaduk-bauelemente.de\/leistungen\/garagentore-jesteburg\/\">Garagentore Jesteburg<\/a>, <a href=\"https:\/\/www.kaduk-bauelemente.de\/leistungen\/aussenjalousien-hanstedt\/\">Au\u00dfenjalousien Hanstedt<\/a>, <a href=\"https:\/\/www.kaduk-bauelemente.de\/leistungen\/rollladen-buchholz\/\">Rollladen Buchholz<\/a>"},"_links":{"self":[{"href":"https:\/\/www.kaduk-bauelemente.de\/leistungen\/wp-json\/wp\/v2\/pages\/4742","targetHints":{"allow":["GET"]}}],"collection":[{"href":"https:\/\/www.kaduk-bauelemente.de\/leistungen\/wp-json\/wp\/v2\/pages"}],"about":[{"href":"https:\/\/www.kaduk-bauelemente.de\/leistungen\/wp-json\/wp\/v2\/types\/page"}],"author":[{"embeddable":true,"href":"https:\/\/www.kaduk-bauelemente.de\/leistungen\/wp-json\/wp\/v2\/users\/1"}],"replies":[{"embeddable":true,"href":"https:\/\/www.kaduk-bauelemente.de\/leistungen\/wp-json\/wp\/v2\/comments?post=4742"}],"version-history":[{"count":0,"href":"https:\/\/www.kaduk-bauelemente.de\/leistungen\/wp-json\/wp\/v2\/pages\/4742\/revisions"}],"wp:attachment":[{"href":"https:\/\/www.kaduk-bauelemente.de\/leistungen\/wp-json\/wp\/v2\/media?parent=4742"}],"curies":[{"name":"wp","href":"https:\/\/api.w.org\/{rel}","templated":true}]}}