{"id":4741,"date":"2021-08-25T12:19:46","date_gmt":"2021-08-25T10:19:46","guid":{"rendered":"https:\/\/www.kaduk-bauelemente.de\/leistungen\/zaunbau-seevetal-rosengarten\/"},"modified":"2021-08-25T12:19:46","modified_gmt":"2021-08-25T10:19:46","slug":"zaunbau-seevetal-rosengarten","status":"publish","type":"page","link":"https:\/\/www.kaduk-bauelemente.de\/leistungen\/zaunbau-seevetal-rosengarten\/","title":{"rendered":"Zaunbau &#8211; Seevetal Rosengarten"},"content":{"rendered":"<h3>Wir beantworten Ihre Fragen zum Zaunbau<\/h3>\n<p>Auch beim Thema Zaunbau sind Sie bei uns genau an der richtigen Adresse. Sch\u00f6ne Z\u00e4une werten Ihre Wohn- oder Gesch\u00e4ftsimmobilie erkennbar auf \u2013 sie geben einem Alt- oder Neubau ein unverwechselbares und ganz eigenes Erscheinungsbild. \u00dcberlassen Sie nichts dem Zufall. Setzen Sie bei der Fertigung von Z\u00e4unen auf Kompetenz und entscheiden Sie sich f\u00fcr den Profi. Ihre Vorstellungen und W\u00fcnsche stehen beim Zaunbau grunds\u00e4tzlich an erster Stelle. Bei uns d\u00fcrfen Sie aus zahlreichen unterschiedlichen Materialien, Farben, Formen und Gr\u00f6\u00dfen ausw\u00e4hlen. Unsere Spezialisten informieren Sie mit Vergn\u00fcgen \u00fcber die zur Verf\u00fcgung stehenden M\u00f6glichkeiten, die sich Ihnen bieten. <\/p>\n<h3>Der Zaunbau ist eine Aufgabe f\u00fcr den Fachbetrieb<\/h3>\n<p>Wir f\u00fchren den Zaunbau zuverl\u00e4ssig, schnell und immer entsprechend Ihrer pers\u00f6nlichen Pr\u00e4ferenzen aus. W\u00e4hlen Sie zwischen Kunststoffz\u00e4unen, Holzz\u00e4unen sowie Doppelstabsmattenz\u00e4unen. Attraktive Holzz\u00e4une sind eine schmucke, gleichwohl ausgezeichnete Verschmelzung aus Funktionalit\u00e4t und Natur. Nat\u00fcrliches Material ist ganz sicher ein Ausdruck f\u00fcr einen besonderen Geschmack. Kunststoffz\u00e4une wiederum \u00fcberzeugen durch Langlebigkeit, Stabilit\u00e4t, einfache Pflege, Farbechtheit und eine sehr gute UV-Best\u00e4ndigkeit. Doppelstabmattenz\u00e4une schlie\u00dflich sind eine ausgezeichnete Wahl f\u00fcr Abtrennungen, Begr\u00fcnungen und auch f\u00fcr Hundezwinger. Die n\u00f6tige Stabilit\u00e4t wird durch parallele Horizontaldr\u00e4hte sichergestellt. Mattenz\u00e4une sind feuerverzinkt und pulverbeschichtet. Welchen Zaun Sie auch bevorzugen: Mit dem fachm\u00e4nnisch ausgef\u00fchrten Zaunbau durch unsere Firme ist eine lange Produktlebenszeit sichergestellt.<\/p>\n","protected":false},"excerpt":{"rendered":"<p>Wir beantworten Ihre Fragen zum Zaunbau Auch beim Thema Zaunbau sind Sie bei uns genau an der richtigen Adresse. Sch\u00f6ne Z\u00e4une werten Ihre Wohn- oder Gesch\u00e4ftsimmobilie erkennbar auf \u2013 sie geben einem Alt- oder Neubau ein unverwechselbares und ganz eigenes Erscheinungsbild. \u00dcberlassen Sie nichts dem Zufall. Setzen Sie bei der Fertigung von Z\u00e4unen auf Kompetenz [&hellip;]<\/p>\n","protected":false},"author":1,"featured_media":0,"parent":0,"menu_order":0,"comment_status":"closed","ping_status":"closed","template":"","meta":{"footnotes":""},"class_list":["post-4741","page","type-page","status-publish","hentry"],"meta_box":{"popseo_subtitel":"Wir sind Ihr Fachanbieter in Sachen Zaunbau im Gro\u00dfraum Seevetal Rosengarten","popseo_subtitel2":"Zaunbau - beste  Ergebnisse durch den Fachbetrieb","popseo_lasttitel":"Zaunbau: Treten Sie in Kontakt mit uns!","popseo_region":"Seevetal Rosengarten","popseo_sachwort":"Zaunbau","popseo_noupdate":"","popseo_einleitungstext":"<p>Sie wollen Ihre Immobilie mit zeitgem\u00e4\u00dfen Bauelementen ausstatten lassen und m\u00f6chten sich \u00fcber unser Produkt- und Leistungsangebot informieren? Klasse, dann sind Sie auf dieser Seite goldrichtig. Unser Produktsortiment umfasst unter anderem Rolltore, Terrassend\u00e4cher, Markisen, Fenster, Au\u00dfenjalousien, T\u00fcren, Rolll\u00e4den und Carports. Als auf Sicherheit und Sonnenschutz spezialisiertes Fachunternehmen \u00fcbernehmen wir gerne auch Montage- und Reparaturarbeiten. Erfahren Sie nachfolgend mehr \u00fcber unser Unternehmen und dessen Angebot. Ihr Interesse freut uns sehr.<\/p>","popseo_schlusstext":"<p>Wenn Sie mehr wissen m\u00f6chten, informieren wir Sie n\u00e4her \u00fcber unsere Produkte und unser Aufgabengebiet. Wir pr\u00e4sentieren Ihnen mit Vergn\u00fcgen auch einige Referenzprojekte, die Ihnen einen Einblick in unsere Unternehmenst\u00e4tigkeit geben.<br \/>\nVertrauen Sie den Spezialisten der Firma Kaduk. Rufen Sie uns doch rasch einmal an oder senden Sie uns eine schnelle E-Mail. Wir freuen uns auf den Kontakt zu Ihnen.<\/p>","popseo_stadttext":"<h3>F\u00fcr Sie da in Rosengarten und Seevetal<\/h2>\n<p>Unser Einzugsgebiet umfasst auch Rosengarten und Seevetal. Durch unsere T\u00e4tigkeit haben wir uns einen guten \u00dcberblick \u00fcber die Architektur der St\u00e4dte und Gemeinden unseres Vertriebsgebietes erarbeiten k\u00f6nnen. Wir f\u00fchlen uns der Region verpflichtet und sind stolz darauf, unseren Teil zur gesunden Infrastruktur der Gemeinden beizusteuern zu d\u00fcrfen.  <\/p>\n<h3>Wissenswertes \u00fcber Seevetal und Rosengarten<\/h3>\n<p>Die Gemeinde Seevetal liegt in s\u00fcdlicher Richtung von Hamburg im nieders\u00e4chsischen Kreis Harburg. 1972 schlossen sich insgesamt 19 ehemals selbst\u00e4ndige Gemeinden zur Gesamtgemeinde Seevetal zusammen. Durch die Fusion gilt Seevetal mit \u00fcber 42.000 Anwohnern als die gr\u00f6\u00dfte Gemeinde in Deutschland. Trotz der noch jungen Geschichte, schauen einige der ehemals eigenst\u00e4ndigen Gemeindeteile auf eine \u00e4u\u00dferst lange Tradition zur\u00fcck. Die Ortschronik von Seevetal informiert davon, dass der Ortsteil Ramelsloh bereits anno 845 zum ersten Mal urkundlich erw\u00e4hnt wurde. Die gute Bev\u00f6lkerungsentwicklung des Ortes Seevetal erkl\u00e4rt sich auch durch die verkehrstechnisch g\u00fcnstige Lage. Die N\u00e4he zur Metropole Hamburg macht Seevetal f\u00fcr Berufspendler attraktiv. Das Arbeiten in der Gro\u00dfstadt und das Leben im eher l\u00e4ndlichen Bereich, gehen in Seevetal eine gute Verbindung ein. <\/p>\n<h4>Seevetal und Rosengarten \u2013 Lebensmittelpunkt f\u00fcr junge Familien<\/h4>\n<p>Der Gewerbestandort Seevetal ist f\u00fcr zahlreiche Betrieben von au\u00dferordentlicher Anziehungskraft. Seevetal liegt zwischen f\u00fcnf Autobahnen. Die verkehrstechnisch exquisite Lage gew\u00e4hrleistet sowohl eine hervorragende Erreichbarkeit als auch einen raschen Warenumschlag. Wirtschaftsf\u00f6rderung wird in Seevetal gro\u00df geschrieben. Die Gemeinde f\u00f6rdert aktiv und unb\u00fcrokratisch die Gewerbeansiedlung. Seevetal ist Teil vom Hamburger Verkehrsverbund (HVV). Mit der Bahn erreicht man den Ortsteil Hittfeld mit dem Metronom \u00fcber die Verbindung HH-Harburg-Buchholz-Tostedt. Die zu Seevetal geh\u00f6renden Gemeindeteile Meckelfeld und Maschen sind an die Bahnlinie HH-Harburg-Winsen-L\u00fcneburg angebunden.  <\/p>\n<p>Die Region Seevetal zeichnet sich durch eine hohe Lebensqualit\u00e4t aus. Eine gute Infrastruktur macht das Leben in Seevetal speziell f\u00fcr junge Familien attraktiv. Durch die starke und wachstumsorientierte Wirtschaft in Seevetal wird von den Gemeindevertretern auch ein besonderer Schwerpunkt auf die Attraktivit\u00e4t des Wohnortes Seevetal gelegt. In den 19 Einzelgemeinden von Seevetal findet man ausreichend Baugrund f\u00fcr private Bauherren.<\/p>\n<p>\u00c4hnlich anziehend zeigt sich Rosengarten. Die Gemeinde liegt knapp rund 15 Kilometer von Seevetal entfernt. Gut 13.000 Menschen sind registriert in dem l\u00e4ndlichen Ort, der sich \u00fcber eine Fl\u00e4che von gut 63 qkm erstreckt. Rosengarten grenzt an die Hamburger Stadtteile Hausbruch, Marmstorf und Heimfeld. Das zumeist beschauliche Leben auf dem Lande verbindet sich in Rosengarten auf ideale Weise mit den Vorteilen der nahen Metropole. Seevetal und Rosengarten verf\u00fcgen \u00fcber zahlreiche idyllische Wohngebiete, die vor allem von einer angenehmen Einzelhausbebauung gepr\u00e4gt sind. <\/p>\n<h4>Wir f\u00fcr Sie in Seevetal und Rosengarten!<\/h4>\n<p>Sie wohnen in Seevetal oder Rosengarten und interessieren sich f\u00fcr unser Leistungsangebot. Prima, dass Sie uns hier auf dieser Website entdeckt haben. F\u00fcr R\u00fcckfragen stehen wir Ihnen jederzeit zur Verf\u00fcgung. Auf den Kontakt zu Ihnen freuen wir uns.<\/p>","popseo_zusatztext":"<h3>G\u00fcnstig und preiswert \u2013 Leistung vom Fachbetrieb<\/h3>\n<p>Bauelemente m\u00fcssen hohen Erwartungen standhalten. Nichtsdestrotrotz mu\u00df es g\u00fcnstig und preiswert sein. Das muss durchaus kein Widerspruch sein. <\/p>\n<p>Als Fachunternehmen f\u00fcr Sonnenschutz- und Sicherheitsl\u00f6sungen verwenden wir nur hochwertige Produkte. Trotzdem schauen wir grunds\u00e4tzlich auf ein angemessenes Preis-Leistungsverh\u00e4ltnis. Wir m\u00f6chten Ihnen Spitzenqualit\u00e4t bieten, die zugleich auch g\u00fcnstig und preiswert ist. Geben Sie Ihrem Heim g\u00fcnstig und preiswert das besondere Plus an Qualit\u00e4t. Rolll\u00e4den und Markisen oder andere Sonnenschutzl\u00f6sungen sehen nicht nur toll aus, sie leisten auch einen bedeutsamen Anteil zur W\u00e4rmed\u00e4mmung.  <\/p>\n<h3>G\u00fcnstig und preiswert ohne Abstriche bei der Qualit\u00e4t<\/h3>\n<p>D\u00fcrfen wir Sie informieren, wie Sie g\u00fcnstig und preiswert einen optimalen Sonnenschutz f\u00fcr Ihr Haus umsetzen? Toll, dann warten Sie bitte nicht und nehmen am besten gleich heute noch Kontakt mit uns auf. Ein kurzer Telefonanruf oder auch eine kurze E-Mail gen\u00fcgen. Mit Vergn\u00fcgen informieren Sie unsere perfekt ausgebildeten Profis \u00fcber die verschiedenen Optionen, wie Sie Ihr Heim g\u00fcnstig und preiswert mit Rolll\u00e4den und Markisen oder anderen Sonnenschutzprodukten ausstatten. Wir freuen uns auf das Gespr\u00e4ch mit Ihnen. <\/p>\n<h4>Hochwertige Arbeit g\u00fcnstig und preiswert<\/h4>\n<p>Vertrauen Sie beim Thema Sonnenschutz und Sicherheit auf den Spezialisten. Nur ein Spezialbetrieb kennt die diversen M\u00f6glichkeiten, wie Sie g\u00fcnstig und preiswert, zugleich qualitativ spitze einen tadellosen Sonnenschutz erreichen. Qualit\u00e4tsbewusst, g\u00fcnstig und preiswert: Wir empfehlen uns als spezialisiertes Unternehmen im norddeutschen Gebiet. Unsere gro\u00dfe Erfahrung zeichnet uns aus.<\/p>","popseo_links":"<a href=\"https:\/\/www.kaduk-bauelemente.de\/leistungen\/markisen-schwarzenbek\/\">Markisen Schwarzenbek<\/a>, <a href=\"https:\/\/www.kaduk-bauelemente.de\/leistungen\/raffstores-buchholz\/\">Raffstores Buchholz<\/a>, <a href=\"https:\/\/www.kaduk-bauelemente.de\/leistungen\/garagentore-boizenburg\/\">Garagentore Boizenburg<\/a>, <a href=\"https:\/\/www.kaduk-bauelemente.de\/leistungen\/holzfenster-hanstedt\/\">Holzfenster Hanstedt<\/a>, <a href=\"https:\/\/www.kaduk-bauelemente.de\/leistungen\/haustueren-amt-neuhaus\/\">Haust\u00fcren Amt Neuhaus<\/a>, <a href=\"https:\/\/www.kaduk-bauelemente.de\/leistungen\/terrassendaecher-aus-aluminium-geesthacht\/\">Terrassend\u00e4cher aus Aluminium Geesthacht<\/a>, <a href=\"https:\/\/www.kaduk-bauelemente.de\/leistungen\/fenster-reppenstedt\/\">Fenster Reppenstedt<\/a>, <a href=\"https:\/\/www.kaduk-bauelemente.de\/leistungen\/fenster-reinbek-glinde\/\">Fenster Reinbek Glinde<\/a>, <a href=\"https:\/\/www.kaduk-bauelemente.de\/leistungen\/kunststofffenster-jesteburg\/\">Kunststofffenster Jesteburg<\/a>, <a href=\"https:\/\/www.kaduk-bauelemente.de\/leistungen\/sektionaltore-bispingen\/\">Sektionaltore Bispingen<\/a>, <a href=\"https:\/\/www.kaduk-bauelemente.de\/leistungen\/fenster-boizenburg\/\">Fenster Boizenburg<\/a>, <a href=\"https:\/\/www.kaduk-bauelemente.de\/leistungen\/terrassendaecher-aus-aluminium-amelinghausen\/\">Terrassend\u00e4cher aus Aluminium Amelinghausen<\/a>, <a href=\"https:\/\/www.kaduk-bauelemente.de\/leistungen\/kunststofffenster-tostedt-sittensen\/\">Kunststofffenster Tostedt Sittensen<\/a>, <a href=\"https:\/\/www.kaduk-bauelemente.de\/leistungen\/garagentore-lueneburg\/\">Garagentore L\u00fcneburg<\/a>, <a href=\"https:\/\/www.kaduk-bauelemente.de\/leistungen\/insektenschutz-bergedorf-wentorf\/\">Insektenschutz Bergedorf Wentorf<\/a>, <a href=\"https:\/\/www.kaduk-bauelemente.de\/leistungen\/fliegengitter-buechen\/\">Fliegengitter B\u00fcchen<\/a>, <a href=\"https:\/\/www.kaduk-bauelemente.de\/leistungen\/sektionaltore-adendorf\/\">Sektionaltore Adendorf<\/a>, <a href=\"https:\/\/www.kaduk-bauelemente.de\/leistungen\/kunststofffenster-bad-bevensen\/\">Kunststofffenster Bad Bevensen<\/a>, <a href=\"https:\/\/www.kaduk-bauelemente.de\/leistungen\/terrassenueberdachungen-aus-aluminium-buechen\/\">Terrassen\u00fcberdachungen aus Aluminium B\u00fcchen<\/a>, <a href=\"https:\/\/www.kaduk-bauelemente.de\/leistungen\/rolltore-geesthacht\/\">Rolltore Geesthacht<\/a>, <a href=\"https:\/\/www.kaduk-bauelemente.de\/leistungen\/carports-stelle\/\">Carports Stelle<\/a>, <a href=\"https:\/\/www.kaduk-bauelemente.de\/leistungen\/rolllaeden-bad-bevensen\/\">Rolll\u00e4den Bad Bevensen<\/a>, <a href=\"https:\/\/www.kaduk-bauelemente.de\/leistungen\/haustueren-bardowick\/\">Haust\u00fcren Bardowick<\/a>, <a href=\"https:\/\/www.kaduk-bauelemente.de\/leistungen\/haustueren-stelle\/\">Haust\u00fcren Stelle<\/a>, <a href=\"https:\/\/www.kaduk-bauelemente.de\/leistungen\/terrassendaecher-aus-holz-maschen\/\">Terrassend\u00e4cher aus Holz Maschen<\/a>, <a href=\"https:\/\/www.kaduk-bauelemente.de\/leistungen\/terrassenueberdachungen-aus-holz-amelinghausen\/\">Terrassen\u00fcberdachungen aus Holz Amelinghausen<\/a>"},"_links":{"self":[{"href":"https:\/\/www.kaduk-bauelemente.de\/leistungen\/wp-json\/wp\/v2\/pages\/4741","targetHints":{"allow":["GET"]}}],"collection":[{"href":"https:\/\/www.kaduk-bauelemente.de\/leistungen\/wp-json\/wp\/v2\/pages"}],"about":[{"href":"https:\/\/www.kaduk-bauelemente.de\/leistungen\/wp-json\/wp\/v2\/types\/page"}],"author":[{"embeddable":true,"href":"https:\/\/www.kaduk-bauelemente.de\/leistungen\/wp-json\/wp\/v2\/users\/1"}],"replies":[{"embeddable":true,"href":"https:\/\/www.kaduk-bauelemente.de\/leistungen\/wp-json\/wp\/v2\/comments?post=4741"}],"version-history":[{"count":0,"href":"https:\/\/www.kaduk-bauelemente.de\/leistungen\/wp-json\/wp\/v2\/pages\/4741\/revisions"}],"wp:attachment":[{"href":"https:\/\/www.kaduk-bauelemente.de\/leistungen\/wp-json\/wp\/v2\/media?parent=4741"}],"curies":[{"name":"wp","href":"https:\/\/api.w.org\/{rel}","templated":true}]}}