{"id":4740,"date":"2021-08-25T12:19:46","date_gmt":"2021-08-25T10:19:46","guid":{"rendered":"https:\/\/www.kaduk-bauelemente.de\/leistungen\/zaunbau-schwarzenbek\/"},"modified":"2021-08-25T12:19:46","modified_gmt":"2021-08-25T10:19:46","slug":"zaunbau-schwarzenbek","status":"publish","type":"page","link":"https:\/\/www.kaduk-bauelemente.de\/leistungen\/zaunbau-schwarzenbek\/","title":{"rendered":"Zaunbau &#8211; Schwarzenbek"},"content":{"rendered":"<h3>Unser Kundenservice informiert Sie \u00fcber den Zaunbau<\/h3>\n<p>Auch beim Thema Zaunbau sind Sie bei der Firma Kaduk genau an der richtigen Adresse. Sch\u00f6ne Z\u00e4une werten Ihr Wohnhaus erkennbar auf \u2013 sie verleihen einem Alt- oder Neubau ein individuelles und auff\u00e4lliges Erscheinungsbild. \u00dcberlassen Sie nichts dem Zufall. Vertrauen Sie bei Planung und Fertigung von Z\u00e4unen auf Fachkompetenz und entscheiden Sie sich f\u00fcr den Experten. Ihre Vorstellungen und W\u00fcnsche stehen beim Zaunbau grunds\u00e4tzlich an erster Stelle. Bei uns d\u00fcrfen Sie aus zahlreichen verschiedenartigen Materialien, Formen, Farben und Gr\u00f6\u00dfen ausw\u00e4hlen. Unsere Spezialisten informieren Sie sehr gerne \u00fcber die unterschiedlichen M\u00f6glichkeiten, die Ihnen offenstehen. <\/p>\n<h3>Jahrelange Erfahrung beim Zaunbau<\/h3>\n<p>Wir f\u00fchren den Zaunbau zuverl\u00e4ssig, schnell und nat\u00fcrlich immer entsprechend Ihrer individuellen Pr\u00e4ferenzen aus. W\u00e4hlen Sie zwischen Holzz\u00e4unen, Kunststoffz\u00e4unen und Doppelstabsmattenz\u00e4unen. Attraktive Holzz\u00e4une sind eine schmuckvolle, gleicherma\u00dfen erstklassige Verbindung aus Natur und Funktionalit\u00e4t. Naturbelassenes Material ist allgemein ein Ausdruck f\u00fcr einen besonderen Geschmack. Kunststoffz\u00e4une wiederum \u00fcberzeugen durch Langlebigkeit, Stabilit\u00e4t, einfache Pflege, Farbechtheit und eine bestm\u00f6gliche UV-Best\u00e4ndigkeit. Doppelstabmattenz\u00e4une schlie\u00dflich sind eine gute Wahl f\u00fcr Begr\u00fcnungen, Abtrennungen und auch f\u00fcr Hundezwinger. Die notwendige Stabilit\u00e4t wird durch parallele Horizontaldr\u00e4hte gew\u00e4hrleistet. Mattenz\u00e4une sind feuerverzinkt und pulverbeschichtet. Auf welchen Zaun Ihre Wahl auch f\u00e4llt: Mit dem fachm\u00e4nnisch ausgef\u00fchrten Zaunbau durch unsere Firme ist eine lange Produktlebenszeit garantiert.<\/p>\n","protected":false},"excerpt":{"rendered":"<p>Unser Kundenservice informiert Sie \u00fcber den Zaunbau Auch beim Thema Zaunbau sind Sie bei der Firma Kaduk genau an der richtigen Adresse. Sch\u00f6ne Z\u00e4une werten Ihr Wohnhaus erkennbar auf \u2013 sie verleihen einem Alt- oder Neubau ein individuelles und auff\u00e4lliges Erscheinungsbild. \u00dcberlassen Sie nichts dem Zufall. Vertrauen Sie bei Planung und Fertigung von Z\u00e4unen auf [&hellip;]<\/p>\n","protected":false},"author":1,"featured_media":0,"parent":0,"menu_order":0,"comment_status":"closed","ping_status":"closed","template":"","meta":{"footnotes":""},"class_list":["post-4740","page","type-page","status-publish","hentry"],"meta_box":{"popseo_subtitel":"Kaduk Bauelemente ist Ihr erfahrener Experte in Sachen Zaunbau im Gro\u00dfraum Schwarzenbek","popseo_subtitel2":"Zaunbau - eine Aufgabe f\u00fcr den Spezialisten","popseo_lasttitel":"Zaunbau: Treten Sie in Kontakt mit uns!","popseo_region":"Schwarzenbek","popseo_sachwort":"Zaunbau","popseo_noupdate":"","popseo_einleitungstext":"<p>Sehr gerne informieren wir Sie n\u00e4her \u00fcber unsere Produkte und unser Aufgabenfeld. Wir nennen Ihnen mit Vergn\u00fcgen auch ein paar Projekte, die Ihnen einen Einblick in unsere Arbeit geben.<br \/>\nWir sind f\u00fcr Sie da. Rufen Sie uns doch rasch einmal an oder senden Sie uns eine schnelle E-Mail. Wir freuen uns auf Ihre Kontaktaufnahme.<\/p>","popseo_schlusstext":"<p>Wenn Sie einen qualifizierten Fachbetrieb f\u00fcr hochwertige Sonnenschutz- und Sicherheitsprodukte ben\u00f6tigen, sind Sie bei uns richtig. Sie m\u00f6chten mehr \u00fcber uns erfahren? Als auf Bauelemente spezialisierte Handwerksfirma sind wir f\u00fcr Ihr Vorhaben der ideale Dienstleister und freuen uns \u00fcber Ihre Kontaktaufnahme, unabh\u00e4ngig davon ob per Griff zum Telefonh\u00f6rer oder E-Mail. Worauf Sie neben unserer fachlichen Expertise setzen d\u00fcrfen: Das Expertenteam der Firma Kaduk arbeitet mit Motivation und Elan f\u00fcr Ihrer Erfolg. Wir freuen uns auf Sie!<\/p>","popseo_stadttext":"<h3>Wohn- und Gewerbestandort Schwarzenbek<\/h3>\n<p>Unser Einzugsbereich umfasst auch Schwarzenbek. Durch unsere Gesch\u00e4ftst\u00e4tigkeit haben wir uns einen guten \u00dcberblick \u00fcber die Stadtarchitektur der St\u00e4dte und Gemeinden unseres Vertriebsgebietes machen k\u00f6nnen. Wir f\u00fchlen uns der Region verpflichtet und freuen uns dar\u00fcber, auch unseren Teil zur gesunden Infrastruktur der Stadt Schwarzenbek beizusteuern zu k\u00f6nnen.  <\/p>\n<h3>Einige Informationen zur Stadt Schwarzenbek<\/h3>\n<p>Die Stadt Schwarzenbek geh\u00f6rt verwaltungstechnisch zum schleswig-holsteinischen Kreis Herzogtum Lauenburg. In Schwarzenbek leben gut 15.000 B\u00fcrger auf einer Gesamtfl\u00e4che von knapp 11 qkm. Schwarzenbek fungiert als Verwaltungssitz des Amtes Schwarzenbek-Land. Schwarzenbek begeistert insbesondere durch seine einladenen Wohnquartiere. Die Bebauung mit Ein- und Mehrfamilienh\u00e4usern dominiert in der lauenburgischen Kleinstadt ganz augenf\u00e4llig. Vielgeschossige Wohngeb\u00e4ude sind in Schwarzenbek deutlich in der Minderheit.<\/p>\n<p>Die r\u00e4umliche N\u00e4he zur Freien und Hansestadt Hamburg ist ein erheblicher Standortfaktor der Gemeinde. Lediglich knapp 35 km liegt die norddeutsche Metropole von Schwarzenbek entfernt. Viele Pendler genie\u00dfen die Vorteile von Schwarzenbek: Wer seinen Arbeitsplatz in der Gro\u00dfstadt hat, f\u00e4hrt nicht sehr lange bis zum Lebensmittelpunkt in Schwarzenbek. Das in erster Linie beschauliche Leben auf dem Lande kombiniert sich auf optimale Weise mit den Vorteilen der Gro\u00dfstadt.<br \/>\nEine hervorragende Infrastruktur macht das Leben in Schwarzenbek speziell f\u00fcr junge Familien interessant. Die Stadt ist Mitglied im Hamburger Verkehrsverbund (HVV). Mit der Bahn erreicht man Schwarzenbek \u00fcber die Strecke Hamburg-Berlin. Zum Hbf Hamburg ben\u00f6tigt man etwa 20 Minuten. <\/p>\n<h3>Schwarzenbek - lebenswert und attraktiv<\/h3>\n<p>Die Stadt Schwarzenbek wurde vor einigen Jahren mit dem sogenannten Europapreis ausgezeichnet. Die Auszeichnung wird Gemeinden verliehen, die sich sich in besonderem Ma\u00dfe f\u00fcr die Ausbreitung des europ\u00e4ischen Einigungsgedankens verdient gemacht haben. Schwarzenbek tr\u00e4gt die Auszeichnung \u201eEuropastadt\u201c mit Stolz.<br \/>\nWegen der besonderen Lage im Kreisgebiet Lauenburgs wird Schwarzenbek mitunter auch als \u201eStadt der Mitte\u201c bezeichnet. Schwarzenbek war \u00fcbrigens eine der ersten Gemeinden in in Schleswig-Holstein, die auf der Stadtbeschilderung den Namen auch auf Plattdeutsch notiert haben. Eine sch\u00f6ne Idee, die inzwischen zahlreiche Nachahmer gefunden hat. <\/p>\n<h4>Hohe Qualit\u00e4t f\u00fcr Kunden aus Schwarzenbek<\/h4>\n<p>Sehr gerne \u00fcbernehmen wir auch Arbeiten in Schwarzenbek und Umgebung. D\u00fcrfen wir Sie n\u00e4her beraten? Kontaktieren sie uns per Telefon oder schreiben Sie uns eine Mail. Wir freuen uns, wenn wir ihnen helfen k\u00f6nnen! Hand in Hand arbeitet das perfekt eingespielte Team unseres Fachbetriebes \u2013 zielorientiert und immer fachlich versiert.<\/p>","popseo_zusatztext":"<h3>Kaduk Bauelemente \u2013 Ihr Fachbetrieb f\u00fcr Sicht- und Sonnenschutz<\/h3>\n<p>Setzen Sie in Sachen Sonnenschutz und Sicherheit unbedingt auf die fachliche Leistung vom Fachbetrieb. Nur ein Fachbetrieb wei\u00df von den M\u00f6glichkeiten, wie man zu einem sehr guten Ergebnis kommt. Um sich mit Fug und Recht als Fachbetrieb bezeichnen zu d\u00fcrfen, braucht es eine anerkannte Ausbildung der Mitarbeiter und eine jahrelange Fachkenntnis.  <\/p>\n<p>Unsere Unternehmung empfiehlt sich als Ihr qualifizierter Fachbetrieb f\u00fcr Sonnenschutz und Sicherheit. Erreichen Sie Ihr Ziel und schenken Sie unserem Fachbetrieb Ihr Vertrauen. Wir bieten Ihnen beispielsweise qualitativ ausgezeichnete Rolll\u00e4den und Markisen und legen h\u00f6chsten Wert auf einen perfekten Service. Schon seit vielen Jahren sind wir sachkundiger Fachbetrieb f\u00fcr Terrassend\u00e4cher, Markisen, Rolll\u00e4den und Au\u00dfenjalousien im Raum L\u00fcneburg. Es ist uns ein Anliegen, dass Sie lange Jahre viel Freude an Ihrem Sicht und Sonnenschutz haben. Von einem Fachbetrieb d\u00fcrfen Sie ohne Frage eine absolute Top-Leistung erwarten.<\/p>\n<h3>Ein Fachbetrieb wei\u00df Rat!<\/h3>\n<p>Als Fachbetrieb darf sich ein Unternehmen bezeichnen, deren Angestellte \u00fcber dokumentierte Qualifikationen verf\u00fcgen. Dies ist zum Beispiel eine entsprechende Ausbildung oder ein Meisterbrief. Des Weiteren zeichnet eine langj\u00e4hrige praktische Erfahrung einen Fachbetrieb aus. Bereits seit vielen Jahren konzentrieren wir uns als spezialisiertes Unternehmen auf Sonnenschutz und Sicherheit von Wohn- und Gesch\u00e4ftsgeb\u00e4uden. In diesen langen Jahren haben wir uns das Attribut Fachbetrieb sicher verdient. Wir verwenden ausschlie\u00dflich hervorragende Produkte. Dabei achten wir stets auf ein faires Preis-Leistungsverh\u00e4ltnis. Unser Credo als Fachbetrieb: Wir bieten Ihnen 1a-Qualit\u00e4t zu einem erstaunlichen Preis.<\/p>","popseo_links":"<a href=\"https:\/\/www.kaduk-bauelemente.de\/leistungen\/garagentore-bad-bevensen\/\">Garagentore Bad Bevensen<\/a>, <a href=\"https:\/\/www.kaduk-bauelemente.de\/leistungen\/rolltore-geesthacht\/\">Rolltore Geesthacht<\/a>, <a href=\"https:\/\/www.kaduk-bauelemente.de\/leistungen\/terrassenueberdachungen-aus-aluminium-reppenstedt\/\">Terrassen\u00fcberdachungen aus Aluminium Reppenstedt<\/a>, <a href=\"https:\/\/www.kaduk-bauelemente.de\/leistungen\/rollladen-bardowick\/\">Rollladen Bardowick<\/a>, <a href=\"https:\/\/www.kaduk-bauelemente.de\/leistungen\/raffstores-geesthacht\/\">Raffstores Geesthacht<\/a>, <a href=\"https:\/\/www.kaduk-bauelemente.de\/leistungen\/kunststofffenster-bienenbuettel\/\">Kunststofffenster Bienenb\u00fcttel<\/a>, <a href=\"https:\/\/www.kaduk-bauelemente.de\/leistungen\/terrassenueberdachungen-aus-holz-bardowick\/\">Terrassen\u00fcberdachungen aus Holz Bardowick<\/a>, <a href=\"https:\/\/www.kaduk-bauelemente.de\/leistungen\/carports-amt-neuhaus\/\">Carports Amt Neuhaus<\/a>, <a href=\"https:\/\/www.kaduk-bauelemente.de\/leistungen\/garagentore-uelzen\/\">Garagentore Uelzen<\/a>, <a href=\"https:\/\/www.kaduk-bauelemente.de\/leistungen\/fliegengitter-ebstorf\/\">Fliegengitter Ebstorf<\/a>, <a href=\"https:\/\/www.kaduk-bauelemente.de\/leistungen\/rolllaeden-bispingen\/\">Rolll\u00e4den Bispingen<\/a>, <a href=\"https:\/\/www.kaduk-bauelemente.de\/leistungen\/raffstores-bardowick\/\">Raffstores Bardowick<\/a>, <a href=\"https:\/\/www.kaduk-bauelemente.de\/leistungen\/haustueren-stelle\/\">Haust\u00fcren Stelle<\/a>, <a href=\"https:\/\/www.kaduk-bauelemente.de\/leistungen\/terrassendaecher-aus-holz-reinbek-glinde\/\">Terrassend\u00e4cher aus Holz Reinbek Glinde<\/a>, <a href=\"https:\/\/www.kaduk-bauelemente.de\/leistungen\/terrassendaecher-aus-aluminium-salzhausen\/\">Terrassend\u00e4cher aus Aluminium Salzhausen<\/a>, <a href=\"https:\/\/www.kaduk-bauelemente.de\/leistungen\/haustueren-buchholz\/\">Haust\u00fcren Buchholz<\/a>, <a href=\"https:\/\/www.kaduk-bauelemente.de\/leistungen\/garagentore-amt-neuhaus\/\">Garagentore Amt Neuhaus<\/a>, <a href=\"https:\/\/www.kaduk-bauelemente.de\/leistungen\/terrassendaecher-aus-aluminium-buchholz\/\">Terrassend\u00e4cher aus Aluminium Buchholz<\/a>, <a href=\"https:\/\/www.kaduk-bauelemente.de\/leistungen\/terrassendaecher-aus-aluminium-adendorf\/\">Terrassend\u00e4cher aus Aluminium Adendorf<\/a>, <a href=\"https:\/\/www.kaduk-bauelemente.de\/leistungen\/terrassenueberdachungen-aus-holz-bienenbuettel\/\">Terrassen\u00fcberdachungen aus Holz Bienenb\u00fcttel<\/a>, <a href=\"https:\/\/www.kaduk-bauelemente.de\/leistungen\/holzfenster-ebstorf\/\">Holzfenster Ebstorf<\/a>, <a href=\"https:\/\/www.kaduk-bauelemente.de\/leistungen\/rolltore-seevetal-rosengarten\/\">Rolltore Seevetal Rosengarten<\/a>, <a href=\"https:\/\/www.kaduk-bauelemente.de\/leistungen\/rolllaeden-maschen\/\">Rolll\u00e4den Maschen<\/a>, <a href=\"https:\/\/www.kaduk-bauelemente.de\/leistungen\/raffstores-amt-neuhaus\/\">Raffstores Amt Neuhaus<\/a>, <a href=\"https:\/\/www.kaduk-bauelemente.de\/leistungen\/terrassenueberdachungen-aus-aluminium-bad-bevensen\/\">Terrassen\u00fcberdachungen aus Aluminium Bad Bevensen<\/a>, <a href=\"https:\/\/www.kaduk-bauelemente.de\/leistungen\/fliegengitter-bad-bevensen\/\">Fliegengitter Bad Bevensen<\/a>"},"_links":{"self":[{"href":"https:\/\/www.kaduk-bauelemente.de\/leistungen\/wp-json\/wp\/v2\/pages\/4740","targetHints":{"allow":["GET"]}}],"collection":[{"href":"https:\/\/www.kaduk-bauelemente.de\/leistungen\/wp-json\/wp\/v2\/pages"}],"about":[{"href":"https:\/\/www.kaduk-bauelemente.de\/leistungen\/wp-json\/wp\/v2\/types\/page"}],"author":[{"embeddable":true,"href":"https:\/\/www.kaduk-bauelemente.de\/leistungen\/wp-json\/wp\/v2\/users\/1"}],"replies":[{"embeddable":true,"href":"https:\/\/www.kaduk-bauelemente.de\/leistungen\/wp-json\/wp\/v2\/comments?post=4740"}],"version-history":[{"count":0,"href":"https:\/\/www.kaduk-bauelemente.de\/leistungen\/wp-json\/wp\/v2\/pages\/4740\/revisions"}],"wp:attachment":[{"href":"https:\/\/www.kaduk-bauelemente.de\/leistungen\/wp-json\/wp\/v2\/media?parent=4740"}],"curies":[{"name":"wp","href":"https:\/\/api.w.org\/{rel}","templated":true}]}}