{"id":4735,"date":"2021-08-25T12:19:46","date_gmt":"2021-08-25T10:19:46","guid":{"rendered":"https:\/\/www.kaduk-bauelemente.de\/leistungen\/zaunbau-lueneburg\/"},"modified":"2021-08-25T12:19:46","modified_gmt":"2021-08-25T10:19:46","slug":"zaunbau-lueneburg","status":"publish","type":"page","link":"https:\/\/www.kaduk-bauelemente.de\/leistungen\/zaunbau-lueneburg\/","title":{"rendered":"Zaunbau &#8211; L\u00fcneburg"},"content":{"rendered":"<h3>Wir beantworten Ihre Fragen zum Zaunbau<\/h3>\n<p>Auch beim Thema Zaunbau sind Sie bei uns genau an der richtigen Adresse. Formsch\u00f6ne, vielleicht sogar mit besonderem Dekor versehenen Z\u00e4une werten Ihr Wohn- oder Gesch\u00e4ftshaus erkennbar auf \u2013 sie verleihen einem Alt- oder Neubau ein auff\u00e4lliges und individuelles Erscheinungsbild. \u00dcberlassen Sie nichts dem Zufall. Vertrauen Sie bei der Fertigung von Z\u00e4unen auf Fachkompetenz und entscheiden Sie sich f\u00fcr den Spezialisten. Ihre W\u00fcnsche und Vorstellungen stehen beim Zaunbau stets an erster Stelle. Bei uns k\u00f6nnen Sie aus zahllosen unterschiedlichen Materialien, Farben, Formen und Gr\u00f6\u00dfen ausw\u00e4hlen. Unsere fachkundigen Experten informieren Sie gerne \u00fcber die verschiedenen M\u00f6glichkeiten, die Ihnen offenstehen. <\/p>\n<h3>Jahrelange Erfahrung beim Zaunbau<\/h3>\n<p>Wir f\u00fchren den Zaunbau schnell, zuverl\u00e4ssig und nat\u00fcrlich immer entsprechend Ihrer pers\u00f6nlichen Pr\u00e4ferenzen aus. W\u00e4hlen Sie zwischen Holzz\u00e4unen, Kunststoffz\u00e4unen und Doppelstabsmattenz\u00e4unen. Attraktive Holzz\u00e4une sind eine h\u00fcbsche, dabei erstklassige Verbindung aus Natur und Funktionalit\u00e4t. Naturbelassenes Material ist immer ein Merkmal f\u00fcr einen individuellen Geschmack. Kunststoffz\u00e4une wiederum begeistern durch Stabilit\u00e4t, Langlebigkeit, Farbechtheit, einfache Pflege und eine bestm\u00f6gliche UV-Best\u00e4ndigkeit. Doppelstabmattenz\u00e4une schlie\u00dflich sind eine ausgezeichnete Wahl f\u00fcr Begr\u00fcnungen, Abtrennungen und auch f\u00fcr Hundezwinger. Die n\u00f6tige Stabilit\u00e4t wird durch parallel gesetzte Horizontaldr\u00e4hte gew\u00e4hrleistet. Mattenz\u00e4une sind feuerverzinkt und pulverbeschichtet. Welchen Zaun Sie auch bevorzugen: Mit dem handwerklich korrekt ausgef\u00fchrten Zaunbau durch unsere Firme ist eine jahrelange Haltbarkeit gew\u00e4hrleistet.<\/p>\n","protected":false},"excerpt":{"rendered":"<p>Wir beantworten Ihre Fragen zum Zaunbau Auch beim Thema Zaunbau sind Sie bei uns genau an der richtigen Adresse. Formsch\u00f6ne, vielleicht sogar mit besonderem Dekor versehenen Z\u00e4une werten Ihr Wohn- oder Gesch\u00e4ftshaus erkennbar auf \u2013 sie verleihen einem Alt- oder Neubau ein auff\u00e4lliges und individuelles Erscheinungsbild. \u00dcberlassen Sie nichts dem Zufall. Vertrauen Sie bei der [&hellip;]<\/p>\n","protected":false},"author":1,"featured_media":0,"parent":0,"menu_order":0,"comment_status":"closed","ping_status":"closed","template":"","meta":{"footnotes":""},"class_list":["post-4735","page","type-page","status-publish","hentry"],"meta_box":{"popseo_subtitel":"Wir sind Ihr Experte in Sachen Zaunbau im Gro\u00dfraum L\u00fcneburg","popseo_subtitel2":"Zaunbau - der Profi wei\u00df wie!","popseo_lasttitel":"Zaunbau: Wir informieren Sie gerne auch pers\u00f6nlich!","popseo_region":"L\u00fcneburg","popseo_sachwort":"Zaunbau","popseo_noupdate":"","popseo_einleitungstext":"<p>Auf Wunsch informieren wir Sie n\u00e4her \u00fcber unser Produkt- und T\u00e4tigkeitsspektrum. Wir nennen Ihnen mit Vergn\u00fcgen auch einige Projekte, die Ihnen einen Einblick in unsere Firment\u00e4tigkeit geben.<br \/>\nSetzen Sie auf die Expertise eines erfahrenen Fachbetriebes. Rufen Sie uns doch einfach einmal an oder schreiben Sie uns eine schnelle E-Mail. Wir freuen uns auf Sie.<\/p>","popseo_schlusstext":"<p>Sie ben\u00f6tigen einen Fachpartner f\u00fcr hochwertige Sicherheits- und Sonnenschutzl\u00f6sungen. Dann rufen Sie uns bitte rasch an. Wir freuen uns auf das Gespr\u00e4ch mit Ihnen. Wenn es um Bauelemente geht, sind wir Ihr verl\u00e4sslicher Handwerks- und Handelspartner. Wir sorgen f\u00fcr hochwertige Produkte und eine professionell durchgef\u00fchrte Arbeit nach dem stets aktuellsten Stand der Technik.<\/p>","popseo_stadttext":"<h3>Wir sind Ihr Partner auch in L\u00fcneburg und Bleckede<\/h3>\n<p>Wir betreuen Kunden aus L\u00fcneburg und Bleckede. Durch unsere Gesch\u00e4ftst\u00e4tigkeit haben wir uns einen ausgezeichneten \u00dcberblick \u00fcber die Architektur der St\u00e4dte und Gemeinden unseres Einzugsbereiches machen k\u00f6nnen. Selbstverst\u00e4ndlich z\u00e4hlt auch Ihre Region zu unserem unmittelbaren Gesch\u00e4ftsgebiet. Wir freuen uns darauf, mit Ihnen ins Gespr\u00e4ch zu kommen. <\/p>\n<h3>Einige interessante Informationen \u00fcber L\u00fcneburg und Bleckede<\/h3>\n<p>In der knapp 40 Kilometer s\u00fcdlich von der Metropole Hamburg gelegenen Stadt L\u00fcneburg leben etwa 70.000 Einwohner. Die Stadt streckt sich \u00fcber eine Gesamtfl\u00e4che von 70 qkm. L\u00fcneburg ist Kreisstadt des Kreises L\u00fcneburg und z\u00e4hlt zur Metropolregion Hamburg. Was viele nicht wissen: L\u00fcneburg ist eine alte Hansestadt. Malerisch an der Ilmenau gelegen, erfreut sich L\u00fcneburg massiver Popularit\u00e4t bei Tagesbesuchern und Touristen. Die mehr als 300.000 \u00dcbernachtungen, welche das nieders\u00e4chsische Landesamt f\u00fcr Statistik registriert hat, sprechen eine sehr klare Sprache. Besonders besuchenswert ist der innerst\u00e4dtische Bereich von L\u00fcneburg. Viele geschichtstr\u00e4chtige Gem\u00e4uer verleihen der Stadt einen ganz und gar unverwechselbaren Charme. Bei einem Bummel durch die Altstadt von L\u00fcneburg sollte man auf alle F\u00e4lle die Kirche St. Nicolai im Wasserviertel, das Stadtschloss am Markt sowie den Stintmarkt am L\u00fcneburger Hafen besuchen. Wer ein wenig Zeit \u00fcbrig hat, macht Station in einem der zahllosen h\u00fcbschen Caf\u00e9s am Marktplatz und l\u00e4sst einfach die wunderbare Stimmung von L\u00fcneburg auf sich wirken. Die vielen Fachwerkgeb\u00e4ude geben dem st\u00e4dtischen Ensemble eine g\u00e4nzlich einmalige Aura. Die beschauliche Universit\u00e4tsstadt ist ber\u00fchmt f\u00fcr die Salzproduktion. In L\u00fcneburg liegt ein ein alter Salzstock. Dort wurde \u00fcber viel Jahrhunderte in gro\u00dfem Stile Salz gef\u00f6rdert. Das Deutsche Salzmuseum L\u00fcneburg erinnert heute an diesen historischen Teil der Stadtchronik. Dar\u00fcber hinaus ist der Stint eine ber\u00fchmte kulinarische K\u00f6stlichkeit. Dem kleinen Fisch begegnet man in L\u00fcneburg fast auf Schritt und Tritt. Bei einem Besuch der nieders\u00e4chsischen Mittelstadt sollte man ein Stint-Essen auf keinen Fall auslassen.      <\/p>\n<p>L\u00fcneburg liegt an der Schnellstra\u00dfe A39. Auch \u00fcber die Bundesstra\u00dfen B4, B209 und B216 f\u00e4hrt man schnell und bequem in die nieders\u00e4chsische Mittelstadt. Auch das Umland \u2013 u.a. Egestorf, Fleestedt, Hanstedt, Salzhausen, Bienenb\u00fcttel, Scharnebeck und Amelinghausen - ist gut angebunden. Wer mit der Bahn nach L\u00fcneburg reisen m\u00f6chte, kann dies \u00fcber die Bahnverbindung Hamburg-Hannover tun. Auch existiert eine Regionalbahnverbindung durch den Verkehrsbetrieb Metronom. Die Fahrzeit zwischen Hamburg und L\u00fcneburg betr\u00e4gt nur ca. 30 Minuten. <\/p>\n<h3>L\u00fcneburg und Bleckede: Perfekt f\u00fcr junge Familien<\/h3>\n<p>Die Stadt Bleckede liegt im nieders\u00e4chsischen Landkreis L\u00fcneburg. Bleckede z\u00e4hlt etwa 10.000 Einwohner. Das Stadtgebiet erstreckt sich \u00fcber eine Gesamtfl\u00e4che von circa 139 km\u00b2. In unmittelbarer N\u00e4he liegen die Orte Amt Neuhaus, Dahlenburg, Vastorf und Thomasburg. Zu Bleckede geh\u00f6ren insgesamt 15 Ortsteile. Die wunderbare Lage direkt an der Elbe macht Bleckede interessant f\u00fcr Tagesbesucher und Touristen. Speziell mit dem Fahrrad lohnt sich ein Ausflug in Richtung Bleckede. Der Elbradweg und der Mecklenburgische Seen-Radweg laden zum ausgedehnten Radeln ein. Kennzeichnend f\u00fcr Bleckede sind die vielen Fachwerkbauten. Per pedes l\u00e4sst sich die herrliche Architektur besonders gut bewundern. Entsprechend stolz sind die Stadtverantwortlichen von Bleckede darauf, dass der Ort Teil der Deutschen Fachwerkstra\u00dfe ist. H\u00fcbsch ist der Hafen von Bleckede. Bis heute machen viele Lastschiffe hier Station. Besucher sch\u00e4tzen dar\u00fcber hinaus den Fahrgastverkehr auf der Elbe. Ein touristischer Clou: Der historische Raddampfer Kaiser-Wilhelm legt periodisch in Bleckede an. Prima ist der Hafen auch f\u00fcr die Sportschifffahrt. Die zahlreichen Sportbootliegepl\u00e4tze zeigen die Anziehungskraft des Hafen in besonderem Ma\u00dfe. Bleckede ist bekannt f\u00fcr seine wunderbare Umgebung. Neben der schon beschriebenen Deutschen Fachwerkstra\u00dfe f\u00fchrt ebenso die Deutsche Storchenstra\u00dfe durch Bleckede. Das innerst\u00e4dtisch zu bestaunende Storchennest ist eine ganz bedeutende Attraktion. Aus Richtung L\u00fcneburg kommend, kann man au\u00dferdem auch mit einer historischen Eisenbahn nach Bleckede reisen. Die Fahrt mit dem sog. Heide-Elbe-Express ist ein echter Tipp f\u00fcr Besucher der Region.<\/p>\n<h4>Wir f\u00fcr Sie in L\u00fcneburg und Bleckede!<\/h4>\n<p>Toll, dass Sie uns hier auf dieser Website entdeckt haben. Wenn Sie eine erfahrene Fachfirma suchen, sind Sie bei uns richtig. Sie m\u00f6chten mehr \u00fcber uns erfahren? F\u00fcr R\u00fcckfragen stehen wir Ihnen jederzeit zur Verf\u00fcgung. Auf Ihre Anfragen freuen wir uns.<\/p>","popseo_zusatztext":"<h3>Gute Produkte g\u00fcnstig und preiswert<\/h3>\n<p>Bauelemente m\u00fcssen h\u00f6chsten Anspr\u00fcchen standhalten. Gleichwohl darf es g\u00fcnstig und preiswert sein. Das muss generell kein Gegensatz sein. <\/p>\n<p>Als Fachbetrieb f\u00fcr Sonnenschutz und Sicherheit verarbeiten wir nur hochwertige Erzeugnisse. Gleichwohl achten wir immer auf ein angemessenes Preis-Leistungsverh\u00e4ltnis. Wir m\u00f6chten Ihnen Qualit\u00e4t anbieten, die zugleich auch g\u00fcnstig und preiswert ist. Geben Sie Ihrem Zuhause g\u00fcnstig und preiswert das besondere Mehr an Qualit\u00e4t. Markisen und Rolll\u00e4den oder andere Sonnenschutzl\u00f6sungen sehen nicht nur schmuck aus, sie leisten auch einen wichtigen Beitrag zur W\u00e4rmed\u00e4mmung.  <\/p>\n<h3>G\u00fcnstig und preiswert \u2013 trotzdem individuell und schick<\/h3>\n<p>D\u00fcrfen wir Sie informieren, wie Sie g\u00fcnstig und preiswert einen perfekten Sonnenschutz f\u00fcr Ihr Haus verwirklichen? Super, dann warten Sie bitte nicht und nehmen am besten sofort heute noch Kontakt mit uns auf. Ein kurzer Anruf oder auch eine schnelle E-Mail gen\u00fcgen. Gerne informieren Sie unsere gut geschulten Mitarbeiter \u00fcber die unterschiedlichen M\u00f6glichkeiten, wie Sie Ihr Zuhause g\u00fcnstig und preiswert mit Rolll\u00e4den und Markisen oder anderen Sonnenschutzprodukten versehen. Wir freuen uns auf das Gespr\u00e4ch mit Ihnen. <\/p>\n<h4>Hochwertige Arbeit g\u00fcnstig und preiswert<\/h4>\n<p>Z\u00e4hlen Sie beim Thema Sonnenschutz und Sicherheit auf den Profi. Nur ein Fachbetrieb kennt die unterschiedlichen M\u00f6glichkeiten, wie Sie g\u00fcnstig und preiswert, zugleich qualitativ hochwertig einen optimalen Sonnenschutz verwirklichen. Qualit\u00e4tsbewusst, g\u00fcnstig und preiswert: Wir empfehlen uns als spezialisiertes Unternehmen im norddeutschen Raum. Unsere langj\u00e4hrige Erfahrung zeichnet uns aus.<\/p>","popseo_links":"<a href=\"https:\/\/www.kaduk-bauelemente.de\/leistungen\/rolltore-maschen\/\">Rolltore Maschen<\/a>, <a href=\"https:\/\/www.kaduk-bauelemente.de\/leistungen\/markisen-stelle\/\">Markisen Stelle<\/a>, <a href=\"https:\/\/www.kaduk-bauelemente.de\/leistungen\/markisen-boizenburg\/\">Markisen Boizenburg<\/a>, <a href=\"https:\/\/www.kaduk-bauelemente.de\/leistungen\/garagen-adendorf\/\">Garagen Adendorf<\/a>, <a href=\"https:\/\/www.kaduk-bauelemente.de\/leistungen\/fliegengitter-uelzen\/\">Fliegengitter Uelzen<\/a>, <a href=\"https:\/\/www.kaduk-bauelemente.de\/leistungen\/terrassenueberdachungen-aus-holz-salzhausen\/\">Terrassen\u00fcberdachungen aus Holz Salzhausen<\/a>, <a href=\"https:\/\/www.kaduk-bauelemente.de\/leistungen\/zaeune-adendorf\/\">Z\u00e4une Adendorf<\/a>, <a href=\"https:\/\/www.kaduk-bauelemente.de\/leistungen\/fliegengitter-hanstedt\/\">Fliegengitter Hanstedt<\/a>, <a href=\"https:\/\/www.kaduk-bauelemente.de\/leistungen\/terrassenueberdachungen-aus-aluminium-bispingen\/\">Terrassen\u00fcberdachungen aus Aluminium Bispingen<\/a>, <a href=\"https:\/\/www.kaduk-bauelemente.de\/leistungen\/markisen-adendorf\/\">Markisen Adendorf<\/a>, <a href=\"https:\/\/www.kaduk-bauelemente.de\/leistungen\/terrassendaecher-aus-aluminium-amelinghausen\/\">Terrassend\u00e4cher aus Aluminium Amelinghausen<\/a>, <a href=\"https:\/\/www.kaduk-bauelemente.de\/leistungen\/zaeune-amelinghausen\/\">Z\u00e4une Amelinghausen<\/a>, <a href=\"https:\/\/www.kaduk-bauelemente.de\/leistungen\/haustueren-hanstedt\/\">Haust\u00fcren Hanstedt<\/a>, <a href=\"https:\/\/www.kaduk-bauelemente.de\/leistungen\/terrassenueberdachungen-aus-holz-tostedt-sittensen\/\">Terrassen\u00fcberdachungen aus Holz Tostedt Sittensen<\/a>, <a href=\"https:\/\/www.kaduk-bauelemente.de\/leistungen\/rollladen-winsen-luhe\/\">Rollladen Winsen Luhe<\/a>, <a href=\"https:\/\/www.kaduk-bauelemente.de\/leistungen\/fenster-reppenstedt\/\">Fenster Reppenstedt<\/a>, <a href=\"https:\/\/www.kaduk-bauelemente.de\/leistungen\/insektenschutz-salzhausen\/\">Insektenschutz Salzhausen<\/a>, <a href=\"https:\/\/www.kaduk-bauelemente.de\/leistungen\/terrassenueberdachungen-aus-holz-reppenstedt\/\">Terrassen\u00fcberdachungen aus Holz Reppenstedt<\/a>, <a href=\"https:\/\/www.kaduk-bauelemente.de\/leistungen\/carports-bispingen\/\">Carports Bispingen<\/a>, <a href=\"https:\/\/www.kaduk-bauelemente.de\/leistungen\/insektenschutz-amelinghausen\/\">Insektenschutz Amelinghausen<\/a>, <a href=\"https:\/\/www.kaduk-bauelemente.de\/leistungen\/terrassenueberdachungen-aus-aluminium-seevetal-rosengarten\/\">Terrassen\u00fcberdachungen aus Aluminium Seevetal Rosengarten<\/a>, <a href=\"https:\/\/www.kaduk-bauelemente.de\/leistungen\/zaeune-reinbek-glinde\/\">Z\u00e4une Reinbek Glinde<\/a>, <a href=\"https:\/\/www.kaduk-bauelemente.de\/leistungen\/terrassenueberdachungen-aus-aluminium-amelinghausen\/\">Terrassen\u00fcberdachungen aus Aluminium Amelinghausen<\/a>, <a href=\"https:\/\/www.kaduk-bauelemente.de\/leistungen\/fliegengitter-boizenburg\/\">Fliegengitter Boizenburg<\/a>, <a href=\"https:\/\/www.kaduk-bauelemente.de\/leistungen\/carports-bergedorf-wentorf\/\">Carports Bergedorf Wentorf<\/a>, <a href=\"https:\/\/www.kaduk-bauelemente.de\/leistungen\/haustueren-buchholz\/\">Haust\u00fcren Buchholz<\/a>"},"_links":{"self":[{"href":"https:\/\/www.kaduk-bauelemente.de\/leistungen\/wp-json\/wp\/v2\/pages\/4735","targetHints":{"allow":["GET"]}}],"collection":[{"href":"https:\/\/www.kaduk-bauelemente.de\/leistungen\/wp-json\/wp\/v2\/pages"}],"about":[{"href":"https:\/\/www.kaduk-bauelemente.de\/leistungen\/wp-json\/wp\/v2\/types\/page"}],"author":[{"embeddable":true,"href":"https:\/\/www.kaduk-bauelemente.de\/leistungen\/wp-json\/wp\/v2\/users\/1"}],"replies":[{"embeddable":true,"href":"https:\/\/www.kaduk-bauelemente.de\/leistungen\/wp-json\/wp\/v2\/comments?post=4735"}],"version-history":[{"count":0,"href":"https:\/\/www.kaduk-bauelemente.de\/leistungen\/wp-json\/wp\/v2\/pages\/4735\/revisions"}],"wp:attachment":[{"href":"https:\/\/www.kaduk-bauelemente.de\/leistungen\/wp-json\/wp\/v2\/media?parent=4735"}],"curies":[{"name":"wp","href":"https:\/\/api.w.org\/{rel}","templated":true}]}}