{"id":4731,"date":"2021-08-25T12:19:46","date_gmt":"2021-08-25T10:19:46","guid":{"rendered":"https:\/\/www.kaduk-bauelemente.de\/leistungen\/zaunbau-hanstedt\/"},"modified":"2021-08-25T12:19:46","modified_gmt":"2021-08-25T10:19:46","slug":"zaunbau-hanstedt","status":"publish","type":"page","link":"https:\/\/www.kaduk-bauelemente.de\/leistungen\/zaunbau-hanstedt\/","title":{"rendered":"Zaunbau &#8211; Hanstedt"},"content":{"rendered":"<h3>Wir informieren Sie \u00fcber den Zaunbau<\/h3>\n<p>Auch beim Thema Zaunbau sind Sie bei der Firma Kaduk genau an der richtigen Adresse. Sch\u00f6ne Z\u00e4une werten Ihr Wohnhaus sichtbar auf \u2013 sie verleihen der Immobilie ein individuelles und elegantes Erscheinungsbild. \u00dcberlassen Sie nichts dem Zufall. Vertrauen Sie bei Planung und Fertigung von Z\u00e4unen auf Fachkenntnis und entscheiden Sie sich f\u00fcr den Profi. Ihre W\u00fcnsche und Vorstellungen stehen beim Zaunbau immer an erster Stelle. Bei uns d\u00fcrfen Sie aus vielen verschiedenen Materialien, Farben, Gr\u00f6\u00dfen und Formen ausw\u00e4hlen. Unsere Spezialisten informieren Sie sehr gerne \u00fcber die zur Verf\u00fcgung stehenden M\u00f6glichkeiten, die sich Ihnen bieten. <\/p>\n<h3>Der Zaunbau ist eine Aufgabe f\u00fcr den Fachbetrieb<\/h3>\n<p>Wir f\u00fchren den Zaunbau schnell, zuverl\u00e4ssig und nat\u00fcrlich immer entsprechend Ihrer pers\u00f6nlichen Pr\u00e4ferenzen aus. W\u00e4hlen Sie zwischen Kunststoffz\u00e4unen, Holzz\u00e4unen und Doppelstabsmattenz\u00e4unen. Attraktive Holzz\u00e4une sind eine h\u00fcbsche, dabei erstklassige Verbindung aus Natur und Funktionalit\u00e4t. Nat\u00fcrliches Material ist ganz sicher ein Merkmal f\u00fcr einen individuellen Geschmack. Kunststoffz\u00e4une wiederum begeistern durch Stabilit\u00e4t, Langlebigkeit, Farbechtheit, einfache Pflege und eine hervorragende UV-Best\u00e4ndigkeit. Doppelstabmattenz\u00e4une schlie\u00dflich sind eine gute Wahl f\u00fcr Begr\u00fcnungen, Abtrennungen und auch f\u00fcr Hundezwinger. Die notwendige Stabilit\u00e4t wird durch parallele Horizontaldr\u00e4hte gew\u00e4hrleistet. Mattenz\u00e4une sind feuerverzinkt und pulverbeschichtet. Welchen Zaun Sie auch bevorzugen: Mit dem fachm\u00e4nnisch ausgef\u00fchrten Zaunbau durch unsere Firme ist eine lange Haltbarkeit gew\u00e4hrleistet.<\/p>\n","protected":false},"excerpt":{"rendered":"<p>Wir informieren Sie \u00fcber den Zaunbau Auch beim Thema Zaunbau sind Sie bei der Firma Kaduk genau an der richtigen Adresse. Sch\u00f6ne Z\u00e4une werten Ihr Wohnhaus sichtbar auf \u2013 sie verleihen der Immobilie ein individuelles und elegantes Erscheinungsbild. \u00dcberlassen Sie nichts dem Zufall. Vertrauen Sie bei Planung und Fertigung von Z\u00e4unen auf Fachkenntnis und entscheiden [&hellip;]<\/p>\n","protected":false},"author":1,"featured_media":0,"parent":0,"menu_order":0,"comment_status":"closed","ping_status":"closed","template":"","meta":{"footnotes":""},"class_list":["post-4731","page","type-page","status-publish","hentry"],"meta_box":{"popseo_subtitel":"Kaduk Bauelemente ist Ihr erfahrener Experte in Sachen Zaunbau im Gro\u00dfraum Hanstedt","popseo_subtitel2":"Zaunbau - eine Aufgabe f\u00fcr den Experten","popseo_lasttitel":"Zaunbau: F\u00fcr weitere Informationen sprechen Sie uns bitte an","popseo_region":"Hanstedt","popseo_sachwort":"Zaunbau","popseo_noupdate":"","popseo_einleitungstext":"<p>Die Firma Dirk Kaduk Bauelemente ist Ihr erfahrener und qualifizierter Fachbetrieb f\u00fcr Sicherheit und Sonnenschutz im Norden. Mit unserem Unternehmensstandort in Adendorf bei L\u00fcneburg decken wir ein fl\u00e4chenm\u00e4\u00dfig gro\u00dfes Gebiet ab. Bei uns finden Sie qualitativ hochwertige Bauelemente in gro\u00dfer Auswahl. Zu unserem Produktangebot geh\u00f6ren unter anderem Fenster, Au\u00dfenjalousien, T\u00fcren, Rolltore, Terrassend\u00e4cher, Markisen, Carports und Rolll\u00e4den. Nat\u00fcrlich erledigen wir auch alle damit verbundenen Montage- und Reparaturarbeiten f\u00fcr Sie. Auf unserer Website finden Sie unser gesamtes Produkt- und Dienstleistungsangebot detailliert beschrieben. Kompetent und sachgerecht beraten wir Sie \u00fcber Ihre M\u00f6glichkeiten und f\u00fchren alle anfallenden Arbeiten mit Sachverstand und gewissenhaft aus - so wie Sie es von einem kompetenten Fachbetrieb erwarten k\u00f6nnen.<\/p>","popseo_schlusstext":"<p>Auf Wunsch informieren wir Sie n\u00e4her \u00fcber unser Produkt- und Leistungsprogramm. Wir nennen Ihnen mit Vergn\u00fcgen auch ein paar Referenzprojekte, die Ihnen einen Einblick in unsere Arbeit geben.<br \/>\nSetzen Sie auf die Expertise eines erfahrenen Fachbetriebes. Rufen Sie uns doch einfach einmal an oder schicken Sie uns eine kurze E-Mail. Wir freuen uns auf den Kontakt zu Ihnen.<\/p>","popseo_stadttext":"<h3>Unser Wirkungskreis umfasst auch Hanstedt (Harburg)<\/h3>\n<p>Sie kommen aus Hanstedt (Harburg) und sind hier im World Wide Web auf unsere Website gesto\u00dfen? Das finden wir toll. Sehr gerne pr\u00e4sentieren wir Ihnen unser komplettes Leistungsspektrum und beantworten Ihre Fragen. Durch unsere Gesch\u00e4ftst\u00e4tigkeit haben wir uns einen sehr guten \u00dcberblick \u00fcber die Architektur der Gemeinden und St\u00e4dte unseres Einzugsbereiches erarbeiten k\u00f6nnen. Nat\u00fcrlich z\u00e4hlt auch Hanstedt (Harburg) unserem unmittelbaren Gesch\u00e4ftsgebiet. Wir freuen uns darauf, mit Ihnen ins Gespr\u00e4ch zu treten. <\/p>\n<h3>Einige Informationen zur Gemeinde Hanstedt (Harburg)<\/h3>\n<p>Knapp 5.800 Anwohner z\u00e4hlt Hanstedt (Harburg). Das Gemeindegebiet umfasst ein Areal von etwa 59 qkm. Die \u00d6konomie von Hanstedt profitiert von der verkehrstechnisch ausgezeichneten Lage in der L\u00fcneburger Heide. Insbesondere f\u00fcr die mittelst\u00e4ndischen Betriebe zeigt sich die Zentralit\u00e4t des Ortes als Wachstumsmotor. Wirtschaftlich betrachtet wird Hanstedt vor allem durch mittelst\u00e4ndische Betriebe aus den Bereichen Handwerk und Dienstleistung gepr\u00e4gt. Diese Wirtschaftbereiche sind ausgesprochen prominent vertreten. Des Weiteren wurde der Fremdenverkehr zu einem wichtigen Standbein der \u00f6rtlichen Wirtschaft. Erholungssuchende finden in Hanstedt (Harburg) viele M\u00f6glichkeiten zum Wandern und f\u00fcr Fahrradtouren. Speziell die ausdehnten Heidefl\u00e4chen des Naturparks L\u00fcneburger Heide und die Hanstedter Berge ziehen zahlose Touristen und Tagesbesucher in die Region. <\/p>\n<p>Hanstedt (Harburg) ist ein familiengerechter Ort. Die Gemeinde besitzt eine ausgezeichnete Infrastruktur. Formell z\u00e4hlt Hanstedt zum Landkreis Harburg.<\/p>\n<h4>Wir f\u00fcr Sie in Hanstedt (Harburg)!<\/h4>\n<p>Das Leben in Hanstedt (Harburg) ist romantisch. Die Gemeinde verf\u00fcgt \u00fcber zahlreiche idyllische Wohnviertel, die insbesondere von einer typischen Einzelhausbebauung gepr\u00e4gt sind. Sie interessieren sich f\u00fcr unser Angebot und haben deshalb unsere Website besucht? Das freut uns sehr. Unser engagiertes Spezialistenteam nimmt gerne Ihren Anruf entgegen oder beantwortet Ihre E-Mail.<\/p>","popseo_zusatztext":"<h3>Kaduk Bauelemente ist Ihr Fachbetrieb in Sachen Sicht- und Sonnenschutz<\/h3>\n<p>Vertrauen Sie bei Sonnenschutz und Sicherheit unbedingt auf die sachspezifische Leistung vom Fachbetrieb. Nur ein Fachbetrieb kennt die Tipps und Tricks, wie man zu einem hervorragenden Ergebnis kommt. Um sich mit Fug und Recht als Fachbetrieb zu titulieren, braucht es eine qualifizierte Ausbildung der Mitarbeiter und eine langj\u00e4hrige Fachkenntnis.  <\/p>\n<p>Unser Betrieb empfiehlt sich als Ihr erfahrener Fachbetrieb f\u00fcr Sicherheit und Sonnenschutz. Setzen Sie auf Qualit\u00e4t und schenken Sie unserem Fachbetrieb Ihr Vertrauen. Wir bieten Ihnen z.B. hochwertige Markisen und Rolll\u00e4den und legen massiv Wert auf einen sehr guten Service. Schon seit vielen Jahren sind wir spezialisierter Fachbetrieb f\u00fcr Rolll\u00e4den, Markisen, Terrassend\u00e4cher und Au\u00dfenjalousien im Raum L\u00fcneburg. Es ist uns wichtig, dass Sie dauerhaft viel Freude an Ihrem Sicht und Sonnenschutz haben. Von einem Fachbetrieb d\u00fcrfen Sie ohne Frage eine fehlerfreie Top-Leistung erwarten.<\/p>\n<h3>Dirk Kaduk Bauelemente \u2013 Ihr Fachbetrieb f\u00fcr Sicherheit und Sonnenschutz<\/h3>\n<p>Als Fachbetrieb darf sich eine Firma bezeichnen, deren Mitarbeiter \u00fcber dokumentierte Qualifikationen verf\u00fcgen. Dies ist z.B. eine entsprechende Ausbildung oder ein Meisterbrief. Auch zeichnet eine intensive praktische Erfahrung einen Fachbetrieb aus. Bereits seit vielen Jahren konzentrieren wir uns als spezialisiertes Unternehmen auf Sonnenschutz und Sicherheit von Wohn- und Gesch\u00e4ftsgeb\u00e4uden. In diesen langen Jahren haben wir uns das Attribut Fachbetrieb ganz sicher verdient. Wir verarbeiten lediglich qualitativ hochwertige Produkte. Dabei achten wir immer auf ein faires Preis-Leistungsverh\u00e4ltnis. Unser Credo als Fachbetrieb: Wir bieten Ihnen beste Qualit\u00e4t zu einem fairen Preis.<\/p>","popseo_links":"<a href=\"https:\/\/www.kaduk-bauelemente.de\/leistungen\/garagen-reinbek-glinde\/\">Garagen Reinbek Glinde<\/a>, <a href=\"https:\/\/www.kaduk-bauelemente.de\/leistungen\/terrassenueberdachungen-aus-holz-hanstedt\/\">Terrassen\u00fcberdachungen aus Holz Hanstedt<\/a>, <a href=\"https:\/\/www.kaduk-bauelemente.de\/leistungen\/rolllaeden-ebstorf\/\">Rolll\u00e4den Ebstorf<\/a>, <a href=\"https:\/\/www.kaduk-bauelemente.de\/leistungen\/aussenjalousien-buechen\/\">Au\u00dfenjalousien B\u00fcchen<\/a>, <a href=\"https:\/\/www.kaduk-bauelemente.de\/leistungen\/raffstores-harburg\/\">Raffstores Harburg<\/a>, <a href=\"https:\/\/www.kaduk-bauelemente.de\/leistungen\/fenster-jesteburg\/\">Fenster Jesteburg<\/a>, <a href=\"https:\/\/www.kaduk-bauelemente.de\/leistungen\/garagen-bad-bevensen\/\">Garagen Bad Bevensen<\/a>, <a href=\"https:\/\/www.kaduk-bauelemente.de\/leistungen\/raffstores-boizenburg\/\">Raffstores Boizenburg<\/a>, <a href=\"https:\/\/www.kaduk-bauelemente.de\/leistungen\/rolltore-bergedorf-wentorf\/\">Rolltore Bergedorf Wentorf<\/a>, <a href=\"https:\/\/www.kaduk-bauelemente.de\/leistungen\/terrassenueberdachungen-aus-holz-geesthacht\/\">Terrassen\u00fcberdachungen aus Holz Geesthacht<\/a>, <a href=\"https:\/\/www.kaduk-bauelemente.de\/leistungen\/fliegengitter-boizenburg\/\">Fliegengitter Boizenburg<\/a>, <a href=\"https:\/\/www.kaduk-bauelemente.de\/leistungen\/haustueren-ebstorf\/\">Haust\u00fcren Ebstorf<\/a>, <a href=\"https:\/\/www.kaduk-bauelemente.de\/leistungen\/tueren-hanstedt\/\">T\u00fcren Hanstedt<\/a>, <a href=\"https:\/\/www.kaduk-bauelemente.de\/leistungen\/garagen-reppenstedt\/\">Garagen Reppenstedt<\/a>, <a href=\"https:\/\/www.kaduk-bauelemente.de\/leistungen\/terrassendaecher-aus-holz-bienenbuettel\/\">Terrassend\u00e4cher aus Holz Bienenb\u00fcttel<\/a>, <a href=\"https:\/\/www.kaduk-bauelemente.de\/leistungen\/terrassenueberdachungen-aus-aluminium-herzogtum-lauenburg\/\">Terrassen\u00fcberdachungen aus Aluminium Herzogtum Lauenburg<\/a>, <a href=\"https:\/\/www.kaduk-bauelemente.de\/leistungen\/holzfenster-lueneburg\/\">Holzfenster L\u00fcneburg<\/a>, <a href=\"https:\/\/www.kaduk-bauelemente.de\/leistungen\/garagen-herzogtum-lauenburg\/\">Garagen Herzogtum Lauenburg<\/a>, <a href=\"https:\/\/www.kaduk-bauelemente.de\/leistungen\/haustueren-herzogtum-lauenburg\/\">Haust\u00fcren Herzogtum Lauenburg<\/a>, <a href=\"https:\/\/www.kaduk-bauelemente.de\/leistungen\/insektenschutz-bad-bevensen\/\">Insektenschutz Bad Bevensen<\/a>, <a href=\"https:\/\/www.kaduk-bauelemente.de\/leistungen\/terrassendaecher-aus-aluminium-tostedt-sittensen\/\">Terrassend\u00e4cher aus Aluminium Tostedt Sittensen<\/a>, <a href=\"https:\/\/www.kaduk-bauelemente.de\/leistungen\/markisen-reppenstedt\/\">Markisen Reppenstedt<\/a>, <a href=\"https:\/\/www.kaduk-bauelemente.de\/leistungen\/insektenschutz-hanstedt\/\">Insektenschutz Hanstedt<\/a>, <a href=\"https:\/\/www.kaduk-bauelemente.de\/leistungen\/kunststofffenster-bad-bevensen\/\">Kunststofffenster Bad Bevensen<\/a>, <a href=\"https:\/\/www.kaduk-bauelemente.de\/leistungen\/terrassendaecher-aus-holz-bardowick\/\">Terrassend\u00e4cher aus Holz Bardowick<\/a>, <a href=\"https:\/\/www.kaduk-bauelemente.de\/leistungen\/fenster-bienenbuettel\/\">Fenster Bienenb\u00fcttel<\/a>"},"_links":{"self":[{"href":"https:\/\/www.kaduk-bauelemente.de\/leistungen\/wp-json\/wp\/v2\/pages\/4731","targetHints":{"allow":["GET"]}}],"collection":[{"href":"https:\/\/www.kaduk-bauelemente.de\/leistungen\/wp-json\/wp\/v2\/pages"}],"about":[{"href":"https:\/\/www.kaduk-bauelemente.de\/leistungen\/wp-json\/wp\/v2\/types\/page"}],"author":[{"embeddable":true,"href":"https:\/\/www.kaduk-bauelemente.de\/leistungen\/wp-json\/wp\/v2\/users\/1"}],"replies":[{"embeddable":true,"href":"https:\/\/www.kaduk-bauelemente.de\/leistungen\/wp-json\/wp\/v2\/comments?post=4731"}],"version-history":[{"count":0,"href":"https:\/\/www.kaduk-bauelemente.de\/leistungen\/wp-json\/wp\/v2\/pages\/4731\/revisions"}],"wp:attachment":[{"href":"https:\/\/www.kaduk-bauelemente.de\/leistungen\/wp-json\/wp\/v2\/media?parent=4731"}],"curies":[{"name":"wp","href":"https:\/\/api.w.org\/{rel}","templated":true}]}}