{"id":4727,"date":"2021-08-25T12:19:36","date_gmt":"2021-08-25T10:19:36","guid":{"rendered":"https:\/\/www.kaduk-bauelemente.de\/leistungen\/zaunbau-buchholz\/"},"modified":"2021-08-25T12:19:36","modified_gmt":"2021-08-25T10:19:36","slug":"zaunbau-buchholz","status":"publish","type":"page","link":"https:\/\/www.kaduk-bauelemente.de\/leistungen\/zaunbau-buchholz\/","title":{"rendered":"Zaunbau &#8211; Buchholz"},"content":{"rendered":"<h3>Zaunbau &#8211; wir beraten Sie gerne<\/h3>\n<p>Auch beim Thema Zaunbau sind Sie bei der Firma Kaduk genau an der richtigen Adresse. attraktive Z\u00e4une werten Ihr Wohnhaus erkennbar auf \u2013 sie verleihen einem Alt- oder Neubau ein individuelles und elegantes Erscheinungsbild. \u00dcberlassen Sie nichts dem Zufall. Setzen Sie bei Planung und Fertigung von Z\u00e4unen auf Fachkenntnis und entscheiden Sie sich f\u00fcr den Experten. Ihre W\u00fcnsche und Vorstellungen stehen beim Zaunbau immer an erster Stelle. Bei uns d\u00fcrfen Sie aus vielen verschiedenartigen Materialien, Gr\u00f6\u00dfen, Farben und Formen ausw\u00e4hlen. Unsere fachkundigen Experten informieren Sie sehr gerne \u00fcber die unterschiedlichen M\u00f6glichkeiten, die sich Ihnen bieten. <\/p>\n<h3>Jahrelange Erfahrung beim Zaunbau<\/h3>\n<p>Wir f\u00fchren den Zaunbau zuverl\u00e4ssig, schnell und nat\u00fcrlich immer entsprechend Ihrer individuellen Pr\u00e4ferenzen aus. W\u00e4hlen Sie zwischen Holzz\u00e4unen, Kunststoffz\u00e4unen und Doppelstabsmattenz\u00e4unen. Sch\u00f6ne Holzz\u00e4une sind eine optisch ansprechende, gleicherma\u00dfen hochwertige Verschmelzung aus Funktionalit\u00e4t und Natur. Naturbelassenes Material ist fraglos ein Ausdruck f\u00fcr einen individuellen Geschmack. Kunststoffz\u00e4une wiederum begeistern durch Stabilit\u00e4t, Langlebigkeit, einfache Pflege, Farbechtheit und eine hervorragende UV-Best\u00e4ndigkeit. Doppelstabmattenz\u00e4une schlie\u00dflich sind eine ausgezeichnete Wahl f\u00fcr Abtrennungen, Begr\u00fcnungen und auch f\u00fcr Hundezwinger. Die notwendige Stabilit\u00e4t wird durch parallel verlaufende Horizontaldr\u00e4hte gew\u00e4hrleistet. Mattenz\u00e4une sind feuerverzinkt und pulverbeschichtet. Welchen Zaun Sie auch bevorzugen: Mit dem fachm\u00e4nnisch ausgef\u00fchrten Zaunbau durch unsere Firme ist eine sehr lange Produktlebenszeit gew\u00e4hrleistet.<\/p>\n","protected":false},"excerpt":{"rendered":"<p>Zaunbau &#8211; wir beraten Sie gerne Auch beim Thema Zaunbau sind Sie bei der Firma Kaduk genau an der richtigen Adresse. attraktive Z\u00e4une werten Ihr Wohnhaus erkennbar auf \u2013 sie verleihen einem Alt- oder Neubau ein individuelles und elegantes Erscheinungsbild. \u00dcberlassen Sie nichts dem Zufall. Setzen Sie bei Planung und Fertigung von Z\u00e4unen auf Fachkenntnis [&hellip;]<\/p>\n","protected":false},"author":1,"featured_media":0,"parent":0,"menu_order":0,"comment_status":"closed","ping_status":"closed","template":"","meta":{"footnotes":""},"class_list":["post-4727","page","type-page","status-publish","hentry"],"meta_box":{"popseo_subtitel":"Kaduk Bauelemente ist Ihr erfahrener Fachbetrieb in Sachen Zaunbau im Raum Buchholz","popseo_subtitel2":"Zaunbau - eine Aufgabe f\u00fcr die Spezialisten der Firma Kaduk","popseo_lasttitel":"Zaunbau: D\u00fcrfen wir Ihre Fragen beantworten?","popseo_region":"Buchholz","popseo_sachwort":"Zaunbau","popseo_noupdate":"","popseo_einleitungstext":"<p>Wenn es um Sonnenschutz und Sicherheit geht, sind Sie bei der Firma Kaduk exakt an der richtigen Adresse. Seit Unternehmensgr\u00fcndung sind wir Ihre lokalen Spezialisten f\u00fcr hochwertige Bauelemente. Zu unserem Produktangebot geh\u00f6ren beispielsweise Rolltore, Markisen, Terrassend\u00e4cher, T\u00fcren, Fenster, Au\u00dfenjalousien, Carports und Rolll\u00e4den. Unsere Fachleute \u00fcbernehmen Montage- und Reparaturarbeiten und zeigen Ihnen Wege auf, wie Sie Ihre Wohn- oder Gesch\u00e4ftsgeb\u00e4ude mit zeitgem\u00e4\u00dfen Bauelementen ausstatten k\u00f6nnen. Auf diesen Seiten haben wir einige erste Informationen f\u00fcr Sie zusammengetragen.<\/p>","popseo_schlusstext":"<p>Sie ben\u00f6tigen einen Profi f\u00fcr moderne Sonnenschutz- und Sicherheitsl\u00f6sungen. Dann melden Sie sich am besten noch heute bei uns. Wir freuen uns auf das Gespr\u00e4ch mit Ihnen. Wenn es um Bauelemente geht, sind wir Ihr kompetenter Handwerks- und Handelspartner. Wir sorgen f\u00fcr hochwertige Produkte und eine fachm\u00e4nnisch durchgef\u00fchrte Arbeit nach dem jeweils derzeitigen Stand der Technik.<\/p>","popseo_stadttext":"<h3>Zu Ihren Diensten in Buchholz i.d. Nordheide<\/h3>\n<p>Buchholz geh\u00f6rt zum nieders\u00e4chsischen Landkreis Harburg und befindet sich in der Nordheide. Um Verwechslungen mit anderen St\u00e4dten zu verhindern, tr\u00e4gt die Stadt Buchholz beh\u00f6rtlich die Namenserweiterung \"Buchholz in der Nordheide\". Durch unsere Gesch\u00e4ftst\u00e4tigkeit haben wir uns einen ausgezeichneten \u00dcberblick \u00fcber die Stadtarchitektur der Gemeinden und St\u00e4dte unseres Einzugsbereiches erarbeiten k\u00f6nnen. Selbstverst\u00e4ndlich geh\u00f6rt auch Buchholz i.d. Nordheide zu unserem unmittelbaren Wirkungskreis. Wir freuen uns darauf, mit Ihnen in Kontakt zu treten. <\/p>\n<h3>Einige Details zu Buchholz i.d. Nordheide<\/h3>\n<p>Buchholz ist eine g\u00fcnstig gelegene Stadt. Bis in die Freie und Hansestadt Hamburg sind es gerade einmal 20 Kilometer. Entsprechend viele Berufspendler leben in Buchholz. Wer seine Arbeitsst\u00e4tte in Hamburg hat, dennoch eine eher weniger hektische Wohnlage bevorzugt, hat es in Buchholz ausgezeichnet getroffen. Der sch\u00f6ne und beschauliche Ort bietet ein wirklich attraktives Lebensumfeld. <\/p>\n<p>Alles in allem leben rund 37.000 B\u00fcrger in Buchholz. Stadt und Umkreis erstrecken sich \u00fcber eine Fl\u00e4che von circa 75 Quadratkilometer. Buchholz gliedert sich in insgesamt sechs Ortsteile. Eine kleine Eigenheit von Buchholz: Jeder Ortsteil hat einen eigenen Ortsb\u00fcrgermeister.<\/p>\n<h3>Wir kennen uns aus in Buchholz<\/h3>\n<p>Trotz der r\u00e4umlichen N\u00e4he zur Gro\u00dfstadt Hamburg, verf\u00fcgt Buchholz \u00fcber ein reges Wirtschaftsleben, welches sich auf insgesamt drei Gewerbegebiete aufteilt. Gro\u00dfe Einzelhandelsbetriebe wie etwa M\u00f6bel Kraft oder Media Markt f\u00fchren in Buchholz Filialen. Beherrscht wird die Wirtschaft von Buchholz sonst von mittelst\u00e4ndischen Betrieben aus den Gesch\u00e4ftsfeldern Gro\u00dfhandel und Dienstleistung. Des Weiteren finden sich in Buchholz viele Autoh\u00e4user. \u00dcber die Autobahnabfahrt Dibbersen ist Buchholz an die Autobahn A1 angeschlossen. Das Buchholzer Dreieck stellt dar\u00fcber hinaus eine Autobahnverbindung mit der A7 her. Ebenso erreicht man Buchholz mit dem Wagen auch leicht \u00fcber die Bundesstra\u00dfe 75. Wer mit der Bahn nach Buchholz reist, nutzt die Strecke Hamburg-Bremen. Das Verkehrsunternehmen Metronom f\u00e4hrt Buchholz \u00fcber die Expresslinie Hamburg-Bremen und \u00fcber eine Nahverkehrsstrecke an.  <\/p>\n<h4>Unsere Leistung f\u00fcr qualit\u00e4tsbewusste Kunden aus Buchholz<\/h4>\n<p>Wir finden es toll, dass Sie unsere Website entdeckt haben. Unsere Erfahrung und die Qualit\u00e4t von Material und Ausf\u00fchrung garantiert Ihnen ein sehr gutes Preis-Leistungsverh\u00e4ltnis. Sie m\u00f6chten mehr \u00fcber uns wissen? F\u00fcr R\u00fcckfragen stehen wir Ihnen jederzeit zur Verf\u00fcgung. Auf Ihre Anfragen freuen wir uns.<\/p>","popseo_zusatztext":"<h3>Qualit\u00e4t kann auch g\u00fcnstig und preiswert sein<\/h3>\n<p>Bauelemente m\u00fcssen h\u00f6chsten Erwartungen gerecht werden. Gleichwohl mu\u00df es g\u00fcnstig und preiswert sein. Das muss durchaus kein Gegensatz sein. <\/p>\n<p>Als Fachbetrieb f\u00fcr Sonnenschutz- und Sicherheitssysteme verarbeiten wir nur ausgezeichnete Produkte. Nichtsdestotrotz achten wir immer auf ein gutes Preis-Leistungsverh\u00e4ltnis. Wir m\u00f6chten Ihnen Qualit\u00e4t anbieten, die zugleich auch g\u00fcnstig und preiswert ist. Geben Sie Ihrem Haus g\u00fcnstig und preiswert das besondere Plus an Qualit\u00e4t. Rolll\u00e4den und Markisen oder andere Sonnenschutzl\u00f6sungen sehen nicht nur schmuck aus, sie leisten auch einen wichtigen Beitrag zur W\u00e4rmed\u00e4mmung.  <\/p>\n<h3>G\u00fcnstig und preiswert \u2013 es muss wirklich nicht immer teuer sein<\/h3>\n<p>D\u00fcrfen wir Sie informieren, wie Sie g\u00fcnstig und preiswert einen optimalen Sonnenschutz f\u00fcr Ihr Heim realisieren? Prima, dann warten Sie bitte nicht und nehmen am besten sofort heute noch Kontakt mit uns auf. Ein kurzer Telefonanruf oder eine schnelle Mail gen\u00fcgen. Sehr gerne informieren Sie unsere gut geschulten Mitarbeiter \u00fcber die diversen M\u00f6glichkeiten, wie Sie Ihr Haus g\u00fcnstig und preiswert mit Rolll\u00e4den und Markisen oder anderen Sonnenschutzprodukten ausstatten. Wir freuen uns auf das Gespr\u00e4ch mit Ihnen. <\/p>\n<h4>G\u00fcnstig und preiswert \u2013 manchmal macht auch der Preis den Unterschied<\/h4>\n<p>Z\u00e4hlen Sie beim Thema Sonnenschutz und Sicherheit auf den Profi. Nur ein Spezialbetrieb kennt die diversen Optionen, wie Sie g\u00fcnstig und preiswert, gleichzeitig qualitativ h\u00f6herwertig einen optimalen Sonnenschutz erreichen. Qualit\u00e4tsbewusst, g\u00fcnstig und preiswert: Wir empfehlen uns als spezialisiertes Unternehmen im norddeutschen Gebiet. Unsere langj\u00e4hrige Erfahrung zeichnet uns aus.<\/p>","popseo_links":"<a href=\"https:\/\/www.kaduk-bauelemente.de\/leistungen\/terrassenueberdachungen-aus-holz-uelzen\/\">Terrassen\u00fcberdachungen aus Holz Uelzen<\/a>, <a href=\"https:\/\/www.kaduk-bauelemente.de\/leistungen\/sektionaltore-salzhausen\/\">Sektionaltore Salzhausen<\/a>, <a href=\"https:\/\/www.kaduk-bauelemente.de\/leistungen\/zaeune-jesteburg\/\">Z\u00e4une Jesteburg<\/a>, <a href=\"https:\/\/www.kaduk-bauelemente.de\/leistungen\/fliegengitter-boizenburg\/\">Fliegengitter Boizenburg<\/a>, <a href=\"https:\/\/www.kaduk-bauelemente.de\/leistungen\/raffstores-hanstedt\/\">Raffstores Hanstedt<\/a>, <a href=\"https:\/\/www.kaduk-bauelemente.de\/leistungen\/carports-bispingen\/\">Carports Bispingen<\/a>, <a href=\"https:\/\/www.kaduk-bauelemente.de\/leistungen\/fliegengitter-jesteburg\/\">Fliegengitter Jesteburg<\/a>, <a href=\"https:\/\/www.kaduk-bauelemente.de\/leistungen\/zaeune-bienenbuettel\/\">Z\u00e4une Bienenb\u00fcttel<\/a>, <a href=\"https:\/\/www.kaduk-bauelemente.de\/leistungen\/fenster-schwarzenbek\/\">Fenster Schwarzenbek<\/a>, <a href=\"https:\/\/www.kaduk-bauelemente.de\/leistungen\/tueren-ebstorf\/\">T\u00fcren Ebstorf<\/a>, <a href=\"https:\/\/www.kaduk-bauelemente.de\/leistungen\/fliegengitter-maschen\/\">Fliegengitter Maschen<\/a>, <a href=\"https:\/\/www.kaduk-bauelemente.de\/leistungen\/rollladen-adendorf\/\">Rollladen Adendorf<\/a>, <a href=\"https:\/\/www.kaduk-bauelemente.de\/leistungen\/rollladen-bergedorf-wentorf\/\">Rollladen Bergedorf Wentorf<\/a>, <a href=\"https:\/\/www.kaduk-bauelemente.de\/leistungen\/sektionaltore-reinbek-glinde\/\">Sektionaltore Reinbek Glinde<\/a>, <a href=\"https:\/\/www.kaduk-bauelemente.de\/leistungen\/garagentore-amelinghausen\/\">Garagentore Amelinghausen<\/a>, <a href=\"https:\/\/www.kaduk-bauelemente.de\/leistungen\/aussenjalousien-salzhausen\/\">Au\u00dfenjalousien Salzhausen<\/a>, <a href=\"https:\/\/www.kaduk-bauelemente.de\/leistungen\/fliegengitter-herzogtum-lauenburg\/\">Fliegengitter Herzogtum Lauenburg<\/a>, <a href=\"https:\/\/www.kaduk-bauelemente.de\/leistungen\/aussenjalousien-uelzen\/\">Au\u00dfenjalousien Uelzen<\/a>, <a href=\"https:\/\/www.kaduk-bauelemente.de\/leistungen\/garagentore-bienenbuettel\/\">Garagentore Bienenb\u00fcttel<\/a>, <a href=\"https:\/\/www.kaduk-bauelemente.de\/leistungen\/carports-boizenburg\/\">Carports Boizenburg<\/a>, <a href=\"https:\/\/www.kaduk-bauelemente.de\/leistungen\/garagentore-seevetal-rosengarten\/\">Garagentore Seevetal Rosengarten<\/a>, <a href=\"https:\/\/www.kaduk-bauelemente.de\/leistungen\/sektionaltore-amelinghausen\/\">Sektionaltore Amelinghausen<\/a>, <a href=\"https:\/\/www.kaduk-bauelemente.de\/leistungen\/tueren-adendorf\/\">T\u00fcren Adendorf<\/a>, <a href=\"https:\/\/www.kaduk-bauelemente.de\/leistungen\/zaeune-bad-bevensen\/\">Z\u00e4une Bad Bevensen<\/a>, <a href=\"https:\/\/www.kaduk-bauelemente.de\/leistungen\/tueren-hanstedt\/\">T\u00fcren Hanstedt<\/a>, <a href=\"https:\/\/www.kaduk-bauelemente.de\/leistungen\/holzfenster-ebstorf\/\">Holzfenster Ebstorf<\/a>"},"_links":{"self":[{"href":"https:\/\/www.kaduk-bauelemente.de\/leistungen\/wp-json\/wp\/v2\/pages\/4727","targetHints":{"allow":["GET"]}}],"collection":[{"href":"https:\/\/www.kaduk-bauelemente.de\/leistungen\/wp-json\/wp\/v2\/pages"}],"about":[{"href":"https:\/\/www.kaduk-bauelemente.de\/leistungen\/wp-json\/wp\/v2\/types\/page"}],"author":[{"embeddable":true,"href":"https:\/\/www.kaduk-bauelemente.de\/leistungen\/wp-json\/wp\/v2\/users\/1"}],"replies":[{"embeddable":true,"href":"https:\/\/www.kaduk-bauelemente.de\/leistungen\/wp-json\/wp\/v2\/comments?post=4727"}],"version-history":[{"count":0,"href":"https:\/\/www.kaduk-bauelemente.de\/leistungen\/wp-json\/wp\/v2\/pages\/4727\/revisions"}],"wp:attachment":[{"href":"https:\/\/www.kaduk-bauelemente.de\/leistungen\/wp-json\/wp\/v2\/media?parent=4727"}],"curies":[{"name":"wp","href":"https:\/\/api.w.org\/{rel}","templated":true}]}}