{"id":4726,"date":"2021-08-25T12:19:36","date_gmt":"2021-08-25T10:19:36","guid":{"rendered":"https:\/\/www.kaduk-bauelemente.de\/leistungen\/zaunbau-boizenburg\/"},"modified":"2021-08-25T12:19:36","modified_gmt":"2021-08-25T10:19:36","slug":"zaunbau-boizenburg","status":"publish","type":"page","link":"https:\/\/www.kaduk-bauelemente.de\/leistungen\/zaunbau-boizenburg\/","title":{"rendered":"Zaunbau &#8211; Boizenburg"},"content":{"rendered":"<h3>Unser Kundenservice informiert Sie \u00fcber den Zaunbau<\/h3>\n<p>Auch beim Thema Zaunbau sind Sie bei der Firma Kaduk exakt an der richtigen Adresse. Sch\u00f6ne Z\u00e4une werten Ihre Wohn- oder Gesch\u00e4ftsimmobilie sichtbar auf \u2013 sie geben einem Alt- oder Neubau ein auff\u00e4lliges und individuelles Erscheinungsbild. \u00dcberlassen Sie nichts dem Zufall. Vertrauen Sie bei der Fertigung von Z\u00e4unen auf Fachkenntnis und entscheiden Sie sich f\u00fcr den Experten. Ihre Vorstellungen und W\u00fcnsche stehen beim Zaunbau immer an erster Stelle. Bei uns d\u00fcrfen Sie aus vielen verschiedenartigen Materialien, Farben, Formen und Gr\u00f6\u00dfen ausw\u00e4hlen. Unsere Mitarbeiter informieren Sie mit Vergn\u00fcgen \u00fcber die unterschiedlichen M\u00f6glichkeiten, die sich Ihnen bieten. <\/p>\n<h3>Jahrelange Erfahrung beim Zaunbau<\/h3>\n<p>Wir f\u00fchren den Zaunbau schnell, zuverl\u00e4ssig und immer entsprechend Ihrer individuellen Pr\u00e4ferenzen aus. W\u00e4hlen Sie zwischen Kunststoffz\u00e4unen, Holzz\u00e4unen und Doppelstabsmattenz\u00e4unen. Attraktive Holzz\u00e4une sind eine h\u00fcbsche, gleicherma\u00dfen hochwertige Kombination aus Natur und Funktionalit\u00e4t. Naturbelassenes Material ist ohne Frage ein Merkmal f\u00fcr einen individuellen Geschmack. Kunststoffz\u00e4une wiederum \u00fcberzeugen durch Stabilit\u00e4t, Langlebigkeit, einfache Pflege, Farbechtheit und eine gute UV-Best\u00e4ndigkeit. Doppelstabmattenz\u00e4une schlie\u00dflich sind eine perfekte Wahl f\u00fcr Abtrennungen, Begr\u00fcnungen sowie auch f\u00fcr Hundezwinger. Die n\u00f6tige Stabilit\u00e4t wird durch parallele Horizontaldr\u00e4hte gew\u00e4hrleistet. Mattenz\u00e4une sind feuerverzinkt und pulverbeschichtet. Welchen Zaun Sie auch bevorzugen: Mit dem fachm\u00e4nnisch ausgef\u00fchrten Zaunbau durch unsere Firme ist eine sehr lange Haltbarkeit sichergestellt.<\/p>\n","protected":false},"excerpt":{"rendered":"<p>Unser Kundenservice informiert Sie \u00fcber den Zaunbau Auch beim Thema Zaunbau sind Sie bei der Firma Kaduk exakt an der richtigen Adresse. Sch\u00f6ne Z\u00e4une werten Ihre Wohn- oder Gesch\u00e4ftsimmobilie sichtbar auf \u2013 sie geben einem Alt- oder Neubau ein auff\u00e4lliges und individuelles Erscheinungsbild. \u00dcberlassen Sie nichts dem Zufall. Vertrauen Sie bei der Fertigung von Z\u00e4unen [&hellip;]<\/p>\n","protected":false},"author":1,"featured_media":0,"parent":0,"menu_order":0,"comment_status":"closed","ping_status":"closed","template":"","meta":{"footnotes":""},"class_list":["post-4726","page","type-page","status-publish","hentry"],"meta_box":{"popseo_subtitel":"Wir sind Ihr Partner in Sachen Zaunbau in Boizenburg","popseo_subtitel2":"Zaunbau - eine Aufgabe f\u00fcr den Spezialisten","popseo_lasttitel":"Zaunbau: Gerne beantworten wir Ihre Fragen!","popseo_region":"Boizenburg","popseo_sachwort":"Zaunbau","popseo_noupdate":"","popseo_einleitungstext":"<p>Sehr gerne informieren wir Sie n\u00e4her \u00fcber unsere Produkte und unser Aufgabenfeld. Wir zeigen Ihnen mit Vergn\u00fcgen auch einige Referenzprojekte, die Ihnen einen Einblick in unsere T\u00e4tigkeit geben.<br \/>\nWir sind f\u00fcr Sie da. Rufen Sie uns doch einfach einmal an oder schreiben Sie uns eine kurze E-Mail. Wir freuen uns auf den Kontakt zu Ihnen.<\/p>","popseo_schlusstext":"<p>Sie ben\u00f6tigen einen Profi f\u00fcr hochwertige Sicherheits- und Sonnenschutzl\u00f6sungen. Dann rufen Sie uns bitte rasch an. Wir freuen uns auf das Gespr\u00e4ch mit Ihnen. Wenn es um Bauelemente geht, sind wir Ihr kompetenter Handels- und Handwerkspartner. Wir sorgen f\u00fcr hochwertige Produkte und eine fachkundig ausgef\u00fchrte Arbeit nach dem immer neuesten Stand der Technik.<\/p>","popseo_stadttext":"<h3>Unsere Produkte und Dienstleistungen auch f\u00fcr Kunden aus Boizenburg<\/h3>\n<p>Unser Einzugsgebiet umfasst auch Boizenburg. Durch unsere T\u00e4tigkeit haben wir uns einen sehr guten \u00dcberblick \u00fcber die Architektur der St\u00e4dte und Gemeinden unseres Vertriebsgebietes erarbeiten k\u00f6nnen. Wir f\u00fchlen uns der Region verpflichtet und sind stolz darauf, auch einen Teil zur guten Infrastruktur der Stadt Boizenburg beisteuern zu d\u00fcrfen.  <\/p>\n<h3>Lebensmittelpunkt Boizenburg<\/h3>\n<p>Die Stadt Boizenburg liegt im Landkreis Ludwigslust-Parchim im Bundesland Mecklenburg-Vorpommern. In Boizenburg leben knapp 10.000 B\u00fcrger auf einer Fl\u00e4che von 47 Quadratkilometer. Der Name Boizenburg leitet sich ab vom Fluss Boitze. Dieser flie\u00dft direkt durch das Stadtgebiet. Allgemein bekannter d\u00fcrfte jedoch sein, dass Boizenburg an der Elbe liegt. Boizenburg gliedert sich in insgesamt f\u00fcnf Stadtteile. Dies sind Gehrum, Bahlen, Bahlenburg, Heide und Gothmann. <\/p>\n<p>Boizenburg ist eine relativ alte Stadt. Erstmalig erw\u00e4hnt wurde der Ort schon anno 1171. W\u00e4hrend der DDR-Zeit war Boizenburg ziemlich abgeschieden. Die damalige Deutsch-Deutsche-Grenze f\u00fchrte unmittelbar entlang des Ortsgebietes von Boizenburg. Zu dieser Zeit war Boizenburg Sperrgebiet. B\u00fcrger und Besucher der Stadt ben\u00f6tigten zu dieser Zeit einen beh\u00f6rdlichen Durchgangsschein. Eine Begrenzung der individuellen Freiheit, die heute Gott sei Dank gar nicht mehr nachvollziehbar ist. <\/p>\n<h3>Boizenburg hat Charme!<\/h3>\n<p>Nach der Wiedervereinigung der beiden deutschen Staaten bl\u00fchte Boizenburg regelrecht auf. Der historische Stadtkern wurde grundsaniert. Auch der kleine Elbhafen wurde umfangreich erneuert. Heute ist Boizenburg eine herrlich gelegene Kleinstadt, die ihren Einwohnern ein sehr gutes Umfeld bietet. Der innerst\u00e4dtische Bereich von Boizenburg wird von einer mittelalterlichen Wallanlage dominiert. Zahlreiche Fachwerkgeb\u00e4ude runden das Stadtbild ab. Besonders auff\u00e4llig ist auch das Rathaus Boizenburg - das sch\u00f6ne Fachwerkhaus wurde im Jahre 1711 errichtet. Au\u00dferdem pr\u00e4gt besonders die Sankt Marien Kirche die Silouette der mecklenburgischen Ortschaft.<\/p>\n<p>Die Wirtschaft von Boizenburg ist gepr\u00e4gt von mittelst\u00e4ndischen Unternehmen. Rund 50 Hektar Gewerbefl\u00e4che steht in Boizenburg zur Verf\u00fcgung. Eine Erweiterung ist in Planung. F\u00fcr junge Familien ist Boizenburg als Lebensmittelpunkt von Interesse. Das Kultur- und Sportangebot wirbt durch seine Vielgestaltigkeit. Schulische Einrichtungen jeder Art und Kinderhorts sind in ausreichender Zahl vorhanden.  <\/p>\n<h4>Privat- und Gesch\u00e4ftskunden aus Boizenburg sch\u00e4tzen unsere Leistungen!<\/h4>\n<p>Klasse, dass Sie diese Website gefunden haben. Wenn Sie eine erfahrene Fachfirma suchen, sind Sie bei uns genau richtig. Sie m\u00f6chten mehr \u00fcber uns wissen? F\u00fcr R\u00fcckfragen stehen wir Ihnen jederzeit zur Verf\u00fcgung. Auf Ihre Anfragen freuen wir uns.<\/p>","popseo_zusatztext":"<h3>Kaduk Bauelemente \u2013 Ihr Fachbetrieb f\u00fcr Sicht- und Sonnenschutz<\/h3>\n<p>Setzen Sie in Sachen Sicherheit und Sonnenschutz auf jeden Fall auf die sachspezifische Leistung vom Fachbetrieb. Nur ein Fachbetrieb wei\u00df von den M\u00f6glichkeiten, wie man zu einem fachgerechten Ergebnis kommt. Um sich mit Fug und Recht Fachbetrieb nennen zu d\u00fcrfen, bedarf es einer qualifizierten Ausbildung der Mitarbeiter und einer jahrelangen Erfahrung.  <\/p>\n<p>Unsere Unternehmung empfiehlt sich als Ihr kompetenter Fachbetrieb f\u00fcr Sicherheit und Sonnenschutz. Erreichen Sie Ihr Ziel und schenken Sie unserem Fachbetrieb Ihr Vertrauen. Wir bieten Ihnen z.B. hochqualitative Markisen und Rolll\u00e4den und legen besonders Wert auf einen perfekten Service. Schon seit vielen Jahren sind wir erfahrener Fachbetrieb f\u00fcr Terrassend\u00e4cher, Au\u00dfenjalousien, Rolll\u00e4den im Raum L\u00fcneburg. Es ist uns wichtig, dass Sie lange viel Freude an Ihrem Sicht und Sonnenschutz haben. Von einem Fachbetrieb d\u00fcrfen Sie selbstverst\u00e4ndlich eine fehlerfreie Top-Leistung erwarten.<\/p>\n<h3>Sicht- und Sonnenschutz\u2013 ein Thema f\u00fcr den Fachbetrieb<\/h3>\n<p>Als Fachbetrieb darf sich eine Firma bezeichnen, deren Angestellte \u00fcber nachweisbare Qualifikationen verf\u00fcgen. Dies ist z.B. eine entsprechende Ausbildung oder ein Meisterbrief. Au\u00dferdem zeichnet eine langj\u00e4hrige praktische Erfahrung einen Fachbetrieb aus. Bereits seit vielen Jahren konzentrieren wir uns als spezialisiertes Unternehmen auf Sicherheit und Sonnenschutz von Wohn- und Gesch\u00e4ftsh\u00e4usern. In diesen vielen Jahren haben wir uns die Bezeichnung Fachbetrieb ganz bestimmt erarbeitet. Wir verarbeiten lediglich qualitativ beste Artikel. Dabei achten wir immer auf ein faires Preis-Leistungsverh\u00e4ltnis. Unser Versprechen als Fachbetrieb: Wir bieten Ihnen 1a-Qualit\u00e4t zu einem fairen Preis.<\/p>","popseo_links":"<a href=\"https:\/\/www.kaduk-bauelemente.de\/leistungen\/terrassenueberdachungen-aus-holz-lueneburg\/\">Terrassen\u00fcberdachungen aus Holz L\u00fcneburg<\/a>, <a href=\"https:\/\/www.kaduk-bauelemente.de\/leistungen\/holzfenster-hanstedt\/\">Holzfenster Hanstedt<\/a>, <a href=\"https:\/\/www.kaduk-bauelemente.de\/leistungen\/garagen-amt-neuhaus\/\">Garagen Amt Neuhaus<\/a>, <a href=\"https:\/\/www.kaduk-bauelemente.de\/leistungen\/fliegengitter-bienenbuettel\/\">Fliegengitter Bienenb\u00fcttel<\/a>, <a href=\"https:\/\/www.kaduk-bauelemente.de\/leistungen\/sektionaltore-reppenstedt\/\">Sektionaltore Reppenstedt<\/a>, <a href=\"https:\/\/www.kaduk-bauelemente.de\/leistungen\/terrassendaecher-aus-aluminium-stelle\/\">Terrassend\u00e4cher aus Aluminium Stelle<\/a>, <a href=\"https:\/\/www.kaduk-bauelemente.de\/leistungen\/carports-tostedt-sittensen\/\">Carports Tostedt Sittensen<\/a>, <a href=\"https:\/\/www.kaduk-bauelemente.de\/leistungen\/fliegengitter-geesthacht\/\">Fliegengitter Geesthacht<\/a>, <a href=\"https:\/\/www.kaduk-bauelemente.de\/leistungen\/terrassenueberdachungen-aus-aluminium-jesteburg\/\">Terrassen\u00fcberdachungen aus Aluminium Jesteburg<\/a>, <a href=\"https:\/\/www.kaduk-bauelemente.de\/leistungen\/sektionaltore-adendorf\/\">Sektionaltore Adendorf<\/a>, <a href=\"https:\/\/www.kaduk-bauelemente.de\/leistungen\/garagentore-tostedt-sittensen\/\">Garagentore Tostedt Sittensen<\/a>, <a href=\"https:\/\/www.kaduk-bauelemente.de\/leistungen\/sektionaltore-uelzen\/\">Sektionaltore Uelzen<\/a>, <a href=\"https:\/\/www.kaduk-bauelemente.de\/leistungen\/fenster-reinbek-glinde\/\">Fenster Reinbek Glinde<\/a>, <a href=\"https:\/\/www.kaduk-bauelemente.de\/leistungen\/kunststofffenster-ebstorf\/\">Kunststofffenster Ebstorf<\/a>, <a href=\"https:\/\/www.kaduk-bauelemente.de\/leistungen\/garagen-maschen\/\">Garagen Maschen<\/a>, <a href=\"https:\/\/www.kaduk-bauelemente.de\/leistungen\/aussenjalousien-tostedt-sittensen\/\">Au\u00dfenjalousien Tostedt Sittensen<\/a>, <a href=\"https:\/\/www.kaduk-bauelemente.de\/leistungen\/kunststofffenster-schwarzenbek\/\">Kunststofffenster Schwarzenbek<\/a>, <a href=\"https:\/\/www.kaduk-bauelemente.de\/leistungen\/zaeune-bad-bevensen\/\">Z\u00e4une Bad Bevensen<\/a>, <a href=\"https:\/\/www.kaduk-bauelemente.de\/leistungen\/garagen-adendorf\/\">Garagen Adendorf<\/a>, <a href=\"https:\/\/www.kaduk-bauelemente.de\/leistungen\/terrassenueberdachungen-aus-holz-adendorf\/\">Terrassen\u00fcberdachungen aus Holz Adendorf<\/a>, <a href=\"https:\/\/www.kaduk-bauelemente.de\/leistungen\/aussenjalousien-maschen\/\">Au\u00dfenjalousien Maschen<\/a>, <a href=\"https:\/\/www.kaduk-bauelemente.de\/leistungen\/aussenjalousien-winsen-luhe\/\">Au\u00dfenjalousien Winsen Luhe<\/a>, <a href=\"https:\/\/www.kaduk-bauelemente.de\/leistungen\/insektenschutz-herzogtum-lauenburg\/\">Insektenschutz Herzogtum Lauenburg<\/a>, <a href=\"https:\/\/www.kaduk-bauelemente.de\/leistungen\/aussenjalousien-reinbek-glinde\/\">Au\u00dfenjalousien Reinbek Glinde<\/a>, <a href=\"https:\/\/www.kaduk-bauelemente.de\/leistungen\/rolllaeden-geesthacht\/\">Rolll\u00e4den Geesthacht<\/a>, <a href=\"https:\/\/www.kaduk-bauelemente.de\/leistungen\/terrassenueberdachungen-aus-aluminium-buechen\/\">Terrassen\u00fcberdachungen aus Aluminium B\u00fcchen<\/a>"},"_links":{"self":[{"href":"https:\/\/www.kaduk-bauelemente.de\/leistungen\/wp-json\/wp\/v2\/pages\/4726","targetHints":{"allow":["GET"]}}],"collection":[{"href":"https:\/\/www.kaduk-bauelemente.de\/leistungen\/wp-json\/wp\/v2\/pages"}],"about":[{"href":"https:\/\/www.kaduk-bauelemente.de\/leistungen\/wp-json\/wp\/v2\/types\/page"}],"author":[{"embeddable":true,"href":"https:\/\/www.kaduk-bauelemente.de\/leistungen\/wp-json\/wp\/v2\/users\/1"}],"replies":[{"embeddable":true,"href":"https:\/\/www.kaduk-bauelemente.de\/leistungen\/wp-json\/wp\/v2\/comments?post=4726"}],"version-history":[{"count":0,"href":"https:\/\/www.kaduk-bauelemente.de\/leistungen\/wp-json\/wp\/v2\/pages\/4726\/revisions"}],"wp:attachment":[{"href":"https:\/\/www.kaduk-bauelemente.de\/leistungen\/wp-json\/wp\/v2\/media?parent=4726"}],"curies":[{"name":"wp","href":"https:\/\/api.w.org\/{rel}","templated":true}]}}