{"id":4715,"date":"2021-08-25T12:19:36","date_gmt":"2021-08-25T10:19:36","guid":{"rendered":"https:\/\/www.kaduk-bauelemente.de\/leistungen\/tueren-tostedt-sittensen\/"},"modified":"2021-08-25T12:19:36","modified_gmt":"2021-08-25T10:19:36","slug":"tueren-tostedt-sittensen","status":"publish","type":"page","link":"https:\/\/www.kaduk-bauelemente.de\/leistungen\/tueren-tostedt-sittensen\/","title":{"rendered":"T\u00fcren &#8211; Tostedt Sittensen"},"content":{"rendered":"<h3>Neue T\u00fcren sind eine gute Investition<\/h3>\n<p>Sch\u00f6ne T\u00fcren sind in gewisser Weise die Visitenkarte eines Hauses. Moderne T\u00fcren zeugen von Individualit\u00e4t, Geschmack und Qualit\u00e4tsanspruch. Nicht zuletzt betonen T\u00fcren immer auch die Optik eines Hauses. Hochwertige T\u00fcren bieten neben einer sch\u00f6nen Optik nat\u00fcrlich noch viel mehr. Auch einen guten Einbruchsschutz und einen Beitrag zum W\u00e4rmehaushalt k\u00f6nnen Sie von hochwertigen T\u00fcren erwarten. <\/p>\n<h3>Wir informieren Sie \u00fcber T\u00fcren!<\/h3>\n<p>Wer hochwertige T\u00fcren sucht, muss sich entscheiden: Sie m\u00fcssen bei T\u00fcren zwischen modernem und traditionellem Design entscheiden. Au\u00dferdem sind T\u00fcren in Kunststoff, Holz oder Aluminium vorr\u00e4tig. Die diversen Auswahlm\u00f6glichkeiten verleihen modernen T\u00fcren einen \u00e4u\u00dferst individualisierten Anstrich. F\u00fcr welche Produktgattung Sie sich letzlich entscheiden: Exklusive T\u00fcren sind immer ein echter Hingucker. In unserem Ausstellungsraum pr\u00e4sentieren wir Ihnen montags bis freitags zwischen 9.00 und 18.00 Uhr sowie samstags zwischen 9:00 und 13:00 Uhr viele L\u00f6sungsalternativen.<\/p>\n","protected":false},"excerpt":{"rendered":"<p>Neue T\u00fcren sind eine gute Investition Sch\u00f6ne T\u00fcren sind in gewisser Weise die Visitenkarte eines Hauses. Moderne T\u00fcren zeugen von Individualit\u00e4t, Geschmack und Qualit\u00e4tsanspruch. Nicht zuletzt betonen T\u00fcren immer auch die Optik eines Hauses. Hochwertige T\u00fcren bieten neben einer sch\u00f6nen Optik nat\u00fcrlich noch viel mehr. Auch einen guten Einbruchsschutz und einen Beitrag zum W\u00e4rmehaushalt k\u00f6nnen [&hellip;]<\/p>\n","protected":false},"author":1,"featured_media":0,"parent":0,"menu_order":0,"comment_status":"closed","ping_status":"closed","template":"","meta":{"footnotes":""},"class_list":["post-4715","page","type-page","status-publish","hentry"],"meta_box":{"popseo_subtitel":"Kaduk Bauelemente ist Ihr Fachanbieter f\u00fcr T\u00fcren im Raum Tostedt Sittensen","popseo_subtitel2":"T\u00fcren - wir beraten Sie zu diesem Thema!","popseo_lasttitel":"T\u00fcren: Treten Sie in Kontakt mit uns!","popseo_region":"Tostedt Sittensen","popseo_sachwort":"T\u00fcren","popseo_noupdate":"","popseo_einleitungstext":"<p>Sie wollen Ihre Immobilie mit zeitgem\u00e4\u00dfen Bauelementen ausstatten lassen interessieren sich f\u00fcr unser Leistungs- und Produktangebot? Wunderbar, dann sind Sie auf dieser Seite genau richtig. Unser Produktportfolio umfasst unter anderem Rolltore, Markisen, Terrassend\u00e4cher, T\u00fcren, Fenster, Au\u00dfenjalousien, Carports und Rolll\u00e4den. Als auf Sicherheit und Sonnenschutz spezialisiertes Unternehmen \u00fcbernehmen wir sehr gerne auch Reparatur- und Montagearbeiten. Erfahren Sie nachfolgend mehr \u00fcber uns und unser Angebot. Ihr Interesse freut uns sehr.<\/p>","popseo_schlusstext":"<p>Wenn Sie mehr wissen m\u00f6chten, informieren wir Sie n\u00e4her \u00fcber unser Produkt- und Leistungsprogramm. Wir nennen Ihnen mit Vergn\u00fcgen auch ein paar Projekte, die Ihnen einen Einblick in unsere T\u00e4tigkeit geben.<br \/>\nVertrauen Sie den Spezialisten der Firma Kaduk. Rufen Sie uns doch rasch einmal an oder schicken Sie uns eine kurze E-Mail. Wir freuen uns auf Sie.<\/p>","popseo_stadttext":"<h3>Vor Ort in Tostedt und Sittensen<\/h3>\n<p>Durch unsere Vertriebst\u00e4tigkeit haben wir uns einen ausgezeichneten \u00dcberblick \u00fcber die Stadtarchitektur der St\u00e4dte und Gemeinden unseres Einzugsbereiches erarbeiten k\u00f6nnen. Selbstverst\u00e4ndlich z\u00e4hlen auch Tostedt und Sittensen zu unserem unmittelbaren Gesch\u00e4ftsgebiet. Wir freuen uns darauf, mit Ihnen ins Gespr\u00e4ch zu kommen. <\/p>\n<h3>Leben und Arbeiten in Tostedt und Sittensen<\/h3>\n<p>Wer in Tostedt lebt, wohnt in einem eher l\u00e4ndlichen Umfeld, ohne auf die Angebote und Abwechslungen der nahen Metropole Hamburg verzichten zu m\u00fcssen. Die Hansestadt ist nur ein paar Kilometer entfernt. Als Lebensmittelpunkt bietet Tostedt ideale Bedingungen f\u00fcr die gut 13.000 B\u00fcrger. Tostedt \u00fcberzeugt durch seine reizvollen Wohngebiete. Wer das Leben in der Peripherie mag, allerdings urbanes Leben sch\u00e4tzt, ist in Tostedt gut aufgehoben. Eine hervorragend entwickelte Infrastruktur mit durchaus vielf\u00e4ltigen Einkaufsm\u00f6glichkeiten sowie  breitgef\u00e4cherten Sport- und Freizeitm\u00f6glichkeiten, verleihen Tostedt eine sehr gute Wohn- und Lebensqualit\u00e4t. <\/p>\n<h3>Wir kennen uns aus in der Region!<\/h3>\n<p>Gerade einmal 20 Kilometer von Tostedt entfernt liegt die Gemeinde Sittensen. Das St\u00e4dtchen geh\u00f6rt organisatorisch zum Kreis Harburg. In Sittensen leben momentan knapp 5.600 B\u00fcrger auf einer Gesamtfl\u00e4che von ca. 18 Quadratkilometern. Auch Sittensen \u00fcberzeugt durch eine attraktive Lage: Geografisch befindet sich Sittensen in der Zevener Geest, einem Landstrich am Elbe-Weser-Dreieck zwischen Bremen und Hamburg. <\/p>\n<p>Die liebenswerte Gemeinde ist Amtssitz der Samtgemeinde Sittensen, einer Vereinigung von neun kleineren Orten, n\u00e4mlich Hamersen, Gro\u00df und Klein Melckelsen, Kalbe, Sittensen, Lengenbostel, Tiste, Wohnste und Vierden. Die Samtgemeinde z\u00e4hlt insgesamt knapp 11.000 B\u00fcrger und streckt sich \u00fcber ein Areal von etwas mehr als 138 km\u00b2. Als Wohnort verbindet Sittensen urbanes Leben mit dem Wohnen in der Provinz auf musterhafte Art und Weise. Die beiden norddeutschen Hansest\u00e4dte Hamburg und Bremen sind von Sittensen aus in knapp 45 Minuten erreichbar. <\/p>\n<h4>Unsere Leistung f\u00fcr qualit\u00e4tsbewusste Kunden aus Sittensen und Tostedt<\/h4>\n<p>Sie interessieren sich f\u00fcr unser Angebot und sind hier im World Wide Web auf unsere Homepage gesto\u00dfen? Dar\u00fcber freuen wir uns sehr. Gerne pr\u00e4sentieren wir Ihnen unser komplettes Leistungsspektrum und beantworten Ihre Fragen. Unser egagiertes Team freut sich auf Sie.<\/p>","popseo_zusatztext":"<h3>Gute Produkte g\u00fcnstig und preiswert<\/h3>\n<p>Bauelemente m\u00fcssen gehobenen Anforderungen standhalten. Gleichzeitig darf es g\u00fcnstig und preiswert sein. Das muss durchaus kein Gegensatz sein. <\/p>\n<p>Als Fachbetrieb f\u00fcr Sonnenschutz und Sicherheit verarbeiten wir ausschlie\u00dflich hochwertige Produkte. Trotzdem schauen wir immer auf ein angemessenes Preis-Leistungsverh\u00e4ltnis. Wir m\u00f6chten Ihnen Spitzenqualit\u00e4t bieten, die trotzdem auch g\u00fcnstig und preiswert ist. Geben Sie Ihrem Zuhause g\u00fcnstig und preiswert das besondere Plus an Qualit\u00e4t. Rolll\u00e4den und Markisen oder andere Sonnenschutzl\u00f6sungen sehen nicht nur h\u00fcbsch aus, sie leisten auch einen wichtigen Anteil zur W\u00e4rmed\u00e4mmung.  <\/p>\n<h3>G\u00fcnstig und preiswert \u2013 es muss wirklich nicht immer teuer sein<\/h3>\n<p>D\u00fcrfen wir Sie beraten, wie Sie g\u00fcnstig und preiswert einen perfekten Sonnenschutz f\u00fcr Ihr Haus realisieren? Prima, dann z\u00f6gern Sie bitte nicht und nehmen am besten gleich heute noch Kontakt mit uns auf. Ein kurzer Telefonanruf oder eine kurze Email gen\u00fcgen. Gern informieren Sie unsere perfekt ausgebildeten Fachleute \u00fcber die verschiedenen Optionen, wie Sie Ihr Haus g\u00fcnstig und preiswert mit Markisen und Rolll\u00e4den oder anderen Sonnenschutzprodukten ausstatten. Wir freuen uns auf den Austausch mit Ihnen. <\/p>\n<h4>Hochwertige Arbeit g\u00fcnstig und preiswert<\/h4>\n<p>Z\u00e4hlen Sie beim Thema Sonnenschutz und Sicherheit auf den Profi. Nur ein Fachbetrieb kennt die diversen Optionen, wie Sie g\u00fcnstig und preiswert, gleichzeitig qualitativ spitze einen perfekten Sonnenschutz erreichen. Qualit\u00e4tsbewusst, g\u00fcnstig und preiswert: Wir empfehlen uns als spezialisiertes Unternehmen im norddeutschen Gebiet. Unsere langj\u00e4hrige Erfahrung zeichnet uns aus.<\/p>","popseo_links":"<a href=\"https:\/\/www.kaduk-bauelemente.de\/leistungen\/terrassendaecher-aus-holz-seevetal-rosengarten\/\">Terrassend\u00e4cher aus Holz Seevetal Rosengarten<\/a>, <a href=\"https:\/\/www.kaduk-bauelemente.de\/leistungen\/kunststofffenster-bad-bevensen\/\">Kunststofffenster Bad Bevensen<\/a>, <a href=\"https:\/\/www.kaduk-bauelemente.de\/leistungen\/rollladen-maschen\/\">Rollladen Maschen<\/a>, <a href=\"https:\/\/www.kaduk-bauelemente.de\/leistungen\/garagen-boizenburg\/\">Garagen Boizenburg<\/a>, <a href=\"https:\/\/www.kaduk-bauelemente.de\/leistungen\/terrassendaecher-aus-holz-bad-bevensen\/\">Terrassend\u00e4cher aus Holz Bad Bevensen<\/a>, <a href=\"https:\/\/www.kaduk-bauelemente.de\/leistungen\/garagentore-lueneburg\/\">Garagentore L\u00fcneburg<\/a>, <a href=\"https:\/\/www.kaduk-bauelemente.de\/leistungen\/rolllaeden-winsen-luhe\/\">Rolll\u00e4den Winsen Luhe<\/a>, <a href=\"https:\/\/www.kaduk-bauelemente.de\/leistungen\/terrassendaecher-aus-aluminium-adendorf\/\">Terrassend\u00e4cher aus Aluminium Adendorf<\/a>, <a href=\"https:\/\/www.kaduk-bauelemente.de\/leistungen\/carports-uelzen\/\">Carports Uelzen<\/a>, <a href=\"https:\/\/www.kaduk-bauelemente.de\/leistungen\/garagentore-tostedt-sittensen\/\">Garagentore Tostedt Sittensen<\/a>, <a href=\"https:\/\/www.kaduk-bauelemente.de\/leistungen\/rolllaeden-salzhausen\/\">Rolll\u00e4den Salzhausen<\/a>, <a href=\"https:\/\/www.kaduk-bauelemente.de\/leistungen\/fenster-schwarzenbek\/\">Fenster Schwarzenbek<\/a>, <a href=\"https:\/\/www.kaduk-bauelemente.de\/leistungen\/carports-amt-neuhaus\/\">Carports Amt Neuhaus<\/a>, <a href=\"https:\/\/www.kaduk-bauelemente.de\/leistungen\/holzfenster-hanstedt\/\">Holzfenster Hanstedt<\/a>, <a href=\"https:\/\/www.kaduk-bauelemente.de\/leistungen\/fliegengitter-stelle\/\">Fliegengitter Stelle<\/a>, <a href=\"https:\/\/www.kaduk-bauelemente.de\/leistungen\/raffstores-winsen-luhe\/\">Raffstores Winsen Luhe<\/a>, <a href=\"https:\/\/www.kaduk-bauelemente.de\/leistungen\/garagentore-amt-neuhaus\/\">Garagentore Amt Neuhaus<\/a>, <a href=\"https:\/\/www.kaduk-bauelemente.de\/leistungen\/rollladen-reppenstedt\/\">Rollladen Reppenstedt<\/a>, <a href=\"https:\/\/www.kaduk-bauelemente.de\/leistungen\/terrassendaecher-aus-aluminium-stelle\/\">Terrassend\u00e4cher aus Aluminium Stelle<\/a>, <a href=\"https:\/\/www.kaduk-bauelemente.de\/leistungen\/haustueren-reinbek-glinde\/\">Haust\u00fcren Reinbek Glinde<\/a>, <a href=\"https:\/\/www.kaduk-bauelemente.de\/leistungen\/zaeune-bispingen\/\">Z\u00e4une Bispingen<\/a>, <a href=\"https:\/\/www.kaduk-bauelemente.de\/leistungen\/rolllaeden-herzogtum-lauenburg\/\">Rolll\u00e4den Herzogtum Lauenburg<\/a>, <a href=\"https:\/\/www.kaduk-bauelemente.de\/leistungen\/sektionaltore-bardowick\/\">Sektionaltore Bardowick<\/a>, <a href=\"https:\/\/www.kaduk-bauelemente.de\/leistungen\/carports-hanstedt\/\">Carports Hanstedt<\/a>, <a href=\"https:\/\/www.kaduk-bauelemente.de\/leistungen\/garagen-harburg\/\">Garagen Harburg<\/a>, <a href=\"https:\/\/www.kaduk-bauelemente.de\/leistungen\/zaeune-bad-bevensen\/\">Z\u00e4une Bad Bevensen<\/a>"},"_links":{"self":[{"href":"https:\/\/www.kaduk-bauelemente.de\/leistungen\/wp-json\/wp\/v2\/pages\/4715","targetHints":{"allow":["GET"]}}],"collection":[{"href":"https:\/\/www.kaduk-bauelemente.de\/leistungen\/wp-json\/wp\/v2\/pages"}],"about":[{"href":"https:\/\/www.kaduk-bauelemente.de\/leistungen\/wp-json\/wp\/v2\/types\/page"}],"author":[{"embeddable":true,"href":"https:\/\/www.kaduk-bauelemente.de\/leistungen\/wp-json\/wp\/v2\/users\/1"}],"replies":[{"embeddable":true,"href":"https:\/\/www.kaduk-bauelemente.de\/leistungen\/wp-json\/wp\/v2\/comments?post=4715"}],"version-history":[{"count":0,"href":"https:\/\/www.kaduk-bauelemente.de\/leistungen\/wp-json\/wp\/v2\/pages\/4715\/revisions"}],"wp:attachment":[{"href":"https:\/\/www.kaduk-bauelemente.de\/leistungen\/wp-json\/wp\/v2\/media?parent=4715"}],"curies":[{"name":"wp","href":"https:\/\/api.w.org\/{rel}","templated":true}]}}