{"id":4713,"date":"2021-08-25T12:19:36","date_gmt":"2021-08-25T10:19:36","guid":{"rendered":"https:\/\/www.kaduk-bauelemente.de\/leistungen\/tueren-seevetal-rosengarten\/"},"modified":"2021-08-25T12:19:36","modified_gmt":"2021-08-25T10:19:36","slug":"tueren-seevetal-rosengarten","status":"publish","type":"page","link":"https:\/\/www.kaduk-bauelemente.de\/leistungen\/tueren-seevetal-rosengarten\/","title":{"rendered":"T\u00fcren &#8211; Seevetal Rosengarten"},"content":{"rendered":"<h3>Neue T\u00fcren erh\u00f6hen den Wohnwert Ihrer Immobilie<\/h3>\n<p>H\u00fcbsche T\u00fcren sind in gewisser Weise die Visitenkarte eines Geb\u00e4udes. Moderne T\u00fcren zeugen von Charakter, Geschmack und Qualit\u00e4tsanspruch. Nicht zuletzt betonen T\u00fcren immer auch die Ansicht eines Hauses. Qualitativ hochwertige T\u00fcren bieten neben einer optimalen Optik nat\u00fcrlich noch etliches mehr. Auch die Einbruchsvorsorge und einen Beitrag zum Energiehaushalt d\u00fcrfen Sie von hochwertigen T\u00fcren erwarten. <\/p>\n<h3>Wir informieren Sie \u00fcber T\u00fcren!<\/h3>\n<p>Wer qualitativ hochwertige T\u00fcren sucht, darf w\u00e4hlen: Sie d\u00fcrfen bei T\u00fcren zwischen modernem und traditionellem Design ausw\u00e4hlen. Au\u00dferdem sind T\u00fcren in Kunststoff, Holz oder Aluminium bei uns zu bekommen. Die unterschiedlichen Gestaltungsoptionen geben modernen T\u00fcren einen \u00e4u\u00dferst individualisierten Anstrich. F\u00fcr welche Version Sie sich letztendlich entscheiden: Tolle T\u00fcren sind immer ein echter Hingucker. In unserem Ausstellungsraum pr\u00e4sentieren wir Ihnen montags bis freitags in der Zeit von 9.00 und 18.00 Uhr sowie am Samstag in der Zeit von 9:00 und 13:00 Uhr eine stattliche Anzahl von L\u00f6sungsm\u00f6glichkeiten.<\/p>\n","protected":false},"excerpt":{"rendered":"<p>Neue T\u00fcren erh\u00f6hen den Wohnwert Ihrer Immobilie H\u00fcbsche T\u00fcren sind in gewisser Weise die Visitenkarte eines Geb\u00e4udes. Moderne T\u00fcren zeugen von Charakter, Geschmack und Qualit\u00e4tsanspruch. Nicht zuletzt betonen T\u00fcren immer auch die Ansicht eines Hauses. Qualitativ hochwertige T\u00fcren bieten neben einer optimalen Optik nat\u00fcrlich noch etliches mehr. Auch die Einbruchsvorsorge und einen Beitrag zum Energiehaushalt [&hellip;]<\/p>\n","protected":false},"author":1,"featured_media":0,"parent":0,"menu_order":0,"comment_status":"closed","ping_status":"closed","template":"","meta":{"footnotes":""},"class_list":["post-4713","page","type-page","status-publish","hentry"],"meta_box":{"popseo_subtitel":"Wir sind Ihr erfahrener Fachbetrieb f\u00fcr T\u00fcren im Raum Seevetal Rosengarten","popseo_subtitel2":"T\u00fcren - setzen Sie auf unsere Erfahrung","popseo_lasttitel":"T\u00fcren: F\u00fcr weitere Informationen sprechen Sie uns bitte an","popseo_region":"Seevetal Rosengarten","popseo_sachwort":"T\u00fcren","popseo_noupdate":"","popseo_einleitungstext":"<p>Wenn es um Sicherheit und Sonnenschutz geht, sind Sie bei der Firma Dirk Kaduk Bauelemte exakt an der richtigen Adresse. Seit Firmengr\u00fcndung sind wir Ihre lokalen Spezialisten f\u00fcr hochwertige Bauelemente. Zu unserem Produktangebot z\u00e4hlen beispielsweise Markisen, Rolltore, Terrassend\u00e4cher, T\u00fcren, Fenster, Au\u00dfenjalousien, Rolll\u00e4den und Carports. Unsere Fachleute erledigen Montage- und Reparaturarbeiten und zeigen Ihnen Wege auf, wie Sie Ihre Immobilie mit zeitgem\u00e4\u00dfen Bauelementen ausstatten k\u00f6nnen. Auf diesen Seiten haben wir erste Informationen f\u00fcr Sie zusammengetragen.<\/p>","popseo_schlusstext":"<p>Wenn Sie mehr wissen m\u00f6chten, informieren wir Sie n\u00e4her \u00fcber unsere Produkte und unser Aufgabenfeld. Wir nennen Ihnen mit Vergn\u00fcgen auch einige Referenzen, die Ihnen einen Einblick in unsere T\u00e4tigkeit geben.<br \/>\nVertrauen Sie den Spezialisten der Firma Kaduk. Rufen Sie uns doch einfach einmal an oder schreiben Sie uns eine kurze E-Mail. Wir freuen uns auf Sie.<\/p>","popseo_stadttext":"<h3>Unser Einzugsbereich umfasst auch Rosengarten und Seevetal<\/h2>\n<p>Unser Einzugsbereich umfasst auch Seevetal und Rosengarten. Durch unsere T\u00e4tigkeit haben wir uns einen ausgezeichneten \u00dcberblick \u00fcber die Architektur der St\u00e4dte und Gemeinden unseres Vertriebsgebietes machen k\u00f6nnen. Wir f\u00fchlen uns der Region verpflichtet und sind stolz darauf, einen Anteil zur guten Infrastruktur der Gemeinden beizusteuern zu d\u00fcrfen.  <\/p>\n<h3>Wissenswertes \u00fcber Seevetal und Rosengarten<\/h3>\n<p>Die Gemeinde Seevetal liegt in s\u00fcdlicher Richtung von Hamburg im nieders\u00e4chsischen Landkreis Harburg. 1972 schlossen sich insgesamt 19 zuvor selbst\u00e4ndige Orte zur Gesamtgemeinde Seevetal zusammen. Durch den Zusammenschluss gilt Seevetal mit rund 42.000 B\u00fcrgern als die gr\u00f6\u00dfte Gemeinde der Bundesrepublik Deutschland. Trotz der noch kurzen Geschichte, schauen einige der ehedem autonomen Gemeindeteile auf eine erstaunlich lange Geschichte zur\u00fcck. Die Stadtchronik von Seevetal informiert dar\u00fcber, dass der Gemeindeteil Ramelsloh bereits anno 845 erstmalig urkundlich genannt wurde. Die positive Bev\u00f6lkerungsentwicklung der Gemeinde Seevetal erkl\u00e4rt sich nicht zuletzt durch die verkehrstechnisch g\u00fcnstige Lage. Die N\u00e4he zur Freien und Hansestadt Hamburg macht Seevetal f\u00fcr Pendler reizvoll. Das Arbeiten in der Metropole und das Leben im eher l\u00e4ndlichen Bereich, gehen in Seevetal eine gute Verbindung ein. <\/p>\n<h4>Seevetal und Rosengarten \u2013 attraktive Wohnorte am Rande der Metropole<\/h4>\n<p>Der Gewerbestandort Seevetal ist f\u00fcr viele Firmen von au\u00dferordentlicher Anziehungskraft. Seevetal liegt zwischen f\u00fcnf Schnellstra\u00dfen. Die verkehrstechnisch exellente Lage garantiert sowohl eine hervorragende Erreichbarkeit als auch einen raschen G\u00fcterverkehr. Wirtschaftsf\u00f6rderung genie\u00dft in Seevetal Priorit\u00e4t. Die Gemeinde f\u00f6rdert breitfl\u00e4chig und unb\u00fcrokratisch die Gewerbeansiedlung. Seevetal ist Mitglied im Hamburger Verkehrsverbund (HVV). Auf der Schiene erreicht man den Gemeindeteil Hittfeld mit dem Metronom \u00fcber die Strecke HH-Harburg-Buchholz-Tostedt. Die zu Seevetal z\u00e4hlenden Gemeindeteile Meckelfeld und Maschen sind an die Strecke HH-Harburg-Winsen-L\u00fcneburg angebunden.  <\/p>\n<p>Die Gemeinde Seevetal zeichnet sich durch eine hohe Lebensqualit\u00e4t aus. Eine hervorragende Infrastruktur macht das Leben in Seevetal besonders f\u00fcr junge Familien reizvoll. Durch die gesunde und auf Wachstum ausgerichte Wirtschaft in Seevetal wird von den Gemeindeoberen au\u00dferdem besondere Priorit\u00e4t auf die Attraktivit\u00e4t des Wohnortes Seevetal gelegt. In den 19 Einzelgemeinden von Seevetal findet man mehr als genug Baugrund f\u00fcr private Bauherren.<\/p>\n<p>\u00c4hnlich attraktiv zeigt sich Rosengarten. Die Gemeinde liegt rund rund 15 Kilometer von Seevetal entfernt. \u00dcber 13.000 Menschen wohnen in dem beschaulichen Ort, der sich \u00fcber ein Gebiet von in etwa 63 qkm erstreckt. Rosengarten grenzt an die Hamburger Stadtteile Heimfeld, Hausbruch und Marmstorf. Das in erster Linie beschauliche Leben auf dem Lande verbindet sich in Rosengarten auf exzellente Weise mit den Verg\u00fcnstgungen der nahen Gro\u00dfstadt. Rosengarten und Seevetal verf\u00fcgen \u00fcber zahlreiche idyllische Wohngebiete, die insbesondere von einer ansprechenden Einzelhausbebauung bestimmt sind. <\/p>\n<h4>Hohe Qualit\u00e4t f\u00fcr Kunden aus Seevetal und Rosengarten<\/h4>\n<p>Sie leben in Seevetal oder Rosengarten und interessieren sich f\u00fcr unser Leistungsangebot. Klasse, dass Sie diese Website gefunden haben. F\u00fcr R\u00fcckfragen stehen wir Ihnen jederzeit zur Verf\u00fcgung. Auf Ihre Anfragen freuen wir uns.<\/p>","popseo_zusatztext":"<h3>G\u00fcnstig und preiswert \u2013 unser Leistung f\u00fcr Sie<\/h3>\n<p>Bauelemente m\u00fcssen h\u00f6chsten Anspr\u00fcchen gerecht werden. Gleichwohl mu\u00df es g\u00fcnstig und preiswert sein. Das muss generell kein Widerspruch sein. <\/p>\n<p>Als Fachunternehmen f\u00fcr Sonnenschutz- und Sicherheitssysteme verwenden wir ausschlie\u00dflich ausgezeichnete Produkte. Trotzdem achten wir immer auf ein passendes Preis-Leistungsverh\u00e4ltnis. Wir m\u00f6chten Ihnen Spitzenqualit\u00e4t anbieten, die gleichzeitig auch g\u00fcnstig und preiswert ist. Geben Sie Ihrem Haus g\u00fcnstig und preiswert das gewisse Mehr an Qualit\u00e4t. Markisen und Rolll\u00e4den oder andere Sonnenschutzl\u00f6sungen sehen nicht nur schick aus, sie leisten auch einen bedeutsamen Anteil zur W\u00e4rmed\u00e4mmung.  <\/p>\n<h3>G\u00fcnstig und preiswert \u2013 es muss wirklich nicht immer teuer sein<\/h3>\n<p>D\u00fcrfen wir Sie beraten, wie Sie g\u00fcnstig und preiswert einen optimalen Sonnenschutz f\u00fcr Ihr Haus verwirklichen? Klasse, dann warten Sie bitte nicht und nehmen am besten sofort heute noch Verbindung mit uns auf. Ein kurzer Anruf oder auch eine schnelle E-Mail gen\u00fcgen. Gern informieren Sie unsere gut geschulten Profis \u00fcber die verschiedenen M\u00f6glichkeiten, wie Sie Ihr Zuhause g\u00fcnstig und preiswert mit Markisen und Rolll\u00e4den oder anderen Sonnenschutzprodukten versehen. Wir freuen uns auf das Gespr\u00e4ch mit Ihnen. <\/p>\n<h4>Hochwertige Arbeit g\u00fcnstig und preiswert<\/h4>\n<p>Z\u00e4hlen Sie beim Thema Sonnenschutz und Sicherheit auf den Experten. Nur ein Fachbetrieb kennt die diversen Optionen, wie Sie g\u00fcnstig und preiswert, trotzdem qualitativ hochwertig einen tadellosen Sonnenschutz erreichen. Qualit\u00e4tsbewusst, g\u00fcnstig und preiswert: Wir empfehlen uns als spezialisiertes Fachunternehmen im Norden. Unsere gro\u00dfe Erfahrung spricht f\u00fcr uns.<\/p>","popseo_links":"<a href=\"https:\/\/www.kaduk-bauelemente.de\/leistungen\/terrassenueberdachungen-aus-aluminium-bergedorf-wentorf\/\">Terrassen\u00fcberdachungen aus Aluminium Bergedorf Wentorf<\/a>, <a href=\"https:\/\/www.kaduk-bauelemente.de\/leistungen\/raffstores-bergedorf-wentorf\/\">Raffstores Bergedorf Wentorf<\/a>, <a href=\"https:\/\/www.kaduk-bauelemente.de\/leistungen\/markisen-schwarzenbek\/\">Markisen Schwarzenbek<\/a>, <a href=\"https:\/\/www.kaduk-bauelemente.de\/leistungen\/zaunbau-stelle\/\">Zaunbau Stelle<\/a>, <a href=\"https:\/\/www.kaduk-bauelemente.de\/leistungen\/insektenschutz-bienenbuettel\/\">Insektenschutz Bienenb\u00fcttel<\/a>, <a href=\"https:\/\/www.kaduk-bauelemente.de\/leistungen\/terrassendaecher-aus-aluminium-geesthacht\/\">Terrassend\u00e4cher aus Aluminium Geesthacht<\/a>, <a href=\"https:\/\/www.kaduk-bauelemente.de\/leistungen\/kunststofffenster-bardowick\/\">Kunststofffenster Bardowick<\/a>, <a href=\"https:\/\/www.kaduk-bauelemente.de\/leistungen\/zaeune-reppenstedt\/\">Z\u00e4une Reppenstedt<\/a>, <a href=\"https:\/\/www.kaduk-bauelemente.de\/leistungen\/terrassenueberdachungen-aus-holz-geesthacht\/\">Terrassen\u00fcberdachungen aus Holz Geesthacht<\/a>, <a href=\"https:\/\/www.kaduk-bauelemente.de\/leistungen\/terrassendaecher-aus-aluminium-ebstorf\/\">Terrassend\u00e4cher aus Aluminium Ebstorf<\/a>, <a href=\"https:\/\/www.kaduk-bauelemente.de\/leistungen\/garagentore-bergedorf-wentorf\/\">Garagentore Bergedorf Wentorf<\/a>, <a href=\"https:\/\/www.kaduk-bauelemente.de\/leistungen\/rolllaeden-ebstorf\/\">Rolll\u00e4den Ebstorf<\/a>, <a href=\"https:\/\/www.kaduk-bauelemente.de\/leistungen\/terrassendaecher-aus-aluminium-hanstedt\/\">Terrassend\u00e4cher aus Aluminium Hanstedt<\/a>, <a href=\"https:\/\/www.kaduk-bauelemente.de\/leistungen\/haustueren-reppenstedt\/\">Haust\u00fcren Reppenstedt<\/a>, <a href=\"https:\/\/www.kaduk-bauelemente.de\/leistungen\/fenster-geesthacht\/\">Fenster Geesthacht<\/a>, <a href=\"https:\/\/www.kaduk-bauelemente.de\/leistungen\/garagentore-salzhausen\/\">Garagentore Salzhausen<\/a>, <a href=\"https:\/\/www.kaduk-bauelemente.de\/leistungen\/terrassendaecher-aus-aluminium-adendorf\/\">Terrassend\u00e4cher aus Aluminium Adendorf<\/a>, <a href=\"https:\/\/www.kaduk-bauelemente.de\/leistungen\/rollladen-boizenburg\/\">Rollladen Boizenburg<\/a>, <a href=\"https:\/\/www.kaduk-bauelemente.de\/leistungen\/kunststofffenster-buchholz\/\">Kunststofffenster Buchholz<\/a>, <a href=\"https:\/\/www.kaduk-bauelemente.de\/leistungen\/zaeune-tostedt-sittensen\/\">Z\u00e4une Tostedt Sittensen<\/a>, <a href=\"https:\/\/www.kaduk-bauelemente.de\/leistungen\/holzfenster-amelinghausen\/\">Holzfenster Amelinghausen<\/a>, <a href=\"https:\/\/www.kaduk-bauelemente.de\/leistungen\/fenster-stelle\/\">Fenster Stelle<\/a>, <a href=\"https:\/\/www.kaduk-bauelemente.de\/leistungen\/haustueren-adendorf\/\">Haust\u00fcren Adendorf<\/a>, <a href=\"https:\/\/www.kaduk-bauelemente.de\/leistungen\/haustueren-ebstorf\/\">Haust\u00fcren Ebstorf<\/a>, <a href=\"https:\/\/www.kaduk-bauelemente.de\/leistungen\/haustueren-bergedorf-wentorf\/\">Haust\u00fcren Bergedorf Wentorf<\/a>, <a href=\"https:\/\/www.kaduk-bauelemente.de\/leistungen\/raffstores-lueneburg\/\">Raffstores L\u00fcneburg<\/a>"},"_links":{"self":[{"href":"https:\/\/www.kaduk-bauelemente.de\/leistungen\/wp-json\/wp\/v2\/pages\/4713","targetHints":{"allow":["GET"]}}],"collection":[{"href":"https:\/\/www.kaduk-bauelemente.de\/leistungen\/wp-json\/wp\/v2\/pages"}],"about":[{"href":"https:\/\/www.kaduk-bauelemente.de\/leistungen\/wp-json\/wp\/v2\/types\/page"}],"author":[{"embeddable":true,"href":"https:\/\/www.kaduk-bauelemente.de\/leistungen\/wp-json\/wp\/v2\/users\/1"}],"replies":[{"embeddable":true,"href":"https:\/\/www.kaduk-bauelemente.de\/leistungen\/wp-json\/wp\/v2\/comments?post=4713"}],"version-history":[{"count":0,"href":"https:\/\/www.kaduk-bauelemente.de\/leistungen\/wp-json\/wp\/v2\/pages\/4713\/revisions"}],"wp:attachment":[{"href":"https:\/\/www.kaduk-bauelemente.de\/leistungen\/wp-json\/wp\/v2\/media?parent=4713"}],"curies":[{"name":"wp","href":"https:\/\/api.w.org\/{rel}","templated":true}]}}