{"id":4711,"date":"2021-08-25T12:19:36","date_gmt":"2021-08-25T10:19:36","guid":{"rendered":"https:\/\/www.kaduk-bauelemente.de\/leistungen\/tueren-salzhausen\/"},"modified":"2021-08-25T12:19:36","modified_gmt":"2021-08-25T10:19:36","slug":"tueren-salzhausen","status":"publish","type":"page","link":"https:\/\/www.kaduk-bauelemente.de\/leistungen\/tueren-salzhausen\/","title":{"rendered":"T\u00fcren &#8211; Salzhausen"},"content":{"rendered":"<h3>Wir beraten Sie \u00fcber T\u00fcren!<\/h3>\n<p>Sch\u00f6ne T\u00fcren sind gewisserma\u00dfen die Visitenkarte eines Hauses. Moderne T\u00fcren zeugen von Pers\u00f6nlichkeit, Geschmack und Qualit\u00e4tsanspruch. Nicht zuletzt betonen T\u00fcren immer auch die Architektur eines Gesch\u00e4fts- und Wohnhauses. Qualitativ hochwertige T\u00fcren bieten neben einer attraktiven Optik nat\u00fcrlich noch viel mehr. Auch der Schutz vor Einbrechern und einen Beitrag zum Energiesparen k\u00f6nnen Sie von hochwertigen T\u00fcren erwarten. <\/p>\n<h3>Wir informieren Sie \u00fcber T\u00fcren!<\/h3>\n<p>Wer hochwertige T\u00fcren sucht, steht vor der Wahl: Sie m\u00fcssen bei T\u00fcren zwischen traditionellem und modernem Design ausw\u00e4hlen. Ebenso sind T\u00fcren in Holz, Aluminium oder Kunststoff vorr\u00e4tig. Die verschiedenen Anpassungsm\u00f6glichkeiten geben modernen T\u00fcren einen \u00e4u\u00dferst individuellen Anstrich. F\u00fcr welche Variante Sie sich letztendlich entscheiden: H\u00fcbsche T\u00fcren sind immer ein echter Hingucker. In unserem Ausstellungsraum zeigen wir Ihnen montags bis freitags in der Zeit von 9.00 und 18.00 Uhr sowie samstags zwischen 9:00 und 13:00 Uhr eine Reihe von Umsetzungsm\u00f6glichkeiten.<\/p>\n","protected":false},"excerpt":{"rendered":"<p>Wir beraten Sie \u00fcber T\u00fcren! Sch\u00f6ne T\u00fcren sind gewisserma\u00dfen die Visitenkarte eines Hauses. Moderne T\u00fcren zeugen von Pers\u00f6nlichkeit, Geschmack und Qualit\u00e4tsanspruch. Nicht zuletzt betonen T\u00fcren immer auch die Architektur eines Gesch\u00e4fts- und Wohnhauses. Qualitativ hochwertige T\u00fcren bieten neben einer attraktiven Optik nat\u00fcrlich noch viel mehr. Auch der Schutz vor Einbrechern und einen Beitrag zum Energiesparen [&hellip;]<\/p>\n","protected":false},"author":1,"featured_media":0,"parent":0,"menu_order":0,"comment_status":"closed","ping_status":"closed","template":"","meta":{"footnotes":""},"class_list":["post-4711","page","type-page","status-publish","hentry"],"meta_box":{"popseo_subtitel":"Wir sind Ihr erfahrener Experte f\u00fcr T\u00fcren im Raum Salzhausen","popseo_subtitel2":"T\u00fcren - unsere Spezialisten kennen sich aus!","popseo_lasttitel":"T\u00fcren: Wir beantworten Ihre Fragen!","popseo_region":"Salzhausen","popseo_sachwort":"T\u00fcren","popseo_noupdate":"","popseo_einleitungstext":"<p>Sie wollen Ihre Gesch\u00e4fts- oder Wohnimmobilie mit modernen Bauelementen ausstatten lassen und m\u00f6chten sich \u00fcber unser Produkt- und Leistungsangebot informieren? Prima, dann sind Sie auf dieser Seite goldrichtig. Unser Produktportfolio umfasst zum Beispiel Rolltore, Markisen, Terrassend\u00e4cher, Au\u00dfenjalousien, T\u00fcren, Fenster, Carports und Rolll\u00e4den. Als auf Sonnenschutz und Sicherheit spezialisiertes Fachunternehmen \u00fcbernehmen wir insbesondere auch Montage- und Reparaturarbeiten. Erfahren Sie auf dieser und den nachfolgenden Seiten mehr \u00fcber uns und unser Angebot. \u00dcber Ihr Interesse freuen wir uns sehr.<\/p>","popseo_schlusstext":"<p>Wenn Sie mehr wissen m\u00f6chten, informieren wir Sie n\u00e4her \u00fcber unsere Produkte und unser Aufgabenfeld. Wir nennen Ihnen mit Vergn\u00fcgen auch ein paar Projekte, die Ihnen einen Einblick in unsere Unternehmenst\u00e4tigkeit geben.<br \/>\nDie Fachleute der Firma Kaduk sind gerne f\u00fcr Sie im Einsatz. Rufen Sie uns doch einfach einmal an oder senden Sie uns eine schnelle E-Mail. Wir freuen uns auf den Kontakt zu Ihnen.<\/p>","popseo_stadttext":"<h3>Wir freuen uns \u00fcber zufriedene Kunden aus Salzhausen<\/h3>\n<p>Sie kommen aus Salzhausen und sind hier im World Wide Web auf unsere Homepage gesto\u00dfen? Das finden wir klasse. Sehr gerne pr\u00e4sentieren wir Ihnen unser gesamtes Leistungsspektrum und beantworten Ihre Fragen. Durch unsere Vertriebst\u00e4tigkeit haben wir uns einen sehr guten \u00dcberblick \u00fcber die Architektur der St\u00e4dte und Gemeinden unseres Einzugsbereiches erarbeiten k\u00f6nnen. Nat\u00fcrlich z\u00e4hlt auch Salhausen zu unserem unmittelbaren Gesch\u00e4ftsgebiet. Wir freuen uns darauf, mit Ihnen in Kontakt zu kommen. <\/p>\n<h3>Einige Informationen zur Samtgemeinde Salzhausen<\/h3>\n<p>Rund 5.000 Einwohner wohnen in Salzhausen auf einer Gesamtfl\u00e4che von 34 qkm. Der insbesondere als Wohnstatt begehrte Ort ist eine echte Pendlerstadt. Von Salzhausen f\u00e4hrt man ins nahegelegene Hamburg in rund 35 Minuten. Das lokale Mittelzentrum L\u00fcneburg ist nur 20 Kilometer entfernt. Salzhausen ist Teil der Metropolregion Hamburg und geh\u00f6rt verwaltungstechnisch zum Kreis Harburg.<\/p>\n<p>Der beschauliche kleine Ort ist Verwaltungssitz der Samtgemeinde Salzhausen, einer Vereinigung von 13 kleineren Ortschaften und acht Mitgliedsgemeinden. Die Samtgemeinde Salzhausen z\u00e4hlt insgesamt knapp 14.000 Einwohner und erstreckt sich \u00fcber eine Fl\u00e4che von etwas mehr als 148 km\u00b2. Einige der bekanntesten Ortschaften sind Garlsdorf, Eyendorf, G\u00f6denstorf, Garstedt, Luhm\u00fchlen und Toppenstedt. Salzhausen wie auch die anderen Orte der Samtgemeinde sind besonders familiengeeignete Wohnst\u00e4tten. Salzhausen gef\u00e4llt durch eine eher bukolische Anmutung. Viele Naherholungsgebiete und landwirtschaftlich genutzte Fl\u00e4chen laden zum Verweilen ein.<\/p>\n<h4>Privat- und Gesch\u00e4ftskunden aus Salzhausen sch\u00e4tzen unsere Leistungen!<\/h4>\n<p>Das Leben in Salzhausen, Eyendorf, Garlsdorf, G\u00f6denstorf, Garstedt, Luhm\u00fchlen und Toppenstedt ist ruhig. Alle Orte der Samtgemeinde Salzhausen verf\u00fcgen \u00fcber sch\u00f6ne Wohngebiete, die vor allem von einer angenehmen Einzelhausbebauung gepr\u00e4gt sind. Sie interessieren sich f\u00fcr unser Leistungsprogramm und haben deshalb unsere Homepage besucht? Dar\u00fcber freuen wir uns sehr. Unser freundliches Spezialistenteam nimmt gerne Ihren Anruf entgegen oder beantwortet Ihre E-Mail.<\/p>","popseo_zusatztext":"<h3>Kaduk Bauelemente ist Ihr Fachbetrieb f\u00fcr Sonnen- und Sichtschutz<\/h3>\n<p>Setzen Sie bei Sonnenschutz und Sicherheit auf alle F\u00e4lle auf die fachliche Leistung vom Fachbetrieb. Nur ein Fachbetrieb kennt die Alternativen, wie man zu einem hervorragenden Ergebnis kommt. Um sich mit Fug und Recht als Fachbetrieb bezeichnen zu d\u00fcrfen, braucht es eine qualifizierte Ausbildung der Mitarbeiter und eine langj\u00e4hrige Erfahrung.  <\/p>\n<p>Unsere Firma empfiehlt sich als Ihr fachkundiger Fachbetrieb f\u00fcr Sicherheit und Sonnenschutz. Setzen Sie auf Qualit\u00e4t und schenken Sie unserem Fachbetrieb Ihr Vertrauen. Wir bieten Ihnen beispielsweise hochwertige Markisen und Rolll\u00e4den und legen allergr\u00f6\u00dften Wert auf einen perfekten Service. Schon seit vielen Jahren sind wir spezialisierter Fachbetrieb f\u00fcr Terrassend\u00e4cher, Au\u00dfenjalousien, Rolll\u00e4den im Raum L\u00fcneburg. Es ist uns wichtig, dass Sie \u00fcber lange Zeit viel Freude an Ihrem Sicht und Sonnenschutz haben. Von einem Fachbetrieb d\u00fcrfen Sie ohne Frage eine absolute Top-Leistung erwarten.<\/p>\n<h3>Sicht- und Sonnenschutz\u2013 ein Thema f\u00fcr den Fachbetrieb<\/h3>\n<p>Als Fachbetrieb darf sich eine Unternehmung bezeichnen, deren Mitarbeiter \u00fcber dokumentierte Qualifikationen verf\u00fcgen. Dies ist zum Beispiel eine entsprechende Ausbildung oder ein Meisterbrief. Dar\u00fcber hinaus zeichnet eine langj\u00e4hrige praktische Erfahrung einen Fachbetrieb aus. Schon seit vielen Jahren konzentrieren wir uns als spezialisiertes Unternehmen auf Sicherheit und Sonnenschutz von Wohn- und Gesch\u00e4ftsh\u00e4usern. In diesen langen Jahren haben wir uns die Bezeichnung Fachbetrieb ganz bestimmt erarbeitet. Wir nutzen nur qualitativ beste Materialien. Dabei achten wir immer auf ein perfektes Preis-Leistungsverh\u00e4ltnis. Unser Selbstverst\u00e4ndnis als Fachbetrieb: Wir bieten Ihnen beste Qualit\u00e4t zu einem 1a- Preis.<\/p>","popseo_links":"<a href=\"https:\/\/www.kaduk-bauelemente.de\/leistungen\/kunststofffenster-bergedorf-wentorf\/\">Kunststofffenster Bergedorf Wentorf<\/a>, <a href=\"https:\/\/www.kaduk-bauelemente.de\/leistungen\/rollladen-maschen\/\">Rollladen Maschen<\/a>, <a href=\"https:\/\/www.kaduk-bauelemente.de\/leistungen\/sektionaltore-buechen\/\">Sektionaltore B\u00fcchen<\/a>, <a href=\"https:\/\/www.kaduk-bauelemente.de\/leistungen\/terrassendaecher-aus-aluminium-bergedorf-wentorf\/\">Terrassend\u00e4cher aus Aluminium Bergedorf Wentorf<\/a>, <a href=\"https:\/\/www.kaduk-bauelemente.de\/leistungen\/rolltore-maschen\/\">Rolltore Maschen<\/a>, <a href=\"https:\/\/www.kaduk-bauelemente.de\/leistungen\/terrassendaecher-aus-holz-reppenstedt\/\">Terrassend\u00e4cher aus Holz Reppenstedt<\/a>, <a href=\"https:\/\/www.kaduk-bauelemente.de\/leistungen\/holzfenster-winsen-luhe\/\">Holzfenster Winsen Luhe<\/a>, <a href=\"https:\/\/www.kaduk-bauelemente.de\/leistungen\/garagen-herzogtum-lauenburg\/\">Garagen Herzogtum Lauenburg<\/a>, <a href=\"https:\/\/www.kaduk-bauelemente.de\/leistungen\/terrassenueberdachungen-aus-aluminium-reinbek-glinde\/\">Terrassen\u00fcberdachungen aus Aluminium Reinbek Glinde<\/a>, <a href=\"https:\/\/www.kaduk-bauelemente.de\/leistungen\/aussenjalousien-winsen-luhe\/\">Au\u00dfenjalousien Winsen Luhe<\/a>, <a href=\"https:\/\/www.kaduk-bauelemente.de\/leistungen\/haustueren-bispingen\/\">Haust\u00fcren Bispingen<\/a>, <a href=\"https:\/\/www.kaduk-bauelemente.de\/leistungen\/garagen-buechen\/\">Garagen B\u00fcchen<\/a>, <a href=\"https:\/\/www.kaduk-bauelemente.de\/leistungen\/terrassendaecher-aus-holz-maschen\/\">Terrassend\u00e4cher aus Holz Maschen<\/a>, <a href=\"https:\/\/www.kaduk-bauelemente.de\/leistungen\/fliegengitter-harburg\/\">Fliegengitter Harburg<\/a>, <a href=\"https:\/\/www.kaduk-bauelemente.de\/leistungen\/rolllaeden-buechen\/\">Rolll\u00e4den B\u00fcchen<\/a>, <a href=\"https:\/\/www.kaduk-bauelemente.de\/leistungen\/garagen-bergedorf-wentorf\/\">Garagen Bergedorf Wentorf<\/a>, <a href=\"https:\/\/www.kaduk-bauelemente.de\/leistungen\/carports-stelle\/\">Carports Stelle<\/a>, <a href=\"https:\/\/www.kaduk-bauelemente.de\/leistungen\/terrassenueberdachungen-aus-holz-lueneburg\/\">Terrassen\u00fcberdachungen aus Holz L\u00fcneburg<\/a>, <a href=\"https:\/\/www.kaduk-bauelemente.de\/leistungen\/kunststofffenster-harburg\/\">Kunststofffenster Harburg<\/a>, <a href=\"https:\/\/www.kaduk-bauelemente.de\/leistungen\/fenster-bad-bevensen\/\">Fenster Bad Bevensen<\/a>, <a href=\"https:\/\/www.kaduk-bauelemente.de\/leistungen\/garagentore-herzogtum-lauenburg\/\">Garagentore Herzogtum Lauenburg<\/a>, <a href=\"https:\/\/www.kaduk-bauelemente.de\/leistungen\/terrassendaecher-aus-holz-bad-bevensen\/\">Terrassend\u00e4cher aus Holz Bad Bevensen<\/a>, <a href=\"https:\/\/www.kaduk-bauelemente.de\/leistungen\/rolllaeden-tostedt-sittensen\/\">Rolll\u00e4den Tostedt Sittensen<\/a>, <a href=\"https:\/\/www.kaduk-bauelemente.de\/leistungen\/holzfenster-bad-bevensen\/\">Holzfenster Bad Bevensen<\/a>, <a href=\"https:\/\/www.kaduk-bauelemente.de\/leistungen\/zaunbau-harburg\/\">Zaunbau Harburg<\/a>, <a href=\"https:\/\/www.kaduk-bauelemente.de\/leistungen\/rollladen-harburg\/\">Rollladen Harburg<\/a>"},"_links":{"self":[{"href":"https:\/\/www.kaduk-bauelemente.de\/leistungen\/wp-json\/wp\/v2\/pages\/4711","targetHints":{"allow":["GET"]}}],"collection":[{"href":"https:\/\/www.kaduk-bauelemente.de\/leistungen\/wp-json\/wp\/v2\/pages"}],"about":[{"href":"https:\/\/www.kaduk-bauelemente.de\/leistungen\/wp-json\/wp\/v2\/types\/page"}],"author":[{"embeddable":true,"href":"https:\/\/www.kaduk-bauelemente.de\/leistungen\/wp-json\/wp\/v2\/users\/1"}],"replies":[{"embeddable":true,"href":"https:\/\/www.kaduk-bauelemente.de\/leistungen\/wp-json\/wp\/v2\/comments?post=4711"}],"version-history":[{"count":0,"href":"https:\/\/www.kaduk-bauelemente.de\/leistungen\/wp-json\/wp\/v2\/pages\/4711\/revisions"}],"wp:attachment":[{"href":"https:\/\/www.kaduk-bauelemente.de\/leistungen\/wp-json\/wp\/v2\/media?parent=4711"}],"curies":[{"name":"wp","href":"https:\/\/api.w.org\/{rel}","templated":true}]}}