{"id":4707,"date":"2021-08-25T12:19:36","date_gmt":"2021-08-25T10:19:36","guid":{"rendered":"https:\/\/www.kaduk-bauelemente.de\/leistungen\/tueren-lueneburg\/"},"modified":"2021-08-25T12:19:36","modified_gmt":"2021-08-25T10:19:36","slug":"tueren-lueneburg","status":"publish","type":"page","link":"https:\/\/www.kaduk-bauelemente.de\/leistungen\/tueren-lueneburg\/","title":{"rendered":"T\u00fcren &#8211; L\u00fcneburg"},"content":{"rendered":"<h3>D\u00fcrfen wir Ihre Fragen zu T\u00fcren  beantworten?<\/h3>\n<p>Schmucke T\u00fcren sind in gewisser Weise die Visitenkarte eines Wohnhauses. Moderne T\u00fcren zeugen von Individualit\u00e4t, Geschmack und Qualit\u00e4tsbewusstsein. Nicht zuletzt unterstreichen T\u00fcren immer auch das Erscheinungsbild eines Gesch\u00e4fts- und Wohnhauses. Qualitativ hochwertige T\u00fcren bieten neben einer sch\u00f6nen Optik selbstverst\u00e4ndlich noch viel mehr. Auch die Einbruchsvorsorge und einen Beitrag zum W\u00e4rmehaushalt d\u00fcrfen Sie von hochwertigen T\u00fcren erwarten. <\/p>\n<h3>Sie interessieren sich f\u00fcr neue T\u00fcren? Dann besuchen Sie unsere Ausstellung!<\/h3>\n<p>Wer hochwertige T\u00fcren sucht, steht vor der Wahl: Sie d\u00fcrfen bei T\u00fcren zwischen traditionellem und modernem Design ausw\u00e4hlen. Au\u00dferdem sind T\u00fcren in Kunststoff, Holz oder Aluminium zu bekommen. Die diversen Anpassungsm\u00f6glichkeiten verleihen modernen T\u00fcren einen \u00e4u\u00dferst individualisierten Anstrich. F\u00fcr welche L\u00f6sung Sie sich letzlich entscheiden: Sch\u00f6ne T\u00fcren sind immer ein echter Hingucker. In unserem Ausstellungsraum pr\u00e4sentieren wir Ihnen von Montag bis Freitag in der Zeit von 9.00 und 18.00 Uhr sowie samstags zwischen 9:00 und 13:00 Uhr zahlreiche Umsetzungsm\u00f6glichkeiten.<\/p>\n","protected":false},"excerpt":{"rendered":"<p>D\u00fcrfen wir Ihre Fragen zu T\u00fcren beantworten? Schmucke T\u00fcren sind in gewisser Weise die Visitenkarte eines Wohnhauses. Moderne T\u00fcren zeugen von Individualit\u00e4t, Geschmack und Qualit\u00e4tsbewusstsein. Nicht zuletzt unterstreichen T\u00fcren immer auch das Erscheinungsbild eines Gesch\u00e4fts- und Wohnhauses. Qualitativ hochwertige T\u00fcren bieten neben einer sch\u00f6nen Optik selbstverst\u00e4ndlich noch viel mehr. Auch die Einbruchsvorsorge und einen Beitrag [&hellip;]<\/p>\n","protected":false},"author":1,"featured_media":0,"parent":0,"menu_order":0,"comment_status":"closed","ping_status":"closed","template":"","meta":{"footnotes":""},"class_list":["post-4707","page","type-page","status-publish","hentry"],"meta_box":{"popseo_subtitel":"Wir sind Ihr erfahrener Experte f\u00fcr T\u00fcren im Raum L\u00fcneburg","popseo_subtitel2":"T\u00fcren - von den Spezialisten unserer Firma","popseo_lasttitel":"T\u00fcren: D\u00fcrfen wir Ihre Fragen beantworten?","popseo_region":"L\u00fcneburg","popseo_sachwort":"T\u00fcren","popseo_noupdate":"","popseo_einleitungstext":"<p>Wenn es um Sicherheit und Sonnenschutz geht, sind Sie bei der Firma Dirk Kaduk Bauelemte exakt an der richtigen Adresse. Seit Firmengr\u00fcndung sind wir Ihre lokalen Experten f\u00fcr qualitativ hochwertige Bauelemente. Zu unserem Produktangebot geh\u00f6ren beispielsweise Markisen, Rolltore, Terrassend\u00e4cher, T\u00fcren, Fenster, Au\u00dfenjalousien, Rolll\u00e4den und Carports. Unsere Fachleute erledigen Reparatur- und Montagearbeiten und zeigen Ihnen Wege auf, wie Sie Ihr Gesch\u00e4fts- oder Wohnhaus mit zeitgem\u00e4\u00dfen Bauelementen ausstatten k\u00f6nnen. Nachfolgend haben wir einige erste Informationen f\u00fcr Sie zusammengetragen.<\/p>","popseo_schlusstext":"<p>H\u00f6chste Anspr\u00fcche an unsere eigenen Leistungen sind f\u00fcr uns selbstverst\u00e4ndlich. Know-how, Fachkompetenz und Zuverl\u00e4ssigkeit garantieren erfolgreiche Sicherheits- und Sonnenschutzprojekte. Die Zufriedenheit unserer Kunden steht f\u00fcr uns immer im Vordergrund}. Unsere Experten freuen sich \u00fcber Ihre Anfrage, ganz egal ob per Telefonanruf oder E-Mail.<\/p>","popseo_stadttext":"<h3>Unsere Leistung auch in L\u00fcneburg und Bleckede<\/h3>\n<p>Wir arbeiten f\u00fcr Kunden aus L\u00fcneburg und Bleckede. Durch unsere Gesch\u00e4ftst\u00e4tigkeit haben wir uns einen sehr guten \u00dcberblick \u00fcber die Architektur der Gemeinden und St\u00e4dte unseres Einzugsbereiches machen k\u00f6nnen. Nat\u00fcrlich z\u00e4hlt auch Ihre Region zu unserem unmittelbaren Gesch\u00e4ftsgebiet. Wir freuen uns darauf, mit Ihnen ins Gespr\u00e4ch zu treten. <\/p>\n<h3>Gute Gr\u00fcnde sprechen f\u00fcr die Wohnorte L\u00fcneburg und Bleckede<\/h3>\n<p>In der gerade einmal 40 Kilometer s\u00fcdlich von Freien und Hansestadt Hamburg gelegenen Stadt L\u00fcneburg leben rund 70.000 Anwohner. Das Stadtgebiet erstreckt sich \u00fcber eine Gesamtfl\u00e4che von 70 qkm. L\u00fcneburg ist Kreisstadt des Kreises L\u00fcneburg und geh\u00f6rt zur Metropolregion Hamburg. Was viele nicht wissen: L\u00fcneburg ist eine historische Hansestadt. Malerisch an der Ilmenau gelegen, erfreut sich L\u00fcneburg hoher Popularit\u00e4t bei Tagesbesuchern und Touristen. Die etwa 300.000 \u00dcbernachtungen, welche das nieders\u00e4chsische Landesamt f\u00fcr Statistik festgestellt hat, sprechen eine ganz klare Sprache. Besonders besuchenswert ist der zentrumsnahe Bereich von L\u00fcneburg. Ungez\u00e4hlte geschichtstr\u00e4chtige Bauwerke verleihen der Stadt einen absolut unverwechselbaren Charme. Bei einem Bummel durch die Altstadt von L\u00fcneburg sollte man auf alle F\u00e4lle die Kirche St. Nicolai im Wasserviertel, das Stadtschloss am Markt sowie den Stintmarkt am L\u00fcneburger Hafen besuchen. Wer ein wenig Zeit \u00fcbrig hat, macht Station in einem der vielen h\u00fcbschen Caf\u00e9s am Marktplatz und l\u00e4sst einfach die herrliche Stimmung von L\u00fcneburg auf sich wirken. Die vielen Fachwerkgeb\u00e4ude geben dem st\u00e4dtischen Ensemble eine v\u00f6llig unverwechselbare Aura. Die beschauliche Universit\u00e4tsstadt ist ber\u00fchmt f\u00fcr die Salzproduktion. In L\u00fcneburg befindet sich ein ein alter Salzstock. Dort wurde \u00fcber viel Jahrhunderte in gro\u00dfem Stile Salz gef\u00f6rdert. Das Deutsche Salzmuseum L\u00fcneburg erz\u00e4hlt heute von diesem bedeutenden Teil der Stadtchronik. Au\u00dferdem ist der Stint eine bekannte kulinarische K\u00f6stlichkeit. Dem kleinen Fisch begegnet man in L\u00fcneburg fast auf Schritt und Tritt. Bei einem Besuch der nieders\u00e4chsischen Kreisstadt sollte man ein Stint-Essen auf keinen Fall verpassen.      <\/p>\n<p>L\u00fcneburg liegt an der Bundesautobahn A39. Auch \u00fcber die Bundesstra\u00dfen B4, B209 und B216 f\u00e4hrt man rasch und sicher in die nieders\u00e4chsische Mittelstadt. Auch das Umland \u2013 zum Beispiel Scharnebeck, Salzhausen, Fleestedt, Hanstedt, Bienenb\u00fcttel, Amelinghausen und Egestorf - ist gut angebunden. Wer mit der Eisenbahn nach L\u00fcneburg fahren m\u00f6chte, kann dies \u00fcber die Streckenverbindung Hamburg-Hannover tun. Auch besteht eine Regionalverbindung durch den Verkehrsbetrieb Metronom. Die Fahrdauer zwischen Hamburg und L\u00fcneburg betr\u00e4gt lediglich 30 Minuten. <\/p>\n<h3>L\u00fcneburg und Bleckede: Attraktive Lebensmittelpunkte!<\/h3>\n<p>Die Stadt Bleckede befindet sich im nieders\u00e4chsischen Kreis L\u00fcneburg. Bleckede z\u00e4hlt ungef\u00e4hr 10.000 Einwohner. Das st\u00e4dtische Areal erstreckt sich \u00fcber eine Gesamtfl\u00e4che von etwa 139 qkm. In direkter N\u00e4he finden sich die Ortschaften Thomasburg, Vastorf, Amt Neuhaus und Dahlenburg. Zu Bleckede geh\u00f6ren insgesamt 15 Gemeindeteile. Die ausgezeichnete Lage unmittelbar an der Elbe macht Bleckede interessant f\u00fcr Tagesbesucher und Touristen. Speziell auf zwei R\u00e4dern lohnt sich ein Ausflug in Richtung Bleckede. Der Elbradweg sowie der Mecklenburgische Seen-Radweg laden zum ausgedehnten Radeln ein. Kennzeichnend f\u00fcr Bleckede sind die vielen Fachwerkh\u00e4user. Per pedes l\u00e4sst sich die beeindruckende Architektur besonders gut bewundern. Entsprechend stolz sind die Stadtverantwortlichen von Bleckede darauf, dass die Stadt Teil der Deutschen Fachwerkstra\u00dfe ist. Adrett ist der Hafen von Bleckede. Bis zum heutigen Tage machen viele Frachtschiffe hier Station. Besucher sch\u00e4tzen des Weiteren den F\u00e4hrverkehr auf der Elbe. Ein touristischer Clou: Der alte Raddampfer Kaiser-Wilhelm legt in steter Folge in Bleckede an. Attraktiv ist der Hafen auch f\u00fcr die Sportschifffahrt. Die zahllosen Sportbootliegepl\u00e4tze veranschaulichen die Anziehungskraft des Hafen besonders gut. Bleckede ist bekannt f\u00fcr seine wunderbare Umgebung. Neben der bereits erw\u00e4hnten Deutschen Fachwerkstra\u00dfe f\u00fchrt auch die Deutsche Storchenstra\u00dfe durch Bleckede. Das innerst\u00e4dtisch zu bewundernde Storchennest ist eine ganz au\u00dfergew\u00f6hnliche Attraktion. Aus Richtung L\u00fcneburg kommend, kann man \u00fcbrigens auch mit einer historischen Eisenbahn nach Bleckede reisen. Die Fahrt mit dem sogenannten Heide-Elbe-Express ist ein Ausflugstipp f\u00fcr Besucher der Region.<\/p>\n<h4>Privat- und Gesch\u00e4ftskunden aus L\u00fcneburg und Bleckede sch\u00e4tzen unsere Leistungen!<\/h4>\n<p>Toll, dass Sie diese Seite gefunden haben. Wenn Sie ein Fachunternehmen suchen, sind Sie bei uns genau richtig. Sie m\u00f6chten mehr \u00fcber uns wissen? F\u00fcr R\u00fcckfragen stehen wir Ihnen jederzeit zur Verf\u00fcgung. Unser engagiertes Team freut sich auf Sie.<\/p>","popseo_zusatztext":"<h3>Sonnenschutz vom Fachbetrieb<\/h3>\n<p>Vertrauen Sie in Sachen Sicherheit und Sonnenschutz auf jeden Fall auf die sachspezifische Leistung vom Fachbetrieb. Nur ein Fachbetrieb kennt die Tricks und Tipps, wie man zu einem hervorragenden Ergebnis kommt. Um sich mit Fug und Recht Fachbetrieb nennen zu d\u00fcrfen, braucht es eine anerkannte Ausbildung der Mitarbeiter und eine jahrelange Erfahrung.  <\/p>\n<p>Unsere Firma empfiehlt sich als Ihr qualifizierter Fachbetrieb f\u00fcr Sonnenschutz und Sicherheit. Erreichen Sie Ihr Ziel und schenken Sie unserem Fachbetrieb Ihr Vertrauen. Wir bieten Ihnen beispielsweise hochwertige Markisen und Rolll\u00e4den und legen allerh\u00f6chsten Wert auf einen ausgezeichneten Service. Schon seit vielen Jahren sind wir sachkundiger Fachbetrieb f\u00fcr Rolll\u00e4den, Markisen, Terrassend\u00e4cher und Au\u00dfenjalousien im Raum L\u00fcneburg. Es ist uns wichtig, dass Sie lange viel Freude an Ihrem Sicht und Sonnenschutz haben. Von einem Fachbetrieb d\u00fcrfen Sie ohne Frage eine fehlerfreie Top-Leistung erwarten.<\/p>\n<h3>Ein Fachbetrieb wei\u00df Rat!<\/h3>\n<p>Als Fachbetrieb darf sich eine Firma bezeichnen, deren Mitarbeiter \u00fcber dokumentierte Qualifikationen verf\u00fcgen. Dies ist u.a. eine entsprechende Berufsausbildung oder ein Meisterbrief. Auch zeichnet eine intensive praktische Erfahrung einen Fachbetrieb aus. Bereits seit vielen Jahren konzentrieren wir uns als spezialisiertes Unternehmen auf Sonnenschutz und Sicherheit von Geb\u00e4uden. In diesen langen Jahren haben wir uns die Bezeichnung Fachbetrieb ganz sicher verdient. Wir verarbeiten uneingeschr\u00e4nkt hervorragende Artikel. Dabei achten wir stets auf ein sehr gutes Preis-Leistungsverh\u00e4ltnis. Unser Versprechen als Fachbetrieb: Wir bieten Ihnen Top-Leistung zu einem konkurrenzlosem Preis.<\/p>","popseo_links":"<a href=\"https:\/\/www.kaduk-bauelemente.de\/leistungen\/zaunbau-schwarzenbek\/\">Zaunbau Schwarzenbek<\/a>, <a href=\"https:\/\/www.kaduk-bauelemente.de\/leistungen\/aussenjalousien-amt-neuhaus\/\">Au\u00dfenjalousien Amt Neuhaus<\/a>, <a href=\"https:\/\/www.kaduk-bauelemente.de\/leistungen\/raffstores-herzogtum-lauenburg\/\">Raffstores Herzogtum Lauenburg<\/a>, <a href=\"https:\/\/www.kaduk-bauelemente.de\/leistungen\/haustueren-maschen\/\">Haust\u00fcren Maschen<\/a>, <a href=\"https:\/\/www.kaduk-bauelemente.de\/leistungen\/zaunbau-amelinghausen\/\">Zaunbau Amelinghausen<\/a>, <a href=\"https:\/\/www.kaduk-bauelemente.de\/leistungen\/insektenschutz-jesteburg\/\">Insektenschutz Jesteburg<\/a>, <a href=\"https:\/\/www.kaduk-bauelemente.de\/leistungen\/terrassenueberdachungen-aus-aluminium-seevetal-rosengarten\/\">Terrassen\u00fcberdachungen aus Aluminium Seevetal Rosengarten<\/a>, <a href=\"https:\/\/www.kaduk-bauelemente.de\/leistungen\/rolllaeden-schwarzenbek\/\">Rolll\u00e4den Schwarzenbek<\/a>, <a href=\"https:\/\/www.kaduk-bauelemente.de\/leistungen\/terrassenueberdachungen-aus-holz-bergedorf-wentorf\/\">Terrassen\u00fcberdachungen aus Holz Bergedorf Wentorf<\/a>, <a href=\"https:\/\/www.kaduk-bauelemente.de\/leistungen\/aussenjalousien-reinbek-glinde\/\">Au\u00dfenjalousien Reinbek Glinde<\/a>, <a href=\"https:\/\/www.kaduk-bauelemente.de\/leistungen\/rolllaeden-hanstedt\/\">Rolll\u00e4den Hanstedt<\/a>, <a href=\"https:\/\/www.kaduk-bauelemente.de\/leistungen\/haustueren-seevetal-rosengarten\/\">Haust\u00fcren Seevetal Rosengarten<\/a>, <a href=\"https:\/\/www.kaduk-bauelemente.de\/leistungen\/aussenjalousien-uelzen\/\">Au\u00dfenjalousien Uelzen<\/a>, <a href=\"https:\/\/www.kaduk-bauelemente.de\/leistungen\/aussenjalousien-bergedorf-wentorf\/\">Au\u00dfenjalousien Bergedorf Wentorf<\/a>, <a href=\"https:\/\/www.kaduk-bauelemente.de\/leistungen\/sektionaltore-bispingen\/\">Sektionaltore Bispingen<\/a>, <a href=\"https:\/\/www.kaduk-bauelemente.de\/leistungen\/fenster-ebstorf\/\">Fenster Ebstorf<\/a>, <a href=\"https:\/\/www.kaduk-bauelemente.de\/leistungen\/terrassenueberdachungen-aus-holz-seevetal-rosengarten\/\">Terrassen\u00fcberdachungen aus Holz Seevetal Rosengarten<\/a>, <a href=\"https:\/\/www.kaduk-bauelemente.de\/leistungen\/terrassendaecher-aus-aluminium-seevetal-rosengarten\/\">Terrassend\u00e4cher aus Aluminium Seevetal Rosengarten<\/a>, <a href=\"https:\/\/www.kaduk-bauelemente.de\/leistungen\/fenster-reinbek-glinde\/\">Fenster Reinbek Glinde<\/a>, <a href=\"https:\/\/www.kaduk-bauelemente.de\/leistungen\/kunststofffenster-bardowick\/\">Kunststofffenster Bardowick<\/a>, <a href=\"https:\/\/www.kaduk-bauelemente.de\/leistungen\/garagentore-buchholz\/\">Garagentore Buchholz<\/a>, <a href=\"https:\/\/www.kaduk-bauelemente.de\/leistungen\/raffstores-adendorf\/\">Raffstores Adendorf<\/a>, <a href=\"https:\/\/www.kaduk-bauelemente.de\/leistungen\/fliegengitter-jesteburg\/\">Fliegengitter Jesteburg<\/a>, <a href=\"https:\/\/www.kaduk-bauelemente.de\/leistungen\/insektenschutz-bad-bevensen\/\">Insektenschutz Bad Bevensen<\/a>, <a href=\"https:\/\/www.kaduk-bauelemente.de\/leistungen\/zaeune-ebstorf\/\">Z\u00e4une Ebstorf<\/a>, <a href=\"https:\/\/www.kaduk-bauelemente.de\/leistungen\/terrassenueberdachungen-aus-holz-uelzen\/\">Terrassen\u00fcberdachungen aus Holz Uelzen<\/a>"},"_links":{"self":[{"href":"https:\/\/www.kaduk-bauelemente.de\/leistungen\/wp-json\/wp\/v2\/pages\/4707","targetHints":{"allow":["GET"]}}],"collection":[{"href":"https:\/\/www.kaduk-bauelemente.de\/leistungen\/wp-json\/wp\/v2\/pages"}],"about":[{"href":"https:\/\/www.kaduk-bauelemente.de\/leistungen\/wp-json\/wp\/v2\/types\/page"}],"author":[{"embeddable":true,"href":"https:\/\/www.kaduk-bauelemente.de\/leistungen\/wp-json\/wp\/v2\/users\/1"}],"replies":[{"embeddable":true,"href":"https:\/\/www.kaduk-bauelemente.de\/leistungen\/wp-json\/wp\/v2\/comments?post=4707"}],"version-history":[{"count":0,"href":"https:\/\/www.kaduk-bauelemente.de\/leistungen\/wp-json\/wp\/v2\/pages\/4707\/revisions"}],"wp:attachment":[{"href":"https:\/\/www.kaduk-bauelemente.de\/leistungen\/wp-json\/wp\/v2\/media?parent=4707"}],"curies":[{"name":"wp","href":"https:\/\/api.w.org\/{rel}","templated":true}]}}