{"id":4701,"date":"2021-08-25T12:19:36","date_gmt":"2021-08-25T10:19:36","guid":{"rendered":"https:\/\/www.kaduk-bauelemente.de\/leistungen\/tueren-ebstorf\/"},"modified":"2021-08-25T12:19:36","modified_gmt":"2021-08-25T10:19:36","slug":"tueren-ebstorf","status":"publish","type":"page","link":"https:\/\/www.kaduk-bauelemente.de\/leistungen\/tueren-ebstorf\/","title":{"rendered":"T\u00fcren &#8211; Ebstorf"},"content":{"rendered":"<h3>D\u00fcrfen wir Ihre Fragen zu T\u00fcren  beantworten?<\/h3>\n<p>Sch\u00f6ne T\u00fcren sind in gewisser Weise die Visitenkarte eines Wohn- oder Gesch\u00e4ftshauses. Moderne T\u00fcren zeugen von Pers\u00f6nlichkeit, Geschmack und Qualit\u00e4tsanspruch. Nicht zuletzt betonen T\u00fcren immer auch die Architektur eines Gesch\u00e4fts- und Wohnhauses. Qualitativ hochwertige T\u00fcren bieten neben einer sch\u00f6nen Optik selbstverst\u00e4ndlich noch einiges mehr. Auch einen umfassenden Schutz vor Einbr\u00fcchen und einen Beitrag zum Energiesparen d\u00fcrfen Sie von hochwertigen T\u00fcren erwarten. <\/p>\n<h3>Neue T\u00fcren f\u00fcr Ihre Immobilie<\/h3>\n<p>Wer sch\u00f6ne T\u00fcren sucht, hat die Qual der Wahl: Sie m\u00fcssen bei T\u00fcren zwischen traditionellem und modernem Design entscheiden. Ebenfalls sind T\u00fcren in Aluminium, Kunststoff oder Holz bei uns erh\u00e4ltlich. Die diversen Gestaltungsoptionen verleihen modernen T\u00fcren einen \u00e4u\u00dferst speziellen Anstrich. F\u00fcr welche Version Sie sich letztendlich entscheiden: H\u00fcbsche T\u00fcren sind immer ein echter Hingucker. In unserer Ausstellung pr\u00e4sentieren wir Ihnen montags bis freitags zwischen 9.00 und 18.00 Uhr sowie samstags zwischen 9:00 und 13:00 Uhr eine gro\u00dfe Anzahl von L\u00f6sungsm\u00f6glichkeiten.<\/p>\n","protected":false},"excerpt":{"rendered":"<p>D\u00fcrfen wir Ihre Fragen zu T\u00fcren beantworten? Sch\u00f6ne T\u00fcren sind in gewisser Weise die Visitenkarte eines Wohn- oder Gesch\u00e4ftshauses. Moderne T\u00fcren zeugen von Pers\u00f6nlichkeit, Geschmack und Qualit\u00e4tsanspruch. Nicht zuletzt betonen T\u00fcren immer auch die Architektur eines Gesch\u00e4fts- und Wohnhauses. Qualitativ hochwertige T\u00fcren bieten neben einer sch\u00f6nen Optik selbstverst\u00e4ndlich noch einiges mehr. Auch einen umfassenden Schutz [&hellip;]<\/p>\n","protected":false},"author":1,"featured_media":0,"parent":0,"menu_order":0,"comment_status":"closed","ping_status":"closed","template":"","meta":{"footnotes":""},"class_list":["post-4701","page","type-page","status-publish","hentry"],"meta_box":{"popseo_subtitel":"Kaduk Bauelemente ist Ihr Spezialist f\u00fcr T\u00fcren in Ebstorf","popseo_subtitel2":"T\u00fcren - wir haben die richtige L\u00f6sung f\u00fcr Sie","popseo_lasttitel":"T\u00fcren: Wir beantworten Ihre Fragen!","popseo_region":"Ebstorf","popseo_sachwort":"T\u00fcren","popseo_noupdate":"","popseo_einleitungstext":"<p>Wenn es um Sonnenschutz und Sicherheit geht, sind Sie bei der Firma Dirk Kaduk Bauelemte genau an der richtigen Adresse. Seit Firmengr\u00fcndung sind wir Ihre lokalen Experten f\u00fcr hochwertige Bauelemente. Zu unserem Produktsortiment z\u00e4hlen zum Beispiel Markisen, Terrassend\u00e4cher, Rolltore, Au\u00dfenjalousien, T\u00fcren, Fenster, Rolll\u00e4den und Carports. Unsere Fachleute \u00fcbernehmen Montage- und Reparaturarbeiten und zeigen Ihnen M\u00f6glichkeiten auf, wie Sie Ihre Wohn- oder Gesch\u00e4ftsgeb\u00e4ude mit zeitgem\u00e4\u00dfen Bauelementen ausstatten k\u00f6nnen. Im Folgenden haben wir erste Informationen f\u00fcr Sie zusammengetragen.<\/p>","popseo_schlusstext":"<p>Sehr gerne informieren wir Sie n\u00e4her \u00fcber unser Produkt- und T\u00e4tigkeitsspektrum. Wir zeigen Ihnen mit Vergn\u00fcgen auch einige Projekte, die Ihnen einen Einblick in unsere Arbeit geben.<br \/>\nSchenken Sie uns Ihr Vertrauen. Rufen Sie uns doch einfach einmal an oder schreiben Sie uns eine kurze E-Mail. Wir freuen uns auf den Kontakt zu Ihnen.<\/p>","popseo_stadttext":"<h3>Wir freuen uns \u00fcber Anfragen aus Ebstorf<\/h3>\n<p>Ebstorf liegt mittig in der L\u00fcneburger Heide und geh\u00f6rt verwaltungstechnisch zum Kreis Uelzen. Die Gemeinde hat \u00fcber 5.000 registrierte Einwohner und erstreckt sich \u00fcber ein Gesamtareal von rund 27 Quadratkilometer. Ebstorf ist z\u00e4hlt zur Samtgemeinde Bevensen-Ebstorf, einer Vereinigung von 13 kleineren Orten. Die Samtgemeinde z\u00e4hlt insgesamt etwa 26.000 Einwohner und erstreckt sich \u00fcber eine Fl\u00e4che von zirka 479 km\u00b2.<\/p>\n<p>Durch unsere Gesch\u00e4ftst\u00e4tigkeit haben wir uns einen guten \u00dcberblick \u00fcber die Architektur der St\u00e4dte und Gemeinden unseres Einzugsbereiches erarbeiten k\u00f6nnen. Selbstverst\u00e4ndlich z\u00e4hlt auch Ebstorf unserem unmittelbaren Vertriebsgebiet. Sie kommen aus der Region und sind hier im Internet auf unsere Homepage gesto\u00dfen? Das finden wir toll. Sehr gerne pr\u00e4sentieren wir Ihnen unser gesamtes Leistungsspektrum und beantworten Ihre Fragen. Wir freuen uns darauf, mit Ihnen ins Gespr\u00e4ch zu treten. <\/p>\n<h3>Einige interessante Informationen \u00fcber Ebstorf<\/h3>\n<p>\u00dcber die Landesstra\u00dfen L 250 und L 233 ist Ebstorf einfach und bequem mit dem PKW zu erreichen. Au\u00dferdem erreicht man die Gemeinde mit der Bahn auf der Streckenverbindung Langwedel-Uelzen. Ebstorf ist mit diesen Verkehrswegen sehr gut an die beiden Mittelzentren L\u00fcneburg und Uelzen angebunden. Viele B\u00fcrger arbeiten in den nahegelegenen St\u00e4dten, m\u00f6gen allerdings Ebstorf als Wohnstatt und Lebensmittelpunkt. Ebstorf kann entsprechend auch als Pendlergemeinde bezeichnet werden. \u00dcberregional bekannt ist der Ort dar\u00fcber hinaus als Sitz eines Klosters. Das Kloster Ebstorf ist eines von zusammen sechs Heidekl\u00f6stern in der Umgebung von L\u00fcneburg. Ebstorf ist unbestritten ein sch\u00f6ner Platz zum Leben. Die charmante Kleinstadt verf\u00fcgt \u00fcber eine gute Infrastruktur und sehr gut ausgebaute Wohngebiete.    <\/p>\n<h4>Wir f\u00fcr Sie in Ebstorf!<\/h4>\n<p>Sie leben in Ebstorf und interessieren sich f\u00fcr unser Angebot. Klasse, das Sie unsere Internetseite entdeckt haben. F\u00fcr R\u00fcckfragen stehen wir Ihnen jederzeit zur Verf\u00fcgung. Auf Ihre Anfragen freuen wir uns.<\/p>","popseo_zusatztext":"<h3>G\u00fcnstig und preiswert \u2013 unser Leistung f\u00fcr Sie<\/h3>\n<p>Bauelemente m\u00fcssen h\u00f6chsten Anspr\u00fcchen gerecht werden. Nichtsdestrotrotz soll es g\u00fcnstig und preiswert sein. Das muss absolut kein Gegensatz sein. <\/p>\n<p>Als Fachunternehmen f\u00fcr Sonnenschutz- und Sicherheitssysteme verarbeiten wir ausnahmslos qualitativ hochwertige Produkte. Nichtsdestotrotz achten wir immer auf ein gutes Preis-Leistungsverh\u00e4ltnis. Wir m\u00f6chten Ihnen Spitzenqualit\u00e4t anbieten, die trotzdem auch g\u00fcnstig und preiswert ist. Verleihen Sie Ihrem Heim g\u00fcnstig und preiswert das besondere Plus an Qualit\u00e4t. Rolll\u00e4den und Markisen oder andere Sonnenschutzl\u00f6sungen sehen nicht nur toll aus, sie leisten auch einen bedeutsamen Anteil zur W\u00e4rmed\u00e4mmung.  <\/p>\n<h3>G\u00fcnstig und preiswert \u2013 es muss wirklich nicht immer teuer sein<\/h3>\n<p>D\u00fcrfen wir Sie beraten, wie Sie g\u00fcnstig und preiswert einen perfekten Sonnenschutz f\u00fcr Ihr Zuhause verwirklichen? Klasse, dann z\u00f6gern Sie bitte nicht und nehmen am besten gleich heute noch Kontakt mit uns auf. Ein kurzer Telefonanruf oder auch eine kurze Email gen\u00fcgen. Gerne beraten Sie unsere gut geschulten Mitarbeiter \u00fcber die verschiedenen M\u00f6glichkeiten, wie Sie Ihr Zuhause g\u00fcnstig und preiswert mit Markisen und Rolll\u00e4den oder anderen Sonnenschutzprodukten ausstatten. Wir freuen uns auf den Austausch mit Ihnen. <\/p>\n<h4>Hochwertige Arbeit g\u00fcnstig und preiswert<\/h4>\n<p>Vertrauen Sie beim Thema Sonnenschutz und Sicherheit auf den Spezialisten. Nur ein Spezialbetrieb kennt die unterschiedlichen Optionen, wie Sie g\u00fcnstig und preiswert, zugleich qualitativ spitze einen perfekten Sonnenschutz verwirklichen. Qualit\u00e4tsbewusst, g\u00fcnstig und preiswert: Wir empfehlen uns als spezialisiertes Fachunternehmen im n\u00f6rdlichen Raum. Unsere gro\u00dfe Erfahrung spricht f\u00fcr uns.<\/p>","popseo_links":"<a href=\"https:\/\/www.kaduk-bauelemente.de\/leistungen\/rolltore-reppenstedt\/\">Rolltore Reppenstedt<\/a>, <a href=\"https:\/\/www.kaduk-bauelemente.de\/leistungen\/terrassendaecher-aus-aluminium-bad-bevensen\/\">Terrassend\u00e4cher aus Aluminium Bad Bevensen<\/a>, <a href=\"https:\/\/www.kaduk-bauelemente.de\/leistungen\/rolllaeden-bardowick\/\">Rolll\u00e4den Bardowick<\/a>, <a href=\"https:\/\/www.kaduk-bauelemente.de\/leistungen\/zaeune-geesthacht\/\">Z\u00e4une Geesthacht<\/a>, <a href=\"https:\/\/www.kaduk-bauelemente.de\/leistungen\/rollladen-adendorf\/\">Rollladen Adendorf<\/a>, <a href=\"https:\/\/www.kaduk-bauelemente.de\/leistungen\/fliegengitter-hanstedt\/\">Fliegengitter Hanstedt<\/a>, <a href=\"https:\/\/www.kaduk-bauelemente.de\/leistungen\/insektenschutz-maschen\/\">Insektenschutz Maschen<\/a>, <a href=\"https:\/\/www.kaduk-bauelemente.de\/leistungen\/insektenschutz-buchholz\/\">Insektenschutz Buchholz<\/a>, <a href=\"https:\/\/www.kaduk-bauelemente.de\/leistungen\/markisen-reinbek-glinde\/\">Markisen Reinbek Glinde<\/a>, <a href=\"https:\/\/www.kaduk-bauelemente.de\/leistungen\/rolltore-jesteburg\/\">Rolltore Jesteburg<\/a>, <a href=\"https:\/\/www.kaduk-bauelemente.de\/leistungen\/kunststofffenster-schwarzenbek\/\">Kunststofffenster Schwarzenbek<\/a>, <a href=\"https:\/\/www.kaduk-bauelemente.de\/leistungen\/rolllaeden-tostedt-sittensen\/\">Rolll\u00e4den Tostedt Sittensen<\/a>, <a href=\"https:\/\/www.kaduk-bauelemente.de\/leistungen\/zaeune-jesteburg\/\">Z\u00e4une Jesteburg<\/a>, <a href=\"https:\/\/www.kaduk-bauelemente.de\/leistungen\/haustueren-harburg\/\">Haust\u00fcren Harburg<\/a>, <a href=\"https:\/\/www.kaduk-bauelemente.de\/leistungen\/sektionaltore-boizenburg\/\">Sektionaltore Boizenburg<\/a>, <a href=\"https:\/\/www.kaduk-bauelemente.de\/leistungen\/aussenjalousien-stelle\/\">Au\u00dfenjalousien Stelle<\/a>, <a href=\"https:\/\/www.kaduk-bauelemente.de\/leistungen\/haustueren-buechen\/\">Haust\u00fcren B\u00fcchen<\/a>, <a href=\"https:\/\/www.kaduk-bauelemente.de\/leistungen\/terrassenueberdachungen-aus-aluminium-tostedt-sittensen\/\">Terrassen\u00fcberdachungen aus Aluminium Tostedt Sittensen<\/a>, <a href=\"https:\/\/www.kaduk-bauelemente.de\/leistungen\/rolltore-harburg\/\">Rolltore Harburg<\/a>, <a href=\"https:\/\/www.kaduk-bauelemente.de\/leistungen\/fliegengitter-ebstorf\/\">Fliegengitter Ebstorf<\/a>, <a href=\"https:\/\/www.kaduk-bauelemente.de\/leistungen\/terrassenueberdachungen-aus-aluminium-lueneburg\/\">Terrassen\u00fcberdachungen aus Aluminium L\u00fcneburg<\/a>, <a href=\"https:\/\/www.kaduk-bauelemente.de\/leistungen\/haustueren-bispingen\/\">Haust\u00fcren Bispingen<\/a>, <a href=\"https:\/\/www.kaduk-bauelemente.de\/leistungen\/terrassendaecher-aus-aluminium-boizenburg\/\">Terrassend\u00e4cher aus Aluminium Boizenburg<\/a>, <a href=\"https:\/\/www.kaduk-bauelemente.de\/leistungen\/rollladen-salzhausen\/\">Rollladen Salzhausen<\/a>, <a href=\"https:\/\/www.kaduk-bauelemente.de\/leistungen\/zaunbau-ebstorf\/\">Zaunbau Ebstorf<\/a>, <a href=\"https:\/\/www.kaduk-bauelemente.de\/leistungen\/carports-geesthacht\/\">Carports Geesthacht<\/a>"},"_links":{"self":[{"href":"https:\/\/www.kaduk-bauelemente.de\/leistungen\/wp-json\/wp\/v2\/pages\/4701","targetHints":{"allow":["GET"]}}],"collection":[{"href":"https:\/\/www.kaduk-bauelemente.de\/leistungen\/wp-json\/wp\/v2\/pages"}],"about":[{"href":"https:\/\/www.kaduk-bauelemente.de\/leistungen\/wp-json\/wp\/v2\/types\/page"}],"author":[{"embeddable":true,"href":"https:\/\/www.kaduk-bauelemente.de\/leistungen\/wp-json\/wp\/v2\/users\/1"}],"replies":[{"embeddable":true,"href":"https:\/\/www.kaduk-bauelemente.de\/leistungen\/wp-json\/wp\/v2\/comments?post=4701"}],"version-history":[{"count":0,"href":"https:\/\/www.kaduk-bauelemente.de\/leistungen\/wp-json\/wp\/v2\/pages\/4701\/revisions"}],"wp:attachment":[{"href":"https:\/\/www.kaduk-bauelemente.de\/leistungen\/wp-json\/wp\/v2\/media?parent=4701"}],"curies":[{"name":"wp","href":"https:\/\/api.w.org\/{rel}","templated":true}]}}