{"id":4695,"date":"2021-08-25T12:19:36","date_gmt":"2021-08-25T10:19:36","guid":{"rendered":"https:\/\/www.kaduk-bauelemente.de\/leistungen\/tueren-bergedorf-wentorf\/"},"modified":"2021-08-25T12:19:36","modified_gmt":"2021-08-25T10:19:36","slug":"tueren-bergedorf-wentorf","status":"publish","type":"page","link":"https:\/\/www.kaduk-bauelemente.de\/leistungen\/tueren-bergedorf-wentorf\/","title":{"rendered":"T\u00fcren &#8211; Bergedorf Wentorf"},"content":{"rendered":"<h3>Neue T\u00fcren sind eine gute Investition<\/h3>\n<p>Sch\u00f6ne T\u00fcren sind in gewisser Weise die Visitenkarte eines Geb\u00e4udes. Moderne T\u00fcren zeugen von Charakter, Stil und Qualit\u00e4tsbewusstsein. Nicht zuletzt betonen T\u00fcren immer auch den \u00e4u\u00dferen Eindruck eines Wohn- oder Gesch\u00e4ftsgeb\u00e4udes. Qualitativ hochwertige T\u00fcren bieten neben einer optimalen Optik selbstverst\u00e4ndlich noch etliches mehr. Auch einen guten Einbruchsschutz und einen Beitrag zur W\u00e4rmed\u00e4mmung k\u00f6nnen Sie von hochwertigen T\u00fcren erwarten. <\/p>\n<h3>Neue T\u00fcren f\u00fcr Ihre Immobilie<\/h3>\n<p>Wer sch\u00f6ne T\u00fcren sucht, darf w\u00e4hlen: Sie k\u00f6nnen bei T\u00fcren zwischen traditionellem und modernem Design entscheiden. Ebenfalls sind T\u00fcren in Aluminium, Kunststoff oder Holz bei uns erh\u00e4ltlich. Die unterschiedlichen Anpassungsm\u00f6glichkeiten verleihen modernen T\u00fcren einen \u00e4u\u00dferst individuellen Anstrich. F\u00fcr welche Produktgattung Sie sich letztendlich entscheiden: Tolle T\u00fcren sind immer ein echter Hingucker. In unserem Ausstellungsraum zeigen wir Ihnen montags bis freitags in der Zeit von 9.00 und 18.00 Uhr sowie samstags zwischen 9:00 und 13:00 Uhr eine Reihe von L\u00f6sungsm\u00f6glichkeiten.<\/p>\n","protected":false},"excerpt":{"rendered":"<p>Neue T\u00fcren sind eine gute Investition Sch\u00f6ne T\u00fcren sind in gewisser Weise die Visitenkarte eines Geb\u00e4udes. Moderne T\u00fcren zeugen von Charakter, Stil und Qualit\u00e4tsbewusstsein. Nicht zuletzt betonen T\u00fcren immer auch den \u00e4u\u00dferen Eindruck eines Wohn- oder Gesch\u00e4ftsgeb\u00e4udes. Qualitativ hochwertige T\u00fcren bieten neben einer optimalen Optik selbstverst\u00e4ndlich noch etliches mehr. Auch einen guten Einbruchsschutz und einen [&hellip;]<\/p>\n","protected":false},"author":1,"featured_media":0,"parent":0,"menu_order":0,"comment_status":"closed","ping_status":"closed","template":"","meta":{"footnotes":""},"class_list":["post-4695","page","type-page","status-publish","hentry"],"meta_box":{"popseo_subtitel":"Kaduk Bauelemente ist Ihr Experte f\u00fcr T\u00fcren in Bergedorf Wentorf","popseo_subtitel2":"T\u00fcren - setzen Sie auf unsere Erfahrung","popseo_lasttitel":"T\u00fcren: Wir informieren Sie gerne auch pers\u00f6nlich!","popseo_region":"Bergedorf Wentorf","popseo_sachwort":"T\u00fcren","popseo_noupdate":"","popseo_einleitungstext":"<p>Auf Wunsch informieren wir Sie n\u00e4her \u00fcber unser Produkt- und T\u00e4tigkeitsspektrum. Wir nennen Ihnen mit Vergn\u00fcgen auch ein paar Projekte, die Ihnen einen Einblick in unsere Firment\u00e4tigkeit geben.<br \/>\nSchenken Sie uns Ihr Vertrauen. Rufen Sie uns doch rasch einmal an oder schreiben Sie uns eine kurze E-Mail. Wir freuen uns auf Sie.<\/p>","popseo_schlusstext":"<p>Gerne informieren wir Sie n\u00e4her \u00fcber unser Produkt- und T\u00e4tigkeitsspektrum. Wir zeigen Ihnen mit Vergn\u00fcgen auch einige Projekte, die Ihnen einen Einblick in unsere Arbeit geben.<br \/>\nVertrauen Sie den Spezialisten der Firma Kaduk. Rufen Sie uns doch einfach einmal an oder senden Sie uns eine kurze E-Mail. Wir freuen uns auf den Kontakt zu Ihnen.<\/p>","popseo_stadttext":"<h3>Unser Einzugsbereich umfasst auch Bergedorf und Wentorf<\/h3>\n<p>Durch unsere Vertriebst\u00e4tigkeit haben wir uns einen sehr guten \u00dcberblick \u00fcber die Architektur der St\u00e4dte und Gemeinden unseres Einzugsbereiches erarbeiten k\u00f6nnen. Selbstverst\u00e4ndlich geh\u00f6ren auch Bergedorf und Wentorf zu unserem unmittelbaren Vertriebsgebiet. Wir freuen uns darauf, mit Ihnen in Kontakt zu kommen. <\/p>\n<h3>Einige Informationen \u00fcber Bergedorf und Wentorf:<h3>\n<p>Ehemals selbst\u00e4ndig z\u00e4hlt Bergedorf heute zur Freien und Hansestadt Hamburg. Der Stadtteil liegt im S\u00fcdosten der Hansestadt und grenzt an die schleswig-holsteinischen Ortschaften Reinbek und Wentorf. In Bergedorf leben rund 42.000 Menschen auf einer Gesamtfl\u00e4che von 11 Quadratkilometern. Auch wenn Bergedorf bereits seit dem 01. Januar 1938 keine Autonomie mehr besitzt, hat sich der Stadtteil doch eine gewisse Eigenst\u00e4ndigkeit bewahrt. Fast ist man geneigt zu sagen, Bergedorf w\u00e4re eine Art Stadt in der Stadt. Zum Bezirk Bergedorf z\u00e4hlen in Summe 14 Stadtteile. Die gr\u00f6\u00dften Stadtteile sind: Lohbr\u00fcgge, Moorfleet, Billwerder, Allerm\u00f6he, Neuallerm\u00f6he, Curslack, Altengamme, Kirchwerder, Ochsenwerder und Neuengamme. Nichtselten hinzu gerechnet wird auch Wentorf. Das ist allerdings nicht v\u00f6llig korrekt, da Wentorf zum schleswig-holsteinischen Landkreis Herzogtum Lauenburg geh\u00f6rt.  <\/p>\n<p>In Bergedorf zu leben bedeutet, die Annehmlichkeiten der Gro\u00dfstadt zu genie\u00dfen ohne im selben Moment auf kleinst\u00e4dtischen Charme zu verzichten. Die Wohngebiete von Bergedorf sind gekennzeichnet von Einzel- oder Mehrfamilienhausbebauung. Gr\u00f6\u00dfere Wohneinheiten findet man in Bergedorf vorwiegend in der N\u00e4he des Ortszentrums. Die Infrastruktur stimmt: Im innerst\u00e4dtischen Bereich von Bergedorf finden sich hervorragende Einkaufsm\u00f6glichkeiten. <\/p>\n<h3>Wir kennen uns aus in Bergedorf und Wentorf<\/h3>\n<p>Ob in den Passagen oder in der Fu\u00dfg\u00e4ngerzone: In Bergedorf l\u00e4sst es sich wirklich wunderbar bummeln. Und wer sp\u00e4ter Lust auf etwas Entspannung hat, macht Pause in einem der zahlreichen lauschigen Restaurants und Caf\u00e9s. Bergedorf ist an den HVV angebunden. Mit der S-Bahnlinie S2 erreicht man den Hamburg Hauptbahnhof in ca. 25 Minuten. Auch mit dem Auto kommt man rasch nach Bergedorf: \u00dcber die B 207 und 5 gelangt man unmittelbar in den Stadtteil. Die Bev\u00f6lkerung von Bergedorf genie\u00dft besonders den ausgewogenen Mix ihres Stadtteils. Eine wachstumsorientierte Wirtschaft, die nahegelegenen Naturgebiete sowie die ausgezeichneten Freizeit- und Kulturangebote machen Bergedorf zu einem Wohnort mit besonders hoher Lebensqualit\u00e4t.<\/p>\n<p>Auch Wentorf grenzt unmittelbar an Bergedorf, die \u00dcberg\u00e4nge sind nahezu flie\u00dfend. Als attraktives Wohngebiet ist Wentorf speziell bei Pendlern beliebt. Eine ausgezeichnete Infrastruktur, die N\u00e4he zur Metropole sowie eine ausgezeichnete Anbindung sprechen f\u00fcr Wentorf. <\/p>\n<h4>Hohe Qualit\u00e4t f\u00fcr Kunden aus Bergedorf und Wentorf<\/h4>\n<p>Wir finden es prima, dass Sie unsere Internetseite entdeckt haben. Ob Bergedorf oder Wentorf: Wir garantieren Ihnen ein sehr gutes Preis-Leistungsverh\u00e4ltnis. Sie m\u00f6chten mehr \u00fcber uns wissen? F\u00fcr R\u00fcckfragen stehen wir Ihnen jederzeit zur Verf\u00fcgung. Auf Ihre Anfragen freuen wir uns.<\/p>","popseo_zusatztext":"<h3>In Sachen Sicht- und Sonnenschutz sind wir Ihr qualifizierter Fachbetrieb<\/h3>\n<p>Vertrauen Sie bei Sonnenschutz und Sicherheit auf alle F\u00e4lle auf die fachspezifische Leistung vom Fachbetrieb. Nur ein Fachbetrieb kennt die Alternativen, wie man zu einem hervorragenden Ergebnis kommt. Um sich mit Fug und Recht Fachbetrieb nennen zu d\u00fcrfen, braucht es eine qualifizierte Ausbildung der Mitarbeiter und eine langj\u00e4hrige Fachkenntnis.  <\/p>\n<p>Unser Fachbetrieb empfiehlt sich als Ihr fachkundiger Fachbetrieb f\u00fcr Sicherheit und Sonnenschutz. Kommen Sie zum Ziel und schenken Sie unserem Fachbetrieb Ihr Vertrauen. Wir bieten Ihnen beispielsweise hervorragende Rolll\u00e4den und Markisen und legen besonders Wert auf einen sehr guten Service. Schon seit vielen Jahren sind wir spezialisierter Fachbetrieb f\u00fcr Rolll\u00e4den, Markisen, Terrassend\u00e4cher und Au\u00dfenjalousien im Raum L\u00fcneburg. Es ist unser Bestreben, dass Sie lange Jahre viel Freude an Ihrem Sicht und Sonnenschutz haben. Von einem Fachbetrieb d\u00fcrfen Sie selbstverst\u00e4ndlich eine fehlerfreie Top-Leistung erwarten.<\/p>\n<h3>Ein Fachbetrieb wei\u00df Rat!<\/h3>\n<p>Als Fachbetrieb darf sich eine Firma bezeichnen, deren Mitarbeiter \u00fcber nachweisbare Qualifikationen verf\u00fcgen. Dies ist z.B. eine entsprechende Berufsausbildung oder ein Meisterbrief. Au\u00dferdem zeichnet eine langj\u00e4hrige praktische Erfahrung einen Fachbetrieb aus. Bereits seit vielen Jahren konzentrieren wir uns als spezialisiertes Unternehmen auf Sicherheit und Sonnenschutz von Wohn- und Gesch\u00e4ftsgeb\u00e4uden. In diesen vielen Jahren haben wir uns die Bezeichnung Fachbetrieb fraglos erarbeitet. Wir benutzen uneingeschr\u00e4nkt hervorragende Artikel. Dabei achten wir immer auf ein ausgewogenes Preis-Leistungsverh\u00e4ltnis. Unser Motto als Fachbetrieb: Wir bieten Ihnen Top-Leistung zu einem erstaunlichen Preis.<\/p>","popseo_links":"<a href=\"https:\/\/www.kaduk-bauelemente.de\/leistungen\/carports-bardowick\/\">Carports Bardowick<\/a>, <a href=\"https:\/\/www.kaduk-bauelemente.de\/leistungen\/garagen-harburg\/\">Garagen Harburg<\/a>, <a href=\"https:\/\/www.kaduk-bauelemente.de\/leistungen\/aussenjalousien-salzhausen\/\">Au\u00dfenjalousien Salzhausen<\/a>, <a href=\"https:\/\/www.kaduk-bauelemente.de\/leistungen\/fliegengitter-uelzen\/\">Fliegengitter Uelzen<\/a>, <a href=\"https:\/\/www.kaduk-bauelemente.de\/leistungen\/haustueren-seevetal-rosengarten\/\">Haust\u00fcren Seevetal Rosengarten<\/a>, <a href=\"https:\/\/www.kaduk-bauelemente.de\/leistungen\/rolllaeden-buchholz\/\">Rolll\u00e4den Buchholz<\/a>, <a href=\"https:\/\/www.kaduk-bauelemente.de\/leistungen\/terrassendaecher-aus-holz-amelinghausen\/\">Terrassend\u00e4cher aus Holz Amelinghausen<\/a>, <a href=\"https:\/\/www.kaduk-bauelemente.de\/leistungen\/terrassendaecher-aus-holz-hanstedt\/\">Terrassend\u00e4cher aus Holz Hanstedt<\/a>, <a href=\"https:\/\/www.kaduk-bauelemente.de\/leistungen\/terrassenueberdachungen-aus-holz-boizenburg\/\">Terrassen\u00fcberdachungen aus Holz Boizenburg<\/a>, <a href=\"https:\/\/www.kaduk-bauelemente.de\/leistungen\/kunststofffenster-bispingen\/\">Kunststofffenster Bispingen<\/a>, <a href=\"https:\/\/www.kaduk-bauelemente.de\/leistungen\/raffstores-maschen\/\">Raffstores Maschen<\/a>, <a href=\"https:\/\/www.kaduk-bauelemente.de\/leistungen\/carports-adendorf\/\">Carports Adendorf<\/a>, <a href=\"https:\/\/www.kaduk-bauelemente.de\/leistungen\/rolltore-bergedorf-wentorf\/\">Rolltore Bergedorf Wentorf<\/a>, <a href=\"https:\/\/www.kaduk-bauelemente.de\/leistungen\/raffstores-lueneburg\/\">Raffstores L\u00fcneburg<\/a>, <a href=\"https:\/\/www.kaduk-bauelemente.de\/leistungen\/rolltore-amelinghausen\/\">Rolltore Amelinghausen<\/a>, <a href=\"https:\/\/www.kaduk-bauelemente.de\/leistungen\/haustueren-amelinghausen\/\">Haust\u00fcren Amelinghausen<\/a>, <a href=\"https:\/\/www.kaduk-bauelemente.de\/leistungen\/aussenjalousien-schwarzenbek\/\">Au\u00dfenjalousien Schwarzenbek<\/a>, <a href=\"https:\/\/www.kaduk-bauelemente.de\/leistungen\/garagen-uelzen\/\">Garagen Uelzen<\/a>, <a href=\"https:\/\/www.kaduk-bauelemente.de\/leistungen\/markisen-stelle\/\">Markisen Stelle<\/a>, <a href=\"https:\/\/www.kaduk-bauelemente.de\/leistungen\/terrassenueberdachungen-aus-holz-ebstorf\/\">Terrassen\u00fcberdachungen aus Holz Ebstorf<\/a>, <a href=\"https:\/\/www.kaduk-bauelemente.de\/leistungen\/sektionaltore-bispingen\/\">Sektionaltore Bispingen<\/a>, <a href=\"https:\/\/www.kaduk-bauelemente.de\/leistungen\/holzfenster-stelle\/\">Holzfenster Stelle<\/a>, <a href=\"https:\/\/www.kaduk-bauelemente.de\/leistungen\/sektionaltore-buechen\/\">Sektionaltore B\u00fcchen<\/a>, <a href=\"https:\/\/www.kaduk-bauelemente.de\/leistungen\/rolllaeden-ebstorf\/\">Rolll\u00e4den Ebstorf<\/a>, <a href=\"https:\/\/www.kaduk-bauelemente.de\/leistungen\/aussenjalousien-bardowick\/\">Au\u00dfenjalousien Bardowick<\/a>, <a href=\"https:\/\/www.kaduk-bauelemente.de\/leistungen\/rolltore-tostedt-sittensen\/\">Rolltore Tostedt Sittensen<\/a>"},"_links":{"self":[{"href":"https:\/\/www.kaduk-bauelemente.de\/leistungen\/wp-json\/wp\/v2\/pages\/4695","targetHints":{"allow":["GET"]}}],"collection":[{"href":"https:\/\/www.kaduk-bauelemente.de\/leistungen\/wp-json\/wp\/v2\/pages"}],"about":[{"href":"https:\/\/www.kaduk-bauelemente.de\/leistungen\/wp-json\/wp\/v2\/types\/page"}],"author":[{"embeddable":true,"href":"https:\/\/www.kaduk-bauelemente.de\/leistungen\/wp-json\/wp\/v2\/users\/1"}],"replies":[{"embeddable":true,"href":"https:\/\/www.kaduk-bauelemente.de\/leistungen\/wp-json\/wp\/v2\/comments?post=4695"}],"version-history":[{"count":0,"href":"https:\/\/www.kaduk-bauelemente.de\/leistungen\/wp-json\/wp\/v2\/pages\/4695\/revisions"}],"wp:attachment":[{"href":"https:\/\/www.kaduk-bauelemente.de\/leistungen\/wp-json\/wp\/v2\/media?parent=4695"}],"curies":[{"name":"wp","href":"https:\/\/api.w.org\/{rel}","templated":true}]}}