{"id":4689,"date":"2021-08-25T12:19:36","date_gmt":"2021-08-25T10:19:36","guid":{"rendered":"https:\/\/www.kaduk-bauelemente.de\/leistungen\/terrassenueberdachungen-aus-holz-winsen-luhe\/"},"modified":"2021-08-25T12:19:36","modified_gmt":"2021-08-25T10:19:36","slug":"terrassenueberdachungen-aus-holz-winsen-luhe","status":"publish","type":"page","link":"https:\/\/www.kaduk-bauelemente.de\/leistungen\/terrassenueberdachungen-aus-holz-winsen-luhe\/","title":{"rendered":"Terrassen\u00fcberdachungen aus Holz &#8211; Winsen Luhe"},"content":{"rendered":"<h3>Terrassen\u00fcberdachungen aus Holz sind eine gute Investition<\/h3>\n<p>Terrassen\u00fcberdachungen aus Holz geben einem Wohngeb\u00e4ude einen absolut au\u00dfergew\u00f6hnlichen Charme. Unter Terrassen\u00fcberdachungen sitzt man gesch\u00fctzt und gem\u00fctlich und kann sogar bei nassem Wetter eine angenehme Zeit Drau\u00dfen verbringen. Terrassend\u00e4cher sch\u00fctzen vor schlechtem Wetter und laden einfach zum Verweilen ein. <\/p>\n<p>Bescheren Sie Ihrem Wohn- oder Gesch\u00e4ftshaus das gewisse Etwas an Qualit\u00e4t und setzen Sie auf Terrassen\u00fcberdachungen vom Experten. Als erfahrenes Fachunternehmen begeistern uns auch Terrassen\u00fcberdachungen aus Holz. Nat\u00fcrliches Material ist ohne Frage ein Zeichen f\u00fcr einen besonderen Stil. Den Vergleich zu Ausf\u00fchrungen aus Stahl oder Alu muss ein Terrassendach aus Holz nicht scheuen. Gefertigt werden die \u00dcberdachungen aus Fichte. Eine bestm\u00f6gliche Verleimungsqualit\u00e4t ist sichergestellt. Verarbeitet werden Stegdoppelplatten aus Plexiglas. Terrassen\u00fcberdachungen aus Holz bieten ein sehr hohes Ma\u00df an Luxus und Sicherheit. Je nach Gr\u00f6\u00dfe und Gestalt der zu \u00fcberdachenden Au\u00dfenfl\u00e4chen sind verschiedene Produkte auf Lager. Und je nach pers\u00f6nlichem Geschmack kann unter diversen Ausf\u00fchrungen ausgew\u00e4hlt werden. <\/p>\n<h3>Eine Terrassen\u00fcberdachung aus Holz f\u00fcr Ihre Immobilie<\/h3>\n<p>Terrassen\u00fcberdachungen sind nie nur ein simpler Regenschutz. Sie werden merken, dass Ihr neues Terrassendach ein Hauptgrund f\u00fcr die h\u00e4ufigere Nutzung der Gartenanlage ist. Wir k\u00f6nnen Ihnen schon jetzt vorhersagen, dass Sie bis in den Herbst hinein sehr viel Spa\u00df an Ihrer Terrasse haben werden. Terrassen\u00fcberdachungen erh\u00f6hen schlichtweg den Wohlf\u00fchlfaktor. Und au\u00dferdem werden auch Ihre Gartenm\u00f6bel optimal vor schlechten Wetter bewahrt. Wer sich f\u00fcr eine Terrassen\u00fcberdachung aus Holz entscheidet, stellt eine g\u00fcnstige Wirkung auf den Wohnwert seines Geb\u00e4udes fest.<\/p>\n","protected":false},"excerpt":{"rendered":"<p>Terrassen\u00fcberdachungen aus Holz sind eine gute Investition Terrassen\u00fcberdachungen aus Holz geben einem Wohngeb\u00e4ude einen absolut au\u00dfergew\u00f6hnlichen Charme. Unter Terrassen\u00fcberdachungen sitzt man gesch\u00fctzt und gem\u00fctlich und kann sogar bei nassem Wetter eine angenehme Zeit Drau\u00dfen verbringen. Terrassend\u00e4cher sch\u00fctzen vor schlechtem Wetter und laden einfach zum Verweilen ein. Bescheren Sie Ihrem Wohn- oder Gesch\u00e4ftshaus das gewisse Etwas [&hellip;]<\/p>\n","protected":false},"author":1,"featured_media":0,"parent":0,"menu_order":0,"comment_status":"closed","ping_status":"closed","template":"","meta":{"footnotes":""},"class_list":["post-4689","page","type-page","status-publish","hentry"],"meta_box":{"popseo_subtitel":"Kaduk Bauelemente ist Ihr Fachunternehmen f\u00fcr Terrassen\u00fcberdachungen aus Holz in Winsen Luhe","popseo_subtitel2":"Terrassen\u00fcberdachungen aus Holz - unsere Spezialisten kennen sich aus!","popseo_lasttitel":"Terrassen\u00fcberdachungen aus Holz: Wir informieren Sie gerne auch pers\u00f6nlich!","popseo_region":"Winsen Luhe","popseo_sachwort":"Terrassen\u00fcberdachungen aus Holz","popseo_noupdate":"","popseo_einleitungstext":"<p>Sie wollen Ihr Wohn- oder Gesch\u00e4ftshaus mit zeitgem\u00e4\u00dfen Bauelementen ausstatten lassen und m\u00f6chten sich \u00fcber unser Produkt- und Leistungsangebot informieren? Klasse, dann sind Sie auf dieser Seite genau richtig. Unser Produktsortiment umfasst beispielsweise Rolltore, Terrassend\u00e4cher, Markisen, Fenster, Au\u00dfenjalousien, T\u00fcren, Carports und Rolll\u00e4den. Als auf Sonnenschutz und Sicherheit spezialisiertes Fachunternehmen \u00fcbernehmen wir sehr gerne auch Montage- und Reparaturarbeiten. Erfahren Sie auf dieser und den nachfolgenden Seiten mehr \u00fcber unser Unternehmen und dessen Angebot. Ihr Interesse freut uns sehr.<\/p>","popseo_schlusstext":"<p>Sehr gerne informieren wir Sie n\u00e4her \u00fcber unsere Produkte und unser Aufgabengebiet. Wir nennen Ihnen mit Vergn\u00fcgen auch einige Projekte, die Ihnen einen Einblick in unsere Firment\u00e4tigkeit geben.<br \/>\nDie Fachleute der Firma Kaduk sind gerne f\u00fcr Sie im Einsatz. Rufen Sie uns doch rasch einmal an oder schreiben Sie uns eine schnelle E-Mail. Wir freuen uns auf Ihre Kontaktaufnahme.<\/p>","popseo_stadttext":"<h3>Unser Produktsortiment f\u00fcr Kunden aus Winsen (Luhe)<\/h3>\n<p>Winsen (Luhe) ist eine Mittelstadt aus der Metropolregion Hamburg. Die Kreisstadt des Landkreises Harburg hat 32.000 Einwohner und streckt sich \u00fcber ein Gebiet von 109 Quadratkilometer. Winsen (Luhe) ist zentral gelegen. In die norddeutsche Metropole Hamburg sind es nur gut 30 km, L\u00fcneburg erreicht man schon nach ca. 20 Kilometern. Winsen (Luhe) besteht in der jetzigen Form seit 1972. Seinerzeit wurden 13 eigenst\u00e4ndige Orte zur Gesamtgemeinde Winsen (Luhe) zusammengefasst.  <\/p>\n<p>Durch unsere Gesch\u00e4ftst\u00e4tigkeit haben wir uns einen guten \u00dcberblick \u00fcber die Stadtarchitektur der Gemeinden und St\u00e4dte unseres Einzugsbereiches erarbeiten k\u00f6nnen. Nat\u00fcrlich geh\u00f6rt auch Winsen (Luhe) zu unserem unmittelbaren Gesch\u00e4ftsgebiet. Wir freuen uns darauf, mit Ihnen ins Gespr\u00e4ch zu treten. <\/p>\n<h3>Einige Details zu Winsen (Luhe)<\/h3>\n<p>Obwohl Winsen (Luhe) fraglos als eine Pendlerstadt gelten darf, ist das mittelst\u00e4ndisch orientierte Wirtschaftsleben erstaunlich. Zahlreiche Unternehmen u.a. aus den Bereichen Maschinenbau, Pharma, Logistik und Bauwesen haben sich in Winsen (Luhe) niedergelassen. Wer von den Einwohnern aus Winsen (Luhe) nicht in einer Firma seines Heimatortes arbeitet, pendelt in aller Regel in die Metropole Hamburg. Mit dem PKW reist man \u00fcber die Bundesautobahn A39 nach Winsen (Luhe). Die Schnellstra\u00dfe ist mit der A1 und der A7 verbunden. Wer die Bundesbahn pr\u00e4feriert, erreicht Winsen (Luhe) \u00fcber die Streckenverbindung Hannover-Hamburg. Au\u00dferdem bietet der Metronom eine viel genutzte Regionallinie an. <\/p>\n<h3>Winsen (Luhe) \u2013 Stadt mit Herz<\/h3>\n<p>Menschen, die das etwas ruhigere Leben in einer kleinen Gemeinde der Unruhe einer Metropole vorziehen, finden in Winsen (Luhe) ausgezeichnete Bedingungen vor. Die Infrastruktur in Winsen (Luhe) stimmt! Gute Einkaufsm\u00f6glichkeiten, ein breites Sport- und Freizeitangebot und eine sch\u00f6ne Umgebung sind Pluspunkte, die Winsen (Luhe) auf der Habenseite verbuchen kann. Auch Familien sch\u00e4tzen die Stadt: S\u00e4mtliche Schularten sowie eine ausreichende Zahl an Kitas stehen in Winsen (Luhe) bereit. <\/p>\n<h4>Privat- und Gesch\u00e4ftskunden aus Winsen (Luhe) sch\u00e4tzen unsere Leistungen!<\/h4>\n<p>Toll, dass Sie diese Website gefunden haben. Wenn Sie ein Fachunternehmen suchen, sind Sie bei uns an der richtigen Adresse. Sie m\u00f6chten mehr \u00fcber uns wissen? F\u00fcr R\u00fcckfragen stehen wir Ihnen jederzeit zur Verf\u00fcgung. Auf Ihre Anfragen freuen wir uns.<\/p>","popseo_zusatztext":"<h3>Qualit\u00e4t kann auch g\u00fcnstig und preiswert sein<\/h3>\n<p>Bauelemente m\u00fcssen h\u00f6chsten Anforderungen gerecht werden. Gleichzeitig mu\u00df es g\u00fcnstig und preiswert sein. Das muss generell kein Gegensatz sein. <\/p>\n<p>Als Fachbetrieb f\u00fcr Sonnenschutz und Sicherheit verwenden wir ausnahmslos qualitativ hochwertige Produkte. Nichtsdestotrotz achten wir grunds\u00e4tzlich auf ein passendes Preis-Leistungsverh\u00e4ltnis. Wir m\u00f6chten Ihnen Qualit\u00e4t anbieten, die trotzdem auch g\u00fcnstig und preiswert ist. Geben Sie Ihrem Heim g\u00fcnstig und preiswert das gewisse Mehr an Qualit\u00e4t. Markisen und Rolll\u00e4den oder andere Sonnenschutzl\u00f6sungen sehen nicht nur hervorragend aus, sie leisten auch einen bedeutenden Anteil zur W\u00e4rmed\u00e4mmung.  <\/p>\n<h3>G\u00fcnstig und preiswert \u2013 trotzdem individuell und schick<\/h3>\n<p>D\u00fcrfen wir Sie beraten, wie Sie g\u00fcnstig und preiswert einen perfekten Sonnenschutz f\u00fcr Ihr Haus verwirklichen? Toll, dann z\u00f6gern Sie bitte nicht und nehmen am besten gleich heute noch Kontakt mit uns auf. Ein kurzer Anruf oder eine schnelle E-Mail gen\u00fcgen. Mit Vergn\u00fcgen informieren Sie unsere gut ausgebildeten Spezialisten \u00fcber die unterschiedlichen Optionen, wie Sie Ihr Haus g\u00fcnstig und preiswert mit Markisen und Rolll\u00e4den oder anderen Sonnenschutzprodukten versehen. Wir freuen uns auf das Gespr\u00e4ch mit Ihnen. <\/p>\n<h4>Hochwertige Arbeit g\u00fcnstig und preiswert<\/h4>\n<p>Vertrauen Sie beim Thema Sonnenschutz und Sicherheit auf den Profi. Nur ein Spezialbetrieb kennt die diversen M\u00f6glichkeiten, wie Sie g\u00fcnstig und preiswert, zugleich qualitativ spitze einen optimalen Sonnenschutz verwirklichen. Qualit\u00e4tsbewusst, g\u00fcnstig und preiswert: Wir empfehlen uns als spezialisiertes Unternehmen im norddeutschen Gebiet. Unsere gro\u00dfe Erfahrung spricht f\u00fcr uns.<\/p>","popseo_links":"<a href=\"https:\/\/www.kaduk-bauelemente.de\/leistungen\/terrassenueberdachungen-aus-holz-salzhausen\/\">Terrassen\u00fcberdachungen aus Holz Salzhausen<\/a>, <a href=\"https:\/\/www.kaduk-bauelemente.de\/leistungen\/tueren-adendorf\/\">T\u00fcren Adendorf<\/a>, <a href=\"https:\/\/www.kaduk-bauelemente.de\/leistungen\/zaunbau-maschen\/\">Zaunbau Maschen<\/a>, <a href=\"https:\/\/www.kaduk-bauelemente.de\/leistungen\/aussenjalousien-ebstorf\/\">Au\u00dfenjalousien Ebstorf<\/a>, <a href=\"https:\/\/www.kaduk-bauelemente.de\/leistungen\/fliegengitter-bardowick\/\">Fliegengitter Bardowick<\/a>, <a href=\"https:\/\/www.kaduk-bauelemente.de\/leistungen\/aussenjalousien-lueneburg\/\">Au\u00dfenjalousien L\u00fcneburg<\/a>, <a href=\"https:\/\/www.kaduk-bauelemente.de\/leistungen\/garagentore-hanstedt\/\">Garagentore Hanstedt<\/a>, <a href=\"https:\/\/www.kaduk-bauelemente.de\/leistungen\/fenster-tostedt-sittensen\/\">Fenster Tostedt Sittensen<\/a>, <a href=\"https:\/\/www.kaduk-bauelemente.de\/leistungen\/rolllaeden-amt-neuhaus\/\">Rolll\u00e4den Amt Neuhaus<\/a>, <a href=\"https:\/\/www.kaduk-bauelemente.de\/leistungen\/terrassenueberdachungen-aus-holz-winsen-luhe\/\">Terrassen\u00fcberdachungen aus Holz Winsen Luhe<\/a>, <a href=\"https:\/\/www.kaduk-bauelemente.de\/leistungen\/garagentore-amelinghausen\/\">Garagentore Amelinghausen<\/a>, <a href=\"https:\/\/www.kaduk-bauelemente.de\/leistungen\/rolltore-winsen-luhe\/\">Rolltore Winsen Luhe<\/a>, <a href=\"https:\/\/www.kaduk-bauelemente.de\/leistungen\/terrassendaecher-aus-holz-adendorf\/\">Terrassend\u00e4cher aus Holz Adendorf<\/a>, <a href=\"https:\/\/www.kaduk-bauelemente.de\/leistungen\/rollladen-stelle\/\">Rollladen Stelle<\/a>, <a href=\"https:\/\/www.kaduk-bauelemente.de\/leistungen\/rollladen-buchholz\/\">Rollladen Buchholz<\/a>, <a href=\"https:\/\/www.kaduk-bauelemente.de\/leistungen\/rollladen-ebstorf\/\">Rollladen Ebstorf<\/a>, <a href=\"https:\/\/www.kaduk-bauelemente.de\/leistungen\/zaunbau-amt-neuhaus\/\">Zaunbau Amt Neuhaus<\/a>, <a href=\"https:\/\/www.kaduk-bauelemente.de\/leistungen\/zaeune-salzhausen\/\">Z\u00e4une Salzhausen<\/a>, <a href=\"https:\/\/www.kaduk-bauelemente.de\/leistungen\/garagentore-herzogtum-lauenburg\/\">Garagentore Herzogtum Lauenburg<\/a>, <a href=\"https:\/\/www.kaduk-bauelemente.de\/leistungen\/sektionaltore-harburg\/\">Sektionaltore Harburg<\/a>, <a href=\"https:\/\/www.kaduk-bauelemente.de\/leistungen\/zaunbau-reppenstedt\/\">Zaunbau Reppenstedt<\/a>, <a href=\"https:\/\/www.kaduk-bauelemente.de\/leistungen\/fenster-schwarzenbek\/\">Fenster Schwarzenbek<\/a>, <a href=\"https:\/\/www.kaduk-bauelemente.de\/leistungen\/terrassendaecher-aus-aluminium-ebstorf\/\">Terrassend\u00e4cher aus Aluminium Ebstorf<\/a>, <a href=\"https:\/\/www.kaduk-bauelemente.de\/leistungen\/zaunbau-salzhausen\/\">Zaunbau Salzhausen<\/a>, <a href=\"https:\/\/www.kaduk-bauelemente.de\/leistungen\/rolllaeden-winsen-luhe\/\">Rolll\u00e4den Winsen Luhe<\/a>, <a href=\"https:\/\/www.kaduk-bauelemente.de\/leistungen\/haustueren-reinbek-glinde\/\">Haust\u00fcren Reinbek Glinde<\/a>, <a href=\"https:\/\/www.kaduk-bauelemente.de\/leistungen\/tueren-tostedt-sittensen\/\">T\u00fcren Tostedt Sittensen<\/a>, <a href=\"https:\/\/www.kaduk-bauelemente.de\/leistungen\/sektionaltore-reppenstedt\/\">Sektionaltore Reppenstedt<\/a>"},"_links":{"self":[{"href":"https:\/\/www.kaduk-bauelemente.de\/leistungen\/wp-json\/wp\/v2\/pages\/4689","targetHints":{"allow":["GET"]}}],"collection":[{"href":"https:\/\/www.kaduk-bauelemente.de\/leistungen\/wp-json\/wp\/v2\/pages"}],"about":[{"href":"https:\/\/www.kaduk-bauelemente.de\/leistungen\/wp-json\/wp\/v2\/types\/page"}],"author":[{"embeddable":true,"href":"https:\/\/www.kaduk-bauelemente.de\/leistungen\/wp-json\/wp\/v2\/users\/1"}],"replies":[{"embeddable":true,"href":"https:\/\/www.kaduk-bauelemente.de\/leistungen\/wp-json\/wp\/v2\/comments?post=4689"}],"version-history":[{"count":0,"href":"https:\/\/www.kaduk-bauelemente.de\/leistungen\/wp-json\/wp\/v2\/pages\/4689\/revisions"}],"wp:attachment":[{"href":"https:\/\/www.kaduk-bauelemente.de\/leistungen\/wp-json\/wp\/v2\/media?parent=4689"}],"curies":[{"name":"wp","href":"https:\/\/api.w.org\/{rel}","templated":true}]}}