{"id":4669,"date":"2021-08-25T12:19:36","date_gmt":"2021-08-25T10:19:36","guid":{"rendered":"https:\/\/www.kaduk-bauelemente.de\/leistungen\/terrassenueberdachungen-aus-holz-bispingen\/"},"modified":"2021-08-25T12:19:36","modified_gmt":"2021-08-25T10:19:36","slug":"terrassenueberdachungen-aus-holz-bispingen","status":"publish","type":"page","link":"https:\/\/www.kaduk-bauelemente.de\/leistungen\/terrassenueberdachungen-aus-holz-bispingen\/","title":{"rendered":"Terrassen\u00fcberdachungen aus Holz &#8211; Bispingen"},"content":{"rendered":"<h3>Terrassen\u00fcberdachungen aus Holz \u2013 d\u00fcrfen wir Ihre Fragen beantworten?<\/h3>\n<p>Terrassen\u00fcberdachungen aus Holz verleihen einem Geb\u00e4ude einen sehr besonderen Reiz. Unter Terrassen\u00fcberdachungen sitzt man sicher und bequem und kann auch bei Regenwetter eine tolle Zeit Drau\u00dfen verbringen. Terrassend\u00e4cher helfen gegen Regen und laden daher zum Verweilen ein. <\/p>\n<p>Bescheren Sie Ihrem Wohnhaus das gewisse Etwas an Qualit\u00e4t und setzen Sie auf Terrassen\u00fcberdachungen vom Experten. Als erfahrenes Fachgesch\u00e4ft \u00fcberzeugen uns immer wieder auch Terrassen\u00fcberdachungen aus Holz. Naturbelassenes Material ist ohne Frage ein Ausdruck f\u00fcr einen besonderen Geschmack. Den Vergleich zu Ausf\u00fchrungen aus Alu oder Stahl muss ein Terrassendach aus Holz nicht f\u00fcrchten. Angefertigt werden die \u00dcberdachungen aus Fichtenholz. Eine exzellente Verleimungsqualit\u00e4t ist sichergestellt. Verarbeitet werden Stegdoppelplatten aus Plexiglas. Terrassen\u00fcberdachungen aus Holz bieten Ihnen ein hohes Ma\u00df an Komfort und Sicherheit. Je nach Gr\u00f6\u00dfe und Zustand der zu \u00fcberdachenden Au\u00dfenbereiche sind unterschiedliche Produkte erh\u00e4ltlich. Und je nach jeweiligem Geschmack kann unter mehreren Konstruktionen gew\u00e4hlt werden. <\/p>\n<h3>Terrassen\u00fcberdachungen aus Holz \u2013 besuchen Sie unsere Ausstellung!<\/h3>\n<p>Terrassen\u00fcberdachungen sind auf keinen Fall nur ein simpler Regenschutz. Sie werden erleben, dass Ihr neues Terrassendach ein Hauptgrund f\u00fcr die intensivere Nutzung der Gartenanlage ist. Wir d\u00fcrfen Ihnen schon jetzt garantieren, dass Sie bis in den Sp\u00e4therbst hinein sehr viel Freude an Ihrer Terrasse haben werden. Terrassen\u00fcberdachungen erh\u00f6hen schlichtweg das Wohlbefinden. Und au\u00dferdem werden auch Ihre Gartenm\u00f6bel optimal vor schlechten Witterungseinfl\u00fcssen bewahrt. Wer sich f\u00fcr eine Terrassen\u00fcberdachung aus Holz entscheidet, stellt eine g\u00fcnstige Auswirkung auf den Wohnwert seines Wohnhauses fest.<\/p>\n","protected":false},"excerpt":{"rendered":"<p>Terrassen\u00fcberdachungen aus Holz \u2013 d\u00fcrfen wir Ihre Fragen beantworten? Terrassen\u00fcberdachungen aus Holz verleihen einem Geb\u00e4ude einen sehr besonderen Reiz. Unter Terrassen\u00fcberdachungen sitzt man sicher und bequem und kann auch bei Regenwetter eine tolle Zeit Drau\u00dfen verbringen. Terrassend\u00e4cher helfen gegen Regen und laden daher zum Verweilen ein. Bescheren Sie Ihrem Wohnhaus das gewisse Etwas an Qualit\u00e4t [&hellip;]<\/p>\n","protected":false},"author":1,"featured_media":0,"parent":0,"menu_order":0,"comment_status":"closed","ping_status":"closed","template":"","meta":{"footnotes":""},"class_list":["post-4669","page","type-page","status-publish","hentry"],"meta_box":{"popseo_subtitel":"Kaduk Bauelemente ist Ihr Spezialist f\u00fcr Terrassen\u00fcberdachungen aus Holz im Raum Bispingen","popseo_subtitel2":"Terrassen\u00fcberdachungen aus Holz - wir helfen Ihnen gerne!","popseo_lasttitel":"Terrassen\u00fcberdachungen aus Holz: F\u00fcr weitere Informationen sprechen Sie uns bitte an","popseo_region":"Bispingen","popseo_sachwort":"Terrassen\u00fcberdachungen aus Holz","popseo_noupdate":"","popseo_einleitungstext":"<p>Sehr gerne informieren wir Sie n\u00e4her \u00fcber unser Produkt- und Leistungsprogramm. Wir pr\u00e4sentieren Ihnen mit Vergn\u00fcgen auch ein paar Referenzen, die Ihnen einen Einblick in unsere T\u00e4tigkeit geben.<br \/>\nSchenken Sie uns Ihr Vertrauen. Rufen Sie uns doch einfach einmal an oder senden Sie uns eine schnelle E-Mail. Wir freuen uns auf Sie.<\/p>","popseo_schlusstext":"<p>Ihre Zufriedenheit freut uns und ist uns ein steter Ansporn. Know-how, Fachkompetenz und Zuverl\u00e4ssigkeit sorgen f\u00fcr erfolgreiche Sicherheits- und Sonnenschutzprojekte. Die Zufriedenheit unserer Kunden steht f\u00fcr uns immer im Vordergrund}. Unsere Experten freuen sich \u00fcber Ihre Kontaktaufnahme, egal ob per Griff zum Telefonh\u00f6rer oder E-Mail.<\/p>","popseo_stadttext":"<h3>Leben und Wohnen in Bispingen<\/h3>\n<p>Bispingen ist eine Einheitsgemeinde im Zentrum der L\u00fcneburger Heide. Verwaltungstechnisch z\u00e4hlt die Gemeinde zum Kreis Heidekreis. Bispingen hat rund 6.000 registrierte Einwohner und erstreckt sich \u00fcber ein Gesamtareal von knapp 128 km\u00b2. Man erreicht man den Ort mit dem Auto \u00fcber die Bundesautobahn A7. Direkt an der Abfahrt 43 sieht man schon von Weitem dem Snow Dome Bispingen, eine Skihalle, die sich seit 2006 gr\u00f6\u00dfter Popularit\u00e4t erfreut<\/p>\n<p>Durch unsere Vertriebst\u00e4tigkeit haben wir uns einen ausgezeichneten \u00dcberblick \u00fcber die Architektur der Gemeinden und St\u00e4dte unseres Einzugsbereiches machen k\u00f6nnen. Sie kommen aus Bispingen und sind hier im Internet auf unsere Website gesto\u00dfen? Das finden wir klasse. Sehr gerne pr\u00e4sentieren wir Ihnen unser komplettes Leistungsspektrum und beantworten Ihre Fragen. Wir freuen uns darauf, mit Ihnen in Kontakt zu treten. <\/p>\n<h3>Lebensmittelpunkt Bispingen<\/h3>\n<p>Durch die Heideregion und den Snowdome ist die attraktive Einheitsgemeinde f\u00fcr Tagesbesucher und Touristen besonders interessant. Neben einem guten Mix von unterschiedlichen Fachgesch\u00e4ften, finden sich au\u00dferdem zahllose Pensionen, Hotels und Gastst\u00e4tten im Gemeindezentrum.  Bispingen ist ansonsten ein sehr familienfreundlicher Ort und bietet den B\u00fcrgern ein absolut abwechslungsreiches Umfeld zum Leben und Arbeiten. Die Gemeinde Bispingen hat eine funktionierende Infrastruktur und bestens ausgebaute Wohngebiete. Die Einzelhausbebauung dominiert. Gr\u00f6\u00dfere Hochh\u00e4user gibt es in Bispingen nicht.<\/p>\n<h4>Wir f\u00fcr Sie in Bispingen!<\/h4>\n<p>Sie leben in Bispingen oder Umgebung und interessieren sich f\u00fcr unser Angebot. Prima, das Sie unsere Internetseite entdeckt haben. F\u00fcr R\u00fcckfragen stehen wir Ihnen jederzeit zur Verf\u00fcgung. Auf den Kontakt zu Ihnen freuen wir uns.<\/p>","popseo_zusatztext":"<h3>G\u00fcnstig und preiswert \u2013 darauf d\u00fcrfen Sie setzen<\/h3>\n<p>Bauelemente m\u00fcssen h\u00f6chsten Anspr\u00fcchen standhalten. Gleichzeitig darf es g\u00fcnstig und preiswert sein. Das muss absolut kein Widerspruch sein. <\/p>\n<p>Als Fachbetrieb f\u00fcr Sonnenschutz und Sicherheit verwenden wir ausnahmslos hochwertige Produkte. Trotzdem schauen wir stets auf ein angemessenes Preis-Leistungsverh\u00e4ltnis. Wir m\u00f6chten Ihnen Qualit\u00e4t bieten, die trotzdem auch g\u00fcnstig und preiswert ist. Verleihen Sie Ihrem Heim g\u00fcnstig und preiswert das besondere Mehr an Qualit\u00e4t. Rolll\u00e4den und Markisen oder andere Sonnenschutzl\u00f6sungen sehen nicht nur hervorragend aus, sie leisten auch einen bedeutsamen Anteil zur W\u00e4rmed\u00e4mmung.  <\/p>\n<h3>G\u00fcnstig und preiswert \u2013 unsere Leistung \u00fcberzeugt<\/h3>\n<p>D\u00fcrfen wir Sie beraten, wie Sie g\u00fcnstig und preiswert einen optimalen Sonnenschutz f\u00fcr Ihr Haus verwirklichen? Toll, dann warten Sie bitte nicht und nehmen am besten gleich heute noch Verbindung mit uns auf. Ein kurzer Telefonanruf oder eine schnelle Email gen\u00fcgen. Gerne beraten Sie unsere perfekt ausgebildeten Spezialisten \u00fcber die unterschiedlichen M\u00f6glichkeiten, wie Sie Ihr Heim g\u00fcnstig und preiswert mit Rolll\u00e4den und Markisen oder anderen Sonnenschutzprodukten versehen. Wir freuen uns auf das Gespr\u00e4ch mit Ihnen. <\/p>\n<h4>Top-Qualit\u00e4t g\u00fcnstig und preiswert<\/h4>\n<p>Setzen Sie beim Thema Sonnenschutz und Sicherheit auf den Profi. Nur ein Spezialbetrieb kennt die diversen Optionen, wie Sie g\u00fcnstig und preiswert, gleichzeitig qualitativ h\u00f6herwertig einen perfekten Sonnenschutz erreichen. Qualit\u00e4tsbewusst, g\u00fcnstig und preiswert: Wir empfehlen uns als spezialisiertes Fachunternehmen im norddeutschen Gebiet. Unsere langj\u00e4hrige Erfahrung spricht f\u00fcr uns.<\/p>","popseo_links":"<a href=\"https:\/\/www.kaduk-bauelemente.de\/leistungen\/haustueren-bienenbuettel\/\">Haust\u00fcren Bienenb\u00fcttel<\/a>, <a href=\"https:\/\/www.kaduk-bauelemente.de\/leistungen\/raffstores-herzogtum-lauenburg\/\">Raffstores Herzogtum Lauenburg<\/a>, <a href=\"https:\/\/www.kaduk-bauelemente.de\/leistungen\/terrassenueberdachungen-aus-holz-geesthacht\/\">Terrassen\u00fcberdachungen aus Holz Geesthacht<\/a>, <a href=\"https:\/\/www.kaduk-bauelemente.de\/leistungen\/fenster-salzhausen\/\">Fenster Salzhausen<\/a>, <a href=\"https:\/\/www.kaduk-bauelemente.de\/leistungen\/carports-ebstorf\/\">Carports Ebstorf<\/a>, <a href=\"https:\/\/www.kaduk-bauelemente.de\/leistungen\/zaeune-bergedorf-wentorf\/\">Z\u00e4une Bergedorf Wentorf<\/a>, <a href=\"https:\/\/www.kaduk-bauelemente.de\/leistungen\/rolltore-bad-bevensen\/\">Rolltore Bad Bevensen<\/a>, <a href=\"https:\/\/www.kaduk-bauelemente.de\/leistungen\/terrassendaecher-aus-holz-seevetal-rosengarten\/\">Terrassend\u00e4cher aus Holz Seevetal Rosengarten<\/a>, <a href=\"https:\/\/www.kaduk-bauelemente.de\/leistungen\/raffstores-bergedorf-wentorf\/\">Raffstores Bergedorf Wentorf<\/a>, <a href=\"https:\/\/www.kaduk-bauelemente.de\/leistungen\/rollladen-hanstedt\/\">Rollladen Hanstedt<\/a>, <a href=\"https:\/\/www.kaduk-bauelemente.de\/leistungen\/sektionaltore-jesteburg\/\">Sektionaltore Jesteburg<\/a>, <a href=\"https:\/\/www.kaduk-bauelemente.de\/leistungen\/carports-stelle\/\">Carports Stelle<\/a>, <a href=\"https:\/\/www.kaduk-bauelemente.de\/leistungen\/haustueren-maschen\/\">Haust\u00fcren Maschen<\/a>, <a href=\"https:\/\/www.kaduk-bauelemente.de\/leistungen\/garagen-geesthacht\/\">Garagen Geesthacht<\/a>, <a href=\"https:\/\/www.kaduk-bauelemente.de\/leistungen\/markisen-ebstorf\/\">Markisen Ebstorf<\/a>, <a href=\"https:\/\/www.kaduk-bauelemente.de\/leistungen\/tueren-amelinghausen\/\">T\u00fcren Amelinghausen<\/a>, <a href=\"https:\/\/www.kaduk-bauelemente.de\/leistungen\/carports-salzhausen\/\">Carports Salzhausen<\/a>, <a href=\"https:\/\/www.kaduk-bauelemente.de\/leistungen\/rollladen-herzogtum-lauenburg\/\">Rollladen Herzogtum Lauenburg<\/a>, <a href=\"https:\/\/www.kaduk-bauelemente.de\/leistungen\/terrassenueberdachungen-aus-holz-bardowick\/\">Terrassen\u00fcberdachungen aus Holz Bardowick<\/a>, <a href=\"https:\/\/www.kaduk-bauelemente.de\/leistungen\/tueren-harburg\/\">T\u00fcren Harburg<\/a>, <a href=\"https:\/\/www.kaduk-bauelemente.de\/leistungen\/terrassenueberdachungen-aus-aluminium-schwarzenbek\/\">Terrassen\u00fcberdachungen aus Aluminium Schwarzenbek<\/a>, <a href=\"https:\/\/www.kaduk-bauelemente.de\/leistungen\/aussenjalousien-bispingen\/\">Au\u00dfenjalousien Bispingen<\/a>, <a href=\"https:\/\/www.kaduk-bauelemente.de\/leistungen\/kunststofffenster-herzogtum-lauenburg\/\">Kunststofffenster Herzogtum Lauenburg<\/a>, <a href=\"https:\/\/www.kaduk-bauelemente.de\/leistungen\/zaeune-bad-bevensen\/\">Z\u00e4une Bad Bevensen<\/a>, <a href=\"https:\/\/www.kaduk-bauelemente.de\/leistungen\/fliegengitter-amelinghausen\/\">Fliegengitter Amelinghausen<\/a>, <a href=\"https:\/\/www.kaduk-bauelemente.de\/leistungen\/aussenjalousien-buchholz\/\">Au\u00dfenjalousien Buchholz<\/a>, <a href=\"https:\/\/www.kaduk-bauelemente.de\/leistungen\/terrassenueberdachungen-aus-holz-bad-bevensen\/\">Terrassen\u00fcberdachungen aus Holz Bad Bevensen<\/a>, <a href=\"https:\/\/www.kaduk-bauelemente.de\/leistungen\/terrassendaecher-aus-aluminium-bad-bevensen\/\">Terrassend\u00e4cher aus Aluminium Bad Bevensen<\/a>"},"_links":{"self":[{"href":"https:\/\/www.kaduk-bauelemente.de\/leistungen\/wp-json\/wp\/v2\/pages\/4669","targetHints":{"allow":["GET"]}}],"collection":[{"href":"https:\/\/www.kaduk-bauelemente.de\/leistungen\/wp-json\/wp\/v2\/pages"}],"about":[{"href":"https:\/\/www.kaduk-bauelemente.de\/leistungen\/wp-json\/wp\/v2\/types\/page"}],"author":[{"embeddable":true,"href":"https:\/\/www.kaduk-bauelemente.de\/leistungen\/wp-json\/wp\/v2\/users\/1"}],"replies":[{"embeddable":true,"href":"https:\/\/www.kaduk-bauelemente.de\/leistungen\/wp-json\/wp\/v2\/comments?post=4669"}],"version-history":[{"count":0,"href":"https:\/\/www.kaduk-bauelemente.de\/leistungen\/wp-json\/wp\/v2\/pages\/4669\/revisions"}],"wp:attachment":[{"href":"https:\/\/www.kaduk-bauelemente.de\/leistungen\/wp-json\/wp\/v2\/media?parent=4669"}],"curies":[{"name":"wp","href":"https:\/\/api.w.org\/{rel}","templated":true}]}}