{"id":4667,"date":"2021-08-25T12:19:36","date_gmt":"2021-08-25T10:19:36","guid":{"rendered":"https:\/\/www.kaduk-bauelemente.de\/leistungen\/terrassenueberdachungen-aus-holz-bergedorf-wentorf\/"},"modified":"2021-08-25T12:19:36","modified_gmt":"2021-08-25T10:19:36","slug":"terrassenueberdachungen-aus-holz-bergedorf-wentorf","status":"publish","type":"page","link":"https:\/\/www.kaduk-bauelemente.de\/leistungen\/terrassenueberdachungen-aus-holz-bergedorf-wentorf\/","title":{"rendered":"Terrassen\u00fcberdachungen aus Holz &#8211; Bergedorf Wentorf"},"content":{"rendered":"<h3>Terrassen\u00fcberdachungen aus Holz sind eine gute Investition<\/h3>\n<p>Terrassen\u00fcberdachungen aus Holz verleihen einem Wohnhaus einen absolut au\u00dfergew\u00f6hnlichen Reiz. Unter Terrassen\u00fcberdachungen sitzt man gesch\u00fctzt und komfortabel und kann auch bei Regen eine tolle Zeit an der frischen Luft verbringen. Terrassend\u00e4cher helfen gegen schlechtem Wetter und laden einfach zum Verweilen ein. <\/p>\n<p>Bescheren Sie Ihrem Wohnhaus das gewisse Etwas an Komfort und setzen Sie auf Terrassen\u00fcberdachungen vom Spezialisten. Als routiniertes Fachgesch\u00e4ft begeistern uns immer wieder auch Terrassen\u00fcberdachungen aus Holz. Naturbelassenes Material ist ohne Frage ein Merkmal f\u00fcr einen individuellen Stil. Den Vergleich zu Konstruktionen aus Stahl oder Alu muss ein Terrassendach aus Holz nicht scheuen. Hergestellt werden die \u00dcberdachungen aus Fichtenholz. Eine bestm\u00f6gliche Verleimungsqualit\u00e4t ist sichergestellt. Verarbeitet werden Stegdoppelplatten aus Plexiglas. Terrassen\u00fcberdachungen aus Holz bieten ein sehr hohes Ma\u00df an Komfort und Schutz. Je nach Ausma\u00df und Gestalt der zu \u00fcberdachenden Au\u00dfenbereiche sind verschiedene Produkte vorhanden. Und je nach jeweiligem Geschmack kann unter verschiedenen Ausf\u00fchrungen ausgew\u00e4hlt werden. <\/p>\n<h3>Terrassen\u00fcberdachungen aus Holz sind immer eine gute Idee!<\/h3>\n<p>Terrassen\u00fcberdachungen sind l\u00e4ngst nicht nur ein einfacher Regenschutz. Sie werden merken, dass Ihr neues Terrassendach ein Grund f\u00fcr die h\u00e4ufigere Nutzung des Gartens ist. Wir k\u00f6nnen Ihnen schon jetzt vorhersagen, dass Sie bis in den Sp\u00e4therbst hinein sehr viel Spa\u00df an Ihrer Terrasse haben werden. Terrassen\u00fcberdachungen erh\u00f6hen schlichtweg die Wohnqualit\u00e4t. Und ganz nebenbei werden auch Ihre Gartenm\u00f6bel ausgezeichnet vor schlechten Witterungseinfl\u00fcssen bewahrt. Wer sich f\u00fcr eine Terrassen\u00fcberdachung aus Holz entscheidet, stellt eine gro\ufb02e Auswirkung auf den Wohnwert seines Geb\u00e4udes fest.<\/p>\n","protected":false},"excerpt":{"rendered":"<p>Terrassen\u00fcberdachungen aus Holz sind eine gute Investition Terrassen\u00fcberdachungen aus Holz verleihen einem Wohnhaus einen absolut au\u00dfergew\u00f6hnlichen Reiz. Unter Terrassen\u00fcberdachungen sitzt man gesch\u00fctzt und komfortabel und kann auch bei Regen eine tolle Zeit an der frischen Luft verbringen. Terrassend\u00e4cher helfen gegen schlechtem Wetter und laden einfach zum Verweilen ein. Bescheren Sie Ihrem Wohnhaus das gewisse Etwas [&hellip;]<\/p>\n","protected":false},"author":1,"featured_media":0,"parent":0,"menu_order":0,"comment_status":"closed","ping_status":"closed","template":"","meta":{"footnotes":""},"class_list":["post-4667","page","type-page","status-publish","hentry"],"meta_box":{"popseo_subtitel":"Kaduk Bauelemente ist Ihr Experte f\u00fcr Terrassen\u00fcberdachungen aus Holz in Bergedorf Wentorf","popseo_subtitel2":"Terrassen\u00fcberdachungen aus Holz - eine vorteilhafte Sache!","popseo_lasttitel":"Terrassen\u00fcberdachungen aus Holz: Gerne beantworten wir Ihre Fragen!","popseo_region":"Bergedorf Wentorf","popseo_sachwort":"Terrassen\u00fcberdachungen aus Holz","popseo_noupdate":"","popseo_einleitungstext":"<p>Wenn es um Sonnenschutz und Sicherheit geht, sind Sie bei der Firma Dirk Kaduk Bauelemte genau an der richtigen Adresse. Seit Unternehmensgr\u00fcndung sind wir Ihr lokaler Fachbetrieb f\u00fcr hochwertige Bauelemente. Zu unserem Produktsortiment geh\u00f6ren zum Beispiel Terrassend\u00e4cher, Markisen, Rolltore, T\u00fcren, Fenster, Au\u00dfenjalousien, Rolll\u00e4den und Carports. Unsere Fachleute erledigen Reparatur- und Montagearbeiten und zeigen Ihnen Wege auf, wie Sie Ihre Immobilie mit zeitgem\u00e4\u00dfen Bauelementen ausstatten k\u00f6nnen. Nachfolgend haben wir einige erste Informationen f\u00fcr Sie zusammengestellt.<\/p>","popseo_schlusstext":"<p>Gerne informieren wir Sie n\u00e4her \u00fcber unsere Produkte und unser Aufgabengebiet. Wir pr\u00e4sentieren Ihnen mit Vergn\u00fcgen auch ein paar Referenzen, die Ihnen einen Einblick in unsere Firment\u00e4tigkeit geben.<br \/>\nSchenken Sie uns Ihr Vertrauen. Rufen Sie uns doch rasch einmal an oder senden Sie uns eine kurze E-Mail. Wir freuen uns auf Sie.<\/p>","popseo_stadttext":"<h3>Leben und Wohnen in Wentorf und Bergedorf<\/h3>\n<p>Durch unsere Gesch\u00e4ftst\u00e4tigkeit haben wir uns einen ausgezeichneten \u00dcberblick \u00fcber die Architektur der Gemeinden und St\u00e4dte unseres Einzugsbereiches machen k\u00f6nnen. Selbstverst\u00e4ndlich geh\u00f6ren auch Bergedorf und Wentorf zu unserem unmittelbaren Vertriebsgebiet. Wir freuen uns darauf, mit Ihnen in Kontakt zu kommen. <\/p>\n<h3>Einige Informationen \u00fcber Bergedorf und Wentorf:<h3>\n<p>Einstmals eigenst\u00e4ndig geh\u00f6rt Bergedorf jetzt zur Freien und Hansestadt Hamburg. Der Stadtteil liegt am s\u00fcd\u00f6stlichen Stadtrand und grenzt an die schleswig-holsteinischen Orte Wentorf und Reinbek. In Bergedorf leben knapp 42.000 B\u00fcrger auf einer Fl\u00e4che von 11 Quadratkilometern. Obwohl Bergedorf bereits seit dem 01. 01. 1938 keine Autonomie mehr besitzt, hat sich der Stadtteil dennoch eine gewisse Originalit\u00e4t bewahrt. Fast k\u00f6nnte man sagen, Bergedorf w\u00e4re eine Art Stadt in der Stadt. Zum Stadtbezirk Bergedorf geh\u00f6ren in Summe 14 Stadtteile. Die gr\u00f6\u00dften Stadtteile sind: Allerm\u00f6he, Billwerder, Lohbr\u00fcgge, Moorfleet, Altengamme, Curslack, Neuallerm\u00f6he, Kirchwerder, Ochsenwerder und Neuengamme. Mitunter hinzu gez\u00e4hlt wird auch Wentorf. Dies ist jedoch nicht v\u00f6llig korrekt, da Wentorf zum schleswig-holsteinischen Kreis Herzogtum Lauenburg geh\u00f6rt.  <\/p>\n<p>In Bergedorf zu wohnen bedeutet, die Vorteile der Gro\u00dfstadt zu genie\u00dfen ohne im gleichen Atemzug auf kleinst\u00e4dtischen Charme zu verzichten. Die Wohnviertel von Bergedorf sind gekennzeichnet von Einzel- oder Mehrfamilienhausbebauung. Gr\u00f6\u00dfere Wohneinheiten findet man in Bergedorf vorwiegend in der N\u00e4he des Stadtzentrums. Die Infrastruktur \u00fcberzeugt: Im Zentrum von Bergedorf finden sich gute Shoppingm\u00f6glichkeiten. <\/p>\n<h3>Bergedorf und Wentorf haben Charme!<\/h3>\n<p>Ob in den Passagen oder in der Fu\u00dfg\u00e4ngerzone: In Bergedorf l\u00e4sst es sich wirklich entspannt bummeln. Und wer danach Lust und Laune auf ein wenig Entspannung hat, macht Halt in einem der zahlreichen urgem\u00fctlichen Caf\u00e9s und Restaurants. Bergedorf ist an den Hamburger Verkehrsverbund angeschlossen. Mit der S-Bahnlinie S2 erreicht man den Hamburg Hauptbahnhof in etwa 25 Minuten. Auch mit dem Auto kommt man z\u00fcgig nach Bergedorf: \u00dcber die B 207 und 5 kommt man unmittelbar ins Stadtgebiet. Die Bev\u00f6lkerung von Bergedorf mag besonders den prima Mix ihres Stadtteils. Eine wachsende Wirtschaft, die nahegelegenen Naturgebiete sowie die hervorragenden Kultur- und Freizeitangebote machen Bergedorf zu einem Wohnort mit extrem  hoher Lebensqualit\u00e4t.<\/p>\n<p>Auch Wentorf grenzt direkt an Bergedorf, die \u00dcberg\u00e4nge sind fast flie\u00dfend. Als sch\u00f6nes Wohngebiet ist Wentorf speziell bei Pendlern beliebt. Eine hervorragende Infrastruktur, die N\u00e4he zur Metropole sowie eine ausgezeichnete Verkehrsanbindung zeichnen Wentorf aus. <\/p>\n<h4>Wir f\u00fcr Sie in Bergedorf und Wentorf!<\/h4>\n<p>Wir finden es toll, dass Sie unsere Internetseite gefunden haben. Ob Wentorf oder Bergedorf: Unsere Erfahrung und die Qualit\u00e4t von Material und Ausf\u00fchrung garantiert Ihnen ein sehr gutes Preis-Leistungsverh\u00e4ltnis. Sie m\u00f6chten mehr \u00fcber uns wissen? F\u00fcr R\u00fcckfragen stehen wir Ihnen jederzeit zur Verf\u00fcgung. Unser engagiertes Team freut sich auf Sie.<\/p>","popseo_zusatztext":"<h3>Gute Qualit\u00e4t \u2013 g\u00fcnstig und preiswert<\/h3>\n<p>Bauelemente m\u00fcssen hohen Anforderungen standhalten. Nichtsdestrotrotz mu\u00df es g\u00fcnstig und preiswert sein. Das muss absolut kein Widerspruch sein. <\/p>\n<p>Als Fachunternehmen f\u00fcr Sonnenschutz- und Sicherheitsl\u00f6sungen verarbeiten wir nur hochwertige Produkte. Nichtsdestotrotz achten wir grunds\u00e4tzlich auf ein angemessenes Preis-Leistungsverh\u00e4ltnis. Wir m\u00f6chten Ihnen Spitzenqualit\u00e4t anbieten, die gleichzeitig auch g\u00fcnstig und preiswert ist. Geben Sie Ihrem Zuhause g\u00fcnstig und preiswert das gewisse Plus an Qualit\u00e4t. Rolll\u00e4den und Markisen oder andere Sonnenschutzl\u00f6sungen sehen nicht nur schmuck aus, sie leisten auch einen bedeutenden Anteil zur W\u00e4rmed\u00e4mmung.  <\/p>\n<h3>G\u00fcnstig und preiswert \u2013 es muss wirklich nicht immer teuer sein<\/h3>\n<p>D\u00fcrfen wir Sie informieren, wie Sie g\u00fcnstig und preiswert einen perfekten Sonnenschutz f\u00fcr Ihr Haus realisieren? Prima, dann warten Sie bitte nicht und nehmen am besten sofort heute noch Kontakt mit uns auf. Ein kurzer Telefonanruf oder eine schnelle E-Mail gen\u00fcgen. Gern informieren Sie unsere perfekt geschulten Experten \u00fcber die diversen M\u00f6glichkeiten, wie Sie Ihr Zuhause g\u00fcnstig und preiswert mit Markisen und Rolll\u00e4den oder anderen Sonnenschutzprodukten ausstatten. Wir freuen uns auf den Austausch mit Ihnen. <\/p>\n<h4>Hochwertige Arbeit g\u00fcnstig und preiswert<\/h4>\n<p>Setzen Sie beim Thema Sonnenschutz und Sicherheit auf den Fachmann. Nur ein Spezialbetrieb kennt die unterschiedlichen Optionen, wie Sie g\u00fcnstig und preiswert, gleichzeitig qualitativ h\u00f6herwertig einen tadellosen Sonnenschutz verwirklichen. Qualit\u00e4tsbewusst, g\u00fcnstig und preiswert: Wir empfehlen uns als spezialisiertes Unternehmen im n\u00f6rdlichen Raum. Unsere langj\u00e4hrige Erfahrung spricht f\u00fcr uns.<\/p>","popseo_links":"<a href=\"https:\/\/www.kaduk-bauelemente.de\/leistungen\/fenster-herzogtum-lauenburg\/\">Fenster Herzogtum Lauenburg<\/a>, <a href=\"https:\/\/www.kaduk-bauelemente.de\/leistungen\/terrassenueberdachungen-aus-aluminium-buchholz\/\">Terrassen\u00fcberdachungen aus Aluminium Buchholz<\/a>, <a href=\"https:\/\/www.kaduk-bauelemente.de\/leistungen\/holzfenster-schwarzenbek\/\">Holzfenster Schwarzenbek<\/a>, <a href=\"https:\/\/www.kaduk-bauelemente.de\/leistungen\/zaeune-adendorf\/\">Z\u00e4une Adendorf<\/a>, <a href=\"https:\/\/www.kaduk-bauelemente.de\/leistungen\/sektionaltore-bienenbuettel\/\">Sektionaltore Bienenb\u00fcttel<\/a>, <a href=\"https:\/\/www.kaduk-bauelemente.de\/leistungen\/rolltore-uelzen\/\">Rolltore Uelzen<\/a>, <a href=\"https:\/\/www.kaduk-bauelemente.de\/leistungen\/insektenschutz-reppenstedt\/\">Insektenschutz Reppenstedt<\/a>, <a href=\"https:\/\/www.kaduk-bauelemente.de\/leistungen\/zaeune-winsen-luhe\/\">Z\u00e4une Winsen Luhe<\/a>, <a href=\"https:\/\/www.kaduk-bauelemente.de\/leistungen\/fenster-amt-neuhaus\/\">Fenster Amt Neuhaus<\/a>, <a href=\"https:\/\/www.kaduk-bauelemente.de\/leistungen\/fliegengitter-stelle\/\">Fliegengitter Stelle<\/a>, <a href=\"https:\/\/www.kaduk-bauelemente.de\/leistungen\/zaeune-bad-bevensen\/\">Z\u00e4une Bad Bevensen<\/a>, <a href=\"https:\/\/www.kaduk-bauelemente.de\/leistungen\/terrassenueberdachungen-aus-aluminium-buechen\/\">Terrassen\u00fcberdachungen aus Aluminium B\u00fcchen<\/a>, <a href=\"https:\/\/www.kaduk-bauelemente.de\/leistungen\/carports-lueneburg\/\">Carports L\u00fcneburg<\/a>, <a href=\"https:\/\/www.kaduk-bauelemente.de\/leistungen\/rolllaeden-schwarzenbek\/\">Rolll\u00e4den Schwarzenbek<\/a>, <a href=\"https:\/\/www.kaduk-bauelemente.de\/leistungen\/tueren-lueneburg\/\">T\u00fcren L\u00fcneburg<\/a>, <a href=\"https:\/\/www.kaduk-bauelemente.de\/leistungen\/rolllaeden-harburg\/\">Rolll\u00e4den Harburg<\/a>, <a href=\"https:\/\/www.kaduk-bauelemente.de\/leistungen\/kunststofffenster-bardowick\/\">Kunststofffenster Bardowick<\/a>, <a href=\"https:\/\/www.kaduk-bauelemente.de\/leistungen\/aussenjalousien-bergedorf-wentorf\/\">Au\u00dfenjalousien Bergedorf Wentorf<\/a>, <a href=\"https:\/\/www.kaduk-bauelemente.de\/leistungen\/zaunbau-bienenbuettel\/\">Zaunbau Bienenb\u00fcttel<\/a>, <a href=\"https:\/\/www.kaduk-bauelemente.de\/leistungen\/fenster-reppenstedt\/\">Fenster Reppenstedt<\/a>, <a href=\"https:\/\/www.kaduk-bauelemente.de\/leistungen\/zaeune-buechen\/\">Z\u00e4une B\u00fcchen<\/a>, <a href=\"https:\/\/www.kaduk-bauelemente.de\/leistungen\/terrassendaecher-aus-holz-hanstedt\/\">Terrassend\u00e4cher aus Holz Hanstedt<\/a>, <a href=\"https:\/\/www.kaduk-bauelemente.de\/leistungen\/carports-bardowick\/\">Carports Bardowick<\/a>, <a href=\"https:\/\/www.kaduk-bauelemente.de\/leistungen\/holzfenster-amelinghausen\/\">Holzfenster Amelinghausen<\/a>, <a href=\"https:\/\/www.kaduk-bauelemente.de\/leistungen\/terrassenueberdachungen-aus-holz-bad-bevensen\/\">Terrassen\u00fcberdachungen aus Holz Bad Bevensen<\/a>, <a href=\"https:\/\/www.kaduk-bauelemente.de\/leistungen\/zaunbau-bardowick\/\">Zaunbau Bardowick<\/a>, <a href=\"https:\/\/www.kaduk-bauelemente.de\/leistungen\/fliegengitter-buchholz\/\">Fliegengitter Buchholz<\/a>, <a href=\"https:\/\/www.kaduk-bauelemente.de\/leistungen\/rolltore-ebstorf\/\">Rolltore Ebstorf<\/a>"},"_links":{"self":[{"href":"https:\/\/www.kaduk-bauelemente.de\/leistungen\/wp-json\/wp\/v2\/pages\/4667","targetHints":{"allow":["GET"]}}],"collection":[{"href":"https:\/\/www.kaduk-bauelemente.de\/leistungen\/wp-json\/wp\/v2\/pages"}],"about":[{"href":"https:\/\/www.kaduk-bauelemente.de\/leistungen\/wp-json\/wp\/v2\/types\/page"}],"author":[{"embeddable":true,"href":"https:\/\/www.kaduk-bauelemente.de\/leistungen\/wp-json\/wp\/v2\/users\/1"}],"replies":[{"embeddable":true,"href":"https:\/\/www.kaduk-bauelemente.de\/leistungen\/wp-json\/wp\/v2\/comments?post=4667"}],"version-history":[{"count":0,"href":"https:\/\/www.kaduk-bauelemente.de\/leistungen\/wp-json\/wp\/v2\/pages\/4667\/revisions"}],"wp:attachment":[{"href":"https:\/\/www.kaduk-bauelemente.de\/leistungen\/wp-json\/wp\/v2\/media?parent=4667"}],"curies":[{"name":"wp","href":"https:\/\/api.w.org\/{rel}","templated":true}]}}