{"id":4662,"date":"2021-08-25T12:19:36","date_gmt":"2021-08-25T10:19:36","guid":{"rendered":"https:\/\/www.kaduk-bauelemente.de\/leistungen\/terrassenueberdachungen-aus-holz-adendorf\/"},"modified":"2021-08-25T12:19:36","modified_gmt":"2021-08-25T10:19:36","slug":"terrassenueberdachungen-aus-holz-adendorf","status":"publish","type":"page","link":"https:\/\/www.kaduk-bauelemente.de\/leistungen\/terrassenueberdachungen-aus-holz-adendorf\/","title":{"rendered":"Terrassen\u00fcberdachungen aus Holz &#8211; Adendorf"},"content":{"rendered":"<h3>Terrassen\u00fcberdachungen aus Holz \u2013 auch optisch ein Highlight!<\/h3>\n<p>Terrassen\u00fcberdachungen aus Holz geben einem Haus einen sehr au\u00dfergew\u00f6hnlichen Reiz. Unter Terrassen\u00fcberdachungen sitzt man sicher und bequem und kann sogar bei regnerischem Wetter eine sch\u00f6ne Zeit im Freien verbringen. Terrassend\u00e4cher sch\u00fctzen vor Regenwetter und laden einfach zum Verweilen ein. <\/p>\n<p>Geben Sie Ihrem Wohnhaus das gewisse Etwas an Wohnkomfort und setzen Sie auf Terrassen\u00fcberdachungen vom Spezialisten. Als routiniertes Fachgesch\u00e4ft begeistern uns immer wieder auch Terrassen\u00fcberdachungen aus Holz. Naturbelassenes Material ist ganz sicher ein Zeichen f\u00fcr einen individuellen Geschmack. Den Vergleich zu Konstruktionen aus Stahl oder Alu muss ein Terrassendach aus Holz nicht f\u00fcrchten. Angefertigt werden die \u00dcberdachungen aus Fichtenholz. Eine hervorragende Verleimungsqualit\u00e4t ist selbstverst\u00e4ndlich gegeben. Verarbeitet werden Stegdoppelplatten aus Plexiglas. Terrassen\u00fcberdachungen aus Holz bieten ein gro\u00dfes Ma\u00df an Komfort und Sicherheit. Je nach Ausma\u00df und Beschaffenheit der zu \u00fcberdachenden Au\u00dfenfl\u00e4chen sind unterschiedliche Produkte auf Lager. Und je nach jeweiligem Geschmack kann unter diversen Konstruktionen gew\u00e4hlt werden. <\/p>\n<h3>Terrassen\u00fcberdachungen aus Holz sind immer eine gute Idee!<\/h3>\n<p>Terrassen\u00fcberdachungen sind auf keinen Fall nur ein einfacher Wetterschutz. Sie werden erleben, dass Ihr neues Terrassendach ein Grund f\u00fcr die h\u00e4ufigere Nutzung des Gartens ist. Wir k\u00f6nnen Ihnen schon jetzt vorhersagen, dass Sie bis in den Sp\u00e4therbst hinein viel Spa\u00df an Ihrer Terrasse haben werden. Terrassen\u00fcberdachungen erh\u00f6hen einfach den Wohlf\u00fchlfaktor. Und ganz nebenbei werden auch Ihre Gartenm\u00f6bel ausgezeichnet vor schlechten Wetterbedingungen gesch\u00fctzt. Wer sich f\u00fcr eine Terrassen\u00fcberdachung aus Holz entscheidet, stellt eine g\u00fcnstige Auswirkung auf den Wohnwert seines Wohngeb\u00e4udes fest.<\/p>\n","protected":false},"excerpt":{"rendered":"<p>Terrassen\u00fcberdachungen aus Holz \u2013 auch optisch ein Highlight! Terrassen\u00fcberdachungen aus Holz geben einem Haus einen sehr au\u00dfergew\u00f6hnlichen Reiz. Unter Terrassen\u00fcberdachungen sitzt man sicher und bequem und kann sogar bei regnerischem Wetter eine sch\u00f6ne Zeit im Freien verbringen. Terrassend\u00e4cher sch\u00fctzen vor Regenwetter und laden einfach zum Verweilen ein. Geben Sie Ihrem Wohnhaus das gewisse Etwas an [&hellip;]<\/p>\n","protected":false},"author":1,"featured_media":0,"parent":0,"menu_order":0,"comment_status":"closed","ping_status":"closed","template":"","meta":{"footnotes":""},"class_list":["post-4662","page","type-page","status-publish","hentry"],"meta_box":{"popseo_subtitel":"Kaduk Bauelemente ist Ihr Fachunternehmen f\u00fcr Terrassen\u00fcberdachungen aus Holz in Adendorf","popseo_subtitel2":"Terrassen\u00fcberdachungen aus Holz - von den Experten unserer Firma","popseo_lasttitel":"Terrassen\u00fcberdachungen aus Holz: Unsere Mitarbeiter beantworten gerne Ihre Fragen","popseo_region":"Adendorf","popseo_sachwort":"Terrassen\u00fcberdachungen aus Holz","popseo_noupdate":"","popseo_einleitungstext":"<p>Sie wollen Ihre Gesch\u00e4fts- oder Wohnimmobilie mit modernen Bauelementen ausstatten lassen und m\u00f6chten sich \u00fcber unser Produkt- und Leistungsangebot informieren? Prima, dann sind Sie auf dieser Seite goldrichtig. Unser Produktsortiment umfasst unter anderem Rolltore, Markisen, Terrassend\u00e4cher, T\u00fcren, Au\u00dfenjalousien, Fenster, Carports und Rolll\u00e4den. Als auf Sicherheit und Sonnenschutz spezialisiertes Unternehmen \u00fcbernehmen wir insbesondere auch Montage- und Reparaturarbeiten. Erfahren Sie nachfolgend mehr \u00fcber uns und unser Angebot. \u00dcber Ihr Interesse freuen wir uns sehr.<\/p>","popseo_schlusstext":"<p>Gerne informieren wir Sie n\u00e4her \u00fcber unser Produkt- und Leistungsprogramm. Wir pr\u00e4sentieren Ihnen mit Vergn\u00fcgen auch einige Projekte, die Ihnen einen Einblick in unsere Unternehmenst\u00e4tigkeit geben.<br \/>\nSchenken Sie uns Ihr Vertrauen. Rufen Sie uns doch einfach einmal an oder senden Sie uns eine kurze E-Mail. Wir freuen uns auf Sie.<\/p>","popseo_stadttext":"<h3>Wir freuen uns \u00fcber zufriedene Kunden aus Adendorf<\/h3>\n<p>Unser Gesch\u00e4ftsbereich umfasst auch Adendorf. Durch unsere Gesch\u00e4ftst\u00e4tigkeit haben wir uns einen ausgezeichneten \u00dcberblick \u00fcber die Architektur der Gemeinden und St\u00e4dte unseres Vertriebsgebietes machen k\u00f6nnen. Wir f\u00fchlen uns der Region verpflichtet und freuen uns dar\u00fcber, auch unseren Anteil zur ausgezeichneten Infrastruktur der Gemeinde beizusteuern zu k\u00f6nnen.  <\/p>\n<h3>Interessante Fakten zu Adendorf<\/h3><br \/>\nAdendorf liegt ungef\u00e4hr vier Kilometer von L\u00fcneburg entfernt zwischen dem Elbe-Seitenkanal und der Illmenau. Ann\u00e4hernd 11.000 Einwohner wohnen in Aldendorf auf einem Areal von rund 16 qkm. Die Wirtschaft der Gemeinde wird beherrscht von kleinen und mittelst\u00e4ndischen Firmen aus den Gesch\u00e4ftsfeldern Handwerk und Dienstleistung. Erreichbar ist der Ort mit dem Auto \u00fcber die Bundesstra\u00dfe 209. Aldendorf verf\u00fcgt dar\u00fcber hinaus \u00fcber eine Zufahrt an die Autobahn 39. Der Personennahverkehr wird \u00fcber mehrere Busverbindungen sichergestellt. Die Umgebung erm\u00f6glicht erlebnisreiche Ausfl\u00fcge. Die Baustruktur in der Region ist \u00fcberwiegend dominiert von einer ansprechenden Einzelhausbebauung. Insbesondere junge Familien profitieren von dem ruhigen Leben in Adendorf.<br \/>\n<h4>Hohe Qualit\u00e4t f\u00fcr Kunden aus Adendorf<\/h4>\n<p>Sie leben in Adendorf und interessieren sich f\u00fcr unser Angebot. Klasse, dass Sie uns hier auf dieser Website entdeckt haben. F\u00fcr R\u00fcckfragen sind wir jederzeit f\u00fcr Sie da. Auf Ihre Anfragen freuen wir uns.<\/p>","popseo_zusatztext":"<h3>Kaduk Bauelemente \u2013 Ihr Fachbetrieb f\u00fcr Sicht- und Sonnenschutz<\/h3>\n<p>Setzen Sie bei Sicherheit und Sonnenschutz unbedingt auf die sachliche Leistung vom Fachbetrieb. Nur ein Fachbetrieb kennt die Tricks und Tipps, wie man zu einem sachgerechten Ergebnis kommt. Um sich mit Fug und Recht Fachbetrieb nennen zu d\u00fcrfen, braucht es eine qualifizierte Ausbildung der Mitarbeiter und eine langj\u00e4hrige Berufserfahrung.  <\/p>\n<p>Unser Betrieb empfiehlt sich als Ihr fachkundiger Fachbetrieb f\u00fcr Sonnenschutz und Sicherheit. Erreichen Sie Ihr Ziel und schenken Sie unserem Fachbetrieb Ihr Vertrauen. Wir bieten Ihnen unter anderem hochqualitative Rolll\u00e4den und Markisen und legen allerh\u00f6chsten Wert auf einen sehr guten Service. Schon seit vielen Jahren sind wir qualifizierter Fachbetrieb f\u00fcr Rolll\u00e4den, Markisen, Terrassend\u00e4cher und Au\u00dfenjalousien im Raum L\u00fcneburg. Es ist uns ein Anliegen, dass Sie lange viel Freude an Ihrem Sicht und Sonnenschutz haben. Von einem Fachbetrieb d\u00fcrfen Sie selbstverst\u00e4ndlich eine fehlerfreie Top-Leistung erwarten.<\/p>\n<h3>Dirk Kaduk Bauelemente \u2013 Ihr Fachbetrieb f\u00fcr Sicherheit und Sonnenschutz<\/h3>\n<p>Als Fachbetrieb darf sich eine Firma bezeichnen, deren Angestellte \u00fcber dokumentierte Qualifikationen verf\u00fcgen. Dies ist zum Beispiel eine entsprechende Berufsausbildung oder ein Meisterbrief. Auch zeichnet eine langj\u00e4hrige praktische Erfahrung einen Fachbetrieb aus. Schon seit vielen Jahren konzentrieren wir uns als spezialisiertes Unternehmen auf Sonnenschutz und Sicherheit von H\u00e4usern. In diesen vielen Jahren haben wir uns das Attribut Fachbetrieb sicherlich verdient. Wir verarbeiten ausschlie\u00dflich qualitativ hochwertige Artikel. Dabei achten wir stets auf ein angemessenes Preis-Leistungsverh\u00e4ltnis. Unser Versprechen als Fachbetrieb: Wir bieten Ihnen 1a-Leistung zu einem sehr guten Preis.<\/p>","popseo_links":"<a href=\"https:\/\/www.kaduk-bauelemente.de\/leistungen\/garagen-bienenbuettel\/\">Garagen Bienenb\u00fcttel<\/a>, <a href=\"https:\/\/www.kaduk-bauelemente.de\/leistungen\/rolltore-tostedt-sittensen\/\">Rolltore Tostedt Sittensen<\/a>, <a href=\"https:\/\/www.kaduk-bauelemente.de\/leistungen\/terrassendaecher-aus-holz-amelinghausen\/\">Terrassend\u00e4cher aus Holz Amelinghausen<\/a>, <a href=\"https:\/\/www.kaduk-bauelemente.de\/leistungen\/terrassendaecher-aus-aluminium-amt-neuhaus\/\">Terrassend\u00e4cher aus Aluminium Amt Neuhaus<\/a>, <a href=\"https:\/\/www.kaduk-bauelemente.de\/leistungen\/fliegengitter-reinbek-glinde\/\">Fliegengitter Reinbek Glinde<\/a>, <a href=\"https:\/\/www.kaduk-bauelemente.de\/leistungen\/fliegengitter-harburg\/\">Fliegengitter Harburg<\/a>, <a href=\"https:\/\/www.kaduk-bauelemente.de\/leistungen\/carports-reppenstedt\/\">Carports Reppenstedt<\/a>, <a href=\"https:\/\/www.kaduk-bauelemente.de\/leistungen\/terrassendaecher-aus-aluminium-ebstorf\/\">Terrassend\u00e4cher aus Aluminium Ebstorf<\/a>, <a href=\"https:\/\/www.kaduk-bauelemente.de\/leistungen\/aussenjalousien-bergedorf-wentorf\/\">Au\u00dfenjalousien Bergedorf Wentorf<\/a>, <a href=\"https:\/\/www.kaduk-bauelemente.de\/leistungen\/carports-seevetal-rosengarten\/\">Carports Seevetal Rosengarten<\/a>, <a href=\"https:\/\/www.kaduk-bauelemente.de\/leistungen\/haustueren-tostedt-sittensen\/\">Haust\u00fcren Tostedt Sittensen<\/a>, <a href=\"https:\/\/www.kaduk-bauelemente.de\/leistungen\/rollladen-bad-bevensen\/\">Rollladen Bad Bevensen<\/a>, <a href=\"https:\/\/www.kaduk-bauelemente.de\/leistungen\/tueren-boizenburg\/\">T\u00fcren Boizenburg<\/a>, <a href=\"https:\/\/www.kaduk-bauelemente.de\/leistungen\/rolltore-lueneburg\/\">Rolltore L\u00fcneburg<\/a>, <a href=\"https:\/\/www.kaduk-bauelemente.de\/leistungen\/terrassenueberdachungen-aus-holz-reppenstedt\/\">Terrassen\u00fcberdachungen aus Holz Reppenstedt<\/a>, <a href=\"https:\/\/www.kaduk-bauelemente.de\/leistungen\/markisen-geesthacht\/\">Markisen Geesthacht<\/a>, <a href=\"https:\/\/www.kaduk-bauelemente.de\/leistungen\/tueren-bienenbuettel\/\">T\u00fcren Bienenb\u00fcttel<\/a>, <a href=\"https:\/\/www.kaduk-bauelemente.de\/leistungen\/zaunbau-reppenstedt\/\">Zaunbau Reppenstedt<\/a>, <a href=\"https:\/\/www.kaduk-bauelemente.de\/leistungen\/raffstores-bardowick\/\">Raffstores Bardowick<\/a>, <a href=\"https:\/\/www.kaduk-bauelemente.de\/leistungen\/kunststofffenster-bienenbuettel\/\">Kunststofffenster Bienenb\u00fcttel<\/a>, <a href=\"https:\/\/www.kaduk-bauelemente.de\/leistungen\/terrassenueberdachungen-aus-holz-geesthacht\/\">Terrassen\u00fcberdachungen aus Holz Geesthacht<\/a>, <a href=\"https:\/\/www.kaduk-bauelemente.de\/leistungen\/raffstores-geesthacht\/\">Raffstores Geesthacht<\/a>, <a href=\"https:\/\/www.kaduk-bauelemente.de\/leistungen\/terrassenueberdachungen-aus-aluminium-hanstedt\/\">Terrassen\u00fcberdachungen aus Aluminium Hanstedt<\/a>, <a href=\"https:\/\/www.kaduk-bauelemente.de\/leistungen\/rolltore-bispingen\/\">Rolltore Bispingen<\/a>, <a href=\"https:\/\/www.kaduk-bauelemente.de\/leistungen\/sektionaltore-buchholz\/\">Sektionaltore Buchholz<\/a>, <a href=\"https:\/\/www.kaduk-bauelemente.de\/leistungen\/garagen-bergedorf-wentorf\/\">Garagen Bergedorf Wentorf<\/a>, <a href=\"https:\/\/www.kaduk-bauelemente.de\/leistungen\/aussenjalousien-buechen\/\">Au\u00dfenjalousien B\u00fcchen<\/a>, <a href=\"https:\/\/www.kaduk-bauelemente.de\/leistungen\/markisen-stelle\/\">Markisen Stelle<\/a>"},"_links":{"self":[{"href":"https:\/\/www.kaduk-bauelemente.de\/leistungen\/wp-json\/wp\/v2\/pages\/4662","targetHints":{"allow":["GET"]}}],"collection":[{"href":"https:\/\/www.kaduk-bauelemente.de\/leistungen\/wp-json\/wp\/v2\/pages"}],"about":[{"href":"https:\/\/www.kaduk-bauelemente.de\/leistungen\/wp-json\/wp\/v2\/types\/page"}],"author":[{"embeddable":true,"href":"https:\/\/www.kaduk-bauelemente.de\/leistungen\/wp-json\/wp\/v2\/users\/1"}],"replies":[{"embeddable":true,"href":"https:\/\/www.kaduk-bauelemente.de\/leistungen\/wp-json\/wp\/v2\/comments?post=4662"}],"version-history":[{"count":0,"href":"https:\/\/www.kaduk-bauelemente.de\/leistungen\/wp-json\/wp\/v2\/pages\/4662\/revisions"}],"wp:attachment":[{"href":"https:\/\/www.kaduk-bauelemente.de\/leistungen\/wp-json\/wp\/v2\/media?parent=4662"}],"curies":[{"name":"wp","href":"https:\/\/api.w.org\/{rel}","templated":true}]}}