{"id":4661,"date":"2021-08-25T12:19:36","date_gmt":"2021-08-25T10:19:36","guid":{"rendered":"https:\/\/www.kaduk-bauelemente.de\/leistungen\/terrassenueberdachungen-aus-aluminium-winsen-luhe\/"},"modified":"2021-08-25T12:19:36","modified_gmt":"2021-08-25T10:19:36","slug":"terrassenueberdachungen-aus-aluminium-winsen-luhe","status":"publish","type":"page","link":"https:\/\/www.kaduk-bauelemente.de\/leistungen\/terrassenueberdachungen-aus-aluminium-winsen-luhe\/","title":{"rendered":"Terrassen\u00fcberdachungen aus Aluminium &#8211; Winsen Luhe"},"content":{"rendered":"<h3>Terrassen\u00fcberdachungen aus Aluminium erh\u00f6hen den Wohnwert<\/h3>\n<p>Terrassen\u00fcberdachungen aus Aluminium verleihen einem Wohngeb\u00e4ude einen ganz besonderen Charme. Unter Terrassen\u00fcberdachungen sitzt man gesch\u00fctzt und bequem und kann sogar bei N\u00e4sse eine angenehme Zeit Drau\u00dfen verbringen. Terrassen\u00fcberdachungen sch\u00fctzen vor Wetter und Wind und laden einfach zum Verweilen ein. <\/p>\n<p>Verleihen Sie Ihrem Wohn- oder Gesch\u00e4ftshaus das gewisse Etwas an Wohnqualit\u00e4t und vertrauen Sie auf Terrassen\u00fcberdachungen vom Fachbetrieb. Als erfahrenes Fachgesch\u00e4ft begeistern uns besonders auch Terrassen\u00fcberdachungen aus Aluminium. Im Vergleich zu Anfertigungen aus Holz oder Stahl sind aus Alu angefertigte Terrassen\u00fcberdachungen deutlich platzsparender und belastbarer. Gleichwohl bieten Terrassen\u00fcberdachungen aus Aluminium immer auch ein hohes Ma\u00df an Behaglichkeit und Schutz. Je nach Ausma\u00df und Zustand der zu \u00fcberdachenden Au\u00dfenfl\u00e4chen sind verschiedene Produkte erh\u00e4ltlich. Und je nach individuellem Geschmack kann unter mehreren Ausf\u00fchrungen ausgew\u00e4hlt werden. <\/p>\n<h3>Terrassen\u00fcberdachungen aus Aluminium sind immer eine gute Idee!<\/h3>\n<p>Terrassen\u00fcberdachungen sind nie nur ein einfacher Regenschutz. Sie werden sehen, dass Terrassen\u00fcberdachungen ein Hauptgrund f\u00fcr die h\u00e4ufigere Nutzung des Gartens sind. Wir d\u00fcrfen Ihnen schon jetzt versprechen, dass Sie bis in den Herbst hinein sehr viel Freude an Ihrer Terrasse haben werden. Terrassen\u00fcberdachungen erh\u00f6hen schlichtweg die Zufriedenheit. Und au\u00dferdem werden auch Ihre Gartenm\u00f6bel ideal vor schlechten Witterungseinfl\u00fcssen bewahrt. Wer sich f\u00fcr eine Terrassen\u00fcberdachung aus Aluminium entscheidet, stellt eine positive Auswirkung auf den Wohnwert seines Hauses fest.<\/p>\n","protected":false},"excerpt":{"rendered":"<p>Terrassen\u00fcberdachungen aus Aluminium erh\u00f6hen den Wohnwert Terrassen\u00fcberdachungen aus Aluminium verleihen einem Wohngeb\u00e4ude einen ganz besonderen Charme. Unter Terrassen\u00fcberdachungen sitzt man gesch\u00fctzt und bequem und kann sogar bei N\u00e4sse eine angenehme Zeit Drau\u00dfen verbringen. Terrassen\u00fcberdachungen sch\u00fctzen vor Wetter und Wind und laden einfach zum Verweilen ein. Verleihen Sie Ihrem Wohn- oder Gesch\u00e4ftshaus das gewisse Etwas an [&hellip;]<\/p>\n","protected":false},"author":1,"featured_media":0,"parent":0,"menu_order":0,"comment_status":"closed","ping_status":"closed","template":"","meta":{"footnotes":""},"class_list":["post-4661","page","type-page","status-publish","hentry"],"meta_box":{"popseo_subtitel":"Kaduk Bauelemente ist Ihr Fachanbieter f\u00fcr Terrassen\u00fcberdachungen aus Aluminium in Winsen Luhe","popseo_subtitel2":"Terrassen\u00fcberdachungen aus Aluminium - bei uns in gro\u00dfer Auswahl","popseo_lasttitel":"Terrassen\u00fcberdachungen aus Aluminium: Wir beantworten Ihre Fragen!","popseo_region":"Winsen Luhe","popseo_sachwort":"Terrassen\u00fcberdachungen aus Aluminium","popseo_noupdate":"","popseo_einleitungstext":"<p>Die Firma Dirk Kaduk Bauelemente ist Ihr qualifizierter und erfahrener Fachbetrieb f\u00fcr Sonnenschutz und Sicherheit im Norden. Mit unserem Unternehmensstandort in Adendorf bei L\u00fcneburg decken wir ein geografisch gro\u00dfes Gebiet ab. Bei uns erhalten Sie erstklassige Bauelemente in erstaunlich gro\u00dfer Auswahl. Zu unserem Produktangebot z\u00e4hlen unter anderem T\u00fcren, Au\u00dfenjalousien, Fenster, Rolltore, Markisen, Terrassend\u00e4cher, Rolll\u00e4den und Carports. Nat\u00fcrlich erledigen wir auch Reparatur- und Montagearbeiten f\u00fcr Sie. Auf unserer Website finden Sie unser gesamtes Dienstleistungs- und Produktportfolio detailliert beschrieben. Fachgerecht und kompetent beraten wir Sie \u00fcber Ihre M\u00f6glichkeiten und f\u00fchren alle anfallenden Arbeiten gewissenhaft und mit Sachverstand aus - so wie Sie es von einem kompetenten Fachbetrieb erwarten d\u00fcrfen.<\/p>","popseo_schlusstext":"<p>Wenn Sie einen qualifizierten Fachbetrieb f\u00fcr hochwertige Sonnenschutz- und Sicherheitsprodukte ben\u00f6tigen, sind Sie bei uns genau richtig. Sie m\u00f6chten mehr \u00fcber uns wissen? Als auf Bauelemente spezialisierte Handwerksfirma sind wir f\u00fcr die Realisierung Ihres Vorhabens der ideale Dienstleister und freuen uns \u00fcber Ihre Kontaktaufnahme, egal ob durch Griff zum Telefonh\u00f6rer oder Nachricht per E-Mail. Worauf Sie neben Fachwissen setzen d\u00fcrfen: Das Expertenteam der Firma Kaduk arbeitet mit Motivation und Elan f\u00fcr Ihrer Erfolg. Wir freuen uns auf Sie!<\/p>","popseo_stadttext":"<h3>Zu Ihren Diensten in Winsen (Luhe)<\/h3>\n<p>Winsen (Luhe) ist eine Stadt aus der Metropolregion Hamburg. Die Kreisstadt des Kreises Harburg hat 32.000 Anwohner und streckt sich \u00fcber eine Fl\u00e4che von 109 qkm. Winsen (Luhe) ist ideal gelegen. In die norddeutsche Metropole Hamburg sind es nur zirka 30 km, L\u00fcneburg erreicht man bereits nach zirka 20 Kilometern. Winsen (Luhe) besteht in der heutigen Struktur seit 1972. Seinerzeit wurden 13 selbstst\u00e4ndige Gemeinden zur Gesamtgemeinde Winsen (Luhe) zusammengefasst.  <\/p>\n<p>Durch unsere Gesch\u00e4ftst\u00e4tigkeit haben wir uns einen ausgezeichneten \u00dcberblick \u00fcber die Stadtarchitektur der St\u00e4dte und Gemeinden unseres Einzugsbereiches machen k\u00f6nnen. Selbstverst\u00e4ndlich geh\u00f6rt auch Winsen (Luhe) zu unserem unmittelbaren Gesch\u00e4ftsgebiet. Wir freuen uns darauf, mit Ihnen ins Gespr\u00e4ch zu kommen. <\/p>\n<h3>Einige Informationen zur Stadt Winsen (Luhe)<\/h3>\n<p>Obwohl Winsen (Luhe) zweifelsfrei als eine Pendlerstadt gelten darf, ist das mittelstandsgepr\u00e4gte Wirtschaftsleben erstaunlich. Viele Unternehmen u.a. aus den Bereichen Maschinenbau, Pharma, Logistik und Bauwesen haben sich in Winsen (Luhe) angesiedelt. Wer von den Einwohnern aus Winsen (Luhe) nicht in einem Betrieb seiner Heimatstadt arbeitet, pendelt meistens in die Gro\u00dfstadt Hamburg. Mit dem Kfz reist man \u00fcber die Autobahn A39 nach Winsen (Luhe). Die Schnellstra\u00dfe ist mit der A1 und der A7 verbunden. Wer die Bundesbahn pr\u00e4feriert, erreicht Winsen (Luhe) \u00fcber das Streckennetz Hannover-Hamburg. Au\u00dferdem bietet der Metronom eine viel genutzte Regionallinie an. <\/p>\n<h3>Winsen (Luhe) hat Charme!<\/h3>\n<p>Menschen, die das etwas beschaulichere Leben in einer kleineren Ortschaft der Hektik einer Metropole vorziehen, finden in Winsen (Luhe) gute Bedingungen vor. Die Infrastruktur in Winsen (Luhe) haut hin! Prima Shoppingm\u00f6glichkeiten, ein mehr als befriedigendes Sport- und Freizeitangebot und eine bezaubernde Umgebung sind Punkte, die Winsen (Luhe) auf der Habenseite buchen kann. Auch Familien wertsch\u00e4tzen die Stadt: S\u00e4mtliche Schulformen und eine befriedigende Zahl an Kindertagesst\u00e4tten stehen in Winsen (Luhe) bereit. <\/p>\n<h4>Unsere Leistung f\u00fcr qualit\u00e4tsbewusste Kunden aus Winsen (Luhe)<\/h4>\n<p>Toll, das Sie unsere Internetseite entdeckt haben. Wenn Sie ein Fachunternehmen suchen, sind Sie bei uns genau richtig. Sie m\u00f6chten mehr \u00fcber uns erfahren? F\u00fcr R\u00fcckfragen stehen wir Ihnen jederzeit zur Verf\u00fcgung. Auf den Kontakt zu Ihnen freuen wir uns.<\/p>","popseo_zusatztext":"<h3>Qualit\u00e4t kann auch g\u00fcnstig und preiswert sein<\/h3>\n<p>Bauelemente m\u00fcssen hohen Erwartungen standhalten. Trotzdem darf es g\u00fcnstig und preiswert sein. Das muss durchaus kein Widerspruch sein. <\/p>\n<p>Als Fachbetrieb f\u00fcr Sonnenschutz und Sicherheit verarbeiten wir nur hochwertige Erzeugnisse. Nichtsdestotrotz achten wir immer auf ein passendes Preis-Leistungsverh\u00e4ltnis. Wir m\u00f6chten Ihnen Spitzenqualit\u00e4t bieten, die zugleich auch g\u00fcnstig und preiswert ist. Verleihen Sie Ihrem Haus g\u00fcnstig und preiswert das besondere Mehr an Qualit\u00e4t. Rolll\u00e4den und Markisen oder andere Sonnenschutzl\u00f6sungen sehen nicht nur schmuck aus, sie leisten auch einen bedeutsamen Beitrag zur W\u00e4rmed\u00e4mmung.  <\/p>\n<h3>G\u00fcnstig und preiswert ohne Abstriche bei der Qualit\u00e4t<\/h3>\n<p>D\u00fcrfen wir Sie informieren, wie Sie g\u00fcnstig und preiswert einen optimalen Sonnenschutz f\u00fcr Ihr Zuhause verwirklichen? Super, dann warten Sie bitte nicht und nehmen am besten sofort heute noch Verbindung mit uns auf. Ein kurzer Telefonanruf oder auch eine kurze Email gen\u00fcgen. Gerne beraten Sie unsere gut geschulten Fachleute \u00fcber die unterschiedlichen Optionen, wie Sie Ihr Haus g\u00fcnstig und preiswert mit Rolll\u00e4den und Markisen oder anderen Sonnenschutzprodukten ausstatten. Wir freuen uns auf das Gespr\u00e4ch mit Ihnen. <\/p>\n<h4>G\u00fcnstig und preiswert \u2013 manchmal macht auch der Preis den Unterschied<\/h4>\n<p>Vertrauen Sie beim Thema Sonnenschutz und Sicherheit auf den Spezialisten. Nur ein Fachbetrieb kennt die diversen Optionen, wie Sie g\u00fcnstig und preiswert, zugleich qualitativ hochwertig einen tadellosen Sonnenschutz verwirklichen. Qualit\u00e4tsbewusst, g\u00fcnstig und preiswert: Wir empfehlen uns als spezialisiertes Unternehmen im n\u00f6rdlichen Raum. Unsere jahrelange Erfahrung spricht f\u00fcr uns.<\/p>","popseo_links":"<a href=\"https:\/\/www.kaduk-bauelemente.de\/leistungen\/terrassenueberdachungen-aus-holz-amelinghausen\/\">Terrassen\u00fcberdachungen aus Holz Amelinghausen<\/a>, <a href=\"https:\/\/www.kaduk-bauelemente.de\/leistungen\/insektenschutz-amelinghausen\/\">Insektenschutz Amelinghausen<\/a>, <a href=\"https:\/\/www.kaduk-bauelemente.de\/leistungen\/terrassendaecher-aus-aluminium-jesteburg\/\">Terrassend\u00e4cher aus Aluminium Jesteburg<\/a>, <a href=\"https:\/\/www.kaduk-bauelemente.de\/leistungen\/aussenjalousien-harburg\/\">Au\u00dfenjalousien Harburg<\/a>, <a href=\"https:\/\/www.kaduk-bauelemente.de\/leistungen\/fenster-bergedorf-wentorf\/\">Fenster Bergedorf Wentorf<\/a>, <a href=\"https:\/\/www.kaduk-bauelemente.de\/leistungen\/haustueren-amelinghausen\/\">Haust\u00fcren Amelinghausen<\/a>, <a href=\"https:\/\/www.kaduk-bauelemente.de\/leistungen\/holzfenster-reinbek-glinde\/\">Holzfenster Reinbek Glinde<\/a>, <a href=\"https:\/\/www.kaduk-bauelemente.de\/leistungen\/markisen-tostedt-sittensen\/\">Markisen Tostedt Sittensen<\/a>, <a href=\"https:\/\/www.kaduk-bauelemente.de\/leistungen\/sektionaltore-tostedt-sittensen\/\">Sektionaltore Tostedt Sittensen<\/a>, <a href=\"https:\/\/www.kaduk-bauelemente.de\/leistungen\/sektionaltore-adendorf\/\">Sektionaltore Adendorf<\/a>, <a href=\"https:\/\/www.kaduk-bauelemente.de\/leistungen\/terrassenueberdachungen-aus-holz-stelle\/\">Terrassen\u00fcberdachungen aus Holz Stelle<\/a>, <a href=\"https:\/\/www.kaduk-bauelemente.de\/leistungen\/fliegengitter-lueneburg\/\">Fliegengitter L\u00fcneburg<\/a>, <a href=\"https:\/\/www.kaduk-bauelemente.de\/leistungen\/terrassenueberdachungen-aus-holz-adendorf\/\">Terrassen\u00fcberdachungen aus Holz Adendorf<\/a>, <a href=\"https:\/\/www.kaduk-bauelemente.de\/leistungen\/rolltore-bispingen\/\">Rolltore Bispingen<\/a>, <a href=\"https:\/\/www.kaduk-bauelemente.de\/leistungen\/rollladen-stelle\/\">Rollladen Stelle<\/a>, <a href=\"https:\/\/www.kaduk-bauelemente.de\/leistungen\/tueren-bispingen\/\">T\u00fcren Bispingen<\/a>, <a href=\"https:\/\/www.kaduk-bauelemente.de\/leistungen\/zaunbau-buchholz\/\">Zaunbau Buchholz<\/a>, <a href=\"https:\/\/www.kaduk-bauelemente.de\/leistungen\/zaunbau-hanstedt\/\">Zaunbau Hanstedt<\/a>, <a href=\"https:\/\/www.kaduk-bauelemente.de\/leistungen\/fenster-bardowick\/\">Fenster Bardowick<\/a>, <a href=\"https:\/\/www.kaduk-bauelemente.de\/leistungen\/insektenschutz-reppenstedt\/\">Insektenschutz Reppenstedt<\/a>, <a href=\"https:\/\/www.kaduk-bauelemente.de\/leistungen\/zaunbau-reppenstedt\/\">Zaunbau Reppenstedt<\/a>, <a href=\"https:\/\/www.kaduk-bauelemente.de\/leistungen\/markisen-winsen-luhe\/\">Markisen Winsen Luhe<\/a>, <a href=\"https:\/\/www.kaduk-bauelemente.de\/leistungen\/fenster-amt-neuhaus\/\">Fenster Amt Neuhaus<\/a>, <a href=\"https:\/\/www.kaduk-bauelemente.de\/leistungen\/rolltore-amelinghausen\/\">Rolltore Amelinghausen<\/a>, <a href=\"https:\/\/www.kaduk-bauelemente.de\/leistungen\/holzfenster-stelle\/\">Holzfenster Stelle<\/a>, <a href=\"https:\/\/www.kaduk-bauelemente.de\/leistungen\/holzfenster-maschen\/\">Holzfenster Maschen<\/a>, <a href=\"https:\/\/www.kaduk-bauelemente.de\/leistungen\/holzfenster-ebstorf\/\">Holzfenster Ebstorf<\/a>, <a href=\"https:\/\/www.kaduk-bauelemente.de\/leistungen\/terrassenueberdachungen-aus-aluminium-harburg\/\">Terrassen\u00fcberdachungen aus Aluminium Harburg<\/a>"},"_links":{"self":[{"href":"https:\/\/www.kaduk-bauelemente.de\/leistungen\/wp-json\/wp\/v2\/pages\/4661","targetHints":{"allow":["GET"]}}],"collection":[{"href":"https:\/\/www.kaduk-bauelemente.de\/leistungen\/wp-json\/wp\/v2\/pages"}],"about":[{"href":"https:\/\/www.kaduk-bauelemente.de\/leistungen\/wp-json\/wp\/v2\/types\/page"}],"author":[{"embeddable":true,"href":"https:\/\/www.kaduk-bauelemente.de\/leistungen\/wp-json\/wp\/v2\/users\/1"}],"replies":[{"embeddable":true,"href":"https:\/\/www.kaduk-bauelemente.de\/leistungen\/wp-json\/wp\/v2\/comments?post=4661"}],"version-history":[{"count":0,"href":"https:\/\/www.kaduk-bauelemente.de\/leistungen\/wp-json\/wp\/v2\/pages\/4661\/revisions"}],"wp:attachment":[{"href":"https:\/\/www.kaduk-bauelemente.de\/leistungen\/wp-json\/wp\/v2\/media?parent=4661"}],"curies":[{"name":"wp","href":"https:\/\/api.w.org\/{rel}","templated":true}]}}