{"id":4660,"date":"2021-08-25T12:19:36","date_gmt":"2021-08-25T10:19:36","guid":{"rendered":"https:\/\/www.kaduk-bauelemente.de\/leistungen\/terrassenueberdachungen-aus-aluminium-uelzen\/"},"modified":"2021-08-25T12:19:36","modified_gmt":"2021-08-25T10:19:36","slug":"terrassenueberdachungen-aus-aluminium-uelzen","status":"publish","type":"page","link":"https:\/\/www.kaduk-bauelemente.de\/leistungen\/terrassenueberdachungen-aus-aluminium-uelzen\/","title":{"rendered":"Terrassen\u00fcberdachungen aus Aluminium &#8211; Uelzen"},"content":{"rendered":"<h3>Terrassen\u00fcberdachungen aus Aluminium \u2013 nutzbringend und attraktiv!<\/h3>\n<p>Terrassen\u00fcberdachungen aus Aluminium verleihen einem Haus einen ganz au\u00dfergew\u00f6hnlichen Charme. Unter Terrassen\u00fcberdachungen sitzt man sicher und bequem und kann sogar bei regnerischem Wetter eine sch\u00f6ne Zeit Drau\u00dfen verbringen. Terrassen\u00fcberdachungen helfen gegen Wetter und Wind und laden einfach zum Aufenthalt ein. <\/p>\n<p>Bescheren Sie Ihrem Wohn- oder Gesch\u00e4ftshaus das gewisse Etwas an Gem\u00fctlichkeit und setzen Sie auf Terrassen\u00fcberdachungen vom Experten. Als erfahrenes Unternehmen begeistern uns insbesodere auch Terrassen\u00fcberdachungen aus Aluminium. Im Gegensatz zu Anfertigungen aus Holz oder Stahl sind aus Alu angefertigte Terrassen\u00fcberdachungen deutlich platzsparender und stabiler. Dennoch bieten Terrassen\u00fcberdachungen aus Alu immer auch ein gehobenes Ma\u00df an Komfort und Schutz. Je nach Gr\u00f6\u00dfe und Zustand der zu \u00fcberdachenden Au\u00dfenbereiche sind verschiedene Produkte vorhanden. Und je nach jeweiligem Geschmack kann unter unterschiedlichen Konstruktionen gew\u00e4hlt werden. <\/p>\n<h3>Terrassen\u00fcberdachungen aus Aluminium sind immer eine gute Idee!<\/h3>\n<p>Terrassen\u00fcberdachungen sind mitnichten nur ein einfacher Regenschutz. Sie werden erleben, dass Terrassen\u00fcberdachungen ein Hauptgrund f\u00fcr die ausgiebigere Nutzung der Gartenanlage sind. Wir d\u00fcrfen Ihnen schon heute zusagen, dass Sie bis in den Herbst hinein viel Spa\u00df an Ihrer Terrasse haben werden. Terrassen\u00fcberdachungen erh\u00f6hen einfach den Wohlf\u00fchlfaktor. Und au\u00dferdem werden auch Ihre Gartenm\u00f6bel optimal vor schlechten Witterungseinfl\u00fcssen bewahrt. Wer sich f\u00fcr eine Terrassen\u00fcberdachung aus Aluminium entscheidet, stellt eine gro\u00dfe Wirkung auf den Wohnwert seines Wohngeb\u00e4udes fest.<\/p>\n","protected":false},"excerpt":{"rendered":"<p>Terrassen\u00fcberdachungen aus Aluminium \u2013 nutzbringend und attraktiv! Terrassen\u00fcberdachungen aus Aluminium verleihen einem Haus einen ganz au\u00dfergew\u00f6hnlichen Charme. Unter Terrassen\u00fcberdachungen sitzt man sicher und bequem und kann sogar bei regnerischem Wetter eine sch\u00f6ne Zeit Drau\u00dfen verbringen. Terrassen\u00fcberdachungen helfen gegen Wetter und Wind und laden einfach zum Aufenthalt ein. Bescheren Sie Ihrem Wohn- oder Gesch\u00e4ftshaus das gewisse [&hellip;]<\/p>\n","protected":false},"author":1,"featured_media":0,"parent":0,"menu_order":0,"comment_status":"closed","ping_status":"closed","template":"","meta":{"footnotes":""},"class_list":["post-4660","page","type-page","status-publish","hentry"],"meta_box":{"popseo_subtitel":"Wir sind Ihr Fachunternehmen f\u00fcr Terrassen\u00fcberdachungen aus Aluminium in Uelzen","popseo_subtitel2":"Terrassen\u00fcberdachungen aus Aluminium - wir haben die richtige L\u00f6sung f\u00fcr Sie","popseo_lasttitel":"Terrassen\u00fcberdachungen aus Aluminium: Unsere Mitarbeiter beantworten gerne Ihre Fragen","popseo_region":"Uelzen","popseo_sachwort":"Terrassen\u00fcberdachungen aus Aluminium","popseo_noupdate":"","popseo_einleitungstext":"<p>Wenn es um Sonnenschutz und Sicherheit geht, sind Sie bei der Firma Kaduk genau an der richtigen Adresse. Seit Unternehmensgr\u00fcndung sind wir Ihre lokalen Experten f\u00fcr qualitativ hochwertige Bauelemente. Zu unserem Produktangebot z\u00e4hlen unter anderem Terrassend\u00e4cher, Markisen, Rolltore, T\u00fcren, Au\u00dfenjalousien, Fenster, Rolll\u00e4den und Carports. Wir \u00fcbernehmen Reparatur- und Montagearbeiten und zeigen Ihnen M\u00f6glichkeiten auf, wie Sie Ihre Wohn- oder Gesch\u00e4ftsgeb\u00e4ude mit modernen Bauelementen ausr\u00fcsten k\u00f6nnen. Im Folgenden haben wir erste Informationen f\u00fcr Sie notiert.<\/p>","popseo_schlusstext":"<p>Sie suchen einen Profi f\u00fcr hochwertige Sicherheits- und Sonnenschutzl\u00f6sungen. Dann melden Sie sich am besten noch heute bei uns. Wir freuen uns auf Ihren Anruf oder Ihre E-Mail. Wenn es um Bauelemente geht, sind wir Ihr qualifizierter Handwerks- und Handelspartner. Wir stehen f\u00fcr hochwertige Produkte und eine fachm\u00e4nnisch durchgef\u00fchrte Arbeit nach dem jeweils aktuellsten Stand der Technik.<\/p>","popseo_stadttext":"<h3>Wir sind Ihr Partner auch in Uelzen<\/h3>\n<p>Durch unsere Gesch\u00e4ftst\u00e4tigkeit haben wir uns einen sehr guten \u00dcberblick \u00fcber die Stadtarchitektur der St\u00e4dte und Gemeinden unseres Einzugsbereiches machen k\u00f6nnen. Nat\u00fcrlich geh\u00f6rt auch die Stadt Uelzen zu unserem unmittelbaren Vertriebsgebiet. Wir freuen uns darauf, mit Ihnen in Kontakt zu kommen. <\/p>\n<h3>Lebensmittelpunkt Uelzen<\/h3>\n<p>Uelzen ist die Kreisstadt des nieders\u00e4chsischen Kreises Uelzen. Alles in allem wohnen 33.000 B\u00fcrger in der zur Metropolregion Hamburg geh\u00f6renden Stadt. Das Stadtgebiet umfasst ein Areal von in etwa 135 qkm. St\u00e4dte in der n\u00e4heren Umgebung sind unter anderem Bad Berversen, Rosche und Ebstorf. Geographisch liegt Uelzen am am s\u00fcdlichen Zipfel der L\u00fcneburger Heide. Die Stadt ist zwischen weitl\u00e4ufigen Naturschutzgebieten herrlich gelegen. Neben der L\u00fcneburger Heide ist auch das Naturreservat Elbufer-Drawehn sowie der Naturpark Nieders\u00e4chsische Elbtalaue von Uelzen aus nach nur kurzer Fahrtzeit zu erreichen. Uelzen selbst ist an der Ilmenau gelegen. Uelzen verf\u00fcgt \u00fcber zahlreiche angenehm gelegene Wohnviertel. Die Stadt ist ein idealer Platz zum Leben und Arbeiten. Wer das eher entspannte Leben in einer kleineren Stadt bevorzugt, gleichwohl jedoch nicht auf die Annehmlichkeiten der Gro\u00dfstadt verzichten will, ist in Uelzen genau richtig. <\/p>\n<h3>Uelzen: Stadt mit Herz<\/h3>\n<p>Die Stadt Uelzen unterteilt sich in insgesamt 18 Gemeindeteile. Die st\u00e4dtische Architektur von Uelzen wird dominiert von zahllosen Fachwerkh\u00e4usern, die der Stadt einen durchaus als m\u00e4rchenhaft zu bezeichnenden Charme verleihen. Auch historische Geb\u00e4ude im Stil der Backsteingotik pr\u00e4gen das Stadtbild von Uelzen. Das Wahrzeichen der Stadt ist das sogenannte \"Goldene Schiff\". Die Skulptur findet sich an der St. Marien-Kirche zu Uelzen. Aller Wahrscheinlichkeit nach stammt die Plastik aus der Hansezeit. F\u00fcr Kunstfreunde ist Uelzen nahezu eine Pilgerst\u00e4tte. Der K\u00fcnstler Friedensreich Hundertwasser gestaltete kurz vor seinem Tod im Jahre 2000 den st\u00e4dtischen Bahnhof. Das extravagante Bauwerk tr\u00e4gt die Bezeichnung Hundertwasserbahnhof Uelzen.<\/p>\n<p>Die Wirtschaft von Uelzen ist mittelstandsorientiert. Schwerpunkte sind der Lebensmittelsektor sowie Betriebe aus dem Dienstleistungsgewerbe. Die Wirtschaftsf\u00f6rderung der Stadt Uelzen muss als vorbildhaft benannt werden. Um den Zuzug neuer Firmen werben sich die Verantwortlichen im Rathaus erkennbar. Die bedeutendsten Arbeitgeber in Uelzen sind die Nordzucker AG sowie die Uelzena AG. Der Konzern Nestl\u00e9 Schoeller unterh\u00e4lt in Uelzen ein Werk mit etwa 500 Besch\u00e4ftigten. <\/p>\n<h4>Privat- und Gesch\u00e4ftskunden aus Uelzen sch\u00e4tzen unsere Leistungen!<\/h4>\n<p>Sie wohnen in Uelzen und interessieren sich f\u00fcr unser Angebot. Prima, dass Sie diese Seite gefunden haben. F\u00fcr R\u00fcckfragen sind wir jederzeit f\u00fcr Sie da. Auf den Kontakt zu Ihnen freuen wir uns.<\/p>","popseo_zusatztext":"<h3>In Sachen Sicht- und Sonnenschutz sind wir Ihr qualifizierter Fachbetrieb<\/h3>\n<p>Vertrauen Sie bei Sonnenschutz und Sicherheit unbedingt auf die fachspezifische Leistung vom Fachbetrieb. Nur ein Fachbetrieb kennt die Priorit\u00e4ten, wie man zu einem sachgerechten Ergebnis kommt. Um sich mit Fug und Recht Fachbetrieb nennen zu d\u00fcrfen, braucht es eine qualifizierte Ausbildung der Mitarbeiter und eine langj\u00e4hrige Fachkenntnis.  <\/p>\n<p>Unser Betrieb empfiehlt sich als Ihr qualifizierter Fachbetrieb f\u00fcr Sonnenschutz und Sicherheit. Kommen Sie zum Ziel und schenken Sie unserem Fachbetrieb Ihr Vertrauen. Wir bieten Ihnen u.a. hervorragende Rolll\u00e4den und Markisen und legen allerh\u00f6chsten Wert auf einen sehr guten Service. Schon seit vielen Jahren sind wir qualifizierter Fachbetrieb f\u00fcr Au\u00dfenjalousien, Rolll\u00e4den, Markisen und Terrassend\u00e4cher im Raum L\u00fcneburg. Es ist uns ein Anliegen, dass Sie lange Jahre viel Freude an Ihrem Sicht und Sonnenschutz haben. Von einem Fachbetrieb d\u00fcrfen Sie ohne Frage eine fehlerfreie Top-Leistung erwarten.<\/p>\n<h3>Sicht- und Sonnenschutz\u2013 ein Thema f\u00fcr den Fachbetrieb<\/h3>\n<p>Als Fachbetrieb darf sich ein Unternehmen bezeichnen, deren Mitarbeiter \u00fcber dokumentierte Qualifikationen verf\u00fcgen. Dies ist zum Beispiel eine entsprechende Ausbildung oder ein Meisterbrief. Au\u00dferdem zeichnet eine intensive praktische Erfahrung einen Fachbetrieb aus. Bereits seit vielen Jahren konzentrieren wir uns als spezialisiertes Unternehmen auf Sonnenschutz und Sicherheit von Immobilien. In diesen vielen Jahren haben wir uns die Bezeichnung Fachbetrieb sicher verdient. Wir nutzen nur hervorragende Produkte. Dabei achten wir stets auf ein sehr gutes Preis-Leistungsverh\u00e4ltnis. Unser Credo als Fachbetrieb: Wir bieten Ihnen hervorragende Qualit\u00e4t zu einem fairen Preis.<\/p>","popseo_links":"<a href=\"https:\/\/www.kaduk-bauelemente.de\/leistungen\/holzfenster-geesthacht\/\">Holzfenster Geesthacht<\/a>, <a href=\"https:\/\/www.kaduk-bauelemente.de\/leistungen\/aussenjalousien-maschen\/\">Au\u00dfenjalousien Maschen<\/a>, <a href=\"https:\/\/www.kaduk-bauelemente.de\/leistungen\/zaunbau-hanstedt\/\">Zaunbau Hanstedt<\/a>, <a href=\"https:\/\/www.kaduk-bauelemente.de\/leistungen\/rollladen-hanstedt\/\">Rollladen Hanstedt<\/a>, <a href=\"https:\/\/www.kaduk-bauelemente.de\/leistungen\/tueren-jesteburg\/\">T\u00fcren Jesteburg<\/a>, <a href=\"https:\/\/www.kaduk-bauelemente.de\/leistungen\/rollladen-buechen\/\">Rollladen B\u00fcchen<\/a>, <a href=\"https:\/\/www.kaduk-bauelemente.de\/leistungen\/zaeune-bardowick\/\">Z\u00e4une Bardowick<\/a>, <a href=\"https:\/\/www.kaduk-bauelemente.de\/leistungen\/haustueren-boizenburg\/\">Haust\u00fcren Boizenburg<\/a>, <a href=\"https:\/\/www.kaduk-bauelemente.de\/leistungen\/garagen-buechen\/\">Garagen B\u00fcchen<\/a>, <a href=\"https:\/\/www.kaduk-bauelemente.de\/leistungen\/garagentore-herzogtum-lauenburg\/\">Garagentore Herzogtum Lauenburg<\/a>, <a href=\"https:\/\/www.kaduk-bauelemente.de\/leistungen\/holzfenster-bardowick\/\">Holzfenster Bardowick<\/a>, <a href=\"https:\/\/www.kaduk-bauelemente.de\/leistungen\/garagen-boizenburg\/\">Garagen Boizenburg<\/a>, <a href=\"https:\/\/www.kaduk-bauelemente.de\/leistungen\/fliegengitter-lueneburg\/\">Fliegengitter L\u00fcneburg<\/a>, <a href=\"https:\/\/www.kaduk-bauelemente.de\/leistungen\/insektenschutz-seevetal-rosengarten\/\">Insektenschutz Seevetal Rosengarten<\/a>, <a href=\"https:\/\/www.kaduk-bauelemente.de\/leistungen\/aussenjalousien-harburg\/\">Au\u00dfenjalousien Harburg<\/a>, <a href=\"https:\/\/www.kaduk-bauelemente.de\/leistungen\/fliegengitter-harburg\/\">Fliegengitter Harburg<\/a>, <a href=\"https:\/\/www.kaduk-bauelemente.de\/leistungen\/raffstores-bispingen\/\">Raffstores Bispingen<\/a>, <a href=\"https:\/\/www.kaduk-bauelemente.de\/leistungen\/zaeune-boizenburg\/\">Z\u00e4une Boizenburg<\/a>, <a href=\"https:\/\/www.kaduk-bauelemente.de\/leistungen\/terrassendaecher-aus-aluminium-amt-neuhaus\/\">Terrassend\u00e4cher aus Aluminium Amt Neuhaus<\/a>, <a href=\"https:\/\/www.kaduk-bauelemente.de\/leistungen\/terrassendaecher-aus-aluminium-reppenstedt\/\">Terrassend\u00e4cher aus Aluminium Reppenstedt<\/a>, <a href=\"https:\/\/www.kaduk-bauelemente.de\/leistungen\/markisen-bad-bevensen\/\">Markisen Bad Bevensen<\/a>, <a href=\"https:\/\/www.kaduk-bauelemente.de\/leistungen\/terrassenueberdachungen-aus-holz-maschen\/\">Terrassen\u00fcberdachungen aus Holz Maschen<\/a>, <a href=\"https:\/\/www.kaduk-bauelemente.de\/leistungen\/fenster-salzhausen\/\">Fenster Salzhausen<\/a>, <a href=\"https:\/\/www.kaduk-bauelemente.de\/leistungen\/haustueren-amt-neuhaus\/\">Haust\u00fcren Amt Neuhaus<\/a>, <a href=\"https:\/\/www.kaduk-bauelemente.de\/leistungen\/kunststofffenster-ebstorf\/\">Kunststofffenster Ebstorf<\/a>, <a href=\"https:\/\/www.kaduk-bauelemente.de\/leistungen\/rolllaeden-hanstedt\/\">Rolll\u00e4den Hanstedt<\/a>, <a href=\"https:\/\/www.kaduk-bauelemente.de\/leistungen\/haustueren-buchholz\/\">Haust\u00fcren Buchholz<\/a>, <a href=\"https:\/\/www.kaduk-bauelemente.de\/leistungen\/raffstores-harburg\/\">Raffstores Harburg<\/a>"},"_links":{"self":[{"href":"https:\/\/www.kaduk-bauelemente.de\/leistungen\/wp-json\/wp\/v2\/pages\/4660","targetHints":{"allow":["GET"]}}],"collection":[{"href":"https:\/\/www.kaduk-bauelemente.de\/leistungen\/wp-json\/wp\/v2\/pages"}],"about":[{"href":"https:\/\/www.kaduk-bauelemente.de\/leistungen\/wp-json\/wp\/v2\/types\/page"}],"author":[{"embeddable":true,"href":"https:\/\/www.kaduk-bauelemente.de\/leistungen\/wp-json\/wp\/v2\/users\/1"}],"replies":[{"embeddable":true,"href":"https:\/\/www.kaduk-bauelemente.de\/leistungen\/wp-json\/wp\/v2\/comments?post=4660"}],"version-history":[{"count":0,"href":"https:\/\/www.kaduk-bauelemente.de\/leistungen\/wp-json\/wp\/v2\/pages\/4660\/revisions"}],"wp:attachment":[{"href":"https:\/\/www.kaduk-bauelemente.de\/leistungen\/wp-json\/wp\/v2\/media?parent=4660"}],"curies":[{"name":"wp","href":"https:\/\/api.w.org\/{rel}","templated":true}]}}