{"id":4659,"date":"2021-08-25T12:19:36","date_gmt":"2021-08-25T10:19:36","guid":{"rendered":"https:\/\/www.kaduk-bauelemente.de\/leistungen\/terrassenueberdachungen-aus-aluminium-tostedt-sittensen\/"},"modified":"2021-08-25T12:19:36","modified_gmt":"2021-08-25T10:19:36","slug":"terrassenueberdachungen-aus-aluminium-tostedt-sittensen","status":"publish","type":"page","link":"https:\/\/www.kaduk-bauelemente.de\/leistungen\/terrassenueberdachungen-aus-aluminium-tostedt-sittensen\/","title":{"rendered":"Terrassen\u00fcberdachungen aus Aluminium &#8211; Tostedt Sittensen"},"content":{"rendered":"<h3>Terrassen\u00fcberdachungen aus Aluminium sind eine gute Investition<\/h3>\n<p>Terrassen\u00fcberdachungen aus Aluminium geben einem Haus einen ganz attaraktiven Charme. Unter Terrassen\u00fcberdachungen sitzt man sicher und bequem und kann auch bei nassem Wetter eine tolle Zeit an der frischen Luft verbringen. Terrassen\u00fcberdachungen helfen gegen schlechtem Wetter und laden einfach zum Aufenthalt ein. <\/p>\n<p>Geben Sie Ihrem Wohn- oder Gesch\u00e4ftshaus das gewisse Etwas an Wohnkomfort und vertrauen Sie auf Terrassen\u00fcberdachungen vom Fachbetrieb. Als routiniertes Unternehmen \u00fcberzeugen uns besonders auch Terrassen\u00fcberdachungen aus Alu. Im Gegensatz zu Konstruktionen aus Holz oder Stahl sind aus Aluminium produzierte Terrassen\u00fcberdachungen deutlich platzsparender und belastbarer. Nichtsdestotrotz bieten Terrassen\u00fcberdachungen aus Alu immer auch ein gehobenes Ma\u00df an Komfort und Schutz. Je nach Ausma\u00df und Zustand der zu \u00fcberdachenden Au\u00dfenfl\u00e4chen sind unterschiedliche Produkte erh\u00e4ltlich. Und je nach pers\u00f6nlichem Geschmack kann unter mehreren Ausf\u00fchrungen gew\u00e4hlt werden. <\/p>\n<h3>Terrassen\u00fcberdachungen aus Aluminium \u2013 wir informieren Sie \u00fcber Ihre M\u00f6glichkeiten!<\/h3>\n<p>Terrassen\u00fcberdachungen sind keineswegs nur ein simpler Regenschutz. Sie werden sehen, dass Terrassen\u00fcberdachungen ein Grund f\u00fcr die intensivere Nutzung des Gartens sind. Wir d\u00fcrfen Ihnen schon jetzt garantieren, dass Sie bis in den Sp\u00e4therbst hinein viel Freude an Ihrer Terrasse haben werden. Terrassen\u00fcberdachungen erh\u00f6hen einfach den Wohlf\u00fchlfaktor. Und ganz nebenbei werden auch Ihre Gartenm\u00f6bel ideal vor schlechten Witterungseinfl\u00fcssen bewahrt. Wer sich f\u00fcr eine Terrassen\u00fcberdachung aus Aluminium entscheidet, stellt eine positive Wirkung auf den Wohnwert seines Geb\u00e4udes fest.<\/p>\n","protected":false},"excerpt":{"rendered":"<p>Terrassen\u00fcberdachungen aus Aluminium sind eine gute Investition Terrassen\u00fcberdachungen aus Aluminium geben einem Haus einen ganz attaraktiven Charme. Unter Terrassen\u00fcberdachungen sitzt man sicher und bequem und kann auch bei nassem Wetter eine tolle Zeit an der frischen Luft verbringen. Terrassen\u00fcberdachungen helfen gegen schlechtem Wetter und laden einfach zum Aufenthalt ein. Geben Sie Ihrem Wohn- oder Gesch\u00e4ftshaus [&hellip;]<\/p>\n","protected":false},"author":1,"featured_media":0,"parent":0,"menu_order":0,"comment_status":"closed","ping_status":"closed","template":"","meta":{"footnotes":""},"class_list":["post-4659","page","type-page","status-publish","hentry"],"meta_box":{"popseo_subtitel":"Wir sind Ihr Fachunternehmen f\u00fcr Terrassen\u00fcberdachungen aus Aluminium in Tostedt Sittensen","popseo_subtitel2":"Terrassen\u00fcberdachungen aus Aluminium - setzen Sie auf hochwertige L\u00f6sungen","popseo_lasttitel":"Terrassen\u00fcberdachungen aus Aluminium: F\u00fcr weitere Informationen sprechen Sie uns bitte an","popseo_region":"Tostedt Sittensen","popseo_sachwort":"Terrassen\u00fcberdachungen aus Aluminium","popseo_noupdate":"","popseo_einleitungstext":"<p>Wenn es um Sonnenschutz und Sicherheit geht, sind Sie bei der Firma Dirk Kaduk Bauelemte exakt an der richtigen Adresse. Seit Firmengr\u00fcndung sind wir Ihre lokalen Experten f\u00fcr qualitativ hochwertige Bauelemente. Zu unserem Produktsortiment z\u00e4hlen zum Beispiel Markisen, Rolltore, Terrassend\u00e4cher, Fenster, T\u00fcren, Au\u00dfenjalousien, Carports und Rolll\u00e4den. Wir \u00fcbernehmen Reparatur- und Montagearbeiten und zeigen Ihnen Wege auf, wie Sie Ihr Gesch\u00e4fts- oder Wohnhaus mit modernen Bauelementen ausstatten k\u00f6nnen. Im Folgenden haben wir erste Informationen f\u00fcr Sie zusammengetragen.<\/p>","popseo_schlusstext":"<p>Sie ben\u00f6tigen einen Experten f\u00fcr hochwertige Sicherheits- und Sonnenschutzl\u00f6sungen. Dann kontaktieren Sie uns bitte schnell. Wir freuen uns auf Ihren Anruf oder Ihre E-Mail. Wenn es um Bauelemente geht, sind wir Ihr erfahrener Handels- und Handwerkspartner. Wir stehen f\u00fcr hochwertige Produkte und eine fachkundig ausgef\u00fchrte Arbeit nach dem jeweils neuesten Stand der Technik.<\/p>","popseo_stadttext":"<h3>Unser Produktsortiment f\u00fcr Kunden aus Sittensen und Tostedt<\/h3>\n<p>Durch unsere Gesch\u00e4ftst\u00e4tigkeit haben wir uns einen ausgezeichneten \u00dcberblick \u00fcber die Stadtarchitektur der Gemeinden und St\u00e4dte unseres Einzugsbereiches erarbeiten k\u00f6nnen. Selbstverst\u00e4ndlich geh\u00f6ren auch Tostedt und Sittensen zu unserem unmittelbaren Gesch\u00e4ftsgebiet. Wir freuen uns darauf, mit Ihnen ins Gespr\u00e4ch zu kommen. <\/p>\n<h3>Ein paar Hintergrundinformationen zu Tostedt und Sittensen<\/h3>\n<p>Wer in Tostedt zuhause ist, wohnt in einem eher l\u00e4ndlichen Umfeld, ohne auf die Vorz\u00fcge der nahen Metropole Hamburg zu verzichten. Die Hansestadt ist nur wenige Fahrkilometer entfernt. Als Wohnstatt bietet Tostedt gute Gr\u00fcnde f\u00fcr die zirka 13.000 Einwohner. Tostedt begeistert durch seine zahlreichen Wohnquartiere. Wer das Leben in der Peripherie mag, jedoch urbanes Leben sch\u00e4tzt, ist in Tostedt richtig. Eine hervorragend entwickelte Infrastruktur mit abwechslungsreichen Einkaufsm\u00f6glichkeiten sowie  breitgef\u00e4cherten Freizeit- und Sportm\u00f6glichkeiten, verleihen Tostedt eine sehr gute Lebensqualit\u00e4t. <\/p>\n<h3>Tostedt und Sittensen \u2013 hier l\u00e4sst es sich leben!<\/h3>\n<p>Gerade einmal 20 Kilometer von Tostedt entfernt liegt der Ort Sittensen. Das St\u00e4dtchen geh\u00f6rt verwaltungstechnisch zum Kreis Harburg. In Sittensen leben momentan zirka 5.600 Menschen auf einem Areal von knapp 18 Quadratkilometern. Auch Sittensen gef\u00e4llt durch eine attraktive Lage: Geografisch liegt Sittensen in der Zevener Geest, einem Landstrich am Elbe-Weser-Dreieck zwischen Hamburg. <\/p>\n<p>Die liebenswerte Gemeinde ist Sitz der Samtgemeinde Sittensen, einer Vereinigung von neun kleineren Orten, n\u00e4mlich Hamersen, Kalbe, Gro\u00df und Klein Meckelsen, Sittensen, Tiste, Lengenbostel, Vierden und Wohnste. Die Samtgemeinde z\u00e4hlt in Summe knapp 11.000 B\u00fcrger und erstreckt sich \u00fcber ein Areal von zirka 138 qkm. Als Lebensmittelpunkt verbindet Sittensen st\u00e4dtisches Leben mit dem Wohnen in der Peripherie auf perfekte Weise. Die beiden norddeutschen Hansest\u00e4dte Bremen und Hamburg sind von Sittensen aus in rund 45 Minuten erreichbar. <\/p>\n<h4>Unsere Leistung f\u00fcr qualit\u00e4tsbewusste Kunden aus Sittensen und Tostedt<\/h4>\n<p>Sie interessieren sich f\u00fcr unser Leistungsprogramm und sind hier im Internet auf unsere Homepage gesto\u00dfen? Das freut uns sehr. Gerne pr\u00e4sentieren wir Ihnen unser gesamtes Leistungsspektrum und beantworten Ihre Fragen. Auf Ihre Anfragen freuen wir uns.<\/p>","popseo_zusatztext":"<h3>Tradition und Erfahrung zeichnen unseren Fachbetrieb aus<\/h3>\n<p>Vertrauen Sie bei Sicherheit und Sonnenschutz auf jeden Fall auf die fachspezifische Leistung vom Fachbetrieb. Nur ein Fachbetrieb kennt die Tricks und Tipps, wie man zu einem \u00fcberzeugenden Ergebnis kommt. Um sich mit Fug und Recht als Fachbetrieb bezeichnen zu d\u00fcrfen, bedarf es einer qualifizierten Ausbildung der Mitarbeiter und einer jahrelangen Fachkenntnis.  <\/p>\n<p>Unsere Firma empfiehlt sich als Ihr sachkundiger Fachbetrieb f\u00fcr Sicherheit und Sonnenschutz. Setzen Sie auf Qualit\u00e4t und schenken Sie unserem Fachbetrieb Ihr Vertrauen. Wir bieten Ihnen u.a. hervorragende Rolll\u00e4den und Markisen und legen h\u00f6chsten Wert auf einen indivduellen Service. Schon seit vielen Jahren sind wir fachkundiger Fachbetrieb f\u00fcr Terrassend\u00e4cher, Au\u00dfenjalousien, Rolll\u00e4den im Raum L\u00fcneburg. Es ist uns ein Anliegen, dass Sie lange Jahre viel Freude an Ihrem Sicht und Sonnenschutz haben. Von einem Fachbetrieb d\u00fcrfen Sie ohne Frage eine fehlerfreie Top-Leistung erwarten.<\/p>\n<h3>Ein Fachbetrieb wei\u00df Rat!<\/h3>\n<p>Als Fachbetrieb darf sich eine Firma bezeichnen, deren Mitarbeiter \u00fcber dokumentierte Qualifikationen verf\u00fcgen. Dies ist unter anderem eine entsprechende Ausbildung oder ein Meisterbrief. Auch zeichnet eine langj\u00e4hrige praktische Erfahrung einen Fachbetrieb aus. Bereits seit vielen Jahren konzentrieren wir uns als spezialisiertes Unternehmen auf Sicherheit und Sonnenschutz von Geb\u00e4uden. In diesen langen Jahren haben wir uns die Bezeichnung Fachbetrieb redlich erarbeitet. Wir benutzen lediglich hochwertige Produkte. Hierbei achten wir immer auf ein angemessenes Preis-Leistungsverh\u00e4ltnis. Unser Versprechen als Fachbetrieb: Wir bieten Ihnen 1a-Qualit\u00e4t zu einem sehr guten Preis.<\/p>","popseo_links":"<a href=\"https:\/\/www.kaduk-bauelemente.de\/leistungen\/aussenjalousien-bispingen\/\">Au\u00dfenjalousien Bispingen<\/a>, <a href=\"https:\/\/www.kaduk-bauelemente.de\/leistungen\/carports-winsen-luhe\/\">Carports Winsen Luhe<\/a>, <a href=\"https:\/\/www.kaduk-bauelemente.de\/leistungen\/terrassendaecher-aus-holz-buchholz\/\">Terrassend\u00e4cher aus Holz Buchholz<\/a>, <a href=\"https:\/\/www.kaduk-bauelemente.de\/leistungen\/fliegengitter-bardowick\/\">Fliegengitter Bardowick<\/a>, <a href=\"https:\/\/www.kaduk-bauelemente.de\/leistungen\/sektionaltore-seevetal-rosengarten\/\">Sektionaltore Seevetal Rosengarten<\/a>, <a href=\"https:\/\/www.kaduk-bauelemente.de\/leistungen\/rolltore-uelzen\/\">Rolltore Uelzen<\/a>, <a href=\"https:\/\/www.kaduk-bauelemente.de\/leistungen\/carports-amt-neuhaus\/\">Carports Amt Neuhaus<\/a>, <a href=\"https:\/\/www.kaduk-bauelemente.de\/leistungen\/tueren-bergedorf-wentorf\/\">T\u00fcren Bergedorf Wentorf<\/a>, <a href=\"https:\/\/www.kaduk-bauelemente.de\/leistungen\/terrassendaecher-aus-aluminium-schwarzenbek\/\">Terrassend\u00e4cher aus Aluminium Schwarzenbek<\/a>, <a href=\"https:\/\/www.kaduk-bauelemente.de\/leistungen\/zaeune-bispingen\/\">Z\u00e4une Bispingen<\/a>, <a href=\"https:\/\/www.kaduk-bauelemente.de\/leistungen\/carports-harburg\/\">Carports Harburg<\/a>, <a href=\"https:\/\/www.kaduk-bauelemente.de\/leistungen\/rollladen-herzogtum-lauenburg\/\">Rollladen Herzogtum Lauenburg<\/a>, <a href=\"https:\/\/www.kaduk-bauelemente.de\/leistungen\/rolllaeden-amelinghausen\/\">Rolll\u00e4den Amelinghausen<\/a>, <a href=\"https:\/\/www.kaduk-bauelemente.de\/leistungen\/zaunbau-amelinghausen\/\">Zaunbau Amelinghausen<\/a>, <a href=\"https:\/\/www.kaduk-bauelemente.de\/leistungen\/terrassenueberdachungen-aus-aluminium-schwarzenbek\/\">Terrassen\u00fcberdachungen aus Aluminium Schwarzenbek<\/a>, <a href=\"https:\/\/www.kaduk-bauelemente.de\/leistungen\/terrassenueberdachungen-aus-aluminium-adendorf\/\">Terrassen\u00fcberdachungen aus Aluminium Adendorf<\/a>, <a href=\"https:\/\/www.kaduk-bauelemente.de\/leistungen\/terrassendaecher-aus-holz-reppenstedt\/\">Terrassend\u00e4cher aus Holz Reppenstedt<\/a>, <a href=\"https:\/\/www.kaduk-bauelemente.de\/leistungen\/sektionaltore-winsen-luhe\/\">Sektionaltore Winsen Luhe<\/a>, <a href=\"https:\/\/www.kaduk-bauelemente.de\/leistungen\/insektenschutz-bergedorf-wentorf\/\">Insektenschutz Bergedorf Wentorf<\/a>, <a href=\"https:\/\/www.kaduk-bauelemente.de\/leistungen\/haustueren-tostedt-sittensen\/\">Haust\u00fcren Tostedt Sittensen<\/a>, <a href=\"https:\/\/www.kaduk-bauelemente.de\/leistungen\/terrassenueberdachungen-aus-holz-maschen\/\">Terrassen\u00fcberdachungen aus Holz Maschen<\/a>, <a href=\"https:\/\/www.kaduk-bauelemente.de\/leistungen\/markisen-lueneburg\/\">Markisen L\u00fcneburg<\/a>, <a href=\"https:\/\/www.kaduk-bauelemente.de\/leistungen\/carports-bispingen\/\">Carports Bispingen<\/a>, <a href=\"https:\/\/www.kaduk-bauelemente.de\/leistungen\/kunststofffenster-amelinghausen\/\">Kunststofffenster Amelinghausen<\/a>, <a href=\"https:\/\/www.kaduk-bauelemente.de\/leistungen\/garagen-reppenstedt\/\">Garagen Reppenstedt<\/a>, <a href=\"https:\/\/www.kaduk-bauelemente.de\/leistungen\/markisen-salzhausen\/\">Markisen Salzhausen<\/a>, <a href=\"https:\/\/www.kaduk-bauelemente.de\/leistungen\/rollladen-bad-bevensen\/\">Rollladen Bad Bevensen<\/a>, <a href=\"https:\/\/www.kaduk-bauelemente.de\/leistungen\/carports-lueneburg\/\">Carports L\u00fcneburg<\/a>"},"_links":{"self":[{"href":"https:\/\/www.kaduk-bauelemente.de\/leistungen\/wp-json\/wp\/v2\/pages\/4659","targetHints":{"allow":["GET"]}}],"collection":[{"href":"https:\/\/www.kaduk-bauelemente.de\/leistungen\/wp-json\/wp\/v2\/pages"}],"about":[{"href":"https:\/\/www.kaduk-bauelemente.de\/leistungen\/wp-json\/wp\/v2\/types\/page"}],"author":[{"embeddable":true,"href":"https:\/\/www.kaduk-bauelemente.de\/leistungen\/wp-json\/wp\/v2\/users\/1"}],"replies":[{"embeddable":true,"href":"https:\/\/www.kaduk-bauelemente.de\/leistungen\/wp-json\/wp\/v2\/comments?post=4659"}],"version-history":[{"count":0,"href":"https:\/\/www.kaduk-bauelemente.de\/leistungen\/wp-json\/wp\/v2\/pages\/4659\/revisions"}],"wp:attachment":[{"href":"https:\/\/www.kaduk-bauelemente.de\/leistungen\/wp-json\/wp\/v2\/media?parent=4659"}],"curies":[{"name":"wp","href":"https:\/\/api.w.org\/{rel}","templated":true}]}}