{"id":4657,"date":"2021-08-25T12:19:36","date_gmt":"2021-08-25T10:19:36","guid":{"rendered":"https:\/\/www.kaduk-bauelemente.de\/leistungen\/terrassenueberdachungen-aus-aluminium-seevetal-rosengarten\/"},"modified":"2021-08-25T12:19:36","modified_gmt":"2021-08-25T10:19:36","slug":"terrassenueberdachungen-aus-aluminium-seevetal-rosengarten","status":"publish","type":"page","link":"https:\/\/www.kaduk-bauelemente.de\/leistungen\/terrassenueberdachungen-aus-aluminium-seevetal-rosengarten\/","title":{"rendered":"Terrassen\u00fcberdachungen aus Aluminium &#8211; Seevetal Rosengarten"},"content":{"rendered":"<h3>Terrassen\u00fcberdachungen aus Aluminium erh\u00f6hen den Wohnwert<\/h3>\n<p>Terrassen\u00fcberdachungen aus Aluminium verleihen einem Wohngeb\u00e4ude einen absolut besonderen Reiz. Unter Terrassen\u00fcberdachungen sitzt man sicher und bequem und kann sogar bei schlechtem Wetter eine tolle Zeit an der frischen Luft verbringen. Terrassen\u00fcberdachungen helfen gegen Regenwetter und laden einfach zum Verweilen ein. <\/p>\n<p>Verleihen Sie Ihrem Wohnhaus das gewisse Etwas an Qualit\u00e4t und vertrauen Sie auf Terrassen\u00fcberdachungen vom Experten. Als erfahrenes Fachunternehmen \u00fcberzeugen uns insbesodere auch Terrassen\u00fcberdachungen aus Aluminium. Im Vergleich zu Konstruktionen aus Holz oder Stahl sind aus Aluminium gefertigte Terrassen\u00fcberdachungen erheblich raumsparender und belastbarer. Nichtsdestotrotz bieten Terrassen\u00fcberdachungen aus Alu immer auch ein sehr hohes Ma\u00df an Komfort und Schutz. Je nach Ausma\u00df und Beschaffenheit der zu \u00fcberdachenden Au\u00dfenfl\u00e4chen sind unterschiedliche Produkte auf Lager. Und je nach pers\u00f6nlichem Geschmack kann unter verschiedenen Ausf\u00fchrungen gew\u00e4hlt werden. <\/p>\n<h3>Terrassen\u00fcberdachungen aus Aluminium sind immer eine gute Idee!<\/h3>\n<p>Terrassen\u00fcberdachungen sind auf keinen Fall nur ein simpler Wetterschutz. Sie werden sehen, dass Terrassen\u00fcberdachungen ein Hauptgrund f\u00fcr die h\u00e4ufigere Nutzung der Gartenanlage sind. Wir k\u00f6nnen Ihnen schon heute vorhersagen, dass Sie bis in den Herbst hinein sehr viel Freude an Ihrer Terrasse haben werden. Terrassen\u00fcberdachungen erh\u00f6hen schlichtweg die Zufriedenheit. Und ganz nebenbei werden auch Ihre Gartenm\u00f6bel ausgezeichnet vor schlechten Witterungseinfl\u00fcssen bewahrt. Wer sich f\u00fcr eine Terrassen\u00fcberdachung aus Aluminium entscheidet, stellt eine g\u00fcnstige Wirkung auf den Wohnwert seines Wohnhauses fest.<\/p>\n","protected":false},"excerpt":{"rendered":"<p>Terrassen\u00fcberdachungen aus Aluminium erh\u00f6hen den Wohnwert Terrassen\u00fcberdachungen aus Aluminium verleihen einem Wohngeb\u00e4ude einen absolut besonderen Reiz. Unter Terrassen\u00fcberdachungen sitzt man sicher und bequem und kann sogar bei schlechtem Wetter eine tolle Zeit an der frischen Luft verbringen. Terrassen\u00fcberdachungen helfen gegen Regenwetter und laden einfach zum Verweilen ein. Verleihen Sie Ihrem Wohnhaus das gewisse Etwas an [&hellip;]<\/p>\n","protected":false},"author":1,"featured_media":0,"parent":0,"menu_order":0,"comment_status":"closed","ping_status":"closed","template":"","meta":{"footnotes":""},"class_list":["post-4657","page","type-page","status-publish","hentry"],"meta_box":{"popseo_subtitel":"Wir sind Ihr Fachunternehmen f\u00fcr Terrassen\u00fcberdachungen aus Aluminium in Seevetal Rosengarten","popseo_subtitel2":"Terrassen\u00fcberdachungen aus Aluminium - unsere Experten informieren Sie gerne","popseo_lasttitel":"Terrassen\u00fcberdachungen aus Aluminium: Wir beantworten Ihre Fragen!","popseo_region":"Seevetal Rosengarten","popseo_sachwort":"Terrassen\u00fcberdachungen aus Aluminium","popseo_noupdate":"","popseo_einleitungstext":"<p>Auf Wunsch informieren wir Sie n\u00e4her \u00fcber unsere Produkte und unser Aufgabenfeld. Wir zeigen Ihnen mit Vergn\u00fcgen auch ein paar Referenzprojekte, die Ihnen einen Einblick in unsere Arbeit geben.<br \/>\nSchenken Sie uns Ihr Vertrauen. Rufen Sie uns doch einfach einmal an oder schicken Sie uns eine kurze E-Mail. Wir freuen uns auf den Kontakt zu Ihnen.<\/p>","popseo_schlusstext":"<p>Sie suchen einen Fachpartner f\u00fcr hochwertige Sicherheits- und Sonnenschutzl\u00f6sungen. Dann rufen Sie uns bitte rasch an. Wir freuen uns auf das Gespr\u00e4ch mit Ihnen. Wenn es um Bauelemente geht, sind wir Ihr verl\u00e4sslicher Handels- und Handwerkspartner. Wir sorgen f\u00fcr hochwertige Produkte und eine professionell durchgef\u00fchrte Arbeit nach dem jeweils neuesten Stand der Technik.<\/p>","popseo_stadttext":"<h3>Wir freuen uns \u00fcber Anfragen aus Seevetal und Rosengarten<\/h2>\n<p>Unser Gesch\u00e4ftsbereich umfasst auch Seevetal und Rosengarten. Durch unsere T\u00e4tigkeit haben wir uns einen ausgezeichneten \u00dcberblick \u00fcber die Architektur der St\u00e4dte und Gemeinden unseres Vertriebsgebietes erarbeiten k\u00f6nnen. Wir f\u00fchlen uns der Region verpflichtet und freuen uns dar\u00fcber, unseren Teil zur guten Infrastruktur der Gemeinden beizusteuern zu k\u00f6nnen.  <\/p>\n<h3>Seevetal und Rosengarten \u2013 ein paar Fakten \u00fcber die Gemeinden<\/h3>\n<p>Die Gemeinde Seevetal befindet sich im S\u00fcden von Hamburg im nieders\u00e4chsischen Landkreis Harburg. Anno 1972 schlossen sich in Summe 19 ehemals selbst\u00e4ndige Orte zur Gesamtgemeinde Seevetal zusammen. Durch den Zusammenschluss gilt Seevetal mit etwa 42.000 B\u00fcrgern als die gr\u00f6\u00dfte Gemeinde der Bundesrepublik Deutschland. Trotz der noch jungen Geschichte, sehen einige der ehemals eigenst\u00e4ndigen Gemeindeteile auf eine erstaunlich lange Geschichte zur\u00fcck. Die Stadtchronik von Seevetal berichtet davon, dass der Gemeindeteil Ramelsloh schon anno 845 erstmalig urkundlich erw\u00e4hnt wurde. Die positive Bev\u00f6lkerungsentwicklung des Ortes Seevetal erkl\u00e4rt sich nicht zuletzt durch die verkehrstechnisch gute Lage. Die N\u00e4he zur Gro\u00dfstadt Hamburg macht Seevetal f\u00fcr Pendler attraktiv. Das Arbeiten in der Gro\u00dfstadt und das Leben im eher l\u00e4ndlichen Bereich, gehen in Seevetal eine gewinnbringende Verbindung ein. <\/p>\n<h4>Seevetal und Rosengarten \u2013 beliebt bei jungen Familien<\/h4>\n<p>Der Gewerbestandort Seevetal ist f\u00fcr viele Unternehmen von au\u00dferordentlicher Anziehungskraft. Seevetal liegt zwischen f\u00fcnf Autobahnen. Die verkehrstechnisch herausragende Lage garantiert sowohl eine hervorragende Erreichbarkeit als auch einen schnellen Warenumschlag. Wirtschaftsf\u00f6rderung ist den Gemeindeverantwortlichen von Seevetal wichtig. Die Gemeinde f\u00f6rdert breitfl\u00e4chig und unkompliziert die Gewerbeansiedlung. Seevetal ist Mitglied im Hamburger Verkehrsverbund (HVV). Auf der Schiene erreicht man den Ortsteil Hittfeld mit dem Metronom \u00fcber die Streckenverbindung HH-Harburg-Buchholz-Tostedt. Die zu Seevetal geh\u00f6renden Gemeindeteile Meckelfeld und Maschen sind an die Schienenverbindung HH-Harburg-Winsen-L\u00fcneburg angeschlossen.  <\/p>\n<p>Die Region Seevetal zeichnet sich durch einen hohen Wohnwert aus. Eine exellente Infrastruktur macht das Wohnen in Seevetal insbesondere f\u00fcr junge Familien attraktiv. Durch die gesunde und best\u00e4ndig wachsende Wirtschaft in Seevetal wird von den Gemeindevertretern auch besondere Priorit\u00e4t auf die Attraktivit\u00e4t des Wohnortes Seevetal gelegt. In den 19 Einzelgemeinden von Seevetal findet man gen\u00fcgend Baugrund f\u00fcr private Bauherren.<\/p>\n<p>\u00c4hnlich anziehend pr\u00e4sentiert sich Rosengarten. Die Gemeinde liegt knapp rund 15 Kilometer von Seevetal entfernt. Circa 13.000 Menschen sind registriert in dem ruhigen Ort, der sich \u00fcber eine Fl\u00e4che von ungef\u00e4hr 63 km\u00b2 erstreckt. Rosengarten grenzt an die Hamburger Stadtteile Marmstorf, Heimfeld und Hausbruch. Das in erster Linie ruhige Leben auf dem Lande kombiniert sich in Rosengarten auf optimale Weise mit den vielf\u00e4ltigen Angeboten der nahen Metropole. Rosengarten und Seevetal verf\u00fcgen \u00fcber zahlreiche sch\u00f6ne Wohnviertel, die vor allem von einer angenehmen Einzelhausbebauung bestimmt sind. <\/p>\n<h4>Wir f\u00fcr Sie in Seevetal und Rosengarten!<\/h4>\n<p>Sie wohnen in Seevetal oder Rosengarten und interessieren sich f\u00fcr unser Angebot. Klasse, dass Sie uns hier auf dieser Website entdeckt haben. F\u00fcr R\u00fcckfragen sind wir jederzeit f\u00fcr Sie da. Auf Ihre Anfragen freuen wir uns.<\/p>","popseo_zusatztext":"<h3>Wir sind Fachbetrieb f\u00fcr Sicht- und Sonnenschutz<\/h3>\n<p>Setzen Sie bei Sicherheit und Sonnenschutz unbedingt auf die sachliche Leistung vom Fachbetrieb. Nur ein Fachbetrieb wei\u00df von den M\u00f6glichkeiten, wie man zu einem sehr guten Ergebnis kommt. Um sich mit Fug und Recht Fachbetrieb nennen zu k\u00f6nnen, braucht es eine anerkannte Ausbildung der Mitarbeiter und eine jahrelange Erfahrung.  <\/p>\n<p>Unser Fachbetrieb empfiehlt sich als Ihr kompetenter Fachbetrieb f\u00fcr Sonnenschutz und Sicherheit. Erreichen Sie Ihr Ziel und schenken Sie unserem Fachbetrieb Ihr Vertrauen. Wir bieten Ihnen u.a. schicke Markisen und Rolll\u00e4den und legen h\u00f6chsten Wert auf einen sehr guten Service. Schon seit vielen Jahren sind wir spezialisierter Fachbetrieb f\u00fcr Au\u00dfenjalousien, Rolll\u00e4den, Markisen und Terrassend\u00e4cher im Raum L\u00fcneburg. Es ist unser Bestreben, dass Sie \u00fcber lange Zeit viel Freude an Ihrem Sicht und Sonnenschutz haben. Von einem Fachbetrieb d\u00fcrfen Sie nat\u00fcrlich eine fehlerfreie Top-Leistung erwarten.<\/p>\n<h3>Dirk Kaduk Bauelemente \u2013 Ihr Fachbetrieb f\u00fcr Sicherheit und Sonnenschutz<\/h3>\n<p>Als Fachbetrieb darf sich ein Unternehmen bezeichnen, deren Angestellte \u00fcber dokumentierte Qualifikationen verf\u00fcgen. Dies ist beispielsweise eine entsprechende Ausbildung oder ein Meisterbrief. Dar\u00fcber hinaus zeichnet eine langj\u00e4hrige praktische Erfahrung einen Fachbetrieb aus. Schon seit vielen Jahren konzentrieren wir uns als spezialisiertes Unternehmen auf Sonnenschutz und Sicherheit von Wohn- und Gesch\u00e4ftsgeb\u00e4uden. In diesen vielen Jahren haben wir uns das Attribut Fachbetrieb ganz sicher verdient. Wir verwenden ausschlie\u00dflich hervorragende Artikel. Dabei achten wir stets auf ein perfektes Preis-Leistungsverh\u00e4ltnis. Unser Selbstverst\u00e4ndnis als Fachbetrieb: Wir bieten Ihnen 1a-Leistung zu einem fairen Preis.<\/p>","popseo_links":"<a href=\"https:\/\/www.kaduk-bauelemente.de\/leistungen\/raffstores-adendorf\/\">Raffstores Adendorf<\/a>, <a href=\"https:\/\/www.kaduk-bauelemente.de\/leistungen\/kunststofffenster-jesteburg\/\">Kunststofffenster Jesteburg<\/a>, <a href=\"https:\/\/www.kaduk-bauelemente.de\/leistungen\/sektionaltore-lueneburg\/\">Sektionaltore L\u00fcneburg<\/a>, <a href=\"https:\/\/www.kaduk-bauelemente.de\/leistungen\/garagen-hanstedt\/\">Garagen Hanstedt<\/a>, <a href=\"https:\/\/www.kaduk-bauelemente.de\/leistungen\/garagen-ebstorf\/\">Garagen Ebstorf<\/a>, <a href=\"https:\/\/www.kaduk-bauelemente.de\/leistungen\/terrassendaecher-aus-holz-ebstorf\/\">Terrassend\u00e4cher aus Holz Ebstorf<\/a>, <a href=\"https:\/\/www.kaduk-bauelemente.de\/leistungen\/fliegengitter-bergedorf-wentorf\/\">Fliegengitter Bergedorf Wentorf<\/a>, <a href=\"https:\/\/www.kaduk-bauelemente.de\/leistungen\/terrassendaecher-aus-holz-bienenbuettel\/\">Terrassend\u00e4cher aus Holz Bienenb\u00fcttel<\/a>, <a href=\"https:\/\/www.kaduk-bauelemente.de\/leistungen\/garagentore-boizenburg\/\">Garagentore Boizenburg<\/a>, <a href=\"https:\/\/www.kaduk-bauelemente.de\/leistungen\/rolllaeden-bardowick\/\">Rolll\u00e4den Bardowick<\/a>, <a href=\"https:\/\/www.kaduk-bauelemente.de\/leistungen\/rolllaeden-bad-bevensen\/\">Rolll\u00e4den Bad Bevensen<\/a>, <a href=\"https:\/\/www.kaduk-bauelemente.de\/leistungen\/garagentore-winsen-luhe\/\">Garagentore Winsen Luhe<\/a>, <a href=\"https:\/\/www.kaduk-bauelemente.de\/leistungen\/tueren-reinbek-glinde\/\">T\u00fcren Reinbek Glinde<\/a>, <a href=\"https:\/\/www.kaduk-bauelemente.de\/leistungen\/zaeune-amelinghausen\/\">Z\u00e4une Amelinghausen<\/a>, <a href=\"https:\/\/www.kaduk-bauelemente.de\/leistungen\/markisen-bergedorf-wentorf\/\">Markisen Bergedorf Wentorf<\/a>, <a href=\"https:\/\/www.kaduk-bauelemente.de\/leistungen\/garagentore-lueneburg\/\">Garagentore L\u00fcneburg<\/a>, <a href=\"https:\/\/www.kaduk-bauelemente.de\/leistungen\/haustueren-schwarzenbek\/\">Haust\u00fcren Schwarzenbek<\/a>, <a href=\"https:\/\/www.kaduk-bauelemente.de\/leistungen\/rolltore-maschen\/\">Rolltore Maschen<\/a>, <a href=\"https:\/\/www.kaduk-bauelemente.de\/leistungen\/garagentore-bergedorf-wentorf\/\">Garagentore Bergedorf Wentorf<\/a>, <a href=\"https:\/\/www.kaduk-bauelemente.de\/leistungen\/garagen-lueneburg\/\">Garagen L\u00fcneburg<\/a>, <a href=\"https:\/\/www.kaduk-bauelemente.de\/leistungen\/sektionaltore-maschen\/\">Sektionaltore Maschen<\/a>, <a href=\"https:\/\/www.kaduk-bauelemente.de\/leistungen\/terrassendaecher-aus-holz-schwarzenbek\/\">Terrassend\u00e4cher aus Holz Schwarzenbek<\/a>, <a href=\"https:\/\/www.kaduk-bauelemente.de\/leistungen\/tueren-maschen\/\">T\u00fcren Maschen<\/a>, <a href=\"https:\/\/www.kaduk-bauelemente.de\/leistungen\/garagen-schwarzenbek\/\">Garagen Schwarzenbek<\/a>, <a href=\"https:\/\/www.kaduk-bauelemente.de\/leistungen\/zaeune-bienenbuettel\/\">Z\u00e4une Bienenb\u00fcttel<\/a>, <a href=\"https:\/\/www.kaduk-bauelemente.de\/leistungen\/aussenjalousien-boizenburg\/\">Au\u00dfenjalousien Boizenburg<\/a>, <a href=\"https:\/\/www.kaduk-bauelemente.de\/leistungen\/rolltore-buchholz\/\">Rolltore Buchholz<\/a>, <a href=\"https:\/\/www.kaduk-bauelemente.de\/leistungen\/kunststofffenster-winsen-luhe\/\">Kunststofffenster Winsen Luhe<\/a>"},"_links":{"self":[{"href":"https:\/\/www.kaduk-bauelemente.de\/leistungen\/wp-json\/wp\/v2\/pages\/4657","targetHints":{"allow":["GET"]}}],"collection":[{"href":"https:\/\/www.kaduk-bauelemente.de\/leistungen\/wp-json\/wp\/v2\/pages"}],"about":[{"href":"https:\/\/www.kaduk-bauelemente.de\/leistungen\/wp-json\/wp\/v2\/types\/page"}],"author":[{"embeddable":true,"href":"https:\/\/www.kaduk-bauelemente.de\/leistungen\/wp-json\/wp\/v2\/users\/1"}],"replies":[{"embeddable":true,"href":"https:\/\/www.kaduk-bauelemente.de\/leistungen\/wp-json\/wp\/v2\/comments?post=4657"}],"version-history":[{"count":0,"href":"https:\/\/www.kaduk-bauelemente.de\/leistungen\/wp-json\/wp\/v2\/pages\/4657\/revisions"}],"wp:attachment":[{"href":"https:\/\/www.kaduk-bauelemente.de\/leistungen\/wp-json\/wp\/v2\/media?parent=4657"}],"curies":[{"name":"wp","href":"https:\/\/api.w.org\/{rel}","templated":true}]}}