{"id":4653,"date":"2021-08-25T12:19:36","date_gmt":"2021-08-25T10:19:36","guid":{"rendered":"https:\/\/www.kaduk-bauelemente.de\/leistungen\/terrassenueberdachungen-aus-aluminium-reinbek-glinde\/"},"modified":"2021-08-25T12:19:36","modified_gmt":"2021-08-25T10:19:36","slug":"terrassenueberdachungen-aus-aluminium-reinbek-glinde","status":"publish","type":"page","link":"https:\/\/www.kaduk-bauelemente.de\/leistungen\/terrassenueberdachungen-aus-aluminium-reinbek-glinde\/","title":{"rendered":"Terrassen\u00fcberdachungen aus Aluminium &#8211; Reinbek Glinde"},"content":{"rendered":"<h3>Terrassen\u00fcberdachungen aus Aluminium \u2013 wir beraten Sie!<\/h3>\n<p>Terrassen\u00fcberdachungen aus Aluminium verleihen einem Haus einen ganz attaraktiven Reiz. Unter Terrassen\u00fcberdachungen sitzt man gesch\u00fctzt und bequem und kann auch bei schlechtem Wetter eine angenehme Zeit an der frischen Luft verbringen. Terrassen\u00fcberdachungen helfen gegen Regenwetter und laden daher zum Verweilen ein. <\/p>\n<p>Geben Sie Ihrem Wohn- oder Gesch\u00e4ftshaus das gewisse Etwas an Wohnqualit\u00e4t und setzen Sie auf Terrassen\u00fcberdachungen vom Experten. Als erfahrenes Unternehmen begeistern uns vor allem auch Terrassen\u00fcberdachungen aus Aluminium. Im Vergleich zu Ausf\u00fchrungen aus Holz oder Stahl sind aus Alu produzierte Terrassen\u00fcberdachungen deutlich raumsparender und belastbarer. Nichtsdestoweniger bieten Terrassen\u00fcberdachungen aus Alu immer auch ein sehr hohes Ma\u00df an Gem\u00fctlichkeit und Sicherheit. Je nach Ausma\u00df und Zustand der zu \u00fcberdachenden Au\u00dfenfl\u00e4chen sind verschiedene Produkte auf Lager. Und je nach individuellem Geschmack kann unter verschiedenen Ausf\u00fchrungen ausgew\u00e4hlt werden. <\/p>\n<h3>Eine Terrassen\u00fcberdachung aus Aluminium f\u00fcr Ihre Immobilie<\/h3>\n<p>Terrassen\u00fcberdachungen sind keineswegs nur ein simpler Regenschutz. Sie werden merken, dass Terrassen\u00fcberdachungen ein Hauptgrund f\u00fcr die intensivere Nutzung des Gartens sind. Wir d\u00fcrfen Ihnen schon jetzt versprechen, dass Sie bis in den Herbst hinein sehr viel Freude an Ihrer Terrasse haben werden. Terrassen\u00fcberdachungen erh\u00f6hen schlichtweg die Wohnqualit\u00e4t. Und au\u00dferdem werden auch Ihre Gartenm\u00f6bel ausgezeichnet vor schlechten Wettereinfl\u00fcssen bewahrt. Wer sich f\u00fcr eine Terrassen\u00fcberdachung aus Aluminium entscheidet, stellt eine positive Wirkung auf den Wohnwert seines Hauses fest.<\/p>\n","protected":false},"excerpt":{"rendered":"<p>Terrassen\u00fcberdachungen aus Aluminium \u2013 wir beraten Sie! Terrassen\u00fcberdachungen aus Aluminium verleihen einem Haus einen ganz attaraktiven Reiz. Unter Terrassen\u00fcberdachungen sitzt man gesch\u00fctzt und bequem und kann auch bei schlechtem Wetter eine angenehme Zeit an der frischen Luft verbringen. Terrassen\u00fcberdachungen helfen gegen Regenwetter und laden daher zum Verweilen ein. Geben Sie Ihrem Wohn- oder Gesch\u00e4ftshaus das [&hellip;]<\/p>\n","protected":false},"author":1,"featured_media":0,"parent":0,"menu_order":0,"comment_status":"closed","ping_status":"closed","template":"","meta":{"footnotes":""},"class_list":["post-4653","page","type-page","status-publish","hentry"],"meta_box":{"popseo_subtitel":"Wir sind Ihr Partner f\u00fcr Terrassen\u00fcberdachungen aus Aluminium in Reinbek Glinde","popseo_subtitel2":"Terrassen\u00fcberdachungen aus Aluminium - wir beraten Sie zu diesem Thema!","popseo_lasttitel":"Terrassen\u00fcberdachungen aus Aluminium: Sie haben Fragen? Dann melden Sie sich bei uns","popseo_region":"Reinbek Glinde","popseo_sachwort":"Terrassen\u00fcberdachungen aus Aluminium","popseo_noupdate":"","popseo_einleitungstext":"<p>Wenn es um Sonnenschutz und Sicherheit geht, sind Sie bei der Firma Dirk Kaduk Bauelemte exakt an der richtigen Adresse. Seit unserer Gr\u00fcndung sind wir Ihre lokalen Experten f\u00fcr qualitativ hochwertige Bauelemente. Zu unserem Produktangebot z\u00e4hlen zum Beispiel Terrassend\u00e4cher, Markisen, Rolltore, T\u00fcren, Fenster, Au\u00dfenjalousien, Rolll\u00e4den und Carports. Unsere Fachleute \u00fcbernehmen Montage- und Reparaturarbeiten und zeigen Ihnen Wege auf, wie Sie Ihre Immobilie mit modernen Bauelementen ausstatten k\u00f6nnen. Nachfolgend haben wir einige erste Informationen f\u00fcr Sie notiert.<\/p>","popseo_schlusstext":"<p>Wenn Sie mehr wissen m\u00f6chten, informieren wir Sie n\u00e4her \u00fcber unser Produkt- und Leistungsprogramm. Wir zeigen Ihnen mit Vergn\u00fcgen auch ein paar Projekte, die Ihnen einen Einblick in unsere Firment\u00e4tigkeit geben.<br \/>\nSchenken Sie uns Ihr Vertrauen. Rufen Sie uns doch einfach einmal an oder schicken Sie uns eine schnelle E-Mail. Wir freuen uns auf Ihre Kontaktaufnahme.<\/p>","popseo_stadttext":"<h3>Unser Einzugsbereich umfasst auch Reinbek und Glinde<\/h3>\n<p>Wir arbeiten f\u00fcr Kunden aus Reinbek und Glinde. Durch unsere Vertriebst\u00e4tigkeit haben wir uns einen guten \u00dcberblick \u00fcber die Architektur der St\u00e4dte und Gemeinden unseres Einzugsbereiches machen k\u00f6nnen. Nat\u00fcrlich geh\u00f6rt auch Reinbek zu unserem unmittelbaren Gesch\u00e4ftsgebiet. Wir freuen uns darauf, mit Ihnen in Kontakt zu treten. <\/p>\n<h3>Ein paar Fakten \u00fcber Reinbek und Glinde<\/h3>\n<p>Die Schleswig-Holsteinische Kleinstadt Reinbek ist eine Gemeinde im Landkreis Stormarn. Heute z\u00e4hlt Reinbek gut 26.000 Einwohner. Die Gemeinde Reinbek umfasst ein Grundfl\u00e4che von gut 31 km\u00b2. Reinbek z\u00e4hlt zur Metropolregion Hamburg und liegt circa 20 km \u00f6stlich der Freien und Hansestadt Hamburg. Reinbek verf\u00fcgt mit der S21 \u00fcber einen HVV-Anschluss. Die geringe Fahrzeit von gerade einmal 25 Minuten macht Reinbek insbesondere attraktiv f\u00fcr Pendler nach Hamburg. Wer seinen Arbeitsplatz in der Metropole hat, genie\u00dft in Reinbek das Beste aus zwei Welten: Das bunte Treiben der Metropole findet in der idyllischen Wohnstatt von Reinbek sein Gegenst\u00fcck. <\/p>\n<p>Glinde ist eine Stadt im S\u00fcden von Schleswig-Holstein, in der Metropolregion Hamburg, ungef\u00e4hr 20 Kilometer in \u00f6stlicher Randlage zur Hansestadt Hamburg. Aufgrund der besonders guten Infrastruktur hat sich Glinde zu einem idealen Lebensmittelpunkt f\u00fcr Familien entwickelt, obwohl mehr als die H\u00e4lfte des Stadtgebietes von Glinde aus Park- oder Wasserfl\u00e4chen besteht oder landwirtschaftlich genutzt wird. Rund 33 Prozent der gesamten Stadtfl\u00e4che stehen in Glinde f\u00fcr Wohnzwecke zur Verf\u00fcgung.  <\/p>\n<h3>Reinbek und Glinde haben Charme!<\/h3>\n<p>Die Architektur Reinbeks besteht vor allem aus zahlreichen Einfamilienh\u00e4usern, welche ihren Bewohnern einen sehr hohen Lebenskomfort bieten. Reinbek zeichnet sich neben der hohen Wohnqualit\u00e4t zus\u00e4tzlich durch seine gro\u00dfe wirtschaftliche Produktivit\u00e4t aus. Wer das Auto bevorzugt, findet in Reinbek ebenfalls gute Bedingungen: Die Autobahnen A24 und A1 sowie die Bundesstra\u00dfe B5 liegen in unmittelbarer N\u00e4he von Reinbek. Auf der Landstra\u00dfe kommt man \u00fcber Neusch\u00f6nningstedt nach Reinbek. <\/p>\n<h4>Unsere Leistung f\u00fcr qualit\u00e4tsbewusste Kunden aus Reinbek und Glinde<\/h4>\n<p>Toll, dass Sie uns hier auf dieser Website entdeckt haben. Wenn Sie ein Fachunternehmen suchen, sind Sie bei uns an der richtigen Adresse. Sie m\u00f6chten mehr \u00fcber uns erfahren? F\u00fcr R\u00fcckfragen stehen wir Ihnen jederzeit zur Verf\u00fcgung. Auf den Kontakt zu Ihnen freuen wir uns.<\/p>","popseo_zusatztext":"<h3>G\u00fcnstig und preiswert \u2013 unser Angebot f\u00fcr Sie<\/h3>\n<p>Bauelemente m\u00fcssen gehobenen Erwartungen gerecht werden. Gleichwohl mu\u00df es g\u00fcnstig und preiswert sein. Das muss generell kein Widerspruch sein. <\/p>\n<p>Als Fachbetrieb f\u00fcr Sonnenschutz- und Sicherheitsl\u00f6sungen verwenden wir ausnahmslos hochwertige Erzeugnisse. Trotzdem achten wir grunds\u00e4tzlich auf ein angemessenes Preis-Leistungsverh\u00e4ltnis. Wir m\u00f6chten Ihnen Spitzenqualit\u00e4t anbieten, die zugleich auch g\u00fcnstig und preiswert ist. Verleihen Sie Ihrem Zuhause g\u00fcnstig und preiswert das besondere Mehr an Qualit\u00e4t. Rolll\u00e4den und Markisen oder andere Sonnenschutzl\u00f6sungen sehen nicht nur hervorragend aus, sie leisten auch einen bedeutsamen Anteil zur W\u00e4rmed\u00e4mmung.  <\/p>\n<h3>G\u00fcnstig und preiswert \u2013 unsere Leistung \u00fcberzeugt<\/h3>\n<p>D\u00fcrfen wir Sie informieren, wie Sie g\u00fcnstig und preiswert einen perfekten Sonnenschutz f\u00fcr Ihr Heim umsetzen? Prima, dann z\u00f6gern Sie bitte nicht und nehmen am besten sofort heute noch Verbindung mit uns auf. Ein kurzer Anruf oder eine schnelle Mail gen\u00fcgen. Sehr gerne informieren Sie unsere perfekt ausgebildeten Experten \u00fcber die unterschiedlichen Optionen, wie Sie Ihr Haus g\u00fcnstig und preiswert mit Rolll\u00e4den und Markisen oder anderen Sonnenschutzprodukten versehen. Wir freuen uns auf den Austausch mit Ihnen. <\/p>\n<h4>Hochwertige Arbeit g\u00fcnstig und preiswert<\/h4>\n<p>Vertrauen Sie beim Thema Sonnenschutz und Sicherheit auf den Profi. Nur ein Fachbetrieb kennt die verschiedenen M\u00f6glichkeiten, wie Sie g\u00fcnstig und preiswert, trotzdem qualitativ spitze einen tadellosen Sonnenschutz verwirklichen. Qualit\u00e4tsbewusst, g\u00fcnstig und preiswert: Wir empfehlen uns als spezialisiertes Fachunternehmen im norddeutschen Gebiet. Unsere gro\u00dfe Erfahrung spricht f\u00fcr uns.<\/p>","popseo_links":"<a href=\"https:\/\/www.kaduk-bauelemente.de\/leistungen\/terrassendaecher-aus-aluminium-bergedorf-wentorf\/\">Terrassend\u00e4cher aus Aluminium Bergedorf Wentorf<\/a>, <a href=\"https:\/\/www.kaduk-bauelemente.de\/leistungen\/kunststofffenster-bardowick\/\">Kunststofffenster Bardowick<\/a>, <a href=\"https:\/\/www.kaduk-bauelemente.de\/leistungen\/holzfenster-bienenbuettel\/\">Holzfenster Bienenb\u00fcttel<\/a>, <a href=\"https:\/\/www.kaduk-bauelemente.de\/leistungen\/terrassendaecher-aus-holz-tostedt-sittensen\/\">Terrassend\u00e4cher aus Holz Tostedt Sittensen<\/a>, <a href=\"https:\/\/www.kaduk-bauelemente.de\/leistungen\/zaunbau-hanstedt\/\">Zaunbau Hanstedt<\/a>, <a href=\"https:\/\/www.kaduk-bauelemente.de\/leistungen\/garagentore-stelle\/\">Garagentore Stelle<\/a>, <a href=\"https:\/\/www.kaduk-bauelemente.de\/leistungen\/zaunbau-harburg\/\">Zaunbau Harburg<\/a>, <a href=\"https:\/\/www.kaduk-bauelemente.de\/leistungen\/terrassenueberdachungen-aus-holz-adendorf\/\">Terrassen\u00fcberdachungen aus Holz Adendorf<\/a>, <a href=\"https:\/\/www.kaduk-bauelemente.de\/leistungen\/terrassenueberdachungen-aus-holz-bispingen\/\">Terrassen\u00fcberdachungen aus Holz Bispingen<\/a>, <a href=\"https:\/\/www.kaduk-bauelemente.de\/leistungen\/tueren-schwarzenbek\/\">T\u00fcren Schwarzenbek<\/a>, <a href=\"https:\/\/www.kaduk-bauelemente.de\/leistungen\/raffstores-hanstedt\/\">Raffstores Hanstedt<\/a>, <a href=\"https:\/\/www.kaduk-bauelemente.de\/leistungen\/haustueren-herzogtum-lauenburg\/\">Haust\u00fcren Herzogtum Lauenburg<\/a>, <a href=\"https:\/\/www.kaduk-bauelemente.de\/leistungen\/aussenjalousien-lueneburg\/\">Au\u00dfenjalousien L\u00fcneburg<\/a>, <a href=\"https:\/\/www.kaduk-bauelemente.de\/leistungen\/terrassenueberdachungen-aus-holz-jesteburg\/\">Terrassen\u00fcberdachungen aus Holz Jesteburg<\/a>, <a href=\"https:\/\/www.kaduk-bauelemente.de\/leistungen\/rollladen-tostedt-sittensen\/\">Rollladen Tostedt Sittensen<\/a>, <a href=\"https:\/\/www.kaduk-bauelemente.de\/leistungen\/markisen-bergedorf-wentorf\/\">Markisen Bergedorf Wentorf<\/a>, <a href=\"https:\/\/www.kaduk-bauelemente.de\/leistungen\/rolllaeden-reinbek-glinde\/\">Rolll\u00e4den Reinbek Glinde<\/a>, <a href=\"https:\/\/www.kaduk-bauelemente.de\/leistungen\/kunststofffenster-bispingen\/\">Kunststofffenster Bispingen<\/a>, <a href=\"https:\/\/www.kaduk-bauelemente.de\/leistungen\/insektenschutz-bergedorf-wentorf\/\">Insektenschutz Bergedorf Wentorf<\/a>, <a href=\"https:\/\/www.kaduk-bauelemente.de\/leistungen\/terrassenueberdachungen-aus-aluminium-stelle\/\">Terrassen\u00fcberdachungen aus Aluminium Stelle<\/a>, <a href=\"https:\/\/www.kaduk-bauelemente.de\/leistungen\/insektenschutz-seevetal-rosengarten\/\">Insektenschutz Seevetal Rosengarten<\/a>, <a href=\"https:\/\/www.kaduk-bauelemente.de\/leistungen\/rollladen-seevetal-rosengarten\/\">Rollladen Seevetal Rosengarten<\/a>, <a href=\"https:\/\/www.kaduk-bauelemente.de\/leistungen\/insektenschutz-reppenstedt\/\">Insektenschutz Reppenstedt<\/a>, <a href=\"https:\/\/www.kaduk-bauelemente.de\/leistungen\/fenster-bardowick\/\">Fenster Bardowick<\/a>, <a href=\"https:\/\/www.kaduk-bauelemente.de\/leistungen\/rolltore-uelzen\/\">Rolltore Uelzen<\/a>, <a href=\"https:\/\/www.kaduk-bauelemente.de\/leistungen\/raffstores-salzhausen\/\">Raffstores Salzhausen<\/a>, <a href=\"https:\/\/www.kaduk-bauelemente.de\/leistungen\/zaeune-bienenbuettel\/\">Z\u00e4une Bienenb\u00fcttel<\/a>, <a href=\"https:\/\/www.kaduk-bauelemente.de\/leistungen\/rolltore-seevetal-rosengarten\/\">Rolltore Seevetal Rosengarten<\/a>"},"_links":{"self":[{"href":"https:\/\/www.kaduk-bauelemente.de\/leistungen\/wp-json\/wp\/v2\/pages\/4653","targetHints":{"allow":["GET"]}}],"collection":[{"href":"https:\/\/www.kaduk-bauelemente.de\/leistungen\/wp-json\/wp\/v2\/pages"}],"about":[{"href":"https:\/\/www.kaduk-bauelemente.de\/leistungen\/wp-json\/wp\/v2\/types\/page"}],"author":[{"embeddable":true,"href":"https:\/\/www.kaduk-bauelemente.de\/leistungen\/wp-json\/wp\/v2\/users\/1"}],"replies":[{"embeddable":true,"href":"https:\/\/www.kaduk-bauelemente.de\/leistungen\/wp-json\/wp\/v2\/comments?post=4653"}],"version-history":[{"count":0,"href":"https:\/\/www.kaduk-bauelemente.de\/leistungen\/wp-json\/wp\/v2\/pages\/4653\/revisions"}],"wp:attachment":[{"href":"https:\/\/www.kaduk-bauelemente.de\/leistungen\/wp-json\/wp\/v2\/media?parent=4653"}],"curies":[{"name":"wp","href":"https:\/\/api.w.org\/{rel}","templated":true}]}}