{"id":4649,"date":"2021-08-25T12:19:36","date_gmt":"2021-08-25T10:19:36","guid":{"rendered":"https:\/\/www.kaduk-bauelemente.de\/leistungen\/terrassenueberdachungen-aus-aluminium-herzogtum-lauenburg\/"},"modified":"2021-08-25T12:19:36","modified_gmt":"2021-08-25T10:19:36","slug":"terrassenueberdachungen-aus-aluminium-herzogtum-lauenburg","status":"publish","type":"page","link":"https:\/\/www.kaduk-bauelemente.de\/leistungen\/terrassenueberdachungen-aus-aluminium-herzogtum-lauenburg\/","title":{"rendered":"Terrassen\u00fcberdachungen aus Aluminium &#8211; Herzogtum Lauenburg"},"content":{"rendered":"<h3>Terrassen\u00fcberdachungen aus Aluminium \u2013 auch optisch ein Highlight!<\/h3>\n<p>Terrassen\u00fcberdachungen aus Aluminium geben einem Wohngeb\u00e4ude einen sehr attaraktiven Charme. Unter Terrassen\u00fcberdachungen sitzt man gesch\u00fctzt und bequem und kann sogar bei N\u00e4sse eine sch\u00f6ne Zeit Drau\u00dfen verbringen. Terrassen\u00fcberdachungen sch\u00fctzen vor Regen und laden daher zum Verweilen ein. <\/p>\n<p>Geben Sie Ihrem Wohn- oder Gesch\u00e4ftshaus das gewisse Etwas an Komfort und setzen Sie auf Terrassen\u00fcberdachungen vom Fachbetrieb. Als routiniertes Fachgesch\u00e4ft \u00fcberzeugen uns haupts\u00e4chlich auch Terrassen\u00fcberdachungen aus Alu. Im Gegensatz zu Konstruktionen aus Holz oder Stahl sind aus Alu gefertigte Terrassen\u00fcberdachungen erheblich platzsparender und strapazierf\u00e4higer. Dessenungeachtet bieten Terrassen\u00fcberdachungen aus Aluminium immer auch ein gehobenes Ma\u00df an Luxus und Schutz. Je nach Gr\u00f6\u00dfe und Beschaffenheit der zu \u00fcberdachenden Au\u00dfenbereiche sind verschiedene Produkte erh\u00e4ltlich. Und je nach pers\u00f6nlichem Geschmack kann unter verschiedenen Konstruktionen ausgew\u00e4hlt werden. <\/p>\n<h3>Terrassen\u00fcberdachungen aus Aluminium sind immer eine gute Idee!<\/h3>\n<p>Terrassen\u00fcberdachungen sind keineswegs nur ein simpler Wetterschutz. Sie werden sehen, dass Terrassen\u00fcberdachungen ein Hauptgrund f\u00fcr die h\u00e4ufigere Nutzung der Gartenanlage sind. Wir k\u00f6nnen Ihnen schon heute zusagen, dass Sie bis in den Sp\u00e4therbst hinein sehr viel Spa\u00df an Ihrer Terrasse haben werden. Terrassen\u00fcberdachungen erh\u00f6hen schlichtweg die Wohnqualit\u00e4t. Und au\u00dferdem werden auch Ihre Gartenm\u00f6bel ideal vor schlechten Witterungseinfl\u00fcssen gesch\u00fctzt. Wer sich f\u00fcr eine Terrassen\u00fcberdachung aus Aluminium entscheidet, stellt eine g\u00fcnstige Wirkung auf den Wohnwert seines Geb\u00e4udes fest.<\/p>\n","protected":false},"excerpt":{"rendered":"<p>Terrassen\u00fcberdachungen aus Aluminium \u2013 auch optisch ein Highlight! Terrassen\u00fcberdachungen aus Aluminium geben einem Wohngeb\u00e4ude einen sehr attaraktiven Charme. Unter Terrassen\u00fcberdachungen sitzt man gesch\u00fctzt und bequem und kann sogar bei N\u00e4sse eine sch\u00f6ne Zeit Drau\u00dfen verbringen. Terrassen\u00fcberdachungen sch\u00fctzen vor Regen und laden daher zum Verweilen ein. Geben Sie Ihrem Wohn- oder Gesch\u00e4ftshaus das gewisse Etwas an [&hellip;]<\/p>\n","protected":false},"author":1,"featured_media":0,"parent":0,"menu_order":0,"comment_status":"closed","ping_status":"closed","template":"","meta":{"footnotes":""},"class_list":["post-4649","page","type-page","status-publish","hentry"],"meta_box":{"popseo_subtitel":"Wir sind Ihr erfahrener Experte f\u00fcr Terrassen\u00fcberdachungen aus Aluminium in Herzogtum Lauenburg","popseo_subtitel2":"Terrassen\u00fcberdachungen aus Aluminium - wir beraten Sie zu diesem Thema!","popseo_lasttitel":"Terrassen\u00fcberdachungen aus Aluminium: Treten Sie in Kontakt mit uns!","popseo_region":"Herzogtum Lauenburg","popseo_sachwort":"Terrassen\u00fcberdachungen aus Aluminium","popseo_noupdate":"","popseo_einleitungstext":"<p>Gerne informieren wir Sie n\u00e4her \u00fcber unser Produkt- und T\u00e4tigkeitsspektrum. Wir pr\u00e4sentieren Ihnen mit Vergn\u00fcgen auch einige Referenzprojekte, die Ihnen einen Einblick in unsere Arbeit geben.<br \/>\nWir sind f\u00fcr Sie da. Rufen Sie uns doch rasch einmal an oder schicken Sie uns eine schnelle E-Mail. Wir freuen uns auf Ihre Kontaktaufnahme.<\/p>","popseo_schlusstext":"<p>Sie suchen einen Profi f\u00fcr moderne Sonnenschutz- und Sicherheitsl\u00f6sungen. Dann kontaktieren Sie uns bitte schnell. Wir freuen uns auf das Gespr\u00e4ch mit Ihnen. Wenn es um Bauelemente geht, sind wir Ihr erfahrener Handwerks- und Handelspartner. Wir stehen f\u00fcr hochwertige Produkte und eine professionell ausgef\u00fchrte Arbeit nach dem jeweils neuesten Stand der Technik.<\/p>","popseo_stadttext":"<h3>Zufriedene Kunden haben wir auch im Kreis Herzogtum Lauenburg<\/h3>\n<p>Durch unsere Vertriebst\u00e4tigkeit haben wir uns einen ausgezeichneten \u00dcberblick \u00fcber die Stadtarchitektur der Gemeinden und St\u00e4dte unseres Einzugsbereiches machen k\u00f6nnen. Selbstverst\u00e4ndlich geh\u00f6rt auch der Kreis Herzogtum Lauenburg zu unserem unmittelbaren Gesch\u00e4ftsgebiet. Wir freuen uns darauf, mit Ihnen in Kontakt zu kommen. <\/p>\n<h3>Einige interessante Informationen \u00fcber den Kreis Herzogtum Lauenburg<\/h3>\n<p>Der Landkreis Herzogtum Lauenburg zieht sich \u00fcber ungef\u00e4hr 1200 qkm und ist Heimat von knapp 190.000 Menschen. Die gr\u00f6\u00dfen St\u00e4dte im Kreis Herzogtum Lauenburg sind neben der Kreisstadt Lauenburg die Orte M\u00f6lln, Geesthacht und Ratzeburg. <\/p>\n<p>Der Kreis Herzogtum Lauenburg geh\u00f6rt zum Gro\u00dfraum Hamburg. Der Kreis Herzogtum Lauenburg liegt sehr verkehrsg\u00fcnstig im S\u00fcdosten von Hamburg, was dadurch deutlich wird, dass die eher l\u00e4ndliche Region dem Hamburger Verkehrsverbund (HVV) angeschlossen ist. Mit dem Automobil f\u00e4hrt man \u00fcber die Autobahnen A1, A24 sowie A25 in den Kreis Herzogtum Lauenburg. Z\u00fcge der Deuschen Bahn f\u00e4hrt das Kreisgebiet von Herzogtum Lauenburg zum Beispiel \u00fcber die Strecken von und nach M\u00f6lln, Schwarzenbek und Ratzeburg an.<\/p>\n<h3>Herzogtum Lauenburg: Attraktiver Lebensmittelpunktr!<\/h3>\n<p>Der Landkreis Herzogtum Lauenburg ist besonders gesch\u00e4tzt bei Pendlern. Wer in der Metropole Hamburg arbeitet, erreicht seine Heimstatt im Landkreis Herzogtum Lauenburg \u00fcblicherweise in gut 45 min. Arbeiten in der Hansestadt, leben in l\u00e4ndlicher Umgebung: Ein Weg, der besonders f\u00fcr heutige Familien attraktiv ist. <\/p>\n<p>Der Kreis Herzogtum Lauenburg zeichnet sich durch einen hohen Freizeitwert und eine besondere Lebensqualit\u00e4t aus. Das Kreisgebiet verf\u00fcgt \u00fcber sch\u00f6ne Naturgebiete, die sich sehr gut auf Schusters Rappen oder mit dem Mountainbike erobern lassen.<\/p>\n<h4>Hohe Qualit\u00e4t f\u00fcr Kunden aus dem Kreis Herzogtum Lauenburg<\/h4>\n<p>Wir finden es super, dass Sie unsere Website gefunden haben. Ob Ratzeburg, M\u00f6lln oder Geesthacht: Wir garantieren Ihnen ein sehr gutes Preis-Leistungsverh\u00e4ltnis. Sie m\u00f6chten mehr \u00fcber uns wissen? F\u00fcr R\u00fcckfragen stehen wir Ihnen jederzeit zur Verf\u00fcgung. Auf den Kontakt zu Ihnen freuen wir uns.<\/p>","popseo_zusatztext":"<h3>Kaduk Bauelemente ist Ihr Fachbetrieb f\u00fcr Sonnen- und Sichtschutz<\/h3>\n<p>Setzen Sie in Sachen Sonnenschutz und Sicherheit unbedingt auf die fachspezifische Leistung vom Fachbetrieb. Nur ein Fachbetrieb kennt die Tricks und Tipps, wie man zu einem hervorragenden Ergebnis kommt. Um sich mit Fug und Recht Fachbetrieb nennen zu d\u00fcrfen, braucht man eine gute Ausbildung der Mitarbeiter und eine jahrelange Berufserfahrung.  <\/p>\n<p>Unser Unternehmen empfiehlt sich als Ihr sachkundiger Fachbetrieb f\u00fcr Sicherheit und Sonnenschutz. Kommen Sie zum Ziel und schenken Sie unserem Fachbetrieb Ihr Vertrauen. Wir bieten Ihnen unter anderem hervorragende Markisen und Rolll\u00e4den und legen massiv Wert auf einen perfekten Service. Schon seit vielen Jahren sind wir spezialisierter Fachbetrieb f\u00fcr Rolll\u00e4den, Markisen, Terrassend\u00e4cher und Au\u00dfenjalousien im Raum L\u00fcneburg. Es ist uns ein Anliegen, dass Sie viele Jahre viel Freude an Ihrem Sicht und Sonnenschutz haben. Von einem Fachbetrieb d\u00fcrfen Sie ohne Frage eine fehlerfreie Top-Leistung erwarten.<\/p>\n<h3>Dirk Kaduk Bauelemente \u2013 Ihr Fachbetrieb f\u00fcr Sicherheit und Sonnenschutz<\/h3>\n<p>Als Fachbetrieb darf sich eine Unternehmung bezeichnen, deren Mitarbeiter \u00fcber dokumentierte Qualifikationen verf\u00fcgen. Dies ist beispielsweise eine entsprechende Berufsausbildung oder ein Meisterbrief. Auch zeichnet eine intensive praktische Erfahrung einen Fachbetrieb aus. Bereits seit vielen Jahren konzentrieren wir uns als spezialisiertes Unternehmen auf Sonnenschutz und Sicherheit von Wohn- und Gesch\u00e4ftsh\u00e4usern. In diesen langen Jahren haben wir uns das Attribut Fachbetrieb fraglos erarbeitet. Wir benutzen ausschlie\u00dflich hervorragende Materialien. Hierbei achten wir immer auf ein perfektes Preis-Leistungsverh\u00e4ltnis. Unser Selbstverst\u00e4ndnis als Fachbetrieb: Wir bieten Ihnen beste Qualit\u00e4t zu einem konkurrenzlosem Preis.<\/p>","popseo_links":"<a href=\"https:\/\/www.kaduk-bauelemente.de\/leistungen\/holzfenster-amelinghausen\/\">Holzfenster Amelinghausen<\/a>, <a href=\"https:\/\/www.kaduk-bauelemente.de\/leistungen\/zaeune-salzhausen\/\">Z\u00e4une Salzhausen<\/a>, <a href=\"https:\/\/www.kaduk-bauelemente.de\/leistungen\/raffstores-jesteburg\/\">Raffstores Jesteburg<\/a>, <a href=\"https:\/\/www.kaduk-bauelemente.de\/leistungen\/garagentore-reppenstedt\/\">Garagentore Reppenstedt<\/a>, <a href=\"https:\/\/www.kaduk-bauelemente.de\/leistungen\/terrassendaecher-aus-holz-reppenstedt\/\">Terrassend\u00e4cher aus Holz Reppenstedt<\/a>, <a href=\"https:\/\/www.kaduk-bauelemente.de\/leistungen\/rolllaeden-bispingen\/\">Rolll\u00e4den Bispingen<\/a>, <a href=\"https:\/\/www.kaduk-bauelemente.de\/leistungen\/tueren-bad-bevensen\/\">T\u00fcren Bad Bevensen<\/a>, <a href=\"https:\/\/www.kaduk-bauelemente.de\/leistungen\/rolltore-reinbek-glinde\/\">Rolltore Reinbek Glinde<\/a>, <a href=\"https:\/\/www.kaduk-bauelemente.de\/leistungen\/rolltore-jesteburg\/\">Rolltore Jesteburg<\/a>, <a href=\"https:\/\/www.kaduk-bauelemente.de\/leistungen\/tueren-herzogtum-lauenburg\/\">T\u00fcren Herzogtum Lauenburg<\/a>, <a href=\"https:\/\/www.kaduk-bauelemente.de\/leistungen\/fenster-seevetal-rosengarten\/\">Fenster Seevetal Rosengarten<\/a>, <a href=\"https:\/\/www.kaduk-bauelemente.de\/leistungen\/terrassenueberdachungen-aus-aluminium-adendorf\/\">Terrassen\u00fcberdachungen aus Aluminium Adendorf<\/a>, <a href=\"https:\/\/www.kaduk-bauelemente.de\/leistungen\/tueren-bardowick\/\">T\u00fcren Bardowick<\/a>, <a href=\"https:\/\/www.kaduk-bauelemente.de\/leistungen\/terrassendaecher-aus-holz-jesteburg\/\">Terrassend\u00e4cher aus Holz Jesteburg<\/a>, <a href=\"https:\/\/www.kaduk-bauelemente.de\/leistungen\/rolltore-harburg\/\">Rolltore Harburg<\/a>, <a href=\"https:\/\/www.kaduk-bauelemente.de\/leistungen\/sektionaltore-winsen-luhe\/\">Sektionaltore Winsen Luhe<\/a>, <a href=\"https:\/\/www.kaduk-bauelemente.de\/leistungen\/tueren-reppenstedt\/\">T\u00fcren Reppenstedt<\/a>, <a href=\"https:\/\/www.kaduk-bauelemente.de\/leistungen\/tueren-geesthacht\/\">T\u00fcren Geesthacht<\/a>, <a href=\"https:\/\/www.kaduk-bauelemente.de\/leistungen\/insektenschutz-reinbek-glinde\/\">Insektenschutz Reinbek Glinde<\/a>, <a href=\"https:\/\/www.kaduk-bauelemente.de\/leistungen\/garagen-winsen-luhe\/\">Garagen Winsen Luhe<\/a>, <a href=\"https:\/\/www.kaduk-bauelemente.de\/leistungen\/terrassendaecher-aus-aluminium-lueneburg\/\">Terrassend\u00e4cher aus Aluminium L\u00fcneburg<\/a>, <a href=\"https:\/\/www.kaduk-bauelemente.de\/leistungen\/terrassenueberdachungen-aus-aluminium-reinbek-glinde\/\">Terrassen\u00fcberdachungen aus Aluminium Reinbek Glinde<\/a>, <a href=\"https:\/\/www.kaduk-bauelemente.de\/leistungen\/zaeune-geesthacht\/\">Z\u00e4une Geesthacht<\/a>, <a href=\"https:\/\/www.kaduk-bauelemente.de\/leistungen\/zaeune-bergedorf-wentorf\/\">Z\u00e4une Bergedorf Wentorf<\/a>, <a href=\"https:\/\/www.kaduk-bauelemente.de\/leistungen\/holzfenster-reppenstedt\/\">Holzfenster Reppenstedt<\/a>, <a href=\"https:\/\/www.kaduk-bauelemente.de\/leistungen\/haustueren-boizenburg\/\">Haust\u00fcren Boizenburg<\/a>, <a href=\"https:\/\/www.kaduk-bauelemente.de\/leistungen\/terrassendaecher-aus-holz-tostedt-sittensen\/\">Terrassend\u00e4cher aus Holz Tostedt Sittensen<\/a>, <a href=\"https:\/\/www.kaduk-bauelemente.de\/leistungen\/zaeune-bienenbuettel\/\">Z\u00e4une Bienenb\u00fcttel<\/a>"},"_links":{"self":[{"href":"https:\/\/www.kaduk-bauelemente.de\/leistungen\/wp-json\/wp\/v2\/pages\/4649","targetHints":{"allow":["GET"]}}],"collection":[{"href":"https:\/\/www.kaduk-bauelemente.de\/leistungen\/wp-json\/wp\/v2\/pages"}],"about":[{"href":"https:\/\/www.kaduk-bauelemente.de\/leistungen\/wp-json\/wp\/v2\/types\/page"}],"author":[{"embeddable":true,"href":"https:\/\/www.kaduk-bauelemente.de\/leistungen\/wp-json\/wp\/v2\/users\/1"}],"replies":[{"embeddable":true,"href":"https:\/\/www.kaduk-bauelemente.de\/leistungen\/wp-json\/wp\/v2\/comments?post=4649"}],"version-history":[{"count":0,"href":"https:\/\/www.kaduk-bauelemente.de\/leistungen\/wp-json\/wp\/v2\/pages\/4649\/revisions"}],"wp:attachment":[{"href":"https:\/\/www.kaduk-bauelemente.de\/leistungen\/wp-json\/wp\/v2\/media?parent=4649"}],"curies":[{"name":"wp","href":"https:\/\/api.w.org\/{rel}","templated":true}]}}