{"id":4640,"date":"2021-08-25T12:19:36","date_gmt":"2021-08-25T10:19:36","guid":{"rendered":"https:\/\/www.kaduk-bauelemente.de\/leistungen\/terrassenueberdachungen-aus-aluminium-bienenbuettel\/"},"modified":"2021-08-25T12:19:36","modified_gmt":"2021-08-25T10:19:36","slug":"terrassenueberdachungen-aus-aluminium-bienenbuettel","status":"publish","type":"page","link":"https:\/\/www.kaduk-bauelemente.de\/leistungen\/terrassenueberdachungen-aus-aluminium-bienenbuettel\/","title":{"rendered":"Terrassen\u00fcberdachungen aus Aluminium &#8211; Bienenb\u00fcttel"},"content":{"rendered":"<h3>Terrassen\u00fcberdachungen aus Aluminium \u2013 wir beraten Sie!<\/h3>\n<p>Terrassen\u00fcberdachungen aus Aluminium geben einem Haus einen ganz attaraktiven Reiz. Unter Terrassen\u00fcberdachungen sitzt man sicher und gem\u00fctlich und kann auch bei N\u00e4sse eine tolle Zeit im Freien verbringen. Terrassen\u00fcberdachungen sch\u00fctzen vor Regen und laden einfach zum Aufenthalt ein. <\/p>\n<p>Bescheren Sie Ihrem Wohnhaus das gewisse Etwas an Gem\u00fctlichkeit und setzen Sie auf Terrassen\u00fcberdachungen vom Fachmann. Als erfahrenes Fachunternehmen \u00fcberzeugen uns besonders auch Terrassen\u00fcberdachungen aus Alu. Im Vergleich zu Anfertigungen aus Holz oder Stahl sind aus Alu produzierte Terrassen\u00fcberdachungen erheblich raumsparender und strapazierf\u00e4higer. Nichtsdestoweniger bieten Terrassen\u00fcberdachungen aus Alu immer auch ein hohes Ma\u00df an Behaglichkeit und Schutz. Je nach Ausma\u00df und Gestalt der zu \u00fcberdachenden Au\u00dfenbereiche sind unterschiedliche Produkte lieferbar. Und je nach pers\u00f6nlichem Geschmack kann unter diversen Ausf\u00fchrungen ausgew\u00e4hlt werden. <\/p>\n<h3>Eine Terrassen\u00fcberdachung aus Aluminium f\u00fcr Ihre Immobilie<\/h3>\n<p>Terrassen\u00fcberdachungen sind keineswegs nur ein einfacher Regenschutz. Sie werden merken, dass Terrassen\u00fcberdachungen ein Hauptgrund f\u00fcr die h\u00e4ufigere Nutzung des Gartens sind. Wir k\u00f6nnen Ihnen schon heute garantieren, dass Sie bis in den Sp\u00e4therbst hinein viel Spa\u00df an Ihrer Terrasse haben werden. Terrassen\u00fcberdachungen erh\u00f6hen einfach den Wohlf\u00fchlfaktor. Und au\u00dferdem werden auch Ihre Gartenm\u00f6bel optimal vor schlechten Wettereinfl\u00fcssen bewahrt. Wer sich f\u00fcr eine Terrassen\u00fcberdachung aus Aluminium entscheidet, stellt eine g\u00fcnstige Wirkung auf den Wohnwert seines Geb\u00e4udes fest.<\/p>\n","protected":false},"excerpt":{"rendered":"<p>Terrassen\u00fcberdachungen aus Aluminium \u2013 wir beraten Sie! Terrassen\u00fcberdachungen aus Aluminium geben einem Haus einen ganz attaraktiven Reiz. Unter Terrassen\u00fcberdachungen sitzt man sicher und gem\u00fctlich und kann auch bei N\u00e4sse eine tolle Zeit im Freien verbringen. Terrassen\u00fcberdachungen sch\u00fctzen vor Regen und laden einfach zum Aufenthalt ein. Bescheren Sie Ihrem Wohnhaus das gewisse Etwas an Gem\u00fctlichkeit und [&hellip;]<\/p>\n","protected":false},"author":1,"featured_media":0,"parent":0,"menu_order":0,"comment_status":"closed","ping_status":"closed","template":"","meta":{"footnotes":""},"class_list":["post-4640","page","type-page","status-publish","hentry"],"meta_box":{"popseo_subtitel":"Kaduk Bauelemente ist Ihr Experte f\u00fcr Terrassen\u00fcberdachungen aus Aluminium im Raum Bienenb\u00fcttel","popseo_subtitel2":"Terrassen\u00fcberdachungen aus Aluminium - wir beraten Sie gerne!","popseo_lasttitel":"Terrassen\u00fcberdachungen aus Aluminium: Unsere Experten beantworten Ihre Fragen","popseo_region":"Bienenb\u00fcttel","popseo_sachwort":"Terrassen\u00fcberdachungen aus Aluminium","popseo_noupdate":"","popseo_einleitungstext":"<p>Wenn Sie mehr wissen m\u00f6chten, informieren wir Sie n\u00e4her \u00fcber unser Produkt- und Leistungsprogramm. Wir zeigen Ihnen mit Vergn\u00fcgen auch einige Referenzprojekte, die Ihnen einen Einblick in unsere T\u00e4tigkeit geben.<br \/>\nSchenken Sie uns Ihr Vertrauen. Rufen Sie uns doch rasch einmal an oder schreiben Sie uns eine kurze E-Mail. Wir freuen uns auf den Kontakt zu Ihnen.<\/p>","popseo_schlusstext":"<p>Sie ben\u00f6tigen einen Fachpartner f\u00fcr hochwertige Sicherheits- und Sonnenschutzl\u00f6sungen. Dann kontaktieren Sie uns bitte schnell. Wir freuen uns auf das Gespr\u00e4ch mit Ihnen. Wenn es um Bauelemente geht, sind wir Ihr qualifizierter Handels- und Handwerkspartner. Wir stehen f\u00fcr hochwertige Produkte und eine professionell durchgef\u00fchrte Arbeit nach dem stets aktuellsten Stand der Technik.<\/p>","popseo_stadttext":"<h3>Leben und Wohnen in Bienenb\u00fcttel<\/h3>\n<p>Bienenb\u00fcttel ist eine Einheitsgemeinde in der \u00f6stlichen L\u00fcneburger Heide. Juristisch z\u00e4hlt die Gemeinde zum Landkreis Uelzen. Bienenb\u00fcttel hat etwas weniger als 7.000 Einwohner und erstreckt sich \u00fcber ein Gesamtareal von rund 99 km\u00b2. Man erreicht man den Ort mit der Eisenbahn auf der Streckenverbindung Hannover-Hamburg und mit dem PKW \u00fcber die Bundesstra\u00dfe 4.<\/p>\n<p>Durch unsere Vertriebst\u00e4tigkeit haben wir uns einen ausgezeichneten \u00dcberblick \u00fcber die Stadtarchitektur der St\u00e4dte und Gemeinden unseres Einzugsbereiches erarbeiten k\u00f6nnen. Sie kommen aus Bienenb\u00fcttel und sind hier im Internet auf unsere Website gesto\u00dfen? Das finden wir klasse. Sehr gerne pr\u00e4sentieren wir Ihnen unser komplettes Leistungsspektrum und beantworten Ihre Fragen. Wir freuen uns darauf, mit Ihnen in Kontakt zu treten. <\/p>\n<h3>Gute Gr\u00fcnde sprechen f\u00fcr den Wohnort Bienenb\u00fcttel<\/h3>\n<p>Bienenb\u00fcttel ist eine Pendlergemeinde. Viele Einwohner arbeiten in der Gro\u00dfstadt Hamburg, in L\u00fcneburg oder Uelzen, sch\u00e4tzen jedoch Bienenb\u00fcttel als Wohnort und Lebensmittelpunkt. Der sympathische nieders\u00e4chsische Ort ist eine im Hier und Heute stehende und dynamische Gemeinde mit einer gef\u00e4lligen Baustruktur und attraktiven Wohnquartieren. Naturfreunde m\u00f6gen besonders die umliegenden Naherholungsgebiete der L\u00fcneburger Heide. Die die weitl\u00e4ufigen Naturareale laden zu intensiven Ausfl\u00fcgen ein.<\/p>\n<h4>Unsere Leistung f\u00fcr qualit\u00e4tsbewusste Kunden aus Bienenb\u00fcttel<\/h4>\n<p>Sie wohnen in Bienenb\u00fcttel oder Umgebung und interessieren sich f\u00fcr unser Leistungsangebot. Toll, dass Sie diese Website gefunden haben. F\u00fcr R\u00fcckfragen sind wir jederzeit f\u00fcr Sie da. Unser engagiertes Team freut sich auf Sie.<\/p>","popseo_zusatztext":"<h3>Sonnenschutz vom Fachbetrieb<\/h3>\n<p>Setzen Sie bei Sicherheit und Sonnenschutz auf alle F\u00e4lle auf die sachliche Leistung vom Fachbetrieb. Nur ein Fachbetrieb kennt die Tricks und Tipps, wie man zu einem \u00fcberzeugenden Ergebnis kommt. Um sich mit Fug und Recht Fachbetrieb nennen zu k\u00f6nnen, braucht es eine anerkannte Ausbildung der Mitarbeiter und eine jahrelange Berufserfahrung.  <\/p>\n<p>Unsere Firma empfiehlt sich als Ihr sachkundiger Fachbetrieb f\u00fcr Sonnenschutz und Sicherheit. Erreichen Sie Ihr Ziel und schenken Sie unserem Fachbetrieb Ihr Vertrauen. Wir bieten Ihnen z.B. hochqualitative Markisen und Rolll\u00e4den und legen allerh\u00f6chsten Wert auf einen sehr guten Service. Schon seit vielen Jahren sind wir sachkundiger Fachbetrieb f\u00fcr Terrassend\u00e4cher, Au\u00dfenjalousien, Rolll\u00e4den im Raum L\u00fcneburg. Es ist unser Bestreben, dass Sie \u00fcber lange Zeit viel Freude an Ihrem Sicht und Sonnenschutz haben. Von einem Fachbetrieb d\u00fcrfen Sie nat\u00fcrlich eine fehlerfreie Top-Leistung erwarten.<\/p>\n<h3>Ein Fachbetrieb wei\u00df Rat!<\/h3>\n<p>Als Fachbetrieb darf sich eine Firma bezeichnen, deren Angestellte \u00fcber nachweisbare Qualifikationen verf\u00fcgen. Dies ist beispielsweise eine entsprechende Ausbildung oder ein Meisterbrief. Au\u00dferdem zeichnet eine intensive praktische Erfahrung einen Fachbetrieb aus. Schon seit vielen Jahren konzentrieren wir uns als spezialisiertes Unternehmen auf Sonnenschutz und Sicherheit von Geb\u00e4uden. In diesen vielen Jahren haben wir uns die Bezeichnung Fachbetrieb fraglos verdient. Wir verarbeiten uneingeschr\u00e4nkt hochwertige Produkte. Dabei achten wir stets auf ein sehr gutes Preis-Leistungsverh\u00e4ltnis. Unser Credo als Fachbetrieb: Wir bieten Ihnen 1a-Leistung zu einem sehr guten Preis.<\/p>","popseo_links":"<a href=\"https:\/\/www.kaduk-bauelemente.de\/leistungen\/rolltore-bienenbuettel\/\">Rolltore Bienenb\u00fcttel<\/a>, <a href=\"https:\/\/www.kaduk-bauelemente.de\/leistungen\/aussenjalousien-maschen\/\">Au\u00dfenjalousien Maschen<\/a>, <a href=\"https:\/\/www.kaduk-bauelemente.de\/leistungen\/rollladen-bergedorf-wentorf\/\">Rollladen Bergedorf Wentorf<\/a>, <a href=\"https:\/\/www.kaduk-bauelemente.de\/leistungen\/markisen-amt-neuhaus\/\">Markisen Amt Neuhaus<\/a>, <a href=\"https:\/\/www.kaduk-bauelemente.de\/leistungen\/garagen-reppenstedt\/\">Garagen Reppenstedt<\/a>, <a href=\"https:\/\/www.kaduk-bauelemente.de\/leistungen\/markisen-bienenbuettel\/\">Markisen Bienenb\u00fcttel<\/a>, <a href=\"https:\/\/www.kaduk-bauelemente.de\/leistungen\/sektionaltore-amelinghausen\/\">Sektionaltore Amelinghausen<\/a>, <a href=\"https:\/\/www.kaduk-bauelemente.de\/leistungen\/haustueren-lueneburg\/\">Haust\u00fcren L\u00fcneburg<\/a>, <a href=\"https:\/\/www.kaduk-bauelemente.de\/leistungen\/haustueren-reinbek-glinde\/\">Haust\u00fcren Reinbek Glinde<\/a>, <a href=\"https:\/\/www.kaduk-bauelemente.de\/leistungen\/fliegengitter-herzogtum-lauenburg\/\">Fliegengitter Herzogtum Lauenburg<\/a>, <a href=\"https:\/\/www.kaduk-bauelemente.de\/leistungen\/carports-uelzen\/\">Carports Uelzen<\/a>, <a href=\"https:\/\/www.kaduk-bauelemente.de\/leistungen\/zaeune-seevetal-rosengarten\/\">Z\u00e4une Seevetal Rosengarten<\/a>, <a href=\"https:\/\/www.kaduk-bauelemente.de\/leistungen\/garagentore-herzogtum-lauenburg\/\">Garagentore Herzogtum Lauenburg<\/a>, <a href=\"https:\/\/www.kaduk-bauelemente.de\/leistungen\/kunststofffenster-harburg\/\">Kunststofffenster Harburg<\/a>, <a href=\"https:\/\/www.kaduk-bauelemente.de\/leistungen\/insektenschutz-adendorf\/\">Insektenschutz Adendorf<\/a>, <a href=\"https:\/\/www.kaduk-bauelemente.de\/leistungen\/garagen-adendorf\/\">Garagen Adendorf<\/a>, <a href=\"https:\/\/www.kaduk-bauelemente.de\/leistungen\/sektionaltore-bergedorf-wentorf\/\">Sektionaltore Bergedorf Wentorf<\/a>, <a href=\"https:\/\/www.kaduk-bauelemente.de\/leistungen\/markisen-bergedorf-wentorf\/\">Markisen Bergedorf Wentorf<\/a>, <a href=\"https:\/\/www.kaduk-bauelemente.de\/leistungen\/rollladen-salzhausen\/\">Rollladen Salzhausen<\/a>, <a href=\"https:\/\/www.kaduk-bauelemente.de\/leistungen\/raffstores-boizenburg\/\">Raffstores Boizenburg<\/a>, <a href=\"https:\/\/www.kaduk-bauelemente.de\/leistungen\/terrassendaecher-aus-holz-seevetal-rosengarten\/\">Terrassend\u00e4cher aus Holz Seevetal Rosengarten<\/a>, <a href=\"https:\/\/www.kaduk-bauelemente.de\/leistungen\/zaeune-boizenburg\/\">Z\u00e4une Boizenburg<\/a>, <a href=\"https:\/\/www.kaduk-bauelemente.de\/leistungen\/insektenschutz-tostedt-sittensen\/\">Insektenschutz Tostedt Sittensen<\/a>, <a href=\"https:\/\/www.kaduk-bauelemente.de\/leistungen\/holzfenster-tostedt-sittensen\/\">Holzfenster Tostedt Sittensen<\/a>, <a href=\"https:\/\/www.kaduk-bauelemente.de\/leistungen\/aussenjalousien-jesteburg\/\">Au\u00dfenjalousien Jesteburg<\/a>, <a href=\"https:\/\/www.kaduk-bauelemente.de\/leistungen\/rolltore-herzogtum-lauenburg\/\">Rolltore Herzogtum Lauenburg<\/a>, <a href=\"https:\/\/www.kaduk-bauelemente.de\/leistungen\/zaunbau-jesteburg\/\">Zaunbau Jesteburg<\/a>, <a href=\"https:\/\/www.kaduk-bauelemente.de\/leistungen\/zaunbau-herzogtum-lauenburg\/\">Zaunbau Herzogtum Lauenburg<\/a>"},"_links":{"self":[{"href":"https:\/\/www.kaduk-bauelemente.de\/leistungen\/wp-json\/wp\/v2\/pages\/4640","targetHints":{"allow":["GET"]}}],"collection":[{"href":"https:\/\/www.kaduk-bauelemente.de\/leistungen\/wp-json\/wp\/v2\/pages"}],"about":[{"href":"https:\/\/www.kaduk-bauelemente.de\/leistungen\/wp-json\/wp\/v2\/types\/page"}],"author":[{"embeddable":true,"href":"https:\/\/www.kaduk-bauelemente.de\/leistungen\/wp-json\/wp\/v2\/users\/1"}],"replies":[{"embeddable":true,"href":"https:\/\/www.kaduk-bauelemente.de\/leistungen\/wp-json\/wp\/v2\/comments?post=4640"}],"version-history":[{"count":0,"href":"https:\/\/www.kaduk-bauelemente.de\/leistungen\/wp-json\/wp\/v2\/pages\/4640\/revisions"}],"wp:attachment":[{"href":"https:\/\/www.kaduk-bauelemente.de\/leistungen\/wp-json\/wp\/v2\/media?parent=4640"}],"curies":[{"name":"wp","href":"https:\/\/api.w.org\/{rel}","templated":true}]}}