{"id":4636,"date":"2021-08-25T12:19:36","date_gmt":"2021-08-25T10:19:36","guid":{"rendered":"https:\/\/www.kaduk-bauelemente.de\/leistungen\/terrassenueberdachungen-aus-aluminium-amt-neuhaus\/"},"modified":"2021-08-25T12:19:36","modified_gmt":"2021-08-25T10:19:36","slug":"terrassenueberdachungen-aus-aluminium-amt-neuhaus","status":"publish","type":"page","link":"https:\/\/www.kaduk-bauelemente.de\/leistungen\/terrassenueberdachungen-aus-aluminium-amt-neuhaus\/","title":{"rendered":"Terrassen\u00fcberdachungen aus Aluminium &#8211; Amt Neuhaus"},"content":{"rendered":"<h3>Terrassen\u00fcberdachungen aus Aluminium \u2013 nutzbringend und attraktiv!<\/h3>\n<p>Terrassen\u00fcberdachungen aus Aluminium verleihen einem Geb\u00e4ude einen absolut attaraktiven Charme. Unter Terrassen\u00fcberdachungen sitzt man gesch\u00fctzt und komfortabel und kann auch bei schlechtem Wetter eine sch\u00f6ne Zeit Drau\u00dfen verbringen. Terrassen\u00fcberdachungen sch\u00fctzen vor Wind und Wetter und laden daher zum Aufenthalt ein. <\/p>\n<p>Verleihen Sie Ihrem Heim das gewisse Etwas an Gem\u00fctlichkeit und vertrauen Sie auf Terrassen\u00fcberdachungen vom Fachmann. Als erfahrenes Fachgesch\u00e4ft begeistern uns vor allem auch Terrassen\u00fcberdachungen aus Alu. Im Vergleich zu Anfertigungen aus Holz oder Stahl sind aus Aluminium produzierte Terrassen\u00fcberdachungen erheblich platzsparender und strapazierf\u00e4higer. Dennoch bieten Terrassen\u00fcberdachungen aus Aluminium grunds\u00e4tzlich auch ein gehobenes Ma\u00df an Behaglichkeit und Sicherheit. Je nach Gr\u00f6\u00dfe und Zustand der zu \u00fcberdachenden Au\u00dfenbereiche sind unterschiedliche Produkte erh\u00e4ltlich. Und je nach pers\u00f6nlichem Geschmack kann unter verschiedenen Ausf\u00fchrungen ausgew\u00e4hlt werden. <\/p>\n<h3>Terrassen\u00fcberdachungen aus Aluminium \u2013 besuchen Sie unsere Ausstellung!<\/h3>\n<p>Terrassen\u00fcberdachungen sind keineswegs nur ein einfacher Regenschutz. Sie werden erleben, dass Terrassen\u00fcberdachungen ein Grund f\u00fcr die h\u00e4ufigere Nutzung des Gartens sind. Wir d\u00fcrfen Ihnen schon heute vorhersagen, dass Sie bis in den Sp\u00e4therbst hinein sehr viel Spa\u00df an Ihrer Terrasse haben werden. Terrassen\u00fcberdachungen erh\u00f6hen schlichtweg die Wohnqualit\u00e4t. Und ganz nebenbei werden auch Ihre Gartenm\u00f6bel ideal vor schlechten Witterungseinfl\u00fcssen gesch\u00fctzt. Wer sich f\u00fcr eine Terrassen\u00fcberdachung aus Aluminium entscheidet, stellt eine positive Auswirkung auf den Wohnwert seines Wohnhauses fest.<\/p>\n","protected":false},"excerpt":{"rendered":"<p>Terrassen\u00fcberdachungen aus Aluminium \u2013 nutzbringend und attraktiv! Terrassen\u00fcberdachungen aus Aluminium verleihen einem Geb\u00e4ude einen absolut attaraktiven Charme. Unter Terrassen\u00fcberdachungen sitzt man gesch\u00fctzt und komfortabel und kann auch bei schlechtem Wetter eine sch\u00f6ne Zeit Drau\u00dfen verbringen. Terrassen\u00fcberdachungen sch\u00fctzen vor Wind und Wetter und laden daher zum Aufenthalt ein. Verleihen Sie Ihrem Heim das gewisse Etwas an [&hellip;]<\/p>\n","protected":false},"author":1,"featured_media":0,"parent":0,"menu_order":0,"comment_status":"closed","ping_status":"closed","template":"","meta":{"footnotes":""},"class_list":["post-4636","page","type-page","status-publish","hentry"],"meta_box":{"popseo_subtitel":"Kaduk Bauelemente ist Ihr Experte f\u00fcr Terrassen\u00fcberdachungen aus Aluminium in Amt Neuhaus","popseo_subtitel2":"Terrassen\u00fcberdachungen aus Aluminium - von den Spezialisten unserer Firma","popseo_lasttitel":"Terrassen\u00fcberdachungen aus Aluminium: Unsere Mitarbeiter beantworten gerne Ihre Fragen","popseo_region":"Amt Neuhaus","popseo_sachwort":"Terrassen\u00fcberdachungen aus Aluminium","popseo_noupdate":"","popseo_einleitungstext":"<p>Wenn es um Sonnenschutz und Sicherheit geht, sind Sie bei der Firma Kaduk genau an der richtigen Adresse. Seit Firmengr\u00fcndung sind wir Ihr lokaler Fachbetrieb f\u00fcr hochwertige Bauelemente. Zu unserem Produktangebot z\u00e4hlen beispielsweise Markisen, Rolltore, Terrassend\u00e4cher, T\u00fcren, Au\u00dfenjalousien, Fenster, Rolll\u00e4den und Carports. Unsere Fachleute erledigen Montage- und Reparaturarbeiten und zeigen Ihnen, wie Sie Ihre Immobilie mit modernen Bauelementen ausr\u00fcsten k\u00f6nnen. Im Folgenden haben wir erste Informationen f\u00fcr Sie zusammengestellt.<\/p>","popseo_schlusstext":"<p>Sehr gerne informieren wir Sie n\u00e4her \u00fcber unsere Produkte und unser Aufgabengebiet. Wir pr\u00e4sentieren Ihnen mit Vergn\u00fcgen auch einige Referenzprojekte, die Ihnen einen Einblick in unsere T\u00e4tigkeit geben.<br \/>\nSetzen Sie auf die Expertise eines erfahrenen Fachbetriebes. Rufen Sie uns doch rasch einmal an oder senden Sie uns eine kurze E-Mail. Wir freuen uns auf Sie.<\/p>","popseo_stadttext":"<h3>Unsere Leistung auch im Amt Neuhaus<\/h3>\n<p>Durch unsere Vertriebst\u00e4tigkeit haben wir uns einen guten \u00dcberblick \u00fcber die Stadtarchitektur der Gemeinden und St\u00e4dte unseres Einzugsbereiches erarbeiten k\u00f6nnen. Nat\u00fcrlich geh\u00f6rt auch das Amt Neuhaus zu unserem unmittelbaren Vertriebsgebiet. Sie kommen aus Haar, Dellien, Kaar\u00dfen, Neuhaus, Sumte, Stapel oder Tripkau und sind hier im World Wide Web auf unsere Website gesto\u00dfen? Das finden wir toll. Sehr gerne pr\u00e4sentieren wir Ihnen unser komplettes Leistungsspektrum und beantworten Ihre Fragen. Wir freuen uns darauf, mit Ihnen in Kontakt zu treten. <\/p>\n<h2>Einige interessante Informationen \u00fcber das Amt Neuhaus:<\/h2>\n<p>Das Amt Neuhaus geh\u00f6rt juristisch zum Landkreis L\u00fcneburg. Insgesamt leben knapp 5.000 Einwohner in der Region. Rund 237 Quadratkilometer umfasst das gesamte Gebiet. Das Amt Neuhaus \u00fcberzeugt durch eine gute Infrastruktur und ist verkehrstechnisch hervorragend angebunden. Aufgrund der bevorzugten Lage ist das Amt Neuhaus insbesondere bei Pendlern gesch\u00e4tzt. Sowohl L\u00fcneburg, Hamburg als auch Hannover sind schnell erreicht. Das gesamte Areal des Amtes zeichnet sich durch eine absolut bemerkenswerte Wohnqualit\u00e4t aus. Die besonders als Wohnstatt gefragte Ortschaften sind speziell auch f\u00fcr junge Familien mit Kindern die erste Wahl. Das Amt Neuhaus verbindet durch seine Lage auf eine nette Art und Weise urbanes Leben mit dem eher volkst\u00fcmlichen Flair eines Randbezirkes. F\u00fcr die Gr\u00f6\u00dfe des Amtes \u00fcberraschend viele Sport- und Freizeitm\u00f6glichkeiten sowie eine landschaftlich ansprechende Umgebung kennzeichnen die Region. Die Bebauungsausstruktur im Amt Neuhaus wird gepr\u00e4gt von einer h\u00fcbschen Einzelhausbebauung. <\/p>\n<h4>Privat- und Gesch\u00e4ftskunden aus dem Amt Neuhaus sch\u00e4tzen unsere Leistungen!<\/h4>\n<p>Sie kommen aus Haar, Dellien, Kaar\u00dfen, Neuhaus, Sumte, Stapel oder Tripkau, interessieren sich f\u00fcr unser Angebot und sind hier im World Wide Web auf unsere Website gesto\u00dfen? Das freut uns sehr. Sehr gerne pr\u00e4sentieren wir Ihnen unser gesamtes Angebotsspektrum und beantworten Ihre Fragen. Auf Ihre Anfragen freuen wir uns.<\/p>","popseo_zusatztext":"<h3>G\u00fcnstig und preiswert \u2013 Leistung vom Fachbetrieb<\/h3>\n<p>Bauelemente m\u00fcssen gehobenen Erwartungen standhalten. Gleichwohl darf es g\u00fcnstig und preiswert sein. Das muss absolut kein Gegensatz sein. <\/p>\n<p>Als Fachbetrieb f\u00fcr Sonnenschutz und Sicherheit verarbeiten wir ausnahmslos qualitativ hochwertige Erzeugnisse. Nichtsdestotrotz achten wir stets auf ein gutes Preis-Leistungsverh\u00e4ltnis. Wir m\u00f6chten Ihnen Qualit\u00e4t anbieten, die gleichzeitig auch g\u00fcnstig und preiswert ist. Geben Sie Ihrem Heim g\u00fcnstig und preiswert das gewisse Mehr an Qualit\u00e4t. Rolll\u00e4den und Markisen oder andere Sonnenschutzl\u00f6sungen sehen nicht nur h\u00fcbsch aus, sie leisten auch einen bedeutsamen Anteil zur W\u00e4rmed\u00e4mmung.  <\/p>\n<h3>G\u00fcnstig und preiswert ohne Abstriche bei der Qualit\u00e4t<\/h3>\n<p>D\u00fcrfen wir Sie informieren, wie Sie g\u00fcnstig und preiswert einen perfekten Sonnenschutz f\u00fcr Ihr Haus umsetzen? Prima, dann warten Sie bitte nicht und nehmen am besten gleich heute noch Verbindung mit uns auf. Ein kurzer Telefonanruf oder eine schnelle E-Mail gen\u00fcgen. Gerne beraten Sie unsere perfekt geschulten Fachleute \u00fcber die unterschiedlichen Optionen, wie Sie Ihr Heim g\u00fcnstig und preiswert mit Markisen und Rolll\u00e4den oder anderen Sonnenschutzprodukten ausstatten. Wir freuen uns auf den Austausch mit Ihnen. <\/p>\n<h4>G\u00fcnstig und preiswert \u2013 manchmal macht auch der Preis den Unterschied<\/h4>\n<p>Z\u00e4hlen Sie beim Thema Sonnenschutz und Sicherheit auf den Spezialisten. Nur ein Spezialbetrieb kennt die verschiedenen Optionen, wie Sie g\u00fcnstig und preiswert, zugleich qualitativ spitze einen optimalen Sonnenschutz erreichen. Qualit\u00e4tsbewusst, g\u00fcnstig und preiswert: Wir empfehlen uns als spezialisiertes Unternehmen im Norden. Unsere gro\u00dfe Erfahrung zeichnet uns aus.<\/p>","popseo_links":"<a href=\"https:\/\/www.kaduk-bauelemente.de\/leistungen\/garagentore-uelzen\/\">Garagentore Uelzen<\/a>, <a href=\"https:\/\/www.kaduk-bauelemente.de\/leistungen\/carports-jesteburg\/\">Carports Jesteburg<\/a>, <a href=\"https:\/\/www.kaduk-bauelemente.de\/leistungen\/holzfenster-bienenbuettel\/\">Holzfenster Bienenb\u00fcttel<\/a>, <a href=\"https:\/\/www.kaduk-bauelemente.de\/leistungen\/sektionaltore-bad-bevensen\/\">Sektionaltore Bad Bevensen<\/a>, <a href=\"https:\/\/www.kaduk-bauelemente.de\/leistungen\/garagentore-bispingen\/\">Garagentore Bispingen<\/a>, <a href=\"https:\/\/www.kaduk-bauelemente.de\/leistungen\/carports-uelzen\/\">Carports Uelzen<\/a>, <a href=\"https:\/\/www.kaduk-bauelemente.de\/leistungen\/garagen-harburg\/\">Garagen Harburg<\/a>, <a href=\"https:\/\/www.kaduk-bauelemente.de\/leistungen\/rolllaeden-geesthacht\/\">Rolll\u00e4den Geesthacht<\/a>, <a href=\"https:\/\/www.kaduk-bauelemente.de\/leistungen\/raffstores-boizenburg\/\">Raffstores Boizenburg<\/a>, <a href=\"https:\/\/www.kaduk-bauelemente.de\/leistungen\/zaeune-harburg\/\">Z\u00e4une Harburg<\/a>, <a href=\"https:\/\/www.kaduk-bauelemente.de\/leistungen\/zaunbau-amt-neuhaus\/\">Zaunbau Amt Neuhaus<\/a>, <a href=\"https:\/\/www.kaduk-bauelemente.de\/leistungen\/carports-tostedt-sittensen\/\">Carports Tostedt Sittensen<\/a>, <a href=\"https:\/\/www.kaduk-bauelemente.de\/leistungen\/kunststofffenster-maschen\/\">Kunststofffenster Maschen<\/a>, <a href=\"https:\/\/www.kaduk-bauelemente.de\/leistungen\/terrassenueberdachungen-aus-holz-seevetal-rosengarten\/\">Terrassen\u00fcberdachungen aus Holz Seevetal Rosengarten<\/a>, <a href=\"https:\/\/www.kaduk-bauelemente.de\/leistungen\/rolllaeden-bergedorf-wentorf\/\">Rolll\u00e4den Bergedorf Wentorf<\/a>, <a href=\"https:\/\/www.kaduk-bauelemente.de\/leistungen\/fenster-bispingen\/\">Fenster Bispingen<\/a>, <a href=\"https:\/\/www.kaduk-bauelemente.de\/leistungen\/terrassenueberdachungen-aus-holz-bad-bevensen\/\">Terrassen\u00fcberdachungen aus Holz Bad Bevensen<\/a>, <a href=\"https:\/\/www.kaduk-bauelemente.de\/leistungen\/tueren-bad-bevensen\/\">T\u00fcren Bad Bevensen<\/a>, <a href=\"https:\/\/www.kaduk-bauelemente.de\/leistungen\/rolllaeden-jesteburg\/\">Rolll\u00e4den Jesteburg<\/a>, <a href=\"https:\/\/www.kaduk-bauelemente.de\/leistungen\/garagentore-amelinghausen\/\">Garagentore Amelinghausen<\/a>, <a href=\"https:\/\/www.kaduk-bauelemente.de\/leistungen\/raffstores-adendorf\/\">Raffstores Adendorf<\/a>, <a href=\"https:\/\/www.kaduk-bauelemente.de\/leistungen\/fenster-reinbek-glinde\/\">Fenster Reinbek Glinde<\/a>, <a href=\"https:\/\/www.kaduk-bauelemente.de\/leistungen\/rolltore-schwarzenbek\/\">Rolltore Schwarzenbek<\/a>, <a href=\"https:\/\/www.kaduk-bauelemente.de\/leistungen\/zaunbau-bienenbuettel\/\">Zaunbau Bienenb\u00fcttel<\/a>, <a href=\"https:\/\/www.kaduk-bauelemente.de\/leistungen\/rollladen-buechen\/\">Rollladen B\u00fcchen<\/a>, <a href=\"https:\/\/www.kaduk-bauelemente.de\/leistungen\/carports-lueneburg\/\">Carports L\u00fcneburg<\/a>, <a href=\"https:\/\/www.kaduk-bauelemente.de\/leistungen\/rollladen-maschen\/\">Rollladen Maschen<\/a>, <a href=\"https:\/\/www.kaduk-bauelemente.de\/leistungen\/carports-geesthacht\/\">Carports Geesthacht<\/a>"},"_links":{"self":[{"href":"https:\/\/www.kaduk-bauelemente.de\/leistungen\/wp-json\/wp\/v2\/pages\/4636","targetHints":{"allow":["GET"]}}],"collection":[{"href":"https:\/\/www.kaduk-bauelemente.de\/leistungen\/wp-json\/wp\/v2\/pages"}],"about":[{"href":"https:\/\/www.kaduk-bauelemente.de\/leistungen\/wp-json\/wp\/v2\/types\/page"}],"author":[{"embeddable":true,"href":"https:\/\/www.kaduk-bauelemente.de\/leistungen\/wp-json\/wp\/v2\/users\/1"}],"replies":[{"embeddable":true,"href":"https:\/\/www.kaduk-bauelemente.de\/leistungen\/wp-json\/wp\/v2\/comments?post=4636"}],"version-history":[{"count":0,"href":"https:\/\/www.kaduk-bauelemente.de\/leistungen\/wp-json\/wp\/v2\/pages\/4636\/revisions"}],"wp:attachment":[{"href":"https:\/\/www.kaduk-bauelemente.de\/leistungen\/wp-json\/wp\/v2\/media?parent=4636"}],"curies":[{"name":"wp","href":"https:\/\/api.w.org\/{rel}","templated":true}]}}