{"id":4635,"date":"2021-08-25T12:19:36","date_gmt":"2021-08-25T10:19:36","guid":{"rendered":"https:\/\/www.kaduk-bauelemente.de\/leistungen\/terrassenueberdachungen-aus-aluminium-amelinghausen\/"},"modified":"2021-08-25T12:19:36","modified_gmt":"2021-08-25T10:19:36","slug":"terrassenueberdachungen-aus-aluminium-amelinghausen","status":"publish","type":"page","link":"https:\/\/www.kaduk-bauelemente.de\/leistungen\/terrassenueberdachungen-aus-aluminium-amelinghausen\/","title":{"rendered":"Terrassen\u00fcberdachungen aus Aluminium &#8211; Amelinghausen"},"content":{"rendered":"<h3>Terrassen\u00fcberdachungen aus Aluminium \u2013 wir beraten Sie!<\/h3>\n<p>Terrassen\u00fcberdachungen aus Aluminium geben einem Haus einen sehr attaraktiven Reiz. Unter Terrassen\u00fcberdachungen sitzt man gesch\u00fctzt und komfortabel und kann sogar bei regnerischem Wetter eine angenehme Zeit Drau\u00dfen verbringen. Terrassen\u00fcberdachungen helfen gegen Regen und laden daher zum Aufenthalt ein. <\/p>\n<p>Geben Sie Ihrem Heim Plus an Qualit\u00e4t und setzen Sie auf Terrassen\u00fcberdachungen vom Spezialisten. Als routiniertes Fachgesch\u00e4ft \u00fcberzeugen uns insbesodere auch Terrassen\u00fcberdachungen aus Alu. Im Gegensatz zu Ausf\u00fchrungen aus Holz oder Stahl sind aus Alu hergestellte Terrassen\u00fcberdachungen deutlich platzsparender und strapazierf\u00e4higer. Gleichwohl bieten Terrassen\u00fcberdachungen aus Alu grunds\u00e4tzlich auch ein gehobenes Ma\u00df an Gem\u00fctlichkeit und Schutz. Je nach Ausma\u00df und Gestalt der zu \u00fcberdachenden Au\u00dfenfl\u00e4chen sind unterschiedliche Produkte auf Lager. Und je nach individuellem Geschmack kann unter verschiedenen Konstruktionen gew\u00e4hlt werden. <\/p>\n<h3>Eine Terrassen\u00fcberdachung aus Aluminium f\u00fcr Ihre Immobilie<\/h3>\n<p>Terrassen\u00fcberdachungen sind auf keinen Fall nur ein simpler Regenschutz. Sie werden sehen, dass Terrassen\u00fcberdachungen ein Hauptgrund f\u00fcr die h\u00e4ufigere Nutzung der Gartenanlage sind. Wir k\u00f6nnen Ihnen schon heute garantieren, dass Sie bis in den Herbst hinein sehr viel Spa\u00df an Ihrer Terrasse haben werden. Terrassen\u00fcberdachungen erh\u00f6hen schlichtweg die Wohnqualit\u00e4t. Und au\u00dferdem werden auch Ihre Gartenm\u00f6bel ideal vor schlechten Wetterbedingungen bewahrt. Wer sich f\u00fcr eine Terrassen\u00fcberdachung aus Aluminium entscheidet, stellt eine positive Auswirkung auf den Wohnwert seines Geb\u00e4udes fest.<\/p>\n","protected":false},"excerpt":{"rendered":"<p>Terrassen\u00fcberdachungen aus Aluminium \u2013 wir beraten Sie! Terrassen\u00fcberdachungen aus Aluminium geben einem Haus einen sehr attaraktiven Reiz. Unter Terrassen\u00fcberdachungen sitzt man gesch\u00fctzt und komfortabel und kann sogar bei regnerischem Wetter eine angenehme Zeit Drau\u00dfen verbringen. Terrassen\u00fcberdachungen helfen gegen Regen und laden daher zum Aufenthalt ein. Geben Sie Ihrem Heim Plus an Qualit\u00e4t und setzen Sie [&hellip;]<\/p>\n","protected":false},"author":1,"featured_media":0,"parent":0,"menu_order":0,"comment_status":"closed","ping_status":"closed","template":"","meta":{"footnotes":""},"class_list":["post-4635","page","type-page","status-publish","hentry"],"meta_box":{"popseo_subtitel":"Kaduk Bauelemente ist Ihr erfahrener Experte f\u00fcr Terrassen\u00fcberdachungen aus Aluminium im Raum Amelinghausen","popseo_subtitel2":"Terrassen\u00fcberdachungen aus Aluminium - setzen Sie auf unsere Erfahrung","popseo_lasttitel":"Terrassen\u00fcberdachungen aus Aluminium: D\u00fcrfen wir Ihre Fragen beantworten?","popseo_region":"Amelinghausen","popseo_sachwort":"Terrassen\u00fcberdachungen aus Aluminium","popseo_noupdate":"","popseo_einleitungstext":"<p>Wenn es um Sicherheit und Sonnenschutz geht, sind Sie bei der Firma Dirk Kaduk Bauelemte exakt an der richtigen Adresse. Seit Unternehmensgr\u00fcndung sind wir Ihre lokalen Experten f\u00fcr qualitativ hochwertige Bauelemente. Zu unserem Produktangebot z\u00e4hlen beispielsweise Markisen, Terrassend\u00e4cher, Rolltore, Fenster, Au\u00dfenjalousien, T\u00fcren, Rolll\u00e4den und Carports. Wir erledigen Montage- und Reparaturarbeiten und zeigen Ihnen Wege auf, wie Sie Ihre Immobilie mit modernen Bauelementen ausstatten k\u00f6nnen. Im Folgenden haben wir einige erste Informationen f\u00fcr Sie notiert.<\/p>","popseo_schlusstext":"<p>Sehr gerne informieren wir Sie n\u00e4her \u00fcber unser Produkt- und Leistungsprogramm. Wir zeigen Ihnen mit Vergn\u00fcgen auch einige Referenzen, die Ihnen einen Einblick in unsere Unternehmenst\u00e4tigkeit geben.<br \/>\nVertrauen Sie auf das Urteil eines erfahrenen Fachbetriebes. Rufen Sie uns doch einfach einmal an oder schicken Sie uns eine schnelle E-Mail. Wir freuen uns auf Sie.<\/p>","popseo_stadttext":"<h3>Wir freuen uns \u00fcber Anfragen aus Amelinghausen<\/h3>\n<p>Durch unsere T\u00e4tigkeit haben wir uns einen sehr guten \u00dcberblick \u00fcber die Architektur der Gemeinden und St\u00e4dte unseres Vertriebsgebietes erarbeiten k\u00f6nnen. Unser Gesch\u00e4ftsbereich umfasst nat\u00fcrlich auch Amelinghausen. Wir f\u00fchlen uns der Region verpflichtet und sind stolz darauf auch einen Teil zur guten Infrastruktur der Gemeinde beizusteuern zu d\u00fcrfen.  <\/p>\n<p><h3>Einige Informationen zur Samtgemeinde Amelinghausen<\/h3><br \/>\nAmelinghausen befindet sich in der L\u00fcneburger Heide. Ann\u00e4hernd 4.000 Einwohner leben in Amelinghausen auf einem Areal von cirka 16 Quadratkilometern. In den Ort gelangt man mit dem Auto \u00fcber die Bundesstra\u00dfe 209. Das Umfeld ist ideal f\u00fcr Ausfl\u00fcge ins Gr\u00fcne. Die Bebauungsstruktur in der Region ist \u00fcberwiegend gekennzeichnet von einer h\u00fcbschen Einzelhausbebauung. Insbesondere junge Familien genie\u00dfen das Leben in Amelinghausen. Die N\u00e4he zur Stadt L\u00fcneburg mit hervorragenden Verkehrverbindungen und Freizeitangeboten machen den Ort Amelinghausen so lebenswert.<br \/>\nDie Gemeinde ist Verwaltungssitz der Samtgemeinde Amelinghausen, einer Vereinigung von f\u00fcnf kleineren Orten. Dies sind neben Amelinghausen selbst die Gemeinden Oldendorf (Luhe), Betzendorf, Soderstorf und Rehlingen. Die Samtgemeinde z\u00e4hlt in Summe knapp 8.000 B\u00fcrger und erstreckt sich \u00fcber ein Areal von etwas mehr als 194 Quadratkilometern.<\/p>\n<h4>Unsere Leistung f\u00fcr qualit\u00e4tsbewusste Kunden aus Amelinghausen<\/h4>\n<p>Sie wohnen in Amelinghausen, Betzendorf, Oldendorf (Luhe), Soderstorf oder Rehlingen und interessieren sich f\u00fcr unser Leistungsangebot. Toll, dass Sie diese Website gefunden haben. F\u00fcr R\u00fcckfragen sind wir jederzeit f\u00fcr Sie da. Unser freundliches Team freut sich auf Sie.<\/p>","popseo_zusatztext":"<h3>G\u00fcnstig und preiswert \u2013 darauf d\u00fcrfen Sie setzen<\/h3>\n<p>Bauelemente m\u00fcssen h\u00f6chsten Erwartungen gerecht werden. Nichtsdestrotrotz darf es g\u00fcnstig und preiswert sein. Das muss absolut kein Gegensatz sein. <\/p>\n<p>Als Fachbetrieb f\u00fcr Sonnenschutz und Sicherheit verwenden wir ausschlie\u00dflich hochwertige Erzeugnisse. Gleichwohl achten wir immer auf ein angemessenes Preis-Leistungsverh\u00e4ltnis. Wir m\u00f6chten Ihnen Spitzenqualit\u00e4t bieten, die trotzdem auch g\u00fcnstig und preiswert ist. Verleihen Sie Ihrem Heim g\u00fcnstig und preiswert das besondere Mehr an Qualit\u00e4t. Markisen und Rolll\u00e4den oder andere Sonnenschutzl\u00f6sungen sehen nicht nur schick aus, sie leisten auch einen bedeutenden Beitrag zur W\u00e4rmed\u00e4mmung.  <\/p>\n<h3>G\u00fcnstig und preiswert \u2013 trotzdem individuell und schick<\/h3>\n<p>D\u00fcrfen wir Sie beraten, wie Sie g\u00fcnstig und preiswert einen optimalen Sonnenschutz f\u00fcr Ihr Zuhause realisieren? Klasse, dann warten Sie bitte nicht und nehmen am besten gleich heute noch Verbindung mit uns auf. Ein kurzer Telefonanruf oder eine kurze Email gen\u00fcgen. Mit Vergn\u00fcgen beraten Sie unsere gut geschulten Fachleute \u00fcber die diversen M\u00f6glichkeiten, wie Sie Ihr Haus g\u00fcnstig und preiswert mit Markisen und Rolll\u00e4den oder anderen Sonnenschutzprodukten ausstatten. Wir freuen uns auf den Austausch mit Ihnen. <\/p>\n<h4>Top-Qualit\u00e4t g\u00fcnstig und preiswert<\/h4>\n<p>Vertrauen Sie beim Thema Sonnenschutz und Sicherheit auf den Experten. Nur ein Spezialbetrieb kennt die unterschiedlichen Optionen, wie Sie g\u00fcnstig und preiswert, trotzdem qualitativ h\u00f6herwertig einen tadellosen Sonnenschutz erreichen. Qualit\u00e4tsbewusst, g\u00fcnstig und preiswert: Wir empfehlen uns als spezialisiertes Fachunternehmen im norddeutschen Gebiet. Unsere gro\u00dfe Erfahrung zeichnet uns aus.<\/p>","popseo_links":"<a href=\"https:\/\/www.kaduk-bauelemente.de\/leistungen\/zaeune-maschen\/\">Z\u00e4une Maschen<\/a>, <a href=\"https:\/\/www.kaduk-bauelemente.de\/leistungen\/aussenjalousien-bispingen\/\">Au\u00dfenjalousien Bispingen<\/a>, <a href=\"https:\/\/www.kaduk-bauelemente.de\/leistungen\/raffstores-lueneburg\/\">Raffstores L\u00fcneburg<\/a>, <a href=\"https:\/\/www.kaduk-bauelemente.de\/leistungen\/rolltore-geesthacht\/\">Rolltore Geesthacht<\/a>, <a href=\"https:\/\/www.kaduk-bauelemente.de\/leistungen\/fenster-seevetal-rosengarten\/\">Fenster Seevetal Rosengarten<\/a>, <a href=\"https:\/\/www.kaduk-bauelemente.de\/leistungen\/haustueren-bad-bevensen\/\">Haust\u00fcren Bad Bevensen<\/a>, <a href=\"https:\/\/www.kaduk-bauelemente.de\/leistungen\/sektionaltore-buchholz\/\">Sektionaltore Buchholz<\/a>, <a href=\"https:\/\/www.kaduk-bauelemente.de\/leistungen\/rolltore-uelzen\/\">Rolltore Uelzen<\/a>, <a href=\"https:\/\/www.kaduk-bauelemente.de\/leistungen\/zaeune-ebstorf\/\">Z\u00e4une Ebstorf<\/a>, <a href=\"https:\/\/www.kaduk-bauelemente.de\/leistungen\/rollladen-winsen-luhe\/\">Rollladen Winsen Luhe<\/a>, <a href=\"https:\/\/www.kaduk-bauelemente.de\/leistungen\/fenster-amelinghausen\/\">Fenster Amelinghausen<\/a>, <a href=\"https:\/\/www.kaduk-bauelemente.de\/leistungen\/zaunbau-maschen\/\">Zaunbau Maschen<\/a>, <a href=\"https:\/\/www.kaduk-bauelemente.de\/leistungen\/zaeune-reinbek-glinde\/\">Z\u00e4une Reinbek Glinde<\/a>, <a href=\"https:\/\/www.kaduk-bauelemente.de\/leistungen\/kunststofffenster-schwarzenbek\/\">Kunststofffenster Schwarzenbek<\/a>, <a href=\"https:\/\/www.kaduk-bauelemente.de\/leistungen\/zaeune-amelinghausen\/\">Z\u00e4une Amelinghausen<\/a>, <a href=\"https:\/\/www.kaduk-bauelemente.de\/leistungen\/holzfenster-bardowick\/\">Holzfenster Bardowick<\/a>, <a href=\"https:\/\/www.kaduk-bauelemente.de\/leistungen\/holzfenster-tostedt-sittensen\/\">Holzfenster Tostedt Sittensen<\/a>, <a href=\"https:\/\/www.kaduk-bauelemente.de\/leistungen\/holzfenster-salzhausen\/\">Holzfenster Salzhausen<\/a>, <a href=\"https:\/\/www.kaduk-bauelemente.de\/leistungen\/haustueren-reppenstedt\/\">Haust\u00fcren Reppenstedt<\/a>, <a href=\"https:\/\/www.kaduk-bauelemente.de\/leistungen\/insektenschutz-stelle\/\">Insektenschutz Stelle<\/a>, <a href=\"https:\/\/www.kaduk-bauelemente.de\/leistungen\/rolllaeden-ebstorf\/\">Rolll\u00e4den Ebstorf<\/a>, <a href=\"https:\/\/www.kaduk-bauelemente.de\/leistungen\/rolllaeden-lueneburg\/\">Rolll\u00e4den L\u00fcneburg<\/a>, <a href=\"https:\/\/www.kaduk-bauelemente.de\/leistungen\/tueren-bardowick\/\">T\u00fcren Bardowick<\/a>, <a href=\"https:\/\/www.kaduk-bauelemente.de\/leistungen\/terrassenueberdachungen-aus-aluminium-buchholz\/\">Terrassen\u00fcberdachungen aus Aluminium Buchholz<\/a>, <a href=\"https:\/\/www.kaduk-bauelemente.de\/leistungen\/rolltore-ebstorf\/\">Rolltore Ebstorf<\/a>, <a href=\"https:\/\/www.kaduk-bauelemente.de\/leistungen\/garagentore-bispingen\/\">Garagentore Bispingen<\/a>, <a href=\"https:\/\/www.kaduk-bauelemente.de\/leistungen\/zaeune-boizenburg\/\">Z\u00e4une Boizenburg<\/a>, <a href=\"https:\/\/www.kaduk-bauelemente.de\/leistungen\/haustueren-buechen\/\">Haust\u00fcren B\u00fcchen<\/a>"},"_links":{"self":[{"href":"https:\/\/www.kaduk-bauelemente.de\/leistungen\/wp-json\/wp\/v2\/pages\/4635","targetHints":{"allow":["GET"]}}],"collection":[{"href":"https:\/\/www.kaduk-bauelemente.de\/leistungen\/wp-json\/wp\/v2\/pages"}],"about":[{"href":"https:\/\/www.kaduk-bauelemente.de\/leistungen\/wp-json\/wp\/v2\/types\/page"}],"author":[{"embeddable":true,"href":"https:\/\/www.kaduk-bauelemente.de\/leistungen\/wp-json\/wp\/v2\/users\/1"}],"replies":[{"embeddable":true,"href":"https:\/\/www.kaduk-bauelemente.de\/leistungen\/wp-json\/wp\/v2\/comments?post=4635"}],"version-history":[{"count":0,"href":"https:\/\/www.kaduk-bauelemente.de\/leistungen\/wp-json\/wp\/v2\/pages\/4635\/revisions"}],"wp:attachment":[{"href":"https:\/\/www.kaduk-bauelemente.de\/leistungen\/wp-json\/wp\/v2\/media?parent=4635"}],"curies":[{"name":"wp","href":"https:\/\/api.w.org\/{rel}","templated":true}]}}